{"id":53997,"date":"2024-05-09T13:33:50","date_gmt":"2024-05-09T10:33:50","guid":{"rendered":"https:\/\/gohike.lv\/produkts\/naturehike-vienvietigs-piepusamais-matracis-ar-iebuvetu-sukni\/"},"modified":"2025-12-30T17:24:40","modified_gmt":"2025-12-30T14:24:40","slug":"naturehike-vienvietigs-piepusamais-matracis-ar-iebuvetu-sukni","status":"publish","type":"product","link":"https:\/\/gohike.lv\/ru\/produkts\/naturehike-vienvietigs-piepusamais-matracis-ar-iebuvetu-sukni\/","title":{"rendered":"Naturehike &#8212; Vienviet\u012bgs piep\u016b\u0161amais matracis ar ieb\u016bv\u0113tu s\u016bkni"},"content":{"rendered":"<p>Vienviet\u012bgs piep\u016b\u0161amais matracis ar pagalvi un ieb\u016bv\u0113tu s\u016bkni.<br \/>\nTam ir ieb\u016bv\u0113ts s\u016bknis, kas t\u0101 ekspluat\u0101ciju padara maksim\u0101li vienk\u0101r\u0161u un komfortablu.<br \/>\nMatra\u010da sagatavo\u0161ana lieto\u0161anai aiz\u0146em tikai 3 min\u016btes.<br \/>\nMatracis ir viegli transport\u0113jams.<br \/>\nSaloc\u012bt\u0101 veid\u0101 tas aiz\u0146em tikai 40 x 45 cm, t\u0101p\u0113c ir ne tikai viegli ievietojams automa\u0161\u012bnas bag\u0101\u017eniek\u0101, bet ar\u012b jebkur\u0101 p\u0101rg\u0101jiena mugursom\u0101.<br \/>\nMatracis ir iepakots speci\u0101l\u0101 p\u0101rvalk\u0101.<br \/>\nMatracis izgatavots no kvalitat\u012bviem materi\u0101liem.<br \/>\nPiep\u016b\u0161amais matracis ir izgatavots no PVC, t\u0101p\u0113c uz t\u0101 var gul\u0113t bez segas.<\/p>\n","protected":false},"excerpt":{"rendered":"<p>Vienviet\u012bgs piep\u016b\u0161amais matracis ar galvas balstu un ieb\u016bv\u0113tu s\u016bkni.<\/p>\n","protected":false},"featured_media":27462,"template":"","meta":[],"product_brand":[167],"product_cat":[2826],"product_tag":[],"class_list":{"0":"post-53997","1":"product","2":"type-product","3":"status-publish","4":"has-post-thumbnail","6":"product_brand-naturehike-lv","7":"product_cat-piepusamie-matraci","8":"pa_izmeriscm-9972","9":"pa_izturiba-150kg","10":"pa_materiali-flokets-pvc","11":"pa_produkta-tips-piepusamie-matraci","12":"pa_saliktas-preces-izmerscm-8776","13":"pa_spalva-haki","15":"first","16":"instock","17":"taxable","18":"shipping-taxable","19":"purchasable","20":"product-type-simple"},"raw_content":{"name":"Naturehike - Vienviet\u012bgs piep\u016b\u0161amais matracis ar ieb\u016bv\u0113tu s\u016bkni","description":"Vienviet\u012bgs piep\u016b\u0161amais matracis ar pagalvi un ieb\u016bv\u0113tu s\u016bkni.\nTam ir ieb\u016bv\u0113ts s\u016bknis, kas t\u0101 ekspluat\u0101ciju padara maksim\u0101li vienk\u0101r\u0161u un komfortablu.\nMatra\u010da sagatavo\u0161ana lieto\u0161anai aiz\u0146em tikai 3 min\u016btes.\nMatracis ir viegli transport\u0113jams.\nSaloc\u012bt\u0101 veid\u0101 tas aiz\u0146em tikai 40 x 45 cm, t\u0101p\u0113c ir ne tikai viegli ievietojams automa\u0161\u012bnas bag\u0101\u017eniek\u0101, bet ar\u012b jebkur\u0101 p\u0101rg\u0101jiena mugursom\u0101.\nMatracis ir iepakots speci\u0101l\u0101 p\u0101rvalk\u0101.\nMatracis izgatavots no kvalitat\u012bviem materi\u0101liem.\nPiep\u016b\u0161amais matracis ir izgatavots no PVC, t\u0101p\u0113c uz t\u0101 var gul\u0113t bez segas.","short_description":"Vienviet\u012bgs piep\u016b\u0161amais matracis ar galvas balstu un ieb\u016bv\u0113tu s\u016bkni.","status":"publish","sku":"6975641885450","original":53997},"wpml":{"translation_type":1,"has_translations":true,"original":53997,"duplicates":[],"translations":{"lv":53997,"en":67868,"ru":null}},"supplier_id":null,"supplier_sku":"","barcode":null,"atum_controlled":true,"out_stock_date":null,"out_stock_threshold":null,"inheritable":false,"inbound_stock":null,"stock_on_hold":0,"sold_today":0,"sales_last_days":0,"reserved_stock":null,"customer_returns":null,"warehouse_damage":null,"lost_in_post":null,"other_logs":null,"out_stock_days":0,"lost_sales":0,"has_location":null,"update_date":"2025-12-30T14:30:37","atum_locations":[],"atum_stock_status":"instock","restock_status":false,"low_stock_amount":"","sales_update_date":"2025-11-13T14:07:51","calc_backorders":null,"yoast_head":"<!-- This site is optimized with the Yoast SEO plugin v27.3 - https:\/\/yoast.com\/product\/yoast-seo-wordpress\/ -->\n<title>Naturehike - Piep\u016b\u0161amais matracis<\/title>\n<meta name=\"description\" content=\"Vienviet\u012bgs piep\u016b\u0161amais matracis ar galvas balstu un ieb\u016bv\u0113tu s\u016bkni.\" \/>\n<meta name=\"robots\" content=\"index, follow, max-snippet:-1, max-image-preview:large, max-video-preview:-1\" \/>\n<link rel=\"canonical\" href=\"https:\/\/gohike.lv\/ru\/produkts\/naturehike-vienvietigs-piepusamais-matracis-ar-iebuvetu-sukni\/\" \/>\n<meta property=\"og:locale\" content=\"ru_RU\" \/>\n<meta property=\"og:type\" content=\"article\" \/>\n<meta property=\"og:title\" content=\"Naturehike - Piep\u016b\u0161amais matracis\" \/>\n<meta property=\"og:description\" content=\"Vienviet\u012bgs piep\u016b\u0161amais matracis ar galvas balstu un ieb\u016bv\u0113tu s\u016bkni.\" \/>\n<meta property=\"og:url\" content=\"https:\/\/gohike.lv\/ru\/produkts\/naturehike-vienvietigs-piepusamais-matracis-ar-iebuvetu-sukni\/\" \/>\n<meta property=\"og:site_name\" content=\"GoHike\" \/>\n<meta property=\"article:publisher\" content=\"https:\/\/www.facebook.com\/gohike.shop\/\" \/>\n<meta property=\"article:modified_time\" content=\"2025-12-30T14:24:40+00:00\" \/>\n<meta property=\"og:image\" content=\"https:\/\/gohike.lv\/wp-content\/uploads\/2024\/04\/Lanyue_-1.jpg\" \/>\n\t<meta property=\"og:image:width\" content=\"430\" \/>\n\t<meta property=\"og:image:height\" content=\"430\" \/>\n\t<meta property=\"og:image:type\" content=\"image\/jpeg\" \/>\n<meta name=\"twitter:card\" content=\"summary_large_image\" \/>\n<meta name=\"twitter:title\" content=\"Naturehike - Piep\u016b\u0161amais matracis\" \/>\n<meta name=\"twitter:label1\" content=\"\u041f\u0440\u0438\u043c\u0435\u0440\u043d\u043e\u0435 \u0432\u0440\u0435\u043c\u044f \u0434\u043b\u044f \u0447\u0442\u0435\u043d\u0438\u044f\" \/>\n\t<meta name=\"twitter:data1\" content=\"1 \u043c\u0438\u043d\u0443\u0442\u0430\" \/>\n<script type=\"application\/ld+json\" class=\"yoast-schema-graph\">{\"@context\":\"https:\\\/\\\/schema.org\",\"@graph\":[{\"@type\":[\"WebPage\",\"ItemPage\"],\"@id\":\"https:\\\/\\\/gohike.lv\\\/ru\\\/produkts\\\/naturehike-vienvietigs-piepusamais-matracis-ar-iebuvetu-sukni\\\/\",\"url\":\"https:\\\/\\\/gohike.lv\\\/ru\\\/produkts\\\/naturehike-vienvietigs-piepusamais-matracis-ar-iebuvetu-sukni\\\/\",\"name\":\"Naturehike - Piep\u016b\u0161amais matracis\",\"isPartOf\":{\"@id\":\"https:\\\/\\\/gohike.lv\\\/ru\\\/#website\"},\"primaryImageOfPage\":{\"@id\":\"https:\\\/\\\/gohike.lv\\\/ru\\\/produkts\\\/naturehike-vienvietigs-piepusamais-matracis-ar-iebuvetu-sukni\\\/#primaryimage\"},\"image\":{\"@id\":\"https:\\\/\\\/gohike.lv\\\/ru\\\/produkts\\\/naturehike-vienvietigs-piepusamais-matracis-ar-iebuvetu-sukni\\\/#primaryimage\"},\"thumbnailUrl\":\"https:\\\/\\\/gohike.lv\\\/wp-content\\\/uploads\\\/2024\\\/04\\\/Lanyue_-1.jpg\",\"datePublished\":\"2024-05-09T10:33:50+00:00\",\"dateModified\":\"2025-12-30T14:24:40+00:00\",\"description\":\"Vienviet\u012bgs piep\u016b\u0161amais matracis ar galvas balstu un ieb\u016bv\u0113tu s\u016bkni.\",\"breadcrumb\":{\"@id\":\"https:\\\/\\\/gohike.lv\\\/ru\\\/produkts\\\/naturehike-vienvietigs-piepusamais-matracis-ar-iebuvetu-sukni\\\/#breadcrumb\"},\"inLanguage\":\"ru-RU\",\"potentialAction\":[{\"@type\":\"ReadAction\",\"target\":[\"https:\\\/\\\/gohike.lv\\\/ru\\\/produkts\\\/naturehike-vienvietigs-piepusamais-matracis-ar-iebuvetu-sukni\\\/\"]}]},{\"@type\":\"ImageObject\",\"inLanguage\":\"ru-RU\",\"@id\":\"https:\\\/\\\/gohike.lv\\\/ru\\\/produkts\\\/naturehike-vienvietigs-piepusamais-matracis-ar-iebuvetu-sukni\\\/#primaryimage\",\"url\":\"https:\\\/\\\/gohike.lv\\\/wp-content\\\/uploads\\\/2024\\\/04\\\/Lanyue_-1.jpg\",\"contentUrl\":\"https:\\\/\\\/gohike.lv\\\/wp-content\\\/uploads\\\/2024\\\/04\\\/Lanyue_-1.jpg\",\"width\":430,\"height\":430},{\"@type\":\"BreadcrumbList\",\"@id\":\"https:\\\/\\\/gohike.lv\\\/ru\\\/produkts\\\/naturehike-vienvietigs-piepusamais-matracis-ar-iebuvetu-sukni\\\/#breadcrumb\",\"itemListElement\":[{\"@type\":\"ListItem\",\"position\":1,\"name\":\"\u0413\u043b\u0430\u0432\u043d\u0430\u044f\",\"item\":\"https:\\\/\\\/gohike.lv\\\/ru\\\/\"},{\"@type\":\"ListItem\",\"position\":2,\"name\":\"\u041a\u0430\u0442\u0435\u0433\u043e\u0440\u0438\u0438 \u0442\u043e\u0432\u0430\u0440\u043e\u0432\",\"item\":\"https:\\\/\\\/gohike.lv\\\/%d0%ba%d0%b0%d1%82%d0%b5%d0%b3%d0%be%d1%80%d0%b8%d0%b8-%d1%82%d0%be%d0%b2%d0%b0%d1%80%d0%be%d0%b2\\\/\"},{\"@type\":\"ListItem\",\"position\":3,\"name\":\"Naturehike &#8211; Vienviet\u012bgs piep\u016b\u0161amais matracis ar ieb\u016bv\u0113tu s\u016bkni\"}]},{\"@type\":\"WebSite\",\"@id\":\"https:\\\/\\\/gohike.lv\\\/ru\\\/#website\",\"url\":\"https:\\\/\\\/gohike.lv\\\/ru\\\/\",\"name\":\"GoHike\",\"description\":\"\",\"publisher\":{\"@id\":\"https:\\\/\\\/gohike.lv\\\/ru\\\/#organization\"},\"potentialAction\":[{\"@type\":\"SearchAction\",\"target\":{\"@type\":\"EntryPoint\",\"urlTemplate\":\"https:\\\/\\\/gohike.lv\\\/ru\\\/?s={search_term_string}\"},\"query-input\":{\"@type\":\"PropertyValueSpecification\",\"valueRequired\":true,\"valueName\":\"search_term_string\"}}],\"inLanguage\":\"ru-RU\"},{\"@type\":\"Organization\",\"@id\":\"https:\\\/\\\/gohike.lv\\\/ru\\\/#organization\",\"name\":\"GoHike\",\"url\":\"https:\\\/\\\/gohike.lv\\\/ru\\\/\",\"logo\":{\"@type\":\"ImageObject\",\"inLanguage\":\"ru-RU\",\"@id\":\"https:\\\/\\\/gohike.lv\\\/ru\\\/#\\\/schema\\\/logo\\\/image\\\/\",\"url\":\"https:\\\/\\\/gohike.lv\\\/wp-content\\\/uploads\\\/2023\\\/08\\\/Logo_GoHike.webp\",\"contentUrl\":\"https:\\\/\\\/gohike.lv\\\/wp-content\\\/uploads\\\/2023\\\/08\\\/Logo_GoHike.webp\",\"width\":512,\"height\":512,\"caption\":\"GoHike\"},\"image\":{\"@id\":\"https:\\\/\\\/gohike.lv\\\/ru\\\/#\\\/schema\\\/logo\\\/image\\\/\"},\"sameAs\":[\"https:\\\/\\\/www.facebook.com\\\/gohike.shop\\\/\",\"https:\\\/\\\/www.instagram.com\\\/gohike.shop\\\/\"]}]}<\/script>\n<!-- \/ Yoast SEO plugin. -->","yoast_head_json":{"title":"Naturehike - Piep\u016b\u0161amais matracis","description":"Vienviet\u012bgs piep\u016b\u0161amais matracis ar galvas balstu un ieb\u016bv\u0113tu s\u016bkni.","robots":{"index":"index","follow":"follow","max-snippet":"max-snippet:-1","max-image-preview":"max-image-preview:large","max-video-preview":"max-video-preview:-1"},"canonical":"https:\/\/gohike.lv\/ru\/produkts\/naturehike-vienvietigs-piepusamais-matracis-ar-iebuvetu-sukni\/","og_locale":"ru_RU","og_type":"article","og_title":"Naturehike - Piep\u016b\u0161amais matracis","og_description":"Vienviet\u012bgs piep\u016b\u0161amais matracis ar galvas balstu un ieb\u016bv\u0113tu s\u016bkni.","og_url":"https:\/\/gohike.lv\/ru\/produkts\/naturehike-vienvietigs-piepusamais-matracis-ar-iebuvetu-sukni\/","og_site_name":"GoHike","article_publisher":"https:\/\/www.facebook.com\/gohike.shop\/","article_modified_time":"2025-12-30T14:24:40+00:00","og_image":[{"width":430,"height":430,"url":"https:\/\/gohike.lv\/wp-content\/uploads\/2024\/04\/Lanyue_-1.jpg","type":"image\/jpeg"}],"twitter_card":"summary_large_image","twitter_title":"Naturehike - Piep\u016b\u0161amais matracis","twitter_misc":{"\u041f\u0440\u0438\u043c\u0435\u0440\u043d\u043e\u0435 \u0432\u0440\u0435\u043c\u044f \u0434\u043b\u044f \u0447\u0442\u0435\u043d\u0438\u044f":"1 \u043c\u0438\u043d\u0443\u0442\u0430"},"schema":{"@context":"https:\/\/schema.org","@graph":[{"@type":["WebPage","ItemPage"],"@id":"https:\/\/gohike.lv\/ru\/produkts\/naturehike-vienvietigs-piepusamais-matracis-ar-iebuvetu-sukni\/","url":"https:\/\/gohike.lv\/ru\/produkts\/naturehike-vienvietigs-piepusamais-matracis-ar-iebuvetu-sukni\/","name":"Naturehike - Piep\u016b\u0161amais matracis","isPartOf":{"@id":"https:\/\/gohike.lv\/ru\/#website"},"primaryImageOfPage":{"@id":"https:\/\/gohike.lv\/ru\/produkts\/naturehike-vienvietigs-piepusamais-matracis-ar-iebuvetu-sukni\/#primaryimage"},"image":{"@id":"https:\/\/gohike.lv\/ru\/produkts\/naturehike-vienvietigs-piepusamais-matracis-ar-iebuvetu-sukni\/#primaryimage"},"thumbnailUrl":"https:\/\/gohike.lv\/wp-content\/uploads\/2024\/04\/Lanyue_-1.jpg","datePublished":"2024-05-09T10:33:50+00:00","dateModified":"2025-12-30T14:24:40+00:00","description":"Vienviet\u012bgs piep\u016b\u0161amais matracis ar galvas balstu un ieb\u016bv\u0113tu s\u016bkni.","breadcrumb":{"@id":"https:\/\/gohike.lv\/ru\/produkts\/naturehike-vienvietigs-piepusamais-matracis-ar-iebuvetu-sukni\/#breadcrumb"},"inLanguage":"ru-RU","potentialAction":[{"@type":"ReadAction","target":["https:\/\/gohike.lv\/ru\/produkts\/naturehike-vienvietigs-piepusamais-matracis-ar-iebuvetu-sukni\/"]}]},{"@type":"ImageObject","inLanguage":"ru-RU","@id":"https:\/\/gohike.lv\/ru\/produkts\/naturehike-vienvietigs-piepusamais-matracis-ar-iebuvetu-sukni\/#primaryimage","url":"https:\/\/gohike.lv\/wp-content\/uploads\/2024\/04\/Lanyue_-1.jpg","contentUrl":"https:\/\/gohike.lv\/wp-content\/uploads\/2024\/04\/Lanyue_-1.jpg","width":430,"height":430},{"@type":"BreadcrumbList","@id":"https:\/\/gohike.lv\/ru\/produkts\/naturehike-vienvietigs-piepusamais-matracis-ar-iebuvetu-sukni\/#breadcrumb","itemListElement":[{"@type":"ListItem","position":1,"name":"\u0413\u043b\u0430\u0432\u043d\u0430\u044f","item":"https:\/\/gohike.lv\/ru\/"},{"@type":"ListItem","position":2,"name":"\u041a\u0430\u0442\u0435\u0433\u043e\u0440\u0438\u0438 \u0442\u043e\u0432\u0430\u0440\u043e\u0432","item":"https:\/\/gohike.lv\/%d0%ba%d0%b0%d1%82%d0%b5%d0%b3%d0%be%d1%80%d0%b8%d0%b8-%d1%82%d0%be%d0%b2%d0%b0%d1%80%d0%be%d0%b2\/"},{"@type":"ListItem","position":3,"name":"Naturehike &#8211; Vienviet\u012bgs piep\u016b\u0161amais matracis ar ieb\u016bv\u0113tu s\u016bkni"}]},{"@type":"WebSite","@id":"https:\/\/gohike.lv\/ru\/#website","url":"https:\/\/gohike.lv\/ru\/","name":"GoHike","description":"","publisher":{"@id":"https:\/\/gohike.lv\/ru\/#organization"},"potentialAction":[{"@type":"SearchAction","target":{"@type":"EntryPoint","urlTemplate":"https:\/\/gohike.lv\/ru\/?s={search_term_string}"},"query-input":{"@type":"PropertyValueSpecification","valueRequired":true,"valueName":"search_term_string"}}],"inLanguage":"ru-RU"},{"@type":"Organization","@id":"https:\/\/gohike.lv\/ru\/#organization","name":"GoHike","url":"https:\/\/gohike.lv\/ru\/","logo":{"@type":"ImageObject","inLanguage":"ru-RU","@id":"https:\/\/gohike.lv\/ru\/#\/schema\/logo\/image\/","url":"https:\/\/gohike.lv\/wp-content\/uploads\/2023\/08\/Logo_GoHike.webp","contentUrl":"https:\/\/gohike.lv\/wp-content\/uploads\/2023\/08\/Logo_GoHike.webp","width":512,"height":512,"caption":"GoHike"},"image":{"@id":"https:\/\/gohike.lv\/ru\/#\/schema\/logo\/image\/"},"sameAs":["https:\/\/www.facebook.com\/gohike.shop\/","https:\/\/www.instagram.com\/gohike.shop\/"]}]}},"jetpack_sharing_enabled":true,"_links":{"self":[{"href":"https:\/\/gohike.lv\/ru\/wp-json\/wp\/v2\/product\/53997","targetHints":{"allow":["GET"]}}],"collection":[{"href":"https:\/\/gohike.lv\/ru\/wp-json\/wp\/v2\/product"}],"about":[{"href":"https:\/\/gohike.lv\/ru\/wp-json\/wp\/v2\/types\/product"}],"version-history":[{"count":0,"href":"https:\/\/gohike.lv\/ru\/wp-json\/wp\/v2\/product\/53997\/revisions"}],"wp:featuredmedia":[{"embeddable":true,"href":"https:\/\/gohike.lv\/ru\/wp-json\/wp\/v2\/media\/27462"}],"wp:attachment":[{"href":"https:\/\/gohike.lv\/ru\/wp-json\/wp\/v2\/media?parent=53997"}],"wp:term":[{"taxonomy":"product_brand","embeddable":true,"href":"https:\/\/gohike.lv\/ru\/wp-json\/wp\/v2\/product_brand?post=53997"},{"taxonomy":"product_cat","embeddable":true,"href":"https:\/\/gohike.lv\/ru\/wp-json\/wp\/v2\/product_cat?post=53997"},{"taxonomy":"product_tag","embeddable":true,"href":"https:\/\/gohike.lv\/ru\/wp-json\/wp\/v2\/product_tag?post=53997"}],"curies":[{"name":"wp","href":"https:\/\/api.w.org\/{rel}","templated":true}]}}