{"id":53986,"date":"2024-05-08T16:41:04","date_gmt":"2024-05-08T13:41:04","guid":{"rendered":"https:\/\/gohike.lv\/produkts\/firemaple-fmc-xk6-aluminium-pot\/"},"modified":"2026-02-02T19:56:07","modified_gmt":"2026-02-02T16:56:07","slug":"firemaple-fmc-xk6-aluminium-pot","status":"publish","type":"product","link":"https:\/\/gohike.lv\/ru\/produkts\/firemaple-fmc-xk6-aluminium-pot\/","title":{"rendered":"FIREMAPLE &#8212; FMC-XK6 Alum\u012bnija katls"},"content":{"rendered":"<p>V\u0101ks, kas izgatavots no p\u0101rtikas kvalit\u0101tes TPE.<br \/>\nRokturis, kas samazina apjomu un ietaupa vietu mugursom\u0101.<br \/>\nKempinga katls ir izgatavots no cieta anod\u0113ta alum\u012bnija, kas ir daudz iztur\u012bg\u0101ks un viegl\u0101k t\u012br\u0101ms.<br \/>\nSiltuma apmai\u0146a katla apak\u0161\u0101 palielina siltuma efektivit\u0101ti par 30%, iev\u0113rojami ietaupot laiku un degvielu.<br \/>\nSalok\u0101ms rokturis.<br \/>\nKomplekt\u0101 ietilpst soma \u0113rtai transport\u0113\u0161anai.<\/p>\n","protected":false},"excerpt":{"rendered":"<p>FireMaple Cook Pot ir iztur\u012bgs, viegls un ilgm\u016b\u017e\u012bgs risin\u0101jums.<\/p>\n","protected":false},"featured_media":12754,"template":"","meta":[],"product_brand":[1080],"product_cat":[12743],"product_tag":[],"class_list":{"0":"post-53986","1":"product","2":"type-product","3":"status-publish","4":"has-post-thumbnail","6":"product_brand-firemaple-lv","7":"product_cat-12743","8":"pa_izmers-115-x-133-mm","9":"pa_izmers-116-x-133-mm","10":"pa_materiali-ciets-anodizets-aluminijs","11":"pa_produkta-tips-katli-un-pannas","12":"pa_spalva-balts","13":"pa_spalva-oranzs","14":"pa_tilpums-13286","16":"first","17":"instock","18":"taxable","19":"shipping-taxable","20":"purchasable","21":"product-type-variable","22":"has-default-attributes"},"raw_content":{"name":"FIREMAPLE - FMC-XK6 Alum\u012bnija katls","description":"V\u0101ks, kas izgatavots no p\u0101rtikas kvalit\u0101tes TPE.\nRokturis, kas samazina apjomu un ietaupa vietu mugursom\u0101.\nKempinga katls ir izgatavots no cieta anod\u0113ta alum\u012bnija, kas ir daudz iztur\u012bg\u0101ks un viegl\u0101k t\u012br\u0101ms.\nSiltuma apmai\u0146a katla apak\u0161\u0101 palielina siltuma efektivit\u0101ti par 30%, iev\u0113rojami ietaupot laiku un degvielu.\nSalok\u0101ms rokturis.\nKomplekt\u0101 ietilpst soma \u0113rtai transport\u0113\u0161anai.","short_description":"FireMaple Cook Pot ir iztur\u012bgs, viegls un ilgm\u016b\u017e\u012bgs risin\u0101jums.","status":"publish","sku":"FMP009","original":53986},"wpml":{"translation_type":1,"has_translations":true,"original":53986,"duplicates":[],"translations":{"lv":53986,"en":67479,"ru":null}},"supplier_id":null,"supplier_sku":"","barcode":null,"atum_controlled":true,"out_stock_date":null,"out_stock_threshold":null,"inheritable":false,"inbound_stock":0,"stock_on_hold":0,"sold_today":0,"sales_last_days":0,"reserved_stock":0,"customer_returns":0,"warehouse_damage":0,"lost_in_post":0,"other_logs":0,"out_stock_days":0,"lost_sales":0,"has_location":false,"update_date":"2025-12-30T14:30:37","atum_locations":[],"atum_stock_status":"instock","restock_status":false,"low_stock_amount":"","sales_update_date":"2025-11-13T14:07:35","calc_backorders":null,"yoast_head":"<!-- This site is optimized with the Yoast SEO plugin v27.3 - https:\/\/yoast.com\/product\/yoast-seo-wordpress\/ -->\n<title>FIREMAPLE - FMC-XK6 Alum\u012bnija katls<\/title>\n<meta name=\"description\" content=\"FireMaple Cook Pot ir iztur\u012bgs, viegls un ilgm\u016b\u017e\u012bgs risin\u0101jums.\" \/>\n<meta name=\"robots\" content=\"index, follow, max-snippet:-1, max-image-preview:large, max-video-preview:-1\" \/>\n<link rel=\"canonical\" href=\"https:\/\/gohike.lv\/ru\/produkts\/firemaple-fmc-xk6-aluminium-pot\/\" \/>\n<meta property=\"og:locale\" content=\"ru_RU\" \/>\n<meta property=\"og:type\" content=\"article\" \/>\n<meta property=\"og:title\" content=\"- FIREMAPLE FMC - XK6 Aluminium Pot\" \/>\n<meta property=\"og:description\" content=\"FireMaple Cook Pot ir iztur\u012bgs, viegls un ilgm\u016b\u017e\u012bgs risin\u0101jums.\" \/>\n<meta property=\"og:url\" content=\"https:\/\/gohike.lv\/ru\/produkts\/firemaple-fmc-xk6-aluminium-pot\/\" \/>\n<meta property=\"og:site_name\" content=\"GoHike\" \/>\n<meta property=\"article:publisher\" content=\"https:\/\/www.facebook.com\/gohike.shop\/\" \/>\n<meta property=\"article:modified_time\" content=\"2026-02-02T16:56:07+00:00\" \/>\n<meta property=\"og:image\" content=\"https:\/\/gohike.lv\/wp-content\/uploads\/2023\/11\/FMC-XK6-2.jpg\" \/>\n\t<meta property=\"og:image:width\" content=\"700\" \/>\n\t<meta property=\"og:image:height\" content=\"700\" \/>\n\t<meta property=\"og:image:type\" content=\"image\/jpeg\" \/>\n<meta name=\"twitter:card\" content=\"summary_large_image\" \/>\n<meta name=\"twitter:title\" content=\"- FIREMAPLE FMC - XK6 Aluminium Pot\" \/>\n<meta name=\"twitter:label1\" content=\"\u041f\u0440\u0438\u043c\u0435\u0440\u043d\u043e\u0435 \u0432\u0440\u0435\u043c\u044f \u0434\u043b\u044f \u0447\u0442\u0435\u043d\u0438\u044f\" \/>\n\t<meta name=\"twitter:data1\" content=\"1 \u043c\u0438\u043d\u0443\u0442\u0430\" \/>\n<script type=\"application\/ld+json\" class=\"yoast-schema-graph\">{\"@context\":\"https:\\\/\\\/schema.org\",\"@graph\":[{\"@type\":[\"WebPage\",\"ItemPage\"],\"@id\":\"https:\\\/\\\/gohike.lv\\\/ru\\\/produkts\\\/firemaple-fmc-xk6-aluminium-pot\\\/\",\"url\":\"https:\\\/\\\/gohike.lv\\\/ru\\\/produkts\\\/firemaple-fmc-xk6-aluminium-pot\\\/\",\"name\":\"FIREMAPLE - FMC-XK6 Alum\u012bnija katls\",\"isPartOf\":{\"@id\":\"https:\\\/\\\/gohike.lv\\\/ru\\\/#website\"},\"primaryImageOfPage\":{\"@id\":\"https:\\\/\\\/gohike.lv\\\/ru\\\/produkts\\\/firemaple-fmc-xk6-aluminium-pot\\\/#primaryimage\"},\"image\":{\"@id\":\"https:\\\/\\\/gohike.lv\\\/ru\\\/produkts\\\/firemaple-fmc-xk6-aluminium-pot\\\/#primaryimage\"},\"thumbnailUrl\":\"https:\\\/\\\/gohike.lv\\\/wp-content\\\/uploads\\\/2023\\\/11\\\/FMC-XK6-2.jpg\",\"datePublished\":\"2024-05-08T13:41:04+00:00\",\"dateModified\":\"2026-02-02T16:56:07+00:00\",\"description\":\"FireMaple Cook Pot ir iztur\u012bgs, viegls un ilgm\u016b\u017e\u012bgs risin\u0101jums.\",\"breadcrumb\":{\"@id\":\"https:\\\/\\\/gohike.lv\\\/ru\\\/produkts\\\/firemaple-fmc-xk6-aluminium-pot\\\/#breadcrumb\"},\"inLanguage\":\"ru-RU\",\"potentialAction\":[{\"@type\":\"ReadAction\",\"target\":[\"https:\\\/\\\/gohike.lv\\\/ru\\\/produkts\\\/firemaple-fmc-xk6-aluminium-pot\\\/\"]}]},{\"@type\":\"ImageObject\",\"inLanguage\":\"ru-RU\",\"@id\":\"https:\\\/\\\/gohike.lv\\\/ru\\\/produkts\\\/firemaple-fmc-xk6-aluminium-pot\\\/#primaryimage\",\"url\":\"https:\\\/\\\/gohike.lv\\\/wp-content\\\/uploads\\\/2023\\\/11\\\/FMC-XK6-2.jpg\",\"contentUrl\":\"https:\\\/\\\/gohike.lv\\\/wp-content\\\/uploads\\\/2023\\\/11\\\/FMC-XK6-2.jpg\",\"width\":700,\"height\":700},{\"@type\":\"BreadcrumbList\",\"@id\":\"https:\\\/\\\/gohike.lv\\\/ru\\\/produkts\\\/firemaple-fmc-xk6-aluminium-pot\\\/#breadcrumb\",\"itemListElement\":[{\"@type\":\"ListItem\",\"position\":1,\"name\":\"\u0413\u043b\u0430\u0432\u043d\u0430\u044f\",\"item\":\"https:\\\/\\\/gohike.lv\\\/ru\\\/\"},{\"@type\":\"ListItem\",\"position\":2,\"name\":\"\u041a\u0430\u0442\u0435\u0433\u043e\u0440\u0438\u0438 \u0442\u043e\u0432\u0430\u0440\u043e\u0432\",\"item\":\"https:\\\/\\\/gohike.lv\\\/%d0%ba%d0%b0%d1%82%d0%b5%d0%b3%d0%be%d1%80%d0%b8%d0%b8-%d1%82%d0%be%d0%b2%d0%b0%d1%80%d0%be%d0%b2\\\/\"},{\"@type\":\"ListItem\",\"position\":3,\"name\":\"FIREMAPLE &#8211; FMC-XK6 Alum\u012bnija katls\"}]},{\"@type\":\"WebSite\",\"@id\":\"https:\\\/\\\/gohike.lv\\\/ru\\\/#website\",\"url\":\"https:\\\/\\\/gohike.lv\\\/ru\\\/\",\"name\":\"GoHike\",\"description\":\"\",\"publisher\":{\"@id\":\"https:\\\/\\\/gohike.lv\\\/ru\\\/#organization\"},\"potentialAction\":[{\"@type\":\"SearchAction\",\"target\":{\"@type\":\"EntryPoint\",\"urlTemplate\":\"https:\\\/\\\/gohike.lv\\\/ru\\\/?s={search_term_string}\"},\"query-input\":{\"@type\":\"PropertyValueSpecification\",\"valueRequired\":true,\"valueName\":\"search_term_string\"}}],\"inLanguage\":\"ru-RU\"},{\"@type\":\"Organization\",\"@id\":\"https:\\\/\\\/gohike.lv\\\/ru\\\/#organization\",\"name\":\"GoHike\",\"url\":\"https:\\\/\\\/gohike.lv\\\/ru\\\/\",\"logo\":{\"@type\":\"ImageObject\",\"inLanguage\":\"ru-RU\",\"@id\":\"https:\\\/\\\/gohike.lv\\\/ru\\\/#\\\/schema\\\/logo\\\/image\\\/\",\"url\":\"https:\\\/\\\/gohike.lv\\\/wp-content\\\/uploads\\\/2023\\\/08\\\/Logo_GoHike.webp\",\"contentUrl\":\"https:\\\/\\\/gohike.lv\\\/wp-content\\\/uploads\\\/2023\\\/08\\\/Logo_GoHike.webp\",\"width\":512,\"height\":512,\"caption\":\"GoHike\"},\"image\":{\"@id\":\"https:\\\/\\\/gohike.lv\\\/ru\\\/#\\\/schema\\\/logo\\\/image\\\/\"},\"sameAs\":[\"https:\\\/\\\/www.facebook.com\\\/gohike.shop\\\/\",\"https:\\\/\\\/www.instagram.com\\\/gohike.shop\\\/\"]}]}<\/script>\n<!-- \/ Yoast SEO plugin. -->","yoast_head_json":{"title":"FIREMAPLE - FMC-XK6 Alum\u012bnija katls","description":"FireMaple Cook Pot ir iztur\u012bgs, viegls un ilgm\u016b\u017e\u012bgs risin\u0101jums.","robots":{"index":"index","follow":"follow","max-snippet":"max-snippet:-1","max-image-preview":"max-image-preview:large","max-video-preview":"max-video-preview:-1"},"canonical":"https:\/\/gohike.lv\/ru\/produkts\/firemaple-fmc-xk6-aluminium-pot\/","og_locale":"ru_RU","og_type":"article","og_title":"- FIREMAPLE FMC - XK6 Aluminium Pot","og_description":"FireMaple Cook Pot ir iztur\u012bgs, viegls un ilgm\u016b\u017e\u012bgs risin\u0101jums.","og_url":"https:\/\/gohike.lv\/ru\/produkts\/firemaple-fmc-xk6-aluminium-pot\/","og_site_name":"GoHike","article_publisher":"https:\/\/www.facebook.com\/gohike.shop\/","article_modified_time":"2026-02-02T16:56:07+00:00","og_image":[{"width":700,"height":700,"url":"https:\/\/gohike.lv\/wp-content\/uploads\/2023\/11\/FMC-XK6-2.jpg","type":"image\/jpeg"}],"twitter_card":"summary_large_image","twitter_title":"- FIREMAPLE FMC - XK6 Aluminium Pot","twitter_misc":{"\u041f\u0440\u0438\u043c\u0435\u0440\u043d\u043e\u0435 \u0432\u0440\u0435\u043c\u044f \u0434\u043b\u044f \u0447\u0442\u0435\u043d\u0438\u044f":"1 \u043c\u0438\u043d\u0443\u0442\u0430"},"schema":{"@context":"https:\/\/schema.org","@graph":[{"@type":["WebPage","ItemPage"],"@id":"https:\/\/gohike.lv\/ru\/produkts\/firemaple-fmc-xk6-aluminium-pot\/","url":"https:\/\/gohike.lv\/ru\/produkts\/firemaple-fmc-xk6-aluminium-pot\/","name":"FIREMAPLE - FMC-XK6 Alum\u012bnija katls","isPartOf":{"@id":"https:\/\/gohike.lv\/ru\/#website"},"primaryImageOfPage":{"@id":"https:\/\/gohike.lv\/ru\/produkts\/firemaple-fmc-xk6-aluminium-pot\/#primaryimage"},"image":{"@id":"https:\/\/gohike.lv\/ru\/produkts\/firemaple-fmc-xk6-aluminium-pot\/#primaryimage"},"thumbnailUrl":"https:\/\/gohike.lv\/wp-content\/uploads\/2023\/11\/FMC-XK6-2.jpg","datePublished":"2024-05-08T13:41:04+00:00","dateModified":"2026-02-02T16:56:07+00:00","description":"FireMaple Cook Pot ir iztur\u012bgs, viegls un ilgm\u016b\u017e\u012bgs risin\u0101jums.","breadcrumb":{"@id":"https:\/\/gohike.lv\/ru\/produkts\/firemaple-fmc-xk6-aluminium-pot\/#breadcrumb"},"inLanguage":"ru-RU","potentialAction":[{"@type":"ReadAction","target":["https:\/\/gohike.lv\/ru\/produkts\/firemaple-fmc-xk6-aluminium-pot\/"]}]},{"@type":"ImageObject","inLanguage":"ru-RU","@id":"https:\/\/gohike.lv\/ru\/produkts\/firemaple-fmc-xk6-aluminium-pot\/#primaryimage","url":"https:\/\/gohike.lv\/wp-content\/uploads\/2023\/11\/FMC-XK6-2.jpg","contentUrl":"https:\/\/gohike.lv\/wp-content\/uploads\/2023\/11\/FMC-XK6-2.jpg","width":700,"height":700},{"@type":"BreadcrumbList","@id":"https:\/\/gohike.lv\/ru\/produkts\/firemaple-fmc-xk6-aluminium-pot\/#breadcrumb","itemListElement":[{"@type":"ListItem","position":1,"name":"\u0413\u043b\u0430\u0432\u043d\u0430\u044f","item":"https:\/\/gohike.lv\/ru\/"},{"@type":"ListItem","position":2,"name":"\u041a\u0430\u0442\u0435\u0433\u043e\u0440\u0438\u0438 \u0442\u043e\u0432\u0430\u0440\u043e\u0432","item":"https:\/\/gohike.lv\/%d0%ba%d0%b0%d1%82%d0%b5%d0%b3%d0%be%d1%80%d0%b8%d0%b8-%d1%82%d0%be%d0%b2%d0%b0%d1%80%d0%be%d0%b2\/"},{"@type":"ListItem","position":3,"name":"FIREMAPLE &#8211; FMC-XK6 Alum\u012bnija katls"}]},{"@type":"WebSite","@id":"https:\/\/gohike.lv\/ru\/#website","url":"https:\/\/gohike.lv\/ru\/","name":"GoHike","description":"","publisher":{"@id":"https:\/\/gohike.lv\/ru\/#organization"},"potentialAction":[{"@type":"SearchAction","target":{"@type":"EntryPoint","urlTemplate":"https:\/\/gohike.lv\/ru\/?s={search_term_string}"},"query-input":{"@type":"PropertyValueSpecification","valueRequired":true,"valueName":"search_term_string"}}],"inLanguage":"ru-RU"},{"@type":"Organization","@id":"https:\/\/gohike.lv\/ru\/#organization","name":"GoHike","url":"https:\/\/gohike.lv\/ru\/","logo":{"@type":"ImageObject","inLanguage":"ru-RU","@id":"https:\/\/gohike.lv\/ru\/#\/schema\/logo\/image\/","url":"https:\/\/gohike.lv\/wp-content\/uploads\/2023\/08\/Logo_GoHike.webp","contentUrl":"https:\/\/gohike.lv\/wp-content\/uploads\/2023\/08\/Logo_GoHike.webp","width":512,"height":512,"caption":"GoHike"},"image":{"@id":"https:\/\/gohike.lv\/ru\/#\/schema\/logo\/image\/"},"sameAs":["https:\/\/www.facebook.com\/gohike.shop\/","https:\/\/www.instagram.com\/gohike.shop\/"]}]}},"jetpack_sharing_enabled":true,"_links":{"self":[{"href":"https:\/\/gohike.lv\/ru\/wp-json\/wp\/v2\/product\/53986","targetHints":{"allow":["GET"]}}],"collection":[{"href":"https:\/\/gohike.lv\/ru\/wp-json\/wp\/v2\/product"}],"about":[{"href":"https:\/\/gohike.lv\/ru\/wp-json\/wp\/v2\/types\/product"}],"version-history":[{"count":0,"href":"https:\/\/gohike.lv\/ru\/wp-json\/wp\/v2\/product\/53986\/revisions"}],"wp:featuredmedia":[{"embeddable":true,"href":"https:\/\/gohike.lv\/ru\/wp-json\/wp\/v2\/media\/12754"}],"wp:attachment":[{"href":"https:\/\/gohike.lv\/ru\/wp-json\/wp\/v2\/media?parent=53986"}],"wp:term":[{"taxonomy":"product_brand","embeddable":true,"href":"https:\/\/gohike.lv\/ru\/wp-json\/wp\/v2\/product_brand?post=53986"},{"taxonomy":"product_cat","embeddable":true,"href":"https:\/\/gohike.lv\/ru\/wp-json\/wp\/v2\/product_cat?post=53986"},{"taxonomy":"product_tag","embeddable":true,"href":"https:\/\/gohike.lv\/ru\/wp-json\/wp\/v2\/product_tag?post=53986"}],"curies":[{"name":"wp","href":"https:\/\/api.w.org\/{rel}","templated":true}]}}