{"id":53978,"date":"2024-05-08T16:40:44","date_gmt":"2024-05-08T13:40:44","guid":{"rendered":"https:\/\/gohike.lv\/produkts\/firemaple-tejkanna-fire-maple-feast-xt1\/"},"modified":"2026-02-02T19:56:27","modified_gmt":"2026-02-02T16:56:27","slug":"firemaple-tejkanna-fire-maple-feast-xt1","status":"publish","type":"product","link":"https:\/\/gohike.lv\/ru\/produkts\/firemaple-tejkanna-fire-maple-feast-xt1\/","title":{"rendered":"FIREMAPLE &#8212; Feast XT1 T\u0113jkanna"},"content":{"rendered":"<p>T\u0113jkanna apr\u012bkota ar siltummaini, kas optimiz\u0113 efektivit\u0101ti un aizsarg\u0101 liesmas no v\u0113ja.<br \/>\nSiltummainis samazina v\u0101r\u012b\u0161an\u0101s laiku par 30%, t\u0101d\u0113j\u0101di ietaupot g\u0101zi.<br \/>\nT\u0113jkanna ir izgatavots no cieti anod\u0113ta alum\u012bnija ar salok\u0101mu rokturi.<br \/>\nFeast XT1 Kettle Black tiek pieg\u0101d\u0101ts ar t\u0113jas inf\u016bzijas bumbi\u0146u un t\u012bkla maisi\u0146u uzglab\u0101\u0161anai.<\/p>\n","protected":false},"excerpt":{"rendered":"<p>Fire-Maple Feast XT1 Kettle ir t\u0113jkanna ar 0,8 l ietilp\u012bbu.<\/p>\n","protected":false},"featured_media":64450,"template":"","meta":[],"product_brand":[1080],"product_cat":[1012],"product_tag":[],"class_list":{"0":"post-53978","1":"product","2":"type-product","3":"status-publish","4":"has-post-thumbnail","6":"product_brand-firemaple-lv","7":"product_cat-virtuves-piederumi","8":"pa_izmeriscm-15-38-6","9":"pa_materiali-aluminijs","10":"pa_produkta-tips-katli-un-pannas","11":"pa_spalva-melns","12":"pa_spalva-oranzs","13":"pa_tilpums-800ml","15":"first","16":"instock","17":"taxable","18":"shipping-taxable","19":"purchasable","20":"product-type-variable"},"raw_content":{"name":"FIREMAPLE - Feast XT1 T\u0113jkanna","description":"T\u0113jkanna apr\u012bkota ar siltummaini, kas optimiz\u0113 efektivit\u0101ti un aizsarg\u0101 liesmas no v\u0113ja.\nSiltummainis samazina v\u0101r\u012b\u0161an\u0101s laiku par 30%, t\u0101d\u0113j\u0101di ietaupot g\u0101zi.\nT\u0113jkanna ir izgatavots no cieti anod\u0113ta alum\u012bnija ar salok\u0101mu rokturi.\nFeast XT1 Kettle Black tiek pieg\u0101d\u0101ts ar t\u0113jas inf\u016bzijas bumbi\u0146u un t\u012bkla maisi\u0146u uzglab\u0101\u0161anai.","short_description":"Fire-Maple Feast XT1 Kettle ir t\u0113jkanna ar 0,8 l ietilp\u012bbu.","status":"publish","sku":"FMP007","original":53978},"wpml":{"translation_type":1,"has_translations":true,"original":53978,"duplicates":[],"translations":{"lv":53978,"en":67476,"ru":null}},"supplier_id":null,"supplier_sku":"","barcode":null,"atum_controlled":true,"out_stock_date":null,"out_stock_threshold":null,"inheritable":false,"inbound_stock":0,"stock_on_hold":0,"sold_today":0,"sales_last_days":0,"reserved_stock":0,"customer_returns":0,"warehouse_damage":0,"lost_in_post":0,"other_logs":0,"out_stock_days":0,"lost_sales":0,"has_location":false,"update_date":"2025-12-30T14:30:37","atum_locations":[],"atum_stock_status":"instock","restock_status":false,"low_stock_amount":"","sales_update_date":"2025-11-13T14:07:35","calc_backorders":null,"yoast_head":"<!-- This site is optimized with the Yoast SEO plugin v27.3 - https:\/\/yoast.com\/product\/yoast-seo-wordpress\/ -->\n<title>FIREMAPLE - Feast XT1 T\u0113jkanna<\/title>\n<meta name=\"description\" content=\"Fire-Maple Feast XT1 Kettle ir t\u0113jkanna ar 0,8 l ietilp\u012bbu. Siltummainis samazina v\u0101r\u012b\u0161an\u0101s laiku par 30%, t\u0101d\u0113j\u0101di ietaupot g\u0101zi\" \/>\n<meta name=\"robots\" content=\"index, follow, max-snippet:-1, max-image-preview:large, max-video-preview:-1\" \/>\n<link rel=\"canonical\" href=\"https:\/\/gohike.lv\/ru\/produkts\/firemaple-tejkanna-fire-maple-feast-xt1\/\" \/>\n<meta property=\"og:locale\" content=\"ru_RU\" \/>\n<meta property=\"og:type\" content=\"article\" \/>\n<meta property=\"og:title\" content=\"- FIREMAPLE T\u0113jkanna Fire-Maple Feast XT1\" \/>\n<meta property=\"og:description\" content=\"Fire-Maple Feast XT1 Kettle ir t\u0113jkanna ar 0,8 l ietilp\u012bbu. Siltummainis samazina v\u0101r\u012b\u0161an\u0101s laiku par 30%, t\u0101d\u0113j\u0101di ietaupot g\u0101zi\" \/>\n<meta property=\"og:url\" content=\"https:\/\/gohike.lv\/ru\/produkts\/firemaple-tejkanna-fire-maple-feast-xt1\/\" \/>\n<meta property=\"og:site_name\" content=\"GoHike\" \/>\n<meta property=\"article:publisher\" content=\"https:\/\/www.facebook.com\/gohike.shop\/\" \/>\n<meta property=\"article:modified_time\" content=\"2026-02-02T16:56:27+00:00\" \/>\n<meta property=\"og:image\" content=\"https:\/\/gohike.lv\/wp-content\/uploads\/2024\/05\/XT1_black.jpg\" \/>\n\t<meta property=\"og:image:width\" content=\"1434\" \/>\n\t<meta property=\"og:image:height\" content=\"1434\" \/>\n\t<meta property=\"og:image:type\" content=\"image\/jpeg\" \/>\n<meta name=\"twitter:card\" content=\"summary_large_image\" \/>\n<meta name=\"twitter:title\" content=\"- FIREMAPLE T\u0113jkanna Fire-Maple Feast XT1\" \/>\n<meta name=\"twitter:label1\" content=\"\u041f\u0440\u0438\u043c\u0435\u0440\u043d\u043e\u0435 \u0432\u0440\u0435\u043c\u044f \u0434\u043b\u044f \u0447\u0442\u0435\u043d\u0438\u044f\" \/>\n\t<meta name=\"twitter:data1\" content=\"1 \u043c\u0438\u043d\u0443\u0442\u0430\" \/>\n<script type=\"application\/ld+json\" class=\"yoast-schema-graph\">{\"@context\":\"https:\\\/\\\/schema.org\",\"@graph\":[{\"@type\":[\"WebPage\",\"ItemPage\"],\"@id\":\"https:\\\/\\\/gohike.lv\\\/ru\\\/produkts\\\/firemaple-tejkanna-fire-maple-feast-xt1\\\/\",\"url\":\"https:\\\/\\\/gohike.lv\\\/ru\\\/produkts\\\/firemaple-tejkanna-fire-maple-feast-xt1\\\/\",\"name\":\"FIREMAPLE - Feast XT1 T\u0113jkanna\",\"isPartOf\":{\"@id\":\"https:\\\/\\\/gohike.lv\\\/ru\\\/#website\"},\"primaryImageOfPage\":{\"@id\":\"https:\\\/\\\/gohike.lv\\\/ru\\\/produkts\\\/firemaple-tejkanna-fire-maple-feast-xt1\\\/#primaryimage\"},\"image\":{\"@id\":\"https:\\\/\\\/gohike.lv\\\/ru\\\/produkts\\\/firemaple-tejkanna-fire-maple-feast-xt1\\\/#primaryimage\"},\"thumbnailUrl\":\"https:\\\/\\\/gohike.lv\\\/wp-content\\\/uploads\\\/2024\\\/05\\\/XT1_black.jpg\",\"datePublished\":\"2024-05-08T13:40:44+00:00\",\"dateModified\":\"2026-02-02T16:56:27+00:00\",\"description\":\"Fire-Maple Feast XT1 Kettle ir t\u0113jkanna ar 0,8 l ietilp\u012bbu. Siltummainis samazina v\u0101r\u012b\u0161an\u0101s laiku par 30%, t\u0101d\u0113j\u0101di ietaupot g\u0101zi\",\"breadcrumb\":{\"@id\":\"https:\\\/\\\/gohike.lv\\\/ru\\\/produkts\\\/firemaple-tejkanna-fire-maple-feast-xt1\\\/#breadcrumb\"},\"inLanguage\":\"ru-RU\",\"potentialAction\":[{\"@type\":\"ReadAction\",\"target\":[\"https:\\\/\\\/gohike.lv\\\/ru\\\/produkts\\\/firemaple-tejkanna-fire-maple-feast-xt1\\\/\"]}]},{\"@type\":\"ImageObject\",\"inLanguage\":\"ru-RU\",\"@id\":\"https:\\\/\\\/gohike.lv\\\/ru\\\/produkts\\\/firemaple-tejkanna-fire-maple-feast-xt1\\\/#primaryimage\",\"url\":\"https:\\\/\\\/gohike.lv\\\/wp-content\\\/uploads\\\/2024\\\/05\\\/XT1_black.jpg\",\"contentUrl\":\"https:\\\/\\\/gohike.lv\\\/wp-content\\\/uploads\\\/2024\\\/05\\\/XT1_black.jpg\",\"width\":1434,\"height\":1434},{\"@type\":\"BreadcrumbList\",\"@id\":\"https:\\\/\\\/gohike.lv\\\/ru\\\/produkts\\\/firemaple-tejkanna-fire-maple-feast-xt1\\\/#breadcrumb\",\"itemListElement\":[{\"@type\":\"ListItem\",\"position\":1,\"name\":\"\u0413\u043b\u0430\u0432\u043d\u0430\u044f\",\"item\":\"https:\\\/\\\/gohike.lv\\\/ru\\\/\"},{\"@type\":\"ListItem\",\"position\":2,\"name\":\"\u041a\u0430\u0442\u0435\u0433\u043e\u0440\u0438\u0438 \u0442\u043e\u0432\u0430\u0440\u043e\u0432\",\"item\":\"https:\\\/\\\/gohike.lv\\\/%d0%ba%d0%b0%d1%82%d0%b5%d0%b3%d0%be%d1%80%d0%b8%d0%b8-%d1%82%d0%be%d0%b2%d0%b0%d1%80%d0%be%d0%b2\\\/\"},{\"@type\":\"ListItem\",\"position\":3,\"name\":\"FIREMAPLE &#8211; Feast XT1 T\u0113jkanna\"}]},{\"@type\":\"WebSite\",\"@id\":\"https:\\\/\\\/gohike.lv\\\/ru\\\/#website\",\"url\":\"https:\\\/\\\/gohike.lv\\\/ru\\\/\",\"name\":\"GoHike\",\"description\":\"\",\"publisher\":{\"@id\":\"https:\\\/\\\/gohike.lv\\\/ru\\\/#organization\"},\"potentialAction\":[{\"@type\":\"SearchAction\",\"target\":{\"@type\":\"EntryPoint\",\"urlTemplate\":\"https:\\\/\\\/gohike.lv\\\/ru\\\/?s={search_term_string}\"},\"query-input\":{\"@type\":\"PropertyValueSpecification\",\"valueRequired\":true,\"valueName\":\"search_term_string\"}}],\"inLanguage\":\"ru-RU\"},{\"@type\":\"Organization\",\"@id\":\"https:\\\/\\\/gohike.lv\\\/ru\\\/#organization\",\"name\":\"GoHike\",\"url\":\"https:\\\/\\\/gohike.lv\\\/ru\\\/\",\"logo\":{\"@type\":\"ImageObject\",\"inLanguage\":\"ru-RU\",\"@id\":\"https:\\\/\\\/gohike.lv\\\/ru\\\/#\\\/schema\\\/logo\\\/image\\\/\",\"url\":\"https:\\\/\\\/gohike.lv\\\/wp-content\\\/uploads\\\/2023\\\/08\\\/Logo_GoHike.webp\",\"contentUrl\":\"https:\\\/\\\/gohike.lv\\\/wp-content\\\/uploads\\\/2023\\\/08\\\/Logo_GoHike.webp\",\"width\":512,\"height\":512,\"caption\":\"GoHike\"},\"image\":{\"@id\":\"https:\\\/\\\/gohike.lv\\\/ru\\\/#\\\/schema\\\/logo\\\/image\\\/\"},\"sameAs\":[\"https:\\\/\\\/www.facebook.com\\\/gohike.shop\\\/\",\"https:\\\/\\\/www.instagram.com\\\/gohike.shop\\\/\"]}]}<\/script>\n<!-- \/ Yoast SEO plugin. -->","yoast_head_json":{"title":"FIREMAPLE - Feast XT1 T\u0113jkanna","description":"Fire-Maple Feast XT1 Kettle ir t\u0113jkanna ar 0,8 l ietilp\u012bbu. Siltummainis samazina v\u0101r\u012b\u0161an\u0101s laiku par 30%, t\u0101d\u0113j\u0101di ietaupot g\u0101zi","robots":{"index":"index","follow":"follow","max-snippet":"max-snippet:-1","max-image-preview":"max-image-preview:large","max-video-preview":"max-video-preview:-1"},"canonical":"https:\/\/gohike.lv\/ru\/produkts\/firemaple-tejkanna-fire-maple-feast-xt1\/","og_locale":"ru_RU","og_type":"article","og_title":"- FIREMAPLE T\u0113jkanna Fire-Maple Feast XT1","og_description":"Fire-Maple Feast XT1 Kettle ir t\u0113jkanna ar 0,8 l ietilp\u012bbu. Siltummainis samazina v\u0101r\u012b\u0161an\u0101s laiku par 30%, t\u0101d\u0113j\u0101di ietaupot g\u0101zi","og_url":"https:\/\/gohike.lv\/ru\/produkts\/firemaple-tejkanna-fire-maple-feast-xt1\/","og_site_name":"GoHike","article_publisher":"https:\/\/www.facebook.com\/gohike.shop\/","article_modified_time":"2026-02-02T16:56:27+00:00","og_image":[{"width":1434,"height":1434,"url":"https:\/\/gohike.lv\/wp-content\/uploads\/2024\/05\/XT1_black.jpg","type":"image\/jpeg"}],"twitter_card":"summary_large_image","twitter_title":"- FIREMAPLE T\u0113jkanna Fire-Maple Feast XT1","twitter_misc":{"\u041f\u0440\u0438\u043c\u0435\u0440\u043d\u043e\u0435 \u0432\u0440\u0435\u043c\u044f \u0434\u043b\u044f \u0447\u0442\u0435\u043d\u0438\u044f":"1 \u043c\u0438\u043d\u0443\u0442\u0430"},"schema":{"@context":"https:\/\/schema.org","@graph":[{"@type":["WebPage","ItemPage"],"@id":"https:\/\/gohike.lv\/ru\/produkts\/firemaple-tejkanna-fire-maple-feast-xt1\/","url":"https:\/\/gohike.lv\/ru\/produkts\/firemaple-tejkanna-fire-maple-feast-xt1\/","name":"FIREMAPLE - Feast XT1 T\u0113jkanna","isPartOf":{"@id":"https:\/\/gohike.lv\/ru\/#website"},"primaryImageOfPage":{"@id":"https:\/\/gohike.lv\/ru\/produkts\/firemaple-tejkanna-fire-maple-feast-xt1\/#primaryimage"},"image":{"@id":"https:\/\/gohike.lv\/ru\/produkts\/firemaple-tejkanna-fire-maple-feast-xt1\/#primaryimage"},"thumbnailUrl":"https:\/\/gohike.lv\/wp-content\/uploads\/2024\/05\/XT1_black.jpg","datePublished":"2024-05-08T13:40:44+00:00","dateModified":"2026-02-02T16:56:27+00:00","description":"Fire-Maple Feast XT1 Kettle ir t\u0113jkanna ar 0,8 l ietilp\u012bbu. Siltummainis samazina v\u0101r\u012b\u0161an\u0101s laiku par 30%, t\u0101d\u0113j\u0101di ietaupot g\u0101zi","breadcrumb":{"@id":"https:\/\/gohike.lv\/ru\/produkts\/firemaple-tejkanna-fire-maple-feast-xt1\/#breadcrumb"},"inLanguage":"ru-RU","potentialAction":[{"@type":"ReadAction","target":["https:\/\/gohike.lv\/ru\/produkts\/firemaple-tejkanna-fire-maple-feast-xt1\/"]}]},{"@type":"ImageObject","inLanguage":"ru-RU","@id":"https:\/\/gohike.lv\/ru\/produkts\/firemaple-tejkanna-fire-maple-feast-xt1\/#primaryimage","url":"https:\/\/gohike.lv\/wp-content\/uploads\/2024\/05\/XT1_black.jpg","contentUrl":"https:\/\/gohike.lv\/wp-content\/uploads\/2024\/05\/XT1_black.jpg","width":1434,"height":1434},{"@type":"BreadcrumbList","@id":"https:\/\/gohike.lv\/ru\/produkts\/firemaple-tejkanna-fire-maple-feast-xt1\/#breadcrumb","itemListElement":[{"@type":"ListItem","position":1,"name":"\u0413\u043b\u0430\u0432\u043d\u0430\u044f","item":"https:\/\/gohike.lv\/ru\/"},{"@type":"ListItem","position":2,"name":"\u041a\u0430\u0442\u0435\u0433\u043e\u0440\u0438\u0438 \u0442\u043e\u0432\u0430\u0440\u043e\u0432","item":"https:\/\/gohike.lv\/%d0%ba%d0%b0%d1%82%d0%b5%d0%b3%d0%be%d1%80%d0%b8%d0%b8-%d1%82%d0%be%d0%b2%d0%b0%d1%80%d0%be%d0%b2\/"},{"@type":"ListItem","position":3,"name":"FIREMAPLE &#8211; Feast XT1 T\u0113jkanna"}]},{"@type":"WebSite","@id":"https:\/\/gohike.lv\/ru\/#website","url":"https:\/\/gohike.lv\/ru\/","name":"GoHike","description":"","publisher":{"@id":"https:\/\/gohike.lv\/ru\/#organization"},"potentialAction":[{"@type":"SearchAction","target":{"@type":"EntryPoint","urlTemplate":"https:\/\/gohike.lv\/ru\/?s={search_term_string}"},"query-input":{"@type":"PropertyValueSpecification","valueRequired":true,"valueName":"search_term_string"}}],"inLanguage":"ru-RU"},{"@type":"Organization","@id":"https:\/\/gohike.lv\/ru\/#organization","name":"GoHike","url":"https:\/\/gohike.lv\/ru\/","logo":{"@type":"ImageObject","inLanguage":"ru-RU","@id":"https:\/\/gohike.lv\/ru\/#\/schema\/logo\/image\/","url":"https:\/\/gohike.lv\/wp-content\/uploads\/2023\/08\/Logo_GoHike.webp","contentUrl":"https:\/\/gohike.lv\/wp-content\/uploads\/2023\/08\/Logo_GoHike.webp","width":512,"height":512,"caption":"GoHike"},"image":{"@id":"https:\/\/gohike.lv\/ru\/#\/schema\/logo\/image\/"},"sameAs":["https:\/\/www.facebook.com\/gohike.shop\/","https:\/\/www.instagram.com\/gohike.shop\/"]}]}},"jetpack_sharing_enabled":true,"_links":{"self":[{"href":"https:\/\/gohike.lv\/ru\/wp-json\/wp\/v2\/product\/53978","targetHints":{"allow":["GET"]}}],"collection":[{"href":"https:\/\/gohike.lv\/ru\/wp-json\/wp\/v2\/product"}],"about":[{"href":"https:\/\/gohike.lv\/ru\/wp-json\/wp\/v2\/types\/product"}],"version-history":[{"count":0,"href":"https:\/\/gohike.lv\/ru\/wp-json\/wp\/v2\/product\/53978\/revisions"}],"wp:featuredmedia":[{"embeddable":true,"href":"https:\/\/gohike.lv\/ru\/wp-json\/wp\/v2\/media\/64450"}],"wp:attachment":[{"href":"https:\/\/gohike.lv\/ru\/wp-json\/wp\/v2\/media?parent=53978"}],"wp:term":[{"taxonomy":"product_brand","embeddable":true,"href":"https:\/\/gohike.lv\/ru\/wp-json\/wp\/v2\/product_brand?post=53978"},{"taxonomy":"product_cat","embeddable":true,"href":"https:\/\/gohike.lv\/ru\/wp-json\/wp\/v2\/product_cat?post=53978"},{"taxonomy":"product_tag","embeddable":true,"href":"https:\/\/gohike.lv\/ru\/wp-json\/wp\/v2\/product_tag?post=53978"}],"curies":[{"name":"wp","href":"https:\/\/api.w.org\/{rel}","templated":true}]}}