{"id":53954,"date":"2024-05-08T16:36:31","date_gmt":"2024-05-08T13:36:31","guid":{"rendered":"https:\/\/gohike.lv\/produkts\/firemaple-star-x2-cooking-system\/"},"modified":"2025-12-31T20:13:06","modified_gmt":"2025-12-31T17:13:06","slug":"firemaple-star-x2-cooking-system","status":"publish","type":"product","link":"https:\/\/gohike.lv\/ru\/produkts\/firemaple-star-x2-cooking-system\/","title":{"rendered":"FIREMAPLE &#8212; Star X2 G\u0101zes deg\u013ca sist\u0113ma"},"content":{"rendered":"<p>Visi piederumi, tostarp katla stat\u012bvs, pl\u012bts, tvertnes stat\u012bvs un degvielas tvertne (nav iek\u013cauts komplekt\u0101), ietilpst 1 litra katl\u0101.<br \/>\nOran\u017es: iek\u013cauti 2 v\u0101ki;<br \/>\nMelns: iek\u013cauti 3 v\u0101ki;<br \/>\nOran\u017es\/za\u013c\u0161: iek\u013cauts 1 v\u0101ci\u0146\u0161;<br \/>\nPiez\u012bme: Coleman 230g plakanais g\u0101zes balons ir nedaudz liel\u0101ks, t\u0101p\u0113c to NEVAR ievietot X2 katl\u0101, ta\u010du ar pl\u012bti tas darbojas.<br \/>\nIesak\u0101m izmantot prop\u0101na-but\u0101na mais\u012bjuma kannas, kas atbilst EN417.<\/p>\n","protected":false},"excerpt":{"rendered":"<p>Fixed-Star X2 Personal Cooking System v\u0101r\u012b\u0161an\u0101s laiks padara to par izcilu kempinga degli.<br \/>\nX2 uzv\u0101ra \u016bdeni par 30% \u0101tr\u0101k nek\u0101 tradicion\u0101l\u0101s kempinga kr\u0101snis, padarot to par visu laiku \u0101tr\u0101ko FireMaple.<\/p>\n","protected":false},"featured_media":65370,"template":"","meta":[],"product_brand":[1080],"product_cat":[951],"product_tag":[],"class_list":{"0":"post-53954","1":"product","2":"type-product","3":"status-publish","4":"has-post-thumbnail","6":"product_brand-firemaple-lv","7":"product_cat-degli-un-degviela","8":"pa_degvielu-veidi-izobutana-gazes-maisijums","9":"pa_izmers-atlocits-254x265mm-satlocits-133x205mm","10":"pa_jauda-2200w","11":"pa_materiali-anodizets-aluminijs-nerusejosais-terauds-silikons-vara","12":"pa_produkta-tips-degli","13":"pa_spalva-kamuflazs","14":"pa_spalva-melns","15":"pa_spalva-oranzs","16":"pa_spalva-zals","17":"pa_varisanas-laiks-1min-42sec-per-0-5-liter","19":"first","20":"instock","21":"taxable","22":"shipping-taxable","23":"purchasable","24":"product-type-variable","25":"has-default-attributes"},"raw_content":{"name":"FIREMAPLE - Star X2 G\u0101zes deg\u013ca sist\u0113ma","description":"Visi piederumi, tostarp katla stat\u012bvs, pl\u012bts, tvertnes stat\u012bvs un degvielas tvertne (nav iek\u013cauts komplekt\u0101), ietilpst 1 litra katl\u0101.\nOran\u017es: iek\u013cauti 2 v\u0101ki;\nMelns: iek\u013cauti 3 v\u0101ki;\nOran\u017es\/za\u013c\u0161: iek\u013cauts 1 v\u0101ci\u0146\u0161;\nPiez\u012bme: Coleman 230g plakanais g\u0101zes balons ir nedaudz liel\u0101ks, t\u0101p\u0113c to NEVAR ievietot X2 katl\u0101, ta\u010du ar pl\u012bti tas darbojas.\nIesak\u0101m izmantot prop\u0101na-but\u0101na mais\u012bjuma kannas, kas atbilst EN417.","short_description":"Fixed-Star X2 Personal Cooking System v\u0101r\u012b\u0161an\u0101s laiks padara to par izcilu kempinga degli.\r\nX2 uzv\u0101ra \u016bdeni par 30% \u0101tr\u0101k nek\u0101 tradicion\u0101l\u0101s kempinga kr\u0101snis, padarot to par visu laiku \u0101tr\u0101ko FireMaple.","status":"publish","sku":"FMP002","original":53954},"wpml":{"translation_type":1,"has_translations":true,"original":53954,"duplicates":[],"translations":{"lv":53954,"en":67444,"ru":null}},"supplier_id":null,"supplier_sku":"","barcode":null,"atum_controlled":true,"out_stock_date":null,"out_stock_threshold":null,"inheritable":false,"inbound_stock":0,"stock_on_hold":0,"sold_today":0,"sales_last_days":0,"reserved_stock":0,"customer_returns":0,"warehouse_damage":0,"lost_in_post":0,"other_logs":0,"out_stock_days":0,"lost_sales":0,"has_location":null,"update_date":"2025-12-30T14:13:28","atum_locations":[],"atum_stock_status":"instock","restock_status":false,"low_stock_amount":"","sales_update_date":"2025-11-13T14:07:38","calc_backorders":null,"yoast_head":"<!-- This site is optimized with the Yoast SEO plugin v27.3 - https:\/\/yoast.com\/product\/yoast-seo-wordpress\/ -->\n<title>FIREMAPLE - Star X2 G\u0101zes deg\u013ca sist\u0113ma<\/title>\n<meta name=\"description\" content=\"Fixed-Star X2 v\u0101r\u012b\u0161an\u0101s laiks padara to par izcilu kempinga degli. X2 uzv\u0101ra \u016bdeni par 30% \u0101tr\u0101k nek\u0101 tradicion\u0101l\u0101s kempinga kr\u0101snis.\" \/>\n<meta name=\"robots\" content=\"index, follow, max-snippet:-1, max-image-preview:large, max-video-preview:-1\" \/>\n<link rel=\"canonical\" href=\"https:\/\/gohike.lv\/ru\/produkts\/firemaple-star-x2-cooking-system\/\" \/>\n<meta property=\"og:locale\" content=\"ru_RU\" \/>\n<meta property=\"og:type\" content=\"article\" \/>\n<meta property=\"og:title\" content=\"- FIREMAPLE Star X2 Cooking System\" \/>\n<meta property=\"og:description\" content=\"Fixed-Star X2 v\u0101r\u012b\u0161an\u0101s laiks padara to par izcilu kempinga degli. X2 uzv\u0101ra \u016bdeni par 30% \u0101tr\u0101k nek\u0101 tradicion\u0101l\u0101s kempinga kr\u0101snis.\" \/>\n<meta property=\"og:url\" content=\"https:\/\/gohike.lv\/ru\/produkts\/firemaple-star-x2-cooking-system\/\" \/>\n<meta property=\"og:site_name\" content=\"GoHike\" \/>\n<meta property=\"article:publisher\" content=\"https:\/\/www.facebook.com\/gohike.shop\/\" \/>\n<meta property=\"article:modified_time\" content=\"2025-12-31T17:13:06+00:00\" \/>\n<meta property=\"og:image\" content=\"https:\/\/gohike.lv\/wp-content\/uploads\/2025\/01\/Image_Editor-5-2.png\" \/>\n\t<meta property=\"og:image:width\" content=\"1200\" \/>\n\t<meta property=\"og:image:height\" content=\"1200\" \/>\n\t<meta property=\"og:image:type\" content=\"image\/png\" \/>\n<meta name=\"twitter:card\" content=\"summary_large_image\" \/>\n<meta name=\"twitter:title\" content=\"- FIREMAPLE Star X2 Cooking System\" \/>\n<meta name=\"twitter:label1\" content=\"\u041f\u0440\u0438\u043c\u0435\u0440\u043d\u043e\u0435 \u0432\u0440\u0435\u043c\u044f \u0434\u043b\u044f \u0447\u0442\u0435\u043d\u0438\u044f\" \/>\n\t<meta name=\"twitter:data1\" content=\"1 \u043c\u0438\u043d\u0443\u0442\u0430\" \/>\n<script type=\"application\/ld+json\" class=\"yoast-schema-graph\">{\"@context\":\"https:\\\/\\\/schema.org\",\"@graph\":[{\"@type\":[\"WebPage\",\"ItemPage\"],\"@id\":\"https:\\\/\\\/gohike.lv\\\/ru\\\/produkts\\\/firemaple-star-x2-cooking-system\\\/\",\"url\":\"https:\\\/\\\/gohike.lv\\\/ru\\\/produkts\\\/firemaple-star-x2-cooking-system\\\/\",\"name\":\"FIREMAPLE - Star X2 G\u0101zes deg\u013ca sist\u0113ma\",\"isPartOf\":{\"@id\":\"https:\\\/\\\/gohike.lv\\\/ru\\\/#website\"},\"primaryImageOfPage\":{\"@id\":\"https:\\\/\\\/gohike.lv\\\/ru\\\/produkts\\\/firemaple-star-x2-cooking-system\\\/#primaryimage\"},\"image\":{\"@id\":\"https:\\\/\\\/gohike.lv\\\/ru\\\/produkts\\\/firemaple-star-x2-cooking-system\\\/#primaryimage\"},\"thumbnailUrl\":\"https:\\\/\\\/gohike.lv\\\/wp-content\\\/uploads\\\/2025\\\/01\\\/Image_Editor-5-2.png\",\"datePublished\":\"2024-05-08T13:36:31+00:00\",\"dateModified\":\"2025-12-31T17:13:06+00:00\",\"description\":\"Fixed-Star X2 v\u0101r\u012b\u0161an\u0101s laiks padara to par izcilu kempinga degli. X2 uzv\u0101ra \u016bdeni par 30% \u0101tr\u0101k nek\u0101 tradicion\u0101l\u0101s kempinga kr\u0101snis.\",\"breadcrumb\":{\"@id\":\"https:\\\/\\\/gohike.lv\\\/ru\\\/produkts\\\/firemaple-star-x2-cooking-system\\\/#breadcrumb\"},\"inLanguage\":\"ru-RU\",\"potentialAction\":[{\"@type\":\"ReadAction\",\"target\":[\"https:\\\/\\\/gohike.lv\\\/ru\\\/produkts\\\/firemaple-star-x2-cooking-system\\\/\"]}]},{\"@type\":\"ImageObject\",\"inLanguage\":\"ru-RU\",\"@id\":\"https:\\\/\\\/gohike.lv\\\/ru\\\/produkts\\\/firemaple-star-x2-cooking-system\\\/#primaryimage\",\"url\":\"https:\\\/\\\/gohike.lv\\\/wp-content\\\/uploads\\\/2025\\\/01\\\/Image_Editor-5-2.png\",\"contentUrl\":\"https:\\\/\\\/gohike.lv\\\/wp-content\\\/uploads\\\/2025\\\/01\\\/Image_Editor-5-2.png\",\"width\":1200,\"height\":1200},{\"@type\":\"BreadcrumbList\",\"@id\":\"https:\\\/\\\/gohike.lv\\\/ru\\\/produkts\\\/firemaple-star-x2-cooking-system\\\/#breadcrumb\",\"itemListElement\":[{\"@type\":\"ListItem\",\"position\":1,\"name\":\"\u0413\u043b\u0430\u0432\u043d\u0430\u044f\",\"item\":\"https:\\\/\\\/gohike.lv\\\/ru\\\/\"},{\"@type\":\"ListItem\",\"position\":2,\"name\":\"\u041a\u0430\u0442\u0435\u0433\u043e\u0440\u0438\u0438 \u0442\u043e\u0432\u0430\u0440\u043e\u0432\",\"item\":\"https:\\\/\\\/gohike.lv\\\/%d0%ba%d0%b0%d1%82%d0%b5%d0%b3%d0%be%d1%80%d0%b8%d0%b8-%d1%82%d0%be%d0%b2%d0%b0%d1%80%d0%be%d0%b2\\\/\"},{\"@type\":\"ListItem\",\"position\":3,\"name\":\"FIREMAPLE &#8211; Star X2 G\u0101zes deg\u013ca sist\u0113ma\"}]},{\"@type\":\"WebSite\",\"@id\":\"https:\\\/\\\/gohike.lv\\\/ru\\\/#website\",\"url\":\"https:\\\/\\\/gohike.lv\\\/ru\\\/\",\"name\":\"GoHike\",\"description\":\"\",\"publisher\":{\"@id\":\"https:\\\/\\\/gohike.lv\\\/ru\\\/#organization\"},\"potentialAction\":[{\"@type\":\"SearchAction\",\"target\":{\"@type\":\"EntryPoint\",\"urlTemplate\":\"https:\\\/\\\/gohike.lv\\\/ru\\\/?s={search_term_string}\"},\"query-input\":{\"@type\":\"PropertyValueSpecification\",\"valueRequired\":true,\"valueName\":\"search_term_string\"}}],\"inLanguage\":\"ru-RU\"},{\"@type\":\"Organization\",\"@id\":\"https:\\\/\\\/gohike.lv\\\/ru\\\/#organization\",\"name\":\"GoHike\",\"url\":\"https:\\\/\\\/gohike.lv\\\/ru\\\/\",\"logo\":{\"@type\":\"ImageObject\",\"inLanguage\":\"ru-RU\",\"@id\":\"https:\\\/\\\/gohike.lv\\\/ru\\\/#\\\/schema\\\/logo\\\/image\\\/\",\"url\":\"https:\\\/\\\/gohike.lv\\\/wp-content\\\/uploads\\\/2023\\\/08\\\/Logo_GoHike.webp\",\"contentUrl\":\"https:\\\/\\\/gohike.lv\\\/wp-content\\\/uploads\\\/2023\\\/08\\\/Logo_GoHike.webp\",\"width\":512,\"height\":512,\"caption\":\"GoHike\"},\"image\":{\"@id\":\"https:\\\/\\\/gohike.lv\\\/ru\\\/#\\\/schema\\\/logo\\\/image\\\/\"},\"sameAs\":[\"https:\\\/\\\/www.facebook.com\\\/gohike.shop\\\/\",\"https:\\\/\\\/www.instagram.com\\\/gohike.shop\\\/\"]}]}<\/script>\n<!-- \/ Yoast SEO plugin. -->","yoast_head_json":{"title":"FIREMAPLE - Star X2 G\u0101zes deg\u013ca sist\u0113ma","description":"Fixed-Star X2 v\u0101r\u012b\u0161an\u0101s laiks padara to par izcilu kempinga degli. X2 uzv\u0101ra \u016bdeni par 30% \u0101tr\u0101k nek\u0101 tradicion\u0101l\u0101s kempinga kr\u0101snis.","robots":{"index":"index","follow":"follow","max-snippet":"max-snippet:-1","max-image-preview":"max-image-preview:large","max-video-preview":"max-video-preview:-1"},"canonical":"https:\/\/gohike.lv\/ru\/produkts\/firemaple-star-x2-cooking-system\/","og_locale":"ru_RU","og_type":"article","og_title":"- FIREMAPLE Star X2 Cooking System","og_description":"Fixed-Star X2 v\u0101r\u012b\u0161an\u0101s laiks padara to par izcilu kempinga degli. X2 uzv\u0101ra \u016bdeni par 30% \u0101tr\u0101k nek\u0101 tradicion\u0101l\u0101s kempinga kr\u0101snis.","og_url":"https:\/\/gohike.lv\/ru\/produkts\/firemaple-star-x2-cooking-system\/","og_site_name":"GoHike","article_publisher":"https:\/\/www.facebook.com\/gohike.shop\/","article_modified_time":"2025-12-31T17:13:06+00:00","og_image":[{"width":1200,"height":1200,"url":"https:\/\/gohike.lv\/wp-content\/uploads\/2025\/01\/Image_Editor-5-2.png","type":"image\/png"}],"twitter_card":"summary_large_image","twitter_title":"- FIREMAPLE Star X2 Cooking System","twitter_misc":{"\u041f\u0440\u0438\u043c\u0435\u0440\u043d\u043e\u0435 \u0432\u0440\u0435\u043c\u044f \u0434\u043b\u044f \u0447\u0442\u0435\u043d\u0438\u044f":"1 \u043c\u0438\u043d\u0443\u0442\u0430"},"schema":{"@context":"https:\/\/schema.org","@graph":[{"@type":["WebPage","ItemPage"],"@id":"https:\/\/gohike.lv\/ru\/produkts\/firemaple-star-x2-cooking-system\/","url":"https:\/\/gohike.lv\/ru\/produkts\/firemaple-star-x2-cooking-system\/","name":"FIREMAPLE - Star X2 G\u0101zes deg\u013ca sist\u0113ma","isPartOf":{"@id":"https:\/\/gohike.lv\/ru\/#website"},"primaryImageOfPage":{"@id":"https:\/\/gohike.lv\/ru\/produkts\/firemaple-star-x2-cooking-system\/#primaryimage"},"image":{"@id":"https:\/\/gohike.lv\/ru\/produkts\/firemaple-star-x2-cooking-system\/#primaryimage"},"thumbnailUrl":"https:\/\/gohike.lv\/wp-content\/uploads\/2025\/01\/Image_Editor-5-2.png","datePublished":"2024-05-08T13:36:31+00:00","dateModified":"2025-12-31T17:13:06+00:00","description":"Fixed-Star X2 v\u0101r\u012b\u0161an\u0101s laiks padara to par izcilu kempinga degli. X2 uzv\u0101ra \u016bdeni par 30% \u0101tr\u0101k nek\u0101 tradicion\u0101l\u0101s kempinga kr\u0101snis.","breadcrumb":{"@id":"https:\/\/gohike.lv\/ru\/produkts\/firemaple-star-x2-cooking-system\/#breadcrumb"},"inLanguage":"ru-RU","potentialAction":[{"@type":"ReadAction","target":["https:\/\/gohike.lv\/ru\/produkts\/firemaple-star-x2-cooking-system\/"]}]},{"@type":"ImageObject","inLanguage":"ru-RU","@id":"https:\/\/gohike.lv\/ru\/produkts\/firemaple-star-x2-cooking-system\/#primaryimage","url":"https:\/\/gohike.lv\/wp-content\/uploads\/2025\/01\/Image_Editor-5-2.png","contentUrl":"https:\/\/gohike.lv\/wp-content\/uploads\/2025\/01\/Image_Editor-5-2.png","width":1200,"height":1200},{"@type":"BreadcrumbList","@id":"https:\/\/gohike.lv\/ru\/produkts\/firemaple-star-x2-cooking-system\/#breadcrumb","itemListElement":[{"@type":"ListItem","position":1,"name":"\u0413\u043b\u0430\u0432\u043d\u0430\u044f","item":"https:\/\/gohike.lv\/ru\/"},{"@type":"ListItem","position":2,"name":"\u041a\u0430\u0442\u0435\u0433\u043e\u0440\u0438\u0438 \u0442\u043e\u0432\u0430\u0440\u043e\u0432","item":"https:\/\/gohike.lv\/%d0%ba%d0%b0%d1%82%d0%b5%d0%b3%d0%be%d1%80%d0%b8%d0%b8-%d1%82%d0%be%d0%b2%d0%b0%d1%80%d0%be%d0%b2\/"},{"@type":"ListItem","position":3,"name":"FIREMAPLE &#8211; Star X2 G\u0101zes deg\u013ca sist\u0113ma"}]},{"@type":"WebSite","@id":"https:\/\/gohike.lv\/ru\/#website","url":"https:\/\/gohike.lv\/ru\/","name":"GoHike","description":"","publisher":{"@id":"https:\/\/gohike.lv\/ru\/#organization"},"potentialAction":[{"@type":"SearchAction","target":{"@type":"EntryPoint","urlTemplate":"https:\/\/gohike.lv\/ru\/?s={search_term_string}"},"query-input":{"@type":"PropertyValueSpecification","valueRequired":true,"valueName":"search_term_string"}}],"inLanguage":"ru-RU"},{"@type":"Organization","@id":"https:\/\/gohike.lv\/ru\/#organization","name":"GoHike","url":"https:\/\/gohike.lv\/ru\/","logo":{"@type":"ImageObject","inLanguage":"ru-RU","@id":"https:\/\/gohike.lv\/ru\/#\/schema\/logo\/image\/","url":"https:\/\/gohike.lv\/wp-content\/uploads\/2023\/08\/Logo_GoHike.webp","contentUrl":"https:\/\/gohike.lv\/wp-content\/uploads\/2023\/08\/Logo_GoHike.webp","width":512,"height":512,"caption":"GoHike"},"image":{"@id":"https:\/\/gohike.lv\/ru\/#\/schema\/logo\/image\/"},"sameAs":["https:\/\/www.facebook.com\/gohike.shop\/","https:\/\/www.instagram.com\/gohike.shop\/"]}]}},"jetpack_sharing_enabled":true,"_links":{"self":[{"href":"https:\/\/gohike.lv\/ru\/wp-json\/wp\/v2\/product\/53954","targetHints":{"allow":["GET"]}}],"collection":[{"href":"https:\/\/gohike.lv\/ru\/wp-json\/wp\/v2\/product"}],"about":[{"href":"https:\/\/gohike.lv\/ru\/wp-json\/wp\/v2\/types\/product"}],"version-history":[{"count":0,"href":"https:\/\/gohike.lv\/ru\/wp-json\/wp\/v2\/product\/53954\/revisions"}],"wp:featuredmedia":[{"embeddable":true,"href":"https:\/\/gohike.lv\/ru\/wp-json\/wp\/v2\/media\/65370"}],"wp:attachment":[{"href":"https:\/\/gohike.lv\/ru\/wp-json\/wp\/v2\/media?parent=53954"}],"wp:term":[{"taxonomy":"product_brand","embeddable":true,"href":"https:\/\/gohike.lv\/ru\/wp-json\/wp\/v2\/product_brand?post=53954"},{"taxonomy":"product_cat","embeddable":true,"href":"https:\/\/gohike.lv\/ru\/wp-json\/wp\/v2\/product_cat?post=53954"},{"taxonomy":"product_tag","embeddable":true,"href":"https:\/\/gohike.lv\/ru\/wp-json\/wp\/v2\/product_tag?post=53954"}],"curies":[{"name":"wp","href":"https:\/\/api.w.org\/{rel}","templated":true}]}}