{"id":53950,"date":"2024-05-08T16:36:31","date_gmt":"2024-05-08T13:36:31","guid":{"rendered":"https:\/\/gohike.lv\/produkts\/firemaple-polaris-pressure-regulator-cooking-system\/"},"modified":"2025-12-31T20:12:59","modified_gmt":"2025-12-31T17:12:59","slug":"firemaple-polaris-pressure-regulator-cooking-system","status":"publish","type":"product","link":"https:\/\/gohike.lv\/ru\/produkts\/firemaple-polaris-pressure-regulator-cooking-system\/","title":{"rendered":"FIREMAPLE &#8212; Polaris G\u0101zes deg\u013ca sist\u0113ma ar spiediena regulatoru"},"content":{"rendered":"<p>Da\u017e\u0101dos vides apst\u0101k\u013cos Polaris gatavo\u0161anas sist\u0113ma uztur vienm\u0113r\u012bgu deg\u013ca jaudu.<br \/>\nTas nevainojami darbojas skarb\u0101 temperat\u016br\u0101 un pied\u0101v\u0101 v\u0101r\u012b\u0161anas kontroli da\u017e\u0101d\u0101m gatavo\u0161anas situ\u0101cij\u0101m.<br \/>\nSiltums par\u0101d\u0101s uzreiz ar \u0113rtu, uzticamu spiedpogas aizdedzi, kas tiek kontrol\u0113ta vienm\u0113r\u012bgai darb\u012bbai l\u012bdz 20 \u00b0F (-6 \u00b0C).<\/p>\n","protected":false},"excerpt":{"rendered":"<p>FireMaple revolucion\u0101r\u0101 mikroregul\u0113\u0161anas tehnolo\u0123ija nodro\u0161ina pak\u0101penisku siltuma regul\u0113\u0161anu no vieglas sild\u012b\u0161anas l\u012bdz v\u0101r\u012b\u0161anai.<\/p>\n","protected":false},"featured_media":12091,"template":"","meta":[],"product_brand":[15368],"product_cat":[13194],"product_tag":[],"class_list":{"0":"post-53950","1":"product","2":"type-product","3":"status-publish","4":"has-post-thumbnail","6":"product_brand-firemaple-ru","7":"product_cat-13194","8":"pa_izmers-atlocits-size-123-mmd254-mmw264-5-mmh-satlocits-size-123-mmd132-mmw207-mmh","9":"pa_jauda-1800w","10":"pa_materiali-anodizets-aluminijs-nerusejosais-terauds-trits-silikons-vara","11":"pa_produkta-tips-degli","12":"pa_spalva-sarkans","13":"pa_spalva-zils","14":"pa_varisanas-laiks-1min-50sec-per-0-5-liter","16":"first","17":"instock","18":"taxable","19":"shipping-taxable","20":"purchasable","21":"product-type-variable","22":"has-default-attributes"},"raw_content":{"name":"FIREMAPLE - Polaris G\u0101zes deg\u013ca sist\u0113ma ar spiediena regulatoru","description":"Da\u017e\u0101dos vides apst\u0101k\u013cos Polaris gatavo\u0161anas sist\u0113ma uztur vienm\u0113r\u012bgu deg\u013ca jaudu.\nTas nevainojami darbojas skarb\u0101 temperat\u016br\u0101 un pied\u0101v\u0101 v\u0101r\u012b\u0161anas kontroli da\u017e\u0101d\u0101m gatavo\u0161anas situ\u0101cij\u0101m.\nSiltums par\u0101d\u0101s uzreiz ar \u0113rtu, uzticamu spiedpogas aizdedzi, kas tiek kontrol\u0113ta vienm\u0113r\u012bgai darb\u012bbai l\u012bdz 20 \u00b0F (-6 \u00b0C).","short_description":"FireMaple revolucion\u0101r\u0101 mikroregul\u0113\u0161anas tehnolo\u0123ija nodro\u0161ina pak\u0101penisku siltuma regul\u0113\u0161anu no vieglas sild\u012b\u0161anas l\u012bdz v\u0101r\u012b\u0161anai.","status":"publish","sku":"FMP001","original":53950},"wpml":{"translation_type":1,"has_translations":true,"original":53950,"duplicates":[],"translations":{"lv":53950,"en":67456,"ru":null}},"supplier_id":null,"supplier_sku":"","barcode":null,"atum_controlled":true,"out_stock_date":null,"out_stock_threshold":null,"inheritable":false,"inbound_stock":0,"stock_on_hold":0,"sold_today":0,"sales_last_days":0,"reserved_stock":0,"customer_returns":0,"warehouse_damage":0,"lost_in_post":0,"other_logs":0,"out_stock_days":0,"lost_sales":0,"has_location":null,"update_date":"2025-12-30T14:13:28","atum_locations":[],"atum_stock_status":"instock","restock_status":false,"low_stock_amount":"","sales_update_date":"2025-11-13T14:07:24","calc_backorders":null,"yoast_head":"<!-- This site is optimized with the Yoast SEO plugin v27.3 - https:\/\/yoast.com\/product\/yoast-seo-wordpress\/ -->\n<title>FIREMAPLE - Polaris G\u0101zes deg\u013ca sist\u0113ma ar spiediena regulatoru<\/title>\n<meta name=\"description\" content=\"FireMaple revolucion\u0101r\u0101 mikroregul\u0113\u0161anas tehnolo\u0123ija nodro\u0161ina pak\u0101penisku siltuma regul\u0113\u0161anu no vieglas sild\u012b\u0161anas l\u012bdz v\u0101r\u012b\u0161anai.\" \/>\n<meta name=\"robots\" content=\"index, follow, max-snippet:-1, max-image-preview:large, max-video-preview:-1\" \/>\n<link rel=\"canonical\" href=\"https:\/\/gohike.lv\/ru\/produkts\/firemaple-polaris-pressure-regulator-cooking-system\/\" \/>\n<meta property=\"og:locale\" content=\"ru_RU\" \/>\n<meta property=\"og:type\" content=\"article\" \/>\n<meta property=\"og:title\" content=\"- FIREMAPLE Polaris Pressure-Regulator Cooking System\" \/>\n<meta property=\"og:description\" content=\"FireMaple revolucion\u0101r\u0101 mikroregul\u0113\u0161anas tehnolo\u0123ija nodro\u0161ina pak\u0101penisku siltuma regul\u0113\u0161anu no vieglas sild\u012b\u0161anas l\u012bdz v\u0101r\u012b\u0161anai.\" \/>\n<meta property=\"og:url\" content=\"https:\/\/gohike.lv\/ru\/produkts\/firemaple-polaris-pressure-regulator-cooking-system\/\" \/>\n<meta property=\"og:site_name\" content=\"GoHike\" \/>\n<meta property=\"article:publisher\" content=\"https:\/\/www.facebook.com\/gohike.shop\/\" \/>\n<meta property=\"article:modified_time\" content=\"2025-12-31T17:12:59+00:00\" \/>\n<meta property=\"og:image\" content=\"https:\/\/gohike.lv\/wp-content\/uploads\/2023\/11\/polaris_pressure-regulator_cooking_system-1.webp\" \/>\n\t<meta property=\"og:image:width\" content=\"1100\" \/>\n\t<meta property=\"og:image:height\" content=\"1100\" \/>\n\t<meta property=\"og:image:type\" content=\"image\/webp\" \/>\n<meta name=\"twitter:card\" content=\"summary_large_image\" \/>\n<meta name=\"twitter:title\" content=\"- FIREMAPLE Polaris Pressure-Regulator Cooking System\" \/>\n<meta name=\"twitter:label1\" content=\"\u041f\u0440\u0438\u043c\u0435\u0440\u043d\u043e\u0435 \u0432\u0440\u0435\u043c\u044f \u0434\u043b\u044f \u0447\u0442\u0435\u043d\u0438\u044f\" \/>\n\t<meta name=\"twitter:data1\" content=\"1 \u043c\u0438\u043d\u0443\u0442\u0430\" \/>\n<script type=\"application\/ld+json\" class=\"yoast-schema-graph\">{\"@context\":\"https:\\\/\\\/schema.org\",\"@graph\":[{\"@type\":[\"WebPage\",\"ItemPage\"],\"@id\":\"https:\\\/\\\/gohike.lv\\\/ru\\\/produkts\\\/firemaple-polaris-pressure-regulator-cooking-system\\\/\",\"url\":\"https:\\\/\\\/gohike.lv\\\/ru\\\/produkts\\\/firemaple-polaris-pressure-regulator-cooking-system\\\/\",\"name\":\"FIREMAPLE - Polaris G\u0101zes deg\u013ca sist\u0113ma ar spiediena regulatoru\",\"isPartOf\":{\"@id\":\"https:\\\/\\\/gohike.lv\\\/ru\\\/#website\"},\"primaryImageOfPage\":{\"@id\":\"https:\\\/\\\/gohike.lv\\\/ru\\\/produkts\\\/firemaple-polaris-pressure-regulator-cooking-system\\\/#primaryimage\"},\"image\":{\"@id\":\"https:\\\/\\\/gohike.lv\\\/ru\\\/produkts\\\/firemaple-polaris-pressure-regulator-cooking-system\\\/#primaryimage\"},\"thumbnailUrl\":\"https:\\\/\\\/gohike.lv\\\/wp-content\\\/uploads\\\/2023\\\/11\\\/polaris_pressure-regulator_cooking_system-1.webp\",\"datePublished\":\"2024-05-08T13:36:31+00:00\",\"dateModified\":\"2025-12-31T17:12:59+00:00\",\"description\":\"FireMaple revolucion\u0101r\u0101 mikroregul\u0113\u0161anas tehnolo\u0123ija nodro\u0161ina pak\u0101penisku siltuma regul\u0113\u0161anu no vieglas sild\u012b\u0161anas l\u012bdz v\u0101r\u012b\u0161anai.\",\"breadcrumb\":{\"@id\":\"https:\\\/\\\/gohike.lv\\\/ru\\\/produkts\\\/firemaple-polaris-pressure-regulator-cooking-system\\\/#breadcrumb\"},\"inLanguage\":\"ru-RU\",\"potentialAction\":[{\"@type\":\"ReadAction\",\"target\":[\"https:\\\/\\\/gohike.lv\\\/ru\\\/produkts\\\/firemaple-polaris-pressure-regulator-cooking-system\\\/\"]}]},{\"@type\":\"ImageObject\",\"inLanguage\":\"ru-RU\",\"@id\":\"https:\\\/\\\/gohike.lv\\\/ru\\\/produkts\\\/firemaple-polaris-pressure-regulator-cooking-system\\\/#primaryimage\",\"url\":\"https:\\\/\\\/gohike.lv\\\/wp-content\\\/uploads\\\/2023\\\/11\\\/polaris_pressure-regulator_cooking_system-1.webp\",\"contentUrl\":\"https:\\\/\\\/gohike.lv\\\/wp-content\\\/uploads\\\/2023\\\/11\\\/polaris_pressure-regulator_cooking_system-1.webp\",\"width\":1100,\"height\":1100},{\"@type\":\"BreadcrumbList\",\"@id\":\"https:\\\/\\\/gohike.lv\\\/ru\\\/produkts\\\/firemaple-polaris-pressure-regulator-cooking-system\\\/#breadcrumb\",\"itemListElement\":[{\"@type\":\"ListItem\",\"position\":1,\"name\":\"\u0413\u043b\u0430\u0432\u043d\u0430\u044f\",\"item\":\"https:\\\/\\\/gohike.lv\\\/ru\\\/\"},{\"@type\":\"ListItem\",\"position\":2,\"name\":\"\u041a\u0430\u0442\u0435\u0433\u043e\u0440\u0438\u0438 \u0442\u043e\u0432\u0430\u0440\u043e\u0432\",\"item\":\"https:\\\/\\\/gohike.lv\\\/%d0%ba%d0%b0%d1%82%d0%b5%d0%b3%d0%be%d1%80%d0%b8%d0%b8-%d1%82%d0%be%d0%b2%d0%b0%d1%80%d0%be%d0%b2\\\/\"},{\"@type\":\"ListItem\",\"position\":3,\"name\":\"FIREMAPLE &#8211; Polaris G\u0101zes deg\u013ca sist\u0113ma ar spiediena regulatoru\"}]},{\"@type\":\"WebSite\",\"@id\":\"https:\\\/\\\/gohike.lv\\\/ru\\\/#website\",\"url\":\"https:\\\/\\\/gohike.lv\\\/ru\\\/\",\"name\":\"GoHike\",\"description\":\"\",\"publisher\":{\"@id\":\"https:\\\/\\\/gohike.lv\\\/ru\\\/#organization\"},\"potentialAction\":[{\"@type\":\"SearchAction\",\"target\":{\"@type\":\"EntryPoint\",\"urlTemplate\":\"https:\\\/\\\/gohike.lv\\\/ru\\\/?s={search_term_string}\"},\"query-input\":{\"@type\":\"PropertyValueSpecification\",\"valueRequired\":true,\"valueName\":\"search_term_string\"}}],\"inLanguage\":\"ru-RU\"},{\"@type\":\"Organization\",\"@id\":\"https:\\\/\\\/gohike.lv\\\/ru\\\/#organization\",\"name\":\"GoHike\",\"url\":\"https:\\\/\\\/gohike.lv\\\/ru\\\/\",\"logo\":{\"@type\":\"ImageObject\",\"inLanguage\":\"ru-RU\",\"@id\":\"https:\\\/\\\/gohike.lv\\\/ru\\\/#\\\/schema\\\/logo\\\/image\\\/\",\"url\":\"https:\\\/\\\/gohike.lv\\\/wp-content\\\/uploads\\\/2023\\\/08\\\/Logo_GoHike.webp\",\"contentUrl\":\"https:\\\/\\\/gohike.lv\\\/wp-content\\\/uploads\\\/2023\\\/08\\\/Logo_GoHike.webp\",\"width\":512,\"height\":512,\"caption\":\"GoHike\"},\"image\":{\"@id\":\"https:\\\/\\\/gohike.lv\\\/ru\\\/#\\\/schema\\\/logo\\\/image\\\/\"},\"sameAs\":[\"https:\\\/\\\/www.facebook.com\\\/gohike.shop\\\/\",\"https:\\\/\\\/www.instagram.com\\\/gohike.shop\\\/\"]}]}<\/script>\n<!-- \/ Yoast SEO plugin. -->","yoast_head_json":{"title":"FIREMAPLE - Polaris G\u0101zes deg\u013ca sist\u0113ma ar spiediena regulatoru","description":"FireMaple revolucion\u0101r\u0101 mikroregul\u0113\u0161anas tehnolo\u0123ija nodro\u0161ina pak\u0101penisku siltuma regul\u0113\u0161anu no vieglas sild\u012b\u0161anas l\u012bdz v\u0101r\u012b\u0161anai.","robots":{"index":"index","follow":"follow","max-snippet":"max-snippet:-1","max-image-preview":"max-image-preview:large","max-video-preview":"max-video-preview:-1"},"canonical":"https:\/\/gohike.lv\/ru\/produkts\/firemaple-polaris-pressure-regulator-cooking-system\/","og_locale":"ru_RU","og_type":"article","og_title":"- FIREMAPLE Polaris Pressure-Regulator Cooking System","og_description":"FireMaple revolucion\u0101r\u0101 mikroregul\u0113\u0161anas tehnolo\u0123ija nodro\u0161ina pak\u0101penisku siltuma regul\u0113\u0161anu no vieglas sild\u012b\u0161anas l\u012bdz v\u0101r\u012b\u0161anai.","og_url":"https:\/\/gohike.lv\/ru\/produkts\/firemaple-polaris-pressure-regulator-cooking-system\/","og_site_name":"GoHike","article_publisher":"https:\/\/www.facebook.com\/gohike.shop\/","article_modified_time":"2025-12-31T17:12:59+00:00","og_image":[{"width":1100,"height":1100,"url":"https:\/\/gohike.lv\/wp-content\/uploads\/2023\/11\/polaris_pressure-regulator_cooking_system-1.webp","type":"image\/webp"}],"twitter_card":"summary_large_image","twitter_title":"- FIREMAPLE Polaris Pressure-Regulator Cooking System","twitter_misc":{"\u041f\u0440\u0438\u043c\u0435\u0440\u043d\u043e\u0435 \u0432\u0440\u0435\u043c\u044f \u0434\u043b\u044f \u0447\u0442\u0435\u043d\u0438\u044f":"1 \u043c\u0438\u043d\u0443\u0442\u0430"},"schema":{"@context":"https:\/\/schema.org","@graph":[{"@type":["WebPage","ItemPage"],"@id":"https:\/\/gohike.lv\/ru\/produkts\/firemaple-polaris-pressure-regulator-cooking-system\/","url":"https:\/\/gohike.lv\/ru\/produkts\/firemaple-polaris-pressure-regulator-cooking-system\/","name":"FIREMAPLE - Polaris G\u0101zes deg\u013ca sist\u0113ma ar spiediena regulatoru","isPartOf":{"@id":"https:\/\/gohike.lv\/ru\/#website"},"primaryImageOfPage":{"@id":"https:\/\/gohike.lv\/ru\/produkts\/firemaple-polaris-pressure-regulator-cooking-system\/#primaryimage"},"image":{"@id":"https:\/\/gohike.lv\/ru\/produkts\/firemaple-polaris-pressure-regulator-cooking-system\/#primaryimage"},"thumbnailUrl":"https:\/\/gohike.lv\/wp-content\/uploads\/2023\/11\/polaris_pressure-regulator_cooking_system-1.webp","datePublished":"2024-05-08T13:36:31+00:00","dateModified":"2025-12-31T17:12:59+00:00","description":"FireMaple revolucion\u0101r\u0101 mikroregul\u0113\u0161anas tehnolo\u0123ija nodro\u0161ina pak\u0101penisku siltuma regul\u0113\u0161anu no vieglas sild\u012b\u0161anas l\u012bdz v\u0101r\u012b\u0161anai.","breadcrumb":{"@id":"https:\/\/gohike.lv\/ru\/produkts\/firemaple-polaris-pressure-regulator-cooking-system\/#breadcrumb"},"inLanguage":"ru-RU","potentialAction":[{"@type":"ReadAction","target":["https:\/\/gohike.lv\/ru\/produkts\/firemaple-polaris-pressure-regulator-cooking-system\/"]}]},{"@type":"ImageObject","inLanguage":"ru-RU","@id":"https:\/\/gohike.lv\/ru\/produkts\/firemaple-polaris-pressure-regulator-cooking-system\/#primaryimage","url":"https:\/\/gohike.lv\/wp-content\/uploads\/2023\/11\/polaris_pressure-regulator_cooking_system-1.webp","contentUrl":"https:\/\/gohike.lv\/wp-content\/uploads\/2023\/11\/polaris_pressure-regulator_cooking_system-1.webp","width":1100,"height":1100},{"@type":"BreadcrumbList","@id":"https:\/\/gohike.lv\/ru\/produkts\/firemaple-polaris-pressure-regulator-cooking-system\/#breadcrumb","itemListElement":[{"@type":"ListItem","position":1,"name":"\u0413\u043b\u0430\u0432\u043d\u0430\u044f","item":"https:\/\/gohike.lv\/ru\/"},{"@type":"ListItem","position":2,"name":"\u041a\u0430\u0442\u0435\u0433\u043e\u0440\u0438\u0438 \u0442\u043e\u0432\u0430\u0440\u043e\u0432","item":"https:\/\/gohike.lv\/%d0%ba%d0%b0%d1%82%d0%b5%d0%b3%d0%be%d1%80%d0%b8%d0%b8-%d1%82%d0%be%d0%b2%d0%b0%d1%80%d0%be%d0%b2\/"},{"@type":"ListItem","position":3,"name":"FIREMAPLE &#8211; Polaris G\u0101zes deg\u013ca sist\u0113ma ar spiediena regulatoru"}]},{"@type":"WebSite","@id":"https:\/\/gohike.lv\/ru\/#website","url":"https:\/\/gohike.lv\/ru\/","name":"GoHike","description":"","publisher":{"@id":"https:\/\/gohike.lv\/ru\/#organization"},"potentialAction":[{"@type":"SearchAction","target":{"@type":"EntryPoint","urlTemplate":"https:\/\/gohike.lv\/ru\/?s={search_term_string}"},"query-input":{"@type":"PropertyValueSpecification","valueRequired":true,"valueName":"search_term_string"}}],"inLanguage":"ru-RU"},{"@type":"Organization","@id":"https:\/\/gohike.lv\/ru\/#organization","name":"GoHike","url":"https:\/\/gohike.lv\/ru\/","logo":{"@type":"ImageObject","inLanguage":"ru-RU","@id":"https:\/\/gohike.lv\/ru\/#\/schema\/logo\/image\/","url":"https:\/\/gohike.lv\/wp-content\/uploads\/2023\/08\/Logo_GoHike.webp","contentUrl":"https:\/\/gohike.lv\/wp-content\/uploads\/2023\/08\/Logo_GoHike.webp","width":512,"height":512,"caption":"GoHike"},"image":{"@id":"https:\/\/gohike.lv\/ru\/#\/schema\/logo\/image\/"},"sameAs":["https:\/\/www.facebook.com\/gohike.shop\/","https:\/\/www.instagram.com\/gohike.shop\/"]}]}},"jetpack_sharing_enabled":true,"_links":{"self":[{"href":"https:\/\/gohike.lv\/ru\/wp-json\/wp\/v2\/product\/53950","targetHints":{"allow":["GET"]}}],"collection":[{"href":"https:\/\/gohike.lv\/ru\/wp-json\/wp\/v2\/product"}],"about":[{"href":"https:\/\/gohike.lv\/ru\/wp-json\/wp\/v2\/types\/product"}],"version-history":[{"count":0,"href":"https:\/\/gohike.lv\/ru\/wp-json\/wp\/v2\/product\/53950\/revisions"}],"wp:featuredmedia":[{"embeddable":true,"href":"https:\/\/gohike.lv\/ru\/wp-json\/wp\/v2\/media\/12091"}],"wp:attachment":[{"href":"https:\/\/gohike.lv\/ru\/wp-json\/wp\/v2\/media?parent=53950"}],"wp:term":[{"taxonomy":"product_brand","embeddable":true,"href":"https:\/\/gohike.lv\/ru\/wp-json\/wp\/v2\/product_brand?post=53950"},{"taxonomy":"product_cat","embeddable":true,"href":"https:\/\/gohike.lv\/ru\/wp-json\/wp\/v2\/product_cat?post=53950"},{"taxonomy":"product_tag","embeddable":true,"href":"https:\/\/gohike.lv\/ru\/wp-json\/wp\/v2\/product_tag?post=53950"}],"curies":[{"name":"wp","href":"https:\/\/api.w.org\/{rel}","templated":true}]}}