{"id":53948,"date":"2024-05-08T16:23:48","date_gmt":"2024-05-08T13:23:48","guid":{"rendered":"https:\/\/gohike.lv\/produkts\/firemaple-feast-k2-aluminija-trauki-ar-siltummaini\/"},"modified":"2026-01-02T20:06:13","modified_gmt":"2026-01-02T17:06:13","slug":"firemaple-feast-k2-aluminija-trauki-ar-siltummaini","status":"publish","type":"product","link":"https:\/\/gohike.lv\/ru\/produkts\/firemaple-feast-k2-aluminija-trauki-ar-siltummaini\/","title":{"rendered":"FIREMAPLE &#8212; Feast K2 alum\u012bnija trauki ar siltummaini"},"content":{"rendered":"<p>Feast K2 ir apr\u012bkots ar unik\u0101lu augstas kvalit\u0101tes silikona rokturi, kas ne\u013cauj apdedzin\u0101t roku.<br \/>\nAugst\u0101k\u0101s kvalit\u0101tes konstrukcija ar cieti anod\u0113tu alum\u012bniju un ner\u016bs\u0113jo\u0161o t\u0113raudu ar salok\u0101mu rokturi, lai to var\u0113tu viegli uzglab\u0101t som\u0101.<\/p>\n","protected":false},"excerpt":{"rendered":"<p>Feast K2 augstas efektivit\u0101tes kempinga virtuves trauku katls ir iztur\u012bgs un viegls.<\/p>\n","protected":false},"featured_media":12290,"template":"","meta":[],"product_brand":[1080],"product_cat":[1012],"product_tag":[],"class_list":{"0":"post-53948","1":"product","2":"type-product","3":"status-publish","4":"has-post-thumbnail","6":"product_brand-firemaple-lv","7":"product_cat-virtuves-piederumi","8":"pa_materiali-anodizets-aluminijs","9":"pa_materiali-ar-neilonu-parklats-rokturis","10":"pa_materiali-ciets","11":"pa_materiali-nerusejosais-terauds","12":"pa_produkta-tips-katli-un-pannas","13":"pa_spalva-sudrabs","14":"pa_tilpums-1500ml","16":"first","17":"instock","18":"taxable","19":"shipping-taxable","20":"purchasable","21":"product-type-simple"},"raw_content":{"name":"FIREMAPLE - Feast K2 alum\u012bnija trauki ar siltummaini","description":"Feast K2 ir apr\u012bkots ar unik\u0101lu augstas kvalit\u0101tes silikona rokturi, kas ne\u013cauj apdedzin\u0101t roku.\nAugst\u0101k\u0101s kvalit\u0101tes konstrukcija ar cieti anod\u0113tu alum\u012bniju un ner\u016bs\u0113jo\u0161o t\u0113raudu ar salok\u0101mu rokturi, lai to var\u0113tu viegli uzglab\u0101t som\u0101.","short_description":"Feast K2 augstas efektivit\u0101tes kempinga virtuves trauku katls ir iztur\u012bgs un viegls.","status":"publish","sku":"FIREMAPLE_40","original":53948},"wpml":{"translation_type":1,"has_translations":true,"original":53948,"duplicates":[],"translations":{"lv":53948,"en":67455,"ru":null}},"supplier_id":null,"supplier_sku":"","barcode":null,"atum_controlled":true,"out_stock_date":null,"out_stock_threshold":null,"inheritable":false,"inbound_stock":0,"stock_on_hold":0,"sold_today":0,"sales_last_days":0,"reserved_stock":0,"customer_returns":0,"warehouse_damage":0,"lost_in_post":0,"other_logs":0,"out_stock_days":0,"lost_sales":0,"has_location":false,"update_date":"2026-01-02T17:06:14","atum_locations":[],"atum_stock_status":"instock","restock_status":false,"low_stock_amount":"","sales_update_date":"2025-11-13T14:09:01","calc_backorders":null,"yoast_head":"<!-- This site is optimized with the Yoast SEO plugin v27.3 - https:\/\/yoast.com\/product\/yoast-seo-wordpress\/ -->\n<title>FIREMAPLE - Feast K2 alum\u012bnija trauki ar siltummaini<\/title>\n<meta name=\"description\" content=\"Feast K2 augstas efektivit\u0101tes kempinga virtuves trauku katls ir iztur\u012bgs un viegls.\" \/>\n<meta name=\"robots\" content=\"index, follow, max-snippet:-1, max-image-preview:large, max-video-preview:-1\" \/>\n<link rel=\"canonical\" href=\"https:\/\/gohike.lv\/ru\/produkts\/firemaple-feast-k2-aluminija-trauki-ar-siltummaini\/\" \/>\n<meta property=\"og:locale\" content=\"ru_RU\" \/>\n<meta property=\"og:type\" content=\"article\" \/>\n<meta property=\"og:title\" content=\"Katli un pannas - FIREMAPLE Feast K2 alum\u012bnija trauki ar siltummaini\" \/>\n<meta property=\"og:description\" content=\"Feast K2 augstas efektivit\u0101tes kempinga virtuves trauku katls ir iztur\u012bgs un viegls.\" \/>\n<meta property=\"og:url\" content=\"https:\/\/gohike.lv\/ru\/produkts\/firemaple-feast-k2-aluminija-trauki-ar-siltummaini\/\" \/>\n<meta property=\"og:site_name\" content=\"GoHike\" \/>\n<meta property=\"article:publisher\" content=\"https:\/\/www.facebook.com\/gohike.shop\/\" \/>\n<meta property=\"article:modified_time\" content=\"2026-01-02T17:06:13+00:00\" \/>\n<meta property=\"og:image\" content=\"https:\/\/gohike.lv\/wp-content\/uploads\/2023\/11\/feast-K2-1.jpg\" \/>\n\t<meta property=\"og:image:width\" content=\"720\" \/>\n\t<meta property=\"og:image:height\" content=\"720\" \/>\n\t<meta property=\"og:image:type\" content=\"image\/jpeg\" \/>\n<meta name=\"twitter:card\" content=\"summary_large_image\" \/>\n<meta name=\"twitter:title\" content=\"Katli un pannas - FIREMAPLE Feast K2 alum\u012bnija trauki ar siltummaini\" \/>\n<meta name=\"twitter:label1\" content=\"\u041f\u0440\u0438\u043c\u0435\u0440\u043d\u043e\u0435 \u0432\u0440\u0435\u043c\u044f \u0434\u043b\u044f \u0447\u0442\u0435\u043d\u0438\u044f\" \/>\n\t<meta name=\"twitter:data1\" content=\"1 \u043c\u0438\u043d\u0443\u0442\u0430\" \/>\n<script type=\"application\/ld+json\" class=\"yoast-schema-graph\">{\"@context\":\"https:\\\/\\\/schema.org\",\"@graph\":[{\"@type\":[\"WebPage\",\"ItemPage\"],\"@id\":\"https:\\\/\\\/gohike.lv\\\/ru\\\/produkts\\\/firemaple-feast-k2-aluminija-trauki-ar-siltummaini\\\/\",\"url\":\"https:\\\/\\\/gohike.lv\\\/ru\\\/produkts\\\/firemaple-feast-k2-aluminija-trauki-ar-siltummaini\\\/\",\"name\":\"FIREMAPLE - Feast K2 alum\u012bnija trauki ar siltummaini\",\"isPartOf\":{\"@id\":\"https:\\\/\\\/gohike.lv\\\/ru\\\/#website\"},\"primaryImageOfPage\":{\"@id\":\"https:\\\/\\\/gohike.lv\\\/ru\\\/produkts\\\/firemaple-feast-k2-aluminija-trauki-ar-siltummaini\\\/#primaryimage\"},\"image\":{\"@id\":\"https:\\\/\\\/gohike.lv\\\/ru\\\/produkts\\\/firemaple-feast-k2-aluminija-trauki-ar-siltummaini\\\/#primaryimage\"},\"thumbnailUrl\":\"https:\\\/\\\/gohike.lv\\\/wp-content\\\/uploads\\\/2023\\\/11\\\/feast-K2-1.jpg\",\"datePublished\":\"2024-05-08T13:23:48+00:00\",\"dateModified\":\"2026-01-02T17:06:13+00:00\",\"description\":\"Feast K2 augstas efektivit\u0101tes kempinga virtuves trauku katls ir iztur\u012bgs un viegls.\",\"breadcrumb\":{\"@id\":\"https:\\\/\\\/gohike.lv\\\/ru\\\/produkts\\\/firemaple-feast-k2-aluminija-trauki-ar-siltummaini\\\/#breadcrumb\"},\"inLanguage\":\"ru-RU\",\"potentialAction\":[{\"@type\":\"ReadAction\",\"target\":[\"https:\\\/\\\/gohike.lv\\\/ru\\\/produkts\\\/firemaple-feast-k2-aluminija-trauki-ar-siltummaini\\\/\"]}]},{\"@type\":\"ImageObject\",\"inLanguage\":\"ru-RU\",\"@id\":\"https:\\\/\\\/gohike.lv\\\/ru\\\/produkts\\\/firemaple-feast-k2-aluminija-trauki-ar-siltummaini\\\/#primaryimage\",\"url\":\"https:\\\/\\\/gohike.lv\\\/wp-content\\\/uploads\\\/2023\\\/11\\\/feast-K2-1.jpg\",\"contentUrl\":\"https:\\\/\\\/gohike.lv\\\/wp-content\\\/uploads\\\/2023\\\/11\\\/feast-K2-1.jpg\",\"width\":720,\"height\":720},{\"@type\":\"BreadcrumbList\",\"@id\":\"https:\\\/\\\/gohike.lv\\\/ru\\\/produkts\\\/firemaple-feast-k2-aluminija-trauki-ar-siltummaini\\\/#breadcrumb\",\"itemListElement\":[{\"@type\":\"ListItem\",\"position\":1,\"name\":\"\u0413\u043b\u0430\u0432\u043d\u0430\u044f\",\"item\":\"https:\\\/\\\/gohike.lv\\\/ru\\\/\"},{\"@type\":\"ListItem\",\"position\":2,\"name\":\"\u041a\u0430\u0442\u0435\u0433\u043e\u0440\u0438\u0438 \u0442\u043e\u0432\u0430\u0440\u043e\u0432\",\"item\":\"https:\\\/\\\/gohike.lv\\\/%d0%ba%d0%b0%d1%82%d0%b5%d0%b3%d0%be%d1%80%d0%b8%d0%b8-%d1%82%d0%be%d0%b2%d0%b0%d1%80%d0%be%d0%b2\\\/\"},{\"@type\":\"ListItem\",\"position\":3,\"name\":\"FIREMAPLE &#8211; Feast K2 alum\u012bnija trauki ar siltummaini\"}]},{\"@type\":\"WebSite\",\"@id\":\"https:\\\/\\\/gohike.lv\\\/ru\\\/#website\",\"url\":\"https:\\\/\\\/gohike.lv\\\/ru\\\/\",\"name\":\"GoHike\",\"description\":\"\",\"publisher\":{\"@id\":\"https:\\\/\\\/gohike.lv\\\/ru\\\/#organization\"},\"potentialAction\":[{\"@type\":\"SearchAction\",\"target\":{\"@type\":\"EntryPoint\",\"urlTemplate\":\"https:\\\/\\\/gohike.lv\\\/ru\\\/?s={search_term_string}\"},\"query-input\":{\"@type\":\"PropertyValueSpecification\",\"valueRequired\":true,\"valueName\":\"search_term_string\"}}],\"inLanguage\":\"ru-RU\"},{\"@type\":\"Organization\",\"@id\":\"https:\\\/\\\/gohike.lv\\\/ru\\\/#organization\",\"name\":\"GoHike\",\"url\":\"https:\\\/\\\/gohike.lv\\\/ru\\\/\",\"logo\":{\"@type\":\"ImageObject\",\"inLanguage\":\"ru-RU\",\"@id\":\"https:\\\/\\\/gohike.lv\\\/ru\\\/#\\\/schema\\\/logo\\\/image\\\/\",\"url\":\"https:\\\/\\\/gohike.lv\\\/wp-content\\\/uploads\\\/2023\\\/08\\\/Logo_GoHike.webp\",\"contentUrl\":\"https:\\\/\\\/gohike.lv\\\/wp-content\\\/uploads\\\/2023\\\/08\\\/Logo_GoHike.webp\",\"width\":512,\"height\":512,\"caption\":\"GoHike\"},\"image\":{\"@id\":\"https:\\\/\\\/gohike.lv\\\/ru\\\/#\\\/schema\\\/logo\\\/image\\\/\"},\"sameAs\":[\"https:\\\/\\\/www.facebook.com\\\/gohike.shop\\\/\",\"https:\\\/\\\/www.instagram.com\\\/gohike.shop\\\/\"]}]}<\/script>\n<!-- \/ Yoast SEO plugin. -->","yoast_head_json":{"title":"FIREMAPLE - Feast K2 alum\u012bnija trauki ar siltummaini","description":"Feast K2 augstas efektivit\u0101tes kempinga virtuves trauku katls ir iztur\u012bgs un viegls.","robots":{"index":"index","follow":"follow","max-snippet":"max-snippet:-1","max-image-preview":"max-image-preview:large","max-video-preview":"max-video-preview:-1"},"canonical":"https:\/\/gohike.lv\/ru\/produkts\/firemaple-feast-k2-aluminija-trauki-ar-siltummaini\/","og_locale":"ru_RU","og_type":"article","og_title":"Katli un pannas - FIREMAPLE Feast K2 alum\u012bnija trauki ar siltummaini","og_description":"Feast K2 augstas efektivit\u0101tes kempinga virtuves trauku katls ir iztur\u012bgs un viegls.","og_url":"https:\/\/gohike.lv\/ru\/produkts\/firemaple-feast-k2-aluminija-trauki-ar-siltummaini\/","og_site_name":"GoHike","article_publisher":"https:\/\/www.facebook.com\/gohike.shop\/","article_modified_time":"2026-01-02T17:06:13+00:00","og_image":[{"width":720,"height":720,"url":"https:\/\/gohike.lv\/wp-content\/uploads\/2023\/11\/feast-K2-1.jpg","type":"image\/jpeg"}],"twitter_card":"summary_large_image","twitter_title":"Katli un pannas - FIREMAPLE Feast K2 alum\u012bnija trauki ar siltummaini","twitter_misc":{"\u041f\u0440\u0438\u043c\u0435\u0440\u043d\u043e\u0435 \u0432\u0440\u0435\u043c\u044f \u0434\u043b\u044f \u0447\u0442\u0435\u043d\u0438\u044f":"1 \u043c\u0438\u043d\u0443\u0442\u0430"},"schema":{"@context":"https:\/\/schema.org","@graph":[{"@type":["WebPage","ItemPage"],"@id":"https:\/\/gohike.lv\/ru\/produkts\/firemaple-feast-k2-aluminija-trauki-ar-siltummaini\/","url":"https:\/\/gohike.lv\/ru\/produkts\/firemaple-feast-k2-aluminija-trauki-ar-siltummaini\/","name":"FIREMAPLE - Feast K2 alum\u012bnija trauki ar siltummaini","isPartOf":{"@id":"https:\/\/gohike.lv\/ru\/#website"},"primaryImageOfPage":{"@id":"https:\/\/gohike.lv\/ru\/produkts\/firemaple-feast-k2-aluminija-trauki-ar-siltummaini\/#primaryimage"},"image":{"@id":"https:\/\/gohike.lv\/ru\/produkts\/firemaple-feast-k2-aluminija-trauki-ar-siltummaini\/#primaryimage"},"thumbnailUrl":"https:\/\/gohike.lv\/wp-content\/uploads\/2023\/11\/feast-K2-1.jpg","datePublished":"2024-05-08T13:23:48+00:00","dateModified":"2026-01-02T17:06:13+00:00","description":"Feast K2 augstas efektivit\u0101tes kempinga virtuves trauku katls ir iztur\u012bgs un viegls.","breadcrumb":{"@id":"https:\/\/gohike.lv\/ru\/produkts\/firemaple-feast-k2-aluminija-trauki-ar-siltummaini\/#breadcrumb"},"inLanguage":"ru-RU","potentialAction":[{"@type":"ReadAction","target":["https:\/\/gohike.lv\/ru\/produkts\/firemaple-feast-k2-aluminija-trauki-ar-siltummaini\/"]}]},{"@type":"ImageObject","inLanguage":"ru-RU","@id":"https:\/\/gohike.lv\/ru\/produkts\/firemaple-feast-k2-aluminija-trauki-ar-siltummaini\/#primaryimage","url":"https:\/\/gohike.lv\/wp-content\/uploads\/2023\/11\/feast-K2-1.jpg","contentUrl":"https:\/\/gohike.lv\/wp-content\/uploads\/2023\/11\/feast-K2-1.jpg","width":720,"height":720},{"@type":"BreadcrumbList","@id":"https:\/\/gohike.lv\/ru\/produkts\/firemaple-feast-k2-aluminija-trauki-ar-siltummaini\/#breadcrumb","itemListElement":[{"@type":"ListItem","position":1,"name":"\u0413\u043b\u0430\u0432\u043d\u0430\u044f","item":"https:\/\/gohike.lv\/ru\/"},{"@type":"ListItem","position":2,"name":"\u041a\u0430\u0442\u0435\u0433\u043e\u0440\u0438\u0438 \u0442\u043e\u0432\u0430\u0440\u043e\u0432","item":"https:\/\/gohike.lv\/%d0%ba%d0%b0%d1%82%d0%b5%d0%b3%d0%be%d1%80%d0%b8%d0%b8-%d1%82%d0%be%d0%b2%d0%b0%d1%80%d0%be%d0%b2\/"},{"@type":"ListItem","position":3,"name":"FIREMAPLE &#8211; Feast K2 alum\u012bnija trauki ar siltummaini"}]},{"@type":"WebSite","@id":"https:\/\/gohike.lv\/ru\/#website","url":"https:\/\/gohike.lv\/ru\/","name":"GoHike","description":"","publisher":{"@id":"https:\/\/gohike.lv\/ru\/#organization"},"potentialAction":[{"@type":"SearchAction","target":{"@type":"EntryPoint","urlTemplate":"https:\/\/gohike.lv\/ru\/?s={search_term_string}"},"query-input":{"@type":"PropertyValueSpecification","valueRequired":true,"valueName":"search_term_string"}}],"inLanguage":"ru-RU"},{"@type":"Organization","@id":"https:\/\/gohike.lv\/ru\/#organization","name":"GoHike","url":"https:\/\/gohike.lv\/ru\/","logo":{"@type":"ImageObject","inLanguage":"ru-RU","@id":"https:\/\/gohike.lv\/ru\/#\/schema\/logo\/image\/","url":"https:\/\/gohike.lv\/wp-content\/uploads\/2023\/08\/Logo_GoHike.webp","contentUrl":"https:\/\/gohike.lv\/wp-content\/uploads\/2023\/08\/Logo_GoHike.webp","width":512,"height":512,"caption":"GoHike"},"image":{"@id":"https:\/\/gohike.lv\/ru\/#\/schema\/logo\/image\/"},"sameAs":["https:\/\/www.facebook.com\/gohike.shop\/","https:\/\/www.instagram.com\/gohike.shop\/"]}]}},"jetpack_sharing_enabled":true,"_links":{"self":[{"href":"https:\/\/gohike.lv\/ru\/wp-json\/wp\/v2\/product\/53948","targetHints":{"allow":["GET"]}}],"collection":[{"href":"https:\/\/gohike.lv\/ru\/wp-json\/wp\/v2\/product"}],"about":[{"href":"https:\/\/gohike.lv\/ru\/wp-json\/wp\/v2\/types\/product"}],"version-history":[{"count":1,"href":"https:\/\/gohike.lv\/ru\/wp-json\/wp\/v2\/product\/53948\/revisions"}],"predecessor-version":[{"id":118892,"href":"https:\/\/gohike.lv\/ru\/wp-json\/wp\/v2\/product\/53948\/revisions\/118892"}],"wp:featuredmedia":[{"embeddable":true,"href":"https:\/\/gohike.lv\/ru\/wp-json\/wp\/v2\/media\/12290"}],"wp:attachment":[{"href":"https:\/\/gohike.lv\/ru\/wp-json\/wp\/v2\/media?parent=53948"}],"wp:term":[{"taxonomy":"product_brand","embeddable":true,"href":"https:\/\/gohike.lv\/ru\/wp-json\/wp\/v2\/product_brand?post=53948"},{"taxonomy":"product_cat","embeddable":true,"href":"https:\/\/gohike.lv\/ru\/wp-json\/wp\/v2\/product_cat?post=53948"},{"taxonomy":"product_tag","embeddable":true,"href":"https:\/\/gohike.lv\/ru\/wp-json\/wp\/v2\/product_tag?post=53948"}],"curies":[{"name":"wp","href":"https:\/\/api.w.org\/{rel}","templated":true}]}}