{"id":53942,"date":"2024-05-08T16:23:48","date_gmt":"2024-05-08T13:23:48","guid":{"rendered":"https:\/\/gohike.lv\/produkts\/firemaple-fms-710-abs-folding-canister-holder\/"},"modified":"2026-02-10T20:05:28","modified_gmt":"2026-02-10T17:05:28","slug":"saliekams-gazes-balona-stativs","status":"publish","type":"product","link":"https:\/\/gohike.lv\/ru\/produkts\/saliekams-gazes-balona-stativs\/","title":{"rendered":"FIREMAPLE &#8212; FMS-710 ABS Saliekams balona tur\u0113t\u0101js"},"content":{"rendered":"<p>Stat\u012bvs ir piem\u0113rots t\u0101dam k\u0101rtrid\u017eam k\u0101 \u010daulas cilindrs un rezerves g\u0101zes k\u0101rtrid\u017e\u0101m 110, 230 un 450 g standarta EPI-GAS.<br \/>\nCanister Stand FMS-710 g\u0101zes patronu stat\u012bvu var viegli uzglab\u0101t Fire-Maple STAR FMS-X1 gatavo\u0161anas sist\u0113m\u0101, kad tas ir saloc\u012bts.<br \/>\nGalven\u0101 iez\u012bme &#8212; k\u0101ju fiks\u0101cija atv\u0113rt\u0101 st\u0101vokl\u012b.<\/p>\n","protected":false},"excerpt":{"rendered":"<p>Stat\u012bvs g\u0101zes kasetnei Canister Stand FMS-710 ir paredz\u0113ts, lai palielin\u0101tu pieskr\u016bv\u0113jamo deg\u013cu stabilit\u0101ti, k\u0101 ar\u012b STAR sist\u0113mai no Fire-Maple.<\/p>\n","protected":false},"featured_media":15953,"template":"","meta":[],"product_brand":[1080],"product_cat":[951],"product_tag":[],"class_list":{"0":"post-53942","1":"product","2":"type-product","3":"status-publish","4":"has-post-thumbnail","6":"product_brand-firemaple-lv","7":"product_cat-degli-un-degviela","8":"pa_izmers-atlocits21521mm-satlocits10821mm","9":"pa_materiali-abs-plastmasa","10":"pa_produkta-tips-degli","11":"pa_spalva-oranzs","13":"first","14":"instock","15":"taxable","16":"shipping-taxable","17":"purchasable","18":"product-type-simple"},"raw_content":{"name":"FIREMAPLE - FMS-710 ABS Saliekams balona tur\u0113t\u0101js","description":"Stat\u012bvs ir piem\u0113rots t\u0101dam k\u0101rtrid\u017eam k\u0101 \u010daulas cilindrs un rezerves g\u0101zes k\u0101rtrid\u017e\u0101m 110, 230 un 450 g standarta EPI-GAS.\nCanister Stand FMS-710 g\u0101zes patronu stat\u012bvu var viegli uzglab\u0101t Fire-Maple STAR FMS-X1 gatavo\u0161anas sist\u0113m\u0101, kad tas ir saloc\u012bts.\nGalven\u0101 iez\u012bme - k\u0101ju fiks\u0101cija atv\u0113rt\u0101 st\u0101vokl\u012b.","short_description":"Stat\u012bvs g\u0101zes kasetnei Canister Stand FMS-710 ir paredz\u0113ts, lai palielin\u0101tu pieskr\u016bv\u0113jamo deg\u013cu stabilit\u0101ti, k\u0101 ar\u012b STAR sist\u0113mai no Fire-Maple.","status":"publish","sku":"FIREMAPLE_37","original":53942},"wpml":{"translation_type":1,"has_translations":true,"original":53942,"duplicates":[],"translations":{"lv":53942,"en":67442,"ru":null}},"supplier_id":null,"supplier_sku":"","barcode":null,"atum_controlled":true,"out_stock_date":null,"out_stock_threshold":null,"inheritable":false,"inbound_stock":null,"stock_on_hold":0,"sold_today":0,"sales_last_days":1,"reserved_stock":null,"customer_returns":null,"warehouse_damage":null,"lost_in_post":null,"other_logs":null,"out_stock_days":0,"lost_sales":0,"has_location":null,"update_date":"2026-02-13T15:20:03","atum_locations":[],"atum_stock_status":"instock","restock_status":false,"low_stock_amount":"","sales_update_date":"2026-02-13T15:20:03","calc_backorders":null,"yoast_head":"<!-- This site is optimized with the Yoast SEO plugin v27.3 - https:\/\/yoast.com\/product\/yoast-seo-wordpress\/ -->\n<title>FIREMAPLE - FMS-710 ABS Saliekams balona tur\u0113t\u0101js<\/title>\n<meta name=\"description\" content=\"Stat\u012bvs g\u0101zes kasetnei Canister Stand FMS-710 ir paredz\u0113ts, lai palielin\u0101tu pieskr\u016bv\u0113jamo deg\u013cu stabilit\u0101ti, k\u0101 ar\u012b STAR sist\u0113mai no Fire-Maple.\" \/>\n<meta name=\"robots\" content=\"index, follow, max-snippet:-1, max-image-preview:large, max-video-preview:-1\" \/>\n<link rel=\"canonical\" href=\"https:\/\/gohike.lv\/ru\/produkts\/saliekams-gazes-balona-stativs\/\" \/>\n<meta property=\"og:locale\" content=\"ru_RU\" \/>\n<meta property=\"og:type\" content=\"article\" \/>\n<meta property=\"og:title\" content=\"Deg\u013ci - FIREMAPLE FMS-710 ABS Folding Canister Holder\" \/>\n<meta property=\"og:description\" content=\"Stat\u012bvs g\u0101zes kasetnei Canister Stand FMS-710 ir paredz\u0113ts, lai palielin\u0101tu pieskr\u016bv\u0113jamo deg\u013cu stabilit\u0101ti, k\u0101 ar\u012b STAR sist\u0113mai no Fire-Maple.\" \/>\n<meta property=\"og:url\" content=\"https:\/\/gohike.lv\/ru\/produkts\/saliekams-gazes-balona-stativs\/\" \/>\n<meta property=\"og:site_name\" content=\"GoHike\" \/>\n<meta property=\"article:publisher\" content=\"https:\/\/www.facebook.com\/gohike.shop\/\" \/>\n<meta property=\"article:modified_time\" content=\"2026-02-10T17:05:28+00:00\" \/>\n<meta property=\"og:image\" content=\"https:\/\/gohike.lv\/wp-content\/uploads\/2024\/02\/FMS710.jpeg\" \/>\n\t<meta property=\"og:image:width\" content=\"700\" \/>\n\t<meta property=\"og:image:height\" content=\"700\" \/>\n\t<meta property=\"og:image:type\" content=\"image\/jpeg\" \/>\n<meta name=\"twitter:card\" content=\"summary_large_image\" \/>\n<meta name=\"twitter:title\" content=\"Deg\u013ci - FIREMAPLE FMS-710 ABS Folding Canister Holder\" \/>\n<meta name=\"twitter:label1\" content=\"\u041f\u0440\u0438\u043c\u0435\u0440\u043d\u043e\u0435 \u0432\u0440\u0435\u043c\u044f \u0434\u043b\u044f \u0447\u0442\u0435\u043d\u0438\u044f\" \/>\n\t<meta name=\"twitter:data1\" content=\"1 \u043c\u0438\u043d\u0443\u0442\u0430\" \/>\n<script type=\"application\/ld+json\" class=\"yoast-schema-graph\">{\"@context\":\"https:\\\/\\\/schema.org\",\"@graph\":[{\"@type\":[\"WebPage\",\"ItemPage\"],\"@id\":\"https:\\\/\\\/gohike.lv\\\/ru\\\/produkts\\\/saliekams-gazes-balona-stativs\\\/\",\"url\":\"https:\\\/\\\/gohike.lv\\\/ru\\\/produkts\\\/saliekams-gazes-balona-stativs\\\/\",\"name\":\"FIREMAPLE - FMS-710 ABS Saliekams balona tur\u0113t\u0101js\",\"isPartOf\":{\"@id\":\"https:\\\/\\\/gohike.lv\\\/ru\\\/#website\"},\"primaryImageOfPage\":{\"@id\":\"https:\\\/\\\/gohike.lv\\\/ru\\\/produkts\\\/saliekams-gazes-balona-stativs\\\/#primaryimage\"},\"image\":{\"@id\":\"https:\\\/\\\/gohike.lv\\\/ru\\\/produkts\\\/saliekams-gazes-balona-stativs\\\/#primaryimage\"},\"thumbnailUrl\":\"https:\\\/\\\/gohike.lv\\\/wp-content\\\/uploads\\\/2024\\\/02\\\/FMS710.jpeg\",\"datePublished\":\"2024-05-08T13:23:48+00:00\",\"dateModified\":\"2026-02-10T17:05:28+00:00\",\"description\":\"Stat\u012bvs g\u0101zes kasetnei Canister Stand FMS-710 ir paredz\u0113ts, lai palielin\u0101tu pieskr\u016bv\u0113jamo deg\u013cu stabilit\u0101ti, k\u0101 ar\u012b STAR sist\u0113mai no Fire-Maple.\",\"breadcrumb\":{\"@id\":\"https:\\\/\\\/gohike.lv\\\/ru\\\/produkts\\\/saliekams-gazes-balona-stativs\\\/#breadcrumb\"},\"inLanguage\":\"ru-RU\",\"potentialAction\":[{\"@type\":\"ReadAction\",\"target\":[\"https:\\\/\\\/gohike.lv\\\/ru\\\/produkts\\\/saliekams-gazes-balona-stativs\\\/\"]}]},{\"@type\":\"ImageObject\",\"inLanguage\":\"ru-RU\",\"@id\":\"https:\\\/\\\/gohike.lv\\\/ru\\\/produkts\\\/saliekams-gazes-balona-stativs\\\/#primaryimage\",\"url\":\"https:\\\/\\\/gohike.lv\\\/wp-content\\\/uploads\\\/2024\\\/02\\\/FMS710.jpeg\",\"contentUrl\":\"https:\\\/\\\/gohike.lv\\\/wp-content\\\/uploads\\\/2024\\\/02\\\/FMS710.jpeg\",\"width\":700,\"height\":700},{\"@type\":\"BreadcrumbList\",\"@id\":\"https:\\\/\\\/gohike.lv\\\/ru\\\/produkts\\\/saliekams-gazes-balona-stativs\\\/#breadcrumb\",\"itemListElement\":[{\"@type\":\"ListItem\",\"position\":1,\"name\":\"\u0413\u043b\u0430\u0432\u043d\u0430\u044f\",\"item\":\"https:\\\/\\\/gohike.lv\\\/ru\\\/\"},{\"@type\":\"ListItem\",\"position\":2,\"name\":\"\u041a\u0430\u0442\u0435\u0433\u043e\u0440\u0438\u0438 \u0442\u043e\u0432\u0430\u0440\u043e\u0432\",\"item\":\"https:\\\/\\\/gohike.lv\\\/%d0%ba%d0%b0%d1%82%d0%b5%d0%b3%d0%be%d1%80%d0%b8%d0%b8-%d1%82%d0%be%d0%b2%d0%b0%d1%80%d0%be%d0%b2\\\/\"},{\"@type\":\"ListItem\",\"position\":3,\"name\":\"FIREMAPLE &#8211; FMS-710 ABS Saliekams balona tur\u0113t\u0101js\"}]},{\"@type\":\"WebSite\",\"@id\":\"https:\\\/\\\/gohike.lv\\\/ru\\\/#website\",\"url\":\"https:\\\/\\\/gohike.lv\\\/ru\\\/\",\"name\":\"GoHike\",\"description\":\"\",\"publisher\":{\"@id\":\"https:\\\/\\\/gohike.lv\\\/ru\\\/#organization\"},\"potentialAction\":[{\"@type\":\"SearchAction\",\"target\":{\"@type\":\"EntryPoint\",\"urlTemplate\":\"https:\\\/\\\/gohike.lv\\\/ru\\\/?s={search_term_string}\"},\"query-input\":{\"@type\":\"PropertyValueSpecification\",\"valueRequired\":true,\"valueName\":\"search_term_string\"}}],\"inLanguage\":\"ru-RU\"},{\"@type\":\"Organization\",\"@id\":\"https:\\\/\\\/gohike.lv\\\/ru\\\/#organization\",\"name\":\"GoHike\",\"url\":\"https:\\\/\\\/gohike.lv\\\/ru\\\/\",\"logo\":{\"@type\":\"ImageObject\",\"inLanguage\":\"ru-RU\",\"@id\":\"https:\\\/\\\/gohike.lv\\\/ru\\\/#\\\/schema\\\/logo\\\/image\\\/\",\"url\":\"https:\\\/\\\/gohike.lv\\\/wp-content\\\/uploads\\\/2023\\\/08\\\/Logo_GoHike.webp\",\"contentUrl\":\"https:\\\/\\\/gohike.lv\\\/wp-content\\\/uploads\\\/2023\\\/08\\\/Logo_GoHike.webp\",\"width\":512,\"height\":512,\"caption\":\"GoHike\"},\"image\":{\"@id\":\"https:\\\/\\\/gohike.lv\\\/ru\\\/#\\\/schema\\\/logo\\\/image\\\/\"},\"sameAs\":[\"https:\\\/\\\/www.facebook.com\\\/gohike.shop\\\/\",\"https:\\\/\\\/www.instagram.com\\\/gohike.shop\\\/\"]}]}<\/script>\n<!-- \/ Yoast SEO plugin. -->","yoast_head_json":{"title":"FIREMAPLE - FMS-710 ABS Saliekams balona tur\u0113t\u0101js","description":"Stat\u012bvs g\u0101zes kasetnei Canister Stand FMS-710 ir paredz\u0113ts, lai palielin\u0101tu pieskr\u016bv\u0113jamo deg\u013cu stabilit\u0101ti, k\u0101 ar\u012b STAR sist\u0113mai no Fire-Maple.","robots":{"index":"index","follow":"follow","max-snippet":"max-snippet:-1","max-image-preview":"max-image-preview:large","max-video-preview":"max-video-preview:-1"},"canonical":"https:\/\/gohike.lv\/ru\/produkts\/saliekams-gazes-balona-stativs\/","og_locale":"ru_RU","og_type":"article","og_title":"Deg\u013ci - FIREMAPLE FMS-710 ABS Folding Canister Holder","og_description":"Stat\u012bvs g\u0101zes kasetnei Canister Stand FMS-710 ir paredz\u0113ts, lai palielin\u0101tu pieskr\u016bv\u0113jamo deg\u013cu stabilit\u0101ti, k\u0101 ar\u012b STAR sist\u0113mai no Fire-Maple.","og_url":"https:\/\/gohike.lv\/ru\/produkts\/saliekams-gazes-balona-stativs\/","og_site_name":"GoHike","article_publisher":"https:\/\/www.facebook.com\/gohike.shop\/","article_modified_time":"2026-02-10T17:05:28+00:00","og_image":[{"width":700,"height":700,"url":"https:\/\/gohike.lv\/wp-content\/uploads\/2024\/02\/FMS710.jpeg","type":"image\/jpeg"}],"twitter_card":"summary_large_image","twitter_title":"Deg\u013ci - FIREMAPLE FMS-710 ABS Folding Canister Holder","twitter_misc":{"\u041f\u0440\u0438\u043c\u0435\u0440\u043d\u043e\u0435 \u0432\u0440\u0435\u043c\u044f \u0434\u043b\u044f \u0447\u0442\u0435\u043d\u0438\u044f":"1 \u043c\u0438\u043d\u0443\u0442\u0430"},"schema":{"@context":"https:\/\/schema.org","@graph":[{"@type":["WebPage","ItemPage"],"@id":"https:\/\/gohike.lv\/ru\/produkts\/saliekams-gazes-balona-stativs\/","url":"https:\/\/gohike.lv\/ru\/produkts\/saliekams-gazes-balona-stativs\/","name":"FIREMAPLE - FMS-710 ABS Saliekams balona tur\u0113t\u0101js","isPartOf":{"@id":"https:\/\/gohike.lv\/ru\/#website"},"primaryImageOfPage":{"@id":"https:\/\/gohike.lv\/ru\/produkts\/saliekams-gazes-balona-stativs\/#primaryimage"},"image":{"@id":"https:\/\/gohike.lv\/ru\/produkts\/saliekams-gazes-balona-stativs\/#primaryimage"},"thumbnailUrl":"https:\/\/gohike.lv\/wp-content\/uploads\/2024\/02\/FMS710.jpeg","datePublished":"2024-05-08T13:23:48+00:00","dateModified":"2026-02-10T17:05:28+00:00","description":"Stat\u012bvs g\u0101zes kasetnei Canister Stand FMS-710 ir paredz\u0113ts, lai palielin\u0101tu pieskr\u016bv\u0113jamo deg\u013cu stabilit\u0101ti, k\u0101 ar\u012b STAR sist\u0113mai no Fire-Maple.","breadcrumb":{"@id":"https:\/\/gohike.lv\/ru\/produkts\/saliekams-gazes-balona-stativs\/#breadcrumb"},"inLanguage":"ru-RU","potentialAction":[{"@type":"ReadAction","target":["https:\/\/gohike.lv\/ru\/produkts\/saliekams-gazes-balona-stativs\/"]}]},{"@type":"ImageObject","inLanguage":"ru-RU","@id":"https:\/\/gohike.lv\/ru\/produkts\/saliekams-gazes-balona-stativs\/#primaryimage","url":"https:\/\/gohike.lv\/wp-content\/uploads\/2024\/02\/FMS710.jpeg","contentUrl":"https:\/\/gohike.lv\/wp-content\/uploads\/2024\/02\/FMS710.jpeg","width":700,"height":700},{"@type":"BreadcrumbList","@id":"https:\/\/gohike.lv\/ru\/produkts\/saliekams-gazes-balona-stativs\/#breadcrumb","itemListElement":[{"@type":"ListItem","position":1,"name":"\u0413\u043b\u0430\u0432\u043d\u0430\u044f","item":"https:\/\/gohike.lv\/ru\/"},{"@type":"ListItem","position":2,"name":"\u041a\u0430\u0442\u0435\u0433\u043e\u0440\u0438\u0438 \u0442\u043e\u0432\u0430\u0440\u043e\u0432","item":"https:\/\/gohike.lv\/%d0%ba%d0%b0%d1%82%d0%b5%d0%b3%d0%be%d1%80%d0%b8%d0%b8-%d1%82%d0%be%d0%b2%d0%b0%d1%80%d0%be%d0%b2\/"},{"@type":"ListItem","position":3,"name":"FIREMAPLE &#8211; FMS-710 ABS Saliekams balona tur\u0113t\u0101js"}]},{"@type":"WebSite","@id":"https:\/\/gohike.lv\/ru\/#website","url":"https:\/\/gohike.lv\/ru\/","name":"GoHike","description":"","publisher":{"@id":"https:\/\/gohike.lv\/ru\/#organization"},"potentialAction":[{"@type":"SearchAction","target":{"@type":"EntryPoint","urlTemplate":"https:\/\/gohike.lv\/ru\/?s={search_term_string}"},"query-input":{"@type":"PropertyValueSpecification","valueRequired":true,"valueName":"search_term_string"}}],"inLanguage":"ru-RU"},{"@type":"Organization","@id":"https:\/\/gohike.lv\/ru\/#organization","name":"GoHike","url":"https:\/\/gohike.lv\/ru\/","logo":{"@type":"ImageObject","inLanguage":"ru-RU","@id":"https:\/\/gohike.lv\/ru\/#\/schema\/logo\/image\/","url":"https:\/\/gohike.lv\/wp-content\/uploads\/2023\/08\/Logo_GoHike.webp","contentUrl":"https:\/\/gohike.lv\/wp-content\/uploads\/2023\/08\/Logo_GoHike.webp","width":512,"height":512,"caption":"GoHike"},"image":{"@id":"https:\/\/gohike.lv\/ru\/#\/schema\/logo\/image\/"},"sameAs":["https:\/\/www.facebook.com\/gohike.shop\/","https:\/\/www.instagram.com\/gohike.shop\/"]}]}},"jetpack_sharing_enabled":true,"_links":{"self":[{"href":"https:\/\/gohike.lv\/ru\/wp-json\/wp\/v2\/product\/53942","targetHints":{"allow":["GET"]}}],"collection":[{"href":"https:\/\/gohike.lv\/ru\/wp-json\/wp\/v2\/product"}],"about":[{"href":"https:\/\/gohike.lv\/ru\/wp-json\/wp\/v2\/types\/product"}],"version-history":[{"count":1,"href":"https:\/\/gohike.lv\/ru\/wp-json\/wp\/v2\/product\/53942\/revisions"}],"predecessor-version":[{"id":118984,"href":"https:\/\/gohike.lv\/ru\/wp-json\/wp\/v2\/product\/53942\/revisions\/118984"}],"wp:featuredmedia":[{"embeddable":true,"href":"https:\/\/gohike.lv\/ru\/wp-json\/wp\/v2\/media\/15953"}],"wp:attachment":[{"href":"https:\/\/gohike.lv\/ru\/wp-json\/wp\/v2\/media?parent=53942"}],"wp:term":[{"taxonomy":"product_brand","embeddable":true,"href":"https:\/\/gohike.lv\/ru\/wp-json\/wp\/v2\/product_brand?post=53942"},{"taxonomy":"product_cat","embeddable":true,"href":"https:\/\/gohike.lv\/ru\/wp-json\/wp\/v2\/product_cat?post=53942"},{"taxonomy":"product_tag","embeddable":true,"href":"https:\/\/gohike.lv\/ru\/wp-json\/wp\/v2\/product_tag?post=53942"}],"curies":[{"name":"wp","href":"https:\/\/api.w.org\/{rel}","templated":true}]}}