{"id":53940,"date":"2024-05-08T16:23:17","date_gmt":"2024-05-08T13:23:17","guid":{"rendered":"https:\/\/gohike.lv\/produkts\/firemaple-fire-starter-fmp-709\/"},"modified":"2025-12-30T17:10:00","modified_gmt":"2025-12-30T14:10:00","slug":"firemaple-fire-starter-fmp-709","status":"publish","type":"product","link":"https:\/\/gohike.lv\/ru\/produkts\/firemaple-fire-starter-fmp-709\/","title":{"rendered":"FIREMAPLE &#8212; FMP-709 Krams"},"content":{"rendered":"<p>Fire-Maple kramu nevar sal\u012bdzin\u0101t ar \u0161\u0137iltav\u0101m, kur\u0101m vienm\u0113r beidzas g\u0101ze, vai mitriem s\u0113rkoci\u0146iem.<br \/>\nKrams \u013caus \u0113rti iekurt uguni jebk\u0101dos laika apst\u0101k\u013cos jebkur\u0101 augstum\u0101. Tas rada dzirksteles ar temperat\u016bru 300*C, t\u0101 resurss sv\u0101rst\u0101s no 5000 l\u012bdz 12000 dzirkste\u013cu k\u016b\u013ciem.<br \/>\nNorm\u0101los apst\u0101k\u013cos \u0161is krams var aizdedzin\u0101t ar vienu vai diviem dzirkste\u013cu k\u016b\u013ciem.<br \/>\nAr prasm\u012bgu pieeju krams var kalpot l\u012bdz 32 gadiem, pat lietojot ikdien\u0101.<br \/>\nKrama stienis ir izgatavots no feroc\u0113rija (7 retzemju met\u0101lu sakaus\u0113jums), rokturis izgatavots no ner\u016bs\u0113jo\u0161\u0101 t\u0113rauda.<br \/>\nKrama stie\u0146a diametrs ir 8 mm.<\/p>\n","protected":false},"excerpt":{"rendered":"<p>Uzticams, vienk\u0101r\u0161s Fire-Maple Fire-Starter FMP-709 ar t\u0113raudu un silikonu, iepakots \u0113rt\u0101 futr\u0101l\u012b. Krams ir piem\u0113rots lieto\u0161anai ar\u012b ekstrem\u0101los apst\u0101k\u013cos.<\/p>\n","protected":false},"featured_media":12266,"template":"","meta":[],"product_brand":[1080],"product_cat":[951],"product_tag":[],"class_list":{"0":"post-53940","1":"product","2":"type-product","3":"status-publish","4":"has-post-thumbnail","6":"product_brand-firemaple-lv","7":"product_cat-degli-un-degviela","8":"pa_izmers-201180mm","9":"pa_materiali-roka-nerusejosais-terauds","10":"pa_materiali-stienis-ferocerijs-7-retzemju-metalu-specialie-sakausejumi","11":"pa_produkta-tips-krami","13":"first","14":"outofstock","15":"taxable","16":"shipping-taxable","17":"purchasable","18":"product-type-simple"},"raw_content":{"name":"FIREMAPLE - FMP-709 Krams","description":"Fire-Maple kramu nevar sal\u012bdzin\u0101t ar \u0161\u0137iltav\u0101m, kur\u0101m vienm\u0113r beidzas g\u0101ze, vai mitriem s\u0113rkoci\u0146iem.\nKrams \u013caus \u0113rti iekurt uguni jebk\u0101dos laika apst\u0101k\u013cos jebkur\u0101 augstum\u0101. Tas rada dzirksteles ar temperat\u016bru 300*C, t\u0101 resurss sv\u0101rst\u0101s no 5000 l\u012bdz 12000 dzirkste\u013cu k\u016b\u013ciem.\nNorm\u0101los apst\u0101k\u013cos \u0161is krams var aizdedzin\u0101t ar vienu vai diviem dzirkste\u013cu k\u016b\u013ciem.\nAr prasm\u012bgu pieeju krams var kalpot l\u012bdz 32 gadiem, pat lietojot ikdien\u0101.\nKrama stienis ir izgatavots no feroc\u0113rija (7 retzemju met\u0101lu sakaus\u0113jums), rokturis izgatavots no ner\u016bs\u0113jo\u0161\u0101 t\u0113rauda.\nKrama stie\u0146a diametrs ir 8 mm.","short_description":"Uzticams, vienk\u0101r\u0161s Fire-Maple Fire-Starter FMP-709 ar t\u0113raudu un silikonu, iepakots \u0113rt\u0101 futr\u0101l\u012b. Krams ir piem\u0113rots lieto\u0161anai ar\u012b ekstrem\u0101los apst\u0101k\u013cos.","status":"publish","sku":"FIREMAPLE_36","original":53940},"wpml":{"translation_type":1,"has_translations":true,"original":53940,"duplicates":[],"translations":{"lv":53940,"en":67430,"ru":null}},"supplier_id":null,"supplier_sku":"","barcode":null,"atum_controlled":true,"out_stock_date":null,"out_stock_threshold":null,"inheritable":false,"inbound_stock":null,"stock_on_hold":0,"sold_today":0,"sales_last_days":0,"reserved_stock":null,"customer_returns":null,"warehouse_damage":null,"lost_in_post":null,"other_logs":null,"out_stock_days":0,"lost_sales":0,"has_location":null,"update_date":"2025-12-30T14:13:28","atum_locations":[],"atum_stock_status":"outofstock","restock_status":false,"low_stock_amount":"","sales_update_date":"2025-11-13T14:08:24","calc_backorders":null,"yoast_head":"<!-- This site is optimized with the Yoast SEO plugin v27.3 - https:\/\/yoast.com\/product\/yoast-seo-wordpress\/ -->\n<title>FIREMAPLE - FMP-709 Krams<\/title>\n<meta name=\"description\" content=\"Uzticams, vienk\u0101r\u0161s Fire-Maple Fire-Starter FMP-709 ar t\u0113raudu un silikonu, iepakots \u0113rt\u0101 futr\u0101l\u012b. Krams ir piem\u0113rots lieto\u0161anai ar\u012b ekstrem\u0101los apst\u0101k\u013cos.\" \/>\n<meta name=\"robots\" content=\"index, follow, max-snippet:-1, max-image-preview:large, max-video-preview:-1\" \/>\n<link rel=\"canonical\" href=\"https:\/\/gohike.lv\/ru\/produkts\/firemaple-fire-starter-fmp-709\/\" \/>\n<meta property=\"og:locale\" content=\"ru_RU\" \/>\n<meta property=\"og:type\" content=\"article\" \/>\n<meta property=\"og:title\" content=\"Krami - FIREMAPLE Fire Starter FMP-709\" \/>\n<meta property=\"og:description\" content=\"Uzticams, vienk\u0101r\u0161s Fire-Maple Fire-Starter FMP-709 ar t\u0113raudu un silikonu, iepakots \u0113rt\u0101 futr\u0101l\u012b. Krams ir piem\u0113rots lieto\u0161anai ar\u012b ekstrem\u0101los apst\u0101k\u013cos.\" \/>\n<meta property=\"og:url\" content=\"https:\/\/gohike.lv\/ru\/produkts\/firemaple-fire-starter-fmp-709\/\" \/>\n<meta property=\"og:site_name\" content=\"GoHike\" \/>\n<meta property=\"article:publisher\" content=\"https:\/\/www.facebook.com\/gohike.shop\/\" \/>\n<meta property=\"article:modified_time\" content=\"2025-12-30T14:10:00+00:00\" \/>\n<meta property=\"og:image\" content=\"https:\/\/gohike.lv\/wp-content\/uploads\/2023\/11\/FMP-709-1.jpg\" \/>\n\t<meta property=\"og:image:width\" content=\"1000\" \/>\n\t<meta property=\"og:image:height\" content=\"1000\" \/>\n\t<meta property=\"og:image:type\" content=\"image\/jpeg\" \/>\n<meta name=\"twitter:card\" content=\"summary_large_image\" \/>\n<meta name=\"twitter:title\" content=\"Krami - FIREMAPLE Fire Starter FMP-709\" \/>\n<meta name=\"twitter:label1\" content=\"\u041f\u0440\u0438\u043c\u0435\u0440\u043d\u043e\u0435 \u0432\u0440\u0435\u043c\u044f \u0434\u043b\u044f \u0447\u0442\u0435\u043d\u0438\u044f\" \/>\n\t<meta name=\"twitter:data1\" content=\"1 \u043c\u0438\u043d\u0443\u0442\u0430\" \/>\n<script type=\"application\/ld+json\" class=\"yoast-schema-graph\">{\"@context\":\"https:\\\/\\\/schema.org\",\"@graph\":[{\"@type\":[\"WebPage\",\"ItemPage\"],\"@id\":\"https:\\\/\\\/gohike.lv\\\/ru\\\/produkts\\\/firemaple-fire-starter-fmp-709\\\/\",\"url\":\"https:\\\/\\\/gohike.lv\\\/ru\\\/produkts\\\/firemaple-fire-starter-fmp-709\\\/\",\"name\":\"FIREMAPLE - FMP-709 Krams\",\"isPartOf\":{\"@id\":\"https:\\\/\\\/gohike.lv\\\/ru\\\/#website\"},\"primaryImageOfPage\":{\"@id\":\"https:\\\/\\\/gohike.lv\\\/ru\\\/produkts\\\/firemaple-fire-starter-fmp-709\\\/#primaryimage\"},\"image\":{\"@id\":\"https:\\\/\\\/gohike.lv\\\/ru\\\/produkts\\\/firemaple-fire-starter-fmp-709\\\/#primaryimage\"},\"thumbnailUrl\":\"https:\\\/\\\/gohike.lv\\\/wp-content\\\/uploads\\\/2023\\\/11\\\/FMP-709-1.jpg\",\"datePublished\":\"2024-05-08T13:23:17+00:00\",\"dateModified\":\"2025-12-30T14:10:00+00:00\",\"description\":\"Uzticams, vienk\u0101r\u0161s Fire-Maple Fire-Starter FMP-709 ar t\u0113raudu un silikonu, iepakots \u0113rt\u0101 futr\u0101l\u012b. Krams ir piem\u0113rots lieto\u0161anai ar\u012b ekstrem\u0101los apst\u0101k\u013cos.\",\"breadcrumb\":{\"@id\":\"https:\\\/\\\/gohike.lv\\\/ru\\\/produkts\\\/firemaple-fire-starter-fmp-709\\\/#breadcrumb\"},\"inLanguage\":\"ru-RU\",\"potentialAction\":[{\"@type\":\"ReadAction\",\"target\":[\"https:\\\/\\\/gohike.lv\\\/ru\\\/produkts\\\/firemaple-fire-starter-fmp-709\\\/\"]}]},{\"@type\":\"ImageObject\",\"inLanguage\":\"ru-RU\",\"@id\":\"https:\\\/\\\/gohike.lv\\\/ru\\\/produkts\\\/firemaple-fire-starter-fmp-709\\\/#primaryimage\",\"url\":\"https:\\\/\\\/gohike.lv\\\/wp-content\\\/uploads\\\/2023\\\/11\\\/FMP-709-1.jpg\",\"contentUrl\":\"https:\\\/\\\/gohike.lv\\\/wp-content\\\/uploads\\\/2023\\\/11\\\/FMP-709-1.jpg\",\"width\":1000,\"height\":1000},{\"@type\":\"BreadcrumbList\",\"@id\":\"https:\\\/\\\/gohike.lv\\\/ru\\\/produkts\\\/firemaple-fire-starter-fmp-709\\\/#breadcrumb\",\"itemListElement\":[{\"@type\":\"ListItem\",\"position\":1,\"name\":\"\u0413\u043b\u0430\u0432\u043d\u0430\u044f\",\"item\":\"https:\\\/\\\/gohike.lv\\\/ru\\\/\"},{\"@type\":\"ListItem\",\"position\":2,\"name\":\"\u041a\u0430\u0442\u0435\u0433\u043e\u0440\u0438\u0438 \u0442\u043e\u0432\u0430\u0440\u043e\u0432\",\"item\":\"https:\\\/\\\/gohike.lv\\\/%d0%ba%d0%b0%d1%82%d0%b5%d0%b3%d0%be%d1%80%d0%b8%d0%b8-%d1%82%d0%be%d0%b2%d0%b0%d1%80%d0%be%d0%b2\\\/\"},{\"@type\":\"ListItem\",\"position\":3,\"name\":\"FIREMAPLE &#8211; FMP-709 Krams\"}]},{\"@type\":\"WebSite\",\"@id\":\"https:\\\/\\\/gohike.lv\\\/ru\\\/#website\",\"url\":\"https:\\\/\\\/gohike.lv\\\/ru\\\/\",\"name\":\"GoHike\",\"description\":\"\",\"publisher\":{\"@id\":\"https:\\\/\\\/gohike.lv\\\/ru\\\/#organization\"},\"potentialAction\":[{\"@type\":\"SearchAction\",\"target\":{\"@type\":\"EntryPoint\",\"urlTemplate\":\"https:\\\/\\\/gohike.lv\\\/ru\\\/?s={search_term_string}\"},\"query-input\":{\"@type\":\"PropertyValueSpecification\",\"valueRequired\":true,\"valueName\":\"search_term_string\"}}],\"inLanguage\":\"ru-RU\"},{\"@type\":\"Organization\",\"@id\":\"https:\\\/\\\/gohike.lv\\\/ru\\\/#organization\",\"name\":\"GoHike\",\"url\":\"https:\\\/\\\/gohike.lv\\\/ru\\\/\",\"logo\":{\"@type\":\"ImageObject\",\"inLanguage\":\"ru-RU\",\"@id\":\"https:\\\/\\\/gohike.lv\\\/ru\\\/#\\\/schema\\\/logo\\\/image\\\/\",\"url\":\"https:\\\/\\\/gohike.lv\\\/wp-content\\\/uploads\\\/2023\\\/08\\\/Logo_GoHike.webp\",\"contentUrl\":\"https:\\\/\\\/gohike.lv\\\/wp-content\\\/uploads\\\/2023\\\/08\\\/Logo_GoHike.webp\",\"width\":512,\"height\":512,\"caption\":\"GoHike\"},\"image\":{\"@id\":\"https:\\\/\\\/gohike.lv\\\/ru\\\/#\\\/schema\\\/logo\\\/image\\\/\"},\"sameAs\":[\"https:\\\/\\\/www.facebook.com\\\/gohike.shop\\\/\",\"https:\\\/\\\/www.instagram.com\\\/gohike.shop\\\/\"]}]}<\/script>\n<!-- \/ Yoast SEO plugin. -->","yoast_head_json":{"title":"FIREMAPLE - FMP-709 Krams","description":"Uzticams, vienk\u0101r\u0161s Fire-Maple Fire-Starter FMP-709 ar t\u0113raudu un silikonu, iepakots \u0113rt\u0101 futr\u0101l\u012b. Krams ir piem\u0113rots lieto\u0161anai ar\u012b ekstrem\u0101los apst\u0101k\u013cos.","robots":{"index":"index","follow":"follow","max-snippet":"max-snippet:-1","max-image-preview":"max-image-preview:large","max-video-preview":"max-video-preview:-1"},"canonical":"https:\/\/gohike.lv\/ru\/produkts\/firemaple-fire-starter-fmp-709\/","og_locale":"ru_RU","og_type":"article","og_title":"Krami - FIREMAPLE Fire Starter FMP-709","og_description":"Uzticams, vienk\u0101r\u0161s Fire-Maple Fire-Starter FMP-709 ar t\u0113raudu un silikonu, iepakots \u0113rt\u0101 futr\u0101l\u012b. Krams ir piem\u0113rots lieto\u0161anai ar\u012b ekstrem\u0101los apst\u0101k\u013cos.","og_url":"https:\/\/gohike.lv\/ru\/produkts\/firemaple-fire-starter-fmp-709\/","og_site_name":"GoHike","article_publisher":"https:\/\/www.facebook.com\/gohike.shop\/","article_modified_time":"2025-12-30T14:10:00+00:00","og_image":[{"width":1000,"height":1000,"url":"https:\/\/gohike.lv\/wp-content\/uploads\/2023\/11\/FMP-709-1.jpg","type":"image\/jpeg"}],"twitter_card":"summary_large_image","twitter_title":"Krami - FIREMAPLE Fire Starter FMP-709","twitter_misc":{"\u041f\u0440\u0438\u043c\u0435\u0440\u043d\u043e\u0435 \u0432\u0440\u0435\u043c\u044f \u0434\u043b\u044f \u0447\u0442\u0435\u043d\u0438\u044f":"1 \u043c\u0438\u043d\u0443\u0442\u0430"},"schema":{"@context":"https:\/\/schema.org","@graph":[{"@type":["WebPage","ItemPage"],"@id":"https:\/\/gohike.lv\/ru\/produkts\/firemaple-fire-starter-fmp-709\/","url":"https:\/\/gohike.lv\/ru\/produkts\/firemaple-fire-starter-fmp-709\/","name":"FIREMAPLE - FMP-709 Krams","isPartOf":{"@id":"https:\/\/gohike.lv\/ru\/#website"},"primaryImageOfPage":{"@id":"https:\/\/gohike.lv\/ru\/produkts\/firemaple-fire-starter-fmp-709\/#primaryimage"},"image":{"@id":"https:\/\/gohike.lv\/ru\/produkts\/firemaple-fire-starter-fmp-709\/#primaryimage"},"thumbnailUrl":"https:\/\/gohike.lv\/wp-content\/uploads\/2023\/11\/FMP-709-1.jpg","datePublished":"2024-05-08T13:23:17+00:00","dateModified":"2025-12-30T14:10:00+00:00","description":"Uzticams, vienk\u0101r\u0161s Fire-Maple Fire-Starter FMP-709 ar t\u0113raudu un silikonu, iepakots \u0113rt\u0101 futr\u0101l\u012b. Krams ir piem\u0113rots lieto\u0161anai ar\u012b ekstrem\u0101los apst\u0101k\u013cos.","breadcrumb":{"@id":"https:\/\/gohike.lv\/ru\/produkts\/firemaple-fire-starter-fmp-709\/#breadcrumb"},"inLanguage":"ru-RU","potentialAction":[{"@type":"ReadAction","target":["https:\/\/gohike.lv\/ru\/produkts\/firemaple-fire-starter-fmp-709\/"]}]},{"@type":"ImageObject","inLanguage":"ru-RU","@id":"https:\/\/gohike.lv\/ru\/produkts\/firemaple-fire-starter-fmp-709\/#primaryimage","url":"https:\/\/gohike.lv\/wp-content\/uploads\/2023\/11\/FMP-709-1.jpg","contentUrl":"https:\/\/gohike.lv\/wp-content\/uploads\/2023\/11\/FMP-709-1.jpg","width":1000,"height":1000},{"@type":"BreadcrumbList","@id":"https:\/\/gohike.lv\/ru\/produkts\/firemaple-fire-starter-fmp-709\/#breadcrumb","itemListElement":[{"@type":"ListItem","position":1,"name":"\u0413\u043b\u0430\u0432\u043d\u0430\u044f","item":"https:\/\/gohike.lv\/ru\/"},{"@type":"ListItem","position":2,"name":"\u041a\u0430\u0442\u0435\u0433\u043e\u0440\u0438\u0438 \u0442\u043e\u0432\u0430\u0440\u043e\u0432","item":"https:\/\/gohike.lv\/%d0%ba%d0%b0%d1%82%d0%b5%d0%b3%d0%be%d1%80%d0%b8%d0%b8-%d1%82%d0%be%d0%b2%d0%b0%d1%80%d0%be%d0%b2\/"},{"@type":"ListItem","position":3,"name":"FIREMAPLE &#8211; FMP-709 Krams"}]},{"@type":"WebSite","@id":"https:\/\/gohike.lv\/ru\/#website","url":"https:\/\/gohike.lv\/ru\/","name":"GoHike","description":"","publisher":{"@id":"https:\/\/gohike.lv\/ru\/#organization"},"potentialAction":[{"@type":"SearchAction","target":{"@type":"EntryPoint","urlTemplate":"https:\/\/gohike.lv\/ru\/?s={search_term_string}"},"query-input":{"@type":"PropertyValueSpecification","valueRequired":true,"valueName":"search_term_string"}}],"inLanguage":"ru-RU"},{"@type":"Organization","@id":"https:\/\/gohike.lv\/ru\/#organization","name":"GoHike","url":"https:\/\/gohike.lv\/ru\/","logo":{"@type":"ImageObject","inLanguage":"ru-RU","@id":"https:\/\/gohike.lv\/ru\/#\/schema\/logo\/image\/","url":"https:\/\/gohike.lv\/wp-content\/uploads\/2023\/08\/Logo_GoHike.webp","contentUrl":"https:\/\/gohike.lv\/wp-content\/uploads\/2023\/08\/Logo_GoHike.webp","width":512,"height":512,"caption":"GoHike"},"image":{"@id":"https:\/\/gohike.lv\/ru\/#\/schema\/logo\/image\/"},"sameAs":["https:\/\/www.facebook.com\/gohike.shop\/","https:\/\/www.instagram.com\/gohike.shop\/"]}]}},"jetpack_sharing_enabled":true,"_links":{"self":[{"href":"https:\/\/gohike.lv\/ru\/wp-json\/wp\/v2\/product\/53940","targetHints":{"allow":["GET"]}}],"collection":[{"href":"https:\/\/gohike.lv\/ru\/wp-json\/wp\/v2\/product"}],"about":[{"href":"https:\/\/gohike.lv\/ru\/wp-json\/wp\/v2\/types\/product"}],"version-history":[{"count":0,"href":"https:\/\/gohike.lv\/ru\/wp-json\/wp\/v2\/product\/53940\/revisions"}],"wp:featuredmedia":[{"embeddable":true,"href":"https:\/\/gohike.lv\/ru\/wp-json\/wp\/v2\/media\/12266"}],"wp:attachment":[{"href":"https:\/\/gohike.lv\/ru\/wp-json\/wp\/v2\/media?parent=53940"}],"wp:term":[{"taxonomy":"product_brand","embeddable":true,"href":"https:\/\/gohike.lv\/ru\/wp-json\/wp\/v2\/product_brand?post=53940"},{"taxonomy":"product_cat","embeddable":true,"href":"https:\/\/gohike.lv\/ru\/wp-json\/wp\/v2\/product_cat?post=53940"},{"taxonomy":"product_tag","embeddable":true,"href":"https:\/\/gohike.lv\/ru\/wp-json\/wp\/v2\/product_tag?post=53940"}],"curies":[{"name":"wp","href":"https:\/\/api.w.org\/{rel}","templated":true}]}}