{"id":53936,"date":"2024-05-08T16:23:17","date_gmt":"2024-05-08T13:23:17","guid":{"rendered":"https:\/\/gohike.lv\/produkts\/firemaple-chef-camp-virtuves-komplekts\/"},"modified":"2025-12-19T19:38:57","modified_gmt":"2025-12-19T16:38:57","slug":"firemaple-chef-camp-virtuves-komplekts","status":"publish","type":"product","link":"https:\/\/gohike.lv\/ru\/produkts\/firemaple-chef-camp-virtuves-komplekts\/","title":{"rendered":"FIREMAPLE &#8212; Chef Camp virtuves komplekts"},"content":{"rendered":"<p>Saliekamie un aizsl\u0113dzamie piederumi aiz\u0146em minim\u0101lu vietu mugursom\u0101.<br \/>\nLielisku kombin\u0101ciju veido kop\u0101 ar Fire-Maple augst\u0101k\u0101s kvalit\u0101tes pl\u012bt\u012bm un virtuves piederumiem.<\/p>\n","protected":false},"excerpt":{"rendered":"<p>Kompakts gatavo\u0161anas komplekts.<\/p>\n","protected":false},"featured_media":12249,"template":"","meta":[],"product_brand":[1080],"product_cat":[9447,1012],"product_tag":[],"class_list":{"0":"post-53936","1":"product","2":"type-product","3":"status-publish","4":"has-post-thumbnail","6":"product_brand-firemaple-lv","7":"product_cat-izpardosana","8":"product_cat-virtuves-piederumi","9":"pa_izmers-255-mm-x-205-mm-x-82-mm","10":"pa_materiali-neilons","11":"pa_materiali-plastmasa-bez-bpa","12":"pa_produkta-tips-galda-piederumi","14":"first","15":"outofstock","16":"sale","17":"taxable","18":"shipping-taxable","19":"purchasable","20":"product-type-simple"},"raw_content":{"name":"FIREMAPLE - Chef Camp virtuves komplekts","description":"Saliekamie un aizsl\u0113dzamie piederumi aiz\u0146em minim\u0101lu vietu mugursom\u0101.\nLielisku kombin\u0101ciju veido kop\u0101 ar Fire-Maple augst\u0101k\u0101s kvalit\u0101tes pl\u012bt\u012bm un virtuves piederumiem.","short_description":"Kompakts gatavo\u0161anas komplekts.","status":"publish","sku":"FIREMAPLE_34","original":53936},"wpml":{"translation_type":1,"has_translations":true,"original":53936,"duplicates":[],"translations":{"lv":53936,"en":67435,"ru":null}},"supplier_id":null,"supplier_sku":"","barcode":null,"atum_controlled":true,"out_stock_date":"2025-12-19 19:38:58","out_stock_threshold":null,"inheritable":false,"inbound_stock":0,"stock_on_hold":0,"sold_today":0,"sales_last_days":1,"reserved_stock":0,"customer_returns":0,"warehouse_damage":0,"lost_in_post":0,"other_logs":0,"out_stock_days":2,"lost_sales":10,"has_location":false,"update_date":"2025-12-22T16:57:42","atum_locations":[],"atum_stock_status":"outofstock","restock_status":false,"low_stock_amount":"","sales_update_date":"2025-12-22T16:57:42","calc_backorders":null,"yoast_head":"<!-- This site is optimized with the Yoast SEO plugin v27.3 - https:\/\/yoast.com\/product\/yoast-seo-wordpress\/ -->\n<title>FIREMAPLE - Chef Camp virtuves komplekts<\/title>\n<meta name=\"description\" content=\"Kompakts gatavo\u0161anas komplekts. Saliekamie un aizsl\u0113dzamie piederumi aiz\u0146em minim\u0101lu vietu mugursom\u0101.\" \/>\n<meta name=\"robots\" content=\"index, follow, max-snippet:-1, max-image-preview:large, max-video-preview:-1\" \/>\n<link rel=\"canonical\" href=\"https:\/\/gohike.lv\/ru\/produkts\/firemaple-chef-camp-virtuves-komplekts\/\" \/>\n<meta property=\"og:locale\" content=\"ru_RU\" \/>\n<meta property=\"og:type\" content=\"article\" \/>\n<meta property=\"og:title\" content=\"Galda piederumi - FIREMAPLE Chef Camp virtuves komplekts\" \/>\n<meta property=\"og:description\" content=\"Kompakts gatavo\u0161anas komplekts. Saliekamie un aizsl\u0113dzamie piederumi aiz\u0146em minim\u0101lu vietu mugursom\u0101.\" \/>\n<meta property=\"og:url\" content=\"https:\/\/gohike.lv\/ru\/produkts\/firemaple-chef-camp-virtuves-komplekts\/\" \/>\n<meta property=\"og:site_name\" content=\"GoHike\" \/>\n<meta property=\"article:publisher\" content=\"https:\/\/www.facebook.com\/gohike.shop\/\" \/>\n<meta property=\"article:modified_time\" content=\"2025-12-19T16:38:57+00:00\" \/>\n<meta property=\"og:image\" content=\"https:\/\/gohike.lv\/wp-content\/uploads\/2023\/11\/chef-camp-kitchen-1.jpg\" \/>\n\t<meta property=\"og:image:width\" content=\"720\" \/>\n\t<meta property=\"og:image:height\" content=\"720\" \/>\n\t<meta property=\"og:image:type\" content=\"image\/jpeg\" \/>\n<meta name=\"twitter:card\" content=\"summary_large_image\" \/>\n<meta name=\"twitter:title\" content=\"Galda piederumi - FIREMAPLE Chef Camp virtuves komplekts\" \/>\n<meta name=\"twitter:label1\" content=\"\u041f\u0440\u0438\u043c\u0435\u0440\u043d\u043e\u0435 \u0432\u0440\u0435\u043c\u044f \u0434\u043b\u044f \u0447\u0442\u0435\u043d\u0438\u044f\" \/>\n\t<meta name=\"twitter:data1\" content=\"1 \u043c\u0438\u043d\u0443\u0442\u0430\" \/>\n<script type=\"application\/ld+json\" class=\"yoast-schema-graph\">{\"@context\":\"https:\\\/\\\/schema.org\",\"@graph\":[{\"@type\":[\"WebPage\",\"ItemPage\"],\"@id\":\"https:\\\/\\\/gohike.lv\\\/ru\\\/produkts\\\/firemaple-chef-camp-virtuves-komplekts\\\/\",\"url\":\"https:\\\/\\\/gohike.lv\\\/ru\\\/produkts\\\/firemaple-chef-camp-virtuves-komplekts\\\/\",\"name\":\"FIREMAPLE - Chef Camp virtuves komplekts\",\"isPartOf\":{\"@id\":\"https:\\\/\\\/gohike.lv\\\/ru\\\/#website\"},\"primaryImageOfPage\":{\"@id\":\"https:\\\/\\\/gohike.lv\\\/ru\\\/produkts\\\/firemaple-chef-camp-virtuves-komplekts\\\/#primaryimage\"},\"image\":{\"@id\":\"https:\\\/\\\/gohike.lv\\\/ru\\\/produkts\\\/firemaple-chef-camp-virtuves-komplekts\\\/#primaryimage\"},\"thumbnailUrl\":\"https:\\\/\\\/gohike.lv\\\/wp-content\\\/uploads\\\/2023\\\/11\\\/chef-camp-kitchen-1.jpg\",\"datePublished\":\"2024-05-08T13:23:17+00:00\",\"dateModified\":\"2025-12-19T16:38:57+00:00\",\"description\":\"Kompakts gatavo\u0161anas komplekts. Saliekamie un aizsl\u0113dzamie piederumi aiz\u0146em minim\u0101lu vietu mugursom\u0101.\",\"breadcrumb\":{\"@id\":\"https:\\\/\\\/gohike.lv\\\/ru\\\/produkts\\\/firemaple-chef-camp-virtuves-komplekts\\\/#breadcrumb\"},\"inLanguage\":\"ru-RU\",\"potentialAction\":[{\"@type\":\"ReadAction\",\"target\":[\"https:\\\/\\\/gohike.lv\\\/ru\\\/produkts\\\/firemaple-chef-camp-virtuves-komplekts\\\/\"]}]},{\"@type\":\"ImageObject\",\"inLanguage\":\"ru-RU\",\"@id\":\"https:\\\/\\\/gohike.lv\\\/ru\\\/produkts\\\/firemaple-chef-camp-virtuves-komplekts\\\/#primaryimage\",\"url\":\"https:\\\/\\\/gohike.lv\\\/wp-content\\\/uploads\\\/2023\\\/11\\\/chef-camp-kitchen-1.jpg\",\"contentUrl\":\"https:\\\/\\\/gohike.lv\\\/wp-content\\\/uploads\\\/2023\\\/11\\\/chef-camp-kitchen-1.jpg\",\"width\":720,\"height\":720},{\"@type\":\"BreadcrumbList\",\"@id\":\"https:\\\/\\\/gohike.lv\\\/ru\\\/produkts\\\/firemaple-chef-camp-virtuves-komplekts\\\/#breadcrumb\",\"itemListElement\":[{\"@type\":\"ListItem\",\"position\":1,\"name\":\"\u0413\u043b\u0430\u0432\u043d\u0430\u044f\",\"item\":\"https:\\\/\\\/gohike.lv\\\/ru\\\/\"},{\"@type\":\"ListItem\",\"position\":2,\"name\":\"\u041a\u0430\u0442\u0435\u0433\u043e\u0440\u0438\u0438 \u0442\u043e\u0432\u0430\u0440\u043e\u0432\",\"item\":\"https:\\\/\\\/gohike.lv\\\/%d0%ba%d0%b0%d1%82%d0%b5%d0%b3%d0%be%d1%80%d0%b8%d0%b8-%d1%82%d0%be%d0%b2%d0%b0%d1%80%d0%be%d0%b2\\\/\"},{\"@type\":\"ListItem\",\"position\":3,\"name\":\"FIREMAPLE &#8211; Chef Camp virtuves komplekts\"}]},{\"@type\":\"WebSite\",\"@id\":\"https:\\\/\\\/gohike.lv\\\/ru\\\/#website\",\"url\":\"https:\\\/\\\/gohike.lv\\\/ru\\\/\",\"name\":\"GoHike\",\"description\":\"\",\"publisher\":{\"@id\":\"https:\\\/\\\/gohike.lv\\\/ru\\\/#organization\"},\"potentialAction\":[{\"@type\":\"SearchAction\",\"target\":{\"@type\":\"EntryPoint\",\"urlTemplate\":\"https:\\\/\\\/gohike.lv\\\/ru\\\/?s={search_term_string}\"},\"query-input\":{\"@type\":\"PropertyValueSpecification\",\"valueRequired\":true,\"valueName\":\"search_term_string\"}}],\"inLanguage\":\"ru-RU\"},{\"@type\":\"Organization\",\"@id\":\"https:\\\/\\\/gohike.lv\\\/ru\\\/#organization\",\"name\":\"GoHike\",\"url\":\"https:\\\/\\\/gohike.lv\\\/ru\\\/\",\"logo\":{\"@type\":\"ImageObject\",\"inLanguage\":\"ru-RU\",\"@id\":\"https:\\\/\\\/gohike.lv\\\/ru\\\/#\\\/schema\\\/logo\\\/image\\\/\",\"url\":\"https:\\\/\\\/gohike.lv\\\/wp-content\\\/uploads\\\/2023\\\/08\\\/Logo_GoHike.webp\",\"contentUrl\":\"https:\\\/\\\/gohike.lv\\\/wp-content\\\/uploads\\\/2023\\\/08\\\/Logo_GoHike.webp\",\"width\":512,\"height\":512,\"caption\":\"GoHike\"},\"image\":{\"@id\":\"https:\\\/\\\/gohike.lv\\\/ru\\\/#\\\/schema\\\/logo\\\/image\\\/\"},\"sameAs\":[\"https:\\\/\\\/www.facebook.com\\\/gohike.shop\\\/\",\"https:\\\/\\\/www.instagram.com\\\/gohike.shop\\\/\"]}]}<\/script>\n<!-- \/ Yoast SEO plugin. -->","yoast_head_json":{"title":"FIREMAPLE - Chef Camp virtuves komplekts","description":"Kompakts gatavo\u0161anas komplekts. Saliekamie un aizsl\u0113dzamie piederumi aiz\u0146em minim\u0101lu vietu mugursom\u0101.","robots":{"index":"index","follow":"follow","max-snippet":"max-snippet:-1","max-image-preview":"max-image-preview:large","max-video-preview":"max-video-preview:-1"},"canonical":"https:\/\/gohike.lv\/ru\/produkts\/firemaple-chef-camp-virtuves-komplekts\/","og_locale":"ru_RU","og_type":"article","og_title":"Galda piederumi - FIREMAPLE Chef Camp virtuves komplekts","og_description":"Kompakts gatavo\u0161anas komplekts. Saliekamie un aizsl\u0113dzamie piederumi aiz\u0146em minim\u0101lu vietu mugursom\u0101.","og_url":"https:\/\/gohike.lv\/ru\/produkts\/firemaple-chef-camp-virtuves-komplekts\/","og_site_name":"GoHike","article_publisher":"https:\/\/www.facebook.com\/gohike.shop\/","article_modified_time":"2025-12-19T16:38:57+00:00","og_image":[{"width":720,"height":720,"url":"https:\/\/gohike.lv\/wp-content\/uploads\/2023\/11\/chef-camp-kitchen-1.jpg","type":"image\/jpeg"}],"twitter_card":"summary_large_image","twitter_title":"Galda piederumi - FIREMAPLE Chef Camp virtuves komplekts","twitter_misc":{"\u041f\u0440\u0438\u043c\u0435\u0440\u043d\u043e\u0435 \u0432\u0440\u0435\u043c\u044f \u0434\u043b\u044f \u0447\u0442\u0435\u043d\u0438\u044f":"1 \u043c\u0438\u043d\u0443\u0442\u0430"},"schema":{"@context":"https:\/\/schema.org","@graph":[{"@type":["WebPage","ItemPage"],"@id":"https:\/\/gohike.lv\/ru\/produkts\/firemaple-chef-camp-virtuves-komplekts\/","url":"https:\/\/gohike.lv\/ru\/produkts\/firemaple-chef-camp-virtuves-komplekts\/","name":"FIREMAPLE - Chef Camp virtuves komplekts","isPartOf":{"@id":"https:\/\/gohike.lv\/ru\/#website"},"primaryImageOfPage":{"@id":"https:\/\/gohike.lv\/ru\/produkts\/firemaple-chef-camp-virtuves-komplekts\/#primaryimage"},"image":{"@id":"https:\/\/gohike.lv\/ru\/produkts\/firemaple-chef-camp-virtuves-komplekts\/#primaryimage"},"thumbnailUrl":"https:\/\/gohike.lv\/wp-content\/uploads\/2023\/11\/chef-camp-kitchen-1.jpg","datePublished":"2024-05-08T13:23:17+00:00","dateModified":"2025-12-19T16:38:57+00:00","description":"Kompakts gatavo\u0161anas komplekts. Saliekamie un aizsl\u0113dzamie piederumi aiz\u0146em minim\u0101lu vietu mugursom\u0101.","breadcrumb":{"@id":"https:\/\/gohike.lv\/ru\/produkts\/firemaple-chef-camp-virtuves-komplekts\/#breadcrumb"},"inLanguage":"ru-RU","potentialAction":[{"@type":"ReadAction","target":["https:\/\/gohike.lv\/ru\/produkts\/firemaple-chef-camp-virtuves-komplekts\/"]}]},{"@type":"ImageObject","inLanguage":"ru-RU","@id":"https:\/\/gohike.lv\/ru\/produkts\/firemaple-chef-camp-virtuves-komplekts\/#primaryimage","url":"https:\/\/gohike.lv\/wp-content\/uploads\/2023\/11\/chef-camp-kitchen-1.jpg","contentUrl":"https:\/\/gohike.lv\/wp-content\/uploads\/2023\/11\/chef-camp-kitchen-1.jpg","width":720,"height":720},{"@type":"BreadcrumbList","@id":"https:\/\/gohike.lv\/ru\/produkts\/firemaple-chef-camp-virtuves-komplekts\/#breadcrumb","itemListElement":[{"@type":"ListItem","position":1,"name":"\u0413\u043b\u0430\u0432\u043d\u0430\u044f","item":"https:\/\/gohike.lv\/ru\/"},{"@type":"ListItem","position":2,"name":"\u041a\u0430\u0442\u0435\u0433\u043e\u0440\u0438\u0438 \u0442\u043e\u0432\u0430\u0440\u043e\u0432","item":"https:\/\/gohike.lv\/%d0%ba%d0%b0%d1%82%d0%b5%d0%b3%d0%be%d1%80%d0%b8%d0%b8-%d1%82%d0%be%d0%b2%d0%b0%d1%80%d0%be%d0%b2\/"},{"@type":"ListItem","position":3,"name":"FIREMAPLE &#8211; Chef Camp virtuves komplekts"}]},{"@type":"WebSite","@id":"https:\/\/gohike.lv\/ru\/#website","url":"https:\/\/gohike.lv\/ru\/","name":"GoHike","description":"","publisher":{"@id":"https:\/\/gohike.lv\/ru\/#organization"},"potentialAction":[{"@type":"SearchAction","target":{"@type":"EntryPoint","urlTemplate":"https:\/\/gohike.lv\/ru\/?s={search_term_string}"},"query-input":{"@type":"PropertyValueSpecification","valueRequired":true,"valueName":"search_term_string"}}],"inLanguage":"ru-RU"},{"@type":"Organization","@id":"https:\/\/gohike.lv\/ru\/#organization","name":"GoHike","url":"https:\/\/gohike.lv\/ru\/","logo":{"@type":"ImageObject","inLanguage":"ru-RU","@id":"https:\/\/gohike.lv\/ru\/#\/schema\/logo\/image\/","url":"https:\/\/gohike.lv\/wp-content\/uploads\/2023\/08\/Logo_GoHike.webp","contentUrl":"https:\/\/gohike.lv\/wp-content\/uploads\/2023\/08\/Logo_GoHike.webp","width":512,"height":512,"caption":"GoHike"},"image":{"@id":"https:\/\/gohike.lv\/ru\/#\/schema\/logo\/image\/"},"sameAs":["https:\/\/www.facebook.com\/gohike.shop\/","https:\/\/www.instagram.com\/gohike.shop\/"]}]}},"jetpack_sharing_enabled":true,"_links":{"self":[{"href":"https:\/\/gohike.lv\/ru\/wp-json\/wp\/v2\/product\/53936","targetHints":{"allow":["GET"]}}],"collection":[{"href":"https:\/\/gohike.lv\/ru\/wp-json\/wp\/v2\/product"}],"about":[{"href":"https:\/\/gohike.lv\/ru\/wp-json\/wp\/v2\/types\/product"}],"version-history":[{"count":0,"href":"https:\/\/gohike.lv\/ru\/wp-json\/wp\/v2\/product\/53936\/revisions"}],"wp:featuredmedia":[{"embeddable":true,"href":"https:\/\/gohike.lv\/ru\/wp-json\/wp\/v2\/media\/12249"}],"wp:attachment":[{"href":"https:\/\/gohike.lv\/ru\/wp-json\/wp\/v2\/media?parent=53936"}],"wp:term":[{"taxonomy":"product_brand","embeddable":true,"href":"https:\/\/gohike.lv\/ru\/wp-json\/wp\/v2\/product_brand?post=53936"},{"taxonomy":"product_cat","embeddable":true,"href":"https:\/\/gohike.lv\/ru\/wp-json\/wp\/v2\/product_cat?post=53936"},{"taxonomy":"product_tag","embeddable":true,"href":"https:\/\/gohike.lv\/ru\/wp-json\/wp\/v2\/product_tag?post=53936"}],"curies":[{"name":"wp","href":"https:\/\/api.w.org\/{rel}","templated":true}]}}