{"id":53934,"date":"2024-05-08T16:23:17","date_gmt":"2024-05-08T13:23:17","guid":{"rendered":"https:\/\/gohike.lv\/produkts\/firemaple-orca-pudeles-turetajs\/"},"modified":"2026-02-02T19:56:46","modified_gmt":"2026-02-02T16:56:46","slug":"firemaple-orca-pudeles-turetajs","status":"publish","type":"product","link":"https:\/\/gohike.lv\/ru\/produkts\/firemaple-orca-pudeles-turetajs\/","title":{"rendered":"FIREMAPLE &#8212; Orca pudeles tur\u0113t\u0101js"},"content":{"rendered":"<p>\u0160is pude\u013cu tur\u0113t\u0101js ir vair\u0101k k\u0101 aksesu\u0101rs, kas nodro\u0161ina \u0113rtu un stil\u012bgu veidu, k\u0101 n\u0113s\u0101t l\u012bdzi savu iecien\u012bto dz\u0113rienu.<br \/>\nAr savu gludo dizainu un praktiskiem izm\u0113riem tas nodro\u0161ina, ka j\u016bsu hidrat\u0101cija vienm\u0113r ir sasniedzama neatkar\u012bgi no t\u0101, vai esat ce\u013c\u0101 uz darbu, iepaz\u012bstat pils\u0113tu vai izbaud\u0101t dab\u0101.<br \/>\nMateri\u0101ls: Augstas kvalit\u0101tes eko-\u0101da, kas pied\u0101v\u0101 \u0113tisku un ilgtsp\u0113j\u012bgu risin\u0101jumu ikdienas lieto\u0161anai<br \/>\nSvars: 96g<br \/>\n110\u00a0x\u00a040,5\u00a0x\u00a0200\u00a0mm<\/p>\n","protected":false},"excerpt":{"rendered":"<p>Orca ner\u016bs\u0113jo\u0161\u0101 t\u0113rauda pudeles tur\u0113t\u0101js.<\/p>\n","protected":false},"featured_media":12219,"template":"","meta":[],"product_brand":[1080],"product_cat":[9447,1012],"product_tag":[],"class_list":{"0":"post-53934","1":"product","2":"type-product","3":"status-publish","4":"has-post-thumbnail","6":"product_brand-firemaple-lv","7":"product_cat-izpardosana","8":"product_cat-virtuves-piederumi","9":"pa_izmers-10577mm","10":"pa_materiali-eko-ada","11":"pa_produkta-tips-termosi-un-pudeles","13":"first","14":"instock","15":"sale","16":"taxable","17":"shipping-taxable","18":"purchasable","19":"product-type-simple"},"raw_content":{"name":"FIREMAPLE - Orca pudeles tur\u0113t\u0101js","description":"\u0160is pude\u013cu tur\u0113t\u0101js ir vair\u0101k k\u0101 aksesu\u0101rs, kas nodro\u0161ina \u0113rtu un stil\u012bgu veidu, k\u0101 n\u0113s\u0101t l\u012bdzi savu iecien\u012bto dz\u0113rienu.\nAr savu gludo dizainu un praktiskiem izm\u0113riem tas nodro\u0161ina, ka j\u016bsu hidrat\u0101cija vienm\u0113r ir sasniedzama neatkar\u012bgi no t\u0101, vai esat ce\u013c\u0101 uz darbu, iepaz\u012bstat pils\u0113tu vai izbaud\u0101t dab\u0101.\nMateri\u0101ls: Augstas kvalit\u0101tes eko-\u0101da, kas pied\u0101v\u0101 \u0113tisku un ilgtsp\u0113j\u012bgu risin\u0101jumu ikdienas lieto\u0161anai\nSvars: 96g\n110\u00a0x\u00a040,5\u00a0x\u00a0200\u00a0mm","short_description":"Orca ner\u016bs\u0113jo\u0161\u0101 t\u0113rauda pudeles tur\u0113t\u0101js.","status":"publish","sku":"FIREMAPLE_24","original":53934},"wpml":{"translation_type":1,"has_translations":true,"original":53934,"duplicates":[],"translations":{"lv":53934,"en":67443,"ru":null}},"supplier_id":null,"supplier_sku":"","barcode":null,"atum_controlled":true,"out_stock_date":null,"out_stock_threshold":null,"inheritable":false,"inbound_stock":0,"stock_on_hold":0,"sold_today":0,"sales_last_days":0,"reserved_stock":0,"customer_returns":0,"warehouse_damage":0,"lost_in_post":0,"other_logs":0,"out_stock_days":0,"lost_sales":0,"has_location":false,"update_date":"2026-02-02T16:56:48","atum_locations":[],"atum_stock_status":"instock","restock_status":false,"low_stock_amount":"","sales_update_date":"2025-11-13T14:08:38","calc_backorders":null,"yoast_head":"<!-- This site is optimized with the Yoast SEO plugin v27.3 - https:\/\/yoast.com\/product\/yoast-seo-wordpress\/ -->\n<title>FIREMAPLE - Orca pudeles tur\u0113t\u0101js<\/title>\n<meta name=\"description\" content=\"Orca ner\u016bs\u0113jo\u0161\u0101 t\u0113rauda pudeles tur\u0113t\u0101js.\" \/>\n<meta name=\"robots\" content=\"index, follow, max-snippet:-1, max-image-preview:large, max-video-preview:-1\" \/>\n<link rel=\"canonical\" href=\"https:\/\/gohike.lv\/ru\/produkts\/firemaple-orca-pudeles-turetajs\/\" \/>\n<meta property=\"og:locale\" content=\"ru_RU\" \/>\n<meta property=\"og:type\" content=\"article\" \/>\n<meta property=\"og:title\" content=\"Termosi un Pudeles - FIREMAPLE Orca pudeles tur\u0113t\u0101js\" \/>\n<meta property=\"og:description\" content=\"Orca ner\u016bs\u0113jo\u0161\u0101 t\u0113rauda pudeles tur\u0113t\u0101js.\" \/>\n<meta property=\"og:url\" content=\"https:\/\/gohike.lv\/ru\/produkts\/firemaple-orca-pudeles-turetajs\/\" \/>\n<meta property=\"og:site_name\" content=\"GoHike\" \/>\n<meta property=\"article:publisher\" content=\"https:\/\/www.facebook.com\/gohike.shop\/\" \/>\n<meta property=\"article:modified_time\" content=\"2026-02-02T16:56:46+00:00\" \/>\n<meta property=\"og:image\" content=\"https:\/\/gohike.lv\/wp-content\/uploads\/2023\/11\/orca-stainless-steel-insulated-bottle-1l-388935_1800x1800-1-1.jpg\" \/>\n\t<meta property=\"og:image:width\" content=\"1000\" \/>\n\t<meta property=\"og:image:height\" content=\"1000\" \/>\n\t<meta property=\"og:image:type\" content=\"image\/jpeg\" \/>\n<meta name=\"twitter:card\" content=\"summary_large_image\" \/>\n<meta name=\"twitter:title\" content=\"Termosi un Pudeles - FIREMAPLE Orca pudeles tur\u0113t\u0101js\" \/>\n<meta name=\"twitter:label1\" content=\"\u041f\u0440\u0438\u043c\u0435\u0440\u043d\u043e\u0435 \u0432\u0440\u0435\u043c\u044f \u0434\u043b\u044f \u0447\u0442\u0435\u043d\u0438\u044f\" \/>\n\t<meta name=\"twitter:data1\" content=\"1 \u043c\u0438\u043d\u0443\u0442\u0430\" \/>\n<script type=\"application\/ld+json\" class=\"yoast-schema-graph\">{\"@context\":\"https:\\\/\\\/schema.org\",\"@graph\":[{\"@type\":[\"WebPage\",\"ItemPage\"],\"@id\":\"https:\\\/\\\/gohike.lv\\\/ru\\\/produkts\\\/firemaple-orca-pudeles-turetajs\\\/\",\"url\":\"https:\\\/\\\/gohike.lv\\\/ru\\\/produkts\\\/firemaple-orca-pudeles-turetajs\\\/\",\"name\":\"FIREMAPLE - Orca pudeles tur\u0113t\u0101js\",\"isPartOf\":{\"@id\":\"https:\\\/\\\/gohike.lv\\\/ru\\\/#website\"},\"primaryImageOfPage\":{\"@id\":\"https:\\\/\\\/gohike.lv\\\/ru\\\/produkts\\\/firemaple-orca-pudeles-turetajs\\\/#primaryimage\"},\"image\":{\"@id\":\"https:\\\/\\\/gohike.lv\\\/ru\\\/produkts\\\/firemaple-orca-pudeles-turetajs\\\/#primaryimage\"},\"thumbnailUrl\":\"https:\\\/\\\/gohike.lv\\\/wp-content\\\/uploads\\\/2023\\\/11\\\/orca-stainless-steel-insulated-bottle-1l-388935_1800x1800-1-1.jpg\",\"datePublished\":\"2024-05-08T13:23:17+00:00\",\"dateModified\":\"2026-02-02T16:56:46+00:00\",\"description\":\"Orca ner\u016bs\u0113jo\u0161\u0101 t\u0113rauda pudeles tur\u0113t\u0101js.\",\"breadcrumb\":{\"@id\":\"https:\\\/\\\/gohike.lv\\\/ru\\\/produkts\\\/firemaple-orca-pudeles-turetajs\\\/#breadcrumb\"},\"inLanguage\":\"ru-RU\",\"potentialAction\":[{\"@type\":\"ReadAction\",\"target\":[\"https:\\\/\\\/gohike.lv\\\/ru\\\/produkts\\\/firemaple-orca-pudeles-turetajs\\\/\"]}]},{\"@type\":\"ImageObject\",\"inLanguage\":\"ru-RU\",\"@id\":\"https:\\\/\\\/gohike.lv\\\/ru\\\/produkts\\\/firemaple-orca-pudeles-turetajs\\\/#primaryimage\",\"url\":\"https:\\\/\\\/gohike.lv\\\/wp-content\\\/uploads\\\/2023\\\/11\\\/orca-stainless-steel-insulated-bottle-1l-388935_1800x1800-1-1.jpg\",\"contentUrl\":\"https:\\\/\\\/gohike.lv\\\/wp-content\\\/uploads\\\/2023\\\/11\\\/orca-stainless-steel-insulated-bottle-1l-388935_1800x1800-1-1.jpg\",\"width\":1000,\"height\":1000},{\"@type\":\"BreadcrumbList\",\"@id\":\"https:\\\/\\\/gohike.lv\\\/ru\\\/produkts\\\/firemaple-orca-pudeles-turetajs\\\/#breadcrumb\",\"itemListElement\":[{\"@type\":\"ListItem\",\"position\":1,\"name\":\"\u0413\u043b\u0430\u0432\u043d\u0430\u044f\",\"item\":\"https:\\\/\\\/gohike.lv\\\/ru\\\/\"},{\"@type\":\"ListItem\",\"position\":2,\"name\":\"\u041a\u0430\u0442\u0435\u0433\u043e\u0440\u0438\u0438 \u0442\u043e\u0432\u0430\u0440\u043e\u0432\",\"item\":\"https:\\\/\\\/gohike.lv\\\/%d0%ba%d0%b0%d1%82%d0%b5%d0%b3%d0%be%d1%80%d0%b8%d0%b8-%d1%82%d0%be%d0%b2%d0%b0%d1%80%d0%be%d0%b2\\\/\"},{\"@type\":\"ListItem\",\"position\":3,\"name\":\"FIREMAPLE &#8211; Orca pudeles tur\u0113t\u0101js\"}]},{\"@type\":\"WebSite\",\"@id\":\"https:\\\/\\\/gohike.lv\\\/ru\\\/#website\",\"url\":\"https:\\\/\\\/gohike.lv\\\/ru\\\/\",\"name\":\"GoHike\",\"description\":\"\",\"publisher\":{\"@id\":\"https:\\\/\\\/gohike.lv\\\/ru\\\/#organization\"},\"potentialAction\":[{\"@type\":\"SearchAction\",\"target\":{\"@type\":\"EntryPoint\",\"urlTemplate\":\"https:\\\/\\\/gohike.lv\\\/ru\\\/?s={search_term_string}\"},\"query-input\":{\"@type\":\"PropertyValueSpecification\",\"valueRequired\":true,\"valueName\":\"search_term_string\"}}],\"inLanguage\":\"ru-RU\"},{\"@type\":\"Organization\",\"@id\":\"https:\\\/\\\/gohike.lv\\\/ru\\\/#organization\",\"name\":\"GoHike\",\"url\":\"https:\\\/\\\/gohike.lv\\\/ru\\\/\",\"logo\":{\"@type\":\"ImageObject\",\"inLanguage\":\"ru-RU\",\"@id\":\"https:\\\/\\\/gohike.lv\\\/ru\\\/#\\\/schema\\\/logo\\\/image\\\/\",\"url\":\"https:\\\/\\\/gohike.lv\\\/wp-content\\\/uploads\\\/2023\\\/08\\\/Logo_GoHike.webp\",\"contentUrl\":\"https:\\\/\\\/gohike.lv\\\/wp-content\\\/uploads\\\/2023\\\/08\\\/Logo_GoHike.webp\",\"width\":512,\"height\":512,\"caption\":\"GoHike\"},\"image\":{\"@id\":\"https:\\\/\\\/gohike.lv\\\/ru\\\/#\\\/schema\\\/logo\\\/image\\\/\"},\"sameAs\":[\"https:\\\/\\\/www.facebook.com\\\/gohike.shop\\\/\",\"https:\\\/\\\/www.instagram.com\\\/gohike.shop\\\/\"]}]}<\/script>\n<!-- \/ Yoast SEO plugin. -->","yoast_head_json":{"title":"FIREMAPLE - Orca pudeles tur\u0113t\u0101js","description":"Orca ner\u016bs\u0113jo\u0161\u0101 t\u0113rauda pudeles tur\u0113t\u0101js.","robots":{"index":"index","follow":"follow","max-snippet":"max-snippet:-1","max-image-preview":"max-image-preview:large","max-video-preview":"max-video-preview:-1"},"canonical":"https:\/\/gohike.lv\/ru\/produkts\/firemaple-orca-pudeles-turetajs\/","og_locale":"ru_RU","og_type":"article","og_title":"Termosi un Pudeles - FIREMAPLE Orca pudeles tur\u0113t\u0101js","og_description":"Orca ner\u016bs\u0113jo\u0161\u0101 t\u0113rauda pudeles tur\u0113t\u0101js.","og_url":"https:\/\/gohike.lv\/ru\/produkts\/firemaple-orca-pudeles-turetajs\/","og_site_name":"GoHike","article_publisher":"https:\/\/www.facebook.com\/gohike.shop\/","article_modified_time":"2026-02-02T16:56:46+00:00","og_image":[{"width":1000,"height":1000,"url":"https:\/\/gohike.lv\/wp-content\/uploads\/2023\/11\/orca-stainless-steel-insulated-bottle-1l-388935_1800x1800-1-1.jpg","type":"image\/jpeg"}],"twitter_card":"summary_large_image","twitter_title":"Termosi un Pudeles - FIREMAPLE Orca pudeles tur\u0113t\u0101js","twitter_misc":{"\u041f\u0440\u0438\u043c\u0435\u0440\u043d\u043e\u0435 \u0432\u0440\u0435\u043c\u044f \u0434\u043b\u044f \u0447\u0442\u0435\u043d\u0438\u044f":"1 \u043c\u0438\u043d\u0443\u0442\u0430"},"schema":{"@context":"https:\/\/schema.org","@graph":[{"@type":["WebPage","ItemPage"],"@id":"https:\/\/gohike.lv\/ru\/produkts\/firemaple-orca-pudeles-turetajs\/","url":"https:\/\/gohike.lv\/ru\/produkts\/firemaple-orca-pudeles-turetajs\/","name":"FIREMAPLE - Orca pudeles tur\u0113t\u0101js","isPartOf":{"@id":"https:\/\/gohike.lv\/ru\/#website"},"primaryImageOfPage":{"@id":"https:\/\/gohike.lv\/ru\/produkts\/firemaple-orca-pudeles-turetajs\/#primaryimage"},"image":{"@id":"https:\/\/gohike.lv\/ru\/produkts\/firemaple-orca-pudeles-turetajs\/#primaryimage"},"thumbnailUrl":"https:\/\/gohike.lv\/wp-content\/uploads\/2023\/11\/orca-stainless-steel-insulated-bottle-1l-388935_1800x1800-1-1.jpg","datePublished":"2024-05-08T13:23:17+00:00","dateModified":"2026-02-02T16:56:46+00:00","description":"Orca ner\u016bs\u0113jo\u0161\u0101 t\u0113rauda pudeles tur\u0113t\u0101js.","breadcrumb":{"@id":"https:\/\/gohike.lv\/ru\/produkts\/firemaple-orca-pudeles-turetajs\/#breadcrumb"},"inLanguage":"ru-RU","potentialAction":[{"@type":"ReadAction","target":["https:\/\/gohike.lv\/ru\/produkts\/firemaple-orca-pudeles-turetajs\/"]}]},{"@type":"ImageObject","inLanguage":"ru-RU","@id":"https:\/\/gohike.lv\/ru\/produkts\/firemaple-orca-pudeles-turetajs\/#primaryimage","url":"https:\/\/gohike.lv\/wp-content\/uploads\/2023\/11\/orca-stainless-steel-insulated-bottle-1l-388935_1800x1800-1-1.jpg","contentUrl":"https:\/\/gohike.lv\/wp-content\/uploads\/2023\/11\/orca-stainless-steel-insulated-bottle-1l-388935_1800x1800-1-1.jpg","width":1000,"height":1000},{"@type":"BreadcrumbList","@id":"https:\/\/gohike.lv\/ru\/produkts\/firemaple-orca-pudeles-turetajs\/#breadcrumb","itemListElement":[{"@type":"ListItem","position":1,"name":"\u0413\u043b\u0430\u0432\u043d\u0430\u044f","item":"https:\/\/gohike.lv\/ru\/"},{"@type":"ListItem","position":2,"name":"\u041a\u0430\u0442\u0435\u0433\u043e\u0440\u0438\u0438 \u0442\u043e\u0432\u0430\u0440\u043e\u0432","item":"https:\/\/gohike.lv\/%d0%ba%d0%b0%d1%82%d0%b5%d0%b3%d0%be%d1%80%d0%b8%d0%b8-%d1%82%d0%be%d0%b2%d0%b0%d1%80%d0%be%d0%b2\/"},{"@type":"ListItem","position":3,"name":"FIREMAPLE &#8211; Orca pudeles tur\u0113t\u0101js"}]},{"@type":"WebSite","@id":"https:\/\/gohike.lv\/ru\/#website","url":"https:\/\/gohike.lv\/ru\/","name":"GoHike","description":"","publisher":{"@id":"https:\/\/gohike.lv\/ru\/#organization"},"potentialAction":[{"@type":"SearchAction","target":{"@type":"EntryPoint","urlTemplate":"https:\/\/gohike.lv\/ru\/?s={search_term_string}"},"query-input":{"@type":"PropertyValueSpecification","valueRequired":true,"valueName":"search_term_string"}}],"inLanguage":"ru-RU"},{"@type":"Organization","@id":"https:\/\/gohike.lv\/ru\/#organization","name":"GoHike","url":"https:\/\/gohike.lv\/ru\/","logo":{"@type":"ImageObject","inLanguage":"ru-RU","@id":"https:\/\/gohike.lv\/ru\/#\/schema\/logo\/image\/","url":"https:\/\/gohike.lv\/wp-content\/uploads\/2023\/08\/Logo_GoHike.webp","contentUrl":"https:\/\/gohike.lv\/wp-content\/uploads\/2023\/08\/Logo_GoHike.webp","width":512,"height":512,"caption":"GoHike"},"image":{"@id":"https:\/\/gohike.lv\/ru\/#\/schema\/logo\/image\/"},"sameAs":["https:\/\/www.facebook.com\/gohike.shop\/","https:\/\/www.instagram.com\/gohike.shop\/"]}]}},"jetpack_sharing_enabled":true,"_links":{"self":[{"href":"https:\/\/gohike.lv\/ru\/wp-json\/wp\/v2\/product\/53934","targetHints":{"allow":["GET"]}}],"collection":[{"href":"https:\/\/gohike.lv\/ru\/wp-json\/wp\/v2\/product"}],"about":[{"href":"https:\/\/gohike.lv\/ru\/wp-json\/wp\/v2\/types\/product"}],"version-history":[{"count":0,"href":"https:\/\/gohike.lv\/ru\/wp-json\/wp\/v2\/product\/53934\/revisions"}],"wp:featuredmedia":[{"embeddable":true,"href":"https:\/\/gohike.lv\/ru\/wp-json\/wp\/v2\/media\/12219"}],"wp:attachment":[{"href":"https:\/\/gohike.lv\/ru\/wp-json\/wp\/v2\/media?parent=53934"}],"wp:term":[{"taxonomy":"product_brand","embeddable":true,"href":"https:\/\/gohike.lv\/ru\/wp-json\/wp\/v2\/product_brand?post=53934"},{"taxonomy":"product_cat","embeddable":true,"href":"https:\/\/gohike.lv\/ru\/wp-json\/wp\/v2\/product_cat?post=53934"},{"taxonomy":"product_tag","embeddable":true,"href":"https:\/\/gohike.lv\/ru\/wp-json\/wp\/v2\/product_tag?post=53934"}],"curies":[{"name":"wp","href":"https:\/\/api.w.org\/{rel}","templated":true}]}}