{"id":53920,"date":"2024-05-08T16:21:53","date_gmt":"2024-05-08T13:21:53","guid":{"rendered":"https:\/\/gohike.lv\/produkts\/firemaple-fms-105-gas-stove-2\/"},"modified":"2026-02-02T19:57:02","modified_gmt":"2026-02-02T16:57:02","slug":"firemaple-fms-105-gas-stove-2","status":"publish","type":"product","link":"https:\/\/gohike.lv\/ru\/produkts\/firemaple-fms-105-gas-stove-2\/","title":{"rendered":"FIREMAPLE &#8212; FMS-105+ G\u0101zes deglis"},"content":{"rendered":"<p>Piem\u0113rots adatas tipa balonam.<br \/>\nDarbojas ar g\u0101zi, nav ieteicams lietot ziem\u0101.<br \/>\nSaloc\u012bt\u0101 st\u0101vokl\u012b tas aiz\u0146em maz vietas un taj\u0101 ir ieb\u016bv\u0113tas \u0161\u0137iltavas.<br \/>\nIzgatavots no ner\u016bs\u0113jo\u0161\u0101 t\u0113rauda un alum\u012bnija.<br \/>\nRaksturlielumi:<br \/>\nG\u0101zes deglis ar \u0161\u013c\u016bteni uztv\u0113r\u0113jai cilindram;<br \/>\nJauda: 3000 vati;<br \/>\nKompakts un \u0113rts;<br \/>\nDegviela: g\u0101ze;<br \/>\nMateri\u0101li: ner\u016bs\u0113jo\u0161ais t\u0113rauds un alum\u012bnijs;<br \/>\nIzm\u0113rs: 168&#215;69 mm;<br \/>\nIepakojum\u0101 izm\u0113rs: 90&#215;60 mm;<br \/>\nSvars: 230 grami.<\/p>\n","protected":false},"excerpt":{"rendered":"<p>G\u0101zes deglis Fire-Maple FMS-105 Plus t\u016brismam un \u0101ra aktivit\u0101t\u0113m.<\/p>\n","protected":false},"featured_media":12163,"template":"","meta":[],"product_brand":[1080],"product_cat":[951,9447],"product_tag":[],"class_list":{"0":"post-53920","1":"product","2":"type-product","3":"status-publish","4":"has-post-thumbnail","6":"product_brand-firemaple-lv","7":"product_cat-degli-un-degviela","8":"product_cat-izpardosana","9":"pa_izmers-atlocits-168-x-69-mm-satlocits-90x60-mm","10":"pa_jauda-3000w","11":"pa_materiali-aluminija-sakausejums-nerusejosais-terauds-vara","12":"pa_produkta-tips-degli","13":"pa_spalva-sudrabs","15":"first","16":"outofstock","17":"taxable","18":"shipping-taxable","19":"purchasable","20":"product-type-simple"},"raw_content":{"name":"FIREMAPLE - FMS-105+ G\u0101zes deglis","description":"Piem\u0113rots adatas tipa balonam.\nDarbojas ar g\u0101zi, nav ieteicams lietot ziem\u0101.\nSaloc\u012bt\u0101 st\u0101vokl\u012b tas aiz\u0146em maz vietas un taj\u0101 ir ieb\u016bv\u0113tas \u0161\u0137iltavas.\nIzgatavots no ner\u016bs\u0113jo\u0161\u0101 t\u0113rauda un alum\u012bnija.\nRaksturlielumi:\nG\u0101zes deglis ar \u0161\u013c\u016bteni uztv\u0113r\u0113jai cilindram;\nJauda: 3000 vati;\nKompakts un \u0113rts;\nDegviela: g\u0101ze;\nMateri\u0101li: ner\u016bs\u0113jo\u0161ais t\u0113rauds un alum\u012bnijs;\nIzm\u0113rs: 168x69 mm;\nIepakojum\u0101 izm\u0113rs: 90x60 mm;\nSvars: 230 grami.","short_description":"G\u0101zes deglis Fire-Maple FMS-105 Plus t\u016brismam un \u0101ra aktivit\u0101t\u0113m.","status":"publish","sku":"FIREMAPLE_15","original":53920},"wpml":{"translation_type":1,"has_translations":true,"original":53920,"duplicates":[],"translations":{"lv":53920,"en":67855,"ru":null}},"supplier_id":null,"supplier_sku":"","barcode":null,"atum_controlled":true,"out_stock_date":"2026-02-02 19:39:49","out_stock_threshold":null,"inheritable":false,"inbound_stock":0,"stock_on_hold":0,"sold_today":0,"sales_last_days":0,"reserved_stock":0,"customer_returns":0,"warehouse_damage":0,"lost_in_post":0,"other_logs":0,"out_stock_days":0,"lost_sales":0,"has_location":false,"update_date":"2026-02-02T16:57:03","atum_locations":[],"atum_stock_status":"outofstock","restock_status":false,"low_stock_amount":"","sales_update_date":"2025-11-13T14:06:58","calc_backorders":null,"yoast_head":"<!-- This site is optimized with the Yoast SEO plugin v27.3 - https:\/\/yoast.com\/product\/yoast-seo-wordpress\/ -->\n<title>FIREMAPLE - FMS-105+ G\u0101zes deglis<\/title>\n<meta name=\"description\" content=\"G\u0101zes deglis Fire-Maple FMS-105 Plus t\u016brismam un \u0101ra aktivit\u0101t\u0113m. Izgatavots no ner\u016bs\u0113jo\u0161\u0101 t\u0113rauda un alum\u012bnija.\" \/>\n<meta name=\"robots\" content=\"index, follow, max-snippet:-1, max-image-preview:large, max-video-preview:-1\" \/>\n<link rel=\"canonical\" href=\"https:\/\/gohike.lv\/ru\/produkts\/firemaple-fms-105-gas-stove-2\/\" \/>\n<meta property=\"og:locale\" content=\"ru_RU\" \/>\n<meta property=\"og:type\" content=\"article\" \/>\n<meta property=\"og:title\" content=\"Deg\u013ci - FIREMAPLE FMS-105+ Gas Stove\" \/>\n<meta property=\"og:description\" content=\"G\u0101zes deglis Fire-Maple FMS-105 Plus t\u016brismam un \u0101ra aktivit\u0101t\u0113m. Izgatavots no ner\u016bs\u0113jo\u0161\u0101 t\u0113rauda un alum\u012bnija.\" \/>\n<meta property=\"og:url\" content=\"https:\/\/gohike.lv\/ru\/produkts\/firemaple-fms-105-gas-stove-2\/\" \/>\n<meta property=\"og:site_name\" content=\"GoHike\" \/>\n<meta property=\"article:publisher\" content=\"https:\/\/www.facebook.com\/gohike.shop\/\" \/>\n<meta property=\"article:modified_time\" content=\"2026-02-02T16:57:02+00:00\" \/>\n<meta property=\"og:image\" content=\"https:\/\/gohike.lv\/wp-content\/uploads\/2024\/02\/FMS-105-_-6.webp\" \/>\n\t<meta property=\"og:image:width\" content=\"970\" \/>\n\t<meta property=\"og:image:height\" content=\"970\" \/>\n\t<meta property=\"og:image:type\" content=\"image\/webp\" \/>\n<meta name=\"twitter:card\" content=\"summary_large_image\" \/>\n<meta name=\"twitter:title\" content=\"Deg\u013ci - FIREMAPLE FMS-105+ Gas Stove\" \/>\n<meta name=\"twitter:label1\" content=\"\u041f\u0440\u0438\u043c\u0435\u0440\u043d\u043e\u0435 \u0432\u0440\u0435\u043c\u044f \u0434\u043b\u044f \u0447\u0442\u0435\u043d\u0438\u044f\" \/>\n\t<meta name=\"twitter:data1\" content=\"1 \u043c\u0438\u043d\u0443\u0442\u0430\" \/>\n<script type=\"application\/ld+json\" class=\"yoast-schema-graph\">{\"@context\":\"https:\\\/\\\/schema.org\",\"@graph\":[{\"@type\":[\"WebPage\",\"ItemPage\"],\"@id\":\"https:\\\/\\\/gohike.lv\\\/ru\\\/produkts\\\/firemaple-fms-105-gas-stove-2\\\/\",\"url\":\"https:\\\/\\\/gohike.lv\\\/ru\\\/produkts\\\/firemaple-fms-105-gas-stove-2\\\/\",\"name\":\"FIREMAPLE - FMS-105+ G\u0101zes deglis\",\"isPartOf\":{\"@id\":\"https:\\\/\\\/gohike.lv\\\/ru\\\/#website\"},\"primaryImageOfPage\":{\"@id\":\"https:\\\/\\\/gohike.lv\\\/ru\\\/produkts\\\/firemaple-fms-105-gas-stove-2\\\/#primaryimage\"},\"image\":{\"@id\":\"https:\\\/\\\/gohike.lv\\\/ru\\\/produkts\\\/firemaple-fms-105-gas-stove-2\\\/#primaryimage\"},\"thumbnailUrl\":\"https:\\\/\\\/gohike.lv\\\/wp-content\\\/uploads\\\/2024\\\/02\\\/FMS-105-_-6.webp\",\"datePublished\":\"2024-05-08T13:21:53+00:00\",\"dateModified\":\"2026-02-02T16:57:02+00:00\",\"description\":\"G\u0101zes deglis Fire-Maple FMS-105 Plus t\u016brismam un \u0101ra aktivit\u0101t\u0113m. Izgatavots no ner\u016bs\u0113jo\u0161\u0101 t\u0113rauda un alum\u012bnija.\",\"breadcrumb\":{\"@id\":\"https:\\\/\\\/gohike.lv\\\/ru\\\/produkts\\\/firemaple-fms-105-gas-stove-2\\\/#breadcrumb\"},\"inLanguage\":\"ru-RU\",\"potentialAction\":[{\"@type\":\"ReadAction\",\"target\":[\"https:\\\/\\\/gohike.lv\\\/ru\\\/produkts\\\/firemaple-fms-105-gas-stove-2\\\/\"]}]},{\"@type\":\"ImageObject\",\"inLanguage\":\"ru-RU\",\"@id\":\"https:\\\/\\\/gohike.lv\\\/ru\\\/produkts\\\/firemaple-fms-105-gas-stove-2\\\/#primaryimage\",\"url\":\"https:\\\/\\\/gohike.lv\\\/wp-content\\\/uploads\\\/2024\\\/02\\\/FMS-105-_-6.webp\",\"contentUrl\":\"https:\\\/\\\/gohike.lv\\\/wp-content\\\/uploads\\\/2024\\\/02\\\/FMS-105-_-6.webp\",\"width\":970,\"height\":970},{\"@type\":\"BreadcrumbList\",\"@id\":\"https:\\\/\\\/gohike.lv\\\/ru\\\/produkts\\\/firemaple-fms-105-gas-stove-2\\\/#breadcrumb\",\"itemListElement\":[{\"@type\":\"ListItem\",\"position\":1,\"name\":\"\u0413\u043b\u0430\u0432\u043d\u0430\u044f\",\"item\":\"https:\\\/\\\/gohike.lv\\\/ru\\\/\"},{\"@type\":\"ListItem\",\"position\":2,\"name\":\"\u041a\u0430\u0442\u0435\u0433\u043e\u0440\u0438\u0438 \u0442\u043e\u0432\u0430\u0440\u043e\u0432\",\"item\":\"https:\\\/\\\/gohike.lv\\\/%d0%ba%d0%b0%d1%82%d0%b5%d0%b3%d0%be%d1%80%d0%b8%d0%b8-%d1%82%d0%be%d0%b2%d0%b0%d1%80%d0%be%d0%b2\\\/\"},{\"@type\":\"ListItem\",\"position\":3,\"name\":\"FIREMAPLE &#8211; FMS-105+ G\u0101zes deglis\"}]},{\"@type\":\"WebSite\",\"@id\":\"https:\\\/\\\/gohike.lv\\\/ru\\\/#website\",\"url\":\"https:\\\/\\\/gohike.lv\\\/ru\\\/\",\"name\":\"GoHike\",\"description\":\"\",\"publisher\":{\"@id\":\"https:\\\/\\\/gohike.lv\\\/ru\\\/#organization\"},\"potentialAction\":[{\"@type\":\"SearchAction\",\"target\":{\"@type\":\"EntryPoint\",\"urlTemplate\":\"https:\\\/\\\/gohike.lv\\\/ru\\\/?s={search_term_string}\"},\"query-input\":{\"@type\":\"PropertyValueSpecification\",\"valueRequired\":true,\"valueName\":\"search_term_string\"}}],\"inLanguage\":\"ru-RU\"},{\"@type\":\"Organization\",\"@id\":\"https:\\\/\\\/gohike.lv\\\/ru\\\/#organization\",\"name\":\"GoHike\",\"url\":\"https:\\\/\\\/gohike.lv\\\/ru\\\/\",\"logo\":{\"@type\":\"ImageObject\",\"inLanguage\":\"ru-RU\",\"@id\":\"https:\\\/\\\/gohike.lv\\\/ru\\\/#\\\/schema\\\/logo\\\/image\\\/\",\"url\":\"https:\\\/\\\/gohike.lv\\\/wp-content\\\/uploads\\\/2023\\\/08\\\/Logo_GoHike.webp\",\"contentUrl\":\"https:\\\/\\\/gohike.lv\\\/wp-content\\\/uploads\\\/2023\\\/08\\\/Logo_GoHike.webp\",\"width\":512,\"height\":512,\"caption\":\"GoHike\"},\"image\":{\"@id\":\"https:\\\/\\\/gohike.lv\\\/ru\\\/#\\\/schema\\\/logo\\\/image\\\/\"},\"sameAs\":[\"https:\\\/\\\/www.facebook.com\\\/gohike.shop\\\/\",\"https:\\\/\\\/www.instagram.com\\\/gohike.shop\\\/\"]}]}<\/script>\n<!-- \/ Yoast SEO plugin. -->","yoast_head_json":{"title":"FIREMAPLE - FMS-105+ G\u0101zes deglis","description":"G\u0101zes deglis Fire-Maple FMS-105 Plus t\u016brismam un \u0101ra aktivit\u0101t\u0113m. Izgatavots no ner\u016bs\u0113jo\u0161\u0101 t\u0113rauda un alum\u012bnija.","robots":{"index":"index","follow":"follow","max-snippet":"max-snippet:-1","max-image-preview":"max-image-preview:large","max-video-preview":"max-video-preview:-1"},"canonical":"https:\/\/gohike.lv\/ru\/produkts\/firemaple-fms-105-gas-stove-2\/","og_locale":"ru_RU","og_type":"article","og_title":"Deg\u013ci - FIREMAPLE FMS-105+ Gas Stove","og_description":"G\u0101zes deglis Fire-Maple FMS-105 Plus t\u016brismam un \u0101ra aktivit\u0101t\u0113m. Izgatavots no ner\u016bs\u0113jo\u0161\u0101 t\u0113rauda un alum\u012bnija.","og_url":"https:\/\/gohike.lv\/ru\/produkts\/firemaple-fms-105-gas-stove-2\/","og_site_name":"GoHike","article_publisher":"https:\/\/www.facebook.com\/gohike.shop\/","article_modified_time":"2026-02-02T16:57:02+00:00","og_image":[{"width":970,"height":970,"url":"https:\/\/gohike.lv\/wp-content\/uploads\/2024\/02\/FMS-105-_-6.webp","type":"image\/webp"}],"twitter_card":"summary_large_image","twitter_title":"Deg\u013ci - FIREMAPLE FMS-105+ Gas Stove","twitter_misc":{"\u041f\u0440\u0438\u043c\u0435\u0440\u043d\u043e\u0435 \u0432\u0440\u0435\u043c\u044f \u0434\u043b\u044f \u0447\u0442\u0435\u043d\u0438\u044f":"1 \u043c\u0438\u043d\u0443\u0442\u0430"},"schema":{"@context":"https:\/\/schema.org","@graph":[{"@type":["WebPage","ItemPage"],"@id":"https:\/\/gohike.lv\/ru\/produkts\/firemaple-fms-105-gas-stove-2\/","url":"https:\/\/gohike.lv\/ru\/produkts\/firemaple-fms-105-gas-stove-2\/","name":"FIREMAPLE - FMS-105+ G\u0101zes deglis","isPartOf":{"@id":"https:\/\/gohike.lv\/ru\/#website"},"primaryImageOfPage":{"@id":"https:\/\/gohike.lv\/ru\/produkts\/firemaple-fms-105-gas-stove-2\/#primaryimage"},"image":{"@id":"https:\/\/gohike.lv\/ru\/produkts\/firemaple-fms-105-gas-stove-2\/#primaryimage"},"thumbnailUrl":"https:\/\/gohike.lv\/wp-content\/uploads\/2024\/02\/FMS-105-_-6.webp","datePublished":"2024-05-08T13:21:53+00:00","dateModified":"2026-02-02T16:57:02+00:00","description":"G\u0101zes deglis Fire-Maple FMS-105 Plus t\u016brismam un \u0101ra aktivit\u0101t\u0113m. Izgatavots no ner\u016bs\u0113jo\u0161\u0101 t\u0113rauda un alum\u012bnija.","breadcrumb":{"@id":"https:\/\/gohike.lv\/ru\/produkts\/firemaple-fms-105-gas-stove-2\/#breadcrumb"},"inLanguage":"ru-RU","potentialAction":[{"@type":"ReadAction","target":["https:\/\/gohike.lv\/ru\/produkts\/firemaple-fms-105-gas-stove-2\/"]}]},{"@type":"ImageObject","inLanguage":"ru-RU","@id":"https:\/\/gohike.lv\/ru\/produkts\/firemaple-fms-105-gas-stove-2\/#primaryimage","url":"https:\/\/gohike.lv\/wp-content\/uploads\/2024\/02\/FMS-105-_-6.webp","contentUrl":"https:\/\/gohike.lv\/wp-content\/uploads\/2024\/02\/FMS-105-_-6.webp","width":970,"height":970},{"@type":"BreadcrumbList","@id":"https:\/\/gohike.lv\/ru\/produkts\/firemaple-fms-105-gas-stove-2\/#breadcrumb","itemListElement":[{"@type":"ListItem","position":1,"name":"\u0413\u043b\u0430\u0432\u043d\u0430\u044f","item":"https:\/\/gohike.lv\/ru\/"},{"@type":"ListItem","position":2,"name":"\u041a\u0430\u0442\u0435\u0433\u043e\u0440\u0438\u0438 \u0442\u043e\u0432\u0430\u0440\u043e\u0432","item":"https:\/\/gohike.lv\/%d0%ba%d0%b0%d1%82%d0%b5%d0%b3%d0%be%d1%80%d0%b8%d0%b8-%d1%82%d0%be%d0%b2%d0%b0%d1%80%d0%be%d0%b2\/"},{"@type":"ListItem","position":3,"name":"FIREMAPLE &#8211; FMS-105+ G\u0101zes deglis"}]},{"@type":"WebSite","@id":"https:\/\/gohike.lv\/ru\/#website","url":"https:\/\/gohike.lv\/ru\/","name":"GoHike","description":"","publisher":{"@id":"https:\/\/gohike.lv\/ru\/#organization"},"potentialAction":[{"@type":"SearchAction","target":{"@type":"EntryPoint","urlTemplate":"https:\/\/gohike.lv\/ru\/?s={search_term_string}"},"query-input":{"@type":"PropertyValueSpecification","valueRequired":true,"valueName":"search_term_string"}}],"inLanguage":"ru-RU"},{"@type":"Organization","@id":"https:\/\/gohike.lv\/ru\/#organization","name":"GoHike","url":"https:\/\/gohike.lv\/ru\/","logo":{"@type":"ImageObject","inLanguage":"ru-RU","@id":"https:\/\/gohike.lv\/ru\/#\/schema\/logo\/image\/","url":"https:\/\/gohike.lv\/wp-content\/uploads\/2023\/08\/Logo_GoHike.webp","contentUrl":"https:\/\/gohike.lv\/wp-content\/uploads\/2023\/08\/Logo_GoHike.webp","width":512,"height":512,"caption":"GoHike"},"image":{"@id":"https:\/\/gohike.lv\/ru\/#\/schema\/logo\/image\/"},"sameAs":["https:\/\/www.facebook.com\/gohike.shop\/","https:\/\/www.instagram.com\/gohike.shop\/"]}]}},"jetpack_sharing_enabled":true,"_links":{"self":[{"href":"https:\/\/gohike.lv\/ru\/wp-json\/wp\/v2\/product\/53920","targetHints":{"allow":["GET"]}}],"collection":[{"href":"https:\/\/gohike.lv\/ru\/wp-json\/wp\/v2\/product"}],"about":[{"href":"https:\/\/gohike.lv\/ru\/wp-json\/wp\/v2\/types\/product"}],"version-history":[{"count":0,"href":"https:\/\/gohike.lv\/ru\/wp-json\/wp\/v2\/product\/53920\/revisions"}],"wp:featuredmedia":[{"embeddable":true,"href":"https:\/\/gohike.lv\/ru\/wp-json\/wp\/v2\/media\/12163"}],"wp:attachment":[{"href":"https:\/\/gohike.lv\/ru\/wp-json\/wp\/v2\/media?parent=53920"}],"wp:term":[{"taxonomy":"product_brand","embeddable":true,"href":"https:\/\/gohike.lv\/ru\/wp-json\/wp\/v2\/product_brand?post=53920"},{"taxonomy":"product_cat","embeddable":true,"href":"https:\/\/gohike.lv\/ru\/wp-json\/wp\/v2\/product_cat?post=53920"},{"taxonomy":"product_tag","embeddable":true,"href":"https:\/\/gohike.lv\/ru\/wp-json\/wp\/v2\/product_tag?post=53920"}],"curies":[{"name":"wp","href":"https:\/\/api.w.org\/{rel}","templated":true}]}}