{"id":53918,"date":"2024-05-08T16:21:53","date_gmt":"2024-05-08T13:21:53","guid":{"rendered":"https:\/\/gohike.lv\/produkts\/firemaple-fms-105-gas-stove\/"},"modified":"2025-12-31T20:10:13","modified_gmt":"2025-12-31T17:10:13","slug":"firemaple-fms-105-gas-stove","status":"publish","type":"product","link":"https:\/\/gohike.lv\/ru\/produkts\/firemaple-fms-105-gas-stove\/","title":{"rendered":"FIREMAPLE &#8212; FMS-105 G\u0101zes deglis"},"content":{"rendered":"<p>Neatkar\u012bgi no t\u0101, vai esat pieredz\u0113jis entuziasts vai ies\u0101c\u0113js, pl\u012bts pal\u012bdz\u0113s \u0101tri pagatavot karstas, gardas malt\u012btes.<br \/>\nSadal\u012btais pl\u012bts korpuss un zems smaguma centrs nodro\u0161ina dro\u0161u un stabilu gatavo\u0161anas vidi, savuk\u0101rt liesmas konvolucion\u0101lais dizains palielina degvielas efektivit\u0101ti un samazina atkritumu daudzumu.<br \/>\nPjezoelektrisk\u0101s keramikas \u0161\u0137iltavas padara uguns kurin\u0101\u0161anu vieglu.<br \/>\nSp\u0113c\u012bgais kron\u0161teins nodro\u0161ina, ka virtuves trauki lieto\u0161anas laik\u0101 paliek stabili.<\/p>\n","protected":false},"excerpt":{"rendered":"<p>FMS-105 g\u0101zes pl\u012bts &#8212; dro\u0161a un stabila.<\/p>\n","protected":false},"featured_media":12157,"template":"","meta":[],"product_brand":[1080],"product_cat":[951],"product_tag":[],"class_list":{"0":"post-53918","1":"product","2":"type-product","3":"status-publish","4":"has-post-thumbnail","6":"product_brand-firemaple-lv","7":"product_cat-degli-un-degviela","8":"pa_izmers-atlocits-174mm-x-174mm-x-70mm-satlocits-91mm-x-91mm-x-60mm","9":"pa_jauda-3000w","10":"pa_materiali-aluminija-sakausejums-nerusejosais-terauds-vara","11":"pa_produkta-tips-degli","12":"pa_spalva-oranzs","14":"first","15":"instock","16":"taxable","17":"shipping-taxable","18":"purchasable","19":"product-type-simple"},"raw_content":{"name":"FIREMAPLE - FMS-105 G\u0101zes deglis","description":"Neatkar\u012bgi no t\u0101, vai esat pieredz\u0113jis entuziasts vai ies\u0101c\u0113js, pl\u012bts pal\u012bdz\u0113s \u0101tri pagatavot karstas, gardas malt\u012btes.\nSadal\u012btais pl\u012bts korpuss un zems smaguma centrs nodro\u0161ina dro\u0161u un stabilu gatavo\u0161anas vidi, savuk\u0101rt liesmas konvolucion\u0101lais dizains palielina degvielas efektivit\u0101ti un samazina atkritumu daudzumu.\nPjezoelektrisk\u0101s keramikas \u0161\u0137iltavas padara uguns kurin\u0101\u0161anu vieglu.\nSp\u0113c\u012bgais kron\u0161teins nodro\u0161ina, ka virtuves trauki lieto\u0161anas laik\u0101 paliek stabili.","short_description":"FMS-105 g\u0101zes pl\u012bts - dro\u0161a un stabila.","status":"publish","sku":"FIREMAPLE_14","original":53918},"wpml":{"translation_type":1,"has_translations":true,"original":53918,"duplicates":[],"translations":{"lv":53918,"en":67857,"ru":null}},"supplier_id":null,"supplier_sku":"","barcode":null,"atum_controlled":true,"out_stock_date":null,"out_stock_threshold":null,"inheritable":false,"inbound_stock":0,"stock_on_hold":0,"sold_today":0,"sales_last_days":0,"reserved_stock":0,"customer_returns":0,"warehouse_damage":0,"lost_in_post":0,"other_logs":0,"out_stock_days":0,"lost_sales":0,"has_location":false,"update_date":"2025-12-31T17:10:14","atum_locations":[],"atum_stock_status":"instock","restock_status":false,"low_stock_amount":"","sales_update_date":"2025-11-13T14:08:33","calc_backorders":null,"yoast_head":"<!-- This site is optimized with the Yoast SEO plugin v27.3 - https:\/\/yoast.com\/product\/yoast-seo-wordpress\/ -->\n<title>FIREMAPLE - FMS-105 G\u0101zes deglis<\/title>\n<meta name=\"description\" content=\"FMS-105 g\u0101zes pl\u012bts - dro\u0161a un stabila. Neatkar\u012bgi no t\u0101, vai esat pieredz\u0113jis entuziasts vai ies\u0101c\u0113js, pl\u012bts pal\u012bdz\u0113s \u0101tri pagatavot karstas malt\u012btes.\" \/>\n<meta name=\"robots\" content=\"index, follow, max-snippet:-1, max-image-preview:large, max-video-preview:-1\" \/>\n<link rel=\"canonical\" href=\"https:\/\/gohike.lv\/ru\/produkts\/firemaple-fms-105-gas-stove\/\" \/>\n<meta property=\"og:locale\" content=\"ru_RU\" \/>\n<meta property=\"og:type\" content=\"article\" \/>\n<meta property=\"og:title\" content=\"Deg\u013ci - FIREMAPLE FMS-105 Gas Stove\" \/>\n<meta property=\"og:description\" content=\"FMS-105 g\u0101zes pl\u012bts - dro\u0161a un stabila. Neatkar\u012bgi no t\u0101, vai esat pieredz\u0113jis entuziasts vai ies\u0101c\u0113js, pl\u012bts pal\u012bdz\u0113s \u0101tri pagatavot karstas malt\u012btes.\" \/>\n<meta property=\"og:url\" content=\"https:\/\/gohike.lv\/ru\/produkts\/firemaple-fms-105-gas-stove\/\" \/>\n<meta property=\"og:site_name\" content=\"GoHike\" \/>\n<meta property=\"article:publisher\" content=\"https:\/\/www.facebook.com\/gohike.shop\/\" \/>\n<meta property=\"article:modified_time\" content=\"2025-12-31T17:10:13+00:00\" \/>\n<meta property=\"og:image\" content=\"https:\/\/gohike.lv\/wp-content\/uploads\/2023\/11\/fms-105_-1.jpg\" \/>\n\t<meta property=\"og:image:width\" content=\"720\" \/>\n\t<meta property=\"og:image:height\" content=\"720\" \/>\n\t<meta property=\"og:image:type\" content=\"image\/jpeg\" \/>\n<meta name=\"twitter:card\" content=\"summary_large_image\" \/>\n<meta name=\"twitter:title\" content=\"Deg\u013ci - FIREMAPLE FMS-105 Gas Stove\" \/>\n<meta name=\"twitter:label1\" content=\"\u041f\u0440\u0438\u043c\u0435\u0440\u043d\u043e\u0435 \u0432\u0440\u0435\u043c\u044f \u0434\u043b\u044f \u0447\u0442\u0435\u043d\u0438\u044f\" \/>\n\t<meta name=\"twitter:data1\" content=\"1 \u043c\u0438\u043d\u0443\u0442\u0430\" \/>\n<script type=\"application\/ld+json\" class=\"yoast-schema-graph\">{\"@context\":\"https:\\\/\\\/schema.org\",\"@graph\":[{\"@type\":[\"WebPage\",\"ItemPage\"],\"@id\":\"https:\\\/\\\/gohike.lv\\\/ru\\\/produkts\\\/firemaple-fms-105-gas-stove\\\/\",\"url\":\"https:\\\/\\\/gohike.lv\\\/ru\\\/produkts\\\/firemaple-fms-105-gas-stove\\\/\",\"name\":\"FIREMAPLE - FMS-105 G\u0101zes deglis\",\"isPartOf\":{\"@id\":\"https:\\\/\\\/gohike.lv\\\/ru\\\/#website\"},\"primaryImageOfPage\":{\"@id\":\"https:\\\/\\\/gohike.lv\\\/ru\\\/produkts\\\/firemaple-fms-105-gas-stove\\\/#primaryimage\"},\"image\":{\"@id\":\"https:\\\/\\\/gohike.lv\\\/ru\\\/produkts\\\/firemaple-fms-105-gas-stove\\\/#primaryimage\"},\"thumbnailUrl\":\"https:\\\/\\\/gohike.lv\\\/wp-content\\\/uploads\\\/2023\\\/11\\\/fms-105_-1.jpg\",\"datePublished\":\"2024-05-08T13:21:53+00:00\",\"dateModified\":\"2025-12-31T17:10:13+00:00\",\"description\":\"FMS-105 g\u0101zes pl\u012bts - dro\u0161a un stabila. Neatkar\u012bgi no t\u0101, vai esat pieredz\u0113jis entuziasts vai ies\u0101c\u0113js, pl\u012bts pal\u012bdz\u0113s \u0101tri pagatavot karstas malt\u012btes.\",\"breadcrumb\":{\"@id\":\"https:\\\/\\\/gohike.lv\\\/ru\\\/produkts\\\/firemaple-fms-105-gas-stove\\\/#breadcrumb\"},\"inLanguage\":\"ru-RU\",\"potentialAction\":[{\"@type\":\"ReadAction\",\"target\":[\"https:\\\/\\\/gohike.lv\\\/ru\\\/produkts\\\/firemaple-fms-105-gas-stove\\\/\"]}]},{\"@type\":\"ImageObject\",\"inLanguage\":\"ru-RU\",\"@id\":\"https:\\\/\\\/gohike.lv\\\/ru\\\/produkts\\\/firemaple-fms-105-gas-stove\\\/#primaryimage\",\"url\":\"https:\\\/\\\/gohike.lv\\\/wp-content\\\/uploads\\\/2023\\\/11\\\/fms-105_-1.jpg\",\"contentUrl\":\"https:\\\/\\\/gohike.lv\\\/wp-content\\\/uploads\\\/2023\\\/11\\\/fms-105_-1.jpg\",\"width\":720,\"height\":720},{\"@type\":\"BreadcrumbList\",\"@id\":\"https:\\\/\\\/gohike.lv\\\/ru\\\/produkts\\\/firemaple-fms-105-gas-stove\\\/#breadcrumb\",\"itemListElement\":[{\"@type\":\"ListItem\",\"position\":1,\"name\":\"\u0413\u043b\u0430\u0432\u043d\u0430\u044f\",\"item\":\"https:\\\/\\\/gohike.lv\\\/ru\\\/\"},{\"@type\":\"ListItem\",\"position\":2,\"name\":\"\u041a\u0430\u0442\u0435\u0433\u043e\u0440\u0438\u0438 \u0442\u043e\u0432\u0430\u0440\u043e\u0432\",\"item\":\"https:\\\/\\\/gohike.lv\\\/%d0%ba%d0%b0%d1%82%d0%b5%d0%b3%d0%be%d1%80%d0%b8%d0%b8-%d1%82%d0%be%d0%b2%d0%b0%d1%80%d0%be%d0%b2\\\/\"},{\"@type\":\"ListItem\",\"position\":3,\"name\":\"FIREMAPLE &#8211; FMS-105 G\u0101zes deglis\"}]},{\"@type\":\"WebSite\",\"@id\":\"https:\\\/\\\/gohike.lv\\\/ru\\\/#website\",\"url\":\"https:\\\/\\\/gohike.lv\\\/ru\\\/\",\"name\":\"GoHike\",\"description\":\"\",\"publisher\":{\"@id\":\"https:\\\/\\\/gohike.lv\\\/ru\\\/#organization\"},\"potentialAction\":[{\"@type\":\"SearchAction\",\"target\":{\"@type\":\"EntryPoint\",\"urlTemplate\":\"https:\\\/\\\/gohike.lv\\\/ru\\\/?s={search_term_string}\"},\"query-input\":{\"@type\":\"PropertyValueSpecification\",\"valueRequired\":true,\"valueName\":\"search_term_string\"}}],\"inLanguage\":\"ru-RU\"},{\"@type\":\"Organization\",\"@id\":\"https:\\\/\\\/gohike.lv\\\/ru\\\/#organization\",\"name\":\"GoHike\",\"url\":\"https:\\\/\\\/gohike.lv\\\/ru\\\/\",\"logo\":{\"@type\":\"ImageObject\",\"inLanguage\":\"ru-RU\",\"@id\":\"https:\\\/\\\/gohike.lv\\\/ru\\\/#\\\/schema\\\/logo\\\/image\\\/\",\"url\":\"https:\\\/\\\/gohike.lv\\\/wp-content\\\/uploads\\\/2023\\\/08\\\/Logo_GoHike.webp\",\"contentUrl\":\"https:\\\/\\\/gohike.lv\\\/wp-content\\\/uploads\\\/2023\\\/08\\\/Logo_GoHike.webp\",\"width\":512,\"height\":512,\"caption\":\"GoHike\"},\"image\":{\"@id\":\"https:\\\/\\\/gohike.lv\\\/ru\\\/#\\\/schema\\\/logo\\\/image\\\/\"},\"sameAs\":[\"https:\\\/\\\/www.facebook.com\\\/gohike.shop\\\/\",\"https:\\\/\\\/www.instagram.com\\\/gohike.shop\\\/\"]}]}<\/script>\n<!-- \/ Yoast SEO plugin. -->","yoast_head_json":{"title":"FIREMAPLE - FMS-105 G\u0101zes deglis","description":"FMS-105 g\u0101zes pl\u012bts - dro\u0161a un stabila. Neatkar\u012bgi no t\u0101, vai esat pieredz\u0113jis entuziasts vai ies\u0101c\u0113js, pl\u012bts pal\u012bdz\u0113s \u0101tri pagatavot karstas malt\u012btes.","robots":{"index":"index","follow":"follow","max-snippet":"max-snippet:-1","max-image-preview":"max-image-preview:large","max-video-preview":"max-video-preview:-1"},"canonical":"https:\/\/gohike.lv\/ru\/produkts\/firemaple-fms-105-gas-stove\/","og_locale":"ru_RU","og_type":"article","og_title":"Deg\u013ci - FIREMAPLE FMS-105 Gas Stove","og_description":"FMS-105 g\u0101zes pl\u012bts - dro\u0161a un stabila. Neatkar\u012bgi no t\u0101, vai esat pieredz\u0113jis entuziasts vai ies\u0101c\u0113js, pl\u012bts pal\u012bdz\u0113s \u0101tri pagatavot karstas malt\u012btes.","og_url":"https:\/\/gohike.lv\/ru\/produkts\/firemaple-fms-105-gas-stove\/","og_site_name":"GoHike","article_publisher":"https:\/\/www.facebook.com\/gohike.shop\/","article_modified_time":"2025-12-31T17:10:13+00:00","og_image":[{"width":720,"height":720,"url":"https:\/\/gohike.lv\/wp-content\/uploads\/2023\/11\/fms-105_-1.jpg","type":"image\/jpeg"}],"twitter_card":"summary_large_image","twitter_title":"Deg\u013ci - FIREMAPLE FMS-105 Gas Stove","twitter_misc":{"\u041f\u0440\u0438\u043c\u0435\u0440\u043d\u043e\u0435 \u0432\u0440\u0435\u043c\u044f \u0434\u043b\u044f \u0447\u0442\u0435\u043d\u0438\u044f":"1 \u043c\u0438\u043d\u0443\u0442\u0430"},"schema":{"@context":"https:\/\/schema.org","@graph":[{"@type":["WebPage","ItemPage"],"@id":"https:\/\/gohike.lv\/ru\/produkts\/firemaple-fms-105-gas-stove\/","url":"https:\/\/gohike.lv\/ru\/produkts\/firemaple-fms-105-gas-stove\/","name":"FIREMAPLE - FMS-105 G\u0101zes deglis","isPartOf":{"@id":"https:\/\/gohike.lv\/ru\/#website"},"primaryImageOfPage":{"@id":"https:\/\/gohike.lv\/ru\/produkts\/firemaple-fms-105-gas-stove\/#primaryimage"},"image":{"@id":"https:\/\/gohike.lv\/ru\/produkts\/firemaple-fms-105-gas-stove\/#primaryimage"},"thumbnailUrl":"https:\/\/gohike.lv\/wp-content\/uploads\/2023\/11\/fms-105_-1.jpg","datePublished":"2024-05-08T13:21:53+00:00","dateModified":"2025-12-31T17:10:13+00:00","description":"FMS-105 g\u0101zes pl\u012bts - dro\u0161a un stabila. Neatkar\u012bgi no t\u0101, vai esat pieredz\u0113jis entuziasts vai ies\u0101c\u0113js, pl\u012bts pal\u012bdz\u0113s \u0101tri pagatavot karstas malt\u012btes.","breadcrumb":{"@id":"https:\/\/gohike.lv\/ru\/produkts\/firemaple-fms-105-gas-stove\/#breadcrumb"},"inLanguage":"ru-RU","potentialAction":[{"@type":"ReadAction","target":["https:\/\/gohike.lv\/ru\/produkts\/firemaple-fms-105-gas-stove\/"]}]},{"@type":"ImageObject","inLanguage":"ru-RU","@id":"https:\/\/gohike.lv\/ru\/produkts\/firemaple-fms-105-gas-stove\/#primaryimage","url":"https:\/\/gohike.lv\/wp-content\/uploads\/2023\/11\/fms-105_-1.jpg","contentUrl":"https:\/\/gohike.lv\/wp-content\/uploads\/2023\/11\/fms-105_-1.jpg","width":720,"height":720},{"@type":"BreadcrumbList","@id":"https:\/\/gohike.lv\/ru\/produkts\/firemaple-fms-105-gas-stove\/#breadcrumb","itemListElement":[{"@type":"ListItem","position":1,"name":"\u0413\u043b\u0430\u0432\u043d\u0430\u044f","item":"https:\/\/gohike.lv\/ru\/"},{"@type":"ListItem","position":2,"name":"\u041a\u0430\u0442\u0435\u0433\u043e\u0440\u0438\u0438 \u0442\u043e\u0432\u0430\u0440\u043e\u0432","item":"https:\/\/gohike.lv\/%d0%ba%d0%b0%d1%82%d0%b5%d0%b3%d0%be%d1%80%d0%b8%d0%b8-%d1%82%d0%be%d0%b2%d0%b0%d1%80%d0%be%d0%b2\/"},{"@type":"ListItem","position":3,"name":"FIREMAPLE &#8211; FMS-105 G\u0101zes deglis"}]},{"@type":"WebSite","@id":"https:\/\/gohike.lv\/ru\/#website","url":"https:\/\/gohike.lv\/ru\/","name":"GoHike","description":"","publisher":{"@id":"https:\/\/gohike.lv\/ru\/#organization"},"potentialAction":[{"@type":"SearchAction","target":{"@type":"EntryPoint","urlTemplate":"https:\/\/gohike.lv\/ru\/?s={search_term_string}"},"query-input":{"@type":"PropertyValueSpecification","valueRequired":true,"valueName":"search_term_string"}}],"inLanguage":"ru-RU"},{"@type":"Organization","@id":"https:\/\/gohike.lv\/ru\/#organization","name":"GoHike","url":"https:\/\/gohike.lv\/ru\/","logo":{"@type":"ImageObject","inLanguage":"ru-RU","@id":"https:\/\/gohike.lv\/ru\/#\/schema\/logo\/image\/","url":"https:\/\/gohike.lv\/wp-content\/uploads\/2023\/08\/Logo_GoHike.webp","contentUrl":"https:\/\/gohike.lv\/wp-content\/uploads\/2023\/08\/Logo_GoHike.webp","width":512,"height":512,"caption":"GoHike"},"image":{"@id":"https:\/\/gohike.lv\/ru\/#\/schema\/logo\/image\/"},"sameAs":["https:\/\/www.facebook.com\/gohike.shop\/","https:\/\/www.instagram.com\/gohike.shop\/"]}]}},"jetpack_sharing_enabled":true,"_links":{"self":[{"href":"https:\/\/gohike.lv\/ru\/wp-json\/wp\/v2\/product\/53918","targetHints":{"allow":["GET"]}}],"collection":[{"href":"https:\/\/gohike.lv\/ru\/wp-json\/wp\/v2\/product"}],"about":[{"href":"https:\/\/gohike.lv\/ru\/wp-json\/wp\/v2\/types\/product"}],"version-history":[{"count":0,"href":"https:\/\/gohike.lv\/ru\/wp-json\/wp\/v2\/product\/53918\/revisions"}],"wp:featuredmedia":[{"embeddable":true,"href":"https:\/\/gohike.lv\/ru\/wp-json\/wp\/v2\/media\/12157"}],"wp:attachment":[{"href":"https:\/\/gohike.lv\/ru\/wp-json\/wp\/v2\/media?parent=53918"}],"wp:term":[{"taxonomy":"product_brand","embeddable":true,"href":"https:\/\/gohike.lv\/ru\/wp-json\/wp\/v2\/product_brand?post=53918"},{"taxonomy":"product_cat","embeddable":true,"href":"https:\/\/gohike.lv\/ru\/wp-json\/wp\/v2\/product_cat?post=53918"},{"taxonomy":"product_tag","embeddable":true,"href":"https:\/\/gohike.lv\/ru\/wp-json\/wp\/v2\/product_tag?post=53918"}],"curies":[{"name":"wp","href":"https:\/\/api.w.org\/{rel}","templated":true}]}}