{"id":53914,"date":"2024-05-08T16:21:53","date_gmt":"2024-05-08T13:21:53","guid":{"rendered":"https:\/\/gohike.lv\/produkts\/firemaple-fms-116t-titanium-gas-stove\/"},"modified":"2026-01-13T19:50:58","modified_gmt":"2026-01-13T16:50:58","slug":"firemaple-fms-116t-titanium-gas-stove","status":"publish","type":"product","link":"https:\/\/gohike.lv\/ru\/produkts\/firemaple-fms-116t-titanium-gas-stove\/","title":{"rendered":"FIREMAPLE &#8212; FMS-116T Tit\u0101na G\u0101zes deglis"},"content":{"rendered":"<p>Viengabala regul\u0113\u0161anas svira uzlabo v\u0101rsta stabilit\u0101ti un iztur\u012bbu.<br \/>\nTas ir kompakts un jaud\u012bgs, 1 litru \u016bdens uzv\u0101ra 3,5 min\u016bt\u0113s.<br \/>\nDeglis ir salok\u0101ms, to ir \u0113rti parn\u0113s\u0101t som\u0101.<\/p>\n","protected":false},"excerpt":{"rendered":"<p>116T tit\u0101na pl\u012bts, kompakta un jaud\u012bga.<\/p>\n","protected":false},"featured_media":12141,"template":"","meta":[],"product_brand":[1080],"product_cat":[951],"product_tag":[],"class_list":{"0":"post-53914","1":"product","2":"type-product","3":"status-publish","4":"has-post-thumbnail","6":"product_brand-firemaple-lv","7":"product_cat-degli-un-degviela","8":"pa_degvielu-veidi-izobutans","9":"pa_degvielu-veidi-propans","10":"pa_izmers-atlocits-108-x-69-mm-satlocits-64-x-67-mm","11":"pa_jauda-2800w","12":"pa_materiali-titana-sakausejums-nerusejosais-terauds-aluminijs-vara","13":"pa_produkta-tips-degli","14":"pa_spalva-oranzs","15":"pa_varisanas-laiks-1min-40sec-per-0-5-liter","17":"first","18":"instock","19":"taxable","20":"shipping-taxable","21":"purchasable","22":"product-type-simple"},"raw_content":{"name":"FIREMAPLE - FMS-116T Tit\u0101na G\u0101zes deglis","description":"Viengabala regul\u0113\u0161anas svira uzlabo v\u0101rsta stabilit\u0101ti un iztur\u012bbu.\nTas ir kompakts un jaud\u012bgs, 1 litru \u016bdens uzv\u0101ra 3,5 min\u016bt\u0113s.\nDeglis ir salok\u0101ms, to ir \u0113rti parn\u0113s\u0101t som\u0101.","short_description":"116T tit\u0101na pl\u012bts, kompakta un jaud\u012bga.","status":"publish","sku":"FIREMAPLE_12","original":53914},"wpml":{"translation_type":1,"has_translations":true,"original":53914,"duplicates":[],"translations":{"lv":53914,"en":67427,"ru":null}},"supplier_id":null,"supplier_sku":"","barcode":null,"atum_controlled":true,"out_stock_date":null,"out_stock_threshold":null,"inheritable":false,"inbound_stock":0,"stock_on_hold":0,"sold_today":0,"sales_last_days":0,"reserved_stock":0,"customer_returns":0,"warehouse_damage":0,"lost_in_post":0,"other_logs":0,"out_stock_days":0,"lost_sales":0,"has_location":false,"update_date":"2026-01-13T16:51:00","atum_locations":[],"atum_stock_status":"instock","restock_status":false,"low_stock_amount":"","sales_update_date":"2025-11-13T14:09:01","calc_backorders":null,"yoast_head":"<!-- This site is optimized with the Yoast SEO plugin v27.3 - https:\/\/yoast.com\/product\/yoast-seo-wordpress\/ -->\n<title>FIREMAPLE - FMS-116T Tit\u0101na G\u0101zes deglis<\/title>\n<meta name=\"description\" content=\"116T tit\u0101na pl\u012bts, kompakta un jaud\u012bga. Viengabala regul\u0113\u0161anas svira uzlabo v\u0101rsta stabilit\u0101ti un iztur\u012bbu. Deglis ir salok\u0101ms, to ir \u0113rti parn\u0113s\u0101t som\u0101.\" \/>\n<meta name=\"robots\" content=\"index, follow, max-snippet:-1, max-image-preview:large, max-video-preview:-1\" \/>\n<link rel=\"canonical\" href=\"https:\/\/gohike.lv\/ru\/produkts\/firemaple-fms-116t-titanium-gas-stove\/\" \/>\n<meta property=\"og:locale\" content=\"ru_RU\" \/>\n<meta property=\"og:type\" content=\"article\" \/>\n<meta property=\"og:title\" content=\"Deg\u013ci - FIREMAPLE FMS -116T Titanium Gas Stove\" \/>\n<meta property=\"og:description\" content=\"116T tit\u0101na pl\u012bts, kompakta un jaud\u012bga. Viengabala regul\u0113\u0161anas svira uzlabo v\u0101rsta stabilit\u0101ti un iztur\u012bbu. Deglis ir salok\u0101ms, to ir \u0113rti parn\u0113s\u0101t som\u0101.\" \/>\n<meta property=\"og:url\" content=\"https:\/\/gohike.lv\/ru\/produkts\/firemaple-fms-116t-titanium-gas-stove\/\" \/>\n<meta property=\"og:site_name\" content=\"GoHike\" \/>\n<meta property=\"article:publisher\" content=\"https:\/\/www.facebook.com\/gohike.shop\/\" \/>\n<meta property=\"article:modified_time\" content=\"2026-01-13T16:50:58+00:00\" \/>\n<meta property=\"og:image\" content=\"https:\/\/gohike.lv\/wp-content\/uploads\/2023\/11\/fms-116t_-1.jpg\" \/>\n\t<meta property=\"og:image:width\" content=\"1000\" \/>\n\t<meta property=\"og:image:height\" content=\"1000\" \/>\n\t<meta property=\"og:image:type\" content=\"image\/jpeg\" \/>\n<meta name=\"twitter:card\" content=\"summary_large_image\" \/>\n<meta name=\"twitter:title\" content=\"Deg\u013ci - FIREMAPLE FMS -116T Titanium Gas Stove\" \/>\n<meta name=\"twitter:label1\" content=\"\u041f\u0440\u0438\u043c\u0435\u0440\u043d\u043e\u0435 \u0432\u0440\u0435\u043c\u044f \u0434\u043b\u044f \u0447\u0442\u0435\u043d\u0438\u044f\" \/>\n\t<meta name=\"twitter:data1\" content=\"1 \u043c\u0438\u043d\u0443\u0442\u0430\" \/>\n<script type=\"application\/ld+json\" class=\"yoast-schema-graph\">{\"@context\":\"https:\\\/\\\/schema.org\",\"@graph\":[{\"@type\":[\"WebPage\",\"ItemPage\"],\"@id\":\"https:\\\/\\\/gohike.lv\\\/ru\\\/produkts\\\/firemaple-fms-116t-titanium-gas-stove\\\/\",\"url\":\"https:\\\/\\\/gohike.lv\\\/ru\\\/produkts\\\/firemaple-fms-116t-titanium-gas-stove\\\/\",\"name\":\"FIREMAPLE - FMS-116T Tit\u0101na G\u0101zes deglis\",\"isPartOf\":{\"@id\":\"https:\\\/\\\/gohike.lv\\\/ru\\\/#website\"},\"primaryImageOfPage\":{\"@id\":\"https:\\\/\\\/gohike.lv\\\/ru\\\/produkts\\\/firemaple-fms-116t-titanium-gas-stove\\\/#primaryimage\"},\"image\":{\"@id\":\"https:\\\/\\\/gohike.lv\\\/ru\\\/produkts\\\/firemaple-fms-116t-titanium-gas-stove\\\/#primaryimage\"},\"thumbnailUrl\":\"https:\\\/\\\/gohike.lv\\\/wp-content\\\/uploads\\\/2023\\\/11\\\/fms-116t_-1.jpg\",\"datePublished\":\"2024-05-08T13:21:53+00:00\",\"dateModified\":\"2026-01-13T16:50:58+00:00\",\"description\":\"116T tit\u0101na pl\u012bts, kompakta un jaud\u012bga. Viengabala regul\u0113\u0161anas svira uzlabo v\u0101rsta stabilit\u0101ti un iztur\u012bbu. Deglis ir salok\u0101ms, to ir \u0113rti parn\u0113s\u0101t som\u0101.\",\"breadcrumb\":{\"@id\":\"https:\\\/\\\/gohike.lv\\\/ru\\\/produkts\\\/firemaple-fms-116t-titanium-gas-stove\\\/#breadcrumb\"},\"inLanguage\":\"ru-RU\",\"potentialAction\":[{\"@type\":\"ReadAction\",\"target\":[\"https:\\\/\\\/gohike.lv\\\/ru\\\/produkts\\\/firemaple-fms-116t-titanium-gas-stove\\\/\"]}]},{\"@type\":\"ImageObject\",\"inLanguage\":\"ru-RU\",\"@id\":\"https:\\\/\\\/gohike.lv\\\/ru\\\/produkts\\\/firemaple-fms-116t-titanium-gas-stove\\\/#primaryimage\",\"url\":\"https:\\\/\\\/gohike.lv\\\/wp-content\\\/uploads\\\/2023\\\/11\\\/fms-116t_-1.jpg\",\"contentUrl\":\"https:\\\/\\\/gohike.lv\\\/wp-content\\\/uploads\\\/2023\\\/11\\\/fms-116t_-1.jpg\",\"width\":1000,\"height\":1000},{\"@type\":\"BreadcrumbList\",\"@id\":\"https:\\\/\\\/gohike.lv\\\/ru\\\/produkts\\\/firemaple-fms-116t-titanium-gas-stove\\\/#breadcrumb\",\"itemListElement\":[{\"@type\":\"ListItem\",\"position\":1,\"name\":\"\u0413\u043b\u0430\u0432\u043d\u0430\u044f\",\"item\":\"https:\\\/\\\/gohike.lv\\\/ru\\\/\"},{\"@type\":\"ListItem\",\"position\":2,\"name\":\"\u041a\u0430\u0442\u0435\u0433\u043e\u0440\u0438\u0438 \u0442\u043e\u0432\u0430\u0440\u043e\u0432\",\"item\":\"https:\\\/\\\/gohike.lv\\\/%d0%ba%d0%b0%d1%82%d0%b5%d0%b3%d0%be%d1%80%d0%b8%d0%b8-%d1%82%d0%be%d0%b2%d0%b0%d1%80%d0%be%d0%b2\\\/\"},{\"@type\":\"ListItem\",\"position\":3,\"name\":\"FIREMAPLE &#8211; FMS-116T Tit\u0101na G\u0101zes deglis\"}]},{\"@type\":\"WebSite\",\"@id\":\"https:\\\/\\\/gohike.lv\\\/ru\\\/#website\",\"url\":\"https:\\\/\\\/gohike.lv\\\/ru\\\/\",\"name\":\"GoHike\",\"description\":\"\",\"publisher\":{\"@id\":\"https:\\\/\\\/gohike.lv\\\/ru\\\/#organization\"},\"potentialAction\":[{\"@type\":\"SearchAction\",\"target\":{\"@type\":\"EntryPoint\",\"urlTemplate\":\"https:\\\/\\\/gohike.lv\\\/ru\\\/?s={search_term_string}\"},\"query-input\":{\"@type\":\"PropertyValueSpecification\",\"valueRequired\":true,\"valueName\":\"search_term_string\"}}],\"inLanguage\":\"ru-RU\"},{\"@type\":\"Organization\",\"@id\":\"https:\\\/\\\/gohike.lv\\\/ru\\\/#organization\",\"name\":\"GoHike\",\"url\":\"https:\\\/\\\/gohike.lv\\\/ru\\\/\",\"logo\":{\"@type\":\"ImageObject\",\"inLanguage\":\"ru-RU\",\"@id\":\"https:\\\/\\\/gohike.lv\\\/ru\\\/#\\\/schema\\\/logo\\\/image\\\/\",\"url\":\"https:\\\/\\\/gohike.lv\\\/wp-content\\\/uploads\\\/2023\\\/08\\\/Logo_GoHike.webp\",\"contentUrl\":\"https:\\\/\\\/gohike.lv\\\/wp-content\\\/uploads\\\/2023\\\/08\\\/Logo_GoHike.webp\",\"width\":512,\"height\":512,\"caption\":\"GoHike\"},\"image\":{\"@id\":\"https:\\\/\\\/gohike.lv\\\/ru\\\/#\\\/schema\\\/logo\\\/image\\\/\"},\"sameAs\":[\"https:\\\/\\\/www.facebook.com\\\/gohike.shop\\\/\",\"https:\\\/\\\/www.instagram.com\\\/gohike.shop\\\/\"]}]}<\/script>\n<!-- \/ Yoast SEO plugin. -->","yoast_head_json":{"title":"FIREMAPLE - FMS-116T Tit\u0101na G\u0101zes deglis","description":"116T tit\u0101na pl\u012bts, kompakta un jaud\u012bga. Viengabala regul\u0113\u0161anas svira uzlabo v\u0101rsta stabilit\u0101ti un iztur\u012bbu. Deglis ir salok\u0101ms, to ir \u0113rti parn\u0113s\u0101t som\u0101.","robots":{"index":"index","follow":"follow","max-snippet":"max-snippet:-1","max-image-preview":"max-image-preview:large","max-video-preview":"max-video-preview:-1"},"canonical":"https:\/\/gohike.lv\/ru\/produkts\/firemaple-fms-116t-titanium-gas-stove\/","og_locale":"ru_RU","og_type":"article","og_title":"Deg\u013ci - FIREMAPLE FMS -116T Titanium Gas Stove","og_description":"116T tit\u0101na pl\u012bts, kompakta un jaud\u012bga. Viengabala regul\u0113\u0161anas svira uzlabo v\u0101rsta stabilit\u0101ti un iztur\u012bbu. Deglis ir salok\u0101ms, to ir \u0113rti parn\u0113s\u0101t som\u0101.","og_url":"https:\/\/gohike.lv\/ru\/produkts\/firemaple-fms-116t-titanium-gas-stove\/","og_site_name":"GoHike","article_publisher":"https:\/\/www.facebook.com\/gohike.shop\/","article_modified_time":"2026-01-13T16:50:58+00:00","og_image":[{"width":1000,"height":1000,"url":"https:\/\/gohike.lv\/wp-content\/uploads\/2023\/11\/fms-116t_-1.jpg","type":"image\/jpeg"}],"twitter_card":"summary_large_image","twitter_title":"Deg\u013ci - FIREMAPLE FMS -116T Titanium Gas Stove","twitter_misc":{"\u041f\u0440\u0438\u043c\u0435\u0440\u043d\u043e\u0435 \u0432\u0440\u0435\u043c\u044f \u0434\u043b\u044f \u0447\u0442\u0435\u043d\u0438\u044f":"1 \u043c\u0438\u043d\u0443\u0442\u0430"},"schema":{"@context":"https:\/\/schema.org","@graph":[{"@type":["WebPage","ItemPage"],"@id":"https:\/\/gohike.lv\/ru\/produkts\/firemaple-fms-116t-titanium-gas-stove\/","url":"https:\/\/gohike.lv\/ru\/produkts\/firemaple-fms-116t-titanium-gas-stove\/","name":"FIREMAPLE - FMS-116T Tit\u0101na G\u0101zes deglis","isPartOf":{"@id":"https:\/\/gohike.lv\/ru\/#website"},"primaryImageOfPage":{"@id":"https:\/\/gohike.lv\/ru\/produkts\/firemaple-fms-116t-titanium-gas-stove\/#primaryimage"},"image":{"@id":"https:\/\/gohike.lv\/ru\/produkts\/firemaple-fms-116t-titanium-gas-stove\/#primaryimage"},"thumbnailUrl":"https:\/\/gohike.lv\/wp-content\/uploads\/2023\/11\/fms-116t_-1.jpg","datePublished":"2024-05-08T13:21:53+00:00","dateModified":"2026-01-13T16:50:58+00:00","description":"116T tit\u0101na pl\u012bts, kompakta un jaud\u012bga. Viengabala regul\u0113\u0161anas svira uzlabo v\u0101rsta stabilit\u0101ti un iztur\u012bbu. Deglis ir salok\u0101ms, to ir \u0113rti parn\u0113s\u0101t som\u0101.","breadcrumb":{"@id":"https:\/\/gohike.lv\/ru\/produkts\/firemaple-fms-116t-titanium-gas-stove\/#breadcrumb"},"inLanguage":"ru-RU","potentialAction":[{"@type":"ReadAction","target":["https:\/\/gohike.lv\/ru\/produkts\/firemaple-fms-116t-titanium-gas-stove\/"]}]},{"@type":"ImageObject","inLanguage":"ru-RU","@id":"https:\/\/gohike.lv\/ru\/produkts\/firemaple-fms-116t-titanium-gas-stove\/#primaryimage","url":"https:\/\/gohike.lv\/wp-content\/uploads\/2023\/11\/fms-116t_-1.jpg","contentUrl":"https:\/\/gohike.lv\/wp-content\/uploads\/2023\/11\/fms-116t_-1.jpg","width":1000,"height":1000},{"@type":"BreadcrumbList","@id":"https:\/\/gohike.lv\/ru\/produkts\/firemaple-fms-116t-titanium-gas-stove\/#breadcrumb","itemListElement":[{"@type":"ListItem","position":1,"name":"\u0413\u043b\u0430\u0432\u043d\u0430\u044f","item":"https:\/\/gohike.lv\/ru\/"},{"@type":"ListItem","position":2,"name":"\u041a\u0430\u0442\u0435\u0433\u043e\u0440\u0438\u0438 \u0442\u043e\u0432\u0430\u0440\u043e\u0432","item":"https:\/\/gohike.lv\/%d0%ba%d0%b0%d1%82%d0%b5%d0%b3%d0%be%d1%80%d0%b8%d0%b8-%d1%82%d0%be%d0%b2%d0%b0%d1%80%d0%be%d0%b2\/"},{"@type":"ListItem","position":3,"name":"FIREMAPLE &#8211; FMS-116T Tit\u0101na G\u0101zes deglis"}]},{"@type":"WebSite","@id":"https:\/\/gohike.lv\/ru\/#website","url":"https:\/\/gohike.lv\/ru\/","name":"GoHike","description":"","publisher":{"@id":"https:\/\/gohike.lv\/ru\/#organization"},"potentialAction":[{"@type":"SearchAction","target":{"@type":"EntryPoint","urlTemplate":"https:\/\/gohike.lv\/ru\/?s={search_term_string}"},"query-input":{"@type":"PropertyValueSpecification","valueRequired":true,"valueName":"search_term_string"}}],"inLanguage":"ru-RU"},{"@type":"Organization","@id":"https:\/\/gohike.lv\/ru\/#organization","name":"GoHike","url":"https:\/\/gohike.lv\/ru\/","logo":{"@type":"ImageObject","inLanguage":"ru-RU","@id":"https:\/\/gohike.lv\/ru\/#\/schema\/logo\/image\/","url":"https:\/\/gohike.lv\/wp-content\/uploads\/2023\/08\/Logo_GoHike.webp","contentUrl":"https:\/\/gohike.lv\/wp-content\/uploads\/2023\/08\/Logo_GoHike.webp","width":512,"height":512,"caption":"GoHike"},"image":{"@id":"https:\/\/gohike.lv\/ru\/#\/schema\/logo\/image\/"},"sameAs":["https:\/\/www.facebook.com\/gohike.shop\/","https:\/\/www.instagram.com\/gohike.shop\/"]}]}},"jetpack_sharing_enabled":true,"_links":{"self":[{"href":"https:\/\/gohike.lv\/ru\/wp-json\/wp\/v2\/product\/53914","targetHints":{"allow":["GET"]}}],"collection":[{"href":"https:\/\/gohike.lv\/ru\/wp-json\/wp\/v2\/product"}],"about":[{"href":"https:\/\/gohike.lv\/ru\/wp-json\/wp\/v2\/types\/product"}],"version-history":[{"count":1,"href":"https:\/\/gohike.lv\/ru\/wp-json\/wp\/v2\/product\/53914\/revisions"}],"predecessor-version":[{"id":118880,"href":"https:\/\/gohike.lv\/ru\/wp-json\/wp\/v2\/product\/53914\/revisions\/118880"}],"wp:featuredmedia":[{"embeddable":true,"href":"https:\/\/gohike.lv\/ru\/wp-json\/wp\/v2\/media\/12141"}],"wp:attachment":[{"href":"https:\/\/gohike.lv\/ru\/wp-json\/wp\/v2\/media?parent=53914"}],"wp:term":[{"taxonomy":"product_brand","embeddable":true,"href":"https:\/\/gohike.lv\/ru\/wp-json\/wp\/v2\/product_brand?post=53914"},{"taxonomy":"product_cat","embeddable":true,"href":"https:\/\/gohike.lv\/ru\/wp-json\/wp\/v2\/product_cat?post=53914"},{"taxonomy":"product_tag","embeddable":true,"href":"https:\/\/gohike.lv\/ru\/wp-json\/wp\/v2\/product_tag?post=53914"}],"curies":[{"name":"wp","href":"https:\/\/api.w.org\/{rel}","templated":true}]}}