{"id":53912,"date":"2024-05-08T16:21:53","date_gmt":"2024-05-08T13:21:53","guid":{"rendered":"https:\/\/gohike.lv\/produkts\/firemaple-fms-116-portable-gas-stove\/"},"modified":"2025-12-30T17:10:00","modified_gmt":"2025-12-30T14:10:00","slug":"firemaple-fms-116-portable-gas-stove","status":"publish","type":"product","link":"https:\/\/gohike.lv\/ru\/produkts\/firemaple-fms-116-portable-gas-stove\/","title":{"rendered":"FIREMAPLE &#8212; FMS-116 G\u0101zes deglis"},"content":{"rendered":"<p>\u0112dienu gatavo\u0161anas laik\u0101 trauki var b\u016bt stabil\u0101ki, jo atbalsta k\u0101jas ir apr\u012bkotas ar zobu dizainu.<br \/>\nLiela deg\u013ca aug\u0161da\u013ca un taisna liesma nodro\u0161ina liel\u0101ku efektivit\u0101ti.<br \/>\nRegul\u0113\u0161anas poga uguns untensit\u0101tes kontrol\u0113\u0161anai.<br \/>\nDarbojas ar standarta prop\u0101na \/ but\u0101na \/ izobut\u0101na t\u016brisma g\u0101zes baloniem ar skr\u016bv\u0113jamu aug\u0161da\u013cu. (Nav iek\u013cauts komplekt\u0101).<\/p>\n","protected":false},"excerpt":{"rendered":"<p>FMS-116 ner\u016bs\u0113jo\u0161\u0101 t\u0113rauda g\u0101zes pl\u012bts.<\/p>\n","protected":false},"featured_media":12134,"template":"","meta":[],"product_brand":[1080],"product_cat":[951],"product_tag":[],"class_list":{"0":"post-53912","1":"product","2":"type-product","3":"status-publish","4":"has-post-thumbnail","6":"product_brand-firemaple-lv","7":"product_cat-degli-un-degviela","8":"pa_degvielu-veidi-gaze","9":"pa_izmers-atlocits-108-x-68-5-mm-satlocits-64-x-67-2-mm","10":"pa_jauda-3000w","11":"pa_materiali-aluminijs-nerusejosais-terauds","12":"pa_produkta-tips-degli","13":"pa_spalva-oranzs","15":"first","16":"instock","17":"taxable","18":"shipping-taxable","19":"purchasable","20":"product-type-simple"},"raw_content":{"name":"FIREMAPLE - FMS-116 G\u0101zes deglis","description":"\u0112dienu gatavo\u0161anas laik\u0101 trauki var b\u016bt stabil\u0101ki, jo atbalsta k\u0101jas ir apr\u012bkotas ar zobu dizainu.\nLiela deg\u013ca aug\u0161da\u013ca un taisna liesma nodro\u0161ina liel\u0101ku efektivit\u0101ti.\nRegul\u0113\u0161anas poga uguns untensit\u0101tes kontrol\u0113\u0161anai.\nDarbojas ar standarta prop\u0101na \/ but\u0101na \/ izobut\u0101na t\u016brisma g\u0101zes baloniem ar skr\u016bv\u0113jamu aug\u0161da\u013cu. (Nav iek\u013cauts komplekt\u0101).","short_description":"FMS-116 ner\u016bs\u0113jo\u0161\u0101 t\u0113rauda g\u0101zes pl\u012bts.","status":"publish","sku":"FIREMAPLE_11","original":53912},"wpml":{"translation_type":1,"has_translations":true,"original":53912,"duplicates":[],"translations":{"lv":53912,"en":67428,"ru":null}},"supplier_id":null,"supplier_sku":"","barcode":null,"atum_controlled":true,"out_stock_date":null,"out_stock_threshold":null,"inheritable":false,"inbound_stock":0,"stock_on_hold":0,"sold_today":0,"sales_last_days":0,"reserved_stock":0,"customer_returns":0,"warehouse_damage":0,"lost_in_post":0,"other_logs":0,"out_stock_days":0,"lost_sales":0,"has_location":false,"update_date":"2025-12-30T14:13:28","atum_locations":[],"atum_stock_status":"instock","restock_status":false,"low_stock_amount":"","sales_update_date":"2025-11-13T14:09:00","calc_backorders":null,"yoast_head":"<!-- This site is optimized with the Yoast SEO plugin v27.3 - https:\/\/yoast.com\/product\/yoast-seo-wordpress\/ -->\n<title>FIREMAPLE - FMS-116 G\u0101zes deglis<\/title>\n<meta name=\"description\" content=\"FMS-116 ner\u016bs\u0113jo\u0161\u0101 t\u0113rauda g\u0101zes pl\u012bts ar regul\u0113\u0161anas pogu uguns untensit\u0101tes kontrol\u0113\u0161anai.\" \/>\n<meta name=\"robots\" content=\"index, follow, max-snippet:-1, max-image-preview:large, max-video-preview:-1\" \/>\n<link rel=\"canonical\" href=\"https:\/\/gohike.lv\/ru\/produkts\/firemaple-fms-116-portable-gas-stove\/\" \/>\n<meta property=\"og:locale\" content=\"ru_RU\" \/>\n<meta property=\"og:type\" content=\"article\" \/>\n<meta property=\"og:title\" content=\"Deg\u013ci - FIREMAPLE FMS - 116 Portable Gas Stove\" \/>\n<meta property=\"og:description\" content=\"FMS-116 ner\u016bs\u0113jo\u0161\u0101 t\u0113rauda g\u0101zes pl\u012bts ar regul\u0113\u0161anas pogu uguns untensit\u0101tes kontrol\u0113\u0161anai.\" \/>\n<meta property=\"og:url\" content=\"https:\/\/gohike.lv\/ru\/produkts\/firemaple-fms-116-portable-gas-stove\/\" \/>\n<meta property=\"og:site_name\" content=\"GoHike\" \/>\n<meta property=\"article:publisher\" content=\"https:\/\/www.facebook.com\/gohike.shop\/\" \/>\n<meta property=\"article:modified_time\" content=\"2025-12-30T14:10:00+00:00\" \/>\n<meta property=\"og:image\" content=\"https:\/\/gohike.lv\/wp-content\/uploads\/2023\/11\/FMS-116_-1.jpg\" \/>\n\t<meta property=\"og:image:width\" content=\"1024\" \/>\n\t<meta property=\"og:image:height\" content=\"867\" \/>\n\t<meta property=\"og:image:type\" content=\"image\/jpeg\" \/>\n<meta name=\"twitter:card\" content=\"summary_large_image\" \/>\n<meta name=\"twitter:title\" content=\"Deg\u013ci - FIREMAPLE FMS - 116 Portable Gas Stove\" \/>\n<meta name=\"twitter:label1\" content=\"\u041f\u0440\u0438\u043c\u0435\u0440\u043d\u043e\u0435 \u0432\u0440\u0435\u043c\u044f \u0434\u043b\u044f \u0447\u0442\u0435\u043d\u0438\u044f\" \/>\n\t<meta name=\"twitter:data1\" content=\"1 \u043c\u0438\u043d\u0443\u0442\u0430\" \/>\n<script type=\"application\/ld+json\" class=\"yoast-schema-graph\">{\"@context\":\"https:\\\/\\\/schema.org\",\"@graph\":[{\"@type\":[\"WebPage\",\"ItemPage\"],\"@id\":\"https:\\\/\\\/gohike.lv\\\/ru\\\/produkts\\\/firemaple-fms-116-portable-gas-stove\\\/\",\"url\":\"https:\\\/\\\/gohike.lv\\\/ru\\\/produkts\\\/firemaple-fms-116-portable-gas-stove\\\/\",\"name\":\"FIREMAPLE - FMS-116 G\u0101zes deglis\",\"isPartOf\":{\"@id\":\"https:\\\/\\\/gohike.lv\\\/ru\\\/#website\"},\"primaryImageOfPage\":{\"@id\":\"https:\\\/\\\/gohike.lv\\\/ru\\\/produkts\\\/firemaple-fms-116-portable-gas-stove\\\/#primaryimage\"},\"image\":{\"@id\":\"https:\\\/\\\/gohike.lv\\\/ru\\\/produkts\\\/firemaple-fms-116-portable-gas-stove\\\/#primaryimage\"},\"thumbnailUrl\":\"https:\\\/\\\/gohike.lv\\\/wp-content\\\/uploads\\\/2023\\\/11\\\/FMS-116_-1.jpg\",\"datePublished\":\"2024-05-08T13:21:53+00:00\",\"dateModified\":\"2025-12-30T14:10:00+00:00\",\"description\":\"FMS-116 ner\u016bs\u0113jo\u0161\u0101 t\u0113rauda g\u0101zes pl\u012bts ar regul\u0113\u0161anas pogu uguns untensit\u0101tes kontrol\u0113\u0161anai.\",\"breadcrumb\":{\"@id\":\"https:\\\/\\\/gohike.lv\\\/ru\\\/produkts\\\/firemaple-fms-116-portable-gas-stove\\\/#breadcrumb\"},\"inLanguage\":\"ru-RU\",\"potentialAction\":[{\"@type\":\"ReadAction\",\"target\":[\"https:\\\/\\\/gohike.lv\\\/ru\\\/produkts\\\/firemaple-fms-116-portable-gas-stove\\\/\"]}]},{\"@type\":\"ImageObject\",\"inLanguage\":\"ru-RU\",\"@id\":\"https:\\\/\\\/gohike.lv\\\/ru\\\/produkts\\\/firemaple-fms-116-portable-gas-stove\\\/#primaryimage\",\"url\":\"https:\\\/\\\/gohike.lv\\\/wp-content\\\/uploads\\\/2023\\\/11\\\/FMS-116_-1.jpg\",\"contentUrl\":\"https:\\\/\\\/gohike.lv\\\/wp-content\\\/uploads\\\/2023\\\/11\\\/FMS-116_-1.jpg\",\"width\":1024,\"height\":867},{\"@type\":\"BreadcrumbList\",\"@id\":\"https:\\\/\\\/gohike.lv\\\/ru\\\/produkts\\\/firemaple-fms-116-portable-gas-stove\\\/#breadcrumb\",\"itemListElement\":[{\"@type\":\"ListItem\",\"position\":1,\"name\":\"\u0413\u043b\u0430\u0432\u043d\u0430\u044f\",\"item\":\"https:\\\/\\\/gohike.lv\\\/ru\\\/\"},{\"@type\":\"ListItem\",\"position\":2,\"name\":\"\u041a\u0430\u0442\u0435\u0433\u043e\u0440\u0438\u0438 \u0442\u043e\u0432\u0430\u0440\u043e\u0432\",\"item\":\"https:\\\/\\\/gohike.lv\\\/%d0%ba%d0%b0%d1%82%d0%b5%d0%b3%d0%be%d1%80%d0%b8%d0%b8-%d1%82%d0%be%d0%b2%d0%b0%d1%80%d0%be%d0%b2\\\/\"},{\"@type\":\"ListItem\",\"position\":3,\"name\":\"FIREMAPLE &#8211; FMS-116 G\u0101zes deglis\"}]},{\"@type\":\"WebSite\",\"@id\":\"https:\\\/\\\/gohike.lv\\\/ru\\\/#website\",\"url\":\"https:\\\/\\\/gohike.lv\\\/ru\\\/\",\"name\":\"GoHike\",\"description\":\"\",\"publisher\":{\"@id\":\"https:\\\/\\\/gohike.lv\\\/ru\\\/#organization\"},\"potentialAction\":[{\"@type\":\"SearchAction\",\"target\":{\"@type\":\"EntryPoint\",\"urlTemplate\":\"https:\\\/\\\/gohike.lv\\\/ru\\\/?s={search_term_string}\"},\"query-input\":{\"@type\":\"PropertyValueSpecification\",\"valueRequired\":true,\"valueName\":\"search_term_string\"}}],\"inLanguage\":\"ru-RU\"},{\"@type\":\"Organization\",\"@id\":\"https:\\\/\\\/gohike.lv\\\/ru\\\/#organization\",\"name\":\"GoHike\",\"url\":\"https:\\\/\\\/gohike.lv\\\/ru\\\/\",\"logo\":{\"@type\":\"ImageObject\",\"inLanguage\":\"ru-RU\",\"@id\":\"https:\\\/\\\/gohike.lv\\\/ru\\\/#\\\/schema\\\/logo\\\/image\\\/\",\"url\":\"https:\\\/\\\/gohike.lv\\\/wp-content\\\/uploads\\\/2023\\\/08\\\/Logo_GoHike.webp\",\"contentUrl\":\"https:\\\/\\\/gohike.lv\\\/wp-content\\\/uploads\\\/2023\\\/08\\\/Logo_GoHike.webp\",\"width\":512,\"height\":512,\"caption\":\"GoHike\"},\"image\":{\"@id\":\"https:\\\/\\\/gohike.lv\\\/ru\\\/#\\\/schema\\\/logo\\\/image\\\/\"},\"sameAs\":[\"https:\\\/\\\/www.facebook.com\\\/gohike.shop\\\/\",\"https:\\\/\\\/www.instagram.com\\\/gohike.shop\\\/\"]}]}<\/script>\n<!-- \/ Yoast SEO plugin. -->","yoast_head_json":{"title":"FIREMAPLE - FMS-116 G\u0101zes deglis","description":"FMS-116 ner\u016bs\u0113jo\u0161\u0101 t\u0113rauda g\u0101zes pl\u012bts ar regul\u0113\u0161anas pogu uguns untensit\u0101tes kontrol\u0113\u0161anai.","robots":{"index":"index","follow":"follow","max-snippet":"max-snippet:-1","max-image-preview":"max-image-preview:large","max-video-preview":"max-video-preview:-1"},"canonical":"https:\/\/gohike.lv\/ru\/produkts\/firemaple-fms-116-portable-gas-stove\/","og_locale":"ru_RU","og_type":"article","og_title":"Deg\u013ci - FIREMAPLE FMS - 116 Portable Gas Stove","og_description":"FMS-116 ner\u016bs\u0113jo\u0161\u0101 t\u0113rauda g\u0101zes pl\u012bts ar regul\u0113\u0161anas pogu uguns untensit\u0101tes kontrol\u0113\u0161anai.","og_url":"https:\/\/gohike.lv\/ru\/produkts\/firemaple-fms-116-portable-gas-stove\/","og_site_name":"GoHike","article_publisher":"https:\/\/www.facebook.com\/gohike.shop\/","article_modified_time":"2025-12-30T14:10:00+00:00","og_image":[{"width":1024,"height":867,"url":"https:\/\/gohike.lv\/wp-content\/uploads\/2023\/11\/FMS-116_-1.jpg","type":"image\/jpeg"}],"twitter_card":"summary_large_image","twitter_title":"Deg\u013ci - FIREMAPLE FMS - 116 Portable Gas Stove","twitter_misc":{"\u041f\u0440\u0438\u043c\u0435\u0440\u043d\u043e\u0435 \u0432\u0440\u0435\u043c\u044f \u0434\u043b\u044f \u0447\u0442\u0435\u043d\u0438\u044f":"1 \u043c\u0438\u043d\u0443\u0442\u0430"},"schema":{"@context":"https:\/\/schema.org","@graph":[{"@type":["WebPage","ItemPage"],"@id":"https:\/\/gohike.lv\/ru\/produkts\/firemaple-fms-116-portable-gas-stove\/","url":"https:\/\/gohike.lv\/ru\/produkts\/firemaple-fms-116-portable-gas-stove\/","name":"FIREMAPLE - FMS-116 G\u0101zes deglis","isPartOf":{"@id":"https:\/\/gohike.lv\/ru\/#website"},"primaryImageOfPage":{"@id":"https:\/\/gohike.lv\/ru\/produkts\/firemaple-fms-116-portable-gas-stove\/#primaryimage"},"image":{"@id":"https:\/\/gohike.lv\/ru\/produkts\/firemaple-fms-116-portable-gas-stove\/#primaryimage"},"thumbnailUrl":"https:\/\/gohike.lv\/wp-content\/uploads\/2023\/11\/FMS-116_-1.jpg","datePublished":"2024-05-08T13:21:53+00:00","dateModified":"2025-12-30T14:10:00+00:00","description":"FMS-116 ner\u016bs\u0113jo\u0161\u0101 t\u0113rauda g\u0101zes pl\u012bts ar regul\u0113\u0161anas pogu uguns untensit\u0101tes kontrol\u0113\u0161anai.","breadcrumb":{"@id":"https:\/\/gohike.lv\/ru\/produkts\/firemaple-fms-116-portable-gas-stove\/#breadcrumb"},"inLanguage":"ru-RU","potentialAction":[{"@type":"ReadAction","target":["https:\/\/gohike.lv\/ru\/produkts\/firemaple-fms-116-portable-gas-stove\/"]}]},{"@type":"ImageObject","inLanguage":"ru-RU","@id":"https:\/\/gohike.lv\/ru\/produkts\/firemaple-fms-116-portable-gas-stove\/#primaryimage","url":"https:\/\/gohike.lv\/wp-content\/uploads\/2023\/11\/FMS-116_-1.jpg","contentUrl":"https:\/\/gohike.lv\/wp-content\/uploads\/2023\/11\/FMS-116_-1.jpg","width":1024,"height":867},{"@type":"BreadcrumbList","@id":"https:\/\/gohike.lv\/ru\/produkts\/firemaple-fms-116-portable-gas-stove\/#breadcrumb","itemListElement":[{"@type":"ListItem","position":1,"name":"\u0413\u043b\u0430\u0432\u043d\u0430\u044f","item":"https:\/\/gohike.lv\/ru\/"},{"@type":"ListItem","position":2,"name":"\u041a\u0430\u0442\u0435\u0433\u043e\u0440\u0438\u0438 \u0442\u043e\u0432\u0430\u0440\u043e\u0432","item":"https:\/\/gohike.lv\/%d0%ba%d0%b0%d1%82%d0%b5%d0%b3%d0%be%d1%80%d0%b8%d0%b8-%d1%82%d0%be%d0%b2%d0%b0%d1%80%d0%be%d0%b2\/"},{"@type":"ListItem","position":3,"name":"FIREMAPLE &#8211; FMS-116 G\u0101zes deglis"}]},{"@type":"WebSite","@id":"https:\/\/gohike.lv\/ru\/#website","url":"https:\/\/gohike.lv\/ru\/","name":"GoHike","description":"","publisher":{"@id":"https:\/\/gohike.lv\/ru\/#organization"},"potentialAction":[{"@type":"SearchAction","target":{"@type":"EntryPoint","urlTemplate":"https:\/\/gohike.lv\/ru\/?s={search_term_string}"},"query-input":{"@type":"PropertyValueSpecification","valueRequired":true,"valueName":"search_term_string"}}],"inLanguage":"ru-RU"},{"@type":"Organization","@id":"https:\/\/gohike.lv\/ru\/#organization","name":"GoHike","url":"https:\/\/gohike.lv\/ru\/","logo":{"@type":"ImageObject","inLanguage":"ru-RU","@id":"https:\/\/gohike.lv\/ru\/#\/schema\/logo\/image\/","url":"https:\/\/gohike.lv\/wp-content\/uploads\/2023\/08\/Logo_GoHike.webp","contentUrl":"https:\/\/gohike.lv\/wp-content\/uploads\/2023\/08\/Logo_GoHike.webp","width":512,"height":512,"caption":"GoHike"},"image":{"@id":"https:\/\/gohike.lv\/ru\/#\/schema\/logo\/image\/"},"sameAs":["https:\/\/www.facebook.com\/gohike.shop\/","https:\/\/www.instagram.com\/gohike.shop\/"]}]}},"jetpack_sharing_enabled":true,"_links":{"self":[{"href":"https:\/\/gohike.lv\/ru\/wp-json\/wp\/v2\/product\/53912","targetHints":{"allow":["GET"]}}],"collection":[{"href":"https:\/\/gohike.lv\/ru\/wp-json\/wp\/v2\/product"}],"about":[{"href":"https:\/\/gohike.lv\/ru\/wp-json\/wp\/v2\/types\/product"}],"version-history":[{"count":1,"href":"https:\/\/gohike.lv\/ru\/wp-json\/wp\/v2\/product\/53912\/revisions"}],"predecessor-version":[{"id":118902,"href":"https:\/\/gohike.lv\/ru\/wp-json\/wp\/v2\/product\/53912\/revisions\/118902"}],"wp:featuredmedia":[{"embeddable":true,"href":"https:\/\/gohike.lv\/ru\/wp-json\/wp\/v2\/media\/12134"}],"wp:attachment":[{"href":"https:\/\/gohike.lv\/ru\/wp-json\/wp\/v2\/media?parent=53912"}],"wp:term":[{"taxonomy":"product_brand","embeddable":true,"href":"https:\/\/gohike.lv\/ru\/wp-json\/wp\/v2\/product_brand?post=53912"},{"taxonomy":"product_cat","embeddable":true,"href":"https:\/\/gohike.lv\/ru\/wp-json\/wp\/v2\/product_cat?post=53912"},{"taxonomy":"product_tag","embeddable":true,"href":"https:\/\/gohike.lv\/ru\/wp-json\/wp\/v2\/product_tag?post=53912"}],"curies":[{"name":"wp","href":"https:\/\/api.w.org\/{rel}","templated":true}]}}