{"id":53906,"date":"2024-05-08T16:21:35","date_gmt":"2024-05-08T13:21:35","guid":{"rendered":"https:\/\/gohike.lv\/produkts\/firemaple-star-x1-cooking-system\/"},"modified":"2025-12-30T17:10:19","modified_gmt":"2025-12-30T14:10:19","slug":"firemaple-star-x1-cooking-system","status":"publish","type":"product","link":"https:\/\/gohike.lv\/ru\/produkts\/firemaple-star-x1-cooking-system\/","title":{"rendered":"FIREMAPLE &#8212; Star X1 G\u0101zes deg\u013ca sist\u0113ma"},"content":{"rendered":"<p>Kompakt\u0101 gatavo\u0161anas sist\u0113ma ar ieb\u016bv\u0113tu siltummaini viegli sadala siltumu.<\/p>\n","protected":false},"excerpt":{"rendered":"<p>FireMaple Fixed Star X1 ir p\u0101rbaud\u012bts un iecien\u012bts ce\u013cot\u0101ju vid\u016b, kuri mekl\u0113 kompaktu un efekt\u012bvu kempinga kr\u0101sni.<\/p>\n","protected":false},"featured_media":65366,"template":"","meta":[],"product_brand":[15368],"product_cat":[13194],"product_tag":[],"class_list":{"0":"post-53906","1":"product","2":"type-product","3":"status-publish","4":"has-post-thumbnail","6":"product_brand-firemaple-ru","7":"product_cat-13194","8":"pa_spalva-kamuflazs","9":"pa_spalva-13311","11":"first","12":"outofstock","13":"taxable","14":"shipping-taxable","15":"purchasable","16":"product-type-variable"},"raw_content":{"name":"FIREMAPLE - Star X1 G\u0101zes deg\u013ca sist\u0113ma","description":"Kompakt\u0101 gatavo\u0161anas sist\u0113ma ar ieb\u016bv\u0113tu siltummaini viegli sadala siltumu.","short_description":"FireMaple Fixed Star X1 ir p\u0101rbaud\u012bts un iecien\u012bts ce\u013cot\u0101ju vid\u016b, kuri mekl\u0113 kompaktu un efekt\u012bvu kempinga kr\u0101sni.","status":"publish","sku":"FIREMAPLE_5","original":53906},"wpml":{"translation_type":1,"has_translations":true,"original":53906,"duplicates":[],"translations":{"lv":53906,"en":67846,"ru":null}},"supplier_id":null,"supplier_sku":"","barcode":null,"atum_controlled":true,"out_stock_date":null,"out_stock_threshold":null,"inheritable":false,"inbound_stock":0,"stock_on_hold":0,"sold_today":0,"sales_last_days":0,"reserved_stock":0,"customer_returns":0,"warehouse_damage":0,"lost_in_post":0,"other_logs":0,"out_stock_days":0,"lost_sales":0,"has_location":null,"update_date":"2025-12-30T14:13:28","atum_locations":[],"atum_stock_status":"outofstock","restock_status":false,"low_stock_amount":"","sales_update_date":"2025-11-13T14:07:38","calc_backorders":null,"yoast_head":"<!-- This site is optimized with the Yoast SEO plugin v27.3 - https:\/\/yoast.com\/product\/yoast-seo-wordpress\/ -->\n<title>FIREMAPLE - Star X1 G\u0101zes deg\u013ca sist\u0113ma<\/title>\n<meta name=\"description\" content=\"FireMaple Fixed Star X1 ir p\u0101rbaud\u012bts un iecien\u012bts ce\u013cot\u0101ju vid\u016b, kuri mekl\u0113 kompaktu un efekt\u012bvu kempinga kr\u0101sni.\" \/>\n<meta name=\"robots\" content=\"index, follow, max-snippet:-1, max-image-preview:large, max-video-preview:-1\" \/>\n<link rel=\"canonical\" href=\"https:\/\/gohike.lv\/ru\/produkts\/firemaple-star-x1-cooking-system\/\" \/>\n<meta property=\"og:locale\" content=\"ru_RU\" \/>\n<meta property=\"og:type\" content=\"article\" \/>\n<meta property=\"og:title\" content=\"Deg\u013ci - FIREMAPLE Star X1 Cooking System\" \/>\n<meta property=\"og:description\" content=\"FireMaple Fixed Star X1 ir p\u0101rbaud\u012bts un iecien\u012bts ce\u013cot\u0101ju vid\u016b, kuri mekl\u0113 kompaktu un efekt\u012bvu kempinga kr\u0101sni.\" \/>\n<meta property=\"og:url\" content=\"https:\/\/gohike.lv\/ru\/produkts\/firemaple-star-x1-cooking-system\/\" \/>\n<meta property=\"og:site_name\" content=\"GoHike\" \/>\n<meta property=\"article:publisher\" content=\"https:\/\/www.facebook.com\/gohike.shop\/\" \/>\n<meta property=\"article:modified_time\" content=\"2025-12-30T14:10:19+00:00\" \/>\n<meta property=\"og:image\" content=\"https:\/\/gohike.lv\/wp-content\/uploads\/2025\/01\/X1_camouglage.jpg\" \/>\n\t<meta property=\"og:image:width\" content=\"1200\" \/>\n\t<meta property=\"og:image:height\" content=\"1200\" \/>\n\t<meta property=\"og:image:type\" content=\"image\/jpeg\" \/>\n<meta name=\"twitter:card\" content=\"summary_large_image\" \/>\n<meta name=\"twitter:title\" content=\"Deg\u013ci - FIREMAPLE Star X1 Cooking System\" \/>\n<meta name=\"twitter:label1\" content=\"\u041f\u0440\u0438\u043c\u0435\u0440\u043d\u043e\u0435 \u0432\u0440\u0435\u043c\u044f \u0434\u043b\u044f \u0447\u0442\u0435\u043d\u0438\u044f\" \/>\n\t<meta name=\"twitter:data1\" content=\"1 \u043c\u0438\u043d\u0443\u0442\u0430\" \/>\n<script type=\"application\/ld+json\" class=\"yoast-schema-graph\">{\"@context\":\"https:\\\/\\\/schema.org\",\"@graph\":[{\"@type\":[\"WebPage\",\"ItemPage\"],\"@id\":\"https:\\\/\\\/gohike.lv\\\/ru\\\/produkts\\\/firemaple-star-x1-cooking-system\\\/\",\"url\":\"https:\\\/\\\/gohike.lv\\\/ru\\\/produkts\\\/firemaple-star-x1-cooking-system\\\/\",\"name\":\"FIREMAPLE - Star X1 G\u0101zes deg\u013ca sist\u0113ma\",\"isPartOf\":{\"@id\":\"https:\\\/\\\/gohike.lv\\\/ru\\\/#website\"},\"primaryImageOfPage\":{\"@id\":\"https:\\\/\\\/gohike.lv\\\/ru\\\/produkts\\\/firemaple-star-x1-cooking-system\\\/#primaryimage\"},\"image\":{\"@id\":\"https:\\\/\\\/gohike.lv\\\/ru\\\/produkts\\\/firemaple-star-x1-cooking-system\\\/#primaryimage\"},\"thumbnailUrl\":\"https:\\\/\\\/gohike.lv\\\/wp-content\\\/uploads\\\/2025\\\/01\\\/X1_camouglage.jpg\",\"datePublished\":\"2024-05-08T13:21:35+00:00\",\"dateModified\":\"2025-12-30T14:10:19+00:00\",\"description\":\"FireMaple Fixed Star X1 ir p\u0101rbaud\u012bts un iecien\u012bts ce\u013cot\u0101ju vid\u016b, kuri mekl\u0113 kompaktu un efekt\u012bvu kempinga kr\u0101sni.\",\"breadcrumb\":{\"@id\":\"https:\\\/\\\/gohike.lv\\\/ru\\\/produkts\\\/firemaple-star-x1-cooking-system\\\/#breadcrumb\"},\"inLanguage\":\"ru-RU\",\"potentialAction\":[{\"@type\":\"ReadAction\",\"target\":[\"https:\\\/\\\/gohike.lv\\\/ru\\\/produkts\\\/firemaple-star-x1-cooking-system\\\/\"]}]},{\"@type\":\"ImageObject\",\"inLanguage\":\"ru-RU\",\"@id\":\"https:\\\/\\\/gohike.lv\\\/ru\\\/produkts\\\/firemaple-star-x1-cooking-system\\\/#primaryimage\",\"url\":\"https:\\\/\\\/gohike.lv\\\/wp-content\\\/uploads\\\/2025\\\/01\\\/X1_camouglage.jpg\",\"contentUrl\":\"https:\\\/\\\/gohike.lv\\\/wp-content\\\/uploads\\\/2025\\\/01\\\/X1_camouglage.jpg\",\"width\":1200,\"height\":1200},{\"@type\":\"BreadcrumbList\",\"@id\":\"https:\\\/\\\/gohike.lv\\\/ru\\\/produkts\\\/firemaple-star-x1-cooking-system\\\/#breadcrumb\",\"itemListElement\":[{\"@type\":\"ListItem\",\"position\":1,\"name\":\"\u0413\u043b\u0430\u0432\u043d\u0430\u044f\",\"item\":\"https:\\\/\\\/gohike.lv\\\/ru\\\/\"},{\"@type\":\"ListItem\",\"position\":2,\"name\":\"\u041a\u0430\u0442\u0435\u0433\u043e\u0440\u0438\u0438 \u0442\u043e\u0432\u0430\u0440\u043e\u0432\",\"item\":\"https:\\\/\\\/gohike.lv\\\/%d0%ba%d0%b0%d1%82%d0%b5%d0%b3%d0%be%d1%80%d0%b8%d0%b8-%d1%82%d0%be%d0%b2%d0%b0%d1%80%d0%be%d0%b2\\\/\"},{\"@type\":\"ListItem\",\"position\":3,\"name\":\"FIREMAPLE &#8211; Star X1 G\u0101zes deg\u013ca sist\u0113ma\"}]},{\"@type\":\"WebSite\",\"@id\":\"https:\\\/\\\/gohike.lv\\\/ru\\\/#website\",\"url\":\"https:\\\/\\\/gohike.lv\\\/ru\\\/\",\"name\":\"GoHike\",\"description\":\"\",\"publisher\":{\"@id\":\"https:\\\/\\\/gohike.lv\\\/ru\\\/#organization\"},\"potentialAction\":[{\"@type\":\"SearchAction\",\"target\":{\"@type\":\"EntryPoint\",\"urlTemplate\":\"https:\\\/\\\/gohike.lv\\\/ru\\\/?s={search_term_string}\"},\"query-input\":{\"@type\":\"PropertyValueSpecification\",\"valueRequired\":true,\"valueName\":\"search_term_string\"}}],\"inLanguage\":\"ru-RU\"},{\"@type\":\"Organization\",\"@id\":\"https:\\\/\\\/gohike.lv\\\/ru\\\/#organization\",\"name\":\"GoHike\",\"url\":\"https:\\\/\\\/gohike.lv\\\/ru\\\/\",\"logo\":{\"@type\":\"ImageObject\",\"inLanguage\":\"ru-RU\",\"@id\":\"https:\\\/\\\/gohike.lv\\\/ru\\\/#\\\/schema\\\/logo\\\/image\\\/\",\"url\":\"https:\\\/\\\/gohike.lv\\\/wp-content\\\/uploads\\\/2023\\\/08\\\/Logo_GoHike.webp\",\"contentUrl\":\"https:\\\/\\\/gohike.lv\\\/wp-content\\\/uploads\\\/2023\\\/08\\\/Logo_GoHike.webp\",\"width\":512,\"height\":512,\"caption\":\"GoHike\"},\"image\":{\"@id\":\"https:\\\/\\\/gohike.lv\\\/ru\\\/#\\\/schema\\\/logo\\\/image\\\/\"},\"sameAs\":[\"https:\\\/\\\/www.facebook.com\\\/gohike.shop\\\/\",\"https:\\\/\\\/www.instagram.com\\\/gohike.shop\\\/\"]}]}<\/script>\n<!-- \/ Yoast SEO plugin. -->","yoast_head_json":{"title":"FIREMAPLE - Star X1 G\u0101zes deg\u013ca sist\u0113ma","description":"FireMaple Fixed Star X1 ir p\u0101rbaud\u012bts un iecien\u012bts ce\u013cot\u0101ju vid\u016b, kuri mekl\u0113 kompaktu un efekt\u012bvu kempinga kr\u0101sni.","robots":{"index":"index","follow":"follow","max-snippet":"max-snippet:-1","max-image-preview":"max-image-preview:large","max-video-preview":"max-video-preview:-1"},"canonical":"https:\/\/gohike.lv\/ru\/produkts\/firemaple-star-x1-cooking-system\/","og_locale":"ru_RU","og_type":"article","og_title":"Deg\u013ci - FIREMAPLE Star X1 Cooking System","og_description":"FireMaple Fixed Star X1 ir p\u0101rbaud\u012bts un iecien\u012bts ce\u013cot\u0101ju vid\u016b, kuri mekl\u0113 kompaktu un efekt\u012bvu kempinga kr\u0101sni.","og_url":"https:\/\/gohike.lv\/ru\/produkts\/firemaple-star-x1-cooking-system\/","og_site_name":"GoHike","article_publisher":"https:\/\/www.facebook.com\/gohike.shop\/","article_modified_time":"2025-12-30T14:10:19+00:00","og_image":[{"width":1200,"height":1200,"url":"https:\/\/gohike.lv\/wp-content\/uploads\/2025\/01\/X1_camouglage.jpg","type":"image\/jpeg"}],"twitter_card":"summary_large_image","twitter_title":"Deg\u013ci - FIREMAPLE Star X1 Cooking System","twitter_misc":{"\u041f\u0440\u0438\u043c\u0435\u0440\u043d\u043e\u0435 \u0432\u0440\u0435\u043c\u044f \u0434\u043b\u044f \u0447\u0442\u0435\u043d\u0438\u044f":"1 \u043c\u0438\u043d\u0443\u0442\u0430"},"schema":{"@context":"https:\/\/schema.org","@graph":[{"@type":["WebPage","ItemPage"],"@id":"https:\/\/gohike.lv\/ru\/produkts\/firemaple-star-x1-cooking-system\/","url":"https:\/\/gohike.lv\/ru\/produkts\/firemaple-star-x1-cooking-system\/","name":"FIREMAPLE - Star X1 G\u0101zes deg\u013ca sist\u0113ma","isPartOf":{"@id":"https:\/\/gohike.lv\/ru\/#website"},"primaryImageOfPage":{"@id":"https:\/\/gohike.lv\/ru\/produkts\/firemaple-star-x1-cooking-system\/#primaryimage"},"image":{"@id":"https:\/\/gohike.lv\/ru\/produkts\/firemaple-star-x1-cooking-system\/#primaryimage"},"thumbnailUrl":"https:\/\/gohike.lv\/wp-content\/uploads\/2025\/01\/X1_camouglage.jpg","datePublished":"2024-05-08T13:21:35+00:00","dateModified":"2025-12-30T14:10:19+00:00","description":"FireMaple Fixed Star X1 ir p\u0101rbaud\u012bts un iecien\u012bts ce\u013cot\u0101ju vid\u016b, kuri mekl\u0113 kompaktu un efekt\u012bvu kempinga kr\u0101sni.","breadcrumb":{"@id":"https:\/\/gohike.lv\/ru\/produkts\/firemaple-star-x1-cooking-system\/#breadcrumb"},"inLanguage":"ru-RU","potentialAction":[{"@type":"ReadAction","target":["https:\/\/gohike.lv\/ru\/produkts\/firemaple-star-x1-cooking-system\/"]}]},{"@type":"ImageObject","inLanguage":"ru-RU","@id":"https:\/\/gohike.lv\/ru\/produkts\/firemaple-star-x1-cooking-system\/#primaryimage","url":"https:\/\/gohike.lv\/wp-content\/uploads\/2025\/01\/X1_camouglage.jpg","contentUrl":"https:\/\/gohike.lv\/wp-content\/uploads\/2025\/01\/X1_camouglage.jpg","width":1200,"height":1200},{"@type":"BreadcrumbList","@id":"https:\/\/gohike.lv\/ru\/produkts\/firemaple-star-x1-cooking-system\/#breadcrumb","itemListElement":[{"@type":"ListItem","position":1,"name":"\u0413\u043b\u0430\u0432\u043d\u0430\u044f","item":"https:\/\/gohike.lv\/ru\/"},{"@type":"ListItem","position":2,"name":"\u041a\u0430\u0442\u0435\u0433\u043e\u0440\u0438\u0438 \u0442\u043e\u0432\u0430\u0440\u043e\u0432","item":"https:\/\/gohike.lv\/%d0%ba%d0%b0%d1%82%d0%b5%d0%b3%d0%be%d1%80%d0%b8%d0%b8-%d1%82%d0%be%d0%b2%d0%b0%d1%80%d0%be%d0%b2\/"},{"@type":"ListItem","position":3,"name":"FIREMAPLE &#8211; Star X1 G\u0101zes deg\u013ca sist\u0113ma"}]},{"@type":"WebSite","@id":"https:\/\/gohike.lv\/ru\/#website","url":"https:\/\/gohike.lv\/ru\/","name":"GoHike","description":"","publisher":{"@id":"https:\/\/gohike.lv\/ru\/#organization"},"potentialAction":[{"@type":"SearchAction","target":{"@type":"EntryPoint","urlTemplate":"https:\/\/gohike.lv\/ru\/?s={search_term_string}"},"query-input":{"@type":"PropertyValueSpecification","valueRequired":true,"valueName":"search_term_string"}}],"inLanguage":"ru-RU"},{"@type":"Organization","@id":"https:\/\/gohike.lv\/ru\/#organization","name":"GoHike","url":"https:\/\/gohike.lv\/ru\/","logo":{"@type":"ImageObject","inLanguage":"ru-RU","@id":"https:\/\/gohike.lv\/ru\/#\/schema\/logo\/image\/","url":"https:\/\/gohike.lv\/wp-content\/uploads\/2023\/08\/Logo_GoHike.webp","contentUrl":"https:\/\/gohike.lv\/wp-content\/uploads\/2023\/08\/Logo_GoHike.webp","width":512,"height":512,"caption":"GoHike"},"image":{"@id":"https:\/\/gohike.lv\/ru\/#\/schema\/logo\/image\/"},"sameAs":["https:\/\/www.facebook.com\/gohike.shop\/","https:\/\/www.instagram.com\/gohike.shop\/"]}]}},"jetpack_sharing_enabled":true,"_links":{"self":[{"href":"https:\/\/gohike.lv\/ru\/wp-json\/wp\/v2\/product\/53906","targetHints":{"allow":["GET"]}}],"collection":[{"href":"https:\/\/gohike.lv\/ru\/wp-json\/wp\/v2\/product"}],"about":[{"href":"https:\/\/gohike.lv\/ru\/wp-json\/wp\/v2\/types\/product"}],"version-history":[{"count":0,"href":"https:\/\/gohike.lv\/ru\/wp-json\/wp\/v2\/product\/53906\/revisions"}],"wp:featuredmedia":[{"embeddable":true,"href":"https:\/\/gohike.lv\/ru\/wp-json\/wp\/v2\/media\/65366"}],"wp:attachment":[{"href":"https:\/\/gohike.lv\/ru\/wp-json\/wp\/v2\/media?parent=53906"}],"wp:term":[{"taxonomy":"product_brand","embeddable":true,"href":"https:\/\/gohike.lv\/ru\/wp-json\/wp\/v2\/product_brand?post=53906"},{"taxonomy":"product_cat","embeddable":true,"href":"https:\/\/gohike.lv\/ru\/wp-json\/wp\/v2\/product_cat?post=53906"},{"taxonomy":"product_tag","embeddable":true,"href":"https:\/\/gohike.lv\/ru\/wp-json\/wp\/v2\/product_tag?post=53906"}],"curies":[{"name":"wp","href":"https:\/\/api.w.org\/{rel}","templated":true}]}}