{"id":53902,"date":"2024-05-08T16:21:35","date_gmt":"2024-05-08T13:21:35","guid":{"rendered":"https:\/\/gohike.lv\/produkts\/firemaple-mars-radiant-stove-system\/"},"modified":"2025-12-30T17:10:00","modified_gmt":"2025-12-30T14:10:00","slug":"firemaple-mars-radiant-stove-system","status":"publish","type":"product","link":"https:\/\/gohike.lv\/ru\/produkts\/firemaple-mars-radiant-stove-system\/","title":{"rendered":"FIREMAPLE &#8212; Mars Radiant G\u0101zes deg\u013ca sist\u0113ma"},"content":{"rendered":"<p>Infrasarkan\u0101s apkures tehnolo\u0123ija: Mars Camping kr\u0101sn\u012b tiek izmantota efekt\u012bva spiediena regulatora-starojuma sist\u0113ma stabilai, augstas efektivit\u0101tes apkurei skarbos apst\u0101k\u013cos.<br \/>\nV\u0113ja necaurlaid\u012bgs dizains: ir siltummainis, kas aptver deg\u013ca galvu, radot karst\u0101 gaisa pl\u016bsmas barjeru pret v\u0113ju, uzlabojot veiktsp\u0113ju ekstrem\u0101los apst\u0101k\u013cos.<br \/>\n\u0100tr\u0101s sild\u012b\u0161anas sist\u0113ma: uzv\u0101ra 1 litru \u016bdens tikai 3 min\u016bt\u0113s un 20 sekund\u0113s.<br \/>\nDro\u0161a un stabila: pl\u012bts konstrukcija nodro\u0161ina zem\u0101ku smaguma centru stabilit\u0101tes nodro\u0161in\u0101\u0161anai, v\u0101rstu un g\u0101zes kasetni novietojot prom no deg\u013ca.<br \/>\nIek\u013cauts papildu katlu atbalsts da\u017e\u0101diem gatavo\u0161anas katliem un pann\u0101m.<\/p>\n","protected":false},"excerpt":{"rendered":"<p>Mars Radiant Stove System ir visefekt\u012bv\u0101k\u0101 pl\u012bts, t\u0101 nodro\u0161ina maksim\u0101lu veiktsp\u0113ju pat Alpu apst\u0101k\u013cos.<\/p>\n","protected":false},"featured_media":12074,"template":"","meta":[],"product_brand":[1080],"product_cat":[951],"product_tag":[],"class_list":{"0":"post-53902","1":"product","2":"type-product","3":"status-publish","4":"has-post-thumbnail","6":"product_brand-firemaple-lv","7":"product_cat-degli-un-degviela","8":"pa_izmers-satlocits-128137193mm-2","9":"pa_jauda-2100w","10":"pa_materiali-anodizets-aluminijs-nerusejosais-terauds-silikons-vara","11":"pa_produkta-tips-degli","12":"pa_spalva-zils","13":"pa_tilpums-1250ml","15":"first","16":"instock","17":"taxable","18":"shipping-taxable","19":"purchasable","20":"product-type-simple"},"raw_content":{"name":"FIREMAPLE - Mars Radiant G\u0101zes deg\u013ca sist\u0113ma","description":"Infrasarkan\u0101s apkures tehnolo\u0123ija: Mars Camping kr\u0101sn\u012b tiek izmantota efekt\u012bva spiediena regulatora-starojuma sist\u0113ma stabilai, augstas efektivit\u0101tes apkurei skarbos apst\u0101k\u013cos.\nV\u0113ja necaurlaid\u012bgs dizains: ir siltummainis, kas aptver deg\u013ca galvu, radot karst\u0101 gaisa pl\u016bsmas barjeru pret v\u0113ju, uzlabojot veiktsp\u0113ju ekstrem\u0101los apst\u0101k\u013cos.\n\u0100tr\u0101s sild\u012b\u0161anas sist\u0113ma: uzv\u0101ra 1 litru \u016bdens tikai 3 min\u016bt\u0113s un 20 sekund\u0113s.\nDro\u0161a un stabila: pl\u012bts konstrukcija nodro\u0161ina zem\u0101ku smaguma centru stabilit\u0101tes nodro\u0161in\u0101\u0161anai, v\u0101rstu un g\u0101zes kasetni novietojot prom no deg\u013ca.\nIek\u013cauts papildu katlu atbalsts da\u017e\u0101diem gatavo\u0161anas katliem un pann\u0101m.","short_description":"Mars Radiant Stove System ir visefekt\u012bv\u0101k\u0101 pl\u012bts, t\u0101 nodro\u0161ina maksim\u0101lu veiktsp\u0113ju pat Alpu apst\u0101k\u013cos.","status":"publish","sku":"FIREMAPLE_1","original":53902},"wpml":{"translation_type":1,"has_translations":true,"original":53902,"duplicates":[],"translations":{"lv":53902,"en":67853,"ru":null}},"supplier_id":null,"supplier_sku":"","barcode":null,"atum_controlled":true,"out_stock_date":null,"out_stock_threshold":null,"inheritable":false,"inbound_stock":0,"stock_on_hold":0,"sold_today":0,"sales_last_days":0,"reserved_stock":0,"customer_returns":0,"warehouse_damage":0,"lost_in_post":0,"other_logs":0,"out_stock_days":0,"lost_sales":0,"has_location":false,"update_date":"2025-12-30T14:13:28","atum_locations":[],"atum_stock_status":"instock","restock_status":false,"low_stock_amount":"","sales_update_date":"2025-11-13T14:08:10","calc_backorders":null,"yoast_head":"<!-- This site is optimized with the Yoast SEO plugin v27.3 - https:\/\/yoast.com\/product\/yoast-seo-wordpress\/ -->\n<title>FIREMAPLE - Mars Radiant G\u0101zes deg\u013ca sist\u0113ma<\/title>\n<meta name=\"description\" content=\"Mars Radiant Stove System ir visefekt\u012bv\u0101k\u0101 pl\u012bts, t\u0101 nodro\u0161ina maksim\u0101lu veiktsp\u0113ju pat Alpu apst\u0101k\u013cos. Iek\u013cauts papildu katlu atbalsts da\u017e\u0101diem gatavo\u0161anas katliem un pann\u0101m.\" \/>\n<meta name=\"robots\" content=\"index, follow, max-snippet:-1, max-image-preview:large, max-video-preview:-1\" \/>\n<link rel=\"canonical\" href=\"https:\/\/gohike.lv\/ru\/produkts\/firemaple-mars-radiant-stove-system\/\" \/>\n<meta property=\"og:locale\" content=\"ru_RU\" \/>\n<meta property=\"og:type\" content=\"article\" \/>\n<meta property=\"og:title\" content=\"Deg\u013ci - FIREMAPLE Mars Radiant Stove System\" \/>\n<meta property=\"og:description\" content=\"Mars Radiant Stove System ir visefekt\u012bv\u0101k\u0101 pl\u012bts, t\u0101 nodro\u0161ina maksim\u0101lu veiktsp\u0113ju pat Alpu apst\u0101k\u013cos. Iek\u013cauts papildu katlu atbalsts da\u017e\u0101diem gatavo\u0161anas katliem un pann\u0101m.\" \/>\n<meta property=\"og:url\" content=\"https:\/\/gohike.lv\/ru\/produkts\/firemaple-mars-radiant-stove-system\/\" \/>\n<meta property=\"og:site_name\" content=\"GoHike\" \/>\n<meta property=\"article:publisher\" content=\"https:\/\/www.facebook.com\/gohike.shop\/\" \/>\n<meta property=\"article:modified_time\" content=\"2025-12-30T14:10:00+00:00\" \/>\n<meta property=\"og:image\" content=\"https:\/\/gohike.lv\/wp-content\/uploads\/2023\/11\/mars_radiant_stove_system-1.webp\" \/>\n\t<meta property=\"og:image:width\" content=\"1000\" \/>\n\t<meta property=\"og:image:height\" content=\"1000\" \/>\n\t<meta property=\"og:image:type\" content=\"image\/webp\" \/>\n<meta name=\"twitter:card\" content=\"summary_large_image\" \/>\n<meta name=\"twitter:title\" content=\"Deg\u013ci - FIREMAPLE Mars Radiant Stove System\" \/>\n<meta name=\"twitter:label1\" content=\"\u041f\u0440\u0438\u043c\u0435\u0440\u043d\u043e\u0435 \u0432\u0440\u0435\u043c\u044f \u0434\u043b\u044f \u0447\u0442\u0435\u043d\u0438\u044f\" \/>\n\t<meta name=\"twitter:data1\" content=\"1 \u043c\u0438\u043d\u0443\u0442\u0430\" \/>\n<script type=\"application\/ld+json\" class=\"yoast-schema-graph\">{\"@context\":\"https:\\\/\\\/schema.org\",\"@graph\":[{\"@type\":[\"WebPage\",\"ItemPage\"],\"@id\":\"https:\\\/\\\/gohike.lv\\\/ru\\\/produkts\\\/firemaple-mars-radiant-stove-system\\\/\",\"url\":\"https:\\\/\\\/gohike.lv\\\/ru\\\/produkts\\\/firemaple-mars-radiant-stove-system\\\/\",\"name\":\"FIREMAPLE - Mars Radiant G\u0101zes deg\u013ca sist\u0113ma\",\"isPartOf\":{\"@id\":\"https:\\\/\\\/gohike.lv\\\/ru\\\/#website\"},\"primaryImageOfPage\":{\"@id\":\"https:\\\/\\\/gohike.lv\\\/ru\\\/produkts\\\/firemaple-mars-radiant-stove-system\\\/#primaryimage\"},\"image\":{\"@id\":\"https:\\\/\\\/gohike.lv\\\/ru\\\/produkts\\\/firemaple-mars-radiant-stove-system\\\/#primaryimage\"},\"thumbnailUrl\":\"https:\\\/\\\/gohike.lv\\\/wp-content\\\/uploads\\\/2023\\\/11\\\/mars_radiant_stove_system-1.webp\",\"datePublished\":\"2024-05-08T13:21:35+00:00\",\"dateModified\":\"2025-12-30T14:10:00+00:00\",\"description\":\"Mars Radiant Stove System ir visefekt\u012bv\u0101k\u0101 pl\u012bts, t\u0101 nodro\u0161ina maksim\u0101lu veiktsp\u0113ju pat Alpu apst\u0101k\u013cos. Iek\u013cauts papildu katlu atbalsts da\u017e\u0101diem gatavo\u0161anas katliem un pann\u0101m.\",\"breadcrumb\":{\"@id\":\"https:\\\/\\\/gohike.lv\\\/ru\\\/produkts\\\/firemaple-mars-radiant-stove-system\\\/#breadcrumb\"},\"inLanguage\":\"ru-RU\",\"potentialAction\":[{\"@type\":\"ReadAction\",\"target\":[\"https:\\\/\\\/gohike.lv\\\/ru\\\/produkts\\\/firemaple-mars-radiant-stove-system\\\/\"]}]},{\"@type\":\"ImageObject\",\"inLanguage\":\"ru-RU\",\"@id\":\"https:\\\/\\\/gohike.lv\\\/ru\\\/produkts\\\/firemaple-mars-radiant-stove-system\\\/#primaryimage\",\"url\":\"https:\\\/\\\/gohike.lv\\\/wp-content\\\/uploads\\\/2023\\\/11\\\/mars_radiant_stove_system-1.webp\",\"contentUrl\":\"https:\\\/\\\/gohike.lv\\\/wp-content\\\/uploads\\\/2023\\\/11\\\/mars_radiant_stove_system-1.webp\",\"width\":1000,\"height\":1000},{\"@type\":\"BreadcrumbList\",\"@id\":\"https:\\\/\\\/gohike.lv\\\/ru\\\/produkts\\\/firemaple-mars-radiant-stove-system\\\/#breadcrumb\",\"itemListElement\":[{\"@type\":\"ListItem\",\"position\":1,\"name\":\"\u0413\u043b\u0430\u0432\u043d\u0430\u044f\",\"item\":\"https:\\\/\\\/gohike.lv\\\/ru\\\/\"},{\"@type\":\"ListItem\",\"position\":2,\"name\":\"\u041a\u0430\u0442\u0435\u0433\u043e\u0440\u0438\u0438 \u0442\u043e\u0432\u0430\u0440\u043e\u0432\",\"item\":\"https:\\\/\\\/gohike.lv\\\/%d0%ba%d0%b0%d1%82%d0%b5%d0%b3%d0%be%d1%80%d0%b8%d0%b8-%d1%82%d0%be%d0%b2%d0%b0%d1%80%d0%be%d0%b2\\\/\"},{\"@type\":\"ListItem\",\"position\":3,\"name\":\"FIREMAPLE &#8211; Mars Radiant G\u0101zes deg\u013ca sist\u0113ma\"}]},{\"@type\":\"WebSite\",\"@id\":\"https:\\\/\\\/gohike.lv\\\/ru\\\/#website\",\"url\":\"https:\\\/\\\/gohike.lv\\\/ru\\\/\",\"name\":\"GoHike\",\"description\":\"\",\"publisher\":{\"@id\":\"https:\\\/\\\/gohike.lv\\\/ru\\\/#organization\"},\"potentialAction\":[{\"@type\":\"SearchAction\",\"target\":{\"@type\":\"EntryPoint\",\"urlTemplate\":\"https:\\\/\\\/gohike.lv\\\/ru\\\/?s={search_term_string}\"},\"query-input\":{\"@type\":\"PropertyValueSpecification\",\"valueRequired\":true,\"valueName\":\"search_term_string\"}}],\"inLanguage\":\"ru-RU\"},{\"@type\":\"Organization\",\"@id\":\"https:\\\/\\\/gohike.lv\\\/ru\\\/#organization\",\"name\":\"GoHike\",\"url\":\"https:\\\/\\\/gohike.lv\\\/ru\\\/\",\"logo\":{\"@type\":\"ImageObject\",\"inLanguage\":\"ru-RU\",\"@id\":\"https:\\\/\\\/gohike.lv\\\/ru\\\/#\\\/schema\\\/logo\\\/image\\\/\",\"url\":\"https:\\\/\\\/gohike.lv\\\/wp-content\\\/uploads\\\/2023\\\/08\\\/Logo_GoHike.webp\",\"contentUrl\":\"https:\\\/\\\/gohike.lv\\\/wp-content\\\/uploads\\\/2023\\\/08\\\/Logo_GoHike.webp\",\"width\":512,\"height\":512,\"caption\":\"GoHike\"},\"image\":{\"@id\":\"https:\\\/\\\/gohike.lv\\\/ru\\\/#\\\/schema\\\/logo\\\/image\\\/\"},\"sameAs\":[\"https:\\\/\\\/www.facebook.com\\\/gohike.shop\\\/\",\"https:\\\/\\\/www.instagram.com\\\/gohike.shop\\\/\"]}]}<\/script>\n<!-- \/ Yoast SEO plugin. -->","yoast_head_json":{"title":"FIREMAPLE - Mars Radiant G\u0101zes deg\u013ca sist\u0113ma","description":"Mars Radiant Stove System ir visefekt\u012bv\u0101k\u0101 pl\u012bts, t\u0101 nodro\u0161ina maksim\u0101lu veiktsp\u0113ju pat Alpu apst\u0101k\u013cos. Iek\u013cauts papildu katlu atbalsts da\u017e\u0101diem gatavo\u0161anas katliem un pann\u0101m.","robots":{"index":"index","follow":"follow","max-snippet":"max-snippet:-1","max-image-preview":"max-image-preview:large","max-video-preview":"max-video-preview:-1"},"canonical":"https:\/\/gohike.lv\/ru\/produkts\/firemaple-mars-radiant-stove-system\/","og_locale":"ru_RU","og_type":"article","og_title":"Deg\u013ci - FIREMAPLE Mars Radiant Stove System","og_description":"Mars Radiant Stove System ir visefekt\u012bv\u0101k\u0101 pl\u012bts, t\u0101 nodro\u0161ina maksim\u0101lu veiktsp\u0113ju pat Alpu apst\u0101k\u013cos. Iek\u013cauts papildu katlu atbalsts da\u017e\u0101diem gatavo\u0161anas katliem un pann\u0101m.","og_url":"https:\/\/gohike.lv\/ru\/produkts\/firemaple-mars-radiant-stove-system\/","og_site_name":"GoHike","article_publisher":"https:\/\/www.facebook.com\/gohike.shop\/","article_modified_time":"2025-12-30T14:10:00+00:00","og_image":[{"width":1000,"height":1000,"url":"https:\/\/gohike.lv\/wp-content\/uploads\/2023\/11\/mars_radiant_stove_system-1.webp","type":"image\/webp"}],"twitter_card":"summary_large_image","twitter_title":"Deg\u013ci - FIREMAPLE Mars Radiant Stove System","twitter_misc":{"\u041f\u0440\u0438\u043c\u0435\u0440\u043d\u043e\u0435 \u0432\u0440\u0435\u043c\u044f \u0434\u043b\u044f \u0447\u0442\u0435\u043d\u0438\u044f":"1 \u043c\u0438\u043d\u0443\u0442\u0430"},"schema":{"@context":"https:\/\/schema.org","@graph":[{"@type":["WebPage","ItemPage"],"@id":"https:\/\/gohike.lv\/ru\/produkts\/firemaple-mars-radiant-stove-system\/","url":"https:\/\/gohike.lv\/ru\/produkts\/firemaple-mars-radiant-stove-system\/","name":"FIREMAPLE - Mars Radiant G\u0101zes deg\u013ca sist\u0113ma","isPartOf":{"@id":"https:\/\/gohike.lv\/ru\/#website"},"primaryImageOfPage":{"@id":"https:\/\/gohike.lv\/ru\/produkts\/firemaple-mars-radiant-stove-system\/#primaryimage"},"image":{"@id":"https:\/\/gohike.lv\/ru\/produkts\/firemaple-mars-radiant-stove-system\/#primaryimage"},"thumbnailUrl":"https:\/\/gohike.lv\/wp-content\/uploads\/2023\/11\/mars_radiant_stove_system-1.webp","datePublished":"2024-05-08T13:21:35+00:00","dateModified":"2025-12-30T14:10:00+00:00","description":"Mars Radiant Stove System ir visefekt\u012bv\u0101k\u0101 pl\u012bts, t\u0101 nodro\u0161ina maksim\u0101lu veiktsp\u0113ju pat Alpu apst\u0101k\u013cos. Iek\u013cauts papildu katlu atbalsts da\u017e\u0101diem gatavo\u0161anas katliem un pann\u0101m.","breadcrumb":{"@id":"https:\/\/gohike.lv\/ru\/produkts\/firemaple-mars-radiant-stove-system\/#breadcrumb"},"inLanguage":"ru-RU","potentialAction":[{"@type":"ReadAction","target":["https:\/\/gohike.lv\/ru\/produkts\/firemaple-mars-radiant-stove-system\/"]}]},{"@type":"ImageObject","inLanguage":"ru-RU","@id":"https:\/\/gohike.lv\/ru\/produkts\/firemaple-mars-radiant-stove-system\/#primaryimage","url":"https:\/\/gohike.lv\/wp-content\/uploads\/2023\/11\/mars_radiant_stove_system-1.webp","contentUrl":"https:\/\/gohike.lv\/wp-content\/uploads\/2023\/11\/mars_radiant_stove_system-1.webp","width":1000,"height":1000},{"@type":"BreadcrumbList","@id":"https:\/\/gohike.lv\/ru\/produkts\/firemaple-mars-radiant-stove-system\/#breadcrumb","itemListElement":[{"@type":"ListItem","position":1,"name":"\u0413\u043b\u0430\u0432\u043d\u0430\u044f","item":"https:\/\/gohike.lv\/ru\/"},{"@type":"ListItem","position":2,"name":"\u041a\u0430\u0442\u0435\u0433\u043e\u0440\u0438\u0438 \u0442\u043e\u0432\u0430\u0440\u043e\u0432","item":"https:\/\/gohike.lv\/%d0%ba%d0%b0%d1%82%d0%b5%d0%b3%d0%be%d1%80%d0%b8%d0%b8-%d1%82%d0%be%d0%b2%d0%b0%d1%80%d0%be%d0%b2\/"},{"@type":"ListItem","position":3,"name":"FIREMAPLE &#8211; Mars Radiant G\u0101zes deg\u013ca sist\u0113ma"}]},{"@type":"WebSite","@id":"https:\/\/gohike.lv\/ru\/#website","url":"https:\/\/gohike.lv\/ru\/","name":"GoHike","description":"","publisher":{"@id":"https:\/\/gohike.lv\/ru\/#organization"},"potentialAction":[{"@type":"SearchAction","target":{"@type":"EntryPoint","urlTemplate":"https:\/\/gohike.lv\/ru\/?s={search_term_string}"},"query-input":{"@type":"PropertyValueSpecification","valueRequired":true,"valueName":"search_term_string"}}],"inLanguage":"ru-RU"},{"@type":"Organization","@id":"https:\/\/gohike.lv\/ru\/#organization","name":"GoHike","url":"https:\/\/gohike.lv\/ru\/","logo":{"@type":"ImageObject","inLanguage":"ru-RU","@id":"https:\/\/gohike.lv\/ru\/#\/schema\/logo\/image\/","url":"https:\/\/gohike.lv\/wp-content\/uploads\/2023\/08\/Logo_GoHike.webp","contentUrl":"https:\/\/gohike.lv\/wp-content\/uploads\/2023\/08\/Logo_GoHike.webp","width":512,"height":512,"caption":"GoHike"},"image":{"@id":"https:\/\/gohike.lv\/ru\/#\/schema\/logo\/image\/"},"sameAs":["https:\/\/www.facebook.com\/gohike.shop\/","https:\/\/www.instagram.com\/gohike.shop\/"]}]}},"jetpack_sharing_enabled":true,"_links":{"self":[{"href":"https:\/\/gohike.lv\/ru\/wp-json\/wp\/v2\/product\/53902","targetHints":{"allow":["GET"]}}],"collection":[{"href":"https:\/\/gohike.lv\/ru\/wp-json\/wp\/v2\/product"}],"about":[{"href":"https:\/\/gohike.lv\/ru\/wp-json\/wp\/v2\/types\/product"}],"version-history":[{"count":0,"href":"https:\/\/gohike.lv\/ru\/wp-json\/wp\/v2\/product\/53902\/revisions"}],"wp:featuredmedia":[{"embeddable":true,"href":"https:\/\/gohike.lv\/ru\/wp-json\/wp\/v2\/media\/12074"}],"wp:attachment":[{"href":"https:\/\/gohike.lv\/ru\/wp-json\/wp\/v2\/media?parent=53902"}],"wp:term":[{"taxonomy":"product_brand","embeddable":true,"href":"https:\/\/gohike.lv\/ru\/wp-json\/wp\/v2\/product_brand?post=53902"},{"taxonomy":"product_cat","embeddable":true,"href":"https:\/\/gohike.lv\/ru\/wp-json\/wp\/v2\/product_cat?post=53902"},{"taxonomy":"product_tag","embeddable":true,"href":"https:\/\/gohike.lv\/ru\/wp-json\/wp\/v2\/product_tag?post=53902"}],"curies":[{"name":"wp","href":"https:\/\/api.w.org\/{rel}","templated":true}]}}