{"id":53893,"date":"2024-05-09T17:40:10","date_gmt":"2024-05-09T14:40:10","guid":{"rendered":"https:\/\/gohike.lv\/produkts\/pedu-zolites-silditajs\/"},"modified":"2026-01-30T19:55:16","modified_gmt":"2026-01-30T16:55:16","slug":"thermopad-pedu-zolites-silditajs","status":"publish","type":"product","link":"https:\/\/gohike.lv\/ru\/produkts\/thermopad-pedu-zolites-silditajs\/","title":{"rendered":"Thermopad  &#8212; P\u0113du zol\u012btes sild\u012bt\u0101js"},"content":{"rendered":"<p>K\u0101ju sild\u012bt\u0101ji nodro\u0161ina siltumu visai p\u0113das zolei un iederas visos apavos vai sl\u0113pju z\u0101bakos.<br \/>\nPieejami S (36-39), L (40-42) un XL (43-46) izm\u0113ri.<br \/>\nLieto\u0161ana:<br \/>\nAtveriet iepakojumu, iz\u0146emiet sild\u012bt\u0101jus, pagaidiet da\u017eas min\u016btes, un ievietojiet tos apavos.<br \/>\nJa \u0101r\u0101 ir \u013coti auksta temperat\u016bra, papildu alum\u012bnija zol\u012bte var pal\u012bdz\u0113t saglab\u0101t siltumu apavu iek\u0161pus\u0113.<br \/>\nP\u0113c lieto\u0161anas utiliz\u0113jiet sild\u012bt\u0101jus k\u0101 sadz\u012bves atkritumus.<br \/>\nVisi termopadi ir klimatneitr\u0101li.<\/p>\n","protected":false},"excerpt":{"rendered":"<p>P\u0113du sild\u012bt\u0101js nodro\u0161ina siltumu l\u012bdz pat 8 stund\u0101m.<\/p>\n","protected":false},"featured_media":9642,"template":"","meta":[],"product_brand":[1309],"product_cat":[1315],"product_tag":[],"class_list":{"0":"post-53893","1":"product","2":"type-product","3":"status-publish","4":"has-post-thumbnail","6":"product_brand-thermopad-lv","7":"product_cat-silditaji-un-aptiecinas","8":"pa_materiali-aktiva-ogle","9":"pa_materiali-dzelzs-pulveris","10":"pa_materiali-sals","11":"pa_materiali-udens","12":"pa_materiali-vermikulits","13":"pa_produkta-tips-pedu-silditaji","14":"pa_produktu-izmers-l40-42","15":"pa_produktu-izmers-s36-39","16":"pa_produktu-izmers-xl43-46","18":"first","19":"instock","20":"taxable","21":"shipping-taxable","22":"purchasable","23":"product-type-variable","24":"has-default-attributes"},"raw_content":{"name":"Thermopad  - P\u0113du zol\u012btes sild\u012bt\u0101js","description":"K\u0101ju sild\u012bt\u0101ji nodro\u0161ina siltumu visai p\u0113das zolei un iederas visos apavos vai sl\u0113pju z\u0101bakos.\nPieejami S (36-39), L (40-42) un XL (43-46) izm\u0113ri.\nLieto\u0161ana:\nAtveriet iepakojumu, iz\u0146emiet sild\u012bt\u0101jus, pagaidiet da\u017eas min\u016btes, un ievietojiet tos apavos.\nJa \u0101r\u0101 ir \u013coti auksta temperat\u016bra, papildu alum\u012bnija zol\u012bte var pal\u012bdz\u0113t saglab\u0101t siltumu apavu iek\u0161pus\u0113.\nP\u0113c lieto\u0161anas utiliz\u0113jiet sild\u012bt\u0101jus k\u0101 sadz\u012bves atkritumus.\nVisi termopadi ir klimatneitr\u0101li.","short_description":"P\u0113du sild\u012bt\u0101js nodro\u0161ina siltumu l\u012bdz pat 8 stund\u0101m.","status":"publish","sku":"LFV017","original":53893},"wpml":{"translation_type":1,"has_translations":true,"original":53893,"duplicates":[],"translations":{"lv":53893,"en":67299,"ru":null}},"supplier_id":null,"supplier_sku":"","barcode":null,"atum_controlled":true,"out_stock_date":null,"out_stock_threshold":null,"inheritable":false,"inbound_stock":null,"stock_on_hold":0,"sold_today":0,"sales_last_days":1,"reserved_stock":null,"customer_returns":null,"warehouse_damage":null,"lost_in_post":null,"other_logs":null,"out_stock_days":0,"lost_sales":0,"has_location":null,"update_date":"2026-01-23T08:14:54","atum_locations":[],"atum_stock_status":"instock","restock_status":false,"low_stock_amount":"","sales_update_date":"2025-11-13T14:07:31","calc_backorders":null,"yoast_head":"<!-- This site is optimized with the Yoast SEO plugin v27.3 - https:\/\/yoast.com\/product\/yoast-seo-wordpress\/ -->\n<title>Thermopad - P\u0113du zol\u012btes sild\u012bt\u0101js<\/title>\n<meta name=\"description\" content=\"P\u0113du sild\u012bt\u0101js nodro\u0161ina siltumu l\u012bdz pat 8 stund\u0101m. Visi termopadi ir klimatneitr\u0101li.\" \/>\n<meta name=\"robots\" content=\"index, follow, max-snippet:-1, max-image-preview:large, max-video-preview:-1\" \/>\n<link rel=\"canonical\" href=\"https:\/\/gohike.lv\/ru\/produkts\/thermopad-pedu-zolites-silditajs\/\" \/>\n<meta property=\"og:locale\" content=\"ru_RU\" \/>\n<meta property=\"og:type\" content=\"article\" \/>\n<meta property=\"og:title\" content=\"Thermopad - Sild\u012bt\u0101ji un izdz\u012bvo\u0161ana -\" \/>\n<meta property=\"og:description\" content=\"P\u0113du sild\u012bt\u0101js nodro\u0161ina siltumu l\u012bdz pat 8 stund\u0101m. Visi termopadi ir klimatneitr\u0101li.\" \/>\n<meta property=\"og:url\" content=\"https:\/\/gohike.lv\/ru\/produkts\/thermopad-pedu-zolites-silditajs\/\" \/>\n<meta property=\"og:site_name\" content=\"GoHike\" \/>\n<meta property=\"article:publisher\" content=\"https:\/\/www.facebook.com\/gohike.shop\/\" \/>\n<meta property=\"article:modified_time\" content=\"2026-01-30T16:55:16+00:00\" \/>\n<meta property=\"og:image\" content=\"https:\/\/gohike.lv\/wp-content\/uploads\/2023\/11\/thermopad-foot-warmer-s_1.jpg\" \/>\n\t<meta property=\"og:image:width\" content=\"690\" \/>\n\t<meta property=\"og:image:height\" content=\"690\" \/>\n\t<meta property=\"og:image:type\" content=\"image\/jpeg\" \/>\n<meta name=\"twitter:card\" content=\"summary_large_image\" \/>\n<meta name=\"twitter:title\" content=\"Thermopad - Sild\u012bt\u0101ji un izdz\u012bvo\u0161ana -\" \/>\n<meta name=\"twitter:label1\" content=\"\u041f\u0440\u0438\u043c\u0435\u0440\u043d\u043e\u0435 \u0432\u0440\u0435\u043c\u044f \u0434\u043b\u044f \u0447\u0442\u0435\u043d\u0438\u044f\" \/>\n\t<meta name=\"twitter:data1\" content=\"1 \u043c\u0438\u043d\u0443\u0442\u0430\" \/>\n<script type=\"application\/ld+json\" class=\"yoast-schema-graph\">{\"@context\":\"https:\\\/\\\/schema.org\",\"@graph\":[{\"@type\":[\"WebPage\",\"ItemPage\"],\"@id\":\"https:\\\/\\\/gohike.lv\\\/ru\\\/produkts\\\/thermopad-pedu-zolites-silditajs\\\/\",\"url\":\"https:\\\/\\\/gohike.lv\\\/ru\\\/produkts\\\/thermopad-pedu-zolites-silditajs\\\/\",\"name\":\"Thermopad - P\u0113du zol\u012btes sild\u012bt\u0101js\",\"isPartOf\":{\"@id\":\"https:\\\/\\\/gohike.lv\\\/ru\\\/#website\"},\"primaryImageOfPage\":{\"@id\":\"https:\\\/\\\/gohike.lv\\\/ru\\\/produkts\\\/thermopad-pedu-zolites-silditajs\\\/#primaryimage\"},\"image\":{\"@id\":\"https:\\\/\\\/gohike.lv\\\/ru\\\/produkts\\\/thermopad-pedu-zolites-silditajs\\\/#primaryimage\"},\"thumbnailUrl\":\"https:\\\/\\\/gohike.lv\\\/wp-content\\\/uploads\\\/2023\\\/11\\\/thermopad-foot-warmer-s_1.jpg\",\"datePublished\":\"2024-05-09T14:40:10+00:00\",\"dateModified\":\"2026-01-30T16:55:16+00:00\",\"description\":\"P\u0113du sild\u012bt\u0101js nodro\u0161ina siltumu l\u012bdz pat 8 stund\u0101m. Visi termopadi ir klimatneitr\u0101li.\",\"breadcrumb\":{\"@id\":\"https:\\\/\\\/gohike.lv\\\/ru\\\/produkts\\\/thermopad-pedu-zolites-silditajs\\\/#breadcrumb\"},\"inLanguage\":\"ru-RU\",\"potentialAction\":[{\"@type\":\"ReadAction\",\"target\":[\"https:\\\/\\\/gohike.lv\\\/ru\\\/produkts\\\/thermopad-pedu-zolites-silditajs\\\/\"]}]},{\"@type\":\"ImageObject\",\"inLanguage\":\"ru-RU\",\"@id\":\"https:\\\/\\\/gohike.lv\\\/ru\\\/produkts\\\/thermopad-pedu-zolites-silditajs\\\/#primaryimage\",\"url\":\"https:\\\/\\\/gohike.lv\\\/wp-content\\\/uploads\\\/2023\\\/11\\\/thermopad-foot-warmer-s_1.jpg\",\"contentUrl\":\"https:\\\/\\\/gohike.lv\\\/wp-content\\\/uploads\\\/2023\\\/11\\\/thermopad-foot-warmer-s_1.jpg\",\"width\":690,\"height\":690},{\"@type\":\"BreadcrumbList\",\"@id\":\"https:\\\/\\\/gohike.lv\\\/ru\\\/produkts\\\/thermopad-pedu-zolites-silditajs\\\/#breadcrumb\",\"itemListElement\":[{\"@type\":\"ListItem\",\"position\":1,\"name\":\"\u0413\u043b\u0430\u0432\u043d\u0430\u044f\",\"item\":\"https:\\\/\\\/gohike.lv\\\/ru\\\/\"},{\"@type\":\"ListItem\",\"position\":2,\"name\":\"\u041a\u0430\u0442\u0435\u0433\u043e\u0440\u0438\u0438 \u0442\u043e\u0432\u0430\u0440\u043e\u0432\",\"item\":\"https:\\\/\\\/gohike.lv\\\/%d0%ba%d0%b0%d1%82%d0%b5%d0%b3%d0%be%d1%80%d0%b8%d0%b8-%d1%82%d0%be%d0%b2%d0%b0%d1%80%d0%be%d0%b2\\\/\"},{\"@type\":\"ListItem\",\"position\":3,\"name\":\"Thermopad &#8211; P\u0113du zol\u012btes sild\u012bt\u0101js\"}]},{\"@type\":\"WebSite\",\"@id\":\"https:\\\/\\\/gohike.lv\\\/ru\\\/#website\",\"url\":\"https:\\\/\\\/gohike.lv\\\/ru\\\/\",\"name\":\"GoHike\",\"description\":\"\",\"publisher\":{\"@id\":\"https:\\\/\\\/gohike.lv\\\/ru\\\/#organization\"},\"potentialAction\":[{\"@type\":\"SearchAction\",\"target\":{\"@type\":\"EntryPoint\",\"urlTemplate\":\"https:\\\/\\\/gohike.lv\\\/ru\\\/?s={search_term_string}\"},\"query-input\":{\"@type\":\"PropertyValueSpecification\",\"valueRequired\":true,\"valueName\":\"search_term_string\"}}],\"inLanguage\":\"ru-RU\"},{\"@type\":\"Organization\",\"@id\":\"https:\\\/\\\/gohike.lv\\\/ru\\\/#organization\",\"name\":\"GoHike\",\"url\":\"https:\\\/\\\/gohike.lv\\\/ru\\\/\",\"logo\":{\"@type\":\"ImageObject\",\"inLanguage\":\"ru-RU\",\"@id\":\"https:\\\/\\\/gohike.lv\\\/ru\\\/#\\\/schema\\\/logo\\\/image\\\/\",\"url\":\"https:\\\/\\\/gohike.lv\\\/wp-content\\\/uploads\\\/2023\\\/08\\\/Logo_GoHike.webp\",\"contentUrl\":\"https:\\\/\\\/gohike.lv\\\/wp-content\\\/uploads\\\/2023\\\/08\\\/Logo_GoHike.webp\",\"width\":512,\"height\":512,\"caption\":\"GoHike\"},\"image\":{\"@id\":\"https:\\\/\\\/gohike.lv\\\/ru\\\/#\\\/schema\\\/logo\\\/image\\\/\"},\"sameAs\":[\"https:\\\/\\\/www.facebook.com\\\/gohike.shop\\\/\",\"https:\\\/\\\/www.instagram.com\\\/gohike.shop\\\/\"]}]}<\/script>\n<!-- \/ Yoast SEO plugin. -->","yoast_head_json":{"title":"Thermopad - P\u0113du zol\u012btes sild\u012bt\u0101js","description":"P\u0113du sild\u012bt\u0101js nodro\u0161ina siltumu l\u012bdz pat 8 stund\u0101m. Visi termopadi ir klimatneitr\u0101li.","robots":{"index":"index","follow":"follow","max-snippet":"max-snippet:-1","max-image-preview":"max-image-preview:large","max-video-preview":"max-video-preview:-1"},"canonical":"https:\/\/gohike.lv\/ru\/produkts\/thermopad-pedu-zolites-silditajs\/","og_locale":"ru_RU","og_type":"article","og_title":"Thermopad - Sild\u012bt\u0101ji un izdz\u012bvo\u0161ana -","og_description":"P\u0113du sild\u012bt\u0101js nodro\u0161ina siltumu l\u012bdz pat 8 stund\u0101m. Visi termopadi ir klimatneitr\u0101li.","og_url":"https:\/\/gohike.lv\/ru\/produkts\/thermopad-pedu-zolites-silditajs\/","og_site_name":"GoHike","article_publisher":"https:\/\/www.facebook.com\/gohike.shop\/","article_modified_time":"2026-01-30T16:55:16+00:00","og_image":[{"width":690,"height":690,"url":"https:\/\/gohike.lv\/wp-content\/uploads\/2023\/11\/thermopad-foot-warmer-s_1.jpg","type":"image\/jpeg"}],"twitter_card":"summary_large_image","twitter_title":"Thermopad - Sild\u012bt\u0101ji un izdz\u012bvo\u0161ana -","twitter_misc":{"\u041f\u0440\u0438\u043c\u0435\u0440\u043d\u043e\u0435 \u0432\u0440\u0435\u043c\u044f \u0434\u043b\u044f \u0447\u0442\u0435\u043d\u0438\u044f":"1 \u043c\u0438\u043d\u0443\u0442\u0430"},"schema":{"@context":"https:\/\/schema.org","@graph":[{"@type":["WebPage","ItemPage"],"@id":"https:\/\/gohike.lv\/ru\/produkts\/thermopad-pedu-zolites-silditajs\/","url":"https:\/\/gohike.lv\/ru\/produkts\/thermopad-pedu-zolites-silditajs\/","name":"Thermopad - P\u0113du zol\u012btes sild\u012bt\u0101js","isPartOf":{"@id":"https:\/\/gohike.lv\/ru\/#website"},"primaryImageOfPage":{"@id":"https:\/\/gohike.lv\/ru\/produkts\/thermopad-pedu-zolites-silditajs\/#primaryimage"},"image":{"@id":"https:\/\/gohike.lv\/ru\/produkts\/thermopad-pedu-zolites-silditajs\/#primaryimage"},"thumbnailUrl":"https:\/\/gohike.lv\/wp-content\/uploads\/2023\/11\/thermopad-foot-warmer-s_1.jpg","datePublished":"2024-05-09T14:40:10+00:00","dateModified":"2026-01-30T16:55:16+00:00","description":"P\u0113du sild\u012bt\u0101js nodro\u0161ina siltumu l\u012bdz pat 8 stund\u0101m. Visi termopadi ir klimatneitr\u0101li.","breadcrumb":{"@id":"https:\/\/gohike.lv\/ru\/produkts\/thermopad-pedu-zolites-silditajs\/#breadcrumb"},"inLanguage":"ru-RU","potentialAction":[{"@type":"ReadAction","target":["https:\/\/gohike.lv\/ru\/produkts\/thermopad-pedu-zolites-silditajs\/"]}]},{"@type":"ImageObject","inLanguage":"ru-RU","@id":"https:\/\/gohike.lv\/ru\/produkts\/thermopad-pedu-zolites-silditajs\/#primaryimage","url":"https:\/\/gohike.lv\/wp-content\/uploads\/2023\/11\/thermopad-foot-warmer-s_1.jpg","contentUrl":"https:\/\/gohike.lv\/wp-content\/uploads\/2023\/11\/thermopad-foot-warmer-s_1.jpg","width":690,"height":690},{"@type":"BreadcrumbList","@id":"https:\/\/gohike.lv\/ru\/produkts\/thermopad-pedu-zolites-silditajs\/#breadcrumb","itemListElement":[{"@type":"ListItem","position":1,"name":"\u0413\u043b\u0430\u0432\u043d\u0430\u044f","item":"https:\/\/gohike.lv\/ru\/"},{"@type":"ListItem","position":2,"name":"\u041a\u0430\u0442\u0435\u0433\u043e\u0440\u0438\u0438 \u0442\u043e\u0432\u0430\u0440\u043e\u0432","item":"https:\/\/gohike.lv\/%d0%ba%d0%b0%d1%82%d0%b5%d0%b3%d0%be%d1%80%d0%b8%d0%b8-%d1%82%d0%be%d0%b2%d0%b0%d1%80%d0%be%d0%b2\/"},{"@type":"ListItem","position":3,"name":"Thermopad &#8211; P\u0113du zol\u012btes sild\u012bt\u0101js"}]},{"@type":"WebSite","@id":"https:\/\/gohike.lv\/ru\/#website","url":"https:\/\/gohike.lv\/ru\/","name":"GoHike","description":"","publisher":{"@id":"https:\/\/gohike.lv\/ru\/#organization"},"potentialAction":[{"@type":"SearchAction","target":{"@type":"EntryPoint","urlTemplate":"https:\/\/gohike.lv\/ru\/?s={search_term_string}"},"query-input":{"@type":"PropertyValueSpecification","valueRequired":true,"valueName":"search_term_string"}}],"inLanguage":"ru-RU"},{"@type":"Organization","@id":"https:\/\/gohike.lv\/ru\/#organization","name":"GoHike","url":"https:\/\/gohike.lv\/ru\/","logo":{"@type":"ImageObject","inLanguage":"ru-RU","@id":"https:\/\/gohike.lv\/ru\/#\/schema\/logo\/image\/","url":"https:\/\/gohike.lv\/wp-content\/uploads\/2023\/08\/Logo_GoHike.webp","contentUrl":"https:\/\/gohike.lv\/wp-content\/uploads\/2023\/08\/Logo_GoHike.webp","width":512,"height":512,"caption":"GoHike"},"image":{"@id":"https:\/\/gohike.lv\/ru\/#\/schema\/logo\/image\/"},"sameAs":["https:\/\/www.facebook.com\/gohike.shop\/","https:\/\/www.instagram.com\/gohike.shop\/"]}]}},"jetpack_sharing_enabled":true,"_links":{"self":[{"href":"https:\/\/gohike.lv\/ru\/wp-json\/wp\/v2\/product\/53893","targetHints":{"allow":["GET"]}}],"collection":[{"href":"https:\/\/gohike.lv\/ru\/wp-json\/wp\/v2\/product"}],"about":[{"href":"https:\/\/gohike.lv\/ru\/wp-json\/wp\/v2\/types\/product"}],"version-history":[{"count":0,"href":"https:\/\/gohike.lv\/ru\/wp-json\/wp\/v2\/product\/53893\/revisions"}],"wp:featuredmedia":[{"embeddable":true,"href":"https:\/\/gohike.lv\/ru\/wp-json\/wp\/v2\/media\/9642"}],"wp:attachment":[{"href":"https:\/\/gohike.lv\/ru\/wp-json\/wp\/v2\/media?parent=53893"}],"wp:term":[{"taxonomy":"product_brand","embeddable":true,"href":"https:\/\/gohike.lv\/ru\/wp-json\/wp\/v2\/product_brand?post=53893"},{"taxonomy":"product_cat","embeddable":true,"href":"https:\/\/gohike.lv\/ru\/wp-json\/wp\/v2\/product_cat?post=53893"},{"taxonomy":"product_tag","embeddable":true,"href":"https:\/\/gohike.lv\/ru\/wp-json\/wp\/v2\/product_tag?post=53893"}],"curies":[{"name":"wp","href":"https:\/\/api.w.org\/{rel}","templated":true}]}}