{"id":53873,"date":"2024-05-09T17:34:05","date_gmt":"2024-05-09T14:34:05","guid":{"rendered":"https:\/\/gohike.lv\/produkts\/tualetes-piederumu-soma-zids\/"},"modified":"2025-12-30T17:10:19","modified_gmt":"2025-12-30T14:10:19","slug":"cocoon-tualetes-piederumu-soma-zids","status":"publish","type":"product","link":"https:\/\/gohike.lv\/ru\/produkts\/cocoon-tualetes-piederumu-soma-zids\/","title":{"rendered":"Cocoon &#8212; Kosm\u0113tikas soma no z\u012bda"},"content":{"rendered":"<p>Izgatavota no 100% z\u012bda ar \u016bdensnecaurlaid\u012bgu TPU lamin\u0113tu iek\u0161pusi.<\/p>\n","protected":false},"excerpt":{"rendered":"<p>Eleganta tualetes piederumu soma.<\/p>\n","protected":false},"featured_media":14563,"template":"","meta":[],"product_brand":[15062],"product_cat":[13249],"product_tag":[],"class_list":{"0":"post-53873","1":"product","2":"type-product","3":"status-publish","4":"has-post-thumbnail","6":"product_brand-cooon","7":"product_cat-13249","8":"pa_ietilpiba-2400ml","9":"pa_izmers-240-x-140-x-70mm","10":"pa_izmers-241-x-140-x-70mm","11":"pa_izmers-242-x-140-x-70mm","12":"pa_materiali-100-grezns-zids-ar-tpu-laminaciju-iekspuse","13":"pa_produkta-tips-14556","14":"pa_spalva-melns","15":"pa_spalva-peleks","16":"pa_spalva-zils","18":"first","19":"instock","20":"taxable","21":"shipping-taxable","22":"purchasable","23":"product-type-variable","24":"has-default-attributes"},"raw_content":{"name":"Cocoon - Kosm\u0113tikas soma no z\u012bda","description":"Izgatavota no 100% z\u012bda ar \u016bdensnecaurlaid\u012bgu TPU lamin\u0113tu iek\u0161pusi.","short_description":"Eleganta tualetes piederumu soma.","status":"publish","sku":"LFV013","original":53873},"wpml":{"translation_type":1,"has_translations":true,"original":53873,"duplicates":[],"translations":{"lv":53873,"en":67304,"ru":null}},"supplier_id":null,"supplier_sku":"","barcode":null,"atum_controlled":true,"out_stock_date":null,"out_stock_threshold":null,"inheritable":false,"inbound_stock":null,"stock_on_hold":0,"sold_today":0,"sales_last_days":0,"reserved_stock":null,"customer_returns":null,"warehouse_damage":null,"lost_in_post":null,"other_logs":null,"out_stock_days":0,"lost_sales":0,"has_location":null,"update_date":"2025-12-30T14:13:28","atum_locations":[],"atum_stock_status":"instock","restock_status":false,"low_stock_amount":"","sales_update_date":"2025-11-13T14:07:24","calc_backorders":null,"yoast_head":"<!-- This site is optimized with the Yoast SEO plugin v27.3 - https:\/\/yoast.com\/product\/yoast-seo-wordpress\/ -->\n<title>Cocoon - Kosm\u0113tikas soma no z\u012bda<\/title>\n<meta name=\"description\" content=\"Eleganta tualetes piederumu soma. Izgatavota no 100% z\u012bda ar \u016bdensnecaurlaid\u012bgu TPU lamin\u0113tu iek\u0161pusi.\" \/>\n<meta name=\"robots\" content=\"index, follow, max-snippet:-1, max-image-preview:large, max-video-preview:-1\" \/>\n<link rel=\"canonical\" href=\"https:\/\/gohike.lv\/ru\/produkts\/cocoon-tualetes-piederumu-soma-zids\/\" \/>\n<meta property=\"og:locale\" content=\"ru_RU\" \/>\n<meta property=\"og:type\" content=\"article\" \/>\n<meta property=\"og:title\" content=\"Cocoon - Higi\u0113na -\" \/>\n<meta property=\"og:description\" content=\"Eleganta tualetes piederumu soma. Izgatavota no 100% z\u012bda ar \u016bdensnecaurlaid\u012bgu TPU lamin\u0113tu iek\u0161pusi.\" \/>\n<meta property=\"og:url\" content=\"https:\/\/gohike.lv\/ru\/produkts\/cocoon-tualetes-piederumu-soma-zids\/\" \/>\n<meta property=\"og:site_name\" content=\"GoHike\" \/>\n<meta property=\"article:publisher\" content=\"https:\/\/www.facebook.com\/gohike.shop\/\" \/>\n<meta property=\"article:modified_time\" content=\"2025-12-30T14:10:19+00:00\" \/>\n<meta property=\"og:image\" content=\"https:\/\/gohike.lv\/wp-content\/uploads\/2024\/02\/white-toiletry_bag_silk_black.jpg\" \/>\n\t<meta property=\"og:image:width\" content=\"1202\" \/>\n\t<meta property=\"og:image:height\" content=\"1202\" \/>\n\t<meta property=\"og:image:type\" content=\"image\/jpeg\" \/>\n<meta name=\"twitter:card\" content=\"summary_large_image\" \/>\n<meta name=\"twitter:title\" content=\"Cocoon - Higi\u0113na -\" \/>\n<meta name=\"twitter:label1\" content=\"\u041f\u0440\u0438\u043c\u0435\u0440\u043d\u043e\u0435 \u0432\u0440\u0435\u043c\u044f \u0434\u043b\u044f \u0447\u0442\u0435\u043d\u0438\u044f\" \/>\n\t<meta name=\"twitter:data1\" content=\"1 \u043c\u0438\u043d\u0443\u0442\u0430\" \/>\n<script type=\"application\/ld+json\" class=\"yoast-schema-graph\">{\"@context\":\"https:\\\/\\\/schema.org\",\"@graph\":[{\"@type\":[\"WebPage\",\"ItemPage\"],\"@id\":\"https:\\\/\\\/gohike.lv\\\/ru\\\/produkts\\\/cocoon-tualetes-piederumu-soma-zids\\\/\",\"url\":\"https:\\\/\\\/gohike.lv\\\/ru\\\/produkts\\\/cocoon-tualetes-piederumu-soma-zids\\\/\",\"name\":\"Cocoon - Kosm\u0113tikas soma no z\u012bda\",\"isPartOf\":{\"@id\":\"https:\\\/\\\/gohike.lv\\\/ru\\\/#website\"},\"primaryImageOfPage\":{\"@id\":\"https:\\\/\\\/gohike.lv\\\/ru\\\/produkts\\\/cocoon-tualetes-piederumu-soma-zids\\\/#primaryimage\"},\"image\":{\"@id\":\"https:\\\/\\\/gohike.lv\\\/ru\\\/produkts\\\/cocoon-tualetes-piederumu-soma-zids\\\/#primaryimage\"},\"thumbnailUrl\":\"https:\\\/\\\/gohike.lv\\\/wp-content\\\/uploads\\\/2024\\\/02\\\/white-toiletry_bag_silk_black.jpg\",\"datePublished\":\"2024-05-09T14:34:05+00:00\",\"dateModified\":\"2025-12-30T14:10:19+00:00\",\"description\":\"Eleganta tualetes piederumu soma. Izgatavota no 100% z\u012bda ar \u016bdensnecaurlaid\u012bgu TPU lamin\u0113tu iek\u0161pusi.\",\"breadcrumb\":{\"@id\":\"https:\\\/\\\/gohike.lv\\\/ru\\\/produkts\\\/cocoon-tualetes-piederumu-soma-zids\\\/#breadcrumb\"},\"inLanguage\":\"ru-RU\",\"potentialAction\":[{\"@type\":\"ReadAction\",\"target\":[\"https:\\\/\\\/gohike.lv\\\/ru\\\/produkts\\\/cocoon-tualetes-piederumu-soma-zids\\\/\"]}]},{\"@type\":\"ImageObject\",\"inLanguage\":\"ru-RU\",\"@id\":\"https:\\\/\\\/gohike.lv\\\/ru\\\/produkts\\\/cocoon-tualetes-piederumu-soma-zids\\\/#primaryimage\",\"url\":\"https:\\\/\\\/gohike.lv\\\/wp-content\\\/uploads\\\/2024\\\/02\\\/white-toiletry_bag_silk_black.jpg\",\"contentUrl\":\"https:\\\/\\\/gohike.lv\\\/wp-content\\\/uploads\\\/2024\\\/02\\\/white-toiletry_bag_silk_black.jpg\",\"width\":1202,\"height\":1202},{\"@type\":\"BreadcrumbList\",\"@id\":\"https:\\\/\\\/gohike.lv\\\/ru\\\/produkts\\\/cocoon-tualetes-piederumu-soma-zids\\\/#breadcrumb\",\"itemListElement\":[{\"@type\":\"ListItem\",\"position\":1,\"name\":\"\u0413\u043b\u0430\u0432\u043d\u0430\u044f\",\"item\":\"https:\\\/\\\/gohike.lv\\\/ru\\\/\"},{\"@type\":\"ListItem\",\"position\":2,\"name\":\"\u041a\u0430\u0442\u0435\u0433\u043e\u0440\u0438\u0438 \u0442\u043e\u0432\u0430\u0440\u043e\u0432\",\"item\":\"https:\\\/\\\/gohike.lv\\\/%d0%ba%d0%b0%d1%82%d0%b5%d0%b3%d0%be%d1%80%d0%b8%d0%b8-%d1%82%d0%be%d0%b2%d0%b0%d1%80%d0%be%d0%b2\\\/\"},{\"@type\":\"ListItem\",\"position\":3,\"name\":\"Cocoon &#8211; Kosm\u0113tikas soma no z\u012bda\"}]},{\"@type\":\"WebSite\",\"@id\":\"https:\\\/\\\/gohike.lv\\\/ru\\\/#website\",\"url\":\"https:\\\/\\\/gohike.lv\\\/ru\\\/\",\"name\":\"GoHike\",\"description\":\"\",\"publisher\":{\"@id\":\"https:\\\/\\\/gohike.lv\\\/ru\\\/#organization\"},\"potentialAction\":[{\"@type\":\"SearchAction\",\"target\":{\"@type\":\"EntryPoint\",\"urlTemplate\":\"https:\\\/\\\/gohike.lv\\\/ru\\\/?s={search_term_string}\"},\"query-input\":{\"@type\":\"PropertyValueSpecification\",\"valueRequired\":true,\"valueName\":\"search_term_string\"}}],\"inLanguage\":\"ru-RU\"},{\"@type\":\"Organization\",\"@id\":\"https:\\\/\\\/gohike.lv\\\/ru\\\/#organization\",\"name\":\"GoHike\",\"url\":\"https:\\\/\\\/gohike.lv\\\/ru\\\/\",\"logo\":{\"@type\":\"ImageObject\",\"inLanguage\":\"ru-RU\",\"@id\":\"https:\\\/\\\/gohike.lv\\\/ru\\\/#\\\/schema\\\/logo\\\/image\\\/\",\"url\":\"https:\\\/\\\/gohike.lv\\\/wp-content\\\/uploads\\\/2023\\\/08\\\/Logo_GoHike.webp\",\"contentUrl\":\"https:\\\/\\\/gohike.lv\\\/wp-content\\\/uploads\\\/2023\\\/08\\\/Logo_GoHike.webp\",\"width\":512,\"height\":512,\"caption\":\"GoHike\"},\"image\":{\"@id\":\"https:\\\/\\\/gohike.lv\\\/ru\\\/#\\\/schema\\\/logo\\\/image\\\/\"},\"sameAs\":[\"https:\\\/\\\/www.facebook.com\\\/gohike.shop\\\/\",\"https:\\\/\\\/www.instagram.com\\\/gohike.shop\\\/\"]}]}<\/script>\n<!-- \/ Yoast SEO plugin. -->","yoast_head_json":{"title":"Cocoon - Kosm\u0113tikas soma no z\u012bda","description":"Eleganta tualetes piederumu soma. Izgatavota no 100% z\u012bda ar \u016bdensnecaurlaid\u012bgu TPU lamin\u0113tu iek\u0161pusi.","robots":{"index":"index","follow":"follow","max-snippet":"max-snippet:-1","max-image-preview":"max-image-preview:large","max-video-preview":"max-video-preview:-1"},"canonical":"https:\/\/gohike.lv\/ru\/produkts\/cocoon-tualetes-piederumu-soma-zids\/","og_locale":"ru_RU","og_type":"article","og_title":"Cocoon - Higi\u0113na -","og_description":"Eleganta tualetes piederumu soma. Izgatavota no 100% z\u012bda ar \u016bdensnecaurlaid\u012bgu TPU lamin\u0113tu iek\u0161pusi.","og_url":"https:\/\/gohike.lv\/ru\/produkts\/cocoon-tualetes-piederumu-soma-zids\/","og_site_name":"GoHike","article_publisher":"https:\/\/www.facebook.com\/gohike.shop\/","article_modified_time":"2025-12-30T14:10:19+00:00","og_image":[{"width":1202,"height":1202,"url":"https:\/\/gohike.lv\/wp-content\/uploads\/2024\/02\/white-toiletry_bag_silk_black.jpg","type":"image\/jpeg"}],"twitter_card":"summary_large_image","twitter_title":"Cocoon - Higi\u0113na -","twitter_misc":{"\u041f\u0440\u0438\u043c\u0435\u0440\u043d\u043e\u0435 \u0432\u0440\u0435\u043c\u044f \u0434\u043b\u044f \u0447\u0442\u0435\u043d\u0438\u044f":"1 \u043c\u0438\u043d\u0443\u0442\u0430"},"schema":{"@context":"https:\/\/schema.org","@graph":[{"@type":["WebPage","ItemPage"],"@id":"https:\/\/gohike.lv\/ru\/produkts\/cocoon-tualetes-piederumu-soma-zids\/","url":"https:\/\/gohike.lv\/ru\/produkts\/cocoon-tualetes-piederumu-soma-zids\/","name":"Cocoon - Kosm\u0113tikas soma no z\u012bda","isPartOf":{"@id":"https:\/\/gohike.lv\/ru\/#website"},"primaryImageOfPage":{"@id":"https:\/\/gohike.lv\/ru\/produkts\/cocoon-tualetes-piederumu-soma-zids\/#primaryimage"},"image":{"@id":"https:\/\/gohike.lv\/ru\/produkts\/cocoon-tualetes-piederumu-soma-zids\/#primaryimage"},"thumbnailUrl":"https:\/\/gohike.lv\/wp-content\/uploads\/2024\/02\/white-toiletry_bag_silk_black.jpg","datePublished":"2024-05-09T14:34:05+00:00","dateModified":"2025-12-30T14:10:19+00:00","description":"Eleganta tualetes piederumu soma. Izgatavota no 100% z\u012bda ar \u016bdensnecaurlaid\u012bgu TPU lamin\u0113tu iek\u0161pusi.","breadcrumb":{"@id":"https:\/\/gohike.lv\/ru\/produkts\/cocoon-tualetes-piederumu-soma-zids\/#breadcrumb"},"inLanguage":"ru-RU","potentialAction":[{"@type":"ReadAction","target":["https:\/\/gohike.lv\/ru\/produkts\/cocoon-tualetes-piederumu-soma-zids\/"]}]},{"@type":"ImageObject","inLanguage":"ru-RU","@id":"https:\/\/gohike.lv\/ru\/produkts\/cocoon-tualetes-piederumu-soma-zids\/#primaryimage","url":"https:\/\/gohike.lv\/wp-content\/uploads\/2024\/02\/white-toiletry_bag_silk_black.jpg","contentUrl":"https:\/\/gohike.lv\/wp-content\/uploads\/2024\/02\/white-toiletry_bag_silk_black.jpg","width":1202,"height":1202},{"@type":"BreadcrumbList","@id":"https:\/\/gohike.lv\/ru\/produkts\/cocoon-tualetes-piederumu-soma-zids\/#breadcrumb","itemListElement":[{"@type":"ListItem","position":1,"name":"\u0413\u043b\u0430\u0432\u043d\u0430\u044f","item":"https:\/\/gohike.lv\/ru\/"},{"@type":"ListItem","position":2,"name":"\u041a\u0430\u0442\u0435\u0433\u043e\u0440\u0438\u0438 \u0442\u043e\u0432\u0430\u0440\u043e\u0432","item":"https:\/\/gohike.lv\/%d0%ba%d0%b0%d1%82%d0%b5%d0%b3%d0%be%d1%80%d0%b8%d0%b8-%d1%82%d0%be%d0%b2%d0%b0%d1%80%d0%be%d0%b2\/"},{"@type":"ListItem","position":3,"name":"Cocoon &#8211; Kosm\u0113tikas soma no z\u012bda"}]},{"@type":"WebSite","@id":"https:\/\/gohike.lv\/ru\/#website","url":"https:\/\/gohike.lv\/ru\/","name":"GoHike","description":"","publisher":{"@id":"https:\/\/gohike.lv\/ru\/#organization"},"potentialAction":[{"@type":"SearchAction","target":{"@type":"EntryPoint","urlTemplate":"https:\/\/gohike.lv\/ru\/?s={search_term_string}"},"query-input":{"@type":"PropertyValueSpecification","valueRequired":true,"valueName":"search_term_string"}}],"inLanguage":"ru-RU"},{"@type":"Organization","@id":"https:\/\/gohike.lv\/ru\/#organization","name":"GoHike","url":"https:\/\/gohike.lv\/ru\/","logo":{"@type":"ImageObject","inLanguage":"ru-RU","@id":"https:\/\/gohike.lv\/ru\/#\/schema\/logo\/image\/","url":"https:\/\/gohike.lv\/wp-content\/uploads\/2023\/08\/Logo_GoHike.webp","contentUrl":"https:\/\/gohike.lv\/wp-content\/uploads\/2023\/08\/Logo_GoHike.webp","width":512,"height":512,"caption":"GoHike"},"image":{"@id":"https:\/\/gohike.lv\/ru\/#\/schema\/logo\/image\/"},"sameAs":["https:\/\/www.facebook.com\/gohike.shop\/","https:\/\/www.instagram.com\/gohike.shop\/"]}]}},"jetpack_sharing_enabled":true,"_links":{"self":[{"href":"https:\/\/gohike.lv\/ru\/wp-json\/wp\/v2\/product\/53873","targetHints":{"allow":["GET"]}}],"collection":[{"href":"https:\/\/gohike.lv\/ru\/wp-json\/wp\/v2\/product"}],"about":[{"href":"https:\/\/gohike.lv\/ru\/wp-json\/wp\/v2\/types\/product"}],"version-history":[{"count":0,"href":"https:\/\/gohike.lv\/ru\/wp-json\/wp\/v2\/product\/53873\/revisions"}],"wp:featuredmedia":[{"embeddable":true,"href":"https:\/\/gohike.lv\/ru\/wp-json\/wp\/v2\/media\/14563"}],"wp:attachment":[{"href":"https:\/\/gohike.lv\/ru\/wp-json\/wp\/v2\/media?parent=53873"}],"wp:term":[{"taxonomy":"product_brand","embeddable":true,"href":"https:\/\/gohike.lv\/ru\/wp-json\/wp\/v2\/product_brand?post=53873"},{"taxonomy":"product_cat","embeddable":true,"href":"https:\/\/gohike.lv\/ru\/wp-json\/wp\/v2\/product_cat?post=53873"},{"taxonomy":"product_tag","embeddable":true,"href":"https:\/\/gohike.lv\/ru\/wp-json\/wp\/v2\/product_tag?post=53873"}],"curies":[{"name":"wp","href":"https:\/\/api.w.org\/{rel}","templated":true}]}}