{"id":53867,"date":"2024-05-09T17:33:07","date_gmt":"2024-05-09T14:33:07","guid":{"rendered":"https:\/\/gohike.lv\/produkts\/ipasi-viegls-dvielis\/"},"modified":"2025-12-30T17:10:19","modified_gmt":"2025-12-30T14:10:19","slug":"cocoon-ipasi-viegls-dvielis","status":"publish","type":"product","link":"https:\/\/gohike.lv\/ru\/produkts\/cocoon-ipasi-viegls-dvielis\/","title":{"rendered":"Cocoon &#8212; \u012apa\u0161i viegls dvielis"},"content":{"rendered":"<p>Ir iepakots neliel\u0101 sieta maisi\u0146\u0101.<br \/>\nMazg\u0101t ve\u013cas ma\u0161\u012bn\u0101 (40\u00b0C).<br \/>\nNebalin\u0101t, negludin\u0101t un ne\u017e\u0101v\u0113t ve\u013cas \u017e\u0101v\u0113t\u0101j\u0101.<\/p>\n","protected":false},"excerpt":{"rendered":"<p>Viegls, \u0101tri \u017e\u016bsto\u0161s dvielis no m\u012bkstas mikro\u0161\u0137iedras. Uzs\u016bc \u016bden\u012b 4 reizes vair\u0101k par savu svaru.<\/p>\n","protected":false},"featured_media":14555,"template":"","meta":[],"product_brand":[15062],"product_cat":[1380],"product_tag":[],"class_list":{"0":"post-53867","1":"product","2":"type-product","3":"status-publish","4":"has-post-thumbnail","6":"product_brand-cooon","7":"product_cat-higiena","8":"pa_izmeriscm-9917","9":"pa_izmeriscm-9918","10":"pa_materiali-mikroskiedra-80-poliesters-20-neilons","11":"pa_produkta-tips-dvieli","12":"pa_produktu-izmers-m","13":"pa_produktu-izmers-s","14":"pa_saliktas-preces-izmerscm-12-55-5","15":"pa_saliktas-preces-izmerscm-9786","16":"pa_spalva-peleks","17":"pa_spalva-zals","19":"first","20":"outofstock","21":"taxable","22":"shipping-taxable","23":"purchasable","24":"product-type-variable","25":"has-default-attributes"},"raw_content":{"name":"Cocoon - \u012apa\u0161i viegls dvielis","description":"Ir iepakots neliel\u0101 sieta maisi\u0146\u0101.\nMazg\u0101t ve\u013cas ma\u0161\u012bn\u0101 (40\u00b0C).\nNebalin\u0101t, negludin\u0101t un ne\u017e\u0101v\u0113t ve\u013cas \u017e\u0101v\u0113t\u0101j\u0101.","short_description":"Viegls, \u0101tri \u017e\u016bsto\u0161s dvielis no m\u012bkstas mikro\u0161\u0137iedras. Uzs\u016bc \u016bden\u012b 4 reizes vair\u0101k par savu svaru.","status":"publish","sku":"LFV012","original":53867},"wpml":{"translation_type":1,"has_translations":true,"original":53867,"duplicates":[],"translations":{"lv":53867,"en":67599,"ru":null}},"supplier_id":null,"supplier_sku":"","barcode":null,"atum_controlled":true,"out_stock_date":null,"out_stock_threshold":null,"inheritable":false,"inbound_stock":0,"stock_on_hold":0,"sold_today":0,"sales_last_days":0,"reserved_stock":0,"customer_returns":0,"warehouse_damage":0,"lost_in_post":0,"other_logs":0,"out_stock_days":0,"lost_sales":0,"has_location":false,"update_date":"2025-12-30T14:13:28","atum_locations":[],"atum_stock_status":"outofstock","restock_status":false,"low_stock_amount":"","sales_update_date":"2025-11-13T14:07:24","calc_backorders":null,"yoast_head":"<!-- This site is optimized with the Yoast SEO plugin v27.3 - https:\/\/yoast.com\/product\/yoast-seo-wordpress\/ -->\n<title>Cocoon - \u012apa\u0161i viegls dvielis<\/title>\n<meta name=\"description\" content=\"Viegls, \u0101tri \u017e\u016bsto\u0161s dvielis no m\u012bkstas mikro\u0161\u0137iedras. Uzs\u016bc \u016bden\u012b 4 reizes vair\u0101k par savu svaru.\" \/>\n<meta name=\"robots\" content=\"index, follow, max-snippet:-1, max-image-preview:large, max-video-preview:-1\" \/>\n<link rel=\"canonical\" href=\"https:\/\/gohike.lv\/ru\/produkts\/cocoon-ipasi-viegls-dvielis\/\" \/>\n<meta property=\"og:locale\" content=\"ru_RU\" \/>\n<meta property=\"og:type\" content=\"article\" \/>\n<meta property=\"og:title\" content=\"Cocoon - Higi\u0113na -\" \/>\n<meta property=\"og:description\" content=\"Viegls, \u0101tri \u017e\u016bsto\u0161s dvielis no m\u012bkstas mikro\u0161\u0137iedras. Uzs\u016bc \u016bden\u012b 4 reizes vair\u0101k par savu svaru.\" \/>\n<meta property=\"og:url\" content=\"https:\/\/gohike.lv\/ru\/produkts\/cocoon-ipasi-viegls-dvielis\/\" \/>\n<meta property=\"og:site_name\" content=\"GoHike\" \/>\n<meta property=\"article:publisher\" content=\"https:\/\/www.facebook.com\/gohike.shop\/\" \/>\n<meta property=\"article:modified_time\" content=\"2025-12-30T14:10:19+00:00\" \/>\n<meta property=\"og:image\" content=\"https:\/\/gohike.lv\/wp-content\/uploads\/2024\/02\/white-towel_ultralight_wasabi.jpg\" \/>\n\t<meta property=\"og:image:width\" content=\"1202\" \/>\n\t<meta property=\"og:image:height\" content=\"1202\" \/>\n\t<meta property=\"og:image:type\" content=\"image\/jpeg\" \/>\n<meta name=\"twitter:card\" content=\"summary_large_image\" \/>\n<meta name=\"twitter:title\" content=\"Cocoon - Higi\u0113na -\" \/>\n<meta name=\"twitter:label1\" content=\"\u041f\u0440\u0438\u043c\u0435\u0440\u043d\u043e\u0435 \u0432\u0440\u0435\u043c\u044f \u0434\u043b\u044f \u0447\u0442\u0435\u043d\u0438\u044f\" \/>\n\t<meta name=\"twitter:data1\" content=\"1 \u043c\u0438\u043d\u0443\u0442\u0430\" \/>\n<script type=\"application\/ld+json\" class=\"yoast-schema-graph\">{\"@context\":\"https:\\\/\\\/schema.org\",\"@graph\":[{\"@type\":[\"WebPage\",\"ItemPage\"],\"@id\":\"https:\\\/\\\/gohike.lv\\\/ru\\\/produkts\\\/cocoon-ipasi-viegls-dvielis\\\/\",\"url\":\"https:\\\/\\\/gohike.lv\\\/ru\\\/produkts\\\/cocoon-ipasi-viegls-dvielis\\\/\",\"name\":\"Cocoon - \u012apa\u0161i viegls dvielis\",\"isPartOf\":{\"@id\":\"https:\\\/\\\/gohike.lv\\\/ru\\\/#website\"},\"primaryImageOfPage\":{\"@id\":\"https:\\\/\\\/gohike.lv\\\/ru\\\/produkts\\\/cocoon-ipasi-viegls-dvielis\\\/#primaryimage\"},\"image\":{\"@id\":\"https:\\\/\\\/gohike.lv\\\/ru\\\/produkts\\\/cocoon-ipasi-viegls-dvielis\\\/#primaryimage\"},\"thumbnailUrl\":\"https:\\\/\\\/gohike.lv\\\/wp-content\\\/uploads\\\/2024\\\/02\\\/white-towel_ultralight_wasabi.jpg\",\"datePublished\":\"2024-05-09T14:33:07+00:00\",\"dateModified\":\"2025-12-30T14:10:19+00:00\",\"description\":\"Viegls, \u0101tri \u017e\u016bsto\u0161s dvielis no m\u012bkstas mikro\u0161\u0137iedras. Uzs\u016bc \u016bden\u012b 4 reizes vair\u0101k par savu svaru.\",\"breadcrumb\":{\"@id\":\"https:\\\/\\\/gohike.lv\\\/ru\\\/produkts\\\/cocoon-ipasi-viegls-dvielis\\\/#breadcrumb\"},\"inLanguage\":\"ru-RU\",\"potentialAction\":[{\"@type\":\"ReadAction\",\"target\":[\"https:\\\/\\\/gohike.lv\\\/ru\\\/produkts\\\/cocoon-ipasi-viegls-dvielis\\\/\"]}]},{\"@type\":\"ImageObject\",\"inLanguage\":\"ru-RU\",\"@id\":\"https:\\\/\\\/gohike.lv\\\/ru\\\/produkts\\\/cocoon-ipasi-viegls-dvielis\\\/#primaryimage\",\"url\":\"https:\\\/\\\/gohike.lv\\\/wp-content\\\/uploads\\\/2024\\\/02\\\/white-towel_ultralight_wasabi.jpg\",\"contentUrl\":\"https:\\\/\\\/gohike.lv\\\/wp-content\\\/uploads\\\/2024\\\/02\\\/white-towel_ultralight_wasabi.jpg\",\"width\":1202,\"height\":1202},{\"@type\":\"BreadcrumbList\",\"@id\":\"https:\\\/\\\/gohike.lv\\\/ru\\\/produkts\\\/cocoon-ipasi-viegls-dvielis\\\/#breadcrumb\",\"itemListElement\":[{\"@type\":\"ListItem\",\"position\":1,\"name\":\"\u0413\u043b\u0430\u0432\u043d\u0430\u044f\",\"item\":\"https:\\\/\\\/gohike.lv\\\/ru\\\/\"},{\"@type\":\"ListItem\",\"position\":2,\"name\":\"\u041a\u0430\u0442\u0435\u0433\u043e\u0440\u0438\u0438 \u0442\u043e\u0432\u0430\u0440\u043e\u0432\",\"item\":\"https:\\\/\\\/gohike.lv\\\/%d0%ba%d0%b0%d1%82%d0%b5%d0%b3%d0%be%d1%80%d0%b8%d0%b8-%d1%82%d0%be%d0%b2%d0%b0%d1%80%d0%be%d0%b2\\\/\"},{\"@type\":\"ListItem\",\"position\":3,\"name\":\"Cocoon &#8211; \u012apa\u0161i viegls dvielis\"}]},{\"@type\":\"WebSite\",\"@id\":\"https:\\\/\\\/gohike.lv\\\/ru\\\/#website\",\"url\":\"https:\\\/\\\/gohike.lv\\\/ru\\\/\",\"name\":\"GoHike\",\"description\":\"\",\"publisher\":{\"@id\":\"https:\\\/\\\/gohike.lv\\\/ru\\\/#organization\"},\"potentialAction\":[{\"@type\":\"SearchAction\",\"target\":{\"@type\":\"EntryPoint\",\"urlTemplate\":\"https:\\\/\\\/gohike.lv\\\/ru\\\/?s={search_term_string}\"},\"query-input\":{\"@type\":\"PropertyValueSpecification\",\"valueRequired\":true,\"valueName\":\"search_term_string\"}}],\"inLanguage\":\"ru-RU\"},{\"@type\":\"Organization\",\"@id\":\"https:\\\/\\\/gohike.lv\\\/ru\\\/#organization\",\"name\":\"GoHike\",\"url\":\"https:\\\/\\\/gohike.lv\\\/ru\\\/\",\"logo\":{\"@type\":\"ImageObject\",\"inLanguage\":\"ru-RU\",\"@id\":\"https:\\\/\\\/gohike.lv\\\/ru\\\/#\\\/schema\\\/logo\\\/image\\\/\",\"url\":\"https:\\\/\\\/gohike.lv\\\/wp-content\\\/uploads\\\/2023\\\/08\\\/Logo_GoHike.webp\",\"contentUrl\":\"https:\\\/\\\/gohike.lv\\\/wp-content\\\/uploads\\\/2023\\\/08\\\/Logo_GoHike.webp\",\"width\":512,\"height\":512,\"caption\":\"GoHike\"},\"image\":{\"@id\":\"https:\\\/\\\/gohike.lv\\\/ru\\\/#\\\/schema\\\/logo\\\/image\\\/\"},\"sameAs\":[\"https:\\\/\\\/www.facebook.com\\\/gohike.shop\\\/\",\"https:\\\/\\\/www.instagram.com\\\/gohike.shop\\\/\"]}]}<\/script>\n<!-- \/ Yoast SEO plugin. -->","yoast_head_json":{"title":"Cocoon - \u012apa\u0161i viegls dvielis","description":"Viegls, \u0101tri \u017e\u016bsto\u0161s dvielis no m\u012bkstas mikro\u0161\u0137iedras. Uzs\u016bc \u016bden\u012b 4 reizes vair\u0101k par savu svaru.","robots":{"index":"index","follow":"follow","max-snippet":"max-snippet:-1","max-image-preview":"max-image-preview:large","max-video-preview":"max-video-preview:-1"},"canonical":"https:\/\/gohike.lv\/ru\/produkts\/cocoon-ipasi-viegls-dvielis\/","og_locale":"ru_RU","og_type":"article","og_title":"Cocoon - Higi\u0113na -","og_description":"Viegls, \u0101tri \u017e\u016bsto\u0161s dvielis no m\u012bkstas mikro\u0161\u0137iedras. Uzs\u016bc \u016bden\u012b 4 reizes vair\u0101k par savu svaru.","og_url":"https:\/\/gohike.lv\/ru\/produkts\/cocoon-ipasi-viegls-dvielis\/","og_site_name":"GoHike","article_publisher":"https:\/\/www.facebook.com\/gohike.shop\/","article_modified_time":"2025-12-30T14:10:19+00:00","og_image":[{"width":1202,"height":1202,"url":"https:\/\/gohike.lv\/wp-content\/uploads\/2024\/02\/white-towel_ultralight_wasabi.jpg","type":"image\/jpeg"}],"twitter_card":"summary_large_image","twitter_title":"Cocoon - Higi\u0113na -","twitter_misc":{"\u041f\u0440\u0438\u043c\u0435\u0440\u043d\u043e\u0435 \u0432\u0440\u0435\u043c\u044f \u0434\u043b\u044f \u0447\u0442\u0435\u043d\u0438\u044f":"1 \u043c\u0438\u043d\u0443\u0442\u0430"},"schema":{"@context":"https:\/\/schema.org","@graph":[{"@type":["WebPage","ItemPage"],"@id":"https:\/\/gohike.lv\/ru\/produkts\/cocoon-ipasi-viegls-dvielis\/","url":"https:\/\/gohike.lv\/ru\/produkts\/cocoon-ipasi-viegls-dvielis\/","name":"Cocoon - \u012apa\u0161i viegls dvielis","isPartOf":{"@id":"https:\/\/gohike.lv\/ru\/#website"},"primaryImageOfPage":{"@id":"https:\/\/gohike.lv\/ru\/produkts\/cocoon-ipasi-viegls-dvielis\/#primaryimage"},"image":{"@id":"https:\/\/gohike.lv\/ru\/produkts\/cocoon-ipasi-viegls-dvielis\/#primaryimage"},"thumbnailUrl":"https:\/\/gohike.lv\/wp-content\/uploads\/2024\/02\/white-towel_ultralight_wasabi.jpg","datePublished":"2024-05-09T14:33:07+00:00","dateModified":"2025-12-30T14:10:19+00:00","description":"Viegls, \u0101tri \u017e\u016bsto\u0161s dvielis no m\u012bkstas mikro\u0161\u0137iedras. Uzs\u016bc \u016bden\u012b 4 reizes vair\u0101k par savu svaru.","breadcrumb":{"@id":"https:\/\/gohike.lv\/ru\/produkts\/cocoon-ipasi-viegls-dvielis\/#breadcrumb"},"inLanguage":"ru-RU","potentialAction":[{"@type":"ReadAction","target":["https:\/\/gohike.lv\/ru\/produkts\/cocoon-ipasi-viegls-dvielis\/"]}]},{"@type":"ImageObject","inLanguage":"ru-RU","@id":"https:\/\/gohike.lv\/ru\/produkts\/cocoon-ipasi-viegls-dvielis\/#primaryimage","url":"https:\/\/gohike.lv\/wp-content\/uploads\/2024\/02\/white-towel_ultralight_wasabi.jpg","contentUrl":"https:\/\/gohike.lv\/wp-content\/uploads\/2024\/02\/white-towel_ultralight_wasabi.jpg","width":1202,"height":1202},{"@type":"BreadcrumbList","@id":"https:\/\/gohike.lv\/ru\/produkts\/cocoon-ipasi-viegls-dvielis\/#breadcrumb","itemListElement":[{"@type":"ListItem","position":1,"name":"\u0413\u043b\u0430\u0432\u043d\u0430\u044f","item":"https:\/\/gohike.lv\/ru\/"},{"@type":"ListItem","position":2,"name":"\u041a\u0430\u0442\u0435\u0433\u043e\u0440\u0438\u0438 \u0442\u043e\u0432\u0430\u0440\u043e\u0432","item":"https:\/\/gohike.lv\/%d0%ba%d0%b0%d1%82%d0%b5%d0%b3%d0%be%d1%80%d0%b8%d0%b8-%d1%82%d0%be%d0%b2%d0%b0%d1%80%d0%be%d0%b2\/"},{"@type":"ListItem","position":3,"name":"Cocoon &#8211; \u012apa\u0161i viegls dvielis"}]},{"@type":"WebSite","@id":"https:\/\/gohike.lv\/ru\/#website","url":"https:\/\/gohike.lv\/ru\/","name":"GoHike","description":"","publisher":{"@id":"https:\/\/gohike.lv\/ru\/#organization"},"potentialAction":[{"@type":"SearchAction","target":{"@type":"EntryPoint","urlTemplate":"https:\/\/gohike.lv\/ru\/?s={search_term_string}"},"query-input":{"@type":"PropertyValueSpecification","valueRequired":true,"valueName":"search_term_string"}}],"inLanguage":"ru-RU"},{"@type":"Organization","@id":"https:\/\/gohike.lv\/ru\/#organization","name":"GoHike","url":"https:\/\/gohike.lv\/ru\/","logo":{"@type":"ImageObject","inLanguage":"ru-RU","@id":"https:\/\/gohike.lv\/ru\/#\/schema\/logo\/image\/","url":"https:\/\/gohike.lv\/wp-content\/uploads\/2023\/08\/Logo_GoHike.webp","contentUrl":"https:\/\/gohike.lv\/wp-content\/uploads\/2023\/08\/Logo_GoHike.webp","width":512,"height":512,"caption":"GoHike"},"image":{"@id":"https:\/\/gohike.lv\/ru\/#\/schema\/logo\/image\/"},"sameAs":["https:\/\/www.facebook.com\/gohike.shop\/","https:\/\/www.instagram.com\/gohike.shop\/"]}]}},"jetpack_sharing_enabled":true,"_links":{"self":[{"href":"https:\/\/gohike.lv\/ru\/wp-json\/wp\/v2\/product\/53867","targetHints":{"allow":["GET"]}}],"collection":[{"href":"https:\/\/gohike.lv\/ru\/wp-json\/wp\/v2\/product"}],"about":[{"href":"https:\/\/gohike.lv\/ru\/wp-json\/wp\/v2\/types\/product"}],"version-history":[{"count":0,"href":"https:\/\/gohike.lv\/ru\/wp-json\/wp\/v2\/product\/53867\/revisions"}],"wp:featuredmedia":[{"embeddable":true,"href":"https:\/\/gohike.lv\/ru\/wp-json\/wp\/v2\/media\/14555"}],"wp:attachment":[{"href":"https:\/\/gohike.lv\/ru\/wp-json\/wp\/v2\/media?parent=53867"}],"wp:term":[{"taxonomy":"product_brand","embeddable":true,"href":"https:\/\/gohike.lv\/ru\/wp-json\/wp\/v2\/product_brand?post=53867"},{"taxonomy":"product_cat","embeddable":true,"href":"https:\/\/gohike.lv\/ru\/wp-json\/wp\/v2\/product_cat?post=53867"},{"taxonomy":"product_tag","embeddable":true,"href":"https:\/\/gohike.lv\/ru\/wp-json\/wp\/v2\/product_tag?post=53867"}],"curies":[{"name":"wp","href":"https:\/\/api.w.org\/{rel}","templated":true}]}}