{"id":53854,"date":"2024-05-09T17:32:22","date_gmt":"2024-05-09T14:32:22","guid":{"rendered":"https:\/\/gohike.lv\/produkts\/rfid-bi-fold-maks\/"},"modified":"2026-01-02T07:20:22","modified_gmt":"2026-01-02T04:20:22","slug":"lifeventure-rfid-bi-fold-maks","status":"publish","type":"product","link":"https:\/\/gohike.lv\/ru\/produkts\/lifeventure-rfid-bi-fold-maks\/","title":{"rendered":"Lifeventure &#8212; RFID Bi-Fold maks"},"content":{"rendered":"<p>Izgatavots no vaskota audekla auduma, maks ir iztur\u012bgs, stil\u012bgs un viegls.<br \/>\nMaks pasarg\u0101 saturu no radiofrekvences identifik\u0101cijas (RFiD) las\u012bt\u0101jiem, apturot inform\u0101cijas p\u0101rraidi caur ni\u0137e\u013ca un vara p\u0101rkl\u0101juma poliestera audumu.<br \/>\nMaks ir izgatavots no otrreiz\u0113ji p\u0101rstr\u0101d\u0101ta neilona.<br \/>\nMakam ir 6 kar\u0161u kabatas, 1 kabata ar ID logu, 1 kabata banknot\u0113m un 1 \u0101r\u0113j\u0101 kabata mon\u0113t\u0101m ar r\u0101v\u0113jsl\u0113dz\u0113ju.<\/p>\n","protected":false},"excerpt":{"rendered":"<p>RFiD maks ir pl\u0101ns un kompakts.<\/p>\n","protected":false},"featured_media":9756,"template":"","meta":[],"product_brand":[1308],"product_cat":[1463],"product_tag":[],"class_list":{"0":"post-53854","1":"product","2":"type-product","3":"status-publish","4":"has-post-thumbnail","6":"product_brand-lifeventure-lv","7":"product_cat-somas-un-maki","8":"pa_izmeriscm-118-51-2","9":"pa_produkta-tips-maki","10":"pa_spalva-armijas-zals","11":"pa_spalva-peleks","12":"pa_spalva-violets","14":"first","15":"instock","16":"taxable","17":"shipping-taxable","18":"purchasable","19":"product-type-variable","20":"has-default-attributes"},"raw_content":{"name":"Lifeventure - RFID Bi-Fold maks","description":"Izgatavots no vaskota audekla auduma, maks ir iztur\u012bgs, stil\u012bgs un viegls.\nMaks pasarg\u0101 saturu no radiofrekvences identifik\u0101cijas (RFiD) las\u012bt\u0101jiem, apturot inform\u0101cijas p\u0101rraidi caur ni\u0137e\u013ca un vara p\u0101rkl\u0101juma poliestera audumu.\nMaks ir izgatavots no otrreiz\u0113ji p\u0101rstr\u0101d\u0101ta neilona.\nMakam ir 6 kar\u0161u kabatas, 1 kabata ar ID logu, 1 kabata banknot\u0113m un 1 \u0101r\u0113j\u0101 kabata mon\u0113t\u0101m ar r\u0101v\u0113jsl\u0113dz\u0113ju.","short_description":"RFiD maks ir pl\u0101ns un kompakts.","status":"publish","sku":"LFV009","original":53854},"wpml":{"translation_type":1,"has_translations":true,"original":53854,"duplicates":[],"translations":{"lv":53854,"en":67592,"ru":null}},"supplier_id":null,"supplier_sku":"","barcode":null,"atum_controlled":true,"out_stock_date":null,"out_stock_threshold":null,"inheritable":false,"inbound_stock":null,"stock_on_hold":0,"sold_today":0,"sales_last_days":0,"reserved_stock":null,"customer_returns":null,"warehouse_damage":null,"lost_in_post":null,"other_logs":null,"out_stock_days":0,"lost_sales":0,"has_location":null,"update_date":"2025-12-30T14:30:35","atum_locations":[],"atum_stock_status":"instock","restock_status":false,"low_stock_amount":"","sales_update_date":"2025-11-13T14:07:31","calc_backorders":null,"yoast_head":"<!-- This site is optimized with the Yoast SEO plugin v27.3 - https:\/\/yoast.com\/product\/yoast-seo-wordpress\/ -->\n<title>Lifeventure - RFID Bi-Fold maks<\/title>\n<meta name=\"description\" content=\"RFiD maks ir pl\u0101ns un kompakts. Izgatavots no vaskota audekla auduma, maks ir iztur\u012bgs, stil\u012bgs un viegls.\" \/>\n<meta name=\"robots\" content=\"index, follow, max-snippet:-1, max-image-preview:large, max-video-preview:-1\" \/>\n<link rel=\"canonical\" href=\"https:\/\/gohike.lv\/ru\/produkts\/lifeventure-rfid-bi-fold-maks\/\" \/>\n<meta property=\"og:locale\" content=\"ru_RU\" \/>\n<meta property=\"og:type\" content=\"article\" \/>\n<meta property=\"og:title\" content=\"Lifeventure - Somas un maki -\" \/>\n<meta property=\"og:description\" content=\"RFiD maks ir pl\u0101ns un kompakts. Izgatavots no vaskota audekla auduma, maks ir iztur\u012bgs, stil\u012bgs un viegls.\" \/>\n<meta property=\"og:url\" content=\"https:\/\/gohike.lv\/ru\/produkts\/lifeventure-rfid-bi-fold-maks\/\" \/>\n<meta property=\"og:site_name\" content=\"GoHike\" \/>\n<meta property=\"article:publisher\" content=\"https:\/\/www.facebook.com\/gohike.shop\/\" \/>\n<meta property=\"article:modified_time\" content=\"2026-01-02T04:20:22+00:00\" \/>\n<meta property=\"og:image\" content=\"https:\/\/gohike.lv\/wp-content\/uploads\/2023\/11\/rfid-bi-fold-wallet-grey.jpg\" \/>\n\t<meta property=\"og:image:width\" content=\"1100\" \/>\n\t<meta property=\"og:image:height\" content=\"1100\" \/>\n\t<meta property=\"og:image:type\" content=\"image\/jpeg\" \/>\n<meta name=\"twitter:card\" content=\"summary_large_image\" \/>\n<meta name=\"twitter:title\" content=\"Lifeventure - Somas un maki -\" \/>\n<meta name=\"twitter:label1\" content=\"\u041f\u0440\u0438\u043c\u0435\u0440\u043d\u043e\u0435 \u0432\u0440\u0435\u043c\u044f \u0434\u043b\u044f \u0447\u0442\u0435\u043d\u0438\u044f\" \/>\n\t<meta name=\"twitter:data1\" content=\"1 \u043c\u0438\u043d\u0443\u0442\u0430\" \/>\n<script type=\"application\/ld+json\" class=\"yoast-schema-graph\">{\"@context\":\"https:\\\/\\\/schema.org\",\"@graph\":[{\"@type\":[\"WebPage\",\"ItemPage\"],\"@id\":\"https:\\\/\\\/gohike.lv\\\/ru\\\/produkts\\\/lifeventure-rfid-bi-fold-maks\\\/\",\"url\":\"https:\\\/\\\/gohike.lv\\\/ru\\\/produkts\\\/lifeventure-rfid-bi-fold-maks\\\/\",\"name\":\"Lifeventure - RFID Bi-Fold maks\",\"isPartOf\":{\"@id\":\"https:\\\/\\\/gohike.lv\\\/ru\\\/#website\"},\"primaryImageOfPage\":{\"@id\":\"https:\\\/\\\/gohike.lv\\\/ru\\\/produkts\\\/lifeventure-rfid-bi-fold-maks\\\/#primaryimage\"},\"image\":{\"@id\":\"https:\\\/\\\/gohike.lv\\\/ru\\\/produkts\\\/lifeventure-rfid-bi-fold-maks\\\/#primaryimage\"},\"thumbnailUrl\":\"https:\\\/\\\/gohike.lv\\\/wp-content\\\/uploads\\\/2023\\\/11\\\/rfid-bi-fold-wallet-grey.jpg\",\"datePublished\":\"2024-05-09T14:32:22+00:00\",\"dateModified\":\"2026-01-02T04:20:22+00:00\",\"description\":\"RFiD maks ir pl\u0101ns un kompakts. Izgatavots no vaskota audekla auduma, maks ir iztur\u012bgs, stil\u012bgs un viegls.\",\"breadcrumb\":{\"@id\":\"https:\\\/\\\/gohike.lv\\\/ru\\\/produkts\\\/lifeventure-rfid-bi-fold-maks\\\/#breadcrumb\"},\"inLanguage\":\"ru-RU\",\"potentialAction\":[{\"@type\":\"ReadAction\",\"target\":[\"https:\\\/\\\/gohike.lv\\\/ru\\\/produkts\\\/lifeventure-rfid-bi-fold-maks\\\/\"]}]},{\"@type\":\"ImageObject\",\"inLanguage\":\"ru-RU\",\"@id\":\"https:\\\/\\\/gohike.lv\\\/ru\\\/produkts\\\/lifeventure-rfid-bi-fold-maks\\\/#primaryimage\",\"url\":\"https:\\\/\\\/gohike.lv\\\/wp-content\\\/uploads\\\/2023\\\/11\\\/rfid-bi-fold-wallet-grey.jpg\",\"contentUrl\":\"https:\\\/\\\/gohike.lv\\\/wp-content\\\/uploads\\\/2023\\\/11\\\/rfid-bi-fold-wallet-grey.jpg\",\"width\":1100,\"height\":1100},{\"@type\":\"BreadcrumbList\",\"@id\":\"https:\\\/\\\/gohike.lv\\\/ru\\\/produkts\\\/lifeventure-rfid-bi-fold-maks\\\/#breadcrumb\",\"itemListElement\":[{\"@type\":\"ListItem\",\"position\":1,\"name\":\"\u0413\u043b\u0430\u0432\u043d\u0430\u044f\",\"item\":\"https:\\\/\\\/gohike.lv\\\/ru\\\/\"},{\"@type\":\"ListItem\",\"position\":2,\"name\":\"\u041a\u0430\u0442\u0435\u0433\u043e\u0440\u0438\u0438 \u0442\u043e\u0432\u0430\u0440\u043e\u0432\",\"item\":\"https:\\\/\\\/gohike.lv\\\/%d0%ba%d0%b0%d1%82%d0%b5%d0%b3%d0%be%d1%80%d0%b8%d0%b8-%d1%82%d0%be%d0%b2%d0%b0%d1%80%d0%be%d0%b2\\\/\"},{\"@type\":\"ListItem\",\"position\":3,\"name\":\"Lifeventure &#8211; RFID Bi-Fold maks\"}]},{\"@type\":\"WebSite\",\"@id\":\"https:\\\/\\\/gohike.lv\\\/ru\\\/#website\",\"url\":\"https:\\\/\\\/gohike.lv\\\/ru\\\/\",\"name\":\"GoHike\",\"description\":\"\",\"publisher\":{\"@id\":\"https:\\\/\\\/gohike.lv\\\/ru\\\/#organization\"},\"potentialAction\":[{\"@type\":\"SearchAction\",\"target\":{\"@type\":\"EntryPoint\",\"urlTemplate\":\"https:\\\/\\\/gohike.lv\\\/ru\\\/?s={search_term_string}\"},\"query-input\":{\"@type\":\"PropertyValueSpecification\",\"valueRequired\":true,\"valueName\":\"search_term_string\"}}],\"inLanguage\":\"ru-RU\"},{\"@type\":\"Organization\",\"@id\":\"https:\\\/\\\/gohike.lv\\\/ru\\\/#organization\",\"name\":\"GoHike\",\"url\":\"https:\\\/\\\/gohike.lv\\\/ru\\\/\",\"logo\":{\"@type\":\"ImageObject\",\"inLanguage\":\"ru-RU\",\"@id\":\"https:\\\/\\\/gohike.lv\\\/ru\\\/#\\\/schema\\\/logo\\\/image\\\/\",\"url\":\"https:\\\/\\\/gohike.lv\\\/wp-content\\\/uploads\\\/2023\\\/08\\\/Logo_GoHike.webp\",\"contentUrl\":\"https:\\\/\\\/gohike.lv\\\/wp-content\\\/uploads\\\/2023\\\/08\\\/Logo_GoHike.webp\",\"width\":512,\"height\":512,\"caption\":\"GoHike\"},\"image\":{\"@id\":\"https:\\\/\\\/gohike.lv\\\/ru\\\/#\\\/schema\\\/logo\\\/image\\\/\"},\"sameAs\":[\"https:\\\/\\\/www.facebook.com\\\/gohike.shop\\\/\",\"https:\\\/\\\/www.instagram.com\\\/gohike.shop\\\/\"]}]}<\/script>\n<!-- \/ Yoast SEO plugin. -->","yoast_head_json":{"title":"Lifeventure - RFID Bi-Fold maks","description":"RFiD maks ir pl\u0101ns un kompakts. Izgatavots no vaskota audekla auduma, maks ir iztur\u012bgs, stil\u012bgs un viegls.","robots":{"index":"index","follow":"follow","max-snippet":"max-snippet:-1","max-image-preview":"max-image-preview:large","max-video-preview":"max-video-preview:-1"},"canonical":"https:\/\/gohike.lv\/ru\/produkts\/lifeventure-rfid-bi-fold-maks\/","og_locale":"ru_RU","og_type":"article","og_title":"Lifeventure - Somas un maki -","og_description":"RFiD maks ir pl\u0101ns un kompakts. Izgatavots no vaskota audekla auduma, maks ir iztur\u012bgs, stil\u012bgs un viegls.","og_url":"https:\/\/gohike.lv\/ru\/produkts\/lifeventure-rfid-bi-fold-maks\/","og_site_name":"GoHike","article_publisher":"https:\/\/www.facebook.com\/gohike.shop\/","article_modified_time":"2026-01-02T04:20:22+00:00","og_image":[{"width":1100,"height":1100,"url":"https:\/\/gohike.lv\/wp-content\/uploads\/2023\/11\/rfid-bi-fold-wallet-grey.jpg","type":"image\/jpeg"}],"twitter_card":"summary_large_image","twitter_title":"Lifeventure - Somas un maki -","twitter_misc":{"\u041f\u0440\u0438\u043c\u0435\u0440\u043d\u043e\u0435 \u0432\u0440\u0435\u043c\u044f \u0434\u043b\u044f \u0447\u0442\u0435\u043d\u0438\u044f":"1 \u043c\u0438\u043d\u0443\u0442\u0430"},"schema":{"@context":"https:\/\/schema.org","@graph":[{"@type":["WebPage","ItemPage"],"@id":"https:\/\/gohike.lv\/ru\/produkts\/lifeventure-rfid-bi-fold-maks\/","url":"https:\/\/gohike.lv\/ru\/produkts\/lifeventure-rfid-bi-fold-maks\/","name":"Lifeventure - RFID Bi-Fold maks","isPartOf":{"@id":"https:\/\/gohike.lv\/ru\/#website"},"primaryImageOfPage":{"@id":"https:\/\/gohike.lv\/ru\/produkts\/lifeventure-rfid-bi-fold-maks\/#primaryimage"},"image":{"@id":"https:\/\/gohike.lv\/ru\/produkts\/lifeventure-rfid-bi-fold-maks\/#primaryimage"},"thumbnailUrl":"https:\/\/gohike.lv\/wp-content\/uploads\/2023\/11\/rfid-bi-fold-wallet-grey.jpg","datePublished":"2024-05-09T14:32:22+00:00","dateModified":"2026-01-02T04:20:22+00:00","description":"RFiD maks ir pl\u0101ns un kompakts. Izgatavots no vaskota audekla auduma, maks ir iztur\u012bgs, stil\u012bgs un viegls.","breadcrumb":{"@id":"https:\/\/gohike.lv\/ru\/produkts\/lifeventure-rfid-bi-fold-maks\/#breadcrumb"},"inLanguage":"ru-RU","potentialAction":[{"@type":"ReadAction","target":["https:\/\/gohike.lv\/ru\/produkts\/lifeventure-rfid-bi-fold-maks\/"]}]},{"@type":"ImageObject","inLanguage":"ru-RU","@id":"https:\/\/gohike.lv\/ru\/produkts\/lifeventure-rfid-bi-fold-maks\/#primaryimage","url":"https:\/\/gohike.lv\/wp-content\/uploads\/2023\/11\/rfid-bi-fold-wallet-grey.jpg","contentUrl":"https:\/\/gohike.lv\/wp-content\/uploads\/2023\/11\/rfid-bi-fold-wallet-grey.jpg","width":1100,"height":1100},{"@type":"BreadcrumbList","@id":"https:\/\/gohike.lv\/ru\/produkts\/lifeventure-rfid-bi-fold-maks\/#breadcrumb","itemListElement":[{"@type":"ListItem","position":1,"name":"\u0413\u043b\u0430\u0432\u043d\u0430\u044f","item":"https:\/\/gohike.lv\/ru\/"},{"@type":"ListItem","position":2,"name":"\u041a\u0430\u0442\u0435\u0433\u043e\u0440\u0438\u0438 \u0442\u043e\u0432\u0430\u0440\u043e\u0432","item":"https:\/\/gohike.lv\/%d0%ba%d0%b0%d1%82%d0%b5%d0%b3%d0%be%d1%80%d0%b8%d0%b8-%d1%82%d0%be%d0%b2%d0%b0%d1%80%d0%be%d0%b2\/"},{"@type":"ListItem","position":3,"name":"Lifeventure &#8211; RFID Bi-Fold maks"}]},{"@type":"WebSite","@id":"https:\/\/gohike.lv\/ru\/#website","url":"https:\/\/gohike.lv\/ru\/","name":"GoHike","description":"","publisher":{"@id":"https:\/\/gohike.lv\/ru\/#organization"},"potentialAction":[{"@type":"SearchAction","target":{"@type":"EntryPoint","urlTemplate":"https:\/\/gohike.lv\/ru\/?s={search_term_string}"},"query-input":{"@type":"PropertyValueSpecification","valueRequired":true,"valueName":"search_term_string"}}],"inLanguage":"ru-RU"},{"@type":"Organization","@id":"https:\/\/gohike.lv\/ru\/#organization","name":"GoHike","url":"https:\/\/gohike.lv\/ru\/","logo":{"@type":"ImageObject","inLanguage":"ru-RU","@id":"https:\/\/gohike.lv\/ru\/#\/schema\/logo\/image\/","url":"https:\/\/gohike.lv\/wp-content\/uploads\/2023\/08\/Logo_GoHike.webp","contentUrl":"https:\/\/gohike.lv\/wp-content\/uploads\/2023\/08\/Logo_GoHike.webp","width":512,"height":512,"caption":"GoHike"},"image":{"@id":"https:\/\/gohike.lv\/ru\/#\/schema\/logo\/image\/"},"sameAs":["https:\/\/www.facebook.com\/gohike.shop\/","https:\/\/www.instagram.com\/gohike.shop\/"]}]}},"jetpack_sharing_enabled":true,"_links":{"self":[{"href":"https:\/\/gohike.lv\/ru\/wp-json\/wp\/v2\/product\/53854","targetHints":{"allow":["GET"]}}],"collection":[{"href":"https:\/\/gohike.lv\/ru\/wp-json\/wp\/v2\/product"}],"about":[{"href":"https:\/\/gohike.lv\/ru\/wp-json\/wp\/v2\/types\/product"}],"version-history":[{"count":0,"href":"https:\/\/gohike.lv\/ru\/wp-json\/wp\/v2\/product\/53854\/revisions"}],"wp:featuredmedia":[{"embeddable":true,"href":"https:\/\/gohike.lv\/ru\/wp-json\/wp\/v2\/media\/9756"}],"wp:attachment":[{"href":"https:\/\/gohike.lv\/ru\/wp-json\/wp\/v2\/media?parent=53854"}],"wp:term":[{"taxonomy":"product_brand","embeddable":true,"href":"https:\/\/gohike.lv\/ru\/wp-json\/wp\/v2\/product_brand?post=53854"},{"taxonomy":"product_cat","embeddable":true,"href":"https:\/\/gohike.lv\/ru\/wp-json\/wp\/v2\/product_cat?post=53854"},{"taxonomy":"product_tag","embeddable":true,"href":"https:\/\/gohike.lv\/ru\/wp-json\/wp\/v2\/product_tag?post=53854"}],"curies":[{"name":"wp","href":"https:\/\/api.w.org\/{rel}","templated":true}]}}