{"id":53794,"date":"2024-05-08T15:27:05","date_gmt":"2024-05-08T12:27:05","guid":{"rendered":"https:\/\/gohike.lv\/produkts\/cocoon-piekarinams-tualetes-piederumu-komplekts-minimalist-zids\/"},"modified":"2025-12-30T17:10:00","modified_gmt":"2025-12-30T14:10:00","slug":"cocoon-piekarinams-tualetes-piederumu-komplekts-minimalist-zids","status":"publish","type":"product","link":"https:\/\/gohike.lv\/ru\/produkts\/cocoon-piekarinams-tualetes-piederumu-komplekts-minimalist-zids\/","title":{"rendered":"Cocoon &#8212; Piekarin\u0101ma soma"},"content":{"rendered":"<p>4 iek\u0161\u0113j\u0101s kabatas apr\u012bkotas \u016bdensdro\u0161iem YKK Aqua Guard r\u0101v\u0113jsl\u0113dz\u0113jiem.<br \/>\nMat\u0113ta un necaursp\u012bd\u012bga rokas bag\u0101\u017eas soma meln\u0101 kr\u0101s\u0101.<br \/>\nIzgatavota no 100% z\u012bda ar \u016bdensnecaurlaid\u012bgu TPU lamin\u0101ciju iek\u0161pus\u0113.<\/p>\n","protected":false},"excerpt":{"rendered":"<p>Pl\u0101na, kompakta, viegla somi\u0146a ar caursp\u012bd\u012bgu \u0161\u0137idrumu maisi\u0146u.<\/p>\n<p>&nbsp;<\/p>\n","protected":false},"featured_media":61879,"template":"","meta":[],"product_brand":[15062],"product_cat":[1380],"product_tag":[],"class_list":{"0":"post-53794","1":"product","2":"type-product","3":"status-publish","4":"has-post-thumbnail","6":"product_brand-cooon","7":"product_cat-higiena","8":"pa_izmers-240-x-170-x-10mm","9":"pa_produkta-tips-kosmetikas-sominas","10":"pa_spalva-tumsi-zils","12":"first","13":"instock","14":"taxable","15":"shipping-taxable","16":"purchasable","17":"product-type-simple"},"raw_content":{"name":"Cocoon - Piekarin\u0101ma soma","description":"4 iek\u0161\u0113j\u0101s kabatas apr\u012bkotas \u016bdensdro\u0161iem YKK Aqua Guard r\u0101v\u0113jsl\u0113dz\u0113jiem.\nMat\u0113ta un necaursp\u012bd\u012bga rokas bag\u0101\u017eas soma meln\u0101 kr\u0101s\u0101.\nIzgatavota no 100% z\u012bda ar \u016bdensnecaurlaid\u012bgu TPU lamin\u0101ciju iek\u0161pus\u0113.","short_description":"Pl\u0101na, kompakta, viegla somi\u0146a ar caursp\u012bd\u012bgu \u0161\u0137idrumu maisi\u0146u.\r\n\r\n&nbsp;","status":"publish","sku":"YSTKM-4","original":53794},"wpml":{"translation_type":1,"has_translations":true,"original":53794,"duplicates":[],"translations":{"lv":53794,"en":67834,"ru":null}},"supplier_id":null,"supplier_sku":"","barcode":null,"atum_controlled":true,"out_stock_date":null,"out_stock_threshold":null,"inheritable":false,"inbound_stock":null,"stock_on_hold":0,"sold_today":0,"sales_last_days":0,"reserved_stock":null,"customer_returns":null,"warehouse_damage":null,"lost_in_post":null,"other_logs":null,"out_stock_days":0,"lost_sales":0,"has_location":null,"update_date":"2025-12-30T14:13:28","atum_locations":[],"atum_stock_status":"instock","restock_status":false,"low_stock_amount":"","sales_update_date":"2025-11-13T14:08:21","calc_backorders":null,"yoast_head":"<!-- This site is optimized with the Yoast SEO plugin v27.3 - https:\/\/yoast.com\/product\/yoast-seo-wordpress\/ -->\n<title>Cocoon - Piekarin\u0101ma soma<\/title>\n<meta name=\"description\" content=\"Pl\u0101na, kompakta, viegla somi\u0146a ar caursp\u012bd\u012bgu \u0161\u0137idrumu maisi\u0146u. Izgatavota no 100% z\u012bda ar \u016bdensnecaurlaid\u012bgu TPU lamin\u0101ciju iek\u0161pus\u0113.\" \/>\n<meta name=\"robots\" content=\"index, follow, max-snippet:-1, max-image-preview:large, max-video-preview:-1\" \/>\n<link rel=\"canonical\" href=\"https:\/\/gohike.lv\/ru\/produkts\/cocoon-piekarinams-tualetes-piederumu-komplekts-minimalist-zids\/\" \/>\n<meta property=\"og:locale\" content=\"ru_RU\" \/>\n<meta property=\"og:type\" content=\"article\" \/>\n<meta property=\"og:title\" content=\"Cocoon - Higi\u0113na - Kosm\u0113tikas somi\u0146as\" \/>\n<meta property=\"og:description\" content=\"Pl\u0101na, kompakta, viegla somi\u0146a ar caursp\u012bd\u012bgu \u0161\u0137idrumu maisi\u0146u. Izgatavota no 100% z\u012bda ar \u016bdensnecaurlaid\u012bgu TPU lamin\u0101ciju iek\u0161pus\u0113.\" \/>\n<meta property=\"og:url\" content=\"https:\/\/gohike.lv\/ru\/produkts\/cocoon-piekarinams-tualetes-piederumu-komplekts-minimalist-zids\/\" \/>\n<meta property=\"og:site_name\" content=\"GoHike\" \/>\n<meta property=\"article:publisher\" content=\"https:\/\/www.facebook.com\/gohike.shop\/\" \/>\n<meta property=\"article:modified_time\" content=\"2025-12-30T14:10:00+00:00\" \/>\n<meta property=\"og:image\" content=\"https:\/\/gohike.lv\/wp-content\/uploads\/2024\/05\/54863516901A_Cocoon_Hanging_Toiletry_Kit_Minimalist_galaxy_blue.webp\" \/>\n\t<meta property=\"og:image:width\" content=\"2000\" \/>\n\t<meta property=\"og:image:height\" content=\"2000\" \/>\n\t<meta property=\"og:image:type\" content=\"image\/webp\" \/>\n<meta name=\"twitter:card\" content=\"summary_large_image\" \/>\n<meta name=\"twitter:title\" content=\"Cocoon - Higi\u0113na - Kosm\u0113tikas somi\u0146as\" \/>\n<meta name=\"twitter:label1\" content=\"\u041f\u0440\u0438\u043c\u0435\u0440\u043d\u043e\u0435 \u0432\u0440\u0435\u043c\u044f \u0434\u043b\u044f \u0447\u0442\u0435\u043d\u0438\u044f\" \/>\n\t<meta name=\"twitter:data1\" content=\"1 \u043c\u0438\u043d\u0443\u0442\u0430\" \/>\n<script type=\"application\/ld+json\" class=\"yoast-schema-graph\">{\"@context\":\"https:\\\/\\\/schema.org\",\"@graph\":[{\"@type\":[\"WebPage\",\"ItemPage\"],\"@id\":\"https:\\\/\\\/gohike.lv\\\/ru\\\/produkts\\\/cocoon-piekarinams-tualetes-piederumu-komplekts-minimalist-zids\\\/\",\"url\":\"https:\\\/\\\/gohike.lv\\\/ru\\\/produkts\\\/cocoon-piekarinams-tualetes-piederumu-komplekts-minimalist-zids\\\/\",\"name\":\"Cocoon - Piekarin\u0101ma soma\",\"isPartOf\":{\"@id\":\"https:\\\/\\\/gohike.lv\\\/ru\\\/#website\"},\"primaryImageOfPage\":{\"@id\":\"https:\\\/\\\/gohike.lv\\\/ru\\\/produkts\\\/cocoon-piekarinams-tualetes-piederumu-komplekts-minimalist-zids\\\/#primaryimage\"},\"image\":{\"@id\":\"https:\\\/\\\/gohike.lv\\\/ru\\\/produkts\\\/cocoon-piekarinams-tualetes-piederumu-komplekts-minimalist-zids\\\/#primaryimage\"},\"thumbnailUrl\":\"https:\\\/\\\/gohike.lv\\\/wp-content\\\/uploads\\\/2024\\\/05\\\/54863516901A_Cocoon_Hanging_Toiletry_Kit_Minimalist_galaxy_blue.webp\",\"datePublished\":\"2024-05-08T12:27:05+00:00\",\"dateModified\":\"2025-12-30T14:10:00+00:00\",\"description\":\"Pl\u0101na, kompakta, viegla somi\u0146a ar caursp\u012bd\u012bgu \u0161\u0137idrumu maisi\u0146u. Izgatavota no 100% z\u012bda ar \u016bdensnecaurlaid\u012bgu TPU lamin\u0101ciju iek\u0161pus\u0113.\",\"breadcrumb\":{\"@id\":\"https:\\\/\\\/gohike.lv\\\/ru\\\/produkts\\\/cocoon-piekarinams-tualetes-piederumu-komplekts-minimalist-zids\\\/#breadcrumb\"},\"inLanguage\":\"ru-RU\",\"potentialAction\":[{\"@type\":\"ReadAction\",\"target\":[\"https:\\\/\\\/gohike.lv\\\/ru\\\/produkts\\\/cocoon-piekarinams-tualetes-piederumu-komplekts-minimalist-zids\\\/\"]}]},{\"@type\":\"ImageObject\",\"inLanguage\":\"ru-RU\",\"@id\":\"https:\\\/\\\/gohike.lv\\\/ru\\\/produkts\\\/cocoon-piekarinams-tualetes-piederumu-komplekts-minimalist-zids\\\/#primaryimage\",\"url\":\"https:\\\/\\\/gohike.lv\\\/wp-content\\\/uploads\\\/2024\\\/05\\\/54863516901A_Cocoon_Hanging_Toiletry_Kit_Minimalist_galaxy_blue.webp\",\"contentUrl\":\"https:\\\/\\\/gohike.lv\\\/wp-content\\\/uploads\\\/2024\\\/05\\\/54863516901A_Cocoon_Hanging_Toiletry_Kit_Minimalist_galaxy_blue.webp\",\"width\":2000,\"height\":2000},{\"@type\":\"BreadcrumbList\",\"@id\":\"https:\\\/\\\/gohike.lv\\\/ru\\\/produkts\\\/cocoon-piekarinams-tualetes-piederumu-komplekts-minimalist-zids\\\/#breadcrumb\",\"itemListElement\":[{\"@type\":\"ListItem\",\"position\":1,\"name\":\"\u0413\u043b\u0430\u0432\u043d\u0430\u044f\",\"item\":\"https:\\\/\\\/gohike.lv\\\/ru\\\/\"},{\"@type\":\"ListItem\",\"position\":2,\"name\":\"\u041a\u0430\u0442\u0435\u0433\u043e\u0440\u0438\u0438 \u0442\u043e\u0432\u0430\u0440\u043e\u0432\",\"item\":\"https:\\\/\\\/gohike.lv\\\/%d0%ba%d0%b0%d1%82%d0%b5%d0%b3%d0%be%d1%80%d0%b8%d0%b8-%d1%82%d0%be%d0%b2%d0%b0%d1%80%d0%be%d0%b2\\\/\"},{\"@type\":\"ListItem\",\"position\":3,\"name\":\"Cocoon &#8211; Piekarin\u0101ma soma\"}]},{\"@type\":\"WebSite\",\"@id\":\"https:\\\/\\\/gohike.lv\\\/ru\\\/#website\",\"url\":\"https:\\\/\\\/gohike.lv\\\/ru\\\/\",\"name\":\"GoHike\",\"description\":\"\",\"publisher\":{\"@id\":\"https:\\\/\\\/gohike.lv\\\/ru\\\/#organization\"},\"potentialAction\":[{\"@type\":\"SearchAction\",\"target\":{\"@type\":\"EntryPoint\",\"urlTemplate\":\"https:\\\/\\\/gohike.lv\\\/ru\\\/?s={search_term_string}\"},\"query-input\":{\"@type\":\"PropertyValueSpecification\",\"valueRequired\":true,\"valueName\":\"search_term_string\"}}],\"inLanguage\":\"ru-RU\"},{\"@type\":\"Organization\",\"@id\":\"https:\\\/\\\/gohike.lv\\\/ru\\\/#organization\",\"name\":\"GoHike\",\"url\":\"https:\\\/\\\/gohike.lv\\\/ru\\\/\",\"logo\":{\"@type\":\"ImageObject\",\"inLanguage\":\"ru-RU\",\"@id\":\"https:\\\/\\\/gohike.lv\\\/ru\\\/#\\\/schema\\\/logo\\\/image\\\/\",\"url\":\"https:\\\/\\\/gohike.lv\\\/wp-content\\\/uploads\\\/2023\\\/08\\\/Logo_GoHike.webp\",\"contentUrl\":\"https:\\\/\\\/gohike.lv\\\/wp-content\\\/uploads\\\/2023\\\/08\\\/Logo_GoHike.webp\",\"width\":512,\"height\":512,\"caption\":\"GoHike\"},\"image\":{\"@id\":\"https:\\\/\\\/gohike.lv\\\/ru\\\/#\\\/schema\\\/logo\\\/image\\\/\"},\"sameAs\":[\"https:\\\/\\\/www.facebook.com\\\/gohike.shop\\\/\",\"https:\\\/\\\/www.instagram.com\\\/gohike.shop\\\/\"]}]}<\/script>\n<!-- \/ Yoast SEO plugin. -->","yoast_head_json":{"title":"Cocoon - Piekarin\u0101ma soma","description":"Pl\u0101na, kompakta, viegla somi\u0146a ar caursp\u012bd\u012bgu \u0161\u0137idrumu maisi\u0146u. Izgatavota no 100% z\u012bda ar \u016bdensnecaurlaid\u012bgu TPU lamin\u0101ciju iek\u0161pus\u0113.","robots":{"index":"index","follow":"follow","max-snippet":"max-snippet:-1","max-image-preview":"max-image-preview:large","max-video-preview":"max-video-preview:-1"},"canonical":"https:\/\/gohike.lv\/ru\/produkts\/cocoon-piekarinams-tualetes-piederumu-komplekts-minimalist-zids\/","og_locale":"ru_RU","og_type":"article","og_title":"Cocoon - Higi\u0113na - Kosm\u0113tikas somi\u0146as","og_description":"Pl\u0101na, kompakta, viegla somi\u0146a ar caursp\u012bd\u012bgu \u0161\u0137idrumu maisi\u0146u. Izgatavota no 100% z\u012bda ar \u016bdensnecaurlaid\u012bgu TPU lamin\u0101ciju iek\u0161pus\u0113.","og_url":"https:\/\/gohike.lv\/ru\/produkts\/cocoon-piekarinams-tualetes-piederumu-komplekts-minimalist-zids\/","og_site_name":"GoHike","article_publisher":"https:\/\/www.facebook.com\/gohike.shop\/","article_modified_time":"2025-12-30T14:10:00+00:00","og_image":[{"width":2000,"height":2000,"url":"https:\/\/gohike.lv\/wp-content\/uploads\/2024\/05\/54863516901A_Cocoon_Hanging_Toiletry_Kit_Minimalist_galaxy_blue.webp","type":"image\/webp"}],"twitter_card":"summary_large_image","twitter_title":"Cocoon - Higi\u0113na - Kosm\u0113tikas somi\u0146as","twitter_misc":{"\u041f\u0440\u0438\u043c\u0435\u0440\u043d\u043e\u0435 \u0432\u0440\u0435\u043c\u044f \u0434\u043b\u044f \u0447\u0442\u0435\u043d\u0438\u044f":"1 \u043c\u0438\u043d\u0443\u0442\u0430"},"schema":{"@context":"https:\/\/schema.org","@graph":[{"@type":["WebPage","ItemPage"],"@id":"https:\/\/gohike.lv\/ru\/produkts\/cocoon-piekarinams-tualetes-piederumu-komplekts-minimalist-zids\/","url":"https:\/\/gohike.lv\/ru\/produkts\/cocoon-piekarinams-tualetes-piederumu-komplekts-minimalist-zids\/","name":"Cocoon - Piekarin\u0101ma soma","isPartOf":{"@id":"https:\/\/gohike.lv\/ru\/#website"},"primaryImageOfPage":{"@id":"https:\/\/gohike.lv\/ru\/produkts\/cocoon-piekarinams-tualetes-piederumu-komplekts-minimalist-zids\/#primaryimage"},"image":{"@id":"https:\/\/gohike.lv\/ru\/produkts\/cocoon-piekarinams-tualetes-piederumu-komplekts-minimalist-zids\/#primaryimage"},"thumbnailUrl":"https:\/\/gohike.lv\/wp-content\/uploads\/2024\/05\/54863516901A_Cocoon_Hanging_Toiletry_Kit_Minimalist_galaxy_blue.webp","datePublished":"2024-05-08T12:27:05+00:00","dateModified":"2025-12-30T14:10:00+00:00","description":"Pl\u0101na, kompakta, viegla somi\u0146a ar caursp\u012bd\u012bgu \u0161\u0137idrumu maisi\u0146u. Izgatavota no 100% z\u012bda ar \u016bdensnecaurlaid\u012bgu TPU lamin\u0101ciju iek\u0161pus\u0113.","breadcrumb":{"@id":"https:\/\/gohike.lv\/ru\/produkts\/cocoon-piekarinams-tualetes-piederumu-komplekts-minimalist-zids\/#breadcrumb"},"inLanguage":"ru-RU","potentialAction":[{"@type":"ReadAction","target":["https:\/\/gohike.lv\/ru\/produkts\/cocoon-piekarinams-tualetes-piederumu-komplekts-minimalist-zids\/"]}]},{"@type":"ImageObject","inLanguage":"ru-RU","@id":"https:\/\/gohike.lv\/ru\/produkts\/cocoon-piekarinams-tualetes-piederumu-komplekts-minimalist-zids\/#primaryimage","url":"https:\/\/gohike.lv\/wp-content\/uploads\/2024\/05\/54863516901A_Cocoon_Hanging_Toiletry_Kit_Minimalist_galaxy_blue.webp","contentUrl":"https:\/\/gohike.lv\/wp-content\/uploads\/2024\/05\/54863516901A_Cocoon_Hanging_Toiletry_Kit_Minimalist_galaxy_blue.webp","width":2000,"height":2000},{"@type":"BreadcrumbList","@id":"https:\/\/gohike.lv\/ru\/produkts\/cocoon-piekarinams-tualetes-piederumu-komplekts-minimalist-zids\/#breadcrumb","itemListElement":[{"@type":"ListItem","position":1,"name":"\u0413\u043b\u0430\u0432\u043d\u0430\u044f","item":"https:\/\/gohike.lv\/ru\/"},{"@type":"ListItem","position":2,"name":"\u041a\u0430\u0442\u0435\u0433\u043e\u0440\u0438\u0438 \u0442\u043e\u0432\u0430\u0440\u043e\u0432","item":"https:\/\/gohike.lv\/%d0%ba%d0%b0%d1%82%d0%b5%d0%b3%d0%be%d1%80%d0%b8%d0%b8-%d1%82%d0%be%d0%b2%d0%b0%d1%80%d0%be%d0%b2\/"},{"@type":"ListItem","position":3,"name":"Cocoon &#8211; Piekarin\u0101ma soma"}]},{"@type":"WebSite","@id":"https:\/\/gohike.lv\/ru\/#website","url":"https:\/\/gohike.lv\/ru\/","name":"GoHike","description":"","publisher":{"@id":"https:\/\/gohike.lv\/ru\/#organization"},"potentialAction":[{"@type":"SearchAction","target":{"@type":"EntryPoint","urlTemplate":"https:\/\/gohike.lv\/ru\/?s={search_term_string}"},"query-input":{"@type":"PropertyValueSpecification","valueRequired":true,"valueName":"search_term_string"}}],"inLanguage":"ru-RU"},{"@type":"Organization","@id":"https:\/\/gohike.lv\/ru\/#organization","name":"GoHike","url":"https:\/\/gohike.lv\/ru\/","logo":{"@type":"ImageObject","inLanguage":"ru-RU","@id":"https:\/\/gohike.lv\/ru\/#\/schema\/logo\/image\/","url":"https:\/\/gohike.lv\/wp-content\/uploads\/2023\/08\/Logo_GoHike.webp","contentUrl":"https:\/\/gohike.lv\/wp-content\/uploads\/2023\/08\/Logo_GoHike.webp","width":512,"height":512,"caption":"GoHike"},"image":{"@id":"https:\/\/gohike.lv\/ru\/#\/schema\/logo\/image\/"},"sameAs":["https:\/\/www.facebook.com\/gohike.shop\/","https:\/\/www.instagram.com\/gohike.shop\/"]}]}},"jetpack_sharing_enabled":true,"_links":{"self":[{"href":"https:\/\/gohike.lv\/ru\/wp-json\/wp\/v2\/product\/53794","targetHints":{"allow":["GET"]}}],"collection":[{"href":"https:\/\/gohike.lv\/ru\/wp-json\/wp\/v2\/product"}],"about":[{"href":"https:\/\/gohike.lv\/ru\/wp-json\/wp\/v2\/types\/product"}],"version-history":[{"count":0,"href":"https:\/\/gohike.lv\/ru\/wp-json\/wp\/v2\/product\/53794\/revisions"}],"wp:featuredmedia":[{"embeddable":true,"href":"https:\/\/gohike.lv\/ru\/wp-json\/wp\/v2\/media\/61879"}],"wp:attachment":[{"href":"https:\/\/gohike.lv\/ru\/wp-json\/wp\/v2\/media?parent=53794"}],"wp:term":[{"taxonomy":"product_brand","embeddable":true,"href":"https:\/\/gohike.lv\/ru\/wp-json\/wp\/v2\/product_brand?post=53794"},{"taxonomy":"product_cat","embeddable":true,"href":"https:\/\/gohike.lv\/ru\/wp-json\/wp\/v2\/product_cat?post=53794"},{"taxonomy":"product_tag","embeddable":true,"href":"https:\/\/gohike.lv\/ru\/wp-json\/wp\/v2\/product_tag?post=53794"}],"curies":[{"name":"wp","href":"https:\/\/api.w.org\/{rel}","templated":true}]}}