{"id":53780,"date":"2024-05-08T15:21:33","date_gmt":"2024-05-08T12:21:33","guid":{"rendered":"https:\/\/gohike.lv\/produkts\/lifeventure-x-pac-rfid-karsu-macins\/"},"modified":"2025-12-30T17:24:41","modified_gmt":"2025-12-30T14:24:41","slug":"lifeventure-x-pac-rfid-karsu-macins","status":"publish","type":"product","link":"https:\/\/gohike.lv\/ru\/produkts\/lifeventure-x-pac-rfid-karsu-macins\/","title":{"rendered":"Lifeventure &#8212; X-Pac RFiD kar\u0161u maci\u0146\u0161"},"content":{"rendered":"<p>Izgatavots no uzlabota lamin\u0113ta X-Pac\u00ae VX21 buru auduma, maks ir \u016bdensiztur\u012bgs un viegls.<br \/>\nPasarg\u0101 saturu no radiofrekvences identifik\u0101cijas (RFiD) las\u012bt\u0101jiem, apturot inform\u0101cijas p\u0101rraidi caur ni\u0137e\u013ca un vara p\u0101rkl\u0101juma poliestera audumu.<br \/>\nMakam ir 4 kar\u0161u kabatas un 2 kabatas banknot\u0113m.<\/p>\n","protected":false},"excerpt":{"rendered":"<p>Stil\u012bgs, vienk\u0101r\u0161s un kompakts maks X-Pac\u00ae RFD.<\/p>\n","protected":false},"featured_media":13892,"template":"","meta":[],"product_brand":[1308],"product_cat":[1463],"product_tag":[],"class_list":{"0":"post-53780","1":"product","2":"type-product","3":"status-publish","4":"has-post-thumbnail","6":"product_brand-lifeventure-lv","7":"product_cat-somas-un-maki","8":"pa_izmeriscm-10210","9":"pa_produkta-tips-maki","11":"first","12":"instock","13":"taxable","14":"shipping-taxable","15":"purchasable","16":"product-type-simple"},"raw_content":{"name":"Lifeventure - X-Pac RFiD kar\u0161u maci\u0146\u0161","description":"Izgatavots no uzlabota lamin\u0113ta X-Pac\u00ae VX21 buru auduma, maks ir \u016bdensiztur\u012bgs un viegls.\nPasarg\u0101 saturu no radiofrekvences identifik\u0101cijas (RFiD) las\u012bt\u0101jiem, apturot inform\u0101cijas p\u0101rraidi caur ni\u0137e\u013ca un vara p\u0101rkl\u0101juma poliestera audumu.\nMakam ir 4 kar\u0161u kabatas un 2 kabatas banknot\u0113m.","short_description":"Stil\u012bgs, vienk\u0101r\u0161s un kompakts maks X-Pac\u00ae RFD.","status":"publish","sku":"68782","original":53780},"wpml":{"translation_type":1,"has_translations":true,"original":53780,"duplicates":[],"translations":{"lv":53780,"en":67829,"ru":null}},"supplier_id":null,"supplier_sku":"","barcode":null,"atum_controlled":true,"out_stock_date":null,"out_stock_threshold":null,"inheritable":false,"inbound_stock":null,"stock_on_hold":0,"sold_today":0,"sales_last_days":0,"reserved_stock":null,"customer_returns":null,"warehouse_damage":null,"lost_in_post":null,"other_logs":null,"out_stock_days":0,"lost_sales":0,"has_location":null,"update_date":"2025-12-30T14:30:37","atum_locations":[],"atum_stock_status":"instock","restock_status":false,"low_stock_amount":"","sales_update_date":"2025-11-13T14:07:59","calc_backorders":null,"yoast_head":"<!-- This site is optimized with the Yoast SEO plugin v27.3 - https:\/\/yoast.com\/product\/yoast-seo-wordpress\/ -->\n<title>Lifeventure - X-Pac RFiD kar\u0161u maci\u0146\u0161<\/title>\n<meta name=\"description\" content=\"Stil\u012bgs, vienk\u0101r\u0161s un kompakts maks X-Pac\u00ae RFD.\" \/>\n<meta name=\"robots\" content=\"index, follow, max-snippet:-1, max-image-preview:large, max-video-preview:-1\" \/>\n<link rel=\"canonical\" href=\"https:\/\/gohike.lv\/ru\/produkts\/lifeventure-x-pac-rfid-karsu-macins\/\" \/>\n<meta property=\"og:locale\" content=\"ru_RU\" \/>\n<meta property=\"og:type\" content=\"article\" \/>\n<meta property=\"og:title\" content=\"Lifeventure - Somas un maki - Maki\" \/>\n<meta property=\"og:description\" content=\"Stil\u012bgs, vienk\u0101r\u0161s un kompakts maks X-Pac\u00ae RFD.\" \/>\n<meta property=\"og:url\" content=\"https:\/\/gohike.lv\/ru\/produkts\/lifeventure-x-pac-rfid-karsu-macins\/\" \/>\n<meta property=\"og:site_name\" content=\"GoHike\" \/>\n<meta property=\"article:publisher\" content=\"https:\/\/www.facebook.com\/gohike.shop\/\" \/>\n<meta property=\"article:modified_time\" content=\"2025-12-30T14:24:41+00:00\" \/>\n<meta property=\"og:image\" content=\"https:\/\/gohike.lv\/wp-content\/uploads\/2024\/02\/X-Pac_Card_Wallet_.jpg\" \/>\n\t<meta property=\"og:image:width\" content=\"900\" \/>\n\t<meta property=\"og:image:height\" content=\"900\" \/>\n\t<meta property=\"og:image:type\" content=\"image\/jpeg\" \/>\n<meta name=\"twitter:card\" content=\"summary_large_image\" \/>\n<meta name=\"twitter:title\" content=\"Lifeventure - Somas un maki - Maki\" \/>\n<meta name=\"twitter:label1\" content=\"\u041f\u0440\u0438\u043c\u0435\u0440\u043d\u043e\u0435 \u0432\u0440\u0435\u043c\u044f \u0434\u043b\u044f \u0447\u0442\u0435\u043d\u0438\u044f\" \/>\n\t<meta name=\"twitter:data1\" content=\"1 \u043c\u0438\u043d\u0443\u0442\u0430\" \/>\n<script type=\"application\/ld+json\" class=\"yoast-schema-graph\">{\"@context\":\"https:\\\/\\\/schema.org\",\"@graph\":[{\"@type\":[\"WebPage\",\"ItemPage\"],\"@id\":\"https:\\\/\\\/gohike.lv\\\/ru\\\/produkts\\\/lifeventure-x-pac-rfid-karsu-macins\\\/\",\"url\":\"https:\\\/\\\/gohike.lv\\\/ru\\\/produkts\\\/lifeventure-x-pac-rfid-karsu-macins\\\/\",\"name\":\"Lifeventure - X-Pac RFiD kar\u0161u maci\u0146\u0161\",\"isPartOf\":{\"@id\":\"https:\\\/\\\/gohike.lv\\\/ru\\\/#website\"},\"primaryImageOfPage\":{\"@id\":\"https:\\\/\\\/gohike.lv\\\/ru\\\/produkts\\\/lifeventure-x-pac-rfid-karsu-macins\\\/#primaryimage\"},\"image\":{\"@id\":\"https:\\\/\\\/gohike.lv\\\/ru\\\/produkts\\\/lifeventure-x-pac-rfid-karsu-macins\\\/#primaryimage\"},\"thumbnailUrl\":\"https:\\\/\\\/gohike.lv\\\/wp-content\\\/uploads\\\/2024\\\/02\\\/X-Pac_Card_Wallet_.jpg\",\"datePublished\":\"2024-05-08T12:21:33+00:00\",\"dateModified\":\"2025-12-30T14:24:41+00:00\",\"description\":\"Stil\u012bgs, vienk\u0101r\u0161s un kompakts maks X-Pac\u00ae RFD.\",\"breadcrumb\":{\"@id\":\"https:\\\/\\\/gohike.lv\\\/ru\\\/produkts\\\/lifeventure-x-pac-rfid-karsu-macins\\\/#breadcrumb\"},\"inLanguage\":\"ru-RU\",\"potentialAction\":[{\"@type\":\"ReadAction\",\"target\":[\"https:\\\/\\\/gohike.lv\\\/ru\\\/produkts\\\/lifeventure-x-pac-rfid-karsu-macins\\\/\"]}]},{\"@type\":\"ImageObject\",\"inLanguage\":\"ru-RU\",\"@id\":\"https:\\\/\\\/gohike.lv\\\/ru\\\/produkts\\\/lifeventure-x-pac-rfid-karsu-macins\\\/#primaryimage\",\"url\":\"https:\\\/\\\/gohike.lv\\\/wp-content\\\/uploads\\\/2024\\\/02\\\/X-Pac_Card_Wallet_.jpg\",\"contentUrl\":\"https:\\\/\\\/gohike.lv\\\/wp-content\\\/uploads\\\/2024\\\/02\\\/X-Pac_Card_Wallet_.jpg\",\"width\":900,\"height\":900},{\"@type\":\"BreadcrumbList\",\"@id\":\"https:\\\/\\\/gohike.lv\\\/ru\\\/produkts\\\/lifeventure-x-pac-rfid-karsu-macins\\\/#breadcrumb\",\"itemListElement\":[{\"@type\":\"ListItem\",\"position\":1,\"name\":\"\u0413\u043b\u0430\u0432\u043d\u0430\u044f\",\"item\":\"https:\\\/\\\/gohike.lv\\\/ru\\\/\"},{\"@type\":\"ListItem\",\"position\":2,\"name\":\"\u041a\u0430\u0442\u0435\u0433\u043e\u0440\u0438\u0438 \u0442\u043e\u0432\u0430\u0440\u043e\u0432\",\"item\":\"https:\\\/\\\/gohike.lv\\\/%d0%ba%d0%b0%d1%82%d0%b5%d0%b3%d0%be%d1%80%d0%b8%d0%b8-%d1%82%d0%be%d0%b2%d0%b0%d1%80%d0%be%d0%b2\\\/\"},{\"@type\":\"ListItem\",\"position\":3,\"name\":\"Lifeventure &#8211; X-Pac RFiD kar\u0161u maci\u0146\u0161\"}]},{\"@type\":\"WebSite\",\"@id\":\"https:\\\/\\\/gohike.lv\\\/ru\\\/#website\",\"url\":\"https:\\\/\\\/gohike.lv\\\/ru\\\/\",\"name\":\"GoHike\",\"description\":\"\",\"publisher\":{\"@id\":\"https:\\\/\\\/gohike.lv\\\/ru\\\/#organization\"},\"potentialAction\":[{\"@type\":\"SearchAction\",\"target\":{\"@type\":\"EntryPoint\",\"urlTemplate\":\"https:\\\/\\\/gohike.lv\\\/ru\\\/?s={search_term_string}\"},\"query-input\":{\"@type\":\"PropertyValueSpecification\",\"valueRequired\":true,\"valueName\":\"search_term_string\"}}],\"inLanguage\":\"ru-RU\"},{\"@type\":\"Organization\",\"@id\":\"https:\\\/\\\/gohike.lv\\\/ru\\\/#organization\",\"name\":\"GoHike\",\"url\":\"https:\\\/\\\/gohike.lv\\\/ru\\\/\",\"logo\":{\"@type\":\"ImageObject\",\"inLanguage\":\"ru-RU\",\"@id\":\"https:\\\/\\\/gohike.lv\\\/ru\\\/#\\\/schema\\\/logo\\\/image\\\/\",\"url\":\"https:\\\/\\\/gohike.lv\\\/wp-content\\\/uploads\\\/2023\\\/08\\\/Logo_GoHike.webp\",\"contentUrl\":\"https:\\\/\\\/gohike.lv\\\/wp-content\\\/uploads\\\/2023\\\/08\\\/Logo_GoHike.webp\",\"width\":512,\"height\":512,\"caption\":\"GoHike\"},\"image\":{\"@id\":\"https:\\\/\\\/gohike.lv\\\/ru\\\/#\\\/schema\\\/logo\\\/image\\\/\"},\"sameAs\":[\"https:\\\/\\\/www.facebook.com\\\/gohike.shop\\\/\",\"https:\\\/\\\/www.instagram.com\\\/gohike.shop\\\/\"]}]}<\/script>\n<!-- \/ Yoast SEO plugin. -->","yoast_head_json":{"title":"Lifeventure - X-Pac RFiD kar\u0161u maci\u0146\u0161","description":"Stil\u012bgs, vienk\u0101r\u0161s un kompakts maks X-Pac\u00ae RFD.","robots":{"index":"index","follow":"follow","max-snippet":"max-snippet:-1","max-image-preview":"max-image-preview:large","max-video-preview":"max-video-preview:-1"},"canonical":"https:\/\/gohike.lv\/ru\/produkts\/lifeventure-x-pac-rfid-karsu-macins\/","og_locale":"ru_RU","og_type":"article","og_title":"Lifeventure - Somas un maki - Maki","og_description":"Stil\u012bgs, vienk\u0101r\u0161s un kompakts maks X-Pac\u00ae RFD.","og_url":"https:\/\/gohike.lv\/ru\/produkts\/lifeventure-x-pac-rfid-karsu-macins\/","og_site_name":"GoHike","article_publisher":"https:\/\/www.facebook.com\/gohike.shop\/","article_modified_time":"2025-12-30T14:24:41+00:00","og_image":[{"width":900,"height":900,"url":"https:\/\/gohike.lv\/wp-content\/uploads\/2024\/02\/X-Pac_Card_Wallet_.jpg","type":"image\/jpeg"}],"twitter_card":"summary_large_image","twitter_title":"Lifeventure - Somas un maki - Maki","twitter_misc":{"\u041f\u0440\u0438\u043c\u0435\u0440\u043d\u043e\u0435 \u0432\u0440\u0435\u043c\u044f \u0434\u043b\u044f \u0447\u0442\u0435\u043d\u0438\u044f":"1 \u043c\u0438\u043d\u0443\u0442\u0430"},"schema":{"@context":"https:\/\/schema.org","@graph":[{"@type":["WebPage","ItemPage"],"@id":"https:\/\/gohike.lv\/ru\/produkts\/lifeventure-x-pac-rfid-karsu-macins\/","url":"https:\/\/gohike.lv\/ru\/produkts\/lifeventure-x-pac-rfid-karsu-macins\/","name":"Lifeventure - X-Pac RFiD kar\u0161u maci\u0146\u0161","isPartOf":{"@id":"https:\/\/gohike.lv\/ru\/#website"},"primaryImageOfPage":{"@id":"https:\/\/gohike.lv\/ru\/produkts\/lifeventure-x-pac-rfid-karsu-macins\/#primaryimage"},"image":{"@id":"https:\/\/gohike.lv\/ru\/produkts\/lifeventure-x-pac-rfid-karsu-macins\/#primaryimage"},"thumbnailUrl":"https:\/\/gohike.lv\/wp-content\/uploads\/2024\/02\/X-Pac_Card_Wallet_.jpg","datePublished":"2024-05-08T12:21:33+00:00","dateModified":"2025-12-30T14:24:41+00:00","description":"Stil\u012bgs, vienk\u0101r\u0161s un kompakts maks X-Pac\u00ae RFD.","breadcrumb":{"@id":"https:\/\/gohike.lv\/ru\/produkts\/lifeventure-x-pac-rfid-karsu-macins\/#breadcrumb"},"inLanguage":"ru-RU","potentialAction":[{"@type":"ReadAction","target":["https:\/\/gohike.lv\/ru\/produkts\/lifeventure-x-pac-rfid-karsu-macins\/"]}]},{"@type":"ImageObject","inLanguage":"ru-RU","@id":"https:\/\/gohike.lv\/ru\/produkts\/lifeventure-x-pac-rfid-karsu-macins\/#primaryimage","url":"https:\/\/gohike.lv\/wp-content\/uploads\/2024\/02\/X-Pac_Card_Wallet_.jpg","contentUrl":"https:\/\/gohike.lv\/wp-content\/uploads\/2024\/02\/X-Pac_Card_Wallet_.jpg","width":900,"height":900},{"@type":"BreadcrumbList","@id":"https:\/\/gohike.lv\/ru\/produkts\/lifeventure-x-pac-rfid-karsu-macins\/#breadcrumb","itemListElement":[{"@type":"ListItem","position":1,"name":"\u0413\u043b\u0430\u0432\u043d\u0430\u044f","item":"https:\/\/gohike.lv\/ru\/"},{"@type":"ListItem","position":2,"name":"\u041a\u0430\u0442\u0435\u0433\u043e\u0440\u0438\u0438 \u0442\u043e\u0432\u0430\u0440\u043e\u0432","item":"https:\/\/gohike.lv\/%d0%ba%d0%b0%d1%82%d0%b5%d0%b3%d0%be%d1%80%d0%b8%d0%b8-%d1%82%d0%be%d0%b2%d0%b0%d1%80%d0%be%d0%b2\/"},{"@type":"ListItem","position":3,"name":"Lifeventure &#8211; X-Pac RFiD kar\u0161u maci\u0146\u0161"}]},{"@type":"WebSite","@id":"https:\/\/gohike.lv\/ru\/#website","url":"https:\/\/gohike.lv\/ru\/","name":"GoHike","description":"","publisher":{"@id":"https:\/\/gohike.lv\/ru\/#organization"},"potentialAction":[{"@type":"SearchAction","target":{"@type":"EntryPoint","urlTemplate":"https:\/\/gohike.lv\/ru\/?s={search_term_string}"},"query-input":{"@type":"PropertyValueSpecification","valueRequired":true,"valueName":"search_term_string"}}],"inLanguage":"ru-RU"},{"@type":"Organization","@id":"https:\/\/gohike.lv\/ru\/#organization","name":"GoHike","url":"https:\/\/gohike.lv\/ru\/","logo":{"@type":"ImageObject","inLanguage":"ru-RU","@id":"https:\/\/gohike.lv\/ru\/#\/schema\/logo\/image\/","url":"https:\/\/gohike.lv\/wp-content\/uploads\/2023\/08\/Logo_GoHike.webp","contentUrl":"https:\/\/gohike.lv\/wp-content\/uploads\/2023\/08\/Logo_GoHike.webp","width":512,"height":512,"caption":"GoHike"},"image":{"@id":"https:\/\/gohike.lv\/ru\/#\/schema\/logo\/image\/"},"sameAs":["https:\/\/www.facebook.com\/gohike.shop\/","https:\/\/www.instagram.com\/gohike.shop\/"]}]}},"jetpack_sharing_enabled":true,"_links":{"self":[{"href":"https:\/\/gohike.lv\/ru\/wp-json\/wp\/v2\/product\/53780","targetHints":{"allow":["GET"]}}],"collection":[{"href":"https:\/\/gohike.lv\/ru\/wp-json\/wp\/v2\/product"}],"about":[{"href":"https:\/\/gohike.lv\/ru\/wp-json\/wp\/v2\/types\/product"}],"version-history":[{"count":0,"href":"https:\/\/gohike.lv\/ru\/wp-json\/wp\/v2\/product\/53780\/revisions"}],"wp:featuredmedia":[{"embeddable":true,"href":"https:\/\/gohike.lv\/ru\/wp-json\/wp\/v2\/media\/13892"}],"wp:attachment":[{"href":"https:\/\/gohike.lv\/ru\/wp-json\/wp\/v2\/media?parent=53780"}],"wp:term":[{"taxonomy":"product_brand","embeddable":true,"href":"https:\/\/gohike.lv\/ru\/wp-json\/wp\/v2\/product_brand?post=53780"},{"taxonomy":"product_cat","embeddable":true,"href":"https:\/\/gohike.lv\/ru\/wp-json\/wp\/v2\/product_cat?post=53780"},{"taxonomy":"product_tag","embeddable":true,"href":"https:\/\/gohike.lv\/ru\/wp-json\/wp\/v2\/product_tag?post=53780"}],"curies":[{"name":"wp","href":"https:\/\/api.w.org\/{rel}","templated":true}]}}