{"id":53770,"date":"2024-05-08T15:21:05","date_gmt":"2024-05-08T12:21:05","guid":{"rendered":"https:\/\/gohike.lv\/produkts\/thermopad-kaju-pirkstu-silditajs\/"},"modified":"2026-01-27T20:42:54","modified_gmt":"2026-01-27T17:42:54","slug":"thermopad-kaju-pirkstu-silditajs","status":"publish","type":"product","link":"https:\/\/gohike.lv\/ru\/produkts\/thermopad-kaju-pirkstu-silditajs\/","title":{"rendered":"Thermopad &#8212; K\u0101ju pirkstu sild\u012bt\u0101js"},"content":{"rendered":"<p>Pl\u0101ni un \u0113rti k\u0101ju pirkstu sild\u012bt\u0101ji ir vienk\u0101r\u0161i piestiprin\u0101mi pie ze\u0137\u0113m ar lip\u012bgo pusi no aug\u0161as vai apak\u0161as.<br \/>\nTie aktiviz\u0113jas saskar\u0113 ar sk\u0101bekli, kad iepakojums tiek atv\u0113rts un nodro\u0161ina siltumu l\u012bdz pat 8 stund\u0101m.<br \/>\nRa\u017eoti p\u0113c Jap\u0101nas standartiem, sild\u012bt\u0101ji ir pak\u013cauti visstingr\u0101kajiem siltuma kvalit\u0101tes krit\u0113rijiem.<br \/>\nPirkstu sild\u012bt\u0101ji ir ide\u0101ls sabiedrotais vis\u0101m aktivit\u0101t\u0113m svaig\u0101 un v\u0113s\u0101 gais\u0101.<br \/>\nTermiskie spilventi\u0146i ir klimatneitr\u0101li.<br \/>\n<iframe title=\"THERMOPAD Zehenw\u00e4rmer - nie mehr frieren\" width=\"1200\" height=\"675\" src=\"https:\/\/www.youtube.com\/embed\/fGfeMC89Rf4?feature=oembed\" frameborder=\"0\" allow=\"accelerometer; autoplay; clipboard-write; encrypted-media; gyroscope; picture-in-picture; web-share\" referrerpolicy=\"strict-origin-when-cross-origin\" allowfullscreen><\/iframe><\/p>\n","protected":false},"excerpt":{"rendered":"<p>\u012apa\u0161i pl\u0101ni pirkstu sild\u012bt\u0101ji saglab\u0101 p\u0113das siltas l\u012bdz pat 8 stund\u0101m.<\/p>\n","protected":false},"featured_media":14433,"template":"","meta":[],"product_brand":[1309],"product_cat":[1315],"product_tag":[],"class_list":{"0":"post-53770","1":"product","2":"type-product","3":"status-publish","4":"has-post-thumbnail","6":"product_brand-thermopad-lv","7":"product_cat-silditaji-un-aptiecinas","8":"pa_izmers-95-x-75-x-5-mm","9":"pa_materiali-aktiva-ogle","10":"pa_materiali-dzelzs-pulveris","11":"pa_materiali-sals","12":"pa_materiali-udens","13":"pa_materiali-vermikulits","14":"pa_produkta-tips-pedu-silditaji","16":"first","17":"outofstock","18":"taxable","19":"shipping-taxable","20":"purchasable","21":"product-type-simple"},"raw_content":{"name":"Thermopad - K\u0101ju pirkstu sild\u012bt\u0101js","description":"Pl\u0101ni un \u0113rti k\u0101ju pirkstu sild\u012bt\u0101ji ir vienk\u0101r\u0161i piestiprin\u0101mi pie ze\u0137\u0113m ar lip\u012bgo pusi no aug\u0161as vai apak\u0161as.\nTie aktiviz\u0113jas saskar\u0113 ar sk\u0101bekli, kad iepakojums tiek atv\u0113rts un nodro\u0161ina siltumu l\u012bdz pat 8 stund\u0101m.\nRa\u017eoti p\u0113c Jap\u0101nas standartiem, sild\u012bt\u0101ji ir pak\u013cauti visstingr\u0101kajiem siltuma kvalit\u0101tes krit\u0113rijiem.\nPirkstu sild\u012bt\u0101ji ir ide\u0101ls sabiedrotais vis\u0101m aktivit\u0101t\u0113m svaig\u0101 un v\u0113s\u0101 gais\u0101.\nTermiskie spilventi\u0146i ir klimatneitr\u0101li.\nhttps:\/\/youtu.be\/fGfeMC89Rf4","short_description":"\u012apa\u0161i pl\u0101ni pirkstu sild\u012bt\u0101ji saglab\u0101 p\u0113das siltas l\u012bdz pat 8 stund\u0101m.","status":"publish","sku":"4260150780207","original":53770},"wpml":{"translation_type":1,"has_translations":true,"original":53770,"duplicates":[],"translations":{"lv":53770,"en":67818,"ru":null}},"supplier_id":null,"supplier_sku":"","barcode":null,"atum_controlled":true,"out_stock_date":null,"out_stock_threshold":null,"inheritable":false,"inbound_stock":null,"stock_on_hold":0,"sold_today":0,"sales_last_days":1,"reserved_stock":null,"customer_returns":null,"warehouse_damage":null,"lost_in_post":null,"other_logs":null,"out_stock_days":1,"lost_sales":0,"has_location":false,"update_date":"2026-01-27T17:42:55","atum_locations":[],"atum_stock_status":"outofstock","restock_status":false,"low_stock_amount":"","sales_update_date":"2026-01-23T16:01:30","calc_backorders":null,"yoast_head":"<!-- This site is optimized with the Yoast SEO plugin v27.3 - https:\/\/yoast.com\/product\/yoast-seo-wordpress\/ -->\n<title>Thermopad - K\u0101ju pirkstu sild\u012bt\u0101js<\/title>\n<meta name=\"description\" content=\"\u012apa\u0161i pl\u0101ni pirkstu sild\u012bt\u0101ji saglab\u0101 p\u0113das siltas l\u012bdz pat 8 stund\u0101m. Termiskie spilventi\u0146i ir klimatneitr\u0101li.\" \/>\n<meta name=\"robots\" content=\"index, follow, max-snippet:-1, max-image-preview:large, max-video-preview:-1\" \/>\n<link rel=\"canonical\" href=\"https:\/\/gohike.lv\/ru\/produkts\/thermopad-kaju-pirkstu-silditajs\/\" \/>\n<meta property=\"og:locale\" content=\"ru_RU\" \/>\n<meta property=\"og:type\" content=\"article\" \/>\n<meta property=\"og:title\" content=\"Thermopad - Sild\u012bt\u0101ji un izdz\u012bvo\u0161ana - P\u0113du sild\u012bt\u0101ji\" \/>\n<meta property=\"og:description\" content=\"\u012apa\u0161i pl\u0101ni pirkstu sild\u012bt\u0101ji saglab\u0101 p\u0113das siltas l\u012bdz pat 8 stund\u0101m. Termiskie spilventi\u0146i ir klimatneitr\u0101li.\" \/>\n<meta property=\"og:url\" content=\"https:\/\/gohike.lv\/ru\/produkts\/thermopad-kaju-pirkstu-silditajs\/\" \/>\n<meta property=\"og:site_name\" content=\"GoHike\" \/>\n<meta property=\"article:publisher\" content=\"https:\/\/www.facebook.com\/gohike.shop\/\" \/>\n<meta property=\"article:modified_time\" content=\"2026-01-27T17:42:54+00:00\" \/>\n<meta property=\"og:image\" content=\"https:\/\/gohike.lv\/wp-content\/uploads\/2024\/02\/Toe-warmer.jpg\" \/>\n\t<meta property=\"og:image:width\" content=\"1500\" \/>\n\t<meta property=\"og:image:height\" content=\"1500\" \/>\n\t<meta property=\"og:image:type\" content=\"image\/jpeg\" \/>\n<meta name=\"twitter:card\" content=\"summary_large_image\" \/>\n<meta name=\"twitter:title\" content=\"Thermopad - Sild\u012bt\u0101ji un izdz\u012bvo\u0161ana - P\u0113du sild\u012bt\u0101ji\" \/>\n<meta name=\"twitter:label1\" content=\"\u041f\u0440\u0438\u043c\u0435\u0440\u043d\u043e\u0435 \u0432\u0440\u0435\u043c\u044f \u0434\u043b\u044f \u0447\u0442\u0435\u043d\u0438\u044f\" \/>\n\t<meta name=\"twitter:data1\" content=\"1 \u043c\u0438\u043d\u0443\u0442\u0430\" \/>\n<script type=\"application\/ld+json\" class=\"yoast-schema-graph\">{\"@context\":\"https:\\\/\\\/schema.org\",\"@graph\":[{\"@type\":[\"WebPage\",\"ItemPage\"],\"@id\":\"https:\\\/\\\/gohike.lv\\\/ru\\\/produkts\\\/thermopad-kaju-pirkstu-silditajs\\\/\",\"url\":\"https:\\\/\\\/gohike.lv\\\/ru\\\/produkts\\\/thermopad-kaju-pirkstu-silditajs\\\/\",\"name\":\"Thermopad - K\u0101ju pirkstu sild\u012bt\u0101js\",\"isPartOf\":{\"@id\":\"https:\\\/\\\/gohike.lv\\\/ru\\\/#website\"},\"primaryImageOfPage\":{\"@id\":\"https:\\\/\\\/gohike.lv\\\/ru\\\/produkts\\\/thermopad-kaju-pirkstu-silditajs\\\/#primaryimage\"},\"image\":{\"@id\":\"https:\\\/\\\/gohike.lv\\\/ru\\\/produkts\\\/thermopad-kaju-pirkstu-silditajs\\\/#primaryimage\"},\"thumbnailUrl\":\"https:\\\/\\\/gohike.lv\\\/wp-content\\\/uploads\\\/2024\\\/02\\\/Toe-warmer.jpg\",\"datePublished\":\"2024-05-08T12:21:05+00:00\",\"dateModified\":\"2026-01-27T17:42:54+00:00\",\"description\":\"\u012apa\u0161i pl\u0101ni pirkstu sild\u012bt\u0101ji saglab\u0101 p\u0113das siltas l\u012bdz pat 8 stund\u0101m. Termiskie spilventi\u0146i ir klimatneitr\u0101li.\",\"breadcrumb\":{\"@id\":\"https:\\\/\\\/gohike.lv\\\/ru\\\/produkts\\\/thermopad-kaju-pirkstu-silditajs\\\/#breadcrumb\"},\"inLanguage\":\"ru-RU\",\"potentialAction\":[{\"@type\":\"ReadAction\",\"target\":[\"https:\\\/\\\/gohike.lv\\\/ru\\\/produkts\\\/thermopad-kaju-pirkstu-silditajs\\\/\"]}]},{\"@type\":\"ImageObject\",\"inLanguage\":\"ru-RU\",\"@id\":\"https:\\\/\\\/gohike.lv\\\/ru\\\/produkts\\\/thermopad-kaju-pirkstu-silditajs\\\/#primaryimage\",\"url\":\"https:\\\/\\\/gohike.lv\\\/wp-content\\\/uploads\\\/2024\\\/02\\\/Toe-warmer.jpg\",\"contentUrl\":\"https:\\\/\\\/gohike.lv\\\/wp-content\\\/uploads\\\/2024\\\/02\\\/Toe-warmer.jpg\",\"width\":1500,\"height\":1500},{\"@type\":\"BreadcrumbList\",\"@id\":\"https:\\\/\\\/gohike.lv\\\/ru\\\/produkts\\\/thermopad-kaju-pirkstu-silditajs\\\/#breadcrumb\",\"itemListElement\":[{\"@type\":\"ListItem\",\"position\":1,\"name\":\"\u0413\u043b\u0430\u0432\u043d\u0430\u044f\",\"item\":\"https:\\\/\\\/gohike.lv\\\/ru\\\/\"},{\"@type\":\"ListItem\",\"position\":2,\"name\":\"\u041a\u0430\u0442\u0435\u0433\u043e\u0440\u0438\u0438 \u0442\u043e\u0432\u0430\u0440\u043e\u0432\",\"item\":\"https:\\\/\\\/gohike.lv\\\/%d0%ba%d0%b0%d1%82%d0%b5%d0%b3%d0%be%d1%80%d0%b8%d0%b8-%d1%82%d0%be%d0%b2%d0%b0%d1%80%d0%be%d0%b2\\\/\"},{\"@type\":\"ListItem\",\"position\":3,\"name\":\"Thermopad &#8211; K\u0101ju pirkstu sild\u012bt\u0101js\"}]},{\"@type\":\"WebSite\",\"@id\":\"https:\\\/\\\/gohike.lv\\\/ru\\\/#website\",\"url\":\"https:\\\/\\\/gohike.lv\\\/ru\\\/\",\"name\":\"GoHike\",\"description\":\"\",\"publisher\":{\"@id\":\"https:\\\/\\\/gohike.lv\\\/ru\\\/#organization\"},\"potentialAction\":[{\"@type\":\"SearchAction\",\"target\":{\"@type\":\"EntryPoint\",\"urlTemplate\":\"https:\\\/\\\/gohike.lv\\\/ru\\\/?s={search_term_string}\"},\"query-input\":{\"@type\":\"PropertyValueSpecification\",\"valueRequired\":true,\"valueName\":\"search_term_string\"}}],\"inLanguage\":\"ru-RU\"},{\"@type\":\"Organization\",\"@id\":\"https:\\\/\\\/gohike.lv\\\/ru\\\/#organization\",\"name\":\"GoHike\",\"url\":\"https:\\\/\\\/gohike.lv\\\/ru\\\/\",\"logo\":{\"@type\":\"ImageObject\",\"inLanguage\":\"ru-RU\",\"@id\":\"https:\\\/\\\/gohike.lv\\\/ru\\\/#\\\/schema\\\/logo\\\/image\\\/\",\"url\":\"https:\\\/\\\/gohike.lv\\\/wp-content\\\/uploads\\\/2023\\\/08\\\/Logo_GoHike.webp\",\"contentUrl\":\"https:\\\/\\\/gohike.lv\\\/wp-content\\\/uploads\\\/2023\\\/08\\\/Logo_GoHike.webp\",\"width\":512,\"height\":512,\"caption\":\"GoHike\"},\"image\":{\"@id\":\"https:\\\/\\\/gohike.lv\\\/ru\\\/#\\\/schema\\\/logo\\\/image\\\/\"},\"sameAs\":[\"https:\\\/\\\/www.facebook.com\\\/gohike.shop\\\/\",\"https:\\\/\\\/www.instagram.com\\\/gohike.shop\\\/\"]}]}<\/script>\n<!-- \/ Yoast SEO plugin. -->","yoast_head_json":{"title":"Thermopad - K\u0101ju pirkstu sild\u012bt\u0101js","description":"\u012apa\u0161i pl\u0101ni pirkstu sild\u012bt\u0101ji saglab\u0101 p\u0113das siltas l\u012bdz pat 8 stund\u0101m. Termiskie spilventi\u0146i ir klimatneitr\u0101li.","robots":{"index":"index","follow":"follow","max-snippet":"max-snippet:-1","max-image-preview":"max-image-preview:large","max-video-preview":"max-video-preview:-1"},"canonical":"https:\/\/gohike.lv\/ru\/produkts\/thermopad-kaju-pirkstu-silditajs\/","og_locale":"ru_RU","og_type":"article","og_title":"Thermopad - Sild\u012bt\u0101ji un izdz\u012bvo\u0161ana - P\u0113du sild\u012bt\u0101ji","og_description":"\u012apa\u0161i pl\u0101ni pirkstu sild\u012bt\u0101ji saglab\u0101 p\u0113das siltas l\u012bdz pat 8 stund\u0101m. Termiskie spilventi\u0146i ir klimatneitr\u0101li.","og_url":"https:\/\/gohike.lv\/ru\/produkts\/thermopad-kaju-pirkstu-silditajs\/","og_site_name":"GoHike","article_publisher":"https:\/\/www.facebook.com\/gohike.shop\/","article_modified_time":"2026-01-27T17:42:54+00:00","og_image":[{"width":1500,"height":1500,"url":"https:\/\/gohike.lv\/wp-content\/uploads\/2024\/02\/Toe-warmer.jpg","type":"image\/jpeg"}],"twitter_card":"summary_large_image","twitter_title":"Thermopad - Sild\u012bt\u0101ji un izdz\u012bvo\u0161ana - P\u0113du sild\u012bt\u0101ji","twitter_misc":{"\u041f\u0440\u0438\u043c\u0435\u0440\u043d\u043e\u0435 \u0432\u0440\u0435\u043c\u044f \u0434\u043b\u044f \u0447\u0442\u0435\u043d\u0438\u044f":"1 \u043c\u0438\u043d\u0443\u0442\u0430"},"schema":{"@context":"https:\/\/schema.org","@graph":[{"@type":["WebPage","ItemPage"],"@id":"https:\/\/gohike.lv\/ru\/produkts\/thermopad-kaju-pirkstu-silditajs\/","url":"https:\/\/gohike.lv\/ru\/produkts\/thermopad-kaju-pirkstu-silditajs\/","name":"Thermopad - K\u0101ju pirkstu sild\u012bt\u0101js","isPartOf":{"@id":"https:\/\/gohike.lv\/ru\/#website"},"primaryImageOfPage":{"@id":"https:\/\/gohike.lv\/ru\/produkts\/thermopad-kaju-pirkstu-silditajs\/#primaryimage"},"image":{"@id":"https:\/\/gohike.lv\/ru\/produkts\/thermopad-kaju-pirkstu-silditajs\/#primaryimage"},"thumbnailUrl":"https:\/\/gohike.lv\/wp-content\/uploads\/2024\/02\/Toe-warmer.jpg","datePublished":"2024-05-08T12:21:05+00:00","dateModified":"2026-01-27T17:42:54+00:00","description":"\u012apa\u0161i pl\u0101ni pirkstu sild\u012bt\u0101ji saglab\u0101 p\u0113das siltas l\u012bdz pat 8 stund\u0101m. Termiskie spilventi\u0146i ir klimatneitr\u0101li.","breadcrumb":{"@id":"https:\/\/gohike.lv\/ru\/produkts\/thermopad-kaju-pirkstu-silditajs\/#breadcrumb"},"inLanguage":"ru-RU","potentialAction":[{"@type":"ReadAction","target":["https:\/\/gohike.lv\/ru\/produkts\/thermopad-kaju-pirkstu-silditajs\/"]}]},{"@type":"ImageObject","inLanguage":"ru-RU","@id":"https:\/\/gohike.lv\/ru\/produkts\/thermopad-kaju-pirkstu-silditajs\/#primaryimage","url":"https:\/\/gohike.lv\/wp-content\/uploads\/2024\/02\/Toe-warmer.jpg","contentUrl":"https:\/\/gohike.lv\/wp-content\/uploads\/2024\/02\/Toe-warmer.jpg","width":1500,"height":1500},{"@type":"BreadcrumbList","@id":"https:\/\/gohike.lv\/ru\/produkts\/thermopad-kaju-pirkstu-silditajs\/#breadcrumb","itemListElement":[{"@type":"ListItem","position":1,"name":"\u0413\u043b\u0430\u0432\u043d\u0430\u044f","item":"https:\/\/gohike.lv\/ru\/"},{"@type":"ListItem","position":2,"name":"\u041a\u0430\u0442\u0435\u0433\u043e\u0440\u0438\u0438 \u0442\u043e\u0432\u0430\u0440\u043e\u0432","item":"https:\/\/gohike.lv\/%d0%ba%d0%b0%d1%82%d0%b5%d0%b3%d0%be%d1%80%d0%b8%d0%b8-%d1%82%d0%be%d0%b2%d0%b0%d1%80%d0%be%d0%b2\/"},{"@type":"ListItem","position":3,"name":"Thermopad &#8211; K\u0101ju pirkstu sild\u012bt\u0101js"}]},{"@type":"WebSite","@id":"https:\/\/gohike.lv\/ru\/#website","url":"https:\/\/gohike.lv\/ru\/","name":"GoHike","description":"","publisher":{"@id":"https:\/\/gohike.lv\/ru\/#organization"},"potentialAction":[{"@type":"SearchAction","target":{"@type":"EntryPoint","urlTemplate":"https:\/\/gohike.lv\/ru\/?s={search_term_string}"},"query-input":{"@type":"PropertyValueSpecification","valueRequired":true,"valueName":"search_term_string"}}],"inLanguage":"ru-RU"},{"@type":"Organization","@id":"https:\/\/gohike.lv\/ru\/#organization","name":"GoHike","url":"https:\/\/gohike.lv\/ru\/","logo":{"@type":"ImageObject","inLanguage":"ru-RU","@id":"https:\/\/gohike.lv\/ru\/#\/schema\/logo\/image\/","url":"https:\/\/gohike.lv\/wp-content\/uploads\/2023\/08\/Logo_GoHike.webp","contentUrl":"https:\/\/gohike.lv\/wp-content\/uploads\/2023\/08\/Logo_GoHike.webp","width":512,"height":512,"caption":"GoHike"},"image":{"@id":"https:\/\/gohike.lv\/ru\/#\/schema\/logo\/image\/"},"sameAs":["https:\/\/www.facebook.com\/gohike.shop\/","https:\/\/www.instagram.com\/gohike.shop\/"]}]}},"jetpack_sharing_enabled":true,"_links":{"self":[{"href":"https:\/\/gohike.lv\/ru\/wp-json\/wp\/v2\/product\/53770","targetHints":{"allow":["GET"]}}],"collection":[{"href":"https:\/\/gohike.lv\/ru\/wp-json\/wp\/v2\/product"}],"about":[{"href":"https:\/\/gohike.lv\/ru\/wp-json\/wp\/v2\/types\/product"}],"version-history":[{"count":0,"href":"https:\/\/gohike.lv\/ru\/wp-json\/wp\/v2\/product\/53770\/revisions"}],"wp:featuredmedia":[{"embeddable":true,"href":"https:\/\/gohike.lv\/ru\/wp-json\/wp\/v2\/media\/14433"}],"wp:attachment":[{"href":"https:\/\/gohike.lv\/ru\/wp-json\/wp\/v2\/media?parent=53770"}],"wp:term":[{"taxonomy":"product_brand","embeddable":true,"href":"https:\/\/gohike.lv\/ru\/wp-json\/wp\/v2\/product_brand?post=53770"},{"taxonomy":"product_cat","embeddable":true,"href":"https:\/\/gohike.lv\/ru\/wp-json\/wp\/v2\/product_cat?post=53770"},{"taxonomy":"product_tag","embeddable":true,"href":"https:\/\/gohike.lv\/ru\/wp-json\/wp\/v2\/product_tag?post=53770"}],"curies":[{"name":"wp","href":"https:\/\/api.w.org\/{rel}","templated":true}]}}