{"id":53768,"date":"2024-05-08T15:21:05","date_gmt":"2024-05-08T12:21:05","guid":{"rendered":"https:\/\/gohike.lv\/produkts\/thermopad-roku-silditajs\/"},"modified":"2026-01-02T20:20:37","modified_gmt":"2026-01-02T17:20:37","slug":"thermopad-roku-silditajs","status":"publish","type":"product","link":"https:\/\/gohike.lv\/ru\/produkts\/thermopad-roku-silditajs\/","title":{"rendered":"Thermopad &#8212; Roku sild\u012bt\u0101js"},"content":{"rendered":"<p>Spilventi\u0146i ir izgatavoti no dab\u012bgu materi\u0101lu mais\u012bjuma: dzelzs pulveris, s\u0101ls, ogles, \u016bdens un vermikul\u012bts.<br \/>\n\u0160o mais\u012bjumu ieskauj m\u012bksta elpojo\u0161a membr\u0101na. Mais\u012bjums uzsilst, mijiedarbojoties ar sk\u0101bekli.<br \/>\nRaksturlielumi:<br \/>\nMaksim\u0101l\u0101 temperat\u016bra: 65\u00b0C;<br \/>\nVid\u0113j\u0101 temperat\u016bra: 55\u00b0C;<br \/>\nSiltuma ilgums: 8 st;<br \/>\nIzm\u0113rs: 88 \u00d7 54 mm;<br \/>\nSvars: 48 g.<br \/>\nNav uzliesmojo\u0161s un nav toksisks.<br \/>\nIepakojum\u0101 viens p\u0101ris vienai lieto\u0161anas reizei.<br \/>\nUzglab\u0101\u0161anas laiks: vair\u0101ki gadi.<br \/>\nTermopadu priek\u0161roc\u012bbas: viegli uzglab\u0101t, nav nepiecie\u0161ama iepriek\u0161\u0113ja uzsild\u012b\u0161ana, viegli un \u0113rti.<br \/>\n<iframe title=\"THERMOPAD Handw\u00e4rmer\" width=\"1200\" height=\"675\" src=\"https:\/\/www.youtube.com\/embed\/lS3t4zG7WFo?feature=oembed\" frameborder=\"0\" allow=\"accelerometer; autoplay; clipboard-write; encrypted-media; gyroscope; picture-in-picture; web-share\" referrerpolicy=\"strict-origin-when-cross-origin\" allowfullscreen><\/iframe><\/p>\n","protected":false},"excerpt":{"rendered":"<p>Thermopad roku sild\u012bt\u0101jus var \u0113rti ievietot cimdos, kabat\u0101s vai vienk\u0101r\u0161i tur\u0113t rok\u0101s. Nodro\u0161ina siltumu l\u012bdz 8 stund\u0101m.<\/p>\n","protected":false},"featured_media":9631,"template":"","meta":[],"product_brand":[1309],"product_cat":[1315],"product_tag":[],"class_list":{"0":"post-53768","1":"product","2":"type-product","3":"status-publish","4":"has-post-thumbnail","6":"product_brand-thermopad-lv","7":"product_cat-silditaji-un-aptiecinas","8":"pa_izmers-88-x-54-mm","9":"pa_materiali-ogles","10":"pa_materiali-sals","11":"pa_materiali-spilventini-ir-izgatavoti-no-dabigu-materialu-maisijuma-dzelzs-pulveris","12":"pa_materiali-udens-un-vermikulits","13":"pa_produkta-tips-roku-silditaji","15":"first","16":"outofstock","17":"taxable","18":"shipping-taxable","19":"purchasable","20":"product-type-simple"},"raw_content":{"name":"Thermopad - Roku sild\u012bt\u0101js","description":"Spilventi\u0146i ir izgatavoti no dab\u012bgu materi\u0101lu mais\u012bjuma: dzelzs pulveris, s\u0101ls, ogles, \u016bdens un vermikul\u012bts.\n\u0160o mais\u012bjumu ieskauj m\u012bksta elpojo\u0161a membr\u0101na. Mais\u012bjums uzsilst, mijiedarbojoties ar sk\u0101bekli.\nRaksturlielumi:\nMaksim\u0101l\u0101 temperat\u016bra: 65\u00b0C;\nVid\u0113j\u0101 temperat\u016bra: 55\u00b0C;\nSiltuma ilgums: 8 st;\nIzm\u0113rs: 88 \u00d7 54 mm;\nSvars: 48 g.\nNav uzliesmojo\u0161s un nav toksisks.\nIepakojum\u0101 viens p\u0101ris vienai lieto\u0161anas reizei.\nUzglab\u0101\u0161anas laiks: vair\u0101ki gadi.\nTermopadu priek\u0161roc\u012bbas: viegli uzglab\u0101t, nav nepiecie\u0161ama iepriek\u0161\u0113ja uzsild\u012b\u0161ana, viegli un \u0113rti.\nhttps:\/\/youtu.be\/lS3t4zG7WFo","short_description":"Thermopad roku sild\u012bt\u0101jus var \u0113rti ievietot cimdos, kabat\u0101s vai vienk\u0101r\u0161i tur\u0113t rok\u0101s. Nodro\u0161ina siltumu l\u012bdz 8 stund\u0101m.","status":"publish","sku":"L198-185010","original":53768},"wpml":{"translation_type":1,"has_translations":true,"original":53768,"duplicates":[],"translations":{"lv":53768,"en":67820,"ru":null}},"supplier_id":null,"supplier_sku":"","barcode":null,"atum_controlled":true,"out_stock_date":"2025-12-15 22:41:27","out_stock_threshold":null,"inheritable":false,"inbound_stock":null,"stock_on_hold":0,"sold_today":0,"sales_last_days":8,"reserved_stock":null,"customer_returns":null,"warehouse_damage":null,"lost_in_post":null,"other_logs":null,"out_stock_days":2,"lost_sales":4,"has_location":false,"update_date":"2026-01-02T17:20:38","atum_locations":[],"atum_stock_status":"outofstock","restock_status":false,"low_stock_amount":"","sales_update_date":"2025-12-18T15:56:16","calc_backorders":null,"yoast_head":"<!-- This site is optimized with the Yoast SEO plugin v27.3 - https:\/\/yoast.com\/product\/yoast-seo-wordpress\/ -->\n<title>Thermopad - Roku sild\u012bt\u0101js<\/title>\n<meta name=\"description\" content=\"Thermopad roku sild\u012bt\u0101jus var \u0113rti ievietot cimdos, kabat\u0101s vai vienk\u0101r\u0161i tur\u0113t rok\u0101s. Nodro\u0161ina siltumu l\u012bdz 8 stund\u0101m.\" \/>\n<meta name=\"robots\" content=\"index, follow, max-snippet:-1, max-image-preview:large, max-video-preview:-1\" \/>\n<link rel=\"canonical\" href=\"https:\/\/gohike.lv\/ru\/produkts\/thermopad-roku-silditajs\/\" \/>\n<meta property=\"og:locale\" content=\"ru_RU\" \/>\n<meta property=\"og:type\" content=\"article\" \/>\n<meta property=\"og:title\" content=\"Thermopad - Sild\u012bt\u0101ji un izdz\u012bvo\u0161ana - Roku sild\u012bt\u0101js\" \/>\n<meta property=\"og:description\" content=\"Thermopad roku sild\u012bt\u0101jus var \u0113rti ievietot cimdos, kabat\u0101s vai vienk\u0101r\u0161i tur\u0113t rok\u0101s. Nodro\u0161ina siltumu l\u012bdz 8 stund\u0101m.\" \/>\n<meta property=\"og:url\" content=\"https:\/\/gohike.lv\/ru\/produkts\/thermopad-roku-silditajs\/\" \/>\n<meta property=\"og:site_name\" content=\"GoHike\" \/>\n<meta property=\"article:publisher\" content=\"https:\/\/www.facebook.com\/gohike.shop\/\" \/>\n<meta property=\"article:modified_time\" content=\"2026-01-02T17:20:37+00:00\" \/>\n<meta property=\"og:image\" content=\"https:\/\/gohike.lv\/wp-content\/uploads\/2023\/11\/hand-warmers-1.jpg\" \/>\n\t<meta property=\"og:image:width\" content=\"700\" \/>\n\t<meta property=\"og:image:height\" content=\"700\" \/>\n\t<meta property=\"og:image:type\" content=\"image\/jpeg\" \/>\n<meta name=\"twitter:card\" content=\"summary_large_image\" \/>\n<meta name=\"twitter:title\" content=\"Thermopad - Sild\u012bt\u0101ji un izdz\u012bvo\u0161ana - Roku sild\u012bt\u0101js\" \/>\n<meta name=\"twitter:label1\" content=\"\u041f\u0440\u0438\u043c\u0435\u0440\u043d\u043e\u0435 \u0432\u0440\u0435\u043c\u044f \u0434\u043b\u044f \u0447\u0442\u0435\u043d\u0438\u044f\" \/>\n\t<meta name=\"twitter:data1\" content=\"1 \u043c\u0438\u043d\u0443\u0442\u0430\" \/>\n<script type=\"application\/ld+json\" class=\"yoast-schema-graph\">{\"@context\":\"https:\\\/\\\/schema.org\",\"@graph\":[{\"@type\":[\"WebPage\",\"ItemPage\"],\"@id\":\"https:\\\/\\\/gohike.lv\\\/ru\\\/produkts\\\/thermopad-roku-silditajs\\\/\",\"url\":\"https:\\\/\\\/gohike.lv\\\/ru\\\/produkts\\\/thermopad-roku-silditajs\\\/\",\"name\":\"Thermopad - Roku sild\u012bt\u0101js\",\"isPartOf\":{\"@id\":\"https:\\\/\\\/gohike.lv\\\/ru\\\/#website\"},\"primaryImageOfPage\":{\"@id\":\"https:\\\/\\\/gohike.lv\\\/ru\\\/produkts\\\/thermopad-roku-silditajs\\\/#primaryimage\"},\"image\":{\"@id\":\"https:\\\/\\\/gohike.lv\\\/ru\\\/produkts\\\/thermopad-roku-silditajs\\\/#primaryimage\"},\"thumbnailUrl\":\"https:\\\/\\\/gohike.lv\\\/wp-content\\\/uploads\\\/2023\\\/11\\\/hand-warmers-1.jpg\",\"datePublished\":\"2024-05-08T12:21:05+00:00\",\"dateModified\":\"2026-01-02T17:20:37+00:00\",\"description\":\"Thermopad roku sild\u012bt\u0101jus var \u0113rti ievietot cimdos, kabat\u0101s vai vienk\u0101r\u0161i tur\u0113t rok\u0101s. Nodro\u0161ina siltumu l\u012bdz 8 stund\u0101m.\",\"breadcrumb\":{\"@id\":\"https:\\\/\\\/gohike.lv\\\/ru\\\/produkts\\\/thermopad-roku-silditajs\\\/#breadcrumb\"},\"inLanguage\":\"ru-RU\",\"potentialAction\":[{\"@type\":\"ReadAction\",\"target\":[\"https:\\\/\\\/gohike.lv\\\/ru\\\/produkts\\\/thermopad-roku-silditajs\\\/\"]}]},{\"@type\":\"ImageObject\",\"inLanguage\":\"ru-RU\",\"@id\":\"https:\\\/\\\/gohike.lv\\\/ru\\\/produkts\\\/thermopad-roku-silditajs\\\/#primaryimage\",\"url\":\"https:\\\/\\\/gohike.lv\\\/wp-content\\\/uploads\\\/2023\\\/11\\\/hand-warmers-1.jpg\",\"contentUrl\":\"https:\\\/\\\/gohike.lv\\\/wp-content\\\/uploads\\\/2023\\\/11\\\/hand-warmers-1.jpg\",\"width\":700,\"height\":700},{\"@type\":\"BreadcrumbList\",\"@id\":\"https:\\\/\\\/gohike.lv\\\/ru\\\/produkts\\\/thermopad-roku-silditajs\\\/#breadcrumb\",\"itemListElement\":[{\"@type\":\"ListItem\",\"position\":1,\"name\":\"\u0413\u043b\u0430\u0432\u043d\u0430\u044f\",\"item\":\"https:\\\/\\\/gohike.lv\\\/ru\\\/\"},{\"@type\":\"ListItem\",\"position\":2,\"name\":\"\u041a\u0430\u0442\u0435\u0433\u043e\u0440\u0438\u0438 \u0442\u043e\u0432\u0430\u0440\u043e\u0432\",\"item\":\"https:\\\/\\\/gohike.lv\\\/%d0%ba%d0%b0%d1%82%d0%b5%d0%b3%d0%be%d1%80%d0%b8%d0%b8-%d1%82%d0%be%d0%b2%d0%b0%d1%80%d0%be%d0%b2\\\/\"},{\"@type\":\"ListItem\",\"position\":3,\"name\":\"Thermopad &#8211; Roku sild\u012bt\u0101js\"}]},{\"@type\":\"WebSite\",\"@id\":\"https:\\\/\\\/gohike.lv\\\/ru\\\/#website\",\"url\":\"https:\\\/\\\/gohike.lv\\\/ru\\\/\",\"name\":\"GoHike\",\"description\":\"\",\"publisher\":{\"@id\":\"https:\\\/\\\/gohike.lv\\\/ru\\\/#organization\"},\"potentialAction\":[{\"@type\":\"SearchAction\",\"target\":{\"@type\":\"EntryPoint\",\"urlTemplate\":\"https:\\\/\\\/gohike.lv\\\/ru\\\/?s={search_term_string}\"},\"query-input\":{\"@type\":\"PropertyValueSpecification\",\"valueRequired\":true,\"valueName\":\"search_term_string\"}}],\"inLanguage\":\"ru-RU\"},{\"@type\":\"Organization\",\"@id\":\"https:\\\/\\\/gohike.lv\\\/ru\\\/#organization\",\"name\":\"GoHike\",\"url\":\"https:\\\/\\\/gohike.lv\\\/ru\\\/\",\"logo\":{\"@type\":\"ImageObject\",\"inLanguage\":\"ru-RU\",\"@id\":\"https:\\\/\\\/gohike.lv\\\/ru\\\/#\\\/schema\\\/logo\\\/image\\\/\",\"url\":\"https:\\\/\\\/gohike.lv\\\/wp-content\\\/uploads\\\/2023\\\/08\\\/Logo_GoHike.webp\",\"contentUrl\":\"https:\\\/\\\/gohike.lv\\\/wp-content\\\/uploads\\\/2023\\\/08\\\/Logo_GoHike.webp\",\"width\":512,\"height\":512,\"caption\":\"GoHike\"},\"image\":{\"@id\":\"https:\\\/\\\/gohike.lv\\\/ru\\\/#\\\/schema\\\/logo\\\/image\\\/\"},\"sameAs\":[\"https:\\\/\\\/www.facebook.com\\\/gohike.shop\\\/\",\"https:\\\/\\\/www.instagram.com\\\/gohike.shop\\\/\"]}]}<\/script>\n<!-- \/ Yoast SEO plugin. -->","yoast_head_json":{"title":"Thermopad - Roku sild\u012bt\u0101js","description":"Thermopad roku sild\u012bt\u0101jus var \u0113rti ievietot cimdos, kabat\u0101s vai vienk\u0101r\u0161i tur\u0113t rok\u0101s. Nodro\u0161ina siltumu l\u012bdz 8 stund\u0101m.","robots":{"index":"index","follow":"follow","max-snippet":"max-snippet:-1","max-image-preview":"max-image-preview:large","max-video-preview":"max-video-preview:-1"},"canonical":"https:\/\/gohike.lv\/ru\/produkts\/thermopad-roku-silditajs\/","og_locale":"ru_RU","og_type":"article","og_title":"Thermopad - Sild\u012bt\u0101ji un izdz\u012bvo\u0161ana - Roku sild\u012bt\u0101js","og_description":"Thermopad roku sild\u012bt\u0101jus var \u0113rti ievietot cimdos, kabat\u0101s vai vienk\u0101r\u0161i tur\u0113t rok\u0101s. Nodro\u0161ina siltumu l\u012bdz 8 stund\u0101m.","og_url":"https:\/\/gohike.lv\/ru\/produkts\/thermopad-roku-silditajs\/","og_site_name":"GoHike","article_publisher":"https:\/\/www.facebook.com\/gohike.shop\/","article_modified_time":"2026-01-02T17:20:37+00:00","og_image":[{"width":700,"height":700,"url":"https:\/\/gohike.lv\/wp-content\/uploads\/2023\/11\/hand-warmers-1.jpg","type":"image\/jpeg"}],"twitter_card":"summary_large_image","twitter_title":"Thermopad - Sild\u012bt\u0101ji un izdz\u012bvo\u0161ana - Roku sild\u012bt\u0101js","twitter_misc":{"\u041f\u0440\u0438\u043c\u0435\u0440\u043d\u043e\u0435 \u0432\u0440\u0435\u043c\u044f \u0434\u043b\u044f \u0447\u0442\u0435\u043d\u0438\u044f":"1 \u043c\u0438\u043d\u0443\u0442\u0430"},"schema":{"@context":"https:\/\/schema.org","@graph":[{"@type":["WebPage","ItemPage"],"@id":"https:\/\/gohike.lv\/ru\/produkts\/thermopad-roku-silditajs\/","url":"https:\/\/gohike.lv\/ru\/produkts\/thermopad-roku-silditajs\/","name":"Thermopad - Roku sild\u012bt\u0101js","isPartOf":{"@id":"https:\/\/gohike.lv\/ru\/#website"},"primaryImageOfPage":{"@id":"https:\/\/gohike.lv\/ru\/produkts\/thermopad-roku-silditajs\/#primaryimage"},"image":{"@id":"https:\/\/gohike.lv\/ru\/produkts\/thermopad-roku-silditajs\/#primaryimage"},"thumbnailUrl":"https:\/\/gohike.lv\/wp-content\/uploads\/2023\/11\/hand-warmers-1.jpg","datePublished":"2024-05-08T12:21:05+00:00","dateModified":"2026-01-02T17:20:37+00:00","description":"Thermopad roku sild\u012bt\u0101jus var \u0113rti ievietot cimdos, kabat\u0101s vai vienk\u0101r\u0161i tur\u0113t rok\u0101s. Nodro\u0161ina siltumu l\u012bdz 8 stund\u0101m.","breadcrumb":{"@id":"https:\/\/gohike.lv\/ru\/produkts\/thermopad-roku-silditajs\/#breadcrumb"},"inLanguage":"ru-RU","potentialAction":[{"@type":"ReadAction","target":["https:\/\/gohike.lv\/ru\/produkts\/thermopad-roku-silditajs\/"]}]},{"@type":"ImageObject","inLanguage":"ru-RU","@id":"https:\/\/gohike.lv\/ru\/produkts\/thermopad-roku-silditajs\/#primaryimage","url":"https:\/\/gohike.lv\/wp-content\/uploads\/2023\/11\/hand-warmers-1.jpg","contentUrl":"https:\/\/gohike.lv\/wp-content\/uploads\/2023\/11\/hand-warmers-1.jpg","width":700,"height":700},{"@type":"BreadcrumbList","@id":"https:\/\/gohike.lv\/ru\/produkts\/thermopad-roku-silditajs\/#breadcrumb","itemListElement":[{"@type":"ListItem","position":1,"name":"\u0413\u043b\u0430\u0432\u043d\u0430\u044f","item":"https:\/\/gohike.lv\/ru\/"},{"@type":"ListItem","position":2,"name":"\u041a\u0430\u0442\u0435\u0433\u043e\u0440\u0438\u0438 \u0442\u043e\u0432\u0430\u0440\u043e\u0432","item":"https:\/\/gohike.lv\/%d0%ba%d0%b0%d1%82%d0%b5%d0%b3%d0%be%d1%80%d0%b8%d0%b8-%d1%82%d0%be%d0%b2%d0%b0%d1%80%d0%be%d0%b2\/"},{"@type":"ListItem","position":3,"name":"Thermopad &#8211; Roku sild\u012bt\u0101js"}]},{"@type":"WebSite","@id":"https:\/\/gohike.lv\/ru\/#website","url":"https:\/\/gohike.lv\/ru\/","name":"GoHike","description":"","publisher":{"@id":"https:\/\/gohike.lv\/ru\/#organization"},"potentialAction":[{"@type":"SearchAction","target":{"@type":"EntryPoint","urlTemplate":"https:\/\/gohike.lv\/ru\/?s={search_term_string}"},"query-input":{"@type":"PropertyValueSpecification","valueRequired":true,"valueName":"search_term_string"}}],"inLanguage":"ru-RU"},{"@type":"Organization","@id":"https:\/\/gohike.lv\/ru\/#organization","name":"GoHike","url":"https:\/\/gohike.lv\/ru\/","logo":{"@type":"ImageObject","inLanguage":"ru-RU","@id":"https:\/\/gohike.lv\/ru\/#\/schema\/logo\/image\/","url":"https:\/\/gohike.lv\/wp-content\/uploads\/2023\/08\/Logo_GoHike.webp","contentUrl":"https:\/\/gohike.lv\/wp-content\/uploads\/2023\/08\/Logo_GoHike.webp","width":512,"height":512,"caption":"GoHike"},"image":{"@id":"https:\/\/gohike.lv\/ru\/#\/schema\/logo\/image\/"},"sameAs":["https:\/\/www.facebook.com\/gohike.shop\/","https:\/\/www.instagram.com\/gohike.shop\/"]}]}},"jetpack_sharing_enabled":true,"_links":{"self":[{"href":"https:\/\/gohike.lv\/ru\/wp-json\/wp\/v2\/product\/53768","targetHints":{"allow":["GET"]}}],"collection":[{"href":"https:\/\/gohike.lv\/ru\/wp-json\/wp\/v2\/product"}],"about":[{"href":"https:\/\/gohike.lv\/ru\/wp-json\/wp\/v2\/types\/product"}],"version-history":[{"count":0,"href":"https:\/\/gohike.lv\/ru\/wp-json\/wp\/v2\/product\/53768\/revisions"}],"wp:featuredmedia":[{"embeddable":true,"href":"https:\/\/gohike.lv\/ru\/wp-json\/wp\/v2\/media\/9631"}],"wp:attachment":[{"href":"https:\/\/gohike.lv\/ru\/wp-json\/wp\/v2\/media?parent=53768"}],"wp:term":[{"taxonomy":"product_brand","embeddable":true,"href":"https:\/\/gohike.lv\/ru\/wp-json\/wp\/v2\/product_brand?post=53768"},{"taxonomy":"product_cat","embeddable":true,"href":"https:\/\/gohike.lv\/ru\/wp-json\/wp\/v2\/product_cat?post=53768"},{"taxonomy":"product_tag","embeddable":true,"href":"https:\/\/gohike.lv\/ru\/wp-json\/wp\/v2\/product_tag?post=53768"}],"curies":[{"name":"wp","href":"https:\/\/api.w.org\/{rel}","templated":true}]}}