{"id":53760,"date":"2024-05-08T15:20:32","date_gmt":"2024-05-08T12:20:32","guid":{"rendered":"https:\/\/gohike.lv\/produkts\/lifesystems-silikona-celojumu-pudeles\/"},"modified":"2026-02-09T20:52:53","modified_gmt":"2026-02-09T17:52:53","slug":"lifeventure-silikona-celojumu-pudeles","status":"publish","type":"product","link":"https:\/\/gohike.lv\/ru\/produkts\/lifeventure-silikona-celojumu-pudeles\/","title":{"rendered":"Lifeventure &#8212; Silikona ce\u013cojumu pudeles"},"content":{"rendered":"<p>Iztur\u012bgs TPU \u0101r\u0113jais korpuss ar r\u0101v\u0113jsl\u0113dz\u0113ja aizdari.<br \/>\nAtbilst lidostas muitas pras\u012bb\u0101m.<br \/>\n3 x 89 ml izspie\u017eam\u0101s silikona pudeles.<\/p>\n","protected":false},"excerpt":{"rendered":"<p>\u0160is \u0113rtais silikona pude\u013cu komplekts ir ide\u0101li piem\u0113rots lidojumiem, jo atbilst lidostas muitas pras\u012bb\u0101m.<\/p>\n","protected":false},"featured_media":9613,"template":"","meta":[],"product_brand":[1308],"product_cat":[1380],"product_tag":[],"class_list":{"0":"post-53760","1":"product","2":"type-product","3":"status-publish","4":"has-post-thumbnail","6":"product_brand-lifeventure-lv","7":"product_cat-higiena","8":"pa_izmers-210-x-130-x-45mm","9":"pa_materiali-sintetisks","10":"pa_produkta-tips-pudelu-komplekts","11":"pa_tilpums-100ml","13":"first","14":"instock","15":"taxable","16":"shipping-taxable","17":"purchasable","18":"product-type-simple"},"raw_content":{"name":"Lifeventure - Silikona ce\u013cojumu pudeles","description":"Iztur\u012bgs TPU \u0101r\u0113jais korpuss ar r\u0101v\u0113jsl\u0113dz\u0113ja aizdari.\nAtbilst lidostas muitas pras\u012bb\u0101m.\n3 x 89 ml izspie\u017eam\u0101s silikona pudeles.","short_description":"\u0160is \u0113rtais silikona pude\u013cu komplekts ir ide\u0101li piem\u0113rots lidojumiem, jo atbilst lidostas muitas pras\u012bb\u0101m.","status":"publish","sku":"64220","original":53760},"wpml":{"translation_type":1,"has_translations":true,"original":53760,"duplicates":[],"translations":{"lv":53760,"en":67816,"ru":null}},"supplier_id":null,"supplier_sku":"","barcode":null,"atum_controlled":true,"out_stock_date":null,"out_stock_threshold":null,"inheritable":false,"inbound_stock":null,"stock_on_hold":0,"sold_today":0,"sales_last_days":0,"reserved_stock":null,"customer_returns":null,"warehouse_damage":null,"lost_in_post":null,"other_logs":null,"out_stock_days":0,"lost_sales":0,"has_location":null,"update_date":"2026-02-09T17:52:54","atum_locations":[],"atum_stock_status":"instock","restock_status":false,"low_stock_amount":"","sales_update_date":"2025-11-13T14:08:13","calc_backorders":null,"yoast_head":"<!-- This site is optimized with the Yoast SEO plugin v27.3 - https:\/\/yoast.com\/product\/yoast-seo-wordpress\/ -->\n<title>Lifeventure - Silikona ce\u013cojumu pudeles<\/title>\n<meta name=\"description\" content=\"\u0160is \u0113rtais silikona pude\u013cu komplekts ir ide\u0101li piem\u0113rots lidojumiem, jo atbilst lidostas muitas pras\u012bb\u0101m.\" \/>\n<meta name=\"robots\" content=\"index, follow, max-snippet:-1, max-image-preview:large, max-video-preview:-1\" \/>\n<link rel=\"canonical\" href=\"https:\/\/gohike.lv\/ru\/produkts\/lifeventure-silikona-celojumu-pudeles\/\" \/>\n<meta property=\"og:locale\" content=\"ru_RU\" \/>\n<meta property=\"og:type\" content=\"article\" \/>\n<meta property=\"og:title\" content=\"Lifesystems - Higi\u0113na - Pude\u013cu komplekts\" \/>\n<meta property=\"og:description\" content=\"\u0160is \u0113rtais silikona pude\u013cu komplekts ir ide\u0101li piem\u0113rots lidojumiem, jo atbilst lidostas muitas pras\u012bb\u0101m.\" \/>\n<meta property=\"og:url\" content=\"https:\/\/gohike.lv\/ru\/produkts\/lifeventure-silikona-celojumu-pudeles\/\" \/>\n<meta property=\"og:site_name\" content=\"GoHike\" \/>\n<meta property=\"article:publisher\" content=\"https:\/\/www.facebook.com\/gohike.shop\/\" \/>\n<meta property=\"article:modified_time\" content=\"2026-02-09T17:52:53+00:00\" \/>\n<meta property=\"og:image\" content=\"https:\/\/gohike.lv\/wp-content\/uploads\/2023\/11\/silicon-flight-bottle-set-1.webp\" \/>\n\t<meta property=\"og:image:width\" content=\"1100\" \/>\n\t<meta property=\"og:image:height\" content=\"1100\" \/>\n\t<meta property=\"og:image:type\" content=\"image\/webp\" \/>\n<meta name=\"twitter:card\" content=\"summary_large_image\" \/>\n<meta name=\"twitter:title\" content=\"Lifesystems - Higi\u0113na - Pude\u013cu komplekts\" \/>\n<meta name=\"twitter:label1\" content=\"\u041f\u0440\u0438\u043c\u0435\u0440\u043d\u043e\u0435 \u0432\u0440\u0435\u043c\u044f \u0434\u043b\u044f \u0447\u0442\u0435\u043d\u0438\u044f\" \/>\n\t<meta name=\"twitter:data1\" content=\"1 \u043c\u0438\u043d\u0443\u0442\u0430\" \/>\n<script type=\"application\/ld+json\" class=\"yoast-schema-graph\">{\"@context\":\"https:\\\/\\\/schema.org\",\"@graph\":[{\"@type\":[\"WebPage\",\"ItemPage\"],\"@id\":\"https:\\\/\\\/gohike.lv\\\/ru\\\/produkts\\\/lifeventure-silikona-celojumu-pudeles\\\/\",\"url\":\"https:\\\/\\\/gohike.lv\\\/ru\\\/produkts\\\/lifeventure-silikona-celojumu-pudeles\\\/\",\"name\":\"Lifeventure - Silikona ce\u013cojumu pudeles\",\"isPartOf\":{\"@id\":\"https:\\\/\\\/gohike.lv\\\/ru\\\/#website\"},\"primaryImageOfPage\":{\"@id\":\"https:\\\/\\\/gohike.lv\\\/ru\\\/produkts\\\/lifeventure-silikona-celojumu-pudeles\\\/#primaryimage\"},\"image\":{\"@id\":\"https:\\\/\\\/gohike.lv\\\/ru\\\/produkts\\\/lifeventure-silikona-celojumu-pudeles\\\/#primaryimage\"},\"thumbnailUrl\":\"https:\\\/\\\/gohike.lv\\\/wp-content\\\/uploads\\\/2023\\\/11\\\/silicon-flight-bottle-set-1.webp\",\"datePublished\":\"2024-05-08T12:20:32+00:00\",\"dateModified\":\"2026-02-09T17:52:53+00:00\",\"description\":\"\u0160is \u0113rtais silikona pude\u013cu komplekts ir ide\u0101li piem\u0113rots lidojumiem, jo atbilst lidostas muitas pras\u012bb\u0101m.\",\"breadcrumb\":{\"@id\":\"https:\\\/\\\/gohike.lv\\\/ru\\\/produkts\\\/lifeventure-silikona-celojumu-pudeles\\\/#breadcrumb\"},\"inLanguage\":\"ru-RU\",\"potentialAction\":[{\"@type\":\"ReadAction\",\"target\":[\"https:\\\/\\\/gohike.lv\\\/ru\\\/produkts\\\/lifeventure-silikona-celojumu-pudeles\\\/\"]}]},{\"@type\":\"ImageObject\",\"inLanguage\":\"ru-RU\",\"@id\":\"https:\\\/\\\/gohike.lv\\\/ru\\\/produkts\\\/lifeventure-silikona-celojumu-pudeles\\\/#primaryimage\",\"url\":\"https:\\\/\\\/gohike.lv\\\/wp-content\\\/uploads\\\/2023\\\/11\\\/silicon-flight-bottle-set-1.webp\",\"contentUrl\":\"https:\\\/\\\/gohike.lv\\\/wp-content\\\/uploads\\\/2023\\\/11\\\/silicon-flight-bottle-set-1.webp\",\"width\":1100,\"height\":1100},{\"@type\":\"BreadcrumbList\",\"@id\":\"https:\\\/\\\/gohike.lv\\\/ru\\\/produkts\\\/lifeventure-silikona-celojumu-pudeles\\\/#breadcrumb\",\"itemListElement\":[{\"@type\":\"ListItem\",\"position\":1,\"name\":\"\u0413\u043b\u0430\u0432\u043d\u0430\u044f\",\"item\":\"https:\\\/\\\/gohike.lv\\\/ru\\\/\"},{\"@type\":\"ListItem\",\"position\":2,\"name\":\"\u041a\u0430\u0442\u0435\u0433\u043e\u0440\u0438\u0438 \u0442\u043e\u0432\u0430\u0440\u043e\u0432\",\"item\":\"https:\\\/\\\/gohike.lv\\\/%d0%ba%d0%b0%d1%82%d0%b5%d0%b3%d0%be%d1%80%d0%b8%d0%b8-%d1%82%d0%be%d0%b2%d0%b0%d1%80%d0%be%d0%b2\\\/\"},{\"@type\":\"ListItem\",\"position\":3,\"name\":\"Lifeventure &#8211; Silikona ce\u013cojumu pudeles\"}]},{\"@type\":\"WebSite\",\"@id\":\"https:\\\/\\\/gohike.lv\\\/ru\\\/#website\",\"url\":\"https:\\\/\\\/gohike.lv\\\/ru\\\/\",\"name\":\"GoHike\",\"description\":\"\",\"publisher\":{\"@id\":\"https:\\\/\\\/gohike.lv\\\/ru\\\/#organization\"},\"potentialAction\":[{\"@type\":\"SearchAction\",\"target\":{\"@type\":\"EntryPoint\",\"urlTemplate\":\"https:\\\/\\\/gohike.lv\\\/ru\\\/?s={search_term_string}\"},\"query-input\":{\"@type\":\"PropertyValueSpecification\",\"valueRequired\":true,\"valueName\":\"search_term_string\"}}],\"inLanguage\":\"ru-RU\"},{\"@type\":\"Organization\",\"@id\":\"https:\\\/\\\/gohike.lv\\\/ru\\\/#organization\",\"name\":\"GoHike\",\"url\":\"https:\\\/\\\/gohike.lv\\\/ru\\\/\",\"logo\":{\"@type\":\"ImageObject\",\"inLanguage\":\"ru-RU\",\"@id\":\"https:\\\/\\\/gohike.lv\\\/ru\\\/#\\\/schema\\\/logo\\\/image\\\/\",\"url\":\"https:\\\/\\\/gohike.lv\\\/wp-content\\\/uploads\\\/2023\\\/08\\\/Logo_GoHike.webp\",\"contentUrl\":\"https:\\\/\\\/gohike.lv\\\/wp-content\\\/uploads\\\/2023\\\/08\\\/Logo_GoHike.webp\",\"width\":512,\"height\":512,\"caption\":\"GoHike\"},\"image\":{\"@id\":\"https:\\\/\\\/gohike.lv\\\/ru\\\/#\\\/schema\\\/logo\\\/image\\\/\"},\"sameAs\":[\"https:\\\/\\\/www.facebook.com\\\/gohike.shop\\\/\",\"https:\\\/\\\/www.instagram.com\\\/gohike.shop\\\/\"]}]}<\/script>\n<!-- \/ Yoast SEO plugin. -->","yoast_head_json":{"title":"Lifeventure - Silikona ce\u013cojumu pudeles","description":"\u0160is \u0113rtais silikona pude\u013cu komplekts ir ide\u0101li piem\u0113rots lidojumiem, jo atbilst lidostas muitas pras\u012bb\u0101m.","robots":{"index":"index","follow":"follow","max-snippet":"max-snippet:-1","max-image-preview":"max-image-preview:large","max-video-preview":"max-video-preview:-1"},"canonical":"https:\/\/gohike.lv\/ru\/produkts\/lifeventure-silikona-celojumu-pudeles\/","og_locale":"ru_RU","og_type":"article","og_title":"Lifesystems - Higi\u0113na - Pude\u013cu komplekts","og_description":"\u0160is \u0113rtais silikona pude\u013cu komplekts ir ide\u0101li piem\u0113rots lidojumiem, jo atbilst lidostas muitas pras\u012bb\u0101m.","og_url":"https:\/\/gohike.lv\/ru\/produkts\/lifeventure-silikona-celojumu-pudeles\/","og_site_name":"GoHike","article_publisher":"https:\/\/www.facebook.com\/gohike.shop\/","article_modified_time":"2026-02-09T17:52:53+00:00","og_image":[{"width":1100,"height":1100,"url":"https:\/\/gohike.lv\/wp-content\/uploads\/2023\/11\/silicon-flight-bottle-set-1.webp","type":"image\/webp"}],"twitter_card":"summary_large_image","twitter_title":"Lifesystems - Higi\u0113na - Pude\u013cu komplekts","twitter_misc":{"\u041f\u0440\u0438\u043c\u0435\u0440\u043d\u043e\u0435 \u0432\u0440\u0435\u043c\u044f \u0434\u043b\u044f \u0447\u0442\u0435\u043d\u0438\u044f":"1 \u043c\u0438\u043d\u0443\u0442\u0430"},"schema":{"@context":"https:\/\/schema.org","@graph":[{"@type":["WebPage","ItemPage"],"@id":"https:\/\/gohike.lv\/ru\/produkts\/lifeventure-silikona-celojumu-pudeles\/","url":"https:\/\/gohike.lv\/ru\/produkts\/lifeventure-silikona-celojumu-pudeles\/","name":"Lifeventure - Silikona ce\u013cojumu pudeles","isPartOf":{"@id":"https:\/\/gohike.lv\/ru\/#website"},"primaryImageOfPage":{"@id":"https:\/\/gohike.lv\/ru\/produkts\/lifeventure-silikona-celojumu-pudeles\/#primaryimage"},"image":{"@id":"https:\/\/gohike.lv\/ru\/produkts\/lifeventure-silikona-celojumu-pudeles\/#primaryimage"},"thumbnailUrl":"https:\/\/gohike.lv\/wp-content\/uploads\/2023\/11\/silicon-flight-bottle-set-1.webp","datePublished":"2024-05-08T12:20:32+00:00","dateModified":"2026-02-09T17:52:53+00:00","description":"\u0160is \u0113rtais silikona pude\u013cu komplekts ir ide\u0101li piem\u0113rots lidojumiem, jo atbilst lidostas muitas pras\u012bb\u0101m.","breadcrumb":{"@id":"https:\/\/gohike.lv\/ru\/produkts\/lifeventure-silikona-celojumu-pudeles\/#breadcrumb"},"inLanguage":"ru-RU","potentialAction":[{"@type":"ReadAction","target":["https:\/\/gohike.lv\/ru\/produkts\/lifeventure-silikona-celojumu-pudeles\/"]}]},{"@type":"ImageObject","inLanguage":"ru-RU","@id":"https:\/\/gohike.lv\/ru\/produkts\/lifeventure-silikona-celojumu-pudeles\/#primaryimage","url":"https:\/\/gohike.lv\/wp-content\/uploads\/2023\/11\/silicon-flight-bottle-set-1.webp","contentUrl":"https:\/\/gohike.lv\/wp-content\/uploads\/2023\/11\/silicon-flight-bottle-set-1.webp","width":1100,"height":1100},{"@type":"BreadcrumbList","@id":"https:\/\/gohike.lv\/ru\/produkts\/lifeventure-silikona-celojumu-pudeles\/#breadcrumb","itemListElement":[{"@type":"ListItem","position":1,"name":"\u0413\u043b\u0430\u0432\u043d\u0430\u044f","item":"https:\/\/gohike.lv\/ru\/"},{"@type":"ListItem","position":2,"name":"\u041a\u0430\u0442\u0435\u0433\u043e\u0440\u0438\u0438 \u0442\u043e\u0432\u0430\u0440\u043e\u0432","item":"https:\/\/gohike.lv\/%d0%ba%d0%b0%d1%82%d0%b5%d0%b3%d0%be%d1%80%d0%b8%d0%b8-%d1%82%d0%be%d0%b2%d0%b0%d1%80%d0%be%d0%b2\/"},{"@type":"ListItem","position":3,"name":"Lifeventure &#8211; Silikona ce\u013cojumu pudeles"}]},{"@type":"WebSite","@id":"https:\/\/gohike.lv\/ru\/#website","url":"https:\/\/gohike.lv\/ru\/","name":"GoHike","description":"","publisher":{"@id":"https:\/\/gohike.lv\/ru\/#organization"},"potentialAction":[{"@type":"SearchAction","target":{"@type":"EntryPoint","urlTemplate":"https:\/\/gohike.lv\/ru\/?s={search_term_string}"},"query-input":{"@type":"PropertyValueSpecification","valueRequired":true,"valueName":"search_term_string"}}],"inLanguage":"ru-RU"},{"@type":"Organization","@id":"https:\/\/gohike.lv\/ru\/#organization","name":"GoHike","url":"https:\/\/gohike.lv\/ru\/","logo":{"@type":"ImageObject","inLanguage":"ru-RU","@id":"https:\/\/gohike.lv\/ru\/#\/schema\/logo\/image\/","url":"https:\/\/gohike.lv\/wp-content\/uploads\/2023\/08\/Logo_GoHike.webp","contentUrl":"https:\/\/gohike.lv\/wp-content\/uploads\/2023\/08\/Logo_GoHike.webp","width":512,"height":512,"caption":"GoHike"},"image":{"@id":"https:\/\/gohike.lv\/ru\/#\/schema\/logo\/image\/"},"sameAs":["https:\/\/www.facebook.com\/gohike.shop\/","https:\/\/www.instagram.com\/gohike.shop\/"]}]}},"jetpack_sharing_enabled":true,"_links":{"self":[{"href":"https:\/\/gohike.lv\/ru\/wp-json\/wp\/v2\/product\/53760","targetHints":{"allow":["GET"]}}],"collection":[{"href":"https:\/\/gohike.lv\/ru\/wp-json\/wp\/v2\/product"}],"about":[{"href":"https:\/\/gohike.lv\/ru\/wp-json\/wp\/v2\/types\/product"}],"version-history":[{"count":0,"href":"https:\/\/gohike.lv\/ru\/wp-json\/wp\/v2\/product\/53760\/revisions"}],"wp:featuredmedia":[{"embeddable":true,"href":"https:\/\/gohike.lv\/ru\/wp-json\/wp\/v2\/media\/9613"}],"wp:attachment":[{"href":"https:\/\/gohike.lv\/ru\/wp-json\/wp\/v2\/media?parent=53760"}],"wp:term":[{"taxonomy":"product_brand","embeddable":true,"href":"https:\/\/gohike.lv\/ru\/wp-json\/wp\/v2\/product_brand?post=53760"},{"taxonomy":"product_cat","embeddable":true,"href":"https:\/\/gohike.lv\/ru\/wp-json\/wp\/v2\/product_cat?post=53760"},{"taxonomy":"product_tag","embeddable":true,"href":"https:\/\/gohike.lv\/ru\/wp-json\/wp\/v2\/product_tag?post=53760"}],"curies":[{"name":"wp","href":"https:\/\/api.w.org\/{rel}","templated":true}]}}