{"id":53756,"date":"2024-05-08T15:20:32","date_gmt":"2024-05-08T12:20:32","guid":{"rendered":"https:\/\/gohike.lv\/produkts\/lifesystems-expedition-max-deet-moskitu-atbaidisanas-lidzeklis-50ml\/"},"modified":"2026-02-25T20:57:21","modified_gmt":"2026-02-25T17:57:21","slug":"lifesystems-expedition-max-deet-moskitu-atbaidisanas-lidzeklis-100ml","status":"publish","type":"product","link":"https:\/\/gohike.lv\/ru\/produkts\/lifesystems-expedition-max-deet-moskitu-atbaidisanas-lidzeklis-100ml\/","title":{"rendered":"Lifesystems &#8212; Expedition MAX DEET mosk\u012btu atbaid\u012b\u0161anas l\u012bdzeklis, 100ml"},"content":{"rendered":"<p>Tas apvieno p\u0101rbaud\u012bto 50% DEET veiktsp\u0113ju ar unik\u0101lu DermaLOC\u00ae tehnolo\u0123iju.<br \/>\nExpedition MAX var lietot vair\u0101kas reizes dien\u0101, lai nodro\u0161in\u0101tu visu diennakti aizsardz\u012bbu.<br \/>\nKl\u012bniski p\u0101rbaud\u012bts pret mal\u0101rijas un bezmal\u0101rijas odiem.<br \/>\nIztur\u012bga alum\u012bnija pudele ar aerosola uzgali.<br \/>\nNodro\u0161ina 24 stundu kop\u0113jo ikdienas aizsardz\u012bbu.<br \/>\nPiem\u0113rots b\u0113rniem no 2 gadu vecuma.<br \/>\n\u016adens un sviedru iztur\u012bgs.<br \/>\n<iframe title=\"Testing Lifesystems Mosquito Repellents\" width=\"1200\" height=\"675\" src=\"https:\/\/www.youtube.com\/embed\/c99RxIfBpZk?feature=oembed\" frameborder=\"0\" allow=\"accelerometer; autoplay; clipboard-write; encrypted-media; gyroscope; picture-in-picture; web-share\" referrerpolicy=\"strict-origin-when-cross-origin\" allowfullscreen><\/iframe><\/p>\n","protected":false},"excerpt":{"rendered":"<p>Ar revolucion\u0101ri jaunu formulu Expedition MAX DEET mosk\u012btu atbaid\u012b\u0161anas l\u012bdzeklis ir izstr\u0101d\u0101ts, lai aizst\u0101tu Expedition 100+ kukai\u0146u atbaid\u012b\u0161anas l\u012bdzekli, bet ar uz pusi maz\u0101ku DEET daudzumu.<\/p>\n","protected":false},"featured_media":9597,"template":"","meta":[],"product_brand":[1307],"product_cat":[1389],"product_tag":[],"class_list":{"0":"post-53756","1":"product","2":"type-product","3":"status-publish","4":"has-post-thumbnail","6":"product_brand-lifesystems-lv","7":"product_cat-pret-insektiem","8":"pa_izmeriscm-413-8","9":"pa_produkta-tips-moskitu-repellenti","11":"first","12":"instock","13":"taxable","14":"shipping-taxable","15":"purchasable","16":"product-type-simple"},"raw_content":{"name":"Lifesystems - Expedition MAX DEET mosk\u012btu atbaid\u012b\u0161anas l\u012bdzeklis, 100ml","description":"Tas apvieno p\u0101rbaud\u012bto 50% DEET veiktsp\u0113ju ar unik\u0101lu DermaLOC\u00ae tehnolo\u0123iju.\nExpedition MAX var lietot vair\u0101kas reizes dien\u0101, lai nodro\u0161in\u0101tu visu diennakti aizsardz\u012bbu.\nKl\u012bniski p\u0101rbaud\u012bts pret mal\u0101rijas un bezmal\u0101rijas odiem.\nIztur\u012bga alum\u012bnija pudele ar aerosola uzgali.\nNodro\u0161ina 24 stundu kop\u0113jo ikdienas aizsardz\u012bbu.\nPiem\u0113rots b\u0113rniem no 2 gadu vecuma.\n\u016adens un sviedru iztur\u012bgs.\nhttps:\/\/youtu.be\/c99RxIfBpZk?list=TLGGsmlR9POtNTMyODExMjAyMw","short_description":"Ar revolucion\u0101ri jaunu formulu Expedition MAX DEET mosk\u012btu atbaid\u012b\u0161anas l\u012bdzeklis ir izstr\u0101d\u0101ts, lai aizst\u0101tu Expedition 100+ kukai\u0146u atbaid\u012b\u0161anas l\u012bdzekli, bet ar uz pusi maz\u0101ku DEET daudzumu.","status":"publish","sku":"33050","original":53756},"wpml":{"translation_type":1,"has_translations":true,"original":53756,"duplicates":[],"translations":{"lv":53756,"en":67819,"ru":null}},"supplier_id":null,"supplier_sku":"","barcode":null,"atum_controlled":true,"out_stock_date":null,"out_stock_threshold":null,"inheritable":false,"inbound_stock":null,"stock_on_hold":0,"sold_today":0,"sales_last_days":1,"reserved_stock":null,"customer_returns":null,"warehouse_damage":null,"lost_in_post":null,"other_logs":null,"out_stock_days":0,"lost_sales":0,"has_location":null,"update_date":"2026-02-25T17:57:24","atum_locations":[],"atum_stock_status":"instock","restock_status":false,"low_stock_amount":"","sales_update_date":"2025-12-12T16:42:00","calc_backorders":null,"yoast_head":"<!-- This site is optimized with the Yoast SEO plugin v27.3 - https:\/\/yoast.com\/product\/yoast-seo-wordpress\/ -->\n<title>Lifesystems - Expedition MAX DEET mosk\u012btu atbaid\u012b\u0161anas l\u012bdzeklis, 100ml<\/title>\n<meta name=\"description\" content=\"Ar revolucion\u0101ri jaunu formulu Expedition MAX DEET mosk\u012btu atbaid\u012b\u0161anas l\u012bdzeklis ir izstr\u0101d\u0101ts, lai aizst\u0101tu Expedition 100+ kukai\u0146u atbaid\u012b\u0161anas l\u012bdzekli, bet ar uz pusi maz\u0101ku DEET daudzumu.\" \/>\n<meta name=\"robots\" content=\"index, follow, max-snippet:-1, max-image-preview:large, max-video-preview:-1\" \/>\n<link rel=\"canonical\" href=\"https:\/\/gohike.lv\/ru\/produkts\/lifesystems-expedition-max-deet-moskitu-atbaidisanas-lidzeklis-100ml\/\" \/>\n<meta property=\"og:locale\" content=\"ru_RU\" \/>\n<meta property=\"og:type\" content=\"article\" \/>\n<meta property=\"og:title\" content=\"Lifesystems - Pret insektiem - Moskitu repellenti\" \/>\n<meta property=\"og:description\" content=\"Ar revolucion\u0101ri jaunu formulu Expedition MAX DEET mosk\u012btu atbaid\u012b\u0161anas l\u012bdzeklis ir izstr\u0101d\u0101ts, lai aizst\u0101tu Expedition 100+ kukai\u0146u atbaid\u012b\u0161anas l\u012bdzekli, bet ar uz pusi maz\u0101ku DEET daudzumu.\" \/>\n<meta property=\"og:url\" content=\"https:\/\/gohike.lv\/ru\/produkts\/lifesystems-expedition-max-deet-moskitu-atbaidisanas-lidzeklis-100ml\/\" \/>\n<meta property=\"og:site_name\" content=\"GoHike\" \/>\n<meta property=\"article:publisher\" content=\"https:\/\/www.facebook.com\/gohike.shop\/\" \/>\n<meta property=\"article:modified_time\" content=\"2026-02-25T17:57:21+00:00\" \/>\n<meta property=\"og:image\" content=\"https:\/\/gohike.lv\/wp-content\/uploads\/2023\/11\/expedition-max-mosquito-repellent-50ml-1.webp\" \/>\n\t<meta property=\"og:image:width\" content=\"900\" \/>\n\t<meta property=\"og:image:height\" content=\"900\" \/>\n\t<meta property=\"og:image:type\" content=\"image\/webp\" \/>\n<meta name=\"twitter:card\" content=\"summary_large_image\" \/>\n<meta name=\"twitter:title\" content=\"Lifesystems - Pret insektiem - Moskitu repellenti\" \/>\n<meta name=\"twitter:label1\" content=\"\u041f\u0440\u0438\u043c\u0435\u0440\u043d\u043e\u0435 \u0432\u0440\u0435\u043c\u044f \u0434\u043b\u044f \u0447\u0442\u0435\u043d\u0438\u044f\" \/>\n\t<meta name=\"twitter:data1\" content=\"1 \u043c\u0438\u043d\u0443\u0442\u0430\" \/>\n<script type=\"application\/ld+json\" class=\"yoast-schema-graph\">{\"@context\":\"https:\\\/\\\/schema.org\",\"@graph\":[{\"@type\":[\"WebPage\",\"ItemPage\"],\"@id\":\"https:\\\/\\\/gohike.lv\\\/ru\\\/produkts\\\/lifesystems-expedition-max-deet-moskitu-atbaidisanas-lidzeklis-100ml\\\/\",\"url\":\"https:\\\/\\\/gohike.lv\\\/ru\\\/produkts\\\/lifesystems-expedition-max-deet-moskitu-atbaidisanas-lidzeklis-100ml\\\/\",\"name\":\"Lifesystems - Expedition MAX DEET mosk\u012btu atbaid\u012b\u0161anas l\u012bdzeklis, 100ml\",\"isPartOf\":{\"@id\":\"https:\\\/\\\/gohike.lv\\\/ru\\\/#website\"},\"primaryImageOfPage\":{\"@id\":\"https:\\\/\\\/gohike.lv\\\/ru\\\/produkts\\\/lifesystems-expedition-max-deet-moskitu-atbaidisanas-lidzeklis-100ml\\\/#primaryimage\"},\"image\":{\"@id\":\"https:\\\/\\\/gohike.lv\\\/ru\\\/produkts\\\/lifesystems-expedition-max-deet-moskitu-atbaidisanas-lidzeklis-100ml\\\/#primaryimage\"},\"thumbnailUrl\":\"https:\\\/\\\/gohike.lv\\\/wp-content\\\/uploads\\\/2023\\\/11\\\/expedition-max-mosquito-repellent-50ml-1.webp\",\"datePublished\":\"2024-05-08T12:20:32+00:00\",\"dateModified\":\"2026-02-25T17:57:21+00:00\",\"description\":\"Ar revolucion\u0101ri jaunu formulu Expedition MAX DEET mosk\u012btu atbaid\u012b\u0161anas l\u012bdzeklis ir izstr\u0101d\u0101ts, lai aizst\u0101tu Expedition 100+ kukai\u0146u atbaid\u012b\u0161anas l\u012bdzekli, bet ar uz pusi maz\u0101ku DEET daudzumu.\",\"breadcrumb\":{\"@id\":\"https:\\\/\\\/gohike.lv\\\/ru\\\/produkts\\\/lifesystems-expedition-max-deet-moskitu-atbaidisanas-lidzeklis-100ml\\\/#breadcrumb\"},\"inLanguage\":\"ru-RU\",\"potentialAction\":[{\"@type\":\"ReadAction\",\"target\":[\"https:\\\/\\\/gohike.lv\\\/ru\\\/produkts\\\/lifesystems-expedition-max-deet-moskitu-atbaidisanas-lidzeklis-100ml\\\/\"]}]},{\"@type\":\"ImageObject\",\"inLanguage\":\"ru-RU\",\"@id\":\"https:\\\/\\\/gohike.lv\\\/ru\\\/produkts\\\/lifesystems-expedition-max-deet-moskitu-atbaidisanas-lidzeklis-100ml\\\/#primaryimage\",\"url\":\"https:\\\/\\\/gohike.lv\\\/wp-content\\\/uploads\\\/2023\\\/11\\\/expedition-max-mosquito-repellent-50ml-1.webp\",\"contentUrl\":\"https:\\\/\\\/gohike.lv\\\/wp-content\\\/uploads\\\/2023\\\/11\\\/expedition-max-mosquito-repellent-50ml-1.webp\",\"width\":900,\"height\":900},{\"@type\":\"BreadcrumbList\",\"@id\":\"https:\\\/\\\/gohike.lv\\\/ru\\\/produkts\\\/lifesystems-expedition-max-deet-moskitu-atbaidisanas-lidzeklis-100ml\\\/#breadcrumb\",\"itemListElement\":[{\"@type\":\"ListItem\",\"position\":1,\"name\":\"\u0413\u043b\u0430\u0432\u043d\u0430\u044f\",\"item\":\"https:\\\/\\\/gohike.lv\\\/ru\\\/\"},{\"@type\":\"ListItem\",\"position\":2,\"name\":\"\u041a\u0430\u0442\u0435\u0433\u043e\u0440\u0438\u0438 \u0442\u043e\u0432\u0430\u0440\u043e\u0432\",\"item\":\"https:\\\/\\\/gohike.lv\\\/%d0%ba%d0%b0%d1%82%d0%b5%d0%b3%d0%be%d1%80%d0%b8%d0%b8-%d1%82%d0%be%d0%b2%d0%b0%d1%80%d0%be%d0%b2\\\/\"},{\"@type\":\"ListItem\",\"position\":3,\"name\":\"Lifesystems &#8211; Expedition MAX DEET mosk\u012btu atbaid\u012b\u0161anas l\u012bdzeklis, 100ml\"}]},{\"@type\":\"WebSite\",\"@id\":\"https:\\\/\\\/gohike.lv\\\/ru\\\/#website\",\"url\":\"https:\\\/\\\/gohike.lv\\\/ru\\\/\",\"name\":\"GoHike\",\"description\":\"\",\"publisher\":{\"@id\":\"https:\\\/\\\/gohike.lv\\\/ru\\\/#organization\"},\"potentialAction\":[{\"@type\":\"SearchAction\",\"target\":{\"@type\":\"EntryPoint\",\"urlTemplate\":\"https:\\\/\\\/gohike.lv\\\/ru\\\/?s={search_term_string}\"},\"query-input\":{\"@type\":\"PropertyValueSpecification\",\"valueRequired\":true,\"valueName\":\"search_term_string\"}}],\"inLanguage\":\"ru-RU\"},{\"@type\":\"Organization\",\"@id\":\"https:\\\/\\\/gohike.lv\\\/ru\\\/#organization\",\"name\":\"GoHike\",\"url\":\"https:\\\/\\\/gohike.lv\\\/ru\\\/\",\"logo\":{\"@type\":\"ImageObject\",\"inLanguage\":\"ru-RU\",\"@id\":\"https:\\\/\\\/gohike.lv\\\/ru\\\/#\\\/schema\\\/logo\\\/image\\\/\",\"url\":\"https:\\\/\\\/gohike.lv\\\/wp-content\\\/uploads\\\/2023\\\/08\\\/Logo_GoHike.webp\",\"contentUrl\":\"https:\\\/\\\/gohike.lv\\\/wp-content\\\/uploads\\\/2023\\\/08\\\/Logo_GoHike.webp\",\"width\":512,\"height\":512,\"caption\":\"GoHike\"},\"image\":{\"@id\":\"https:\\\/\\\/gohike.lv\\\/ru\\\/#\\\/schema\\\/logo\\\/image\\\/\"},\"sameAs\":[\"https:\\\/\\\/www.facebook.com\\\/gohike.shop\\\/\",\"https:\\\/\\\/www.instagram.com\\\/gohike.shop\\\/\"]}]}<\/script>\n<!-- \/ Yoast SEO plugin. -->","yoast_head_json":{"title":"Lifesystems - Expedition MAX DEET mosk\u012btu atbaid\u012b\u0161anas l\u012bdzeklis, 100ml","description":"Ar revolucion\u0101ri jaunu formulu Expedition MAX DEET mosk\u012btu atbaid\u012b\u0161anas l\u012bdzeklis ir izstr\u0101d\u0101ts, lai aizst\u0101tu Expedition 100+ kukai\u0146u atbaid\u012b\u0161anas l\u012bdzekli, bet ar uz pusi maz\u0101ku DEET daudzumu.","robots":{"index":"index","follow":"follow","max-snippet":"max-snippet:-1","max-image-preview":"max-image-preview:large","max-video-preview":"max-video-preview:-1"},"canonical":"https:\/\/gohike.lv\/ru\/produkts\/lifesystems-expedition-max-deet-moskitu-atbaidisanas-lidzeklis-100ml\/","og_locale":"ru_RU","og_type":"article","og_title":"Lifesystems - Pret insektiem - Moskitu repellenti","og_description":"Ar revolucion\u0101ri jaunu formulu Expedition MAX DEET mosk\u012btu atbaid\u012b\u0161anas l\u012bdzeklis ir izstr\u0101d\u0101ts, lai aizst\u0101tu Expedition 100+ kukai\u0146u atbaid\u012b\u0161anas l\u012bdzekli, bet ar uz pusi maz\u0101ku DEET daudzumu.","og_url":"https:\/\/gohike.lv\/ru\/produkts\/lifesystems-expedition-max-deet-moskitu-atbaidisanas-lidzeklis-100ml\/","og_site_name":"GoHike","article_publisher":"https:\/\/www.facebook.com\/gohike.shop\/","article_modified_time":"2026-02-25T17:57:21+00:00","og_image":[{"width":900,"height":900,"url":"https:\/\/gohike.lv\/wp-content\/uploads\/2023\/11\/expedition-max-mosquito-repellent-50ml-1.webp","type":"image\/webp"}],"twitter_card":"summary_large_image","twitter_title":"Lifesystems - Pret insektiem - Moskitu repellenti","twitter_misc":{"\u041f\u0440\u0438\u043c\u0435\u0440\u043d\u043e\u0435 \u0432\u0440\u0435\u043c\u044f \u0434\u043b\u044f \u0447\u0442\u0435\u043d\u0438\u044f":"1 \u043c\u0438\u043d\u0443\u0442\u0430"},"schema":{"@context":"https:\/\/schema.org","@graph":[{"@type":["WebPage","ItemPage"],"@id":"https:\/\/gohike.lv\/ru\/produkts\/lifesystems-expedition-max-deet-moskitu-atbaidisanas-lidzeklis-100ml\/","url":"https:\/\/gohike.lv\/ru\/produkts\/lifesystems-expedition-max-deet-moskitu-atbaidisanas-lidzeklis-100ml\/","name":"Lifesystems - Expedition MAX DEET mosk\u012btu atbaid\u012b\u0161anas l\u012bdzeklis, 100ml","isPartOf":{"@id":"https:\/\/gohike.lv\/ru\/#website"},"primaryImageOfPage":{"@id":"https:\/\/gohike.lv\/ru\/produkts\/lifesystems-expedition-max-deet-moskitu-atbaidisanas-lidzeklis-100ml\/#primaryimage"},"image":{"@id":"https:\/\/gohike.lv\/ru\/produkts\/lifesystems-expedition-max-deet-moskitu-atbaidisanas-lidzeklis-100ml\/#primaryimage"},"thumbnailUrl":"https:\/\/gohike.lv\/wp-content\/uploads\/2023\/11\/expedition-max-mosquito-repellent-50ml-1.webp","datePublished":"2024-05-08T12:20:32+00:00","dateModified":"2026-02-25T17:57:21+00:00","description":"Ar revolucion\u0101ri jaunu formulu Expedition MAX DEET mosk\u012btu atbaid\u012b\u0161anas l\u012bdzeklis ir izstr\u0101d\u0101ts, lai aizst\u0101tu Expedition 100+ kukai\u0146u atbaid\u012b\u0161anas l\u012bdzekli, bet ar uz pusi maz\u0101ku DEET daudzumu.","breadcrumb":{"@id":"https:\/\/gohike.lv\/ru\/produkts\/lifesystems-expedition-max-deet-moskitu-atbaidisanas-lidzeklis-100ml\/#breadcrumb"},"inLanguage":"ru-RU","potentialAction":[{"@type":"ReadAction","target":["https:\/\/gohike.lv\/ru\/produkts\/lifesystems-expedition-max-deet-moskitu-atbaidisanas-lidzeklis-100ml\/"]}]},{"@type":"ImageObject","inLanguage":"ru-RU","@id":"https:\/\/gohike.lv\/ru\/produkts\/lifesystems-expedition-max-deet-moskitu-atbaidisanas-lidzeklis-100ml\/#primaryimage","url":"https:\/\/gohike.lv\/wp-content\/uploads\/2023\/11\/expedition-max-mosquito-repellent-50ml-1.webp","contentUrl":"https:\/\/gohike.lv\/wp-content\/uploads\/2023\/11\/expedition-max-mosquito-repellent-50ml-1.webp","width":900,"height":900},{"@type":"BreadcrumbList","@id":"https:\/\/gohike.lv\/ru\/produkts\/lifesystems-expedition-max-deet-moskitu-atbaidisanas-lidzeklis-100ml\/#breadcrumb","itemListElement":[{"@type":"ListItem","position":1,"name":"\u0413\u043b\u0430\u0432\u043d\u0430\u044f","item":"https:\/\/gohike.lv\/ru\/"},{"@type":"ListItem","position":2,"name":"\u041a\u0430\u0442\u0435\u0433\u043e\u0440\u0438\u0438 \u0442\u043e\u0432\u0430\u0440\u043e\u0432","item":"https:\/\/gohike.lv\/%d0%ba%d0%b0%d1%82%d0%b5%d0%b3%d0%be%d1%80%d0%b8%d0%b8-%d1%82%d0%be%d0%b2%d0%b0%d1%80%d0%be%d0%b2\/"},{"@type":"ListItem","position":3,"name":"Lifesystems &#8211; Expedition MAX DEET mosk\u012btu atbaid\u012b\u0161anas l\u012bdzeklis, 100ml"}]},{"@type":"WebSite","@id":"https:\/\/gohike.lv\/ru\/#website","url":"https:\/\/gohike.lv\/ru\/","name":"GoHike","description":"","publisher":{"@id":"https:\/\/gohike.lv\/ru\/#organization"},"potentialAction":[{"@type":"SearchAction","target":{"@type":"EntryPoint","urlTemplate":"https:\/\/gohike.lv\/ru\/?s={search_term_string}"},"query-input":{"@type":"PropertyValueSpecification","valueRequired":true,"valueName":"search_term_string"}}],"inLanguage":"ru-RU"},{"@type":"Organization","@id":"https:\/\/gohike.lv\/ru\/#organization","name":"GoHike","url":"https:\/\/gohike.lv\/ru\/","logo":{"@type":"ImageObject","inLanguage":"ru-RU","@id":"https:\/\/gohike.lv\/ru\/#\/schema\/logo\/image\/","url":"https:\/\/gohike.lv\/wp-content\/uploads\/2023\/08\/Logo_GoHike.webp","contentUrl":"https:\/\/gohike.lv\/wp-content\/uploads\/2023\/08\/Logo_GoHike.webp","width":512,"height":512,"caption":"GoHike"},"image":{"@id":"https:\/\/gohike.lv\/ru\/#\/schema\/logo\/image\/"},"sameAs":["https:\/\/www.facebook.com\/gohike.shop\/","https:\/\/www.instagram.com\/gohike.shop\/"]}]}},"jetpack_sharing_enabled":true,"_links":{"self":[{"href":"https:\/\/gohike.lv\/ru\/wp-json\/wp\/v2\/product\/53756","targetHints":{"allow":["GET"]}}],"collection":[{"href":"https:\/\/gohike.lv\/ru\/wp-json\/wp\/v2\/product"}],"about":[{"href":"https:\/\/gohike.lv\/ru\/wp-json\/wp\/v2\/types\/product"}],"version-history":[{"count":0,"href":"https:\/\/gohike.lv\/ru\/wp-json\/wp\/v2\/product\/53756\/revisions"}],"wp:featuredmedia":[{"embeddable":true,"href":"https:\/\/gohike.lv\/ru\/wp-json\/wp\/v2\/media\/9597"}],"wp:attachment":[{"href":"https:\/\/gohike.lv\/ru\/wp-json\/wp\/v2\/media?parent=53756"}],"wp:term":[{"taxonomy":"product_brand","embeddable":true,"href":"https:\/\/gohike.lv\/ru\/wp-json\/wp\/v2\/product_brand?post=53756"},{"taxonomy":"product_cat","embeddable":true,"href":"https:\/\/gohike.lv\/ru\/wp-json\/wp\/v2\/product_cat?post=53756"},{"taxonomy":"product_tag","embeddable":true,"href":"https:\/\/gohike.lv\/ru\/wp-json\/wp\/v2\/product_tag?post=53756"}],"curies":[{"name":"wp","href":"https:\/\/api.w.org\/{rel}","templated":true}]}}