{"id":53738,"date":"2024-05-08T15:18:55","date_gmt":"2024-05-08T12:18:55","guid":{"rendered":"https:\/\/gohike.lv\/produkts\/lifesystems-mountain-factor-50-sun-cream-stick\/"},"modified":"2026-03-21T20:06:24","modified_gmt":"2026-03-21T17:06:24","slug":"lifesystems-mountain-factor-50-sun-cream-stick","status":"publish","type":"product","link":"https:\/\/gohike.lv\/ru\/produkts\/lifesystems-mountain-factor-50-sun-cream-stick\/","title":{"rendered":"Lifesystems &#8212; Mountain Factor 50+ saules aizsargz\u012bmulis"},"content":{"rendered":"<p>Kr\u0113ms satur \u013coti efekt\u012bvus pla\u0161a spektra UV filtrus, kas aizsarg\u0101 \u0101du gan no UVA, gan no UVB stariem.<br \/>\nBagat\u012bgi uzkl\u0101t uz t\u012bras, sausas \u0101das 30 min\u016btes pirms saules iedarb\u012bbas.<br \/>\nAtk\u0101rtoti uzkl\u0101jiet ik p\u0113c 2 stund\u0101m liel\u0101 augstum\u0101, viet\u0101s ar paaugstin\u0101tu mitrumu, p\u0113c peld\u0113\u0161anas.<\/p>\n","protected":false},"excerpt":{"rendered":"<p>Mountain SPF 50+ sau\u013co\u0161an\u0101s kr\u0113ms ir viegli lietojams, iztur\u012bgs pret sviedriem. 2-in-1 sau\u013co\u0161an\u0101s kr\u0113ms un l\u016bpu kr\u0113ms, ide\u0101li piem\u0113rots lieto\u0161anai liel\u0101 augstum\u0101.<\/p>\n","protected":false},"featured_media":9556,"template":"","meta":[],"product_brand":[1307],"product_cat":[1380],"product_tag":[],"class_list":{"0":"post-53738","1":"product","2":"type-product","3":"status-publish","4":"has-post-thumbnail","6":"product_brand-lifesystems-lv","7":"product_cat-higiena","8":"pa_izmers-23-x-23-x-112mm","9":"pa_produkta-tips-saules-aizsarglidzekli","10":"pa_tilpums-20ml","12":"first","13":"outofstock","14":"taxable","15":"shipping-taxable","16":"purchasable","17":"product-type-simple"},"raw_content":{"name":"Lifesystems - Mountain Factor 50+ saules aizsargz\u012bmulis","description":"Kr\u0113ms satur \u013coti efekt\u012bvus pla\u0161a spektra UV filtrus, kas aizsarg\u0101 \u0101du gan no UVA, gan no UVB stariem.\nBagat\u012bgi uzkl\u0101t uz t\u012bras, sausas \u0101das 30 min\u016btes pirms saules iedarb\u012bbas.\nAtk\u0101rtoti uzkl\u0101jiet ik p\u0113c 2 stund\u0101m liel\u0101 augstum\u0101, viet\u0101s ar paaugstin\u0101tu mitrumu, p\u0113c peld\u0113\u0161anas.","short_description":"Mountain SPF 50+ sau\u013co\u0161an\u0101s kr\u0113ms ir viegli lietojams, iztur\u012bgs pret sviedriem. 2-in-1 sau\u013co\u0161an\u0101s kr\u0113ms un l\u016bpu kr\u0113ms, ide\u0101li piem\u0113rots lieto\u0161anai liel\u0101 augstum\u0101.","status":"publish","sku":"40040","original":53738},"wpml":{"translation_type":1,"has_translations":true,"original":53738,"duplicates":[],"translations":{"lv":53738,"en":67765,"ru":null}},"supplier_id":null,"supplier_sku":"","barcode":null,"atum_controlled":true,"out_stock_date":"2026-03-21 17:29:07","out_stock_threshold":null,"inheritable":false,"inbound_stock":0,"stock_on_hold":0,"sold_today":0,"sales_last_days":1,"reserved_stock":0,"customer_returns":0,"warehouse_damage":0,"lost_in_post":0,"other_logs":0,"out_stock_days":2,"lost_sales":3,"has_location":false,"update_date":"2026-03-24T13:49:38","atum_locations":[],"atum_stock_status":"outofstock","restock_status":false,"low_stock_amount":"","sales_update_date":"2026-03-24T13:49:38","calc_backorders":null,"yoast_head":"<!-- This site is optimized with the Yoast SEO plugin v27.3 - https:\/\/yoast.com\/product\/yoast-seo-wordpress\/ -->\n<title>Lifesystems - Mountain Factor 50+ saules aizsargz\u012bmulis<\/title>\n<meta name=\"description\" content=\"Mountain SPF 50+ sau\u013co\u0161an\u0101s kr\u0113ms ir viegli lietojams, iztur\u012bgs pret sviedriem. 2-in-1 sau\u013co\u0161an\u0101s kr\u0113ms un l\u016bpu kr\u0113ms, ide\u0101li piem\u0113rots lieto\u0161anai liel\u0101 augstum\u0101.\" \/>\n<meta name=\"robots\" content=\"index, follow, max-snippet:-1, max-image-preview:large, max-video-preview:-1\" \/>\n<link rel=\"canonical\" href=\"https:\/\/gohike.lv\/ru\/produkts\/lifesystems-mountain-factor-50-sun-cream-stick\/\" \/>\n<meta property=\"og:locale\" content=\"ru_RU\" \/>\n<meta property=\"og:type\" content=\"article\" \/>\n<meta property=\"og:title\" content=\"Lifesystems - Higi\u0113na - Saules aizsargl\u012bdzek\u013ci\" \/>\n<meta property=\"og:description\" content=\"Mountain SPF 50+ sau\u013co\u0161an\u0101s kr\u0113ms ir viegli lietojams, iztur\u012bgs pret sviedriem. 2-in-1 sau\u013co\u0161an\u0101s kr\u0113ms un l\u016bpu kr\u0113ms, ide\u0101li piem\u0113rots lieto\u0161anai liel\u0101 augstum\u0101.\" \/>\n<meta property=\"og:url\" content=\"https:\/\/gohike.lv\/ru\/produkts\/lifesystems-mountain-factor-50-sun-cream-stick\/\" \/>\n<meta property=\"og:site_name\" content=\"GoHike\" \/>\n<meta property=\"article:publisher\" content=\"https:\/\/www.facebook.com\/gohike.shop\/\" \/>\n<meta property=\"article:modified_time\" content=\"2026-03-21T17:06:24+00:00\" \/>\n<meta property=\"og:image\" content=\"https:\/\/gohike.lv\/wp-content\/uploads\/2023\/11\/combi-stick.webp\" \/>\n\t<meta property=\"og:image:width\" content=\"1100\" \/>\n\t<meta property=\"og:image:height\" content=\"1100\" \/>\n\t<meta property=\"og:image:type\" content=\"image\/webp\" \/>\n<meta name=\"twitter:card\" content=\"summary_large_image\" \/>\n<meta name=\"twitter:title\" content=\"Lifesystems - Higi\u0113na - Saules aizsargl\u012bdzek\u013ci\" \/>\n<meta name=\"twitter:label1\" content=\"\u041f\u0440\u0438\u043c\u0435\u0440\u043d\u043e\u0435 \u0432\u0440\u0435\u043c\u044f \u0434\u043b\u044f \u0447\u0442\u0435\u043d\u0438\u044f\" \/>\n\t<meta name=\"twitter:data1\" content=\"1 \u043c\u0438\u043d\u0443\u0442\u0430\" \/>\n<script type=\"application\/ld+json\" class=\"yoast-schema-graph\">{\"@context\":\"https:\\\/\\\/schema.org\",\"@graph\":[{\"@type\":[\"WebPage\",\"ItemPage\"],\"@id\":\"https:\\\/\\\/gohike.lv\\\/ru\\\/produkts\\\/lifesystems-mountain-factor-50-sun-cream-stick\\\/\",\"url\":\"https:\\\/\\\/gohike.lv\\\/ru\\\/produkts\\\/lifesystems-mountain-factor-50-sun-cream-stick\\\/\",\"name\":\"Lifesystems - Mountain Factor 50+ saules aizsargz\u012bmulis\",\"isPartOf\":{\"@id\":\"https:\\\/\\\/gohike.lv\\\/ru\\\/#website\"},\"primaryImageOfPage\":{\"@id\":\"https:\\\/\\\/gohike.lv\\\/ru\\\/produkts\\\/lifesystems-mountain-factor-50-sun-cream-stick\\\/#primaryimage\"},\"image\":{\"@id\":\"https:\\\/\\\/gohike.lv\\\/ru\\\/produkts\\\/lifesystems-mountain-factor-50-sun-cream-stick\\\/#primaryimage\"},\"thumbnailUrl\":\"https:\\\/\\\/gohike.lv\\\/wp-content\\\/uploads\\\/2023\\\/11\\\/combi-stick.webp\",\"datePublished\":\"2024-05-08T12:18:55+00:00\",\"dateModified\":\"2026-03-21T17:06:24+00:00\",\"description\":\"Mountain SPF 50+ sau\u013co\u0161an\u0101s kr\u0113ms ir viegli lietojams, iztur\u012bgs pret sviedriem. 2-in-1 sau\u013co\u0161an\u0101s kr\u0113ms un l\u016bpu kr\u0113ms, ide\u0101li piem\u0113rots lieto\u0161anai liel\u0101 augstum\u0101.\",\"breadcrumb\":{\"@id\":\"https:\\\/\\\/gohike.lv\\\/ru\\\/produkts\\\/lifesystems-mountain-factor-50-sun-cream-stick\\\/#breadcrumb\"},\"inLanguage\":\"ru-RU\",\"potentialAction\":[{\"@type\":\"ReadAction\",\"target\":[\"https:\\\/\\\/gohike.lv\\\/ru\\\/produkts\\\/lifesystems-mountain-factor-50-sun-cream-stick\\\/\"]}]},{\"@type\":\"ImageObject\",\"inLanguage\":\"ru-RU\",\"@id\":\"https:\\\/\\\/gohike.lv\\\/ru\\\/produkts\\\/lifesystems-mountain-factor-50-sun-cream-stick\\\/#primaryimage\",\"url\":\"https:\\\/\\\/gohike.lv\\\/wp-content\\\/uploads\\\/2023\\\/11\\\/combi-stick.webp\",\"contentUrl\":\"https:\\\/\\\/gohike.lv\\\/wp-content\\\/uploads\\\/2023\\\/11\\\/combi-stick.webp\",\"width\":1100,\"height\":1100},{\"@type\":\"BreadcrumbList\",\"@id\":\"https:\\\/\\\/gohike.lv\\\/ru\\\/produkts\\\/lifesystems-mountain-factor-50-sun-cream-stick\\\/#breadcrumb\",\"itemListElement\":[{\"@type\":\"ListItem\",\"position\":1,\"name\":\"\u0413\u043b\u0430\u0432\u043d\u0430\u044f\",\"item\":\"https:\\\/\\\/gohike.lv\\\/ru\\\/\"},{\"@type\":\"ListItem\",\"position\":2,\"name\":\"\u041a\u0430\u0442\u0435\u0433\u043e\u0440\u0438\u0438 \u0442\u043e\u0432\u0430\u0440\u043e\u0432\",\"item\":\"https:\\\/\\\/gohike.lv\\\/%d0%ba%d0%b0%d1%82%d0%b5%d0%b3%d0%be%d1%80%d0%b8%d0%b8-%d1%82%d0%be%d0%b2%d0%b0%d1%80%d0%be%d0%b2\\\/\"},{\"@type\":\"ListItem\",\"position\":3,\"name\":\"Lifesystems &#8211; Mountain Factor 50+ saules aizsargz\u012bmulis\"}]},{\"@type\":\"WebSite\",\"@id\":\"https:\\\/\\\/gohike.lv\\\/ru\\\/#website\",\"url\":\"https:\\\/\\\/gohike.lv\\\/ru\\\/\",\"name\":\"GoHike\",\"description\":\"\",\"publisher\":{\"@id\":\"https:\\\/\\\/gohike.lv\\\/ru\\\/#organization\"},\"potentialAction\":[{\"@type\":\"SearchAction\",\"target\":{\"@type\":\"EntryPoint\",\"urlTemplate\":\"https:\\\/\\\/gohike.lv\\\/ru\\\/?s={search_term_string}\"},\"query-input\":{\"@type\":\"PropertyValueSpecification\",\"valueRequired\":true,\"valueName\":\"search_term_string\"}}],\"inLanguage\":\"ru-RU\"},{\"@type\":\"Organization\",\"@id\":\"https:\\\/\\\/gohike.lv\\\/ru\\\/#organization\",\"name\":\"GoHike\",\"url\":\"https:\\\/\\\/gohike.lv\\\/ru\\\/\",\"logo\":{\"@type\":\"ImageObject\",\"inLanguage\":\"ru-RU\",\"@id\":\"https:\\\/\\\/gohike.lv\\\/ru\\\/#\\\/schema\\\/logo\\\/image\\\/\",\"url\":\"https:\\\/\\\/gohike.lv\\\/wp-content\\\/uploads\\\/2023\\\/08\\\/Logo_GoHike.webp\",\"contentUrl\":\"https:\\\/\\\/gohike.lv\\\/wp-content\\\/uploads\\\/2023\\\/08\\\/Logo_GoHike.webp\",\"width\":512,\"height\":512,\"caption\":\"GoHike\"},\"image\":{\"@id\":\"https:\\\/\\\/gohike.lv\\\/ru\\\/#\\\/schema\\\/logo\\\/image\\\/\"},\"sameAs\":[\"https:\\\/\\\/www.facebook.com\\\/gohike.shop\\\/\",\"https:\\\/\\\/www.instagram.com\\\/gohike.shop\\\/\"]}]}<\/script>\n<!-- \/ Yoast SEO plugin. -->","yoast_head_json":{"title":"Lifesystems - Mountain Factor 50+ saules aizsargz\u012bmulis","description":"Mountain SPF 50+ sau\u013co\u0161an\u0101s kr\u0113ms ir viegli lietojams, iztur\u012bgs pret sviedriem. 2-in-1 sau\u013co\u0161an\u0101s kr\u0113ms un l\u016bpu kr\u0113ms, ide\u0101li piem\u0113rots lieto\u0161anai liel\u0101 augstum\u0101.","robots":{"index":"index","follow":"follow","max-snippet":"max-snippet:-1","max-image-preview":"max-image-preview:large","max-video-preview":"max-video-preview:-1"},"canonical":"https:\/\/gohike.lv\/ru\/produkts\/lifesystems-mountain-factor-50-sun-cream-stick\/","og_locale":"ru_RU","og_type":"article","og_title":"Lifesystems - Higi\u0113na - Saules aizsargl\u012bdzek\u013ci","og_description":"Mountain SPF 50+ sau\u013co\u0161an\u0101s kr\u0113ms ir viegli lietojams, iztur\u012bgs pret sviedriem. 2-in-1 sau\u013co\u0161an\u0101s kr\u0113ms un l\u016bpu kr\u0113ms, ide\u0101li piem\u0113rots lieto\u0161anai liel\u0101 augstum\u0101.","og_url":"https:\/\/gohike.lv\/ru\/produkts\/lifesystems-mountain-factor-50-sun-cream-stick\/","og_site_name":"GoHike","article_publisher":"https:\/\/www.facebook.com\/gohike.shop\/","article_modified_time":"2026-03-21T17:06:24+00:00","og_image":[{"width":1100,"height":1100,"url":"https:\/\/gohike.lv\/wp-content\/uploads\/2023\/11\/combi-stick.webp","type":"image\/webp"}],"twitter_card":"summary_large_image","twitter_title":"Lifesystems - Higi\u0113na - Saules aizsargl\u012bdzek\u013ci","twitter_misc":{"\u041f\u0440\u0438\u043c\u0435\u0440\u043d\u043e\u0435 \u0432\u0440\u0435\u043c\u044f \u0434\u043b\u044f \u0447\u0442\u0435\u043d\u0438\u044f":"1 \u043c\u0438\u043d\u0443\u0442\u0430"},"schema":{"@context":"https:\/\/schema.org","@graph":[{"@type":["WebPage","ItemPage"],"@id":"https:\/\/gohike.lv\/ru\/produkts\/lifesystems-mountain-factor-50-sun-cream-stick\/","url":"https:\/\/gohike.lv\/ru\/produkts\/lifesystems-mountain-factor-50-sun-cream-stick\/","name":"Lifesystems - Mountain Factor 50+ saules aizsargz\u012bmulis","isPartOf":{"@id":"https:\/\/gohike.lv\/ru\/#website"},"primaryImageOfPage":{"@id":"https:\/\/gohike.lv\/ru\/produkts\/lifesystems-mountain-factor-50-sun-cream-stick\/#primaryimage"},"image":{"@id":"https:\/\/gohike.lv\/ru\/produkts\/lifesystems-mountain-factor-50-sun-cream-stick\/#primaryimage"},"thumbnailUrl":"https:\/\/gohike.lv\/wp-content\/uploads\/2023\/11\/combi-stick.webp","datePublished":"2024-05-08T12:18:55+00:00","dateModified":"2026-03-21T17:06:24+00:00","description":"Mountain SPF 50+ sau\u013co\u0161an\u0101s kr\u0113ms ir viegli lietojams, iztur\u012bgs pret sviedriem. 2-in-1 sau\u013co\u0161an\u0101s kr\u0113ms un l\u016bpu kr\u0113ms, ide\u0101li piem\u0113rots lieto\u0161anai liel\u0101 augstum\u0101.","breadcrumb":{"@id":"https:\/\/gohike.lv\/ru\/produkts\/lifesystems-mountain-factor-50-sun-cream-stick\/#breadcrumb"},"inLanguage":"ru-RU","potentialAction":[{"@type":"ReadAction","target":["https:\/\/gohike.lv\/ru\/produkts\/lifesystems-mountain-factor-50-sun-cream-stick\/"]}]},{"@type":"ImageObject","inLanguage":"ru-RU","@id":"https:\/\/gohike.lv\/ru\/produkts\/lifesystems-mountain-factor-50-sun-cream-stick\/#primaryimage","url":"https:\/\/gohike.lv\/wp-content\/uploads\/2023\/11\/combi-stick.webp","contentUrl":"https:\/\/gohike.lv\/wp-content\/uploads\/2023\/11\/combi-stick.webp","width":1100,"height":1100},{"@type":"BreadcrumbList","@id":"https:\/\/gohike.lv\/ru\/produkts\/lifesystems-mountain-factor-50-sun-cream-stick\/#breadcrumb","itemListElement":[{"@type":"ListItem","position":1,"name":"\u0413\u043b\u0430\u0432\u043d\u0430\u044f","item":"https:\/\/gohike.lv\/ru\/"},{"@type":"ListItem","position":2,"name":"\u041a\u0430\u0442\u0435\u0433\u043e\u0440\u0438\u0438 \u0442\u043e\u0432\u0430\u0440\u043e\u0432","item":"https:\/\/gohike.lv\/%d0%ba%d0%b0%d1%82%d0%b5%d0%b3%d0%be%d1%80%d0%b8%d0%b8-%d1%82%d0%be%d0%b2%d0%b0%d1%80%d0%be%d0%b2\/"},{"@type":"ListItem","position":3,"name":"Lifesystems &#8211; Mountain Factor 50+ saules aizsargz\u012bmulis"}]},{"@type":"WebSite","@id":"https:\/\/gohike.lv\/ru\/#website","url":"https:\/\/gohike.lv\/ru\/","name":"GoHike","description":"","publisher":{"@id":"https:\/\/gohike.lv\/ru\/#organization"},"potentialAction":[{"@type":"SearchAction","target":{"@type":"EntryPoint","urlTemplate":"https:\/\/gohike.lv\/ru\/?s={search_term_string}"},"query-input":{"@type":"PropertyValueSpecification","valueRequired":true,"valueName":"search_term_string"}}],"inLanguage":"ru-RU"},{"@type":"Organization","@id":"https:\/\/gohike.lv\/ru\/#organization","name":"GoHike","url":"https:\/\/gohike.lv\/ru\/","logo":{"@type":"ImageObject","inLanguage":"ru-RU","@id":"https:\/\/gohike.lv\/ru\/#\/schema\/logo\/image\/","url":"https:\/\/gohike.lv\/wp-content\/uploads\/2023\/08\/Logo_GoHike.webp","contentUrl":"https:\/\/gohike.lv\/wp-content\/uploads\/2023\/08\/Logo_GoHike.webp","width":512,"height":512,"caption":"GoHike"},"image":{"@id":"https:\/\/gohike.lv\/ru\/#\/schema\/logo\/image\/"},"sameAs":["https:\/\/www.facebook.com\/gohike.shop\/","https:\/\/www.instagram.com\/gohike.shop\/"]}]}},"jetpack_sharing_enabled":true,"_links":{"self":[{"href":"https:\/\/gohike.lv\/ru\/wp-json\/wp\/v2\/product\/53738","targetHints":{"allow":["GET"]}}],"collection":[{"href":"https:\/\/gohike.lv\/ru\/wp-json\/wp\/v2\/product"}],"about":[{"href":"https:\/\/gohike.lv\/ru\/wp-json\/wp\/v2\/types\/product"}],"version-history":[{"count":0,"href":"https:\/\/gohike.lv\/ru\/wp-json\/wp\/v2\/product\/53738\/revisions"}],"wp:featuredmedia":[{"embeddable":true,"href":"https:\/\/gohike.lv\/ru\/wp-json\/wp\/v2\/media\/9556"}],"wp:attachment":[{"href":"https:\/\/gohike.lv\/ru\/wp-json\/wp\/v2\/media?parent=53738"}],"wp:term":[{"taxonomy":"product_brand","embeddable":true,"href":"https:\/\/gohike.lv\/ru\/wp-json\/wp\/v2\/product_brand?post=53738"},{"taxonomy":"product_cat","embeddable":true,"href":"https:\/\/gohike.lv\/ru\/wp-json\/wp\/v2\/product_cat?post=53738"},{"taxonomy":"product_tag","embeddable":true,"href":"https:\/\/gohike.lv\/ru\/wp-json\/wp\/v2\/product_tag?post=53738"}],"curies":[{"name":"wp","href":"https:\/\/api.w.org\/{rel}","templated":true}]}}