{"id":53734,"date":"2024-05-08T15:18:55","date_gmt":"2024-05-08T12:18:55","guid":{"rendered":"https:\/\/gohike.lv\/produkts\/lifesystems-hlora-dioksida-udens-attirisanas-tabletes\/"},"modified":"2025-12-30T17:24:41","modified_gmt":"2025-12-30T14:24:41","slug":"lifesystems-hlora-dioksida-udens-attirisanas-tabletes","status":"publish","type":"product","link":"https:\/\/gohike.lv\/ru\/produkts\/lifesystems-hlora-dioksida-udens-attirisanas-tabletes\/","title":{"rendered":"Lifesystems &#8212; Hlora dioks\u012bda \u016bdens att\u012br\u012b\u0161anas tabletes"},"content":{"rendered":"<p>\u0160\u012bs \u016bdens att\u012br\u012b\u0161anas tabletes ir dro\u0161\u0101kais un efekt\u012bv\u0101kais \u0137\u012bmisk\u0101s \u016bdens dezinfekcijas veids, un at\u0161\u0137ir\u012bb\u0101 no hlora t\u0101m nav j\u016btamas p\u0113cgar\u0161as.<br \/>\nNeatv\u0113rta tablete kalpos l\u012bdz 3 gadiem no izgatavo\u0161anas datuma.<br \/>\n<iframe title=\"Lifesystems Chlorine Dioxide Tablets\" width=\"1200\" height=\"675\" src=\"https:\/\/www.youtube.com\/embed\/BbKnS_Ngn5U?feature=oembed\" frameborder=\"0\" allow=\"accelerometer; autoplay; clipboard-write; encrypted-media; gyroscope; picture-in-picture; web-share\" referrerpolicy=\"strict-origin-when-cross-origin\" allowfullscreen><\/iframe><\/p>\n","protected":false},"excerpt":{"rendered":"<p>Hlora dioks\u012bds nogalina bakt\u0113rijas, v\u012brusus un cistas \u016bden\u012b, tostarp Giardia un Cryptosporidium.<\/p>\n","protected":false},"featured_media":9540,"template":"","meta":[],"product_brand":[1307],"product_cat":[1375],"product_tag":[],"class_list":{"0":"post-53734","1":"product","2":"type-product","3":"status-publish","4":"has-post-thumbnail","6":"product_brand-lifesystems-lv","7":"product_cat-udens-attirisana","8":"pa_ietilpiba-apstrada-lidz-30-litriem-udens-iepakojuma-30-tabletes","9":"pa_izmers-65-x-105-x-20mm","10":"pa_komplektacija-attira-lidz-30-litriem-udens-nogalina-bakterijas","11":"pa_komplektacija-virusus-un-cistas-nav-butiskas-pecgarsas-edinburgas-hercoga-ieteiktais-komplekts","12":"pa_produkta-tips-tabletes","14":"first","15":"outofstock","16":"taxable","17":"shipping-taxable","18":"purchasable","19":"product-type-simple"},"raw_content":{"name":"Lifesystems - Hlora dioks\u012bda \u016bdens att\u012br\u012b\u0161anas tabletes","description":"\u0160\u012bs \u016bdens att\u012br\u012b\u0161anas tabletes ir dro\u0161\u0101kais un efekt\u012bv\u0101kais \u0137\u012bmisk\u0101s \u016bdens dezinfekcijas veids, un at\u0161\u0137ir\u012bb\u0101 no hlora t\u0101m nav j\u016btamas p\u0113cgar\u0161as.\nNeatv\u0113rta tablete kalpos l\u012bdz 3 gadiem no izgatavo\u0161anas datuma.\nhttps:\/\/youtu.be\/BbKnS_Ngn5U?list=TLGGsf2My_Wx69IyMjExMjAyMw","short_description":"Hlora dioks\u012bds nogalina bakt\u0113rijas, v\u012brusus un cistas \u016bden\u012b, tostarp Giardia un Cryptosporidium.","status":"publish","sku":"44020","original":53734},"wpml":{"translation_type":1,"has_translations":true,"original":53734,"duplicates":[],"translations":{"lv":53734,"en":67768,"ru":null}},"supplier_id":null,"supplier_sku":"","barcode":null,"atum_controlled":true,"out_stock_date":null,"out_stock_threshold":null,"inheritable":false,"inbound_stock":null,"stock_on_hold":0,"sold_today":0,"sales_last_days":0,"reserved_stock":null,"customer_returns":null,"warehouse_damage":null,"lost_in_post":null,"other_logs":null,"out_stock_days":0,"lost_sales":0,"has_location":null,"update_date":"2025-12-30T14:30:37","atum_locations":[],"atum_stock_status":"outofstock","restock_status":false,"low_stock_amount":"","sales_update_date":"2025-11-13T14:07:41","calc_backorders":null,"yoast_head":"<!-- This site is optimized with the Yoast SEO plugin v27.3 - https:\/\/yoast.com\/product\/yoast-seo-wordpress\/ -->\n<title>Lifesystems - Hlora dioks\u012bda \u016bdens att\u012br\u012b\u0161anas tabletes<\/title>\n<meta name=\"description\" content=\"Hlora dioks\u012bds nogalina bakt\u0113rijas, v\u012brusus un cistas \u016bden\u012b, tostarp Giardia un Cryptosporidium.\" \/>\n<meta name=\"robots\" content=\"index, follow, max-snippet:-1, max-image-preview:large, max-video-preview:-1\" \/>\n<link rel=\"canonical\" href=\"https:\/\/gohike.lv\/ru\/produkts\/lifesystems-hlora-dioksida-udens-attirisanas-tabletes\/\" \/>\n<meta property=\"og:locale\" content=\"ru_RU\" \/>\n<meta property=\"og:type\" content=\"article\" \/>\n<meta property=\"og:title\" content=\"Lifesystems - \u016adens att\u012br\u012b\u0161ana - Tabletes\" \/>\n<meta property=\"og:description\" content=\"Hlora dioks\u012bds nogalina bakt\u0113rijas, v\u012brusus un cistas \u016bden\u012b, tostarp Giardia un Cryptosporidium.\" \/>\n<meta property=\"og:url\" content=\"https:\/\/gohike.lv\/ru\/produkts\/lifesystems-hlora-dioksida-udens-attirisanas-tabletes\/\" \/>\n<meta property=\"og:site_name\" content=\"GoHike\" \/>\n<meta property=\"article:publisher\" content=\"https:\/\/www.facebook.com\/gohike.shop\/\" \/>\n<meta property=\"article:modified_time\" content=\"2025-12-30T14:24:41+00:00\" \/>\n<meta property=\"og:image\" content=\"https:\/\/gohike.lv\/wp-content\/uploads\/2023\/11\/chlorine-dioxide-tablets.jpg\" \/>\n\t<meta property=\"og:image:width\" content=\"1100\" \/>\n\t<meta property=\"og:image:height\" content=\"1100\" \/>\n\t<meta property=\"og:image:type\" content=\"image\/jpeg\" \/>\n<meta name=\"twitter:card\" content=\"summary_large_image\" \/>\n<meta name=\"twitter:title\" content=\"Lifesystems - \u016adens att\u012br\u012b\u0161ana - Tabletes\" \/>\n<meta name=\"twitter:label1\" content=\"\u041f\u0440\u0438\u043c\u0435\u0440\u043d\u043e\u0435 \u0432\u0440\u0435\u043c\u044f \u0434\u043b\u044f \u0447\u0442\u0435\u043d\u0438\u044f\" \/>\n\t<meta name=\"twitter:data1\" content=\"1 \u043c\u0438\u043d\u0443\u0442\u0430\" \/>\n<script type=\"application\/ld+json\" class=\"yoast-schema-graph\">{\"@context\":\"https:\\\/\\\/schema.org\",\"@graph\":[{\"@type\":[\"WebPage\",\"ItemPage\"],\"@id\":\"https:\\\/\\\/gohike.lv\\\/ru\\\/produkts\\\/lifesystems-hlora-dioksida-udens-attirisanas-tabletes\\\/\",\"url\":\"https:\\\/\\\/gohike.lv\\\/ru\\\/produkts\\\/lifesystems-hlora-dioksida-udens-attirisanas-tabletes\\\/\",\"name\":\"Lifesystems - Hlora dioks\u012bda \u016bdens att\u012br\u012b\u0161anas tabletes\",\"isPartOf\":{\"@id\":\"https:\\\/\\\/gohike.lv\\\/ru\\\/#website\"},\"primaryImageOfPage\":{\"@id\":\"https:\\\/\\\/gohike.lv\\\/ru\\\/produkts\\\/lifesystems-hlora-dioksida-udens-attirisanas-tabletes\\\/#primaryimage\"},\"image\":{\"@id\":\"https:\\\/\\\/gohike.lv\\\/ru\\\/produkts\\\/lifesystems-hlora-dioksida-udens-attirisanas-tabletes\\\/#primaryimage\"},\"thumbnailUrl\":\"https:\\\/\\\/gohike.lv\\\/wp-content\\\/uploads\\\/2023\\\/11\\\/chlorine-dioxide-tablets.jpg\",\"datePublished\":\"2024-05-08T12:18:55+00:00\",\"dateModified\":\"2025-12-30T14:24:41+00:00\",\"description\":\"Hlora dioks\u012bds nogalina bakt\u0113rijas, v\u012brusus un cistas \u016bden\u012b, tostarp Giardia un Cryptosporidium.\",\"breadcrumb\":{\"@id\":\"https:\\\/\\\/gohike.lv\\\/ru\\\/produkts\\\/lifesystems-hlora-dioksida-udens-attirisanas-tabletes\\\/#breadcrumb\"},\"inLanguage\":\"ru-RU\",\"potentialAction\":[{\"@type\":\"ReadAction\",\"target\":[\"https:\\\/\\\/gohike.lv\\\/ru\\\/produkts\\\/lifesystems-hlora-dioksida-udens-attirisanas-tabletes\\\/\"]}]},{\"@type\":\"ImageObject\",\"inLanguage\":\"ru-RU\",\"@id\":\"https:\\\/\\\/gohike.lv\\\/ru\\\/produkts\\\/lifesystems-hlora-dioksida-udens-attirisanas-tabletes\\\/#primaryimage\",\"url\":\"https:\\\/\\\/gohike.lv\\\/wp-content\\\/uploads\\\/2023\\\/11\\\/chlorine-dioxide-tablets.jpg\",\"contentUrl\":\"https:\\\/\\\/gohike.lv\\\/wp-content\\\/uploads\\\/2023\\\/11\\\/chlorine-dioxide-tablets.jpg\",\"width\":1100,\"height\":1100},{\"@type\":\"BreadcrumbList\",\"@id\":\"https:\\\/\\\/gohike.lv\\\/ru\\\/produkts\\\/lifesystems-hlora-dioksida-udens-attirisanas-tabletes\\\/#breadcrumb\",\"itemListElement\":[{\"@type\":\"ListItem\",\"position\":1,\"name\":\"\u0413\u043b\u0430\u0432\u043d\u0430\u044f\",\"item\":\"https:\\\/\\\/gohike.lv\\\/ru\\\/\"},{\"@type\":\"ListItem\",\"position\":2,\"name\":\"\u041a\u0430\u0442\u0435\u0433\u043e\u0440\u0438\u0438 \u0442\u043e\u0432\u0430\u0440\u043e\u0432\",\"item\":\"https:\\\/\\\/gohike.lv\\\/%d0%ba%d0%b0%d1%82%d0%b5%d0%b3%d0%be%d1%80%d0%b8%d0%b8-%d1%82%d0%be%d0%b2%d0%b0%d1%80%d0%be%d0%b2\\\/\"},{\"@type\":\"ListItem\",\"position\":3,\"name\":\"Lifesystems &#8211; Hlora dioks\u012bda \u016bdens att\u012br\u012b\u0161anas tabletes\"}]},{\"@type\":\"WebSite\",\"@id\":\"https:\\\/\\\/gohike.lv\\\/ru\\\/#website\",\"url\":\"https:\\\/\\\/gohike.lv\\\/ru\\\/\",\"name\":\"GoHike\",\"description\":\"\",\"publisher\":{\"@id\":\"https:\\\/\\\/gohike.lv\\\/ru\\\/#organization\"},\"potentialAction\":[{\"@type\":\"SearchAction\",\"target\":{\"@type\":\"EntryPoint\",\"urlTemplate\":\"https:\\\/\\\/gohike.lv\\\/ru\\\/?s={search_term_string}\"},\"query-input\":{\"@type\":\"PropertyValueSpecification\",\"valueRequired\":true,\"valueName\":\"search_term_string\"}}],\"inLanguage\":\"ru-RU\"},{\"@type\":\"Organization\",\"@id\":\"https:\\\/\\\/gohike.lv\\\/ru\\\/#organization\",\"name\":\"GoHike\",\"url\":\"https:\\\/\\\/gohike.lv\\\/ru\\\/\",\"logo\":{\"@type\":\"ImageObject\",\"inLanguage\":\"ru-RU\",\"@id\":\"https:\\\/\\\/gohike.lv\\\/ru\\\/#\\\/schema\\\/logo\\\/image\\\/\",\"url\":\"https:\\\/\\\/gohike.lv\\\/wp-content\\\/uploads\\\/2023\\\/08\\\/Logo_GoHike.webp\",\"contentUrl\":\"https:\\\/\\\/gohike.lv\\\/wp-content\\\/uploads\\\/2023\\\/08\\\/Logo_GoHike.webp\",\"width\":512,\"height\":512,\"caption\":\"GoHike\"},\"image\":{\"@id\":\"https:\\\/\\\/gohike.lv\\\/ru\\\/#\\\/schema\\\/logo\\\/image\\\/\"},\"sameAs\":[\"https:\\\/\\\/www.facebook.com\\\/gohike.shop\\\/\",\"https:\\\/\\\/www.instagram.com\\\/gohike.shop\\\/\"]}]}<\/script>\n<!-- \/ Yoast SEO plugin. -->","yoast_head_json":{"title":"Lifesystems - Hlora dioks\u012bda \u016bdens att\u012br\u012b\u0161anas tabletes","description":"Hlora dioks\u012bds nogalina bakt\u0113rijas, v\u012brusus un cistas \u016bden\u012b, tostarp Giardia un Cryptosporidium.","robots":{"index":"index","follow":"follow","max-snippet":"max-snippet:-1","max-image-preview":"max-image-preview:large","max-video-preview":"max-video-preview:-1"},"canonical":"https:\/\/gohike.lv\/ru\/produkts\/lifesystems-hlora-dioksida-udens-attirisanas-tabletes\/","og_locale":"ru_RU","og_type":"article","og_title":"Lifesystems - \u016adens att\u012br\u012b\u0161ana - Tabletes","og_description":"Hlora dioks\u012bds nogalina bakt\u0113rijas, v\u012brusus un cistas \u016bden\u012b, tostarp Giardia un Cryptosporidium.","og_url":"https:\/\/gohike.lv\/ru\/produkts\/lifesystems-hlora-dioksida-udens-attirisanas-tabletes\/","og_site_name":"GoHike","article_publisher":"https:\/\/www.facebook.com\/gohike.shop\/","article_modified_time":"2025-12-30T14:24:41+00:00","og_image":[{"width":1100,"height":1100,"url":"https:\/\/gohike.lv\/wp-content\/uploads\/2023\/11\/chlorine-dioxide-tablets.jpg","type":"image\/jpeg"}],"twitter_card":"summary_large_image","twitter_title":"Lifesystems - \u016adens att\u012br\u012b\u0161ana - Tabletes","twitter_misc":{"\u041f\u0440\u0438\u043c\u0435\u0440\u043d\u043e\u0435 \u0432\u0440\u0435\u043c\u044f \u0434\u043b\u044f \u0447\u0442\u0435\u043d\u0438\u044f":"1 \u043c\u0438\u043d\u0443\u0442\u0430"},"schema":{"@context":"https:\/\/schema.org","@graph":[{"@type":["WebPage","ItemPage"],"@id":"https:\/\/gohike.lv\/ru\/produkts\/lifesystems-hlora-dioksida-udens-attirisanas-tabletes\/","url":"https:\/\/gohike.lv\/ru\/produkts\/lifesystems-hlora-dioksida-udens-attirisanas-tabletes\/","name":"Lifesystems - Hlora dioks\u012bda \u016bdens att\u012br\u012b\u0161anas tabletes","isPartOf":{"@id":"https:\/\/gohike.lv\/ru\/#website"},"primaryImageOfPage":{"@id":"https:\/\/gohike.lv\/ru\/produkts\/lifesystems-hlora-dioksida-udens-attirisanas-tabletes\/#primaryimage"},"image":{"@id":"https:\/\/gohike.lv\/ru\/produkts\/lifesystems-hlora-dioksida-udens-attirisanas-tabletes\/#primaryimage"},"thumbnailUrl":"https:\/\/gohike.lv\/wp-content\/uploads\/2023\/11\/chlorine-dioxide-tablets.jpg","datePublished":"2024-05-08T12:18:55+00:00","dateModified":"2025-12-30T14:24:41+00:00","description":"Hlora dioks\u012bds nogalina bakt\u0113rijas, v\u012brusus un cistas \u016bden\u012b, tostarp Giardia un Cryptosporidium.","breadcrumb":{"@id":"https:\/\/gohike.lv\/ru\/produkts\/lifesystems-hlora-dioksida-udens-attirisanas-tabletes\/#breadcrumb"},"inLanguage":"ru-RU","potentialAction":[{"@type":"ReadAction","target":["https:\/\/gohike.lv\/ru\/produkts\/lifesystems-hlora-dioksida-udens-attirisanas-tabletes\/"]}]},{"@type":"ImageObject","inLanguage":"ru-RU","@id":"https:\/\/gohike.lv\/ru\/produkts\/lifesystems-hlora-dioksida-udens-attirisanas-tabletes\/#primaryimage","url":"https:\/\/gohike.lv\/wp-content\/uploads\/2023\/11\/chlorine-dioxide-tablets.jpg","contentUrl":"https:\/\/gohike.lv\/wp-content\/uploads\/2023\/11\/chlorine-dioxide-tablets.jpg","width":1100,"height":1100},{"@type":"BreadcrumbList","@id":"https:\/\/gohike.lv\/ru\/produkts\/lifesystems-hlora-dioksida-udens-attirisanas-tabletes\/#breadcrumb","itemListElement":[{"@type":"ListItem","position":1,"name":"\u0413\u043b\u0430\u0432\u043d\u0430\u044f","item":"https:\/\/gohike.lv\/ru\/"},{"@type":"ListItem","position":2,"name":"\u041a\u0430\u0442\u0435\u0433\u043e\u0440\u0438\u0438 \u0442\u043e\u0432\u0430\u0440\u043e\u0432","item":"https:\/\/gohike.lv\/%d0%ba%d0%b0%d1%82%d0%b5%d0%b3%d0%be%d1%80%d0%b8%d0%b8-%d1%82%d0%be%d0%b2%d0%b0%d1%80%d0%be%d0%b2\/"},{"@type":"ListItem","position":3,"name":"Lifesystems &#8211; Hlora dioks\u012bda \u016bdens att\u012br\u012b\u0161anas tabletes"}]},{"@type":"WebSite","@id":"https:\/\/gohike.lv\/ru\/#website","url":"https:\/\/gohike.lv\/ru\/","name":"GoHike","description":"","publisher":{"@id":"https:\/\/gohike.lv\/ru\/#organization"},"potentialAction":[{"@type":"SearchAction","target":{"@type":"EntryPoint","urlTemplate":"https:\/\/gohike.lv\/ru\/?s={search_term_string}"},"query-input":{"@type":"PropertyValueSpecification","valueRequired":true,"valueName":"search_term_string"}}],"inLanguage":"ru-RU"},{"@type":"Organization","@id":"https:\/\/gohike.lv\/ru\/#organization","name":"GoHike","url":"https:\/\/gohike.lv\/ru\/","logo":{"@type":"ImageObject","inLanguage":"ru-RU","@id":"https:\/\/gohike.lv\/ru\/#\/schema\/logo\/image\/","url":"https:\/\/gohike.lv\/wp-content\/uploads\/2023\/08\/Logo_GoHike.webp","contentUrl":"https:\/\/gohike.lv\/wp-content\/uploads\/2023\/08\/Logo_GoHike.webp","width":512,"height":512,"caption":"GoHike"},"image":{"@id":"https:\/\/gohike.lv\/ru\/#\/schema\/logo\/image\/"},"sameAs":["https:\/\/www.facebook.com\/gohike.shop\/","https:\/\/www.instagram.com\/gohike.shop\/"]}]}},"jetpack_sharing_enabled":true,"_links":{"self":[{"href":"https:\/\/gohike.lv\/ru\/wp-json\/wp\/v2\/product\/53734","targetHints":{"allow":["GET"]}}],"collection":[{"href":"https:\/\/gohike.lv\/ru\/wp-json\/wp\/v2\/product"}],"about":[{"href":"https:\/\/gohike.lv\/ru\/wp-json\/wp\/v2\/types\/product"}],"version-history":[{"count":0,"href":"https:\/\/gohike.lv\/ru\/wp-json\/wp\/v2\/product\/53734\/revisions"}],"wp:featuredmedia":[{"embeddable":true,"href":"https:\/\/gohike.lv\/ru\/wp-json\/wp\/v2\/media\/9540"}],"wp:attachment":[{"href":"https:\/\/gohike.lv\/ru\/wp-json\/wp\/v2\/media?parent=53734"}],"wp:term":[{"taxonomy":"product_brand","embeddable":true,"href":"https:\/\/gohike.lv\/ru\/wp-json\/wp\/v2\/product_brand?post=53734"},{"taxonomy":"product_cat","embeddable":true,"href":"https:\/\/gohike.lv\/ru\/wp-json\/wp\/v2\/product_cat?post=53734"},{"taxonomy":"product_tag","embeddable":true,"href":"https:\/\/gohike.lv\/ru\/wp-json\/wp\/v2\/product_tag?post=53734"}],"curies":[{"name":"wp","href":"https:\/\/api.w.org\/{rel}","templated":true}]}}