{"id":53730,"date":"2024-05-08T15:18:39","date_gmt":"2024-05-08T12:18:39","guid":{"rendered":"https:\/\/gohike.lv\/produkts\/lifesystems-plazmas-skiltava\/"},"modified":"2025-12-30T17:10:00","modified_gmt":"2025-12-30T14:10:00","slug":"lifesystems-plazmas-skiltava","status":"publish","type":"product","link":"https:\/\/gohike.lv\/ru\/produkts\/lifesystems-plazmas-skiltava\/","title":{"rendered":"Lifesystems &#8212; Plazmas \u0161\u0137iltava"},"content":{"rendered":"<p>T\u0101s ir v\u0113ja dro\u0161as \u0161\u0137iltavas, jo taj\u0101s nav liesmas un nav nepiecie\u0161ama degviela.<br \/>\n\u0160\u0137iltavas izmanto elektr\u012bbu un \u012bpa\u0161as spoles, lai rad\u012btu plazmas lokus, kas aizdedzina.<br \/>\nIzmantojot komplekt\u0101cij\u0101 iek\u013cauto USB kabeli, \u0161\u0137iltavu var uzl\u0101d\u0113t no jebkura standarta USB porta.<\/p>\n","protected":false},"excerpt":{"rendered":"<p>Vieglas un iztur\u012bgas plazmas \u0161\u0137iltavas \u013cauj \u0101tri un viegli iedegt uguni.<\/p>\n","protected":false},"featured_media":9512,"template":"","meta":[],"product_brand":[1307],"product_cat":[951],"product_tag":[],"class_list":{"0":"post-53730","1":"product","2":"type-product","3":"status-publish","4":"has-post-thumbnail","6":"product_brand-lifesystems-lv","7":"product_cat-degli-un-degviela","8":"pa_izmers-94-x-34-x-15mm","9":"pa_komplektacija-plazmas-loka-stars-spiedpogas-aizdedze-teleskopisks-dizains-veja-necaurlaidigs-uzladejams-usb-kabelis-komplekta","10":"pa_produkta-tips-skiltavas","12":"first","13":"instock","14":"taxable","15":"shipping-taxable","16":"purchasable","17":"product-type-simple"},"raw_content":{"name":"Lifesystems - Plazmas \u0161\u0137iltava","description":"T\u0101s ir v\u0113ja dro\u0161as \u0161\u0137iltavas, jo taj\u0101s nav liesmas un nav nepiecie\u0161ama degviela.\n\u0160\u0137iltavas izmanto elektr\u012bbu un \u012bpa\u0161as spoles, lai rad\u012btu plazmas lokus, kas aizdedzina.\nIzmantojot komplekt\u0101cij\u0101 iek\u013cauto USB kabeli, \u0161\u0137iltavu var uzl\u0101d\u0113t no jebkura standarta USB porta.","short_description":"Vieglas un iztur\u012bgas plazmas \u0161\u0137iltavas \u013cauj \u0101tri un viegli iedegt uguni.","status":"publish","sku":"42250","original":53730},"wpml":{"translation_type":1,"has_translations":true,"original":53730,"duplicates":[],"translations":{"lv":53730,"en":67809,"ru":null}},"supplier_id":null,"supplier_sku":"","barcode":null,"atum_controlled":true,"out_stock_date":null,"out_stock_threshold":null,"inheritable":false,"inbound_stock":0,"stock_on_hold":0,"sold_today":0,"sales_last_days":0,"reserved_stock":0,"customer_returns":0,"warehouse_damage":0,"lost_in_post":0,"other_logs":0,"out_stock_days":0,"lost_sales":0,"has_location":false,"update_date":"2025-12-30T14:13:28","atum_locations":[],"atum_stock_status":"instock","restock_status":false,"low_stock_amount":"","sales_update_date":"2025-11-13T14:08:24","calc_backorders":null,"yoast_head":"<!-- This site is optimized with the Yoast SEO plugin v27.3 - https:\/\/yoast.com\/product\/yoast-seo-wordpress\/ -->\n<title>Lifesystems - Plazmas \u0161\u0137iltava<\/title>\n<meta name=\"description\" content=\"Vieglas un iztur\u012bgas plazmas \u0161\u0137iltavas \u013cauj \u0101tri un viegli iedegt uguni. \u0160\u0137iltavas izmanto elektr\u012bbu un \u012bpa\u0161as spoles, lai rad\u012btu plazmas lokus.\" \/>\n<meta name=\"robots\" content=\"index, follow, max-snippet:-1, max-image-preview:large, max-video-preview:-1\" \/>\n<link rel=\"canonical\" href=\"https:\/\/gohike.lv\/ru\/produkts\/lifesystems-plazmas-skiltava\/\" \/>\n<meta property=\"og:locale\" content=\"ru_RU\" \/>\n<meta property=\"og:type\" content=\"article\" \/>\n<meta property=\"og:title\" content=\"Lifesystems - Deg\u013ci un Degviela - \u0160\u0137iltavas\" \/>\n<meta property=\"og:description\" content=\"Vieglas un iztur\u012bgas plazmas \u0161\u0137iltavas \u013cauj \u0101tri un viegli iedegt uguni. \u0160\u0137iltavas izmanto elektr\u012bbu un \u012bpa\u0161as spoles, lai rad\u012btu plazmas lokus.\" \/>\n<meta property=\"og:url\" content=\"https:\/\/gohike.lv\/ru\/produkts\/lifesystems-plazmas-skiltava\/\" \/>\n<meta property=\"og:site_name\" content=\"GoHike\" \/>\n<meta property=\"article:publisher\" content=\"https:\/\/www.facebook.com\/gohike.shop\/\" \/>\n<meta property=\"article:modified_time\" content=\"2025-12-30T14:10:00+00:00\" \/>\n<meta property=\"og:image\" content=\"https:\/\/gohike.lv\/wp-content\/uploads\/2023\/11\/plasma-lighter-1.webp\" \/>\n\t<meta property=\"og:image:width\" content=\"1100\" \/>\n\t<meta property=\"og:image:height\" content=\"1100\" \/>\n\t<meta property=\"og:image:type\" content=\"image\/webp\" \/>\n<meta name=\"twitter:card\" content=\"summary_large_image\" \/>\n<meta name=\"twitter:title\" content=\"Lifesystems - Deg\u013ci un Degviela - \u0160\u0137iltavas\" \/>\n<meta name=\"twitter:label1\" content=\"\u041f\u0440\u0438\u043c\u0435\u0440\u043d\u043e\u0435 \u0432\u0440\u0435\u043c\u044f \u0434\u043b\u044f \u0447\u0442\u0435\u043d\u0438\u044f\" \/>\n\t<meta name=\"twitter:data1\" content=\"1 \u043c\u0438\u043d\u0443\u0442\u0430\" \/>\n<script type=\"application\/ld+json\" class=\"yoast-schema-graph\">{\"@context\":\"https:\\\/\\\/schema.org\",\"@graph\":[{\"@type\":[\"WebPage\",\"ItemPage\"],\"@id\":\"https:\\\/\\\/gohike.lv\\\/ru\\\/produkts\\\/lifesystems-plazmas-skiltava\\\/\",\"url\":\"https:\\\/\\\/gohike.lv\\\/ru\\\/produkts\\\/lifesystems-plazmas-skiltava\\\/\",\"name\":\"Lifesystems - Plazmas \u0161\u0137iltava\",\"isPartOf\":{\"@id\":\"https:\\\/\\\/gohike.lv\\\/ru\\\/#website\"},\"primaryImageOfPage\":{\"@id\":\"https:\\\/\\\/gohike.lv\\\/ru\\\/produkts\\\/lifesystems-plazmas-skiltava\\\/#primaryimage\"},\"image\":{\"@id\":\"https:\\\/\\\/gohike.lv\\\/ru\\\/produkts\\\/lifesystems-plazmas-skiltava\\\/#primaryimage\"},\"thumbnailUrl\":\"https:\\\/\\\/gohike.lv\\\/wp-content\\\/uploads\\\/2023\\\/11\\\/plasma-lighter-1.webp\",\"datePublished\":\"2024-05-08T12:18:39+00:00\",\"dateModified\":\"2025-12-30T14:10:00+00:00\",\"description\":\"Vieglas un iztur\u012bgas plazmas \u0161\u0137iltavas \u013cauj \u0101tri un viegli iedegt uguni. \u0160\u0137iltavas izmanto elektr\u012bbu un \u012bpa\u0161as spoles, lai rad\u012btu plazmas lokus.\",\"breadcrumb\":{\"@id\":\"https:\\\/\\\/gohike.lv\\\/ru\\\/produkts\\\/lifesystems-plazmas-skiltava\\\/#breadcrumb\"},\"inLanguage\":\"ru-RU\",\"potentialAction\":[{\"@type\":\"ReadAction\",\"target\":[\"https:\\\/\\\/gohike.lv\\\/ru\\\/produkts\\\/lifesystems-plazmas-skiltava\\\/\"]}]},{\"@type\":\"ImageObject\",\"inLanguage\":\"ru-RU\",\"@id\":\"https:\\\/\\\/gohike.lv\\\/ru\\\/produkts\\\/lifesystems-plazmas-skiltava\\\/#primaryimage\",\"url\":\"https:\\\/\\\/gohike.lv\\\/wp-content\\\/uploads\\\/2023\\\/11\\\/plasma-lighter-1.webp\",\"contentUrl\":\"https:\\\/\\\/gohike.lv\\\/wp-content\\\/uploads\\\/2023\\\/11\\\/plasma-lighter-1.webp\",\"width\":1100,\"height\":1100},{\"@type\":\"BreadcrumbList\",\"@id\":\"https:\\\/\\\/gohike.lv\\\/ru\\\/produkts\\\/lifesystems-plazmas-skiltava\\\/#breadcrumb\",\"itemListElement\":[{\"@type\":\"ListItem\",\"position\":1,\"name\":\"\u0413\u043b\u0430\u0432\u043d\u0430\u044f\",\"item\":\"https:\\\/\\\/gohike.lv\\\/ru\\\/\"},{\"@type\":\"ListItem\",\"position\":2,\"name\":\"\u041a\u0430\u0442\u0435\u0433\u043e\u0440\u0438\u0438 \u0442\u043e\u0432\u0430\u0440\u043e\u0432\",\"item\":\"https:\\\/\\\/gohike.lv\\\/%d0%ba%d0%b0%d1%82%d0%b5%d0%b3%d0%be%d1%80%d0%b8%d0%b8-%d1%82%d0%be%d0%b2%d0%b0%d1%80%d0%be%d0%b2\\\/\"},{\"@type\":\"ListItem\",\"position\":3,\"name\":\"Lifesystems &#8211; Plazmas \u0161\u0137iltava\"}]},{\"@type\":\"WebSite\",\"@id\":\"https:\\\/\\\/gohike.lv\\\/ru\\\/#website\",\"url\":\"https:\\\/\\\/gohike.lv\\\/ru\\\/\",\"name\":\"GoHike\",\"description\":\"\",\"publisher\":{\"@id\":\"https:\\\/\\\/gohike.lv\\\/ru\\\/#organization\"},\"potentialAction\":[{\"@type\":\"SearchAction\",\"target\":{\"@type\":\"EntryPoint\",\"urlTemplate\":\"https:\\\/\\\/gohike.lv\\\/ru\\\/?s={search_term_string}\"},\"query-input\":{\"@type\":\"PropertyValueSpecification\",\"valueRequired\":true,\"valueName\":\"search_term_string\"}}],\"inLanguage\":\"ru-RU\"},{\"@type\":\"Organization\",\"@id\":\"https:\\\/\\\/gohike.lv\\\/ru\\\/#organization\",\"name\":\"GoHike\",\"url\":\"https:\\\/\\\/gohike.lv\\\/ru\\\/\",\"logo\":{\"@type\":\"ImageObject\",\"inLanguage\":\"ru-RU\",\"@id\":\"https:\\\/\\\/gohike.lv\\\/ru\\\/#\\\/schema\\\/logo\\\/image\\\/\",\"url\":\"https:\\\/\\\/gohike.lv\\\/wp-content\\\/uploads\\\/2023\\\/08\\\/Logo_GoHike.webp\",\"contentUrl\":\"https:\\\/\\\/gohike.lv\\\/wp-content\\\/uploads\\\/2023\\\/08\\\/Logo_GoHike.webp\",\"width\":512,\"height\":512,\"caption\":\"GoHike\"},\"image\":{\"@id\":\"https:\\\/\\\/gohike.lv\\\/ru\\\/#\\\/schema\\\/logo\\\/image\\\/\"},\"sameAs\":[\"https:\\\/\\\/www.facebook.com\\\/gohike.shop\\\/\",\"https:\\\/\\\/www.instagram.com\\\/gohike.shop\\\/\"]}]}<\/script>\n<!-- \/ Yoast SEO plugin. -->","yoast_head_json":{"title":"Lifesystems - Plazmas \u0161\u0137iltava","description":"Vieglas un iztur\u012bgas plazmas \u0161\u0137iltavas \u013cauj \u0101tri un viegli iedegt uguni. \u0160\u0137iltavas izmanto elektr\u012bbu un \u012bpa\u0161as spoles, lai rad\u012btu plazmas lokus.","robots":{"index":"index","follow":"follow","max-snippet":"max-snippet:-1","max-image-preview":"max-image-preview:large","max-video-preview":"max-video-preview:-1"},"canonical":"https:\/\/gohike.lv\/ru\/produkts\/lifesystems-plazmas-skiltava\/","og_locale":"ru_RU","og_type":"article","og_title":"Lifesystems - Deg\u013ci un Degviela - \u0160\u0137iltavas","og_description":"Vieglas un iztur\u012bgas plazmas \u0161\u0137iltavas \u013cauj \u0101tri un viegli iedegt uguni. \u0160\u0137iltavas izmanto elektr\u012bbu un \u012bpa\u0161as spoles, lai rad\u012btu plazmas lokus.","og_url":"https:\/\/gohike.lv\/ru\/produkts\/lifesystems-plazmas-skiltava\/","og_site_name":"GoHike","article_publisher":"https:\/\/www.facebook.com\/gohike.shop\/","article_modified_time":"2025-12-30T14:10:00+00:00","og_image":[{"width":1100,"height":1100,"url":"https:\/\/gohike.lv\/wp-content\/uploads\/2023\/11\/plasma-lighter-1.webp","type":"image\/webp"}],"twitter_card":"summary_large_image","twitter_title":"Lifesystems - Deg\u013ci un Degviela - \u0160\u0137iltavas","twitter_misc":{"\u041f\u0440\u0438\u043c\u0435\u0440\u043d\u043e\u0435 \u0432\u0440\u0435\u043c\u044f \u0434\u043b\u044f \u0447\u0442\u0435\u043d\u0438\u044f":"1 \u043c\u0438\u043d\u0443\u0442\u0430"},"schema":{"@context":"https:\/\/schema.org","@graph":[{"@type":["WebPage","ItemPage"],"@id":"https:\/\/gohike.lv\/ru\/produkts\/lifesystems-plazmas-skiltava\/","url":"https:\/\/gohike.lv\/ru\/produkts\/lifesystems-plazmas-skiltava\/","name":"Lifesystems - Plazmas \u0161\u0137iltava","isPartOf":{"@id":"https:\/\/gohike.lv\/ru\/#website"},"primaryImageOfPage":{"@id":"https:\/\/gohike.lv\/ru\/produkts\/lifesystems-plazmas-skiltava\/#primaryimage"},"image":{"@id":"https:\/\/gohike.lv\/ru\/produkts\/lifesystems-plazmas-skiltava\/#primaryimage"},"thumbnailUrl":"https:\/\/gohike.lv\/wp-content\/uploads\/2023\/11\/plasma-lighter-1.webp","datePublished":"2024-05-08T12:18:39+00:00","dateModified":"2025-12-30T14:10:00+00:00","description":"Vieglas un iztur\u012bgas plazmas \u0161\u0137iltavas \u013cauj \u0101tri un viegli iedegt uguni. \u0160\u0137iltavas izmanto elektr\u012bbu un \u012bpa\u0161as spoles, lai rad\u012btu plazmas lokus.","breadcrumb":{"@id":"https:\/\/gohike.lv\/ru\/produkts\/lifesystems-plazmas-skiltava\/#breadcrumb"},"inLanguage":"ru-RU","potentialAction":[{"@type":"ReadAction","target":["https:\/\/gohike.lv\/ru\/produkts\/lifesystems-plazmas-skiltava\/"]}]},{"@type":"ImageObject","inLanguage":"ru-RU","@id":"https:\/\/gohike.lv\/ru\/produkts\/lifesystems-plazmas-skiltava\/#primaryimage","url":"https:\/\/gohike.lv\/wp-content\/uploads\/2023\/11\/plasma-lighter-1.webp","contentUrl":"https:\/\/gohike.lv\/wp-content\/uploads\/2023\/11\/plasma-lighter-1.webp","width":1100,"height":1100},{"@type":"BreadcrumbList","@id":"https:\/\/gohike.lv\/ru\/produkts\/lifesystems-plazmas-skiltava\/#breadcrumb","itemListElement":[{"@type":"ListItem","position":1,"name":"\u0413\u043b\u0430\u0432\u043d\u0430\u044f","item":"https:\/\/gohike.lv\/ru\/"},{"@type":"ListItem","position":2,"name":"\u041a\u0430\u0442\u0435\u0433\u043e\u0440\u0438\u0438 \u0442\u043e\u0432\u0430\u0440\u043e\u0432","item":"https:\/\/gohike.lv\/%d0%ba%d0%b0%d1%82%d0%b5%d0%b3%d0%be%d1%80%d0%b8%d0%b8-%d1%82%d0%be%d0%b2%d0%b0%d1%80%d0%be%d0%b2\/"},{"@type":"ListItem","position":3,"name":"Lifesystems &#8211; Plazmas \u0161\u0137iltava"}]},{"@type":"WebSite","@id":"https:\/\/gohike.lv\/ru\/#website","url":"https:\/\/gohike.lv\/ru\/","name":"GoHike","description":"","publisher":{"@id":"https:\/\/gohike.lv\/ru\/#organization"},"potentialAction":[{"@type":"SearchAction","target":{"@type":"EntryPoint","urlTemplate":"https:\/\/gohike.lv\/ru\/?s={search_term_string}"},"query-input":{"@type":"PropertyValueSpecification","valueRequired":true,"valueName":"search_term_string"}}],"inLanguage":"ru-RU"},{"@type":"Organization","@id":"https:\/\/gohike.lv\/ru\/#organization","name":"GoHike","url":"https:\/\/gohike.lv\/ru\/","logo":{"@type":"ImageObject","inLanguage":"ru-RU","@id":"https:\/\/gohike.lv\/ru\/#\/schema\/logo\/image\/","url":"https:\/\/gohike.lv\/wp-content\/uploads\/2023\/08\/Logo_GoHike.webp","contentUrl":"https:\/\/gohike.lv\/wp-content\/uploads\/2023\/08\/Logo_GoHike.webp","width":512,"height":512,"caption":"GoHike"},"image":{"@id":"https:\/\/gohike.lv\/ru\/#\/schema\/logo\/image\/"},"sameAs":["https:\/\/www.facebook.com\/gohike.shop\/","https:\/\/www.instagram.com\/gohike.shop\/"]}]}},"jetpack_sharing_enabled":true,"_links":{"self":[{"href":"https:\/\/gohike.lv\/ru\/wp-json\/wp\/v2\/product\/53730","targetHints":{"allow":["GET"]}}],"collection":[{"href":"https:\/\/gohike.lv\/ru\/wp-json\/wp\/v2\/product"}],"about":[{"href":"https:\/\/gohike.lv\/ru\/wp-json\/wp\/v2\/types\/product"}],"version-history":[{"count":0,"href":"https:\/\/gohike.lv\/ru\/wp-json\/wp\/v2\/product\/53730\/revisions"}],"wp:featuredmedia":[{"embeddable":true,"href":"https:\/\/gohike.lv\/ru\/wp-json\/wp\/v2\/media\/9512"}],"wp:attachment":[{"href":"https:\/\/gohike.lv\/ru\/wp-json\/wp\/v2\/media?parent=53730"}],"wp:term":[{"taxonomy":"product_brand","embeddable":true,"href":"https:\/\/gohike.lv\/ru\/wp-json\/wp\/v2\/product_brand?post=53730"},{"taxonomy":"product_cat","embeddable":true,"href":"https:\/\/gohike.lv\/ru\/wp-json\/wp\/v2\/product_cat?post=53730"},{"taxonomy":"product_tag","embeddable":true,"href":"https:\/\/gohike.lv\/ru\/wp-json\/wp\/v2\/product_tag?post=53730"}],"curies":[{"name":"wp","href":"https:\/\/api.w.org\/{rel}","templated":true}]}}