{"id":53722,"date":"2024-05-08T15:18:39","date_gmt":"2024-05-08T12:18:39","guid":{"rendered":"https:\/\/gohike.lv\/produkts\/lifesystems-atkartoti-lietojami-roku-silditaji\/"},"modified":"2026-01-04T19:29:09","modified_gmt":"2026-01-04T16:29:09","slug":"lifesystems-atkartoti-lietojami-roku-silditaji","status":"publish","type":"product","link":"https:\/\/gohike.lv\/ru\/produkts\/lifesystems-atkartoti-lietojami-roku-silditaji\/","title":{"rendered":"Lifesystems &#8212; Atk\u0101rtoti lietojami roku sild\u012bt\u0101ji"},"content":{"rendered":"<p>Roku sild\u012bt\u0101js s\u0101k darboties, nospie\u017eot met\u0101la disku un mas\u0113jot g\u0113la spilventi\u0146u.<br \/>\nGlab\u0101jiet tos cimdu vai m\u0113te\u013ca kabat\u0101s.<br \/>\nTos var izmantot atk\u0101rtoti. Lai to izdar\u012btu, ievietojiet roku sild\u012bt\u0101jus verdo\u0161\u0101 \u016bden\u012b, l\u012bdz krist\u0101li ir piln\u012bb\u0101 iz\u0161\u0137\u012bdu\u0161i.<br \/>\nKatra aktiviz\u0113\u0161ana ilgst l\u012bdz 45 min\u016bt\u0113m un var izdal\u012bt siltumu l\u012bdz 54 gr\u0101diem p\u0113c Celsija.<br \/>\n<iframe title=\"Lifesystems Reusable Hand Warmers\" width=\"1200\" height=\"675\" src=\"https:\/\/www.youtube.com\/embed\/Lmv1_RrXiA4?feature=oembed\" frameborder=\"0\" allow=\"accelerometer; autoplay; clipboard-write; encrypted-media; gyroscope; picture-in-picture; web-share\" referrerpolicy=\"strict-origin-when-cross-origin\" allowfullscreen><\/iframe><\/p>\n","protected":false},"excerpt":{"rendered":"<p>Roku sild\u012bt\u0101ji lieliski noder\u0113s aukst\u0101s ziemas dien\u0101s.<\/p>\n","protected":false},"featured_media":9451,"template":"","meta":[],"product_brand":[1307],"product_cat":[1315],"product_tag":[],"class_list":{"0":"post-53722","1":"product","2":"type-product","3":"status-publish","4":"has-post-thumbnail","6":"product_brand-lifesystems-lv","7":"product_cat-silditaji-un-aptiecinas","8":"pa_izmers-90-x-90-x-15mm","9":"pa_komplektacija-lai-aktivizetu-vienkarsi-aktivizet-un-uzkarst-10-sekundes-vienreizeja-aktiv","10":"pa_komplektacija-lai-uzladetu-noklikskiniet-uz-metala-diska","11":"pa_komplektacija-vienkarsi-aktivizejams-un-atkartoti-uzladejams-8-minutes","12":"pa_produkta-tips-roku-silditaji","13":"pa_vienibas-8460","15":"first","16":"outofstock","17":"taxable","18":"shipping-taxable","19":"purchasable","20":"product-type-simple"},"raw_content":{"name":"Lifesystems - Atk\u0101rtoti lietojami roku sild\u012bt\u0101ji","description":"Roku sild\u012bt\u0101js s\u0101k darboties, nospie\u017eot met\u0101la disku un mas\u0113jot g\u0113la spilventi\u0146u.\nGlab\u0101jiet tos cimdu vai m\u0113te\u013ca kabat\u0101s.\nTos var izmantot atk\u0101rtoti. Lai to izdar\u012btu, ievietojiet roku sild\u012bt\u0101jus verdo\u0161\u0101 \u016bden\u012b, l\u012bdz krist\u0101li ir piln\u012bb\u0101 iz\u0161\u0137\u012bdu\u0161i.\nKatra aktiviz\u0113\u0161ana ilgst l\u012bdz 45 min\u016bt\u0113m un var izdal\u012bt siltumu l\u012bdz 54 gr\u0101diem p\u0113c Celsija.\nhttps:\/\/youtu.be\/Lmv1_RrXiA4?list=TLGGKJDRpOUYXF4yMjExMjAyMw","short_description":"Roku sild\u012bt\u0101ji lieliski noder\u0113s aukst\u0101s ziemas dien\u0101s.","status":"publish","sku":"42450","original":53722},"wpml":{"translation_type":1,"has_translations":true,"original":53722,"duplicates":[],"translations":{"lv":53722,"en":67771,"ru":null}},"supplier_id":null,"supplier_sku":"","barcode":null,"atum_controlled":true,"out_stock_date":"2026-01-02 14:41:42","out_stock_threshold":null,"inheritable":false,"inbound_stock":0,"stock_on_hold":0,"sold_today":0,"sales_last_days":1,"reserved_stock":0,"customer_returns":0,"warehouse_damage":0,"lost_in_post":0,"other_logs":0,"out_stock_days":3,"lost_sales":3,"has_location":false,"update_date":"2026-01-05T16:05:40","atum_locations":[],"atum_stock_status":"outofstock","restock_status":false,"low_stock_amount":"","sales_update_date":"2026-01-05T16:05:40","calc_backorders":null,"yoast_head":"<!-- This site is optimized with the Yoast SEO plugin v27.3 - https:\/\/yoast.com\/product\/yoast-seo-wordpress\/ -->\n<title>Lifesystems - Atk\u0101rtoti lietojami roku sild\u012bt\u0101ji<\/title>\n<meta name=\"description\" content=\"Roku sild\u012bt\u0101ji lieliski noder\u0113s aukst\u0101s ziemas dien\u0101s. Roku sild\u012bt\u0101js s\u0101k darboties, nospie\u017eot met\u0101la disku un mas\u0113jot g\u0113la spilventi\u0146u.\" \/>\n<meta name=\"robots\" content=\"index, follow, max-snippet:-1, max-image-preview:large, max-video-preview:-1\" \/>\n<link rel=\"canonical\" href=\"https:\/\/gohike.lv\/ru\/produkts\/lifesystems-atkartoti-lietojami-roku-silditaji\/\" \/>\n<meta property=\"og:locale\" content=\"ru_RU\" \/>\n<meta property=\"og:type\" content=\"article\" \/>\n<meta property=\"og:title\" content=\"Lifesystems - Sild\u012bt\u0101ji un izdz\u012bvo\u0161ana - Roku sild\u012bt\u0101ji\" \/>\n<meta property=\"og:description\" content=\"Roku sild\u012bt\u0101ji lieliski noder\u0113s aukst\u0101s ziemas dien\u0101s. Roku sild\u012bt\u0101js s\u0101k darboties, nospie\u017eot met\u0101la disku un mas\u0113jot g\u0113la spilventi\u0146u.\" \/>\n<meta property=\"og:url\" content=\"https:\/\/gohike.lv\/ru\/produkts\/lifesystems-atkartoti-lietojami-roku-silditaji\/\" \/>\n<meta property=\"og:site_name\" content=\"GoHike\" \/>\n<meta property=\"article:publisher\" content=\"https:\/\/www.facebook.com\/gohike.shop\/\" \/>\n<meta property=\"article:modified_time\" content=\"2026-01-04T16:29:09+00:00\" \/>\n<meta property=\"og:image\" content=\"https:\/\/gohike.lv\/wp-content\/uploads\/2023\/11\/reusable-hand-warmers-1.webp\" \/>\n\t<meta property=\"og:image:width\" content=\"1100\" \/>\n\t<meta property=\"og:image:height\" content=\"1100\" \/>\n\t<meta property=\"og:image:type\" content=\"image\/webp\" \/>\n<meta name=\"twitter:card\" content=\"summary_large_image\" \/>\n<meta name=\"twitter:title\" content=\"Lifesystems - Sild\u012bt\u0101ji un izdz\u012bvo\u0161ana - Roku sild\u012bt\u0101ji\" \/>\n<meta name=\"twitter:label1\" content=\"\u041f\u0440\u0438\u043c\u0435\u0440\u043d\u043e\u0435 \u0432\u0440\u0435\u043c\u044f \u0434\u043b\u044f \u0447\u0442\u0435\u043d\u0438\u044f\" \/>\n\t<meta name=\"twitter:data1\" content=\"1 \u043c\u0438\u043d\u0443\u0442\u0430\" \/>\n<script type=\"application\/ld+json\" class=\"yoast-schema-graph\">{\"@context\":\"https:\\\/\\\/schema.org\",\"@graph\":[{\"@type\":[\"WebPage\",\"ItemPage\"],\"@id\":\"https:\\\/\\\/gohike.lv\\\/ru\\\/produkts\\\/lifesystems-atkartoti-lietojami-roku-silditaji\\\/\",\"url\":\"https:\\\/\\\/gohike.lv\\\/ru\\\/produkts\\\/lifesystems-atkartoti-lietojami-roku-silditaji\\\/\",\"name\":\"Lifesystems - Atk\u0101rtoti lietojami roku sild\u012bt\u0101ji\",\"isPartOf\":{\"@id\":\"https:\\\/\\\/gohike.lv\\\/ru\\\/#website\"},\"primaryImageOfPage\":{\"@id\":\"https:\\\/\\\/gohike.lv\\\/ru\\\/produkts\\\/lifesystems-atkartoti-lietojami-roku-silditaji\\\/#primaryimage\"},\"image\":{\"@id\":\"https:\\\/\\\/gohike.lv\\\/ru\\\/produkts\\\/lifesystems-atkartoti-lietojami-roku-silditaji\\\/#primaryimage\"},\"thumbnailUrl\":\"https:\\\/\\\/gohike.lv\\\/wp-content\\\/uploads\\\/2023\\\/11\\\/reusable-hand-warmers-1.webp\",\"datePublished\":\"2024-05-08T12:18:39+00:00\",\"dateModified\":\"2026-01-04T16:29:09+00:00\",\"description\":\"Roku sild\u012bt\u0101ji lieliski noder\u0113s aukst\u0101s ziemas dien\u0101s. Roku sild\u012bt\u0101js s\u0101k darboties, nospie\u017eot met\u0101la disku un mas\u0113jot g\u0113la spilventi\u0146u.\",\"breadcrumb\":{\"@id\":\"https:\\\/\\\/gohike.lv\\\/ru\\\/produkts\\\/lifesystems-atkartoti-lietojami-roku-silditaji\\\/#breadcrumb\"},\"inLanguage\":\"ru-RU\",\"potentialAction\":[{\"@type\":\"ReadAction\",\"target\":[\"https:\\\/\\\/gohike.lv\\\/ru\\\/produkts\\\/lifesystems-atkartoti-lietojami-roku-silditaji\\\/\"]}]},{\"@type\":\"ImageObject\",\"inLanguage\":\"ru-RU\",\"@id\":\"https:\\\/\\\/gohike.lv\\\/ru\\\/produkts\\\/lifesystems-atkartoti-lietojami-roku-silditaji\\\/#primaryimage\",\"url\":\"https:\\\/\\\/gohike.lv\\\/wp-content\\\/uploads\\\/2023\\\/11\\\/reusable-hand-warmers-1.webp\",\"contentUrl\":\"https:\\\/\\\/gohike.lv\\\/wp-content\\\/uploads\\\/2023\\\/11\\\/reusable-hand-warmers-1.webp\",\"width\":1100,\"height\":1100},{\"@type\":\"BreadcrumbList\",\"@id\":\"https:\\\/\\\/gohike.lv\\\/ru\\\/produkts\\\/lifesystems-atkartoti-lietojami-roku-silditaji\\\/#breadcrumb\",\"itemListElement\":[{\"@type\":\"ListItem\",\"position\":1,\"name\":\"\u0413\u043b\u0430\u0432\u043d\u0430\u044f\",\"item\":\"https:\\\/\\\/gohike.lv\\\/ru\\\/\"},{\"@type\":\"ListItem\",\"position\":2,\"name\":\"\u041a\u0430\u0442\u0435\u0433\u043e\u0440\u0438\u0438 \u0442\u043e\u0432\u0430\u0440\u043e\u0432\",\"item\":\"https:\\\/\\\/gohike.lv\\\/%d0%ba%d0%b0%d1%82%d0%b5%d0%b3%d0%be%d1%80%d0%b8%d0%b8-%d1%82%d0%be%d0%b2%d0%b0%d1%80%d0%be%d0%b2\\\/\"},{\"@type\":\"ListItem\",\"position\":3,\"name\":\"Lifesystems &#8211; Atk\u0101rtoti lietojami roku sild\u012bt\u0101ji\"}]},{\"@type\":\"WebSite\",\"@id\":\"https:\\\/\\\/gohike.lv\\\/ru\\\/#website\",\"url\":\"https:\\\/\\\/gohike.lv\\\/ru\\\/\",\"name\":\"GoHike\",\"description\":\"\",\"publisher\":{\"@id\":\"https:\\\/\\\/gohike.lv\\\/ru\\\/#organization\"},\"potentialAction\":[{\"@type\":\"SearchAction\",\"target\":{\"@type\":\"EntryPoint\",\"urlTemplate\":\"https:\\\/\\\/gohike.lv\\\/ru\\\/?s={search_term_string}\"},\"query-input\":{\"@type\":\"PropertyValueSpecification\",\"valueRequired\":true,\"valueName\":\"search_term_string\"}}],\"inLanguage\":\"ru-RU\"},{\"@type\":\"Organization\",\"@id\":\"https:\\\/\\\/gohike.lv\\\/ru\\\/#organization\",\"name\":\"GoHike\",\"url\":\"https:\\\/\\\/gohike.lv\\\/ru\\\/\",\"logo\":{\"@type\":\"ImageObject\",\"inLanguage\":\"ru-RU\",\"@id\":\"https:\\\/\\\/gohike.lv\\\/ru\\\/#\\\/schema\\\/logo\\\/image\\\/\",\"url\":\"https:\\\/\\\/gohike.lv\\\/wp-content\\\/uploads\\\/2023\\\/08\\\/Logo_GoHike.webp\",\"contentUrl\":\"https:\\\/\\\/gohike.lv\\\/wp-content\\\/uploads\\\/2023\\\/08\\\/Logo_GoHike.webp\",\"width\":512,\"height\":512,\"caption\":\"GoHike\"},\"image\":{\"@id\":\"https:\\\/\\\/gohike.lv\\\/ru\\\/#\\\/schema\\\/logo\\\/image\\\/\"},\"sameAs\":[\"https:\\\/\\\/www.facebook.com\\\/gohike.shop\\\/\",\"https:\\\/\\\/www.instagram.com\\\/gohike.shop\\\/\"]}]}<\/script>\n<!-- \/ Yoast SEO plugin. -->","yoast_head_json":{"title":"Lifesystems - Atk\u0101rtoti lietojami roku sild\u012bt\u0101ji","description":"Roku sild\u012bt\u0101ji lieliski noder\u0113s aukst\u0101s ziemas dien\u0101s. Roku sild\u012bt\u0101js s\u0101k darboties, nospie\u017eot met\u0101la disku un mas\u0113jot g\u0113la spilventi\u0146u.","robots":{"index":"index","follow":"follow","max-snippet":"max-snippet:-1","max-image-preview":"max-image-preview:large","max-video-preview":"max-video-preview:-1"},"canonical":"https:\/\/gohike.lv\/ru\/produkts\/lifesystems-atkartoti-lietojami-roku-silditaji\/","og_locale":"ru_RU","og_type":"article","og_title":"Lifesystems - Sild\u012bt\u0101ji un izdz\u012bvo\u0161ana - Roku sild\u012bt\u0101ji","og_description":"Roku sild\u012bt\u0101ji lieliski noder\u0113s aukst\u0101s ziemas dien\u0101s. Roku sild\u012bt\u0101js s\u0101k darboties, nospie\u017eot met\u0101la disku un mas\u0113jot g\u0113la spilventi\u0146u.","og_url":"https:\/\/gohike.lv\/ru\/produkts\/lifesystems-atkartoti-lietojami-roku-silditaji\/","og_site_name":"GoHike","article_publisher":"https:\/\/www.facebook.com\/gohike.shop\/","article_modified_time":"2026-01-04T16:29:09+00:00","og_image":[{"width":1100,"height":1100,"url":"https:\/\/gohike.lv\/wp-content\/uploads\/2023\/11\/reusable-hand-warmers-1.webp","type":"image\/webp"}],"twitter_card":"summary_large_image","twitter_title":"Lifesystems - Sild\u012bt\u0101ji un izdz\u012bvo\u0161ana - Roku sild\u012bt\u0101ji","twitter_misc":{"\u041f\u0440\u0438\u043c\u0435\u0440\u043d\u043e\u0435 \u0432\u0440\u0435\u043c\u044f \u0434\u043b\u044f \u0447\u0442\u0435\u043d\u0438\u044f":"1 \u043c\u0438\u043d\u0443\u0442\u0430"},"schema":{"@context":"https:\/\/schema.org","@graph":[{"@type":["WebPage","ItemPage"],"@id":"https:\/\/gohike.lv\/ru\/produkts\/lifesystems-atkartoti-lietojami-roku-silditaji\/","url":"https:\/\/gohike.lv\/ru\/produkts\/lifesystems-atkartoti-lietojami-roku-silditaji\/","name":"Lifesystems - Atk\u0101rtoti lietojami roku sild\u012bt\u0101ji","isPartOf":{"@id":"https:\/\/gohike.lv\/ru\/#website"},"primaryImageOfPage":{"@id":"https:\/\/gohike.lv\/ru\/produkts\/lifesystems-atkartoti-lietojami-roku-silditaji\/#primaryimage"},"image":{"@id":"https:\/\/gohike.lv\/ru\/produkts\/lifesystems-atkartoti-lietojami-roku-silditaji\/#primaryimage"},"thumbnailUrl":"https:\/\/gohike.lv\/wp-content\/uploads\/2023\/11\/reusable-hand-warmers-1.webp","datePublished":"2024-05-08T12:18:39+00:00","dateModified":"2026-01-04T16:29:09+00:00","description":"Roku sild\u012bt\u0101ji lieliski noder\u0113s aukst\u0101s ziemas dien\u0101s. Roku sild\u012bt\u0101js s\u0101k darboties, nospie\u017eot met\u0101la disku un mas\u0113jot g\u0113la spilventi\u0146u.","breadcrumb":{"@id":"https:\/\/gohike.lv\/ru\/produkts\/lifesystems-atkartoti-lietojami-roku-silditaji\/#breadcrumb"},"inLanguage":"ru-RU","potentialAction":[{"@type":"ReadAction","target":["https:\/\/gohike.lv\/ru\/produkts\/lifesystems-atkartoti-lietojami-roku-silditaji\/"]}]},{"@type":"ImageObject","inLanguage":"ru-RU","@id":"https:\/\/gohike.lv\/ru\/produkts\/lifesystems-atkartoti-lietojami-roku-silditaji\/#primaryimage","url":"https:\/\/gohike.lv\/wp-content\/uploads\/2023\/11\/reusable-hand-warmers-1.webp","contentUrl":"https:\/\/gohike.lv\/wp-content\/uploads\/2023\/11\/reusable-hand-warmers-1.webp","width":1100,"height":1100},{"@type":"BreadcrumbList","@id":"https:\/\/gohike.lv\/ru\/produkts\/lifesystems-atkartoti-lietojami-roku-silditaji\/#breadcrumb","itemListElement":[{"@type":"ListItem","position":1,"name":"\u0413\u043b\u0430\u0432\u043d\u0430\u044f","item":"https:\/\/gohike.lv\/ru\/"},{"@type":"ListItem","position":2,"name":"\u041a\u0430\u0442\u0435\u0433\u043e\u0440\u0438\u0438 \u0442\u043e\u0432\u0430\u0440\u043e\u0432","item":"https:\/\/gohike.lv\/%d0%ba%d0%b0%d1%82%d0%b5%d0%b3%d0%be%d1%80%d0%b8%d0%b8-%d1%82%d0%be%d0%b2%d0%b0%d1%80%d0%be%d0%b2\/"},{"@type":"ListItem","position":3,"name":"Lifesystems &#8211; Atk\u0101rtoti lietojami roku sild\u012bt\u0101ji"}]},{"@type":"WebSite","@id":"https:\/\/gohike.lv\/ru\/#website","url":"https:\/\/gohike.lv\/ru\/","name":"GoHike","description":"","publisher":{"@id":"https:\/\/gohike.lv\/ru\/#organization"},"potentialAction":[{"@type":"SearchAction","target":{"@type":"EntryPoint","urlTemplate":"https:\/\/gohike.lv\/ru\/?s={search_term_string}"},"query-input":{"@type":"PropertyValueSpecification","valueRequired":true,"valueName":"search_term_string"}}],"inLanguage":"ru-RU"},{"@type":"Organization","@id":"https:\/\/gohike.lv\/ru\/#organization","name":"GoHike","url":"https:\/\/gohike.lv\/ru\/","logo":{"@type":"ImageObject","inLanguage":"ru-RU","@id":"https:\/\/gohike.lv\/ru\/#\/schema\/logo\/image\/","url":"https:\/\/gohike.lv\/wp-content\/uploads\/2023\/08\/Logo_GoHike.webp","contentUrl":"https:\/\/gohike.lv\/wp-content\/uploads\/2023\/08\/Logo_GoHike.webp","width":512,"height":512,"caption":"GoHike"},"image":{"@id":"https:\/\/gohike.lv\/ru\/#\/schema\/logo\/image\/"},"sameAs":["https:\/\/www.facebook.com\/gohike.shop\/","https:\/\/www.instagram.com\/gohike.shop\/"]}]}},"jetpack_sharing_enabled":true,"_links":{"self":[{"href":"https:\/\/gohike.lv\/ru\/wp-json\/wp\/v2\/product\/53722","targetHints":{"allow":["GET"]}}],"collection":[{"href":"https:\/\/gohike.lv\/ru\/wp-json\/wp\/v2\/product"}],"about":[{"href":"https:\/\/gohike.lv\/ru\/wp-json\/wp\/v2\/types\/product"}],"version-history":[{"count":1,"href":"https:\/\/gohike.lv\/ru\/wp-json\/wp\/v2\/product\/53722\/revisions"}],"predecessor-version":[{"id":118983,"href":"https:\/\/gohike.lv\/ru\/wp-json\/wp\/v2\/product\/53722\/revisions\/118983"}],"wp:featuredmedia":[{"embeddable":true,"href":"https:\/\/gohike.lv\/ru\/wp-json\/wp\/v2\/media\/9451"}],"wp:attachment":[{"href":"https:\/\/gohike.lv\/ru\/wp-json\/wp\/v2\/media?parent=53722"}],"wp:term":[{"taxonomy":"product_brand","embeddable":true,"href":"https:\/\/gohike.lv\/ru\/wp-json\/wp\/v2\/product_brand?post=53722"},{"taxonomy":"product_cat","embeddable":true,"href":"https:\/\/gohike.lv\/ru\/wp-json\/wp\/v2\/product_cat?post=53722"},{"taxonomy":"product_tag","embeddable":true,"href":"https:\/\/gohike.lv\/ru\/wp-json\/wp\/v2\/product_tag?post=53722"}],"curies":[{"name":"wp","href":"https:\/\/api.w.org\/{rel}","templated":true}]}}