{"id":53702,"date":"2024-05-08T15:17:42","date_gmt":"2024-05-08T12:17:42","guid":{"rendered":"https:\/\/gohike.lv\/produkts\/lifesystems-kabatas-pirmas-palidzibas-komplekts\/"},"modified":"2025-12-30T17:24:41","modified_gmt":"2025-12-30T14:24:41","slug":"lifesystems-kabatas-pirmas-palidzibas-komplekts-pocket","status":"publish","type":"product","link":"https:\/\/gohike.lv\/ru\/produkts\/lifesystems-kabatas-pirmas-palidzibas-komplekts-pocket\/","title":{"rendered":"Lifesystems &#8212; Pocket pirm\u0101s pal\u012bdz\u012bbas komplekts"},"content":{"rendered":"<p>Komplekts, kas ir apr\u012bkots ar visu nepiecie\u0161amo vieglu traumu apstr\u0101dei.<br \/>\n<iframe title=\"Lifesystems Pocket First Aid Kit\" width=\"1200\" height=\"675\" src=\"https:\/\/www.youtube.com\/embed\/B7ZjwEEOYfM?feature=oembed\" frameborder=\"0\" allow=\"accelerometer; autoplay; clipboard-write; encrypted-media; gyroscope; picture-in-picture; web-share\" referrerpolicy=\"strict-origin-when-cross-origin\" allowfullscreen><\/iframe><\/p>\n","protected":false},"excerpt":{"rendered":"<p>Pirm\u0101s pal\u012bdz\u012bbas komplekts Pocket ir ide\u0101li piem\u0113rots p\u0101rg\u0101jieniem un kempingiem.<\/p>\n","protected":false},"featured_media":9364,"template":"","meta":[],"product_brand":[1307],"product_cat":[1315],"product_tag":[],"class_list":{"0":"post-53702","1":"product","2":"type-product","3":"status-publish","4":"has-post-thumbnail","6":"product_brand-lifesystems-lv","7":"product_cat-silditaji-un-aptiecinas","8":"pa_izmers-125-x-80-x-45mm","9":"pa_komplektacija-1-x-primaras-aprupes-brosura-1-x-pincete-1-x-skeres-5","10":"pa_komplektacija-5-cm-asmens-6-x-sasprauzamas-adatas","11":"pa_parseji-1-x-balts-atverts-audums-parsejs-7","12":"pa_parseji-5-cm-x-5-m-1-x-crepe-bandage-5cm-x-4","13":"pa_parseji-5m","14":"pa_parsienamais-materials-1-x-zemi-lipigs-parsejs-5-x-5-cm-1-x-zemi-lipigs-parsejs-10-x-10-cm-1-x-limejosa-parsejs-8-x-16-cm-1-x-dazadu-apmetumu-iepakojums-satur-9-2-x-blistera-plaksteris-3-x-ieklauti-es-kom","15":"pa_produkta-tips-aptiecinas","17":"first","18":"outofstock","19":"taxable","20":"shipping-taxable","21":"purchasable","22":"product-type-simple"},"raw_content":{"name":"Lifesystems - Pocket pirm\u0101s pal\u012bdz\u012bbas komplekts","description":"Komplekts, kas ir apr\u012bkots ar visu nepiecie\u0161amo vieglu traumu apstr\u0101dei.\nhttps:\/\/youtu.be\/B7ZjwEEOYfM?list=TLGGNNVxWV2fOJ8yMjExMjAyMw","short_description":"Pirm\u0101s pal\u012bdz\u012bbas komplekts Pocket ir ide\u0101li piem\u0113rots p\u0101rg\u0101jieniem un kempingiem.","status":"publish","sku":"1040","original":53702},"wpml":{"translation_type":1,"has_translations":true,"original":53702,"duplicates":[],"translations":{"lv":53702,"en":67808,"ru":null}},"supplier_id":null,"supplier_sku":"","barcode":null,"atum_controlled":true,"out_stock_date":"2025-09-25 16:22:03","out_stock_threshold":null,"inheritable":false,"inbound_stock":0,"stock_on_hold":0,"sold_today":0,"sales_last_days":0,"reserved_stock":0,"customer_returns":0,"warehouse_damage":0,"lost_in_post":0,"other_logs":0,"out_stock_days":48,"lost_sales":0,"has_location":false,"update_date":"2025-12-30T14:30:37","atum_locations":[],"atum_stock_status":"outofstock","restock_status":false,"low_stock_amount":"","sales_update_date":"2025-11-13T14:08:59","calc_backorders":null,"yoast_head":"<!-- This site is optimized with the Yoast SEO plugin v27.3 - https:\/\/yoast.com\/product\/yoast-seo-wordpress\/ -->\n<title>Lifesystems - Pocket pirm\u0101s pal\u012bdz\u012bbas komplekts<\/title>\n<meta name=\"description\" content=\"Pirm\u0101s pal\u012bdz\u012bbas komplekts Pocket ir ide\u0101li piem\u0113rots p\u0101rg\u0101jieniem un kempingiem.\" \/>\n<meta name=\"robots\" content=\"index, follow, max-snippet:-1, max-image-preview:large, max-video-preview:-1\" \/>\n<link rel=\"canonical\" href=\"https:\/\/gohike.lv\/ru\/produkts\/lifesystems-kabatas-pirmas-palidzibas-komplekts-pocket\/\" \/>\n<meta property=\"og:locale\" content=\"ru_RU\" \/>\n<meta property=\"og:type\" content=\"article\" \/>\n<meta property=\"og:title\" content=\"Lifesystems - Sild\u012bt\u0101ji un izdz\u012bvo\u0161ana - Aptieci\u0146as\" \/>\n<meta property=\"og:description\" content=\"Pirm\u0101s pal\u012bdz\u012bbas komplekts Pocket ir ide\u0101li piem\u0113rots p\u0101rg\u0101jieniem un kempingiem.\" \/>\n<meta property=\"og:url\" content=\"https:\/\/gohike.lv\/ru\/produkts\/lifesystems-kabatas-pirmas-palidzibas-komplekts-pocket\/\" \/>\n<meta property=\"og:site_name\" content=\"GoHike\" \/>\n<meta property=\"article:publisher\" content=\"https:\/\/www.facebook.com\/gohike.shop\/\" \/>\n<meta property=\"article:modified_time\" content=\"2025-12-30T14:24:41+00:00\" \/>\n<meta property=\"og:image\" content=\"https:\/\/gohike.lv\/wp-content\/uploads\/2023\/11\/pocket-first-aid.webp\" \/>\n\t<meta property=\"og:image:width\" content=\"1100\" \/>\n\t<meta property=\"og:image:height\" content=\"1100\" \/>\n\t<meta property=\"og:image:type\" content=\"image\/webp\" \/>\n<meta name=\"twitter:card\" content=\"summary_large_image\" \/>\n<meta name=\"twitter:title\" content=\"Lifesystems - Sild\u012bt\u0101ji un izdz\u012bvo\u0161ana - Aptieci\u0146as\" \/>\n<meta name=\"twitter:label1\" content=\"\u041f\u0440\u0438\u043c\u0435\u0440\u043d\u043e\u0435 \u0432\u0440\u0435\u043c\u044f \u0434\u043b\u044f \u0447\u0442\u0435\u043d\u0438\u044f\" \/>\n\t<meta name=\"twitter:data1\" content=\"1 \u043c\u0438\u043d\u0443\u0442\u0430\" \/>\n<script type=\"application\/ld+json\" class=\"yoast-schema-graph\">{\"@context\":\"https:\\\/\\\/schema.org\",\"@graph\":[{\"@type\":[\"WebPage\",\"ItemPage\"],\"@id\":\"https:\\\/\\\/gohike.lv\\\/ru\\\/produkts\\\/lifesystems-kabatas-pirmas-palidzibas-komplekts-pocket\\\/\",\"url\":\"https:\\\/\\\/gohike.lv\\\/ru\\\/produkts\\\/lifesystems-kabatas-pirmas-palidzibas-komplekts-pocket\\\/\",\"name\":\"Lifesystems - Pocket pirm\u0101s pal\u012bdz\u012bbas komplekts\",\"isPartOf\":{\"@id\":\"https:\\\/\\\/gohike.lv\\\/ru\\\/#website\"},\"primaryImageOfPage\":{\"@id\":\"https:\\\/\\\/gohike.lv\\\/ru\\\/produkts\\\/lifesystems-kabatas-pirmas-palidzibas-komplekts-pocket\\\/#primaryimage\"},\"image\":{\"@id\":\"https:\\\/\\\/gohike.lv\\\/ru\\\/produkts\\\/lifesystems-kabatas-pirmas-palidzibas-komplekts-pocket\\\/#primaryimage\"},\"thumbnailUrl\":\"https:\\\/\\\/gohike.lv\\\/wp-content\\\/uploads\\\/2023\\\/11\\\/pocket-first-aid.webp\",\"datePublished\":\"2024-05-08T12:17:42+00:00\",\"dateModified\":\"2025-12-30T14:24:41+00:00\",\"description\":\"Pirm\u0101s pal\u012bdz\u012bbas komplekts Pocket ir ide\u0101li piem\u0113rots p\u0101rg\u0101jieniem un kempingiem.\",\"breadcrumb\":{\"@id\":\"https:\\\/\\\/gohike.lv\\\/ru\\\/produkts\\\/lifesystems-kabatas-pirmas-palidzibas-komplekts-pocket\\\/#breadcrumb\"},\"inLanguage\":\"ru-RU\",\"potentialAction\":[{\"@type\":\"ReadAction\",\"target\":[\"https:\\\/\\\/gohike.lv\\\/ru\\\/produkts\\\/lifesystems-kabatas-pirmas-palidzibas-komplekts-pocket\\\/\"]}]},{\"@type\":\"ImageObject\",\"inLanguage\":\"ru-RU\",\"@id\":\"https:\\\/\\\/gohike.lv\\\/ru\\\/produkts\\\/lifesystems-kabatas-pirmas-palidzibas-komplekts-pocket\\\/#primaryimage\",\"url\":\"https:\\\/\\\/gohike.lv\\\/wp-content\\\/uploads\\\/2023\\\/11\\\/pocket-first-aid.webp\",\"contentUrl\":\"https:\\\/\\\/gohike.lv\\\/wp-content\\\/uploads\\\/2023\\\/11\\\/pocket-first-aid.webp\",\"width\":1100,\"height\":1100},{\"@type\":\"BreadcrumbList\",\"@id\":\"https:\\\/\\\/gohike.lv\\\/ru\\\/produkts\\\/lifesystems-kabatas-pirmas-palidzibas-komplekts-pocket\\\/#breadcrumb\",\"itemListElement\":[{\"@type\":\"ListItem\",\"position\":1,\"name\":\"\u0413\u043b\u0430\u0432\u043d\u0430\u044f\",\"item\":\"https:\\\/\\\/gohike.lv\\\/ru\\\/\"},{\"@type\":\"ListItem\",\"position\":2,\"name\":\"\u041a\u0430\u0442\u0435\u0433\u043e\u0440\u0438\u0438 \u0442\u043e\u0432\u0430\u0440\u043e\u0432\",\"item\":\"https:\\\/\\\/gohike.lv\\\/%d0%ba%d0%b0%d1%82%d0%b5%d0%b3%d0%be%d1%80%d0%b8%d0%b8-%d1%82%d0%be%d0%b2%d0%b0%d1%80%d0%be%d0%b2\\\/\"},{\"@type\":\"ListItem\",\"position\":3,\"name\":\"Lifesystems &#8211; Pocket pirm\u0101s pal\u012bdz\u012bbas komplekts\"}]},{\"@type\":\"WebSite\",\"@id\":\"https:\\\/\\\/gohike.lv\\\/ru\\\/#website\",\"url\":\"https:\\\/\\\/gohike.lv\\\/ru\\\/\",\"name\":\"GoHike\",\"description\":\"\",\"publisher\":{\"@id\":\"https:\\\/\\\/gohike.lv\\\/ru\\\/#organization\"},\"potentialAction\":[{\"@type\":\"SearchAction\",\"target\":{\"@type\":\"EntryPoint\",\"urlTemplate\":\"https:\\\/\\\/gohike.lv\\\/ru\\\/?s={search_term_string}\"},\"query-input\":{\"@type\":\"PropertyValueSpecification\",\"valueRequired\":true,\"valueName\":\"search_term_string\"}}],\"inLanguage\":\"ru-RU\"},{\"@type\":\"Organization\",\"@id\":\"https:\\\/\\\/gohike.lv\\\/ru\\\/#organization\",\"name\":\"GoHike\",\"url\":\"https:\\\/\\\/gohike.lv\\\/ru\\\/\",\"logo\":{\"@type\":\"ImageObject\",\"inLanguage\":\"ru-RU\",\"@id\":\"https:\\\/\\\/gohike.lv\\\/ru\\\/#\\\/schema\\\/logo\\\/image\\\/\",\"url\":\"https:\\\/\\\/gohike.lv\\\/wp-content\\\/uploads\\\/2023\\\/08\\\/Logo_GoHike.webp\",\"contentUrl\":\"https:\\\/\\\/gohike.lv\\\/wp-content\\\/uploads\\\/2023\\\/08\\\/Logo_GoHike.webp\",\"width\":512,\"height\":512,\"caption\":\"GoHike\"},\"image\":{\"@id\":\"https:\\\/\\\/gohike.lv\\\/ru\\\/#\\\/schema\\\/logo\\\/image\\\/\"},\"sameAs\":[\"https:\\\/\\\/www.facebook.com\\\/gohike.shop\\\/\",\"https:\\\/\\\/www.instagram.com\\\/gohike.shop\\\/\"]}]}<\/script>\n<!-- \/ Yoast SEO plugin. -->","yoast_head_json":{"title":"Lifesystems - Pocket pirm\u0101s pal\u012bdz\u012bbas komplekts","description":"Pirm\u0101s pal\u012bdz\u012bbas komplekts Pocket ir ide\u0101li piem\u0113rots p\u0101rg\u0101jieniem un kempingiem.","robots":{"index":"index","follow":"follow","max-snippet":"max-snippet:-1","max-image-preview":"max-image-preview:large","max-video-preview":"max-video-preview:-1"},"canonical":"https:\/\/gohike.lv\/ru\/produkts\/lifesystems-kabatas-pirmas-palidzibas-komplekts-pocket\/","og_locale":"ru_RU","og_type":"article","og_title":"Lifesystems - Sild\u012bt\u0101ji un izdz\u012bvo\u0161ana - Aptieci\u0146as","og_description":"Pirm\u0101s pal\u012bdz\u012bbas komplekts Pocket ir ide\u0101li piem\u0113rots p\u0101rg\u0101jieniem un kempingiem.","og_url":"https:\/\/gohike.lv\/ru\/produkts\/lifesystems-kabatas-pirmas-palidzibas-komplekts-pocket\/","og_site_name":"GoHike","article_publisher":"https:\/\/www.facebook.com\/gohike.shop\/","article_modified_time":"2025-12-30T14:24:41+00:00","og_image":[{"width":1100,"height":1100,"url":"https:\/\/gohike.lv\/wp-content\/uploads\/2023\/11\/pocket-first-aid.webp","type":"image\/webp"}],"twitter_card":"summary_large_image","twitter_title":"Lifesystems - Sild\u012bt\u0101ji un izdz\u012bvo\u0161ana - Aptieci\u0146as","twitter_misc":{"\u041f\u0440\u0438\u043c\u0435\u0440\u043d\u043e\u0435 \u0432\u0440\u0435\u043c\u044f \u0434\u043b\u044f \u0447\u0442\u0435\u043d\u0438\u044f":"1 \u043c\u0438\u043d\u0443\u0442\u0430"},"schema":{"@context":"https:\/\/schema.org","@graph":[{"@type":["WebPage","ItemPage"],"@id":"https:\/\/gohike.lv\/ru\/produkts\/lifesystems-kabatas-pirmas-palidzibas-komplekts-pocket\/","url":"https:\/\/gohike.lv\/ru\/produkts\/lifesystems-kabatas-pirmas-palidzibas-komplekts-pocket\/","name":"Lifesystems - Pocket pirm\u0101s pal\u012bdz\u012bbas komplekts","isPartOf":{"@id":"https:\/\/gohike.lv\/ru\/#website"},"primaryImageOfPage":{"@id":"https:\/\/gohike.lv\/ru\/produkts\/lifesystems-kabatas-pirmas-palidzibas-komplekts-pocket\/#primaryimage"},"image":{"@id":"https:\/\/gohike.lv\/ru\/produkts\/lifesystems-kabatas-pirmas-palidzibas-komplekts-pocket\/#primaryimage"},"thumbnailUrl":"https:\/\/gohike.lv\/wp-content\/uploads\/2023\/11\/pocket-first-aid.webp","datePublished":"2024-05-08T12:17:42+00:00","dateModified":"2025-12-30T14:24:41+00:00","description":"Pirm\u0101s pal\u012bdz\u012bbas komplekts Pocket ir ide\u0101li piem\u0113rots p\u0101rg\u0101jieniem un kempingiem.","breadcrumb":{"@id":"https:\/\/gohike.lv\/ru\/produkts\/lifesystems-kabatas-pirmas-palidzibas-komplekts-pocket\/#breadcrumb"},"inLanguage":"ru-RU","potentialAction":[{"@type":"ReadAction","target":["https:\/\/gohike.lv\/ru\/produkts\/lifesystems-kabatas-pirmas-palidzibas-komplekts-pocket\/"]}]},{"@type":"ImageObject","inLanguage":"ru-RU","@id":"https:\/\/gohike.lv\/ru\/produkts\/lifesystems-kabatas-pirmas-palidzibas-komplekts-pocket\/#primaryimage","url":"https:\/\/gohike.lv\/wp-content\/uploads\/2023\/11\/pocket-first-aid.webp","contentUrl":"https:\/\/gohike.lv\/wp-content\/uploads\/2023\/11\/pocket-first-aid.webp","width":1100,"height":1100},{"@type":"BreadcrumbList","@id":"https:\/\/gohike.lv\/ru\/produkts\/lifesystems-kabatas-pirmas-palidzibas-komplekts-pocket\/#breadcrumb","itemListElement":[{"@type":"ListItem","position":1,"name":"\u0413\u043b\u0430\u0432\u043d\u0430\u044f","item":"https:\/\/gohike.lv\/ru\/"},{"@type":"ListItem","position":2,"name":"\u041a\u0430\u0442\u0435\u0433\u043e\u0440\u0438\u0438 \u0442\u043e\u0432\u0430\u0440\u043e\u0432","item":"https:\/\/gohike.lv\/%d0%ba%d0%b0%d1%82%d0%b5%d0%b3%d0%be%d1%80%d0%b8%d0%b8-%d1%82%d0%be%d0%b2%d0%b0%d1%80%d0%be%d0%b2\/"},{"@type":"ListItem","position":3,"name":"Lifesystems &#8211; Pocket pirm\u0101s pal\u012bdz\u012bbas komplekts"}]},{"@type":"WebSite","@id":"https:\/\/gohike.lv\/ru\/#website","url":"https:\/\/gohike.lv\/ru\/","name":"GoHike","description":"","publisher":{"@id":"https:\/\/gohike.lv\/ru\/#organization"},"potentialAction":[{"@type":"SearchAction","target":{"@type":"EntryPoint","urlTemplate":"https:\/\/gohike.lv\/ru\/?s={search_term_string}"},"query-input":{"@type":"PropertyValueSpecification","valueRequired":true,"valueName":"search_term_string"}}],"inLanguage":"ru-RU"},{"@type":"Organization","@id":"https:\/\/gohike.lv\/ru\/#organization","name":"GoHike","url":"https:\/\/gohike.lv\/ru\/","logo":{"@type":"ImageObject","inLanguage":"ru-RU","@id":"https:\/\/gohike.lv\/ru\/#\/schema\/logo\/image\/","url":"https:\/\/gohike.lv\/wp-content\/uploads\/2023\/08\/Logo_GoHike.webp","contentUrl":"https:\/\/gohike.lv\/wp-content\/uploads\/2023\/08\/Logo_GoHike.webp","width":512,"height":512,"caption":"GoHike"},"image":{"@id":"https:\/\/gohike.lv\/ru\/#\/schema\/logo\/image\/"},"sameAs":["https:\/\/www.facebook.com\/gohike.shop\/","https:\/\/www.instagram.com\/gohike.shop\/"]}]}},"jetpack_sharing_enabled":true,"_links":{"self":[{"href":"https:\/\/gohike.lv\/ru\/wp-json\/wp\/v2\/product\/53702","targetHints":{"allow":["GET"]}}],"collection":[{"href":"https:\/\/gohike.lv\/ru\/wp-json\/wp\/v2\/product"}],"about":[{"href":"https:\/\/gohike.lv\/ru\/wp-json\/wp\/v2\/types\/product"}],"version-history":[{"count":1,"href":"https:\/\/gohike.lv\/ru\/wp-json\/wp\/v2\/product\/53702\/revisions"}],"predecessor-version":[{"id":118939,"href":"https:\/\/gohike.lv\/ru\/wp-json\/wp\/v2\/product\/53702\/revisions\/118939"}],"wp:featuredmedia":[{"embeddable":true,"href":"https:\/\/gohike.lv\/ru\/wp-json\/wp\/v2\/media\/9364"}],"wp:attachment":[{"href":"https:\/\/gohike.lv\/ru\/wp-json\/wp\/v2\/media?parent=53702"}],"wp:term":[{"taxonomy":"product_brand","embeddable":true,"href":"https:\/\/gohike.lv\/ru\/wp-json\/wp\/v2\/product_brand?post=53702"},{"taxonomy":"product_cat","embeddable":true,"href":"https:\/\/gohike.lv\/ru\/wp-json\/wp\/v2\/product_cat?post=53702"},{"taxonomy":"product_tag","embeddable":true,"href":"https:\/\/gohike.lv\/ru\/wp-json\/wp\/v2\/product_tag?post=53702"}],"curies":[{"name":"wp","href":"https:\/\/api.w.org\/{rel}","templated":true}]}}