{"id":53686,"date":"2024-05-08T14:48:24","date_gmt":"2024-05-08T11:48:24","guid":{"rendered":"https:\/\/gohike.lv\/produkts\/flextail-evo-pump-2\/"},"modified":"2025-12-30T17:24:41","modified_gmt":"2025-12-30T14:24:41","slug":"flextail-evo-pump-2","status":"publish","type":"product","link":"https:\/\/gohike.lv\/ru\/produkts\/flextail-evo-pump-2\/","title":{"rendered":"FLEXTAIL &#8212; Evo Pump 2 pumpis"},"content":{"rendered":"<p>EVO PUMP 2 var sasniegt 2,8 kPa spiedienu un pl\u016bsmas \u0101trumu 400 l\/min.<br \/>\nTas var piep\u016bst liel\u0101ko da\u013cu piep\u016b\u0161amo izstr\u0101d\u0101jumu, piem\u0113ram, matra\u010dus, rota\u013clietas, gl\u0101b\u0161anas vestes u.c.<br \/>\nMazs, p\u0101rn\u0113s\u0101jams gaisa s\u016bknis, ko \u0146emt l\u012bdzi ce\u013cojumos.<br \/>\nNav ieb\u016bv\u0113ta akumulatora, to var lietot, izmantojot kontaktligzdu vai automa\u0161\u012bnas l\u0101d\u0113t\u0101ju.<br \/>\nApr\u012bkots ar 5 da\u017e\u0101diemm uzga\u013ciem, kas der liel\u0101kajai da\u013cai gaisa piep\u016b\u0161amo produktu.<br \/>\nNav piem\u0113rots jebk\u0101da veida riep\u0101m, bumbi\u0146\u0101m vai baloniem.<\/p>\n","protected":false},"excerpt":{"rendered":"<p>EVO PUMP 2 gaisa s\u016bknis, mazs, viegs, praktisks.<\/p>\n","protected":false},"featured_media":53688,"template":"","meta":[],"product_brand":[1653],"product_cat":[1643,1510],"product_tag":[],"class_list":{"0":"post-53686","1":"product","2":"type-product","3":"status-publish","4":"has-post-thumbnail","6":"product_brand-flextail-lv","7":"product_cat-elektronika","8":"product_cat-paklajini-un-spilveni","9":"pa_gaisa-plusma-400l-min","10":"pa_gaisa-spiediens-2-8kpa","11":"pa_produkta-tips-elektriskie-pumpi","13":"first","14":"instock","15":"taxable","16":"shipping-taxable","17":"purchasable","18":"product-type-simple"},"raw_content":{"name":"FLEXTAIL - Evo Pump 2 pumpis","description":"EVO PUMP 2 var sasniegt 2,8 kPa spiedienu un pl\u016bsmas \u0101trumu 400 l\/min.\nTas var piep\u016bst liel\u0101ko da\u013cu piep\u016b\u0161amo izstr\u0101d\u0101jumu, piem\u0113ram, matra\u010dus, rota\u013clietas, gl\u0101b\u0161anas vestes u.c.\nMazs, p\u0101rn\u0113s\u0101jams gaisa s\u016bknis, ko \u0146emt l\u012bdzi ce\u013cojumos.\nNav ieb\u016bv\u0113ta akumulatora, to var lietot, izmantojot kontaktligzdu vai automa\u0161\u012bnas l\u0101d\u0113t\u0101ju.\nApr\u012bkots ar 5 da\u017e\u0101diemm uzga\u013ciem, kas der liel\u0101kajai da\u013cai gaisa piep\u016b\u0161amo produktu.\nNav piem\u0113rots jebk\u0101da veida riep\u0101m, bumbi\u0146\u0101m vai baloniem.","short_description":"EVO PUMP 2 gaisa s\u016bknis, mazs, viegs, praktisks.","status":"publish","sku":"FLEXTAIL_25","original":53686},"wpml":{"translation_type":1,"has_translations":true,"original":53686,"duplicates":[],"translations":{"lv":53686,"en":67797,"ru":null}},"supplier_id":null,"supplier_sku":"","barcode":null,"atum_controlled":true,"out_stock_date":null,"out_stock_threshold":null,"inheritable":false,"inbound_stock":null,"stock_on_hold":0,"sold_today":0,"sales_last_days":0,"reserved_stock":null,"customer_returns":null,"warehouse_damage":null,"lost_in_post":null,"other_logs":null,"out_stock_days":0,"lost_sales":0,"has_location":null,"update_date":"2025-12-30T14:30:37","atum_locations":[],"atum_stock_status":"instock","restock_status":false,"low_stock_amount":"","sales_update_date":"2025-11-13T14:08:11","calc_backorders":null,"yoast_head":"<!-- This site is optimized with the Yoast SEO plugin v27.3 - https:\/\/yoast.com\/product\/yoast-seo-wordpress\/ -->\n<title>FLEXTAIL - Evo Pump 2 pumpis<\/title>\n<meta name=\"description\" content=\"EVO PUMP 2 gaisa s\u016bknis, mazs, viegs, praktisks. Apr\u012bkots ar 5 da\u017e\u0101diemm uzga\u013ciem.\" \/>\n<meta name=\"robots\" content=\"index, follow, max-snippet:-1, max-image-preview:large, max-video-preview:-1\" \/>\n<link rel=\"canonical\" href=\"https:\/\/gohike.lv\/ru\/produkts\/flextail-evo-pump-2\/\" \/>\n<meta property=\"og:locale\" content=\"ru_RU\" \/>\n<meta property=\"og:type\" content=\"article\" \/>\n<meta property=\"og:title\" content=\"P\u0101rn\u0113s\u0101jams s\u016bknis \u0101trai piep\u016b\u0161anai - Evo Pump 2\" \/>\n<meta property=\"og:description\" content=\"EVO PUMP 2 gaisa s\u016bknis, mazs, viegs, praktisks. Apr\u012bkots ar 5 da\u017e\u0101diemm uzga\u013ciem.\" \/>\n<meta property=\"og:url\" content=\"https:\/\/gohike.lv\/ru\/produkts\/flextail-evo-pump-2\/\" \/>\n<meta property=\"og:site_name\" content=\"GoHike\" \/>\n<meta property=\"article:publisher\" content=\"https:\/\/www.facebook.com\/gohike.shop\/\" \/>\n<meta property=\"article:modified_time\" content=\"2025-12-30T14:24:41+00:00\" \/>\n<meta property=\"og:image\" content=\"https:\/\/gohike.lv\/wp-content\/uploads\/2024\/05\/EvoPump2_.webp\" \/>\n\t<meta property=\"og:image:width\" content=\"800\" \/>\n\t<meta property=\"og:image:height\" content=\"800\" \/>\n\t<meta property=\"og:image:type\" content=\"image\/webp\" \/>\n<meta name=\"twitter:card\" content=\"summary_large_image\" \/>\n<meta name=\"twitter:title\" content=\"P\u0101rn\u0113s\u0101jams s\u016bknis \u0101trai piep\u016b\u0161anai - Evo Pump 2\" \/>\n<meta name=\"twitter:label1\" content=\"\u041f\u0440\u0438\u043c\u0435\u0440\u043d\u043e\u0435 \u0432\u0440\u0435\u043c\u044f \u0434\u043b\u044f \u0447\u0442\u0435\u043d\u0438\u044f\" \/>\n\t<meta name=\"twitter:data1\" content=\"1 \u043c\u0438\u043d\u0443\u0442\u0430\" \/>\n<script type=\"application\/ld+json\" class=\"yoast-schema-graph\">{\"@context\":\"https:\\\/\\\/schema.org\",\"@graph\":[{\"@type\":[\"WebPage\",\"ItemPage\"],\"@id\":\"https:\\\/\\\/gohike.lv\\\/ru\\\/produkts\\\/flextail-evo-pump-2\\\/\",\"url\":\"https:\\\/\\\/gohike.lv\\\/ru\\\/produkts\\\/flextail-evo-pump-2\\\/\",\"name\":\"FLEXTAIL - Evo Pump 2 pumpis\",\"isPartOf\":{\"@id\":\"https:\\\/\\\/gohike.lv\\\/ru\\\/#website\"},\"primaryImageOfPage\":{\"@id\":\"https:\\\/\\\/gohike.lv\\\/ru\\\/produkts\\\/flextail-evo-pump-2\\\/#primaryimage\"},\"image\":{\"@id\":\"https:\\\/\\\/gohike.lv\\\/ru\\\/produkts\\\/flextail-evo-pump-2\\\/#primaryimage\"},\"thumbnailUrl\":\"https:\\\/\\\/gohike.lv\\\/wp-content\\\/uploads\\\/2024\\\/05\\\/EvoPump2_.webp\",\"datePublished\":\"2024-05-08T11:48:24+00:00\",\"dateModified\":\"2025-12-30T14:24:41+00:00\",\"description\":\"EVO PUMP 2 gaisa s\u016bknis, mazs, viegs, praktisks. Apr\u012bkots ar 5 da\u017e\u0101diemm uzga\u013ciem.\",\"breadcrumb\":{\"@id\":\"https:\\\/\\\/gohike.lv\\\/ru\\\/produkts\\\/flextail-evo-pump-2\\\/#breadcrumb\"},\"inLanguage\":\"ru-RU\",\"potentialAction\":[{\"@type\":\"ReadAction\",\"target\":[\"https:\\\/\\\/gohike.lv\\\/ru\\\/produkts\\\/flextail-evo-pump-2\\\/\"]}]},{\"@type\":\"ImageObject\",\"inLanguage\":\"ru-RU\",\"@id\":\"https:\\\/\\\/gohike.lv\\\/ru\\\/produkts\\\/flextail-evo-pump-2\\\/#primaryimage\",\"url\":\"https:\\\/\\\/gohike.lv\\\/wp-content\\\/uploads\\\/2024\\\/05\\\/EvoPump2_.webp\",\"contentUrl\":\"https:\\\/\\\/gohike.lv\\\/wp-content\\\/uploads\\\/2024\\\/05\\\/EvoPump2_.webp\",\"width\":800,\"height\":800},{\"@type\":\"BreadcrumbList\",\"@id\":\"https:\\\/\\\/gohike.lv\\\/ru\\\/produkts\\\/flextail-evo-pump-2\\\/#breadcrumb\",\"itemListElement\":[{\"@type\":\"ListItem\",\"position\":1,\"name\":\"\u0413\u043b\u0430\u0432\u043d\u0430\u044f\",\"item\":\"https:\\\/\\\/gohike.lv\\\/ru\\\/\"},{\"@type\":\"ListItem\",\"position\":2,\"name\":\"\u041a\u0430\u0442\u0435\u0433\u043e\u0440\u0438\u0438 \u0442\u043e\u0432\u0430\u0440\u043e\u0432\",\"item\":\"https:\\\/\\\/gohike.lv\\\/%d0%ba%d0%b0%d1%82%d0%b5%d0%b3%d0%be%d1%80%d0%b8%d0%b8-%d1%82%d0%be%d0%b2%d0%b0%d1%80%d0%be%d0%b2\\\/\"},{\"@type\":\"ListItem\",\"position\":3,\"name\":\"FLEXTAIL &#8211; Evo Pump 2 pumpis\"}]},{\"@type\":\"WebSite\",\"@id\":\"https:\\\/\\\/gohike.lv\\\/ru\\\/#website\",\"url\":\"https:\\\/\\\/gohike.lv\\\/ru\\\/\",\"name\":\"GoHike\",\"description\":\"\",\"publisher\":{\"@id\":\"https:\\\/\\\/gohike.lv\\\/ru\\\/#organization\"},\"potentialAction\":[{\"@type\":\"SearchAction\",\"target\":{\"@type\":\"EntryPoint\",\"urlTemplate\":\"https:\\\/\\\/gohike.lv\\\/ru\\\/?s={search_term_string}\"},\"query-input\":{\"@type\":\"PropertyValueSpecification\",\"valueRequired\":true,\"valueName\":\"search_term_string\"}}],\"inLanguage\":\"ru-RU\"},{\"@type\":\"Organization\",\"@id\":\"https:\\\/\\\/gohike.lv\\\/ru\\\/#organization\",\"name\":\"GoHike\",\"url\":\"https:\\\/\\\/gohike.lv\\\/ru\\\/\",\"logo\":{\"@type\":\"ImageObject\",\"inLanguage\":\"ru-RU\",\"@id\":\"https:\\\/\\\/gohike.lv\\\/ru\\\/#\\\/schema\\\/logo\\\/image\\\/\",\"url\":\"https:\\\/\\\/gohike.lv\\\/wp-content\\\/uploads\\\/2023\\\/08\\\/Logo_GoHike.webp\",\"contentUrl\":\"https:\\\/\\\/gohike.lv\\\/wp-content\\\/uploads\\\/2023\\\/08\\\/Logo_GoHike.webp\",\"width\":512,\"height\":512,\"caption\":\"GoHike\"},\"image\":{\"@id\":\"https:\\\/\\\/gohike.lv\\\/ru\\\/#\\\/schema\\\/logo\\\/image\\\/\"},\"sameAs\":[\"https:\\\/\\\/www.facebook.com\\\/gohike.shop\\\/\",\"https:\\\/\\\/www.instagram.com\\\/gohike.shop\\\/\"]}]}<\/script>\n<!-- \/ Yoast SEO plugin. -->","yoast_head_json":{"title":"FLEXTAIL - Evo Pump 2 pumpis","description":"EVO PUMP 2 gaisa s\u016bknis, mazs, viegs, praktisks. Apr\u012bkots ar 5 da\u017e\u0101diemm uzga\u013ciem.","robots":{"index":"index","follow":"follow","max-snippet":"max-snippet:-1","max-image-preview":"max-image-preview:large","max-video-preview":"max-video-preview:-1"},"canonical":"https:\/\/gohike.lv\/ru\/produkts\/flextail-evo-pump-2\/","og_locale":"ru_RU","og_type":"article","og_title":"P\u0101rn\u0113s\u0101jams s\u016bknis \u0101trai piep\u016b\u0161anai - Evo Pump 2","og_description":"EVO PUMP 2 gaisa s\u016bknis, mazs, viegs, praktisks. Apr\u012bkots ar 5 da\u017e\u0101diemm uzga\u013ciem.","og_url":"https:\/\/gohike.lv\/ru\/produkts\/flextail-evo-pump-2\/","og_site_name":"GoHike","article_publisher":"https:\/\/www.facebook.com\/gohike.shop\/","article_modified_time":"2025-12-30T14:24:41+00:00","og_image":[{"width":800,"height":800,"url":"https:\/\/gohike.lv\/wp-content\/uploads\/2024\/05\/EvoPump2_.webp","type":"image\/webp"}],"twitter_card":"summary_large_image","twitter_title":"P\u0101rn\u0113s\u0101jams s\u016bknis \u0101trai piep\u016b\u0161anai - Evo Pump 2","twitter_misc":{"\u041f\u0440\u0438\u043c\u0435\u0440\u043d\u043e\u0435 \u0432\u0440\u0435\u043c\u044f \u0434\u043b\u044f \u0447\u0442\u0435\u043d\u0438\u044f":"1 \u043c\u0438\u043d\u0443\u0442\u0430"},"schema":{"@context":"https:\/\/schema.org","@graph":[{"@type":["WebPage","ItemPage"],"@id":"https:\/\/gohike.lv\/ru\/produkts\/flextail-evo-pump-2\/","url":"https:\/\/gohike.lv\/ru\/produkts\/flextail-evo-pump-2\/","name":"FLEXTAIL - Evo Pump 2 pumpis","isPartOf":{"@id":"https:\/\/gohike.lv\/ru\/#website"},"primaryImageOfPage":{"@id":"https:\/\/gohike.lv\/ru\/produkts\/flextail-evo-pump-2\/#primaryimage"},"image":{"@id":"https:\/\/gohike.lv\/ru\/produkts\/flextail-evo-pump-2\/#primaryimage"},"thumbnailUrl":"https:\/\/gohike.lv\/wp-content\/uploads\/2024\/05\/EvoPump2_.webp","datePublished":"2024-05-08T11:48:24+00:00","dateModified":"2025-12-30T14:24:41+00:00","description":"EVO PUMP 2 gaisa s\u016bknis, mazs, viegs, praktisks. Apr\u012bkots ar 5 da\u017e\u0101diemm uzga\u013ciem.","breadcrumb":{"@id":"https:\/\/gohike.lv\/ru\/produkts\/flextail-evo-pump-2\/#breadcrumb"},"inLanguage":"ru-RU","potentialAction":[{"@type":"ReadAction","target":["https:\/\/gohike.lv\/ru\/produkts\/flextail-evo-pump-2\/"]}]},{"@type":"ImageObject","inLanguage":"ru-RU","@id":"https:\/\/gohike.lv\/ru\/produkts\/flextail-evo-pump-2\/#primaryimage","url":"https:\/\/gohike.lv\/wp-content\/uploads\/2024\/05\/EvoPump2_.webp","contentUrl":"https:\/\/gohike.lv\/wp-content\/uploads\/2024\/05\/EvoPump2_.webp","width":800,"height":800},{"@type":"BreadcrumbList","@id":"https:\/\/gohike.lv\/ru\/produkts\/flextail-evo-pump-2\/#breadcrumb","itemListElement":[{"@type":"ListItem","position":1,"name":"\u0413\u043b\u0430\u0432\u043d\u0430\u044f","item":"https:\/\/gohike.lv\/ru\/"},{"@type":"ListItem","position":2,"name":"\u041a\u0430\u0442\u0435\u0433\u043e\u0440\u0438\u0438 \u0442\u043e\u0432\u0430\u0440\u043e\u0432","item":"https:\/\/gohike.lv\/%d0%ba%d0%b0%d1%82%d0%b5%d0%b3%d0%be%d1%80%d0%b8%d0%b8-%d1%82%d0%be%d0%b2%d0%b0%d1%80%d0%be%d0%b2\/"},{"@type":"ListItem","position":3,"name":"FLEXTAIL &#8211; Evo Pump 2 pumpis"}]},{"@type":"WebSite","@id":"https:\/\/gohike.lv\/ru\/#website","url":"https:\/\/gohike.lv\/ru\/","name":"GoHike","description":"","publisher":{"@id":"https:\/\/gohike.lv\/ru\/#organization"},"potentialAction":[{"@type":"SearchAction","target":{"@type":"EntryPoint","urlTemplate":"https:\/\/gohike.lv\/ru\/?s={search_term_string}"},"query-input":{"@type":"PropertyValueSpecification","valueRequired":true,"valueName":"search_term_string"}}],"inLanguage":"ru-RU"},{"@type":"Organization","@id":"https:\/\/gohike.lv\/ru\/#organization","name":"GoHike","url":"https:\/\/gohike.lv\/ru\/","logo":{"@type":"ImageObject","inLanguage":"ru-RU","@id":"https:\/\/gohike.lv\/ru\/#\/schema\/logo\/image\/","url":"https:\/\/gohike.lv\/wp-content\/uploads\/2023\/08\/Logo_GoHike.webp","contentUrl":"https:\/\/gohike.lv\/wp-content\/uploads\/2023\/08\/Logo_GoHike.webp","width":512,"height":512,"caption":"GoHike"},"image":{"@id":"https:\/\/gohike.lv\/ru\/#\/schema\/logo\/image\/"},"sameAs":["https:\/\/www.facebook.com\/gohike.shop\/","https:\/\/www.instagram.com\/gohike.shop\/"]}]}},"jetpack_sharing_enabled":true,"_links":{"self":[{"href":"https:\/\/gohike.lv\/ru\/wp-json\/wp\/v2\/product\/53686","targetHints":{"allow":["GET"]}}],"collection":[{"href":"https:\/\/gohike.lv\/ru\/wp-json\/wp\/v2\/product"}],"about":[{"href":"https:\/\/gohike.lv\/ru\/wp-json\/wp\/v2\/types\/product"}],"version-history":[{"count":0,"href":"https:\/\/gohike.lv\/ru\/wp-json\/wp\/v2\/product\/53686\/revisions"}],"wp:featuredmedia":[{"embeddable":true,"href":"https:\/\/gohike.lv\/ru\/wp-json\/wp\/v2\/media\/53688"}],"wp:attachment":[{"href":"https:\/\/gohike.lv\/ru\/wp-json\/wp\/v2\/media?parent=53686"}],"wp:term":[{"taxonomy":"product_brand","embeddable":true,"href":"https:\/\/gohike.lv\/ru\/wp-json\/wp\/v2\/product_brand?post=53686"},{"taxonomy":"product_cat","embeddable":true,"href":"https:\/\/gohike.lv\/ru\/wp-json\/wp\/v2\/product_cat?post=53686"},{"taxonomy":"product_tag","embeddable":true,"href":"https:\/\/gohike.lv\/ru\/wp-json\/wp\/v2\/product_tag?post=53686"}],"curies":[{"name":"wp","href":"https:\/\/api.w.org\/{rel}","templated":true}]}}