{"id":53680,"date":"2024-05-08T14:48:24","date_gmt":"2024-05-08T11:48:24","guid":{"rendered":"https:\/\/gohike.lv\/produkts\/flextail-evo-lantern\/"},"modified":"2025-09-17T09:46:00","modified_gmt":"2025-09-17T09:46:00","slug":"flextail-evo-lantern","status":"publish","type":"product","link":"https:\/\/gohike.lv\/ru\/produkts\/flextail-evo-lantern\/","title":{"rendered":"FLEXTAIL &#8212; Evo Lantern univers\u0101la lampa"},"content":{"rendered":"<p>EVO LANTERN ir ieb\u016bv\u0113ts teleskopiskais stabs un stumjams-atverams stat\u012bvs, ko var izmantot vair\u0101kos veidos: stat\u012bva gaisma, galda gaisma, mugursomas gaisma un luktur\u012btis.<br \/>\nLukturim ir tr\u012bs spilgtuma re\u017e\u012bmi piel\u0101gotam apgaismojumam un SOS re\u017e\u012bms \u0101rk\u0101rtas situ\u0101cij\u0101m.<br \/>\n720\u00b0 pagrie\u017eama gaismas galva<br \/>\nBezgal\u012bga 360\u00b0 horizont\u0101l\u0101 pagrie\u0161ana un 180\u00b0 vertik\u0101l\u0101 apv\u0113r\u0161ana, ar elast\u012bgu le\u0146\u0137a p\u0101rveido\u0161anu, nodro\u0161ina apgaismojuma laukumu jebkur\u0101 le\u0146\u0137\u012b.<br \/>\nAr vienu piesk\u0101rienu atverams stat\u012bvs.<br \/>\nIeb\u016bv\u0113ti 6 Nd sp\u0113c\u012bgi magn\u0113ti, ar kuru pal\u012bdz\u012bbu lukturi var piestiprin\u0101t pie automa\u0161\u012bnas p\u0101rsega, motocikla vai laivas met\u0101la da\u013c\u0101m.<br \/>\nOutTask ir \u0101ra teleskopisko laternu tehnolo\u0123iju jaunums un ir ap\u0146\u0113mies rad\u012bt efekt\u012bvus produktus.<br \/>\nOutTask komanda ir piedz\u012bvojumu un p\u0101rg\u0101jienu, kempingu nozares eksperti no Karsta kalniem.<\/p>\n","protected":false},"excerpt":{"rendered":"<p>OutTask 2-in-1 teleskopisk\u0101 laterna daudzpus\u012bgam apgaismojumam.<\/p>\n","protected":false},"featured_media":9126,"template":"","meta":[],"product_brand":[1653],"product_cat":[1643,9447],"product_tag":[],"class_list":{"0":"post-53680","1":"product","2":"type-product","3":"status-publish","4":"has-post-thumbnail","6":"product_brand-flextail-lv","7":"product_cat-elektronika","8":"product_cat-izpardosana","9":"pa_apgaismojuma-ilgums-6-5-65h","10":"pa_apgaismojuma-spilgtums-40-500-lumen","11":"pa_materiali-abspc","12":"pa_materiali-aluminija-sakausejums","13":"pa_produkta-tips-kempinga-lukturi","15":"first","16":"outofstock","17":"taxable","18":"shipping-taxable","19":"purchasable","20":"product-type-simple"},"raw_content":{"name":"FLEXTAIL - Evo Lantern univers\u0101la lampa","description":"EVO LANTERN ir ieb\u016bv\u0113ts teleskopiskais stabs un stumjams-atverams stat\u012bvs, ko var izmantot vair\u0101kos veidos: stat\u012bva gaisma, galda gaisma, mugursomas gaisma un luktur\u012btis.\nLukturim ir tr\u012bs spilgtuma re\u017e\u012bmi piel\u0101gotam apgaismojumam un SOS re\u017e\u012bms \u0101rk\u0101rtas situ\u0101cij\u0101m.\n720\u00b0 pagrie\u017eama gaismas galva\nBezgal\u012bga 360\u00b0 horizont\u0101l\u0101 pagrie\u0161ana un 180\u00b0 vertik\u0101l\u0101 apv\u0113r\u0161ana, ar elast\u012bgu le\u0146\u0137a p\u0101rveido\u0161anu, nodro\u0161ina apgaismojuma laukumu jebkur\u0101 le\u0146\u0137\u012b.\nAr vienu piesk\u0101rienu atverams stat\u012bvs.\nIeb\u016bv\u0113ti 6 Nd sp\u0113c\u012bgi magn\u0113ti, ar kuru pal\u012bdz\u012bbu lukturi var piestiprin\u0101t pie automa\u0161\u012bnas p\u0101rsega, motocikla vai laivas met\u0101la da\u013c\u0101m.\nOutTask ir \u0101ra teleskopisko laternu tehnolo\u0123iju jaunums un ir ap\u0146\u0113mies rad\u012bt efekt\u012bvus produktus.\nOutTask komanda ir piedz\u012bvojumu un p\u0101rg\u0101jienu, kempingu nozares eksperti no Karsta kalniem.","short_description":"OutTask 2-in-1 teleskopisk\u0101 laterna daudzpus\u012bgam apgaismojumam.","status":"publish","sku":"FLEXTAIL_20","original":53680},"wpml":{"translation_type":1,"has_translations":true,"original":53680,"duplicates":[],"translations":{"lv":53680,"en":67787,"ru":null}},"supplier_id":null,"supplier_sku":"","barcode":null,"atum_controlled":true,"out_stock_date":null,"out_stock_threshold":null,"inheritable":false,"inbound_stock":0,"stock_on_hold":0,"sold_today":0,"sales_last_days":0,"reserved_stock":0,"customer_returns":0,"warehouse_damage":0,"lost_in_post":0,"other_logs":0,"out_stock_days":0,"lost_sales":0,"has_location":false,"update_date":"2025-11-13T14:06:58","atum_locations":[],"atum_stock_status":"outofstock","restock_status":false,"low_stock_amount":"","sales_update_date":"2025-11-13T14:06:58","calc_backorders":null,"yoast_head":"<!-- This site is optimized with the Yoast SEO plugin v27.3 - https:\/\/yoast.com\/product\/yoast-seo-wordpress\/ -->\n<title>FLEXTAIL - Evo Lantern univers\u0101la lampa<\/title>\n<meta name=\"description\" content=\"OutTask 2-in-1 teleskopisk\u0101 laterna daudzpus\u012bgam apgaismojumam ar tr\u012bs spilgtuma re\u017e\u012bmiem un SOS re\u017e\u012bmu \u0101rk\u0101rtas situ\u0101cij\u0101m.\" \/>\n<meta name=\"robots\" content=\"index, follow, max-snippet:-1, max-image-preview:large, max-video-preview:-1\" \/>\n<link rel=\"canonical\" href=\"https:\/\/gohike.lv\/ru\/produkts\/flextail-evo-lantern\/\" \/>\n<meta property=\"og:locale\" content=\"ru_RU\" \/>\n<meta property=\"og:type\" content=\"article\" \/>\n<meta property=\"og:title\" content=\"Teleskopisk\u0101 laterna - Evo Lantern\" \/>\n<meta property=\"og:description\" content=\"OutTask 2-in-1 teleskopisk\u0101 laterna daudzpus\u012bgam apgaismojumam ar tr\u012bs spilgtuma re\u017e\u012bmiem un SOS re\u017e\u012bmu \u0101rk\u0101rtas situ\u0101cij\u0101m.\" \/>\n<meta property=\"og:url\" content=\"https:\/\/gohike.lv\/ru\/produkts\/flextail-evo-lantern\/\" \/>\n<meta property=\"og:site_name\" content=\"GoHike\" \/>\n<meta property=\"article:publisher\" content=\"https:\/\/www.facebook.com\/gohike.shop\/\" \/>\n<meta property=\"article:modified_time\" content=\"2025-09-17T09:46:00+00:00\" \/>\n<meta property=\"og:image\" content=\"https:\/\/gohike.lv\/wp-content\/uploads\/2023\/11\/EVO_LANTERN_.webp\" \/>\n\t<meta property=\"og:image:width\" content=\"600\" \/>\n\t<meta property=\"og:image:height\" content=\"600\" \/>\n\t<meta property=\"og:image:type\" content=\"image\/webp\" \/>\n<meta name=\"twitter:card\" content=\"summary_large_image\" \/>\n<meta name=\"twitter:title\" content=\"Teleskopisk\u0101 laterna - Evo Lantern\" \/>\n<meta name=\"twitter:label1\" content=\"\u041f\u0440\u0438\u043c\u0435\u0440\u043d\u043e\u0435 \u0432\u0440\u0435\u043c\u044f \u0434\u043b\u044f \u0447\u0442\u0435\u043d\u0438\u044f\" \/>\n\t<meta name=\"twitter:data1\" content=\"1 \u043c\u0438\u043d\u0443\u0442\u0430\" \/>\n<script type=\"application\/ld+json\" class=\"yoast-schema-graph\">{\"@context\":\"https:\\\/\\\/schema.org\",\"@graph\":[{\"@type\":[\"WebPage\",\"ItemPage\"],\"@id\":\"https:\\\/\\\/gohike.lv\\\/ru\\\/produkts\\\/flextail-evo-lantern\\\/\",\"url\":\"https:\\\/\\\/gohike.lv\\\/ru\\\/produkts\\\/flextail-evo-lantern\\\/\",\"name\":\"FLEXTAIL - Evo Lantern univers\u0101la lampa\",\"isPartOf\":{\"@id\":\"https:\\\/\\\/gohike.lv\\\/ru\\\/#website\"},\"primaryImageOfPage\":{\"@id\":\"https:\\\/\\\/gohike.lv\\\/ru\\\/produkts\\\/flextail-evo-lantern\\\/#primaryimage\"},\"image\":{\"@id\":\"https:\\\/\\\/gohike.lv\\\/ru\\\/produkts\\\/flextail-evo-lantern\\\/#primaryimage\"},\"thumbnailUrl\":\"https:\\\/\\\/gohike.lv\\\/wp-content\\\/uploads\\\/2023\\\/11\\\/EVO_LANTERN_.webp\",\"datePublished\":\"2024-05-08T11:48:24+00:00\",\"dateModified\":\"2025-09-17T09:46:00+00:00\",\"description\":\"OutTask 2-in-1 teleskopisk\u0101 laterna daudzpus\u012bgam apgaismojumam ar tr\u012bs spilgtuma re\u017e\u012bmiem un SOS re\u017e\u012bmu \u0101rk\u0101rtas situ\u0101cij\u0101m.\",\"breadcrumb\":{\"@id\":\"https:\\\/\\\/gohike.lv\\\/ru\\\/produkts\\\/flextail-evo-lantern\\\/#breadcrumb\"},\"inLanguage\":\"ru-RU\",\"potentialAction\":[{\"@type\":\"ReadAction\",\"target\":[\"https:\\\/\\\/gohike.lv\\\/ru\\\/produkts\\\/flextail-evo-lantern\\\/\"]}]},{\"@type\":\"ImageObject\",\"inLanguage\":\"ru-RU\",\"@id\":\"https:\\\/\\\/gohike.lv\\\/ru\\\/produkts\\\/flextail-evo-lantern\\\/#primaryimage\",\"url\":\"https:\\\/\\\/gohike.lv\\\/wp-content\\\/uploads\\\/2023\\\/11\\\/EVO_LANTERN_.webp\",\"contentUrl\":\"https:\\\/\\\/gohike.lv\\\/wp-content\\\/uploads\\\/2023\\\/11\\\/EVO_LANTERN_.webp\",\"width\":600,\"height\":600},{\"@type\":\"BreadcrumbList\",\"@id\":\"https:\\\/\\\/gohike.lv\\\/ru\\\/produkts\\\/flextail-evo-lantern\\\/#breadcrumb\",\"itemListElement\":[{\"@type\":\"ListItem\",\"position\":1,\"name\":\"\u0413\u043b\u0430\u0432\u043d\u0430\u044f\",\"item\":\"https:\\\/\\\/gohike.lv\\\/ru\\\/\"},{\"@type\":\"ListItem\",\"position\":2,\"name\":\"\u041a\u0430\u0442\u0435\u0433\u043e\u0440\u0438\u0438 \u0442\u043e\u0432\u0430\u0440\u043e\u0432\",\"item\":\"https:\\\/\\\/gohike.lv\\\/%d0%ba%d0%b0%d1%82%d0%b5%d0%b3%d0%be%d1%80%d0%b8%d0%b8-%d1%82%d0%be%d0%b2%d0%b0%d1%80%d0%be%d0%b2\\\/\"},{\"@type\":\"ListItem\",\"position\":3,\"name\":\"FLEXTAIL &#8211; Evo Lantern univers\u0101la lampa\"}]},{\"@type\":\"WebSite\",\"@id\":\"https:\\\/\\\/gohike.lv\\\/ru\\\/#website\",\"url\":\"https:\\\/\\\/gohike.lv\\\/ru\\\/\",\"name\":\"GoHike\",\"description\":\"\",\"publisher\":{\"@id\":\"https:\\\/\\\/gohike.lv\\\/ru\\\/#organization\"},\"potentialAction\":[{\"@type\":\"SearchAction\",\"target\":{\"@type\":\"EntryPoint\",\"urlTemplate\":\"https:\\\/\\\/gohike.lv\\\/ru\\\/?s={search_term_string}\"},\"query-input\":{\"@type\":\"PropertyValueSpecification\",\"valueRequired\":true,\"valueName\":\"search_term_string\"}}],\"inLanguage\":\"ru-RU\"},{\"@type\":\"Organization\",\"@id\":\"https:\\\/\\\/gohike.lv\\\/ru\\\/#organization\",\"name\":\"GoHike\",\"url\":\"https:\\\/\\\/gohike.lv\\\/ru\\\/\",\"logo\":{\"@type\":\"ImageObject\",\"inLanguage\":\"ru-RU\",\"@id\":\"https:\\\/\\\/gohike.lv\\\/ru\\\/#\\\/schema\\\/logo\\\/image\\\/\",\"url\":\"https:\\\/\\\/gohike.lv\\\/wp-content\\\/uploads\\\/2023\\\/08\\\/Logo_GoHike.webp\",\"contentUrl\":\"https:\\\/\\\/gohike.lv\\\/wp-content\\\/uploads\\\/2023\\\/08\\\/Logo_GoHike.webp\",\"width\":512,\"height\":512,\"caption\":\"GoHike\"},\"image\":{\"@id\":\"https:\\\/\\\/gohike.lv\\\/ru\\\/#\\\/schema\\\/logo\\\/image\\\/\"},\"sameAs\":[\"https:\\\/\\\/www.facebook.com\\\/gohike.shop\\\/\",\"https:\\\/\\\/www.instagram.com\\\/gohike.shop\\\/\"]}]}<\/script>\n<!-- \/ Yoast SEO plugin. -->","yoast_head_json":{"title":"FLEXTAIL - Evo Lantern univers\u0101la lampa","description":"OutTask 2-in-1 teleskopisk\u0101 laterna daudzpus\u012bgam apgaismojumam ar tr\u012bs spilgtuma re\u017e\u012bmiem un SOS re\u017e\u012bmu \u0101rk\u0101rtas situ\u0101cij\u0101m.","robots":{"index":"index","follow":"follow","max-snippet":"max-snippet:-1","max-image-preview":"max-image-preview:large","max-video-preview":"max-video-preview:-1"},"canonical":"https:\/\/gohike.lv\/ru\/produkts\/flextail-evo-lantern\/","og_locale":"ru_RU","og_type":"article","og_title":"Teleskopisk\u0101 laterna - Evo Lantern","og_description":"OutTask 2-in-1 teleskopisk\u0101 laterna daudzpus\u012bgam apgaismojumam ar tr\u012bs spilgtuma re\u017e\u012bmiem un SOS re\u017e\u012bmu \u0101rk\u0101rtas situ\u0101cij\u0101m.","og_url":"https:\/\/gohike.lv\/ru\/produkts\/flextail-evo-lantern\/","og_site_name":"GoHike","article_publisher":"https:\/\/www.facebook.com\/gohike.shop\/","article_modified_time":"2025-09-17T09:46:00+00:00","og_image":[{"width":600,"height":600,"url":"https:\/\/gohike.lv\/wp-content\/uploads\/2023\/11\/EVO_LANTERN_.webp","type":"image\/webp"}],"twitter_card":"summary_large_image","twitter_title":"Teleskopisk\u0101 laterna - Evo Lantern","twitter_misc":{"\u041f\u0440\u0438\u043c\u0435\u0440\u043d\u043e\u0435 \u0432\u0440\u0435\u043c\u044f \u0434\u043b\u044f \u0447\u0442\u0435\u043d\u0438\u044f":"1 \u043c\u0438\u043d\u0443\u0442\u0430"},"schema":{"@context":"https:\/\/schema.org","@graph":[{"@type":["WebPage","ItemPage"],"@id":"https:\/\/gohike.lv\/ru\/produkts\/flextail-evo-lantern\/","url":"https:\/\/gohike.lv\/ru\/produkts\/flextail-evo-lantern\/","name":"FLEXTAIL - Evo Lantern univers\u0101la lampa","isPartOf":{"@id":"https:\/\/gohike.lv\/ru\/#website"},"primaryImageOfPage":{"@id":"https:\/\/gohike.lv\/ru\/produkts\/flextail-evo-lantern\/#primaryimage"},"image":{"@id":"https:\/\/gohike.lv\/ru\/produkts\/flextail-evo-lantern\/#primaryimage"},"thumbnailUrl":"https:\/\/gohike.lv\/wp-content\/uploads\/2023\/11\/EVO_LANTERN_.webp","datePublished":"2024-05-08T11:48:24+00:00","dateModified":"2025-09-17T09:46:00+00:00","description":"OutTask 2-in-1 teleskopisk\u0101 laterna daudzpus\u012bgam apgaismojumam ar tr\u012bs spilgtuma re\u017e\u012bmiem un SOS re\u017e\u012bmu \u0101rk\u0101rtas situ\u0101cij\u0101m.","breadcrumb":{"@id":"https:\/\/gohike.lv\/ru\/produkts\/flextail-evo-lantern\/#breadcrumb"},"inLanguage":"ru-RU","potentialAction":[{"@type":"ReadAction","target":["https:\/\/gohike.lv\/ru\/produkts\/flextail-evo-lantern\/"]}]},{"@type":"ImageObject","inLanguage":"ru-RU","@id":"https:\/\/gohike.lv\/ru\/produkts\/flextail-evo-lantern\/#primaryimage","url":"https:\/\/gohike.lv\/wp-content\/uploads\/2023\/11\/EVO_LANTERN_.webp","contentUrl":"https:\/\/gohike.lv\/wp-content\/uploads\/2023\/11\/EVO_LANTERN_.webp","width":600,"height":600},{"@type":"BreadcrumbList","@id":"https:\/\/gohike.lv\/ru\/produkts\/flextail-evo-lantern\/#breadcrumb","itemListElement":[{"@type":"ListItem","position":1,"name":"\u0413\u043b\u0430\u0432\u043d\u0430\u044f","item":"https:\/\/gohike.lv\/ru\/"},{"@type":"ListItem","position":2,"name":"\u041a\u0430\u0442\u0435\u0433\u043e\u0440\u0438\u0438 \u0442\u043e\u0432\u0430\u0440\u043e\u0432","item":"https:\/\/gohike.lv\/%d0%ba%d0%b0%d1%82%d0%b5%d0%b3%d0%be%d1%80%d0%b8%d0%b8-%d1%82%d0%be%d0%b2%d0%b0%d1%80%d0%be%d0%b2\/"},{"@type":"ListItem","position":3,"name":"FLEXTAIL &#8211; Evo Lantern univers\u0101la lampa"}]},{"@type":"WebSite","@id":"https:\/\/gohike.lv\/ru\/#website","url":"https:\/\/gohike.lv\/ru\/","name":"GoHike","description":"","publisher":{"@id":"https:\/\/gohike.lv\/ru\/#organization"},"potentialAction":[{"@type":"SearchAction","target":{"@type":"EntryPoint","urlTemplate":"https:\/\/gohike.lv\/ru\/?s={search_term_string}"},"query-input":{"@type":"PropertyValueSpecification","valueRequired":true,"valueName":"search_term_string"}}],"inLanguage":"ru-RU"},{"@type":"Organization","@id":"https:\/\/gohike.lv\/ru\/#organization","name":"GoHike","url":"https:\/\/gohike.lv\/ru\/","logo":{"@type":"ImageObject","inLanguage":"ru-RU","@id":"https:\/\/gohike.lv\/ru\/#\/schema\/logo\/image\/","url":"https:\/\/gohike.lv\/wp-content\/uploads\/2023\/08\/Logo_GoHike.webp","contentUrl":"https:\/\/gohike.lv\/wp-content\/uploads\/2023\/08\/Logo_GoHike.webp","width":512,"height":512,"caption":"GoHike"},"image":{"@id":"https:\/\/gohike.lv\/ru\/#\/schema\/logo\/image\/"},"sameAs":["https:\/\/www.facebook.com\/gohike.shop\/","https:\/\/www.instagram.com\/gohike.shop\/"]}]}},"jetpack_sharing_enabled":true,"_links":{"self":[{"href":"https:\/\/gohike.lv\/ru\/wp-json\/wp\/v2\/product\/53680","targetHints":{"allow":["GET"]}}],"collection":[{"href":"https:\/\/gohike.lv\/ru\/wp-json\/wp\/v2\/product"}],"about":[{"href":"https:\/\/gohike.lv\/ru\/wp-json\/wp\/v2\/types\/product"}],"version-history":[{"count":0,"href":"https:\/\/gohike.lv\/ru\/wp-json\/wp\/v2\/product\/53680\/revisions"}],"wp:featuredmedia":[{"embeddable":true,"href":"https:\/\/gohike.lv\/ru\/wp-json\/wp\/v2\/media\/9126"}],"wp:attachment":[{"href":"https:\/\/gohike.lv\/ru\/wp-json\/wp\/v2\/media?parent=53680"}],"wp:term":[{"taxonomy":"product_brand","embeddable":true,"href":"https:\/\/gohike.lv\/ru\/wp-json\/wp\/v2\/product_brand?post=53680"},{"taxonomy":"product_cat","embeddable":true,"href":"https:\/\/gohike.lv\/ru\/wp-json\/wp\/v2\/product_cat?post=53680"},{"taxonomy":"product_tag","embeddable":true,"href":"https:\/\/gohike.lv\/ru\/wp-json\/wp\/v2\/product_tag?post=53680"}],"curies":[{"name":"wp","href":"https:\/\/api.w.org\/{rel}","templated":true}]}}