{"id":53678,"date":"2025-02-08T14:48:24","date_gmt":"2025-02-08T11:48:24","guid":{"rendered":"https:\/\/gohike.lv\/produkts\/flextail-zero-pump\/"},"modified":"2026-02-12T19:42:14","modified_gmt":"2026-02-12T16:42:14","slug":"flextail-zero-pump","status":"publish","type":"product","link":"https:\/\/gohike.lv\/ru\/produkts\/flextail-zero-pump\/","title":{"rendered":"FLEXTAIL &#8212; Zero Pump pumpis"},"content":{"rendered":"<p>Apvienojot patent\u0113to AIRVORTECH\u2122 Technology 2.0 ar ekskluz\u012bvu mikromotoru, ZERO PUMP samazina iek\u0101rtas izm\u0113ru, vienlaikus saglab\u0101jot izcilu veiktsp\u0113ju.<br \/>\nTas var piep\u016bst gul\u0113\u0161anas paliktni tikai 50 sekund\u0113s un piepump\u0113t l\u012bdz 25 gul\u0113\u0161anas palikt\u0146iem p\u0113c k\u0101rtas.<br \/>\nSader\u012bgs ar t\u0101diem z\u012bmoliem k\u0101: THERM-A-REST, KLYMIT, NEMO, SEA TO SUMMIT, BIG AGNES un EXPED.<br \/>\nZERO PUMP ir apr\u012bkots ar 6 daudzfunkcion\u0101l\u0101m sprausl\u0101m ne tikai gul\u0113\u0161anas palikt\u0146u, bet ar\u012b citu piep\u016b\u0161amo izstr\u0101d\u0101jumu piep\u016b\u0161anai.<br \/>\nEkskluz\u012bvas, m\u012bkst\u0101s gumijas sprauslas var cie\u0161i savienot ar uzp\u016bstiem izstr\u0101d\u0101jumiem.<br \/>\nMain\u0101ms akumulators.<\/p>\n","protected":false},"excerpt":{"rendered":"<p>Pasaul\u0113 maz\u0101kais s\u016bknis gu\u013campalikt\u0146iem.<\/p>\n","protected":false},"featured_media":9110,"template":"","meta":[],"product_brand":[1653],"product_cat":[1643,1510],"product_tag":[],"class_list":{"0":"post-53678","1":"product","2":"type-product","3":"status-publish","4":"has-post-thumbnail","6":"product_brand-flextail-lv","7":"product_cat-elektronika","8":"product_cat-paklajini-un-spilveni","9":"pa_darbibas-laiks-25min","10":"pa_gaisa-plusma-180l-min","11":"pa_gaisa-spiediens-2-5kpa","12":"pa_produkta-tips-elektriskie-pumpi","14":"first","15":"instock","16":"taxable","17":"shipping-taxable","18":"purchasable","19":"product-type-simple"},"raw_content":{"name":"FLEXTAIL - Zero Pump pumpis","description":"Apvienojot patent\u0113to AIRVORTECH\u2122 Technology 2.0 ar ekskluz\u012bvu mikromotoru, ZERO PUMP samazina iek\u0101rtas izm\u0113ru, vienlaikus saglab\u0101jot izcilu veiktsp\u0113ju.\nTas var piep\u016bst gul\u0113\u0161anas paliktni tikai 50 sekund\u0113s un piepump\u0113t l\u012bdz 25 gul\u0113\u0161anas palikt\u0146iem p\u0113c k\u0101rtas.\nSader\u012bgs ar t\u0101diem z\u012bmoliem k\u0101: THERM-A-REST, KLYMIT, NEMO, SEA TO SUMMIT, BIG AGNES un EXPED.\nZERO PUMP ir apr\u012bkots ar 6 daudzfunkcion\u0101l\u0101m sprausl\u0101m ne tikai gul\u0113\u0161anas palikt\u0146u, bet ar\u012b citu piep\u016b\u0161amo izstr\u0101d\u0101jumu piep\u016b\u0161anai.\nEkskluz\u012bvas, m\u012bkst\u0101s gumijas sprauslas var cie\u0161i savienot ar uzp\u016bstiem izstr\u0101d\u0101jumiem.\nMain\u0101ms akumulators.","short_description":"Pasaul\u0113 maz\u0101kais s\u016bknis gu\u013campalikt\u0146iem.","status":"publish","sku":"FLEXTAIL_19","original":53678},"wpml":{"translation_type":1,"has_translations":true,"original":53678,"duplicates":[],"translations":{"lv":53678,"en":66850,"ru":null}},"supplier_id":null,"supplier_sku":"","barcode":null,"atum_controlled":true,"out_stock_date":null,"out_stock_threshold":null,"inheritable":false,"inbound_stock":0,"stock_on_hold":0,"sold_today":0,"sales_last_days":0,"reserved_stock":0,"customer_returns":0,"warehouse_damage":0,"lost_in_post":0,"other_logs":0,"out_stock_days":0,"lost_sales":0,"has_location":false,"update_date":"2026-02-12T16:42:15","atum_locations":[],"atum_stock_status":"instock","restock_status":false,"low_stock_amount":"","sales_update_date":"2025-11-13T14:09:01","calc_backorders":null,"yoast_head":"<!-- This site is optimized with the Yoast SEO plugin v27.3 - https:\/\/yoast.com\/product\/yoast-seo-wordpress\/ -->\n<title>FLEXTAIL - Zero Pump pumpis<\/title>\n<meta name=\"description\" content=\"Pasaul\u0113 maz\u0101kais s\u016bknis gu\u013campalikt\u0146iem. Tas var piep\u016bst gul\u0113\u0161anas paliktni tikai 50 sekund\u0113s un piepump\u0113t l\u012bdz 25 gul\u0113\u0161anas palikt\u0146iem p\u0113c k\u0101rtas.\" \/>\n<meta name=\"robots\" content=\"index, follow, max-snippet:-1, max-image-preview:large, max-video-preview:-1\" \/>\n<link rel=\"canonical\" href=\"https:\/\/gohike.lv\/ru\/produkts\/flextail-zero-pump\/\" \/>\n<meta property=\"og:locale\" content=\"ru_RU\" \/>\n<meta property=\"og:type\" content=\"article\" \/>\n<meta property=\"og:title\" content=\"Electric pump - Zero Pump\" \/>\n<meta property=\"og:description\" content=\"Pasaul\u0113 maz\u0101kais s\u016bknis gu\u013campalikt\u0146iem. Tas var piep\u016bst gul\u0113\u0161anas paliktni tikai 50 sekund\u0113s un piepump\u0113t l\u012bdz 25 gul\u0113\u0161anas palikt\u0146iem p\u0113c k\u0101rtas.\" \/>\n<meta property=\"og:url\" content=\"https:\/\/gohike.lv\/ru\/produkts\/flextail-zero-pump\/\" \/>\n<meta property=\"og:site_name\" content=\"GoHike\" \/>\n<meta property=\"article:publisher\" content=\"https:\/\/www.facebook.com\/gohike.shop\/\" \/>\n<meta property=\"article:modified_time\" content=\"2026-02-12T16:42:14+00:00\" \/>\n<meta property=\"og:image\" content=\"https:\/\/gohike.lv\/wp-content\/uploads\/2023\/11\/ZERO_PUMP_.webp\" \/>\n\t<meta property=\"og:image:width\" content=\"600\" \/>\n\t<meta property=\"og:image:height\" content=\"600\" \/>\n\t<meta property=\"og:image:type\" content=\"image\/webp\" \/>\n<meta name=\"twitter:card\" content=\"summary_large_image\" \/>\n<meta name=\"twitter:title\" content=\"Electric pump - Zero Pump\" \/>\n<meta name=\"twitter:label1\" content=\"\u041f\u0440\u0438\u043c\u0435\u0440\u043d\u043e\u0435 \u0432\u0440\u0435\u043c\u044f \u0434\u043b\u044f \u0447\u0442\u0435\u043d\u0438\u044f\" \/>\n\t<meta name=\"twitter:data1\" content=\"1 \u043c\u0438\u043d\u0443\u0442\u0430\" \/>\n<script type=\"application\/ld+json\" class=\"yoast-schema-graph\">{\"@context\":\"https:\\\/\\\/schema.org\",\"@graph\":[{\"@type\":[\"WebPage\",\"ItemPage\"],\"@id\":\"https:\\\/\\\/gohike.lv\\\/ru\\\/produkts\\\/flextail-zero-pump\\\/\",\"url\":\"https:\\\/\\\/gohike.lv\\\/ru\\\/produkts\\\/flextail-zero-pump\\\/\",\"name\":\"FLEXTAIL - Zero Pump pumpis\",\"isPartOf\":{\"@id\":\"https:\\\/\\\/gohike.lv\\\/ru\\\/#website\"},\"primaryImageOfPage\":{\"@id\":\"https:\\\/\\\/gohike.lv\\\/ru\\\/produkts\\\/flextail-zero-pump\\\/#primaryimage\"},\"image\":{\"@id\":\"https:\\\/\\\/gohike.lv\\\/ru\\\/produkts\\\/flextail-zero-pump\\\/#primaryimage\"},\"thumbnailUrl\":\"https:\\\/\\\/gohike.lv\\\/wp-content\\\/uploads\\\/2023\\\/11\\\/ZERO_PUMP_.webp\",\"datePublished\":\"2025-02-08T11:48:24+00:00\",\"dateModified\":\"2026-02-12T16:42:14+00:00\",\"description\":\"Pasaul\u0113 maz\u0101kais s\u016bknis gu\u013campalikt\u0146iem. Tas var piep\u016bst gul\u0113\u0161anas paliktni tikai 50 sekund\u0113s un piepump\u0113t l\u012bdz 25 gul\u0113\u0161anas palikt\u0146iem p\u0113c k\u0101rtas.\",\"breadcrumb\":{\"@id\":\"https:\\\/\\\/gohike.lv\\\/ru\\\/produkts\\\/flextail-zero-pump\\\/#breadcrumb\"},\"inLanguage\":\"ru-RU\",\"potentialAction\":[{\"@type\":\"ReadAction\",\"target\":[\"https:\\\/\\\/gohike.lv\\\/ru\\\/produkts\\\/flextail-zero-pump\\\/\"]}]},{\"@type\":\"ImageObject\",\"inLanguage\":\"ru-RU\",\"@id\":\"https:\\\/\\\/gohike.lv\\\/ru\\\/produkts\\\/flextail-zero-pump\\\/#primaryimage\",\"url\":\"https:\\\/\\\/gohike.lv\\\/wp-content\\\/uploads\\\/2023\\\/11\\\/ZERO_PUMP_.webp\",\"contentUrl\":\"https:\\\/\\\/gohike.lv\\\/wp-content\\\/uploads\\\/2023\\\/11\\\/ZERO_PUMP_.webp\",\"width\":600,\"height\":600},{\"@type\":\"BreadcrumbList\",\"@id\":\"https:\\\/\\\/gohike.lv\\\/ru\\\/produkts\\\/flextail-zero-pump\\\/#breadcrumb\",\"itemListElement\":[{\"@type\":\"ListItem\",\"position\":1,\"name\":\"\u0413\u043b\u0430\u0432\u043d\u0430\u044f\",\"item\":\"https:\\\/\\\/gohike.lv\\\/ru\\\/\"},{\"@type\":\"ListItem\",\"position\":2,\"name\":\"\u041a\u0430\u0442\u0435\u0433\u043e\u0440\u0438\u0438 \u0442\u043e\u0432\u0430\u0440\u043e\u0432\",\"item\":\"https:\\\/\\\/gohike.lv\\\/%d0%ba%d0%b0%d1%82%d0%b5%d0%b3%d0%be%d1%80%d0%b8%d0%b8-%d1%82%d0%be%d0%b2%d0%b0%d1%80%d0%be%d0%b2\\\/\"},{\"@type\":\"ListItem\",\"position\":3,\"name\":\"FLEXTAIL &#8211; Zero Pump pumpis\"}]},{\"@type\":\"WebSite\",\"@id\":\"https:\\\/\\\/gohike.lv\\\/ru\\\/#website\",\"url\":\"https:\\\/\\\/gohike.lv\\\/ru\\\/\",\"name\":\"GoHike\",\"description\":\"\",\"publisher\":{\"@id\":\"https:\\\/\\\/gohike.lv\\\/ru\\\/#organization\"},\"potentialAction\":[{\"@type\":\"SearchAction\",\"target\":{\"@type\":\"EntryPoint\",\"urlTemplate\":\"https:\\\/\\\/gohike.lv\\\/ru\\\/?s={search_term_string}\"},\"query-input\":{\"@type\":\"PropertyValueSpecification\",\"valueRequired\":true,\"valueName\":\"search_term_string\"}}],\"inLanguage\":\"ru-RU\"},{\"@type\":\"Organization\",\"@id\":\"https:\\\/\\\/gohike.lv\\\/ru\\\/#organization\",\"name\":\"GoHike\",\"url\":\"https:\\\/\\\/gohike.lv\\\/ru\\\/\",\"logo\":{\"@type\":\"ImageObject\",\"inLanguage\":\"ru-RU\",\"@id\":\"https:\\\/\\\/gohike.lv\\\/ru\\\/#\\\/schema\\\/logo\\\/image\\\/\",\"url\":\"https:\\\/\\\/gohike.lv\\\/wp-content\\\/uploads\\\/2023\\\/08\\\/Logo_GoHike.webp\",\"contentUrl\":\"https:\\\/\\\/gohike.lv\\\/wp-content\\\/uploads\\\/2023\\\/08\\\/Logo_GoHike.webp\",\"width\":512,\"height\":512,\"caption\":\"GoHike\"},\"image\":{\"@id\":\"https:\\\/\\\/gohike.lv\\\/ru\\\/#\\\/schema\\\/logo\\\/image\\\/\"},\"sameAs\":[\"https:\\\/\\\/www.facebook.com\\\/gohike.shop\\\/\",\"https:\\\/\\\/www.instagram.com\\\/gohike.shop\\\/\"]}]}<\/script>\n<!-- \/ Yoast SEO plugin. -->","yoast_head_json":{"title":"FLEXTAIL - Zero Pump pumpis","description":"Pasaul\u0113 maz\u0101kais s\u016bknis gu\u013campalikt\u0146iem. Tas var piep\u016bst gul\u0113\u0161anas paliktni tikai 50 sekund\u0113s un piepump\u0113t l\u012bdz 25 gul\u0113\u0161anas palikt\u0146iem p\u0113c k\u0101rtas.","robots":{"index":"index","follow":"follow","max-snippet":"max-snippet:-1","max-image-preview":"max-image-preview:large","max-video-preview":"max-video-preview:-1"},"canonical":"https:\/\/gohike.lv\/ru\/produkts\/flextail-zero-pump\/","og_locale":"ru_RU","og_type":"article","og_title":"Electric pump - Zero Pump","og_description":"Pasaul\u0113 maz\u0101kais s\u016bknis gu\u013campalikt\u0146iem. Tas var piep\u016bst gul\u0113\u0161anas paliktni tikai 50 sekund\u0113s un piepump\u0113t l\u012bdz 25 gul\u0113\u0161anas palikt\u0146iem p\u0113c k\u0101rtas.","og_url":"https:\/\/gohike.lv\/ru\/produkts\/flextail-zero-pump\/","og_site_name":"GoHike","article_publisher":"https:\/\/www.facebook.com\/gohike.shop\/","article_modified_time":"2026-02-12T16:42:14+00:00","og_image":[{"width":600,"height":600,"url":"https:\/\/gohike.lv\/wp-content\/uploads\/2023\/11\/ZERO_PUMP_.webp","type":"image\/webp"}],"twitter_card":"summary_large_image","twitter_title":"Electric pump - Zero Pump","twitter_misc":{"\u041f\u0440\u0438\u043c\u0435\u0440\u043d\u043e\u0435 \u0432\u0440\u0435\u043c\u044f \u0434\u043b\u044f \u0447\u0442\u0435\u043d\u0438\u044f":"1 \u043c\u0438\u043d\u0443\u0442\u0430"},"schema":{"@context":"https:\/\/schema.org","@graph":[{"@type":["WebPage","ItemPage"],"@id":"https:\/\/gohike.lv\/ru\/produkts\/flextail-zero-pump\/","url":"https:\/\/gohike.lv\/ru\/produkts\/flextail-zero-pump\/","name":"FLEXTAIL - Zero Pump pumpis","isPartOf":{"@id":"https:\/\/gohike.lv\/ru\/#website"},"primaryImageOfPage":{"@id":"https:\/\/gohike.lv\/ru\/produkts\/flextail-zero-pump\/#primaryimage"},"image":{"@id":"https:\/\/gohike.lv\/ru\/produkts\/flextail-zero-pump\/#primaryimage"},"thumbnailUrl":"https:\/\/gohike.lv\/wp-content\/uploads\/2023\/11\/ZERO_PUMP_.webp","datePublished":"2025-02-08T11:48:24+00:00","dateModified":"2026-02-12T16:42:14+00:00","description":"Pasaul\u0113 maz\u0101kais s\u016bknis gu\u013campalikt\u0146iem. Tas var piep\u016bst gul\u0113\u0161anas paliktni tikai 50 sekund\u0113s un piepump\u0113t l\u012bdz 25 gul\u0113\u0161anas palikt\u0146iem p\u0113c k\u0101rtas.","breadcrumb":{"@id":"https:\/\/gohike.lv\/ru\/produkts\/flextail-zero-pump\/#breadcrumb"},"inLanguage":"ru-RU","potentialAction":[{"@type":"ReadAction","target":["https:\/\/gohike.lv\/ru\/produkts\/flextail-zero-pump\/"]}]},{"@type":"ImageObject","inLanguage":"ru-RU","@id":"https:\/\/gohike.lv\/ru\/produkts\/flextail-zero-pump\/#primaryimage","url":"https:\/\/gohike.lv\/wp-content\/uploads\/2023\/11\/ZERO_PUMP_.webp","contentUrl":"https:\/\/gohike.lv\/wp-content\/uploads\/2023\/11\/ZERO_PUMP_.webp","width":600,"height":600},{"@type":"BreadcrumbList","@id":"https:\/\/gohike.lv\/ru\/produkts\/flextail-zero-pump\/#breadcrumb","itemListElement":[{"@type":"ListItem","position":1,"name":"\u0413\u043b\u0430\u0432\u043d\u0430\u044f","item":"https:\/\/gohike.lv\/ru\/"},{"@type":"ListItem","position":2,"name":"\u041a\u0430\u0442\u0435\u0433\u043e\u0440\u0438\u0438 \u0442\u043e\u0432\u0430\u0440\u043e\u0432","item":"https:\/\/gohike.lv\/%d0%ba%d0%b0%d1%82%d0%b5%d0%b3%d0%be%d1%80%d0%b8%d0%b8-%d1%82%d0%be%d0%b2%d0%b0%d1%80%d0%be%d0%b2\/"},{"@type":"ListItem","position":3,"name":"FLEXTAIL &#8211; Zero Pump pumpis"}]},{"@type":"WebSite","@id":"https:\/\/gohike.lv\/ru\/#website","url":"https:\/\/gohike.lv\/ru\/","name":"GoHike","description":"","publisher":{"@id":"https:\/\/gohike.lv\/ru\/#organization"},"potentialAction":[{"@type":"SearchAction","target":{"@type":"EntryPoint","urlTemplate":"https:\/\/gohike.lv\/ru\/?s={search_term_string}"},"query-input":{"@type":"PropertyValueSpecification","valueRequired":true,"valueName":"search_term_string"}}],"inLanguage":"ru-RU"},{"@type":"Organization","@id":"https:\/\/gohike.lv\/ru\/#organization","name":"GoHike","url":"https:\/\/gohike.lv\/ru\/","logo":{"@type":"ImageObject","inLanguage":"ru-RU","@id":"https:\/\/gohike.lv\/ru\/#\/schema\/logo\/image\/","url":"https:\/\/gohike.lv\/wp-content\/uploads\/2023\/08\/Logo_GoHike.webp","contentUrl":"https:\/\/gohike.lv\/wp-content\/uploads\/2023\/08\/Logo_GoHike.webp","width":512,"height":512,"caption":"GoHike"},"image":{"@id":"https:\/\/gohike.lv\/ru\/#\/schema\/logo\/image\/"},"sameAs":["https:\/\/www.facebook.com\/gohike.shop\/","https:\/\/www.instagram.com\/gohike.shop\/"]}]}},"jetpack_sharing_enabled":true,"_links":{"self":[{"href":"https:\/\/gohike.lv\/ru\/wp-json\/wp\/v2\/product\/53678","targetHints":{"allow":["GET"]}}],"collection":[{"href":"https:\/\/gohike.lv\/ru\/wp-json\/wp\/v2\/product"}],"about":[{"href":"https:\/\/gohike.lv\/ru\/wp-json\/wp\/v2\/types\/product"}],"version-history":[{"count":1,"href":"https:\/\/gohike.lv\/ru\/wp-json\/wp\/v2\/product\/53678\/revisions"}],"predecessor-version":[{"id":118860,"href":"https:\/\/gohike.lv\/ru\/wp-json\/wp\/v2\/product\/53678\/revisions\/118860"}],"wp:featuredmedia":[{"embeddable":true,"href":"https:\/\/gohike.lv\/ru\/wp-json\/wp\/v2\/media\/9110"}],"wp:attachment":[{"href":"https:\/\/gohike.lv\/ru\/wp-json\/wp\/v2\/media?parent=53678"}],"wp:term":[{"taxonomy":"product_brand","embeddable":true,"href":"https:\/\/gohike.lv\/ru\/wp-json\/wp\/v2\/product_brand?post=53678"},{"taxonomy":"product_cat","embeddable":true,"href":"https:\/\/gohike.lv\/ru\/wp-json\/wp\/v2\/product_cat?post=53678"},{"taxonomy":"product_tag","embeddable":true,"href":"https:\/\/gohike.lv\/ru\/wp-json\/wp\/v2\/product_tag?post=53678"}],"curies":[{"name":"wp","href":"https:\/\/api.w.org\/{rel}","templated":true}]}}