{"id":53674,"date":"2025-02-10T14:48:24","date_gmt":"2025-02-10T11:48:24","guid":{"rendered":"https:\/\/gohike.lv\/produkts\/flextail-max-shower\/"},"modified":"2026-03-23T20:25:53","modified_gmt":"2026-03-23T17:25:53","slug":"flextail-max-shower","status":"publish","type":"product","link":"https:\/\/gohike.lv\/ru\/produkts\/flextail-max-shower\/","title":{"rendered":"FLEXTAIL &#8212; Max Shower du\u0161a(ar v\u0101ku)"},"content":{"rendered":"<p>Vienk\u0101r\u0161a mont\u0101\u017ea un demont\u0101\u017ea.<br \/>\nMax Shower iestat\u012b\u0161ana ir vienk\u0101r\u0161a. Nav nepiecie\u0161amas sare\u017e\u0123\u012btas instal\u0101cijas vai instrumenti.<br \/>\nVienk\u0101r\u0161i iegremd\u0113jiet s\u016bkni \u016bdens avot\u0101, izv\u0113lieties v\u0113lamo re\u017e\u012bmu un izbaudiet atsvaidzino\u0161u du\u0161u.<br \/>\n3 pak\u0101pju mont\u0101\u017eas iestat\u012b\u0161ana.<br \/>\n1 &#8212; pievieno \u016bdens s\u016bkni,<br \/>\n2- pievieno du\u0161as galvu,<br \/>\n3 &#8212; iesl\u0113dz sl\u0113dzi.<br \/>\nEkskluz\u012bvs iepl\u016bdes un aizs\u0113r\u0113\u0161an\u0101s nov\u0113r\u0161anas dizains, pateicoties t\u0101 aug\u0161upv\u0113rstajai \u016bdens ies\u016bk\u0161anas sist\u0113mai.<br \/>\nIeb\u016bv\u0113tais v\u012bt\u0146u filtra ekr\u0101ns ir izgatavots no r\u016bpnieciski augsta standarta 20 mesh 304 ner\u016bs\u0113jo\u0161\u0101 t\u0113rauda, kas ir iztur\u012bgs pret sk\u0101b\u0113m, s\u0101rmiem, koroziju un r\u016bsu.<br \/>\nNo\u0146emamo filtru ir viegli t\u012br\u012bt, tas pagarina kalpo\u0161anas laiku.<br \/>\nAkumulatora ietilp\u012bba: 18,5 vatstundu (Wh).<br \/>\n=MAX SHOWER du\u0161as uzgalis ir izstr\u0101d\u0101ts \u0113rtai lieto\u0161anai, \u013caujot kontrol\u0113t \u016bdens pl\u016bsmu.<\/p>\n","protected":false},"excerpt":{"rendered":"<p>\u012apa\u0161i viegla, uzl\u0101d\u0113jama \u0101ra du\u0161a<\/p>\n","protected":false},"featured_media":66039,"template":"","meta":[],"product_brand":[1653],"product_cat":[1380],"product_tag":[],"class_list":{"0":"post-53674","1":"product","2":"type-product","3":"status-publish","4":"has-post-thumbnail","6":"product_brand-flextail-lv","7":"product_cat-higiena","8":"pa_darbibas-laiks-70-min-110-min","9":"pa_gaisa-plusma-2-2l-min-3-0l-min","10":"pa_izmeriscm-126-94","11":"pa_izveleties-divus-rezimus-erti-pielagojiet-savu-dusas-pieredzi-musu-portativajai-dusai-ir-divi-rezimi-augstas-plusmas-rezims-energiskai-kaskadei-un-maigas-plusmas-rezims-nomierinosai","12":"pa_izveleties-divus-rezimus-spa-lidzigai-pieredz","13":"pa_produkta-tips-turisma-dusas","15":"first","16":"instock","17":"taxable","18":"shipping-taxable","19":"purchasable","20":"product-type-simple"},"raw_content":{"name":"FLEXTAIL - Max Shower du\u0161a(ar v\u0101ku)","description":"Vienk\u0101r\u0161a mont\u0101\u017ea un demont\u0101\u017ea.\nMax Shower iestat\u012b\u0161ana ir vienk\u0101r\u0161a. Nav nepiecie\u0161amas sare\u017e\u0123\u012btas instal\u0101cijas vai instrumenti.\nVienk\u0101r\u0161i iegremd\u0113jiet s\u016bkni \u016bdens avot\u0101, izv\u0113lieties v\u0113lamo re\u017e\u012bmu un izbaudiet atsvaidzino\u0161u du\u0161u.\n3 pak\u0101pju mont\u0101\u017eas iestat\u012b\u0161ana.\n1 - pievieno \u016bdens s\u016bkni,\n2- pievieno du\u0161as galvu,\n3 - iesl\u0113dz sl\u0113dzi.\nEkskluz\u012bvs iepl\u016bdes un aizs\u0113r\u0113\u0161an\u0101s nov\u0113r\u0161anas dizains, pateicoties t\u0101 aug\u0161upv\u0113rstajai \u016bdens ies\u016bk\u0161anas sist\u0113mai.\nIeb\u016bv\u0113tais v\u012bt\u0146u filtra ekr\u0101ns ir izgatavots no r\u016bpnieciski augsta standarta 20 mesh 304 ner\u016bs\u0113jo\u0161\u0101 t\u0113rauda, kas ir iztur\u012bgs pret sk\u0101b\u0113m, s\u0101rmiem, koroziju un r\u016bsu.\nNo\u0146emamo filtru ir viegli t\u012br\u012bt, tas pagarina kalpo\u0161anas laiku.\nAkumulatora ietilp\u012bba: 18,5 vatstundu (Wh).\n=MAX SHOWER du\u0161as uzgalis ir izstr\u0101d\u0101ts \u0113rtai lieto\u0161anai, \u013caujot kontrol\u0113t \u016bdens pl\u016bsmu.","short_description":"\u012apa\u0161i viegla, uzl\u0101d\u0113jama \u0101ra du\u0161a","status":"publish","sku":"FLEXTAIL_17","original":53674},"wpml":{"translation_type":1,"has_translations":true,"original":53674,"duplicates":[],"translations":{"lv":53674,"en":66862,"ru":null}},"supplier_id":null,"supplier_sku":"","barcode":null,"atum_controlled":true,"out_stock_date":null,"out_stock_threshold":null,"inheritable":false,"inbound_stock":0,"stock_on_hold":0,"sold_today":0,"sales_last_days":1,"reserved_stock":0,"customer_returns":0,"warehouse_damage":0,"lost_in_post":0,"other_logs":0,"out_stock_days":0,"lost_sales":0,"has_location":false,"update_date":"2026-03-26T16:27:26","atum_locations":[],"atum_stock_status":"instock","restock_status":false,"low_stock_amount":"","sales_update_date":"2026-03-26T16:27:26","calc_backorders":null,"yoast_head":"<!-- This site is optimized with the Yoast SEO plugin v27.3 - https:\/\/yoast.com\/product\/yoast-seo-wordpress\/ -->\n<title>FLEXTAIL - Max Shower du\u0161a(ar v\u0101ku)<\/title>\n<meta name=\"description\" content=\"\u012apa\u0161i viegla, uzl\u0101d\u0113jama \u0101ra du\u0161a. Vienk\u0101r\u0161a mont\u0101\u017ea un demont\u0101\u017ea.\" \/>\n<meta name=\"robots\" content=\"index, follow, max-snippet:-1, max-image-preview:large, max-video-preview:-1\" \/>\n<link rel=\"canonical\" href=\"https:\/\/gohike.lv\/ru\/produkts\/flextail-max-shower\/\" \/>\n<meta property=\"og:locale\" content=\"ru_RU\" \/>\n<meta property=\"og:type\" content=\"article\" \/>\n<meta property=\"og:title\" content=\"P\u0101rn\u0113s\u0101jama \u0101ra du\u0161a - Max Shower\" \/>\n<meta property=\"og:description\" content=\"\u012apa\u0161i viegla, uzl\u0101d\u0113jama \u0101ra du\u0161a. Vienk\u0101r\u0161a mont\u0101\u017ea un demont\u0101\u017ea.\" \/>\n<meta property=\"og:url\" content=\"https:\/\/gohike.lv\/ru\/produkts\/flextail-max-shower\/\" \/>\n<meta property=\"og:site_name\" content=\"GoHike\" \/>\n<meta property=\"article:publisher\" content=\"https:\/\/www.facebook.com\/gohike.shop\/\" \/>\n<meta property=\"article:modified_time\" content=\"2026-03-23T17:25:53+00:00\" \/>\n<meta property=\"og:image\" content=\"https:\/\/gohike.lv\/wp-content\/uploads\/2024\/05\/FlextailMaxShowerandstoragebox.webp\" \/>\n\t<meta property=\"og:image:width\" content=\"1000\" \/>\n\t<meta property=\"og:image:height\" content=\"1000\" \/>\n\t<meta property=\"og:image:type\" content=\"image\/webp\" \/>\n<meta name=\"twitter:card\" content=\"summary_large_image\" \/>\n<meta name=\"twitter:title\" content=\"P\u0101rn\u0113s\u0101jama \u0101ra du\u0161a - Max Shower\" \/>\n<meta name=\"twitter:label1\" content=\"\u041f\u0440\u0438\u043c\u0435\u0440\u043d\u043e\u0435 \u0432\u0440\u0435\u043c\u044f \u0434\u043b\u044f \u0447\u0442\u0435\u043d\u0438\u044f\" \/>\n\t<meta name=\"twitter:data1\" content=\"1 \u043c\u0438\u043d\u0443\u0442\u0430\" \/>\n<script type=\"application\/ld+json\" class=\"yoast-schema-graph\">{\"@context\":\"https:\\\/\\\/schema.org\",\"@graph\":[{\"@type\":[\"WebPage\",\"ItemPage\"],\"@id\":\"https:\\\/\\\/gohike.lv\\\/ru\\\/produkts\\\/flextail-max-shower\\\/\",\"url\":\"https:\\\/\\\/gohike.lv\\\/ru\\\/produkts\\\/flextail-max-shower\\\/\",\"name\":\"FLEXTAIL - Max Shower du\u0161a(ar v\u0101ku)\",\"isPartOf\":{\"@id\":\"https:\\\/\\\/gohike.lv\\\/ru\\\/#website\"},\"primaryImageOfPage\":{\"@id\":\"https:\\\/\\\/gohike.lv\\\/ru\\\/produkts\\\/flextail-max-shower\\\/#primaryimage\"},\"image\":{\"@id\":\"https:\\\/\\\/gohike.lv\\\/ru\\\/produkts\\\/flextail-max-shower\\\/#primaryimage\"},\"thumbnailUrl\":\"https:\\\/\\\/gohike.lv\\\/wp-content\\\/uploads\\\/2024\\\/05\\\/FlextailMaxShowerandstoragebox.webp\",\"datePublished\":\"2025-02-10T11:48:24+00:00\",\"dateModified\":\"2026-03-23T17:25:53+00:00\",\"description\":\"\u012apa\u0161i viegla, uzl\u0101d\u0113jama \u0101ra du\u0161a. Vienk\u0101r\u0161a mont\u0101\u017ea un demont\u0101\u017ea.\",\"breadcrumb\":{\"@id\":\"https:\\\/\\\/gohike.lv\\\/ru\\\/produkts\\\/flextail-max-shower\\\/#breadcrumb\"},\"inLanguage\":\"ru-RU\",\"potentialAction\":[{\"@type\":\"ReadAction\",\"target\":[\"https:\\\/\\\/gohike.lv\\\/ru\\\/produkts\\\/flextail-max-shower\\\/\"]}]},{\"@type\":\"ImageObject\",\"inLanguage\":\"ru-RU\",\"@id\":\"https:\\\/\\\/gohike.lv\\\/ru\\\/produkts\\\/flextail-max-shower\\\/#primaryimage\",\"url\":\"https:\\\/\\\/gohike.lv\\\/wp-content\\\/uploads\\\/2024\\\/05\\\/FlextailMaxShowerandstoragebox.webp\",\"contentUrl\":\"https:\\\/\\\/gohike.lv\\\/wp-content\\\/uploads\\\/2024\\\/05\\\/FlextailMaxShowerandstoragebox.webp\",\"width\":1000,\"height\":1000},{\"@type\":\"BreadcrumbList\",\"@id\":\"https:\\\/\\\/gohike.lv\\\/ru\\\/produkts\\\/flextail-max-shower\\\/#breadcrumb\",\"itemListElement\":[{\"@type\":\"ListItem\",\"position\":1,\"name\":\"\u0413\u043b\u0430\u0432\u043d\u0430\u044f\",\"item\":\"https:\\\/\\\/gohike.lv\\\/ru\\\/\"},{\"@type\":\"ListItem\",\"position\":2,\"name\":\"\u041a\u0430\u0442\u0435\u0433\u043e\u0440\u0438\u0438 \u0442\u043e\u0432\u0430\u0440\u043e\u0432\",\"item\":\"https:\\\/\\\/gohike.lv\\\/%d0%ba%d0%b0%d1%82%d0%b5%d0%b3%d0%be%d1%80%d0%b8%d0%b8-%d1%82%d0%be%d0%b2%d0%b0%d1%80%d0%be%d0%b2\\\/\"},{\"@type\":\"ListItem\",\"position\":3,\"name\":\"FLEXTAIL &#8211; Max Shower du\u0161a(ar v\u0101ku)\"}]},{\"@type\":\"WebSite\",\"@id\":\"https:\\\/\\\/gohike.lv\\\/ru\\\/#website\",\"url\":\"https:\\\/\\\/gohike.lv\\\/ru\\\/\",\"name\":\"GoHike\",\"description\":\"\",\"publisher\":{\"@id\":\"https:\\\/\\\/gohike.lv\\\/ru\\\/#organization\"},\"potentialAction\":[{\"@type\":\"SearchAction\",\"target\":{\"@type\":\"EntryPoint\",\"urlTemplate\":\"https:\\\/\\\/gohike.lv\\\/ru\\\/?s={search_term_string}\"},\"query-input\":{\"@type\":\"PropertyValueSpecification\",\"valueRequired\":true,\"valueName\":\"search_term_string\"}}],\"inLanguage\":\"ru-RU\"},{\"@type\":\"Organization\",\"@id\":\"https:\\\/\\\/gohike.lv\\\/ru\\\/#organization\",\"name\":\"GoHike\",\"url\":\"https:\\\/\\\/gohike.lv\\\/ru\\\/\",\"logo\":{\"@type\":\"ImageObject\",\"inLanguage\":\"ru-RU\",\"@id\":\"https:\\\/\\\/gohike.lv\\\/ru\\\/#\\\/schema\\\/logo\\\/image\\\/\",\"url\":\"https:\\\/\\\/gohike.lv\\\/wp-content\\\/uploads\\\/2023\\\/08\\\/Logo_GoHike.webp\",\"contentUrl\":\"https:\\\/\\\/gohike.lv\\\/wp-content\\\/uploads\\\/2023\\\/08\\\/Logo_GoHike.webp\",\"width\":512,\"height\":512,\"caption\":\"GoHike\"},\"image\":{\"@id\":\"https:\\\/\\\/gohike.lv\\\/ru\\\/#\\\/schema\\\/logo\\\/image\\\/\"},\"sameAs\":[\"https:\\\/\\\/www.facebook.com\\\/gohike.shop\\\/\",\"https:\\\/\\\/www.instagram.com\\\/gohike.shop\\\/\"]}]}<\/script>\n<!-- \/ Yoast SEO plugin. -->","yoast_head_json":{"title":"FLEXTAIL - Max Shower du\u0161a(ar v\u0101ku)","description":"\u012apa\u0161i viegla, uzl\u0101d\u0113jama \u0101ra du\u0161a. Vienk\u0101r\u0161a mont\u0101\u017ea un demont\u0101\u017ea.","robots":{"index":"index","follow":"follow","max-snippet":"max-snippet:-1","max-image-preview":"max-image-preview:large","max-video-preview":"max-video-preview:-1"},"canonical":"https:\/\/gohike.lv\/ru\/produkts\/flextail-max-shower\/","og_locale":"ru_RU","og_type":"article","og_title":"P\u0101rn\u0113s\u0101jama \u0101ra du\u0161a - Max Shower","og_description":"\u012apa\u0161i viegla, uzl\u0101d\u0113jama \u0101ra du\u0161a. Vienk\u0101r\u0161a mont\u0101\u017ea un demont\u0101\u017ea.","og_url":"https:\/\/gohike.lv\/ru\/produkts\/flextail-max-shower\/","og_site_name":"GoHike","article_publisher":"https:\/\/www.facebook.com\/gohike.shop\/","article_modified_time":"2026-03-23T17:25:53+00:00","og_image":[{"width":1000,"height":1000,"url":"https:\/\/gohike.lv\/wp-content\/uploads\/2024\/05\/FlextailMaxShowerandstoragebox.webp","type":"image\/webp"}],"twitter_card":"summary_large_image","twitter_title":"P\u0101rn\u0113s\u0101jama \u0101ra du\u0161a - Max Shower","twitter_misc":{"\u041f\u0440\u0438\u043c\u0435\u0440\u043d\u043e\u0435 \u0432\u0440\u0435\u043c\u044f \u0434\u043b\u044f \u0447\u0442\u0435\u043d\u0438\u044f":"1 \u043c\u0438\u043d\u0443\u0442\u0430"},"schema":{"@context":"https:\/\/schema.org","@graph":[{"@type":["WebPage","ItemPage"],"@id":"https:\/\/gohike.lv\/ru\/produkts\/flextail-max-shower\/","url":"https:\/\/gohike.lv\/ru\/produkts\/flextail-max-shower\/","name":"FLEXTAIL - Max Shower du\u0161a(ar v\u0101ku)","isPartOf":{"@id":"https:\/\/gohike.lv\/ru\/#website"},"primaryImageOfPage":{"@id":"https:\/\/gohike.lv\/ru\/produkts\/flextail-max-shower\/#primaryimage"},"image":{"@id":"https:\/\/gohike.lv\/ru\/produkts\/flextail-max-shower\/#primaryimage"},"thumbnailUrl":"https:\/\/gohike.lv\/wp-content\/uploads\/2024\/05\/FlextailMaxShowerandstoragebox.webp","datePublished":"2025-02-10T11:48:24+00:00","dateModified":"2026-03-23T17:25:53+00:00","description":"\u012apa\u0161i viegla, uzl\u0101d\u0113jama \u0101ra du\u0161a. Vienk\u0101r\u0161a mont\u0101\u017ea un demont\u0101\u017ea.","breadcrumb":{"@id":"https:\/\/gohike.lv\/ru\/produkts\/flextail-max-shower\/#breadcrumb"},"inLanguage":"ru-RU","potentialAction":[{"@type":"ReadAction","target":["https:\/\/gohike.lv\/ru\/produkts\/flextail-max-shower\/"]}]},{"@type":"ImageObject","inLanguage":"ru-RU","@id":"https:\/\/gohike.lv\/ru\/produkts\/flextail-max-shower\/#primaryimage","url":"https:\/\/gohike.lv\/wp-content\/uploads\/2024\/05\/FlextailMaxShowerandstoragebox.webp","contentUrl":"https:\/\/gohike.lv\/wp-content\/uploads\/2024\/05\/FlextailMaxShowerandstoragebox.webp","width":1000,"height":1000},{"@type":"BreadcrumbList","@id":"https:\/\/gohike.lv\/ru\/produkts\/flextail-max-shower\/#breadcrumb","itemListElement":[{"@type":"ListItem","position":1,"name":"\u0413\u043b\u0430\u0432\u043d\u0430\u044f","item":"https:\/\/gohike.lv\/ru\/"},{"@type":"ListItem","position":2,"name":"\u041a\u0430\u0442\u0435\u0433\u043e\u0440\u0438\u0438 \u0442\u043e\u0432\u0430\u0440\u043e\u0432","item":"https:\/\/gohike.lv\/%d0%ba%d0%b0%d1%82%d0%b5%d0%b3%d0%be%d1%80%d0%b8%d0%b8-%d1%82%d0%be%d0%b2%d0%b0%d1%80%d0%be%d0%b2\/"},{"@type":"ListItem","position":3,"name":"FLEXTAIL &#8211; Max Shower du\u0161a(ar v\u0101ku)"}]},{"@type":"WebSite","@id":"https:\/\/gohike.lv\/ru\/#website","url":"https:\/\/gohike.lv\/ru\/","name":"GoHike","description":"","publisher":{"@id":"https:\/\/gohike.lv\/ru\/#organization"},"potentialAction":[{"@type":"SearchAction","target":{"@type":"EntryPoint","urlTemplate":"https:\/\/gohike.lv\/ru\/?s={search_term_string}"},"query-input":{"@type":"PropertyValueSpecification","valueRequired":true,"valueName":"search_term_string"}}],"inLanguage":"ru-RU"},{"@type":"Organization","@id":"https:\/\/gohike.lv\/ru\/#organization","name":"GoHike","url":"https:\/\/gohike.lv\/ru\/","logo":{"@type":"ImageObject","inLanguage":"ru-RU","@id":"https:\/\/gohike.lv\/ru\/#\/schema\/logo\/image\/","url":"https:\/\/gohike.lv\/wp-content\/uploads\/2023\/08\/Logo_GoHike.webp","contentUrl":"https:\/\/gohike.lv\/wp-content\/uploads\/2023\/08\/Logo_GoHike.webp","width":512,"height":512,"caption":"GoHike"},"image":{"@id":"https:\/\/gohike.lv\/ru\/#\/schema\/logo\/image\/"},"sameAs":["https:\/\/www.facebook.com\/gohike.shop\/","https:\/\/www.instagram.com\/gohike.shop\/"]}]}},"jetpack_sharing_enabled":true,"_links":{"self":[{"href":"https:\/\/gohike.lv\/ru\/wp-json\/wp\/v2\/product\/53674","targetHints":{"allow":["GET"]}}],"collection":[{"href":"https:\/\/gohike.lv\/ru\/wp-json\/wp\/v2\/product"}],"about":[{"href":"https:\/\/gohike.lv\/ru\/wp-json\/wp\/v2\/types\/product"}],"version-history":[{"count":0,"href":"https:\/\/gohike.lv\/ru\/wp-json\/wp\/v2\/product\/53674\/revisions"}],"wp:featuredmedia":[{"embeddable":true,"href":"https:\/\/gohike.lv\/ru\/wp-json\/wp\/v2\/media\/66039"}],"wp:attachment":[{"href":"https:\/\/gohike.lv\/ru\/wp-json\/wp\/v2\/media?parent=53674"}],"wp:term":[{"taxonomy":"product_brand","embeddable":true,"href":"https:\/\/gohike.lv\/ru\/wp-json\/wp\/v2\/product_brand?post=53674"},{"taxonomy":"product_cat","embeddable":true,"href":"https:\/\/gohike.lv\/ru\/wp-json\/wp\/v2\/product_cat?post=53674"},{"taxonomy":"product_tag","embeddable":true,"href":"https:\/\/gohike.lv\/ru\/wp-json\/wp\/v2\/product_tag?post=53674"}],"curies":[{"name":"wp","href":"https:\/\/api.w.org\/{rel}","templated":true}]}}