{"id":53670,"date":"2024-05-08T14:48:24","date_gmt":"2024-05-08T11:48:24","guid":{"rendered":"https:\/\/gohike.lv\/produkts\/flextail-flex-tool-izcila-30-in-1-edc-multitool-karte\/"},"modified":"2025-12-30T17:24:41","modified_gmt":"2025-12-30T14:24:41","slug":"flextail-flex-tool-izcila-30-in-1-edc-multitool","status":"publish","type":"product","link":"https:\/\/gohike.lv\/ru\/produkts\/flextail-flex-tool-izcila-30-in-1-edc-multitool\/","title":{"rendered":"FLEXTAIL &#8212; Flex Tool &#8212; 30\u00a0in-1 EDC Multitool"},"content":{"rendered":"<p>Izgatavots no augstas kvalit\u0101tes 420 pak\u0101pes ner\u016bs\u0113jo\u0161\u0101 t\u0113rauda.<br \/>\nSp\u0113c\u012bgs, iztur\u012bgs un viegls &#8212; sver tikai 90 gramus.<br \/>\nMultiinstrumentam ir \u012bpa\u0161s, salok\u0101ms, klasisks dizains.<br \/>\nRaksturlielumi:<br \/>\nIzm\u0113rs atv\u0113rt\u0101 veid\u0101: 19,69 * 4,78 * 1,09 cm;<br \/>\nIzm\u0113rs saloc\u012bt\u0101 veid\u0101: 9\u00a0x\u00a03,2\u00a0x\u00a01,1\u00a0cm.<\/p>\n","protected":false},"excerpt":{"rendered":"<p>FLEX TOOL ir 30 funkcijas, tostarp kannu un pude\u013cu attais\u0101mais, krustveida skr\u016bvgriezis, standarta metriskais line\u0101ls, se\u0161st\u016bra uzgrie\u017e\u0146u atsl\u0113ga, nazis un kabatas z\u0101\u0123is, stiep\u013cu spr\u0101dze, tapas uzgrie\u017e\u0146u atsl\u0113ga u.c. fukcijas.<\/p>\n","protected":false},"featured_media":9068,"template":"","meta":[],"product_brand":[1653],"product_cat":[1617],"product_tag":[],"class_list":{"0":"post-53670","1":"product","2":"type-product","3":"status-publish","4":"has-post-thumbnail","6":"product_brand-flextail-lv","7":"product_cat-instrumenti-un-kopsana","8":"pa_materiali-420-klases-nerusejosais-terauds","9":"pa_produkta-tips-daudzfunkciju-riki","11":"first","12":"instock","13":"taxable","14":"shipping-taxable","15":"purchasable","16":"product-type-simple"},"raw_content":{"name":"FLEXTAIL - Flex Tool - 30\u00a0in-1 EDC Multitool","description":"Izgatavots no augstas kvalit\u0101tes 420 pak\u0101pes ner\u016bs\u0113jo\u0161\u0101 t\u0113rauda.\nSp\u0113c\u012bgs, iztur\u012bgs un viegls - sver tikai 90 gramus.\nMultiinstrumentam ir \u012bpa\u0161s, salok\u0101ms, klasisks dizains.\nRaksturlielumi:\nIzm\u0113rs atv\u0113rt\u0101 veid\u0101: 19,69 * 4,78 * 1,09 cm;\nIzm\u0113rs saloc\u012bt\u0101 veid\u0101: 9\u00a0x\u00a03,2\u00a0x\u00a01,1\u00a0cm.","short_description":"FLEX TOOL ir 30 funkcijas, tostarp kannu un pude\u013cu attais\u0101mais, krustveida skr\u016bvgriezis, standarta metriskais line\u0101ls, se\u0161st\u016bra uzgrie\u017e\u0146u atsl\u0113ga, nazis un kabatas z\u0101\u0123is, stiep\u013cu spr\u0101dze, tapas uzgrie\u017e\u0146u atsl\u0113ga u.c. fukcijas.","status":"publish","sku":"FLEXTAIL_15","original":53670},"wpml":{"translation_type":1,"has_translations":true,"original":53670,"duplicates":[],"translations":{"lv":53670,"en":67791,"ru":null}},"supplier_id":null,"supplier_sku":"","barcode":null,"atum_controlled":true,"out_stock_date":null,"out_stock_threshold":null,"inheritable":false,"inbound_stock":null,"stock_on_hold":0,"sold_today":0,"sales_last_days":0,"reserved_stock":null,"customer_returns":null,"warehouse_damage":null,"lost_in_post":null,"other_logs":null,"out_stock_days":0,"lost_sales":0,"has_location":null,"update_date":"2025-12-30T14:30:37","atum_locations":[],"atum_stock_status":"instock","restock_status":false,"low_stock_amount":"","sales_update_date":"2025-11-13T14:07:27","calc_backorders":null,"yoast_head":"<!-- This site is optimized with the Yoast SEO plugin v27.3 - https:\/\/yoast.com\/product\/yoast-seo-wordpress\/ -->\n<title>FLEXTAIL - Flex Tool - 30\u00a0in-1 EDC Multitool<\/title>\n<meta name=\"description\" content=\"FLEX TOOL ir 30 funkcijas, tostarp kannu un pude\u013cu attais\u0101mais, krustveida skr\u016bvgriezis, standarta metriskais line\u0101ls, se\u0161st\u016bra uzgrie\u017e\u0146u atsl\u0113ga, nazis un kabatas z\u0101\u0123is, stiep\u013cu spr\u0101dze, tapas uzgrie\u017e\u0146u atsl\u0113ga u.c. fukcijas.\" \/>\n<meta name=\"robots\" content=\"index, follow, max-snippet:-1, max-image-preview:large, max-video-preview:-1\" \/>\n<link rel=\"canonical\" href=\"https:\/\/gohike.lv\/ru\/produkts\/flextail-flex-tool-izcila-30-in-1-edc-multitool\/\" \/>\n<meta property=\"og:locale\" content=\"ru_RU\" \/>\n<meta property=\"og:type\" content=\"article\" \/>\n<meta property=\"og:title\" content=\"Ultimate Tool - Flex Tool - izcila 30\u00a0in-1 EDC multitool karte\" \/>\n<meta property=\"og:description\" content=\"FLEX TOOL ir 30 funkcijas, tostarp kannu un pude\u013cu attais\u0101mais, krustveida skr\u016bvgriezis, standarta metriskais line\u0101ls, se\u0161st\u016bra uzgrie\u017e\u0146u atsl\u0113ga, nazis un kabatas z\u0101\u0123is, stiep\u013cu spr\u0101dze, tapas uzgrie\u017e\u0146u atsl\u0113ga u.c. fukcijas.\" \/>\n<meta property=\"og:url\" content=\"https:\/\/gohike.lv\/ru\/produkts\/flextail-flex-tool-izcila-30-in-1-edc-multitool\/\" \/>\n<meta property=\"og:site_name\" content=\"GoHike\" \/>\n<meta property=\"article:publisher\" content=\"https:\/\/www.facebook.com\/gohike.shop\/\" \/>\n<meta property=\"article:modified_time\" content=\"2025-12-30T14:24:41+00:00\" \/>\n<meta property=\"og:image\" content=\"https:\/\/gohike.lv\/wp-content\/uploads\/2023\/11\/FLEXTOOL.webp\" \/>\n\t<meta property=\"og:image:width\" content=\"500\" \/>\n\t<meta property=\"og:image:height\" content=\"500\" \/>\n\t<meta property=\"og:image:type\" content=\"image\/webp\" \/>\n<meta name=\"twitter:card\" content=\"summary_large_image\" \/>\n<meta name=\"twitter:title\" content=\"Ultimate Tool - Flex Tool - izcila 30\u00a0in-1 EDC multitool karte\" \/>\n<meta name=\"twitter:label1\" content=\"\u041f\u0440\u0438\u043c\u0435\u0440\u043d\u043e\u0435 \u0432\u0440\u0435\u043c\u044f \u0434\u043b\u044f \u0447\u0442\u0435\u043d\u0438\u044f\" \/>\n\t<meta name=\"twitter:data1\" content=\"1 \u043c\u0438\u043d\u0443\u0442\u0430\" \/>\n<script type=\"application\/ld+json\" class=\"yoast-schema-graph\">{\"@context\":\"https:\\\/\\\/schema.org\",\"@graph\":[{\"@type\":[\"WebPage\",\"ItemPage\"],\"@id\":\"https:\\\/\\\/gohike.lv\\\/ru\\\/produkts\\\/flextail-flex-tool-izcila-30-in-1-edc-multitool\\\/\",\"url\":\"https:\\\/\\\/gohike.lv\\\/ru\\\/produkts\\\/flextail-flex-tool-izcila-30-in-1-edc-multitool\\\/\",\"name\":\"FLEXTAIL - Flex Tool - 30\u00a0in-1 EDC Multitool\",\"isPartOf\":{\"@id\":\"https:\\\/\\\/gohike.lv\\\/ru\\\/#website\"},\"primaryImageOfPage\":{\"@id\":\"https:\\\/\\\/gohike.lv\\\/ru\\\/produkts\\\/flextail-flex-tool-izcila-30-in-1-edc-multitool\\\/#primaryimage\"},\"image\":{\"@id\":\"https:\\\/\\\/gohike.lv\\\/ru\\\/produkts\\\/flextail-flex-tool-izcila-30-in-1-edc-multitool\\\/#primaryimage\"},\"thumbnailUrl\":\"https:\\\/\\\/gohike.lv\\\/wp-content\\\/uploads\\\/2023\\\/11\\\/FLEXTOOL.webp\",\"datePublished\":\"2024-05-08T11:48:24+00:00\",\"dateModified\":\"2025-12-30T14:24:41+00:00\",\"description\":\"FLEX TOOL ir 30 funkcijas, tostarp kannu un pude\u013cu attais\u0101mais, krustveida skr\u016bvgriezis, standarta metriskais line\u0101ls, se\u0161st\u016bra uzgrie\u017e\u0146u atsl\u0113ga, nazis un kabatas z\u0101\u0123is, stiep\u013cu spr\u0101dze, tapas uzgrie\u017e\u0146u atsl\u0113ga u.c. fukcijas.\",\"breadcrumb\":{\"@id\":\"https:\\\/\\\/gohike.lv\\\/ru\\\/produkts\\\/flextail-flex-tool-izcila-30-in-1-edc-multitool\\\/#breadcrumb\"},\"inLanguage\":\"ru-RU\",\"potentialAction\":[{\"@type\":\"ReadAction\",\"target\":[\"https:\\\/\\\/gohike.lv\\\/ru\\\/produkts\\\/flextail-flex-tool-izcila-30-in-1-edc-multitool\\\/\"]}]},{\"@type\":\"ImageObject\",\"inLanguage\":\"ru-RU\",\"@id\":\"https:\\\/\\\/gohike.lv\\\/ru\\\/produkts\\\/flextail-flex-tool-izcila-30-in-1-edc-multitool\\\/#primaryimage\",\"url\":\"https:\\\/\\\/gohike.lv\\\/wp-content\\\/uploads\\\/2023\\\/11\\\/FLEXTOOL.webp\",\"contentUrl\":\"https:\\\/\\\/gohike.lv\\\/wp-content\\\/uploads\\\/2023\\\/11\\\/FLEXTOOL.webp\",\"width\":500,\"height\":500},{\"@type\":\"BreadcrumbList\",\"@id\":\"https:\\\/\\\/gohike.lv\\\/ru\\\/produkts\\\/flextail-flex-tool-izcila-30-in-1-edc-multitool\\\/#breadcrumb\",\"itemListElement\":[{\"@type\":\"ListItem\",\"position\":1,\"name\":\"\u0413\u043b\u0430\u0432\u043d\u0430\u044f\",\"item\":\"https:\\\/\\\/gohike.lv\\\/ru\\\/\"},{\"@type\":\"ListItem\",\"position\":2,\"name\":\"\u041a\u0430\u0442\u0435\u0433\u043e\u0440\u0438\u0438 \u0442\u043e\u0432\u0430\u0440\u043e\u0432\",\"item\":\"https:\\\/\\\/gohike.lv\\\/%d0%ba%d0%b0%d1%82%d0%b5%d0%b3%d0%be%d1%80%d0%b8%d0%b8-%d1%82%d0%be%d0%b2%d0%b0%d1%80%d0%be%d0%b2\\\/\"},{\"@type\":\"ListItem\",\"position\":3,\"name\":\"FLEXTAIL &#8211; Flex Tool &#8211; 30\u00a0in-1 EDC Multitool\"}]},{\"@type\":\"WebSite\",\"@id\":\"https:\\\/\\\/gohike.lv\\\/ru\\\/#website\",\"url\":\"https:\\\/\\\/gohike.lv\\\/ru\\\/\",\"name\":\"GoHike\",\"description\":\"\",\"publisher\":{\"@id\":\"https:\\\/\\\/gohike.lv\\\/ru\\\/#organization\"},\"potentialAction\":[{\"@type\":\"SearchAction\",\"target\":{\"@type\":\"EntryPoint\",\"urlTemplate\":\"https:\\\/\\\/gohike.lv\\\/ru\\\/?s={search_term_string}\"},\"query-input\":{\"@type\":\"PropertyValueSpecification\",\"valueRequired\":true,\"valueName\":\"search_term_string\"}}],\"inLanguage\":\"ru-RU\"},{\"@type\":\"Organization\",\"@id\":\"https:\\\/\\\/gohike.lv\\\/ru\\\/#organization\",\"name\":\"GoHike\",\"url\":\"https:\\\/\\\/gohike.lv\\\/ru\\\/\",\"logo\":{\"@type\":\"ImageObject\",\"inLanguage\":\"ru-RU\",\"@id\":\"https:\\\/\\\/gohike.lv\\\/ru\\\/#\\\/schema\\\/logo\\\/image\\\/\",\"url\":\"https:\\\/\\\/gohike.lv\\\/wp-content\\\/uploads\\\/2023\\\/08\\\/Logo_GoHike.webp\",\"contentUrl\":\"https:\\\/\\\/gohike.lv\\\/wp-content\\\/uploads\\\/2023\\\/08\\\/Logo_GoHike.webp\",\"width\":512,\"height\":512,\"caption\":\"GoHike\"},\"image\":{\"@id\":\"https:\\\/\\\/gohike.lv\\\/ru\\\/#\\\/schema\\\/logo\\\/image\\\/\"},\"sameAs\":[\"https:\\\/\\\/www.facebook.com\\\/gohike.shop\\\/\",\"https:\\\/\\\/www.instagram.com\\\/gohike.shop\\\/\"]}]}<\/script>\n<!-- \/ Yoast SEO plugin. -->","yoast_head_json":{"title":"FLEXTAIL - Flex Tool - 30\u00a0in-1 EDC Multitool","description":"FLEX TOOL ir 30 funkcijas, tostarp kannu un pude\u013cu attais\u0101mais, krustveida skr\u016bvgriezis, standarta metriskais line\u0101ls, se\u0161st\u016bra uzgrie\u017e\u0146u atsl\u0113ga, nazis un kabatas z\u0101\u0123is, stiep\u013cu spr\u0101dze, tapas uzgrie\u017e\u0146u atsl\u0113ga u.c. fukcijas.","robots":{"index":"index","follow":"follow","max-snippet":"max-snippet:-1","max-image-preview":"max-image-preview:large","max-video-preview":"max-video-preview:-1"},"canonical":"https:\/\/gohike.lv\/ru\/produkts\/flextail-flex-tool-izcila-30-in-1-edc-multitool\/","og_locale":"ru_RU","og_type":"article","og_title":"Ultimate Tool - Flex Tool - izcila 30\u00a0in-1 EDC multitool karte","og_description":"FLEX TOOL ir 30 funkcijas, tostarp kannu un pude\u013cu attais\u0101mais, krustveida skr\u016bvgriezis, standarta metriskais line\u0101ls, se\u0161st\u016bra uzgrie\u017e\u0146u atsl\u0113ga, nazis un kabatas z\u0101\u0123is, stiep\u013cu spr\u0101dze, tapas uzgrie\u017e\u0146u atsl\u0113ga u.c. fukcijas.","og_url":"https:\/\/gohike.lv\/ru\/produkts\/flextail-flex-tool-izcila-30-in-1-edc-multitool\/","og_site_name":"GoHike","article_publisher":"https:\/\/www.facebook.com\/gohike.shop\/","article_modified_time":"2025-12-30T14:24:41+00:00","og_image":[{"width":500,"height":500,"url":"https:\/\/gohike.lv\/wp-content\/uploads\/2023\/11\/FLEXTOOL.webp","type":"image\/webp"}],"twitter_card":"summary_large_image","twitter_title":"Ultimate Tool - Flex Tool - izcila 30\u00a0in-1 EDC multitool karte","twitter_misc":{"\u041f\u0440\u0438\u043c\u0435\u0440\u043d\u043e\u0435 \u0432\u0440\u0435\u043c\u044f \u0434\u043b\u044f \u0447\u0442\u0435\u043d\u0438\u044f":"1 \u043c\u0438\u043d\u0443\u0442\u0430"},"schema":{"@context":"https:\/\/schema.org","@graph":[{"@type":["WebPage","ItemPage"],"@id":"https:\/\/gohike.lv\/ru\/produkts\/flextail-flex-tool-izcila-30-in-1-edc-multitool\/","url":"https:\/\/gohike.lv\/ru\/produkts\/flextail-flex-tool-izcila-30-in-1-edc-multitool\/","name":"FLEXTAIL - Flex Tool - 30\u00a0in-1 EDC Multitool","isPartOf":{"@id":"https:\/\/gohike.lv\/ru\/#website"},"primaryImageOfPage":{"@id":"https:\/\/gohike.lv\/ru\/produkts\/flextail-flex-tool-izcila-30-in-1-edc-multitool\/#primaryimage"},"image":{"@id":"https:\/\/gohike.lv\/ru\/produkts\/flextail-flex-tool-izcila-30-in-1-edc-multitool\/#primaryimage"},"thumbnailUrl":"https:\/\/gohike.lv\/wp-content\/uploads\/2023\/11\/FLEXTOOL.webp","datePublished":"2024-05-08T11:48:24+00:00","dateModified":"2025-12-30T14:24:41+00:00","description":"FLEX TOOL ir 30 funkcijas, tostarp kannu un pude\u013cu attais\u0101mais, krustveida skr\u016bvgriezis, standarta metriskais line\u0101ls, se\u0161st\u016bra uzgrie\u017e\u0146u atsl\u0113ga, nazis un kabatas z\u0101\u0123is, stiep\u013cu spr\u0101dze, tapas uzgrie\u017e\u0146u atsl\u0113ga u.c. fukcijas.","breadcrumb":{"@id":"https:\/\/gohike.lv\/ru\/produkts\/flextail-flex-tool-izcila-30-in-1-edc-multitool\/#breadcrumb"},"inLanguage":"ru-RU","potentialAction":[{"@type":"ReadAction","target":["https:\/\/gohike.lv\/ru\/produkts\/flextail-flex-tool-izcila-30-in-1-edc-multitool\/"]}]},{"@type":"ImageObject","inLanguage":"ru-RU","@id":"https:\/\/gohike.lv\/ru\/produkts\/flextail-flex-tool-izcila-30-in-1-edc-multitool\/#primaryimage","url":"https:\/\/gohike.lv\/wp-content\/uploads\/2023\/11\/FLEXTOOL.webp","contentUrl":"https:\/\/gohike.lv\/wp-content\/uploads\/2023\/11\/FLEXTOOL.webp","width":500,"height":500},{"@type":"BreadcrumbList","@id":"https:\/\/gohike.lv\/ru\/produkts\/flextail-flex-tool-izcila-30-in-1-edc-multitool\/#breadcrumb","itemListElement":[{"@type":"ListItem","position":1,"name":"\u0413\u043b\u0430\u0432\u043d\u0430\u044f","item":"https:\/\/gohike.lv\/ru\/"},{"@type":"ListItem","position":2,"name":"\u041a\u0430\u0442\u0435\u0433\u043e\u0440\u0438\u0438 \u0442\u043e\u0432\u0430\u0440\u043e\u0432","item":"https:\/\/gohike.lv\/%d0%ba%d0%b0%d1%82%d0%b5%d0%b3%d0%be%d1%80%d0%b8%d0%b8-%d1%82%d0%be%d0%b2%d0%b0%d1%80%d0%be%d0%b2\/"},{"@type":"ListItem","position":3,"name":"FLEXTAIL &#8211; Flex Tool &#8211; 30\u00a0in-1 EDC Multitool"}]},{"@type":"WebSite","@id":"https:\/\/gohike.lv\/ru\/#website","url":"https:\/\/gohike.lv\/ru\/","name":"GoHike","description":"","publisher":{"@id":"https:\/\/gohike.lv\/ru\/#organization"},"potentialAction":[{"@type":"SearchAction","target":{"@type":"EntryPoint","urlTemplate":"https:\/\/gohike.lv\/ru\/?s={search_term_string}"},"query-input":{"@type":"PropertyValueSpecification","valueRequired":true,"valueName":"search_term_string"}}],"inLanguage":"ru-RU"},{"@type":"Organization","@id":"https:\/\/gohike.lv\/ru\/#organization","name":"GoHike","url":"https:\/\/gohike.lv\/ru\/","logo":{"@type":"ImageObject","inLanguage":"ru-RU","@id":"https:\/\/gohike.lv\/ru\/#\/schema\/logo\/image\/","url":"https:\/\/gohike.lv\/wp-content\/uploads\/2023\/08\/Logo_GoHike.webp","contentUrl":"https:\/\/gohike.lv\/wp-content\/uploads\/2023\/08\/Logo_GoHike.webp","width":512,"height":512,"caption":"GoHike"},"image":{"@id":"https:\/\/gohike.lv\/ru\/#\/schema\/logo\/image\/"},"sameAs":["https:\/\/www.facebook.com\/gohike.shop\/","https:\/\/www.instagram.com\/gohike.shop\/"]}]}},"jetpack_sharing_enabled":true,"_links":{"self":[{"href":"https:\/\/gohike.lv\/ru\/wp-json\/wp\/v2\/product\/53670","targetHints":{"allow":["GET"]}}],"collection":[{"href":"https:\/\/gohike.lv\/ru\/wp-json\/wp\/v2\/product"}],"about":[{"href":"https:\/\/gohike.lv\/ru\/wp-json\/wp\/v2\/types\/product"}],"version-history":[{"count":0,"href":"https:\/\/gohike.lv\/ru\/wp-json\/wp\/v2\/product\/53670\/revisions"}],"wp:featuredmedia":[{"embeddable":true,"href":"https:\/\/gohike.lv\/ru\/wp-json\/wp\/v2\/media\/9068"}],"wp:attachment":[{"href":"https:\/\/gohike.lv\/ru\/wp-json\/wp\/v2\/media?parent=53670"}],"wp:term":[{"taxonomy":"product_brand","embeddable":true,"href":"https:\/\/gohike.lv\/ru\/wp-json\/wp\/v2\/product_brand?post=53670"},{"taxonomy":"product_cat","embeddable":true,"href":"https:\/\/gohike.lv\/ru\/wp-json\/wp\/v2\/product_cat?post=53670"},{"taxonomy":"product_tag","embeddable":true,"href":"https:\/\/gohike.lv\/ru\/wp-json\/wp\/v2\/product_tag?post=53670"}],"curies":[{"name":"wp","href":"https:\/\/api.w.org\/{rel}","templated":true}]}}