{"id":53668,"date":"2024-05-08T14:48:24","date_gmt":"2024-05-08T11:48:24","guid":{"rendered":"https:\/\/gohike.lv\/produkts\/flextail-sprauslu-komplekts-portativajam-airpump\/"},"modified":"2025-12-30T17:24:41","modified_gmt":"2025-12-30T14:24:41","slug":"flextail-sprauslu-komplekts-portativajam-airpump","status":"publish","type":"product","link":"https:\/\/gohike.lv\/ru\/produkts\/flextail-sprauslu-komplekts-portativajam-airpump\/","title":{"rendered":"FLEXTAIL &#8212; Sprauslu komplekts portat\u012bvajam pumpim"},"content":{"rendered":"<p>\u0160aj\u0101 komplekt\u0101 ir da\u017e\u0101das sprauslas un adapteri, kas \u013cauj izmantot gaisa s\u016bkni da\u017e\u0101diem m\u0113r\u0137iem.<br \/>\nIzgatavotas no iztur\u012bgiem, augstas kvalit\u0101tes materi\u0101liem, sprauslas nodro\u0161ina, ka \u00a0p\u0101rn\u0113s\u0101jamais s\u016bknis ir herm\u0113tisks un darbojas optim\u0101li.<br \/>\nKompakt\u0101s un viegli lietojam\u0101s sprauslas \u0101tri un dro\u0161i savienojas ar FLEXTAIL portat\u012bvo s\u016bkni.<\/p>\n","protected":false},"excerpt":{"rendered":"<div><\/div>\n<div><span style=\"font-family: Poppins, Arial, Helvetica, sans-serif; font-size: 14px;\">FLEXTAIL p\u0101rn\u0113s\u0101jam\u0101 gaisa s\u016bk\u0146a sprauslu komplekts.<\/span><\/div>\n","protected":false},"featured_media":9056,"template":"","meta":[],"product_brand":[1653],"product_cat":[1510],"product_tag":[],"class_list":{"0":"post-53668","1":"product","2":"type-product","3":"status-publish","4":"has-post-thumbnail","6":"product_brand-flextail-lv","7":"product_cat-paklajini-un-spilveni","8":"pa_produkta-tips-elektriskie-pumpi","10":"first","11":"instock","12":"taxable","13":"shipping-taxable","14":"purchasable","15":"product-type-simple"},"raw_content":{"name":"FLEXTAIL - Sprauslu komplekts portat\u012bvajam pumpim","description":"\u0160aj\u0101 komplekt\u0101 ir da\u017e\u0101das sprauslas un adapteri, kas \u013cauj izmantot gaisa s\u016bkni da\u017e\u0101diem m\u0113r\u0137iem.\nIzgatavotas no iztur\u012bgiem, augstas kvalit\u0101tes materi\u0101liem, sprauslas nodro\u0161ina, ka \u00a0p\u0101rn\u0113s\u0101jamais s\u016bknis ir herm\u0113tisks un darbojas optim\u0101li.\nKompakt\u0101s un viegli lietojam\u0101s sprauslas \u0101tri un dro\u0161i savienojas ar FLEXTAIL portat\u012bvo s\u016bkni.","short_description":"<div><\/div>\r\n<div><span style=\"font-family: Poppins, Arial, Helvetica, sans-serif; font-size: 14px;\">FLEXTAIL p\u0101rn\u0113s\u0101jam\u0101 gaisa s\u016bk\u0146a sprauslu komplekts.<\/span><\/div>","status":"publish","sku":"FLEXTAIL_14","original":53668},"wpml":{"translation_type":1,"has_translations":true,"original":53668,"duplicates":[],"translations":{"lv":53668,"en":67796,"ru":null}},"supplier_id":null,"supplier_sku":"","barcode":null,"atum_controlled":true,"out_stock_date":null,"out_stock_threshold":null,"inheritable":false,"inbound_stock":null,"stock_on_hold":0,"sold_today":0,"sales_last_days":0,"reserved_stock":null,"customer_returns":null,"warehouse_damage":null,"lost_in_post":null,"other_logs":null,"out_stock_days":0,"lost_sales":0,"has_location":null,"update_date":"2025-12-30T14:30:37","atum_locations":[],"atum_stock_status":"instock","restock_status":false,"low_stock_amount":"","sales_update_date":"2025-11-13T14:08:58","calc_backorders":null,"yoast_head":"<!-- This site is optimized with the Yoast SEO plugin v27.3 - https:\/\/yoast.com\/product\/yoast-seo-wordpress\/ -->\n<title>FLEXTAIL - Sprauslu komplekts portat\u012bvajam pumpim<\/title>\n<meta name=\"description\" content=\"FLEXTAIL p\u0101rn\u0113s\u0101jam\u0101 gaisa s\u016bk\u0146a sprauslu komplekts.\" \/>\n<meta name=\"robots\" content=\"index, follow, max-snippet:-1, max-image-preview:large, max-video-preview:-1\" \/>\n<link rel=\"canonical\" href=\"https:\/\/gohike.lv\/ru\/produkts\/flextail-sprauslu-komplekts-portativajam-airpump\/\" \/>\n<meta property=\"og:locale\" content=\"ru_RU\" \/>\n<meta property=\"og:type\" content=\"article\" \/>\n<meta property=\"og:title\" content=\"Elektrisk\u0101 s\u016bk\u0146a sprauslu komplekts - Sprauslu komplekts portat\u012bvajam AirPump\" \/>\n<meta property=\"og:description\" content=\"FLEXTAIL p\u0101rn\u0113s\u0101jam\u0101 gaisa s\u016bk\u0146a sprauslu komplekts.\" \/>\n<meta property=\"og:url\" content=\"https:\/\/gohike.lv\/ru\/produkts\/flextail-sprauslu-komplekts-portativajam-airpump\/\" \/>\n<meta property=\"og:site_name\" content=\"GoHike\" \/>\n<meta property=\"article:publisher\" content=\"https:\/\/www.facebook.com\/gohike.shop\/\" \/>\n<meta property=\"article:modified_time\" content=\"2025-12-30T14:24:41+00:00\" \/>\n<meta property=\"og:image\" content=\"https:\/\/gohike.lv\/wp-content\/uploads\/2023\/11\/Nozzle_set.webp\" \/>\n\t<meta property=\"og:image:width\" content=\"600\" \/>\n\t<meta property=\"og:image:height\" content=\"600\" \/>\n\t<meta property=\"og:image:type\" content=\"image\/webp\" \/>\n<meta name=\"twitter:card\" content=\"summary_large_image\" \/>\n<meta name=\"twitter:title\" content=\"Elektrisk\u0101 s\u016bk\u0146a sprauslu komplekts - Sprauslu komplekts portat\u012bvajam AirPump\" \/>\n<meta name=\"twitter:label1\" content=\"\u041f\u0440\u0438\u043c\u0435\u0440\u043d\u043e\u0435 \u0432\u0440\u0435\u043c\u044f \u0434\u043b\u044f \u0447\u0442\u0435\u043d\u0438\u044f\" \/>\n\t<meta name=\"twitter:data1\" content=\"1 \u043c\u0438\u043d\u0443\u0442\u0430\" \/>\n<script type=\"application\/ld+json\" class=\"yoast-schema-graph\">{\"@context\":\"https:\\\/\\\/schema.org\",\"@graph\":[{\"@type\":[\"WebPage\",\"ItemPage\"],\"@id\":\"https:\\\/\\\/gohike.lv\\\/ru\\\/produkts\\\/flextail-sprauslu-komplekts-portativajam-airpump\\\/\",\"url\":\"https:\\\/\\\/gohike.lv\\\/ru\\\/produkts\\\/flextail-sprauslu-komplekts-portativajam-airpump\\\/\",\"name\":\"FLEXTAIL - Sprauslu komplekts portat\u012bvajam pumpim\",\"isPartOf\":{\"@id\":\"https:\\\/\\\/gohike.lv\\\/ru\\\/#website\"},\"primaryImageOfPage\":{\"@id\":\"https:\\\/\\\/gohike.lv\\\/ru\\\/produkts\\\/flextail-sprauslu-komplekts-portativajam-airpump\\\/#primaryimage\"},\"image\":{\"@id\":\"https:\\\/\\\/gohike.lv\\\/ru\\\/produkts\\\/flextail-sprauslu-komplekts-portativajam-airpump\\\/#primaryimage\"},\"thumbnailUrl\":\"https:\\\/\\\/gohike.lv\\\/wp-content\\\/uploads\\\/2023\\\/11\\\/Nozzle_set.webp\",\"datePublished\":\"2024-05-08T11:48:24+00:00\",\"dateModified\":\"2025-12-30T14:24:41+00:00\",\"description\":\"FLEXTAIL p\u0101rn\u0113s\u0101jam\u0101 gaisa s\u016bk\u0146a sprauslu komplekts.\",\"breadcrumb\":{\"@id\":\"https:\\\/\\\/gohike.lv\\\/ru\\\/produkts\\\/flextail-sprauslu-komplekts-portativajam-airpump\\\/#breadcrumb\"},\"inLanguage\":\"ru-RU\",\"potentialAction\":[{\"@type\":\"ReadAction\",\"target\":[\"https:\\\/\\\/gohike.lv\\\/ru\\\/produkts\\\/flextail-sprauslu-komplekts-portativajam-airpump\\\/\"]}]},{\"@type\":\"ImageObject\",\"inLanguage\":\"ru-RU\",\"@id\":\"https:\\\/\\\/gohike.lv\\\/ru\\\/produkts\\\/flextail-sprauslu-komplekts-portativajam-airpump\\\/#primaryimage\",\"url\":\"https:\\\/\\\/gohike.lv\\\/wp-content\\\/uploads\\\/2023\\\/11\\\/Nozzle_set.webp\",\"contentUrl\":\"https:\\\/\\\/gohike.lv\\\/wp-content\\\/uploads\\\/2023\\\/11\\\/Nozzle_set.webp\",\"width\":600,\"height\":600},{\"@type\":\"BreadcrumbList\",\"@id\":\"https:\\\/\\\/gohike.lv\\\/ru\\\/produkts\\\/flextail-sprauslu-komplekts-portativajam-airpump\\\/#breadcrumb\",\"itemListElement\":[{\"@type\":\"ListItem\",\"position\":1,\"name\":\"\u0413\u043b\u0430\u0432\u043d\u0430\u044f\",\"item\":\"https:\\\/\\\/gohike.lv\\\/ru\\\/\"},{\"@type\":\"ListItem\",\"position\":2,\"name\":\"\u041a\u0430\u0442\u0435\u0433\u043e\u0440\u0438\u0438 \u0442\u043e\u0432\u0430\u0440\u043e\u0432\",\"item\":\"https:\\\/\\\/gohike.lv\\\/%d0%ba%d0%b0%d1%82%d0%b5%d0%b3%d0%be%d1%80%d0%b8%d0%b8-%d1%82%d0%be%d0%b2%d0%b0%d1%80%d0%be%d0%b2\\\/\"},{\"@type\":\"ListItem\",\"position\":3,\"name\":\"FLEXTAIL &#8211; Sprauslu komplekts portat\u012bvajam pumpim\"}]},{\"@type\":\"WebSite\",\"@id\":\"https:\\\/\\\/gohike.lv\\\/ru\\\/#website\",\"url\":\"https:\\\/\\\/gohike.lv\\\/ru\\\/\",\"name\":\"GoHike\",\"description\":\"\",\"publisher\":{\"@id\":\"https:\\\/\\\/gohike.lv\\\/ru\\\/#organization\"},\"potentialAction\":[{\"@type\":\"SearchAction\",\"target\":{\"@type\":\"EntryPoint\",\"urlTemplate\":\"https:\\\/\\\/gohike.lv\\\/ru\\\/?s={search_term_string}\"},\"query-input\":{\"@type\":\"PropertyValueSpecification\",\"valueRequired\":true,\"valueName\":\"search_term_string\"}}],\"inLanguage\":\"ru-RU\"},{\"@type\":\"Organization\",\"@id\":\"https:\\\/\\\/gohike.lv\\\/ru\\\/#organization\",\"name\":\"GoHike\",\"url\":\"https:\\\/\\\/gohike.lv\\\/ru\\\/\",\"logo\":{\"@type\":\"ImageObject\",\"inLanguage\":\"ru-RU\",\"@id\":\"https:\\\/\\\/gohike.lv\\\/ru\\\/#\\\/schema\\\/logo\\\/image\\\/\",\"url\":\"https:\\\/\\\/gohike.lv\\\/wp-content\\\/uploads\\\/2023\\\/08\\\/Logo_GoHike.webp\",\"contentUrl\":\"https:\\\/\\\/gohike.lv\\\/wp-content\\\/uploads\\\/2023\\\/08\\\/Logo_GoHike.webp\",\"width\":512,\"height\":512,\"caption\":\"GoHike\"},\"image\":{\"@id\":\"https:\\\/\\\/gohike.lv\\\/ru\\\/#\\\/schema\\\/logo\\\/image\\\/\"},\"sameAs\":[\"https:\\\/\\\/www.facebook.com\\\/gohike.shop\\\/\",\"https:\\\/\\\/www.instagram.com\\\/gohike.shop\\\/\"]}]}<\/script>\n<!-- \/ Yoast SEO plugin. -->","yoast_head_json":{"title":"FLEXTAIL - Sprauslu komplekts portat\u012bvajam pumpim","description":"FLEXTAIL p\u0101rn\u0113s\u0101jam\u0101 gaisa s\u016bk\u0146a sprauslu komplekts.","robots":{"index":"index","follow":"follow","max-snippet":"max-snippet:-1","max-image-preview":"max-image-preview:large","max-video-preview":"max-video-preview:-1"},"canonical":"https:\/\/gohike.lv\/ru\/produkts\/flextail-sprauslu-komplekts-portativajam-airpump\/","og_locale":"ru_RU","og_type":"article","og_title":"Elektrisk\u0101 s\u016bk\u0146a sprauslu komplekts - Sprauslu komplekts portat\u012bvajam AirPump","og_description":"FLEXTAIL p\u0101rn\u0113s\u0101jam\u0101 gaisa s\u016bk\u0146a sprauslu komplekts.","og_url":"https:\/\/gohike.lv\/ru\/produkts\/flextail-sprauslu-komplekts-portativajam-airpump\/","og_site_name":"GoHike","article_publisher":"https:\/\/www.facebook.com\/gohike.shop\/","article_modified_time":"2025-12-30T14:24:41+00:00","og_image":[{"width":600,"height":600,"url":"https:\/\/gohike.lv\/wp-content\/uploads\/2023\/11\/Nozzle_set.webp","type":"image\/webp"}],"twitter_card":"summary_large_image","twitter_title":"Elektrisk\u0101 s\u016bk\u0146a sprauslu komplekts - Sprauslu komplekts portat\u012bvajam AirPump","twitter_misc":{"\u041f\u0440\u0438\u043c\u0435\u0440\u043d\u043e\u0435 \u0432\u0440\u0435\u043c\u044f \u0434\u043b\u044f \u0447\u0442\u0435\u043d\u0438\u044f":"1 \u043c\u0438\u043d\u0443\u0442\u0430"},"schema":{"@context":"https:\/\/schema.org","@graph":[{"@type":["WebPage","ItemPage"],"@id":"https:\/\/gohike.lv\/ru\/produkts\/flextail-sprauslu-komplekts-portativajam-airpump\/","url":"https:\/\/gohike.lv\/ru\/produkts\/flextail-sprauslu-komplekts-portativajam-airpump\/","name":"FLEXTAIL - Sprauslu komplekts portat\u012bvajam pumpim","isPartOf":{"@id":"https:\/\/gohike.lv\/ru\/#website"},"primaryImageOfPage":{"@id":"https:\/\/gohike.lv\/ru\/produkts\/flextail-sprauslu-komplekts-portativajam-airpump\/#primaryimage"},"image":{"@id":"https:\/\/gohike.lv\/ru\/produkts\/flextail-sprauslu-komplekts-portativajam-airpump\/#primaryimage"},"thumbnailUrl":"https:\/\/gohike.lv\/wp-content\/uploads\/2023\/11\/Nozzle_set.webp","datePublished":"2024-05-08T11:48:24+00:00","dateModified":"2025-12-30T14:24:41+00:00","description":"FLEXTAIL p\u0101rn\u0113s\u0101jam\u0101 gaisa s\u016bk\u0146a sprauslu komplekts.","breadcrumb":{"@id":"https:\/\/gohike.lv\/ru\/produkts\/flextail-sprauslu-komplekts-portativajam-airpump\/#breadcrumb"},"inLanguage":"ru-RU","potentialAction":[{"@type":"ReadAction","target":["https:\/\/gohike.lv\/ru\/produkts\/flextail-sprauslu-komplekts-portativajam-airpump\/"]}]},{"@type":"ImageObject","inLanguage":"ru-RU","@id":"https:\/\/gohike.lv\/ru\/produkts\/flextail-sprauslu-komplekts-portativajam-airpump\/#primaryimage","url":"https:\/\/gohike.lv\/wp-content\/uploads\/2023\/11\/Nozzle_set.webp","contentUrl":"https:\/\/gohike.lv\/wp-content\/uploads\/2023\/11\/Nozzle_set.webp","width":600,"height":600},{"@type":"BreadcrumbList","@id":"https:\/\/gohike.lv\/ru\/produkts\/flextail-sprauslu-komplekts-portativajam-airpump\/#breadcrumb","itemListElement":[{"@type":"ListItem","position":1,"name":"\u0413\u043b\u0430\u0432\u043d\u0430\u044f","item":"https:\/\/gohike.lv\/ru\/"},{"@type":"ListItem","position":2,"name":"\u041a\u0430\u0442\u0435\u0433\u043e\u0440\u0438\u0438 \u0442\u043e\u0432\u0430\u0440\u043e\u0432","item":"https:\/\/gohike.lv\/%d0%ba%d0%b0%d1%82%d0%b5%d0%b3%d0%be%d1%80%d0%b8%d0%b8-%d1%82%d0%be%d0%b2%d0%b0%d1%80%d0%be%d0%b2\/"},{"@type":"ListItem","position":3,"name":"FLEXTAIL &#8211; Sprauslu komplekts portat\u012bvajam pumpim"}]},{"@type":"WebSite","@id":"https:\/\/gohike.lv\/ru\/#website","url":"https:\/\/gohike.lv\/ru\/","name":"GoHike","description":"","publisher":{"@id":"https:\/\/gohike.lv\/ru\/#organization"},"potentialAction":[{"@type":"SearchAction","target":{"@type":"EntryPoint","urlTemplate":"https:\/\/gohike.lv\/ru\/?s={search_term_string}"},"query-input":{"@type":"PropertyValueSpecification","valueRequired":true,"valueName":"search_term_string"}}],"inLanguage":"ru-RU"},{"@type":"Organization","@id":"https:\/\/gohike.lv\/ru\/#organization","name":"GoHike","url":"https:\/\/gohike.lv\/ru\/","logo":{"@type":"ImageObject","inLanguage":"ru-RU","@id":"https:\/\/gohike.lv\/ru\/#\/schema\/logo\/image\/","url":"https:\/\/gohike.lv\/wp-content\/uploads\/2023\/08\/Logo_GoHike.webp","contentUrl":"https:\/\/gohike.lv\/wp-content\/uploads\/2023\/08\/Logo_GoHike.webp","width":512,"height":512,"caption":"GoHike"},"image":{"@id":"https:\/\/gohike.lv\/ru\/#\/schema\/logo\/image\/"},"sameAs":["https:\/\/www.facebook.com\/gohike.shop\/","https:\/\/www.instagram.com\/gohike.shop\/"]}]}},"jetpack_sharing_enabled":true,"_links":{"self":[{"href":"https:\/\/gohike.lv\/ru\/wp-json\/wp\/v2\/product\/53668","targetHints":{"allow":["GET"]}}],"collection":[{"href":"https:\/\/gohike.lv\/ru\/wp-json\/wp\/v2\/product"}],"about":[{"href":"https:\/\/gohike.lv\/ru\/wp-json\/wp\/v2\/types\/product"}],"version-history":[{"count":1,"href":"https:\/\/gohike.lv\/ru\/wp-json\/wp\/v2\/product\/53668\/revisions"}],"predecessor-version":[{"id":118988,"href":"https:\/\/gohike.lv\/ru\/wp-json\/wp\/v2\/product\/53668\/revisions\/118988"}],"wp:featuredmedia":[{"embeddable":true,"href":"https:\/\/gohike.lv\/ru\/wp-json\/wp\/v2\/media\/9056"}],"wp:attachment":[{"href":"https:\/\/gohike.lv\/ru\/wp-json\/wp\/v2\/media?parent=53668"}],"wp:term":[{"taxonomy":"product_brand","embeddable":true,"href":"https:\/\/gohike.lv\/ru\/wp-json\/wp\/v2\/product_brand?post=53668"},{"taxonomy":"product_cat","embeddable":true,"href":"https:\/\/gohike.lv\/ru\/wp-json\/wp\/v2\/product_cat?post=53668"},{"taxonomy":"product_tag","embeddable":true,"href":"https:\/\/gohike.lv\/ru\/wp-json\/wp\/v2\/product_tag?post=53668"}],"curies":[{"name":"wp","href":"https:\/\/api.w.org\/{rel}","templated":true}]}}