{"id":53660,"date":"2024-05-08T14:47:43","date_gmt":"2024-05-08T11:47:43","guid":{"rendered":"https:\/\/gohike.lv\/produkts\/flextail-abazurs-prieks-tiny-pump-liesmas-2x\/"},"modified":"2025-12-30T17:10:01","modified_gmt":"2025-12-30T14:10:01","slug":"flextail-abazurs-prieks-tiny-pump-liesmas-2x","status":"publish","type":"product","link":"https:\/\/gohike.lv\/ru\/produkts\/flextail-abazurs-prieks-tiny-pump-liesmas-2x\/","title":{"rendered":"FLEXTAIL &#8212; Aba\u017e\u016brs priek\u0161 TINY PUMP 2X pumpim &#8212; Liesmas"},"content":{"rendered":"<p>\u0160is unik\u0101lais aba\u017e\u016brs ir viegli piestiprin\u0101ms pie TINY PUMP 2X, sniedzot jums daudzpus\u012bgu un stil\u012bgu risin\u0101jumu telpu apgaismo\u0161anai.<br \/>\nNeatkar\u012bgi no t\u0101, vai to izmantojat kempingam, piknikam vai int\u012bmas atmosf\u0113ras rad\u012b\u0161anai sav\u0101s m\u0101j\u0101s, liesmas vai s\u0113\u0146u aba\u017e\u016brs papildina lielisks dekorat\u012bvs elements.<br \/>\nKad tas ir iedegts, gaisma, kas izpl\u016bst no aba\u017e\u016bra, lieliski atdarina sveces izskatu, radot siltu un relaks\u0113jo\u0161u atmosf\u0113ru.<br \/>\nAr \u0161o piederumu J\u016bs varat izveidot romantisku st\u016br\u012bti, lai kur j\u016bs atrastos.<br \/>\nAtkl\u0101jiet liesmas vai s\u0113\u0146u formas aba\u017e\u016bra daudzpus\u012bbu un skaistumu un izbaudiet spilgtu un unik\u0101lu pieredzi ar TINY PUMP 2X.<br \/>\nhttps:\/\/youtu.be\/ILgEeIIyxyk&#187;<\/p>\n","protected":false},"excerpt":{"rendered":"<p><span style=\"font-family: Poppins, Arial, Helvetica, sans-serif; font-size: 14px;\">Lampas abra\u017e\u016brs liesmas form\u0101.\u00a0<\/span><\/p>\n","protected":false},"featured_media":55211,"template":"","meta":[],"product_brand":[1653],"product_cat":[1643],"product_tag":[],"class_list":{"0":"post-53660","1":"product","2":"type-product","3":"status-publish","4":"has-post-thumbnail","6":"product_brand-flextail-lv","7":"product_cat-elektronika","8":"pa_produkta-tips-elektriskie-pumpi","10":"first","11":"instock","12":"taxable","13":"shipping-taxable","14":"purchasable","15":"product-type-simple"},"raw_content":{"name":"FLEXTAIL - Aba\u017e\u016brs priek\u0161 TINY PUMP 2X pumpim - Liesmas","description":"\u0160is unik\u0101lais aba\u017e\u016brs ir viegli piestiprin\u0101ms pie TINY PUMP 2X, sniedzot jums daudzpus\u012bgu un stil\u012bgu risin\u0101jumu telpu apgaismo\u0161anai.\nNeatkar\u012bgi no t\u0101, vai to izmantojat kempingam, piknikam vai int\u012bmas atmosf\u0113ras rad\u012b\u0161anai sav\u0101s m\u0101j\u0101s, liesmas vai s\u0113\u0146u aba\u017e\u016brs papildina lielisks dekorat\u012bvs elements.\nKad tas ir iedegts, gaisma, kas izpl\u016bst no aba\u017e\u016bra, lieliski atdarina sveces izskatu, radot siltu un relaks\u0113jo\u0161u atmosf\u0113ru.\nAr \u0161o piederumu J\u016bs varat izveidot romantisku st\u016br\u012bti, lai kur j\u016bs atrastos.\nAtkl\u0101jiet liesmas vai s\u0113\u0146u formas aba\u017e\u016bra daudzpus\u012bbu un skaistumu un izbaudiet spilgtu un unik\u0101lu pieredzi ar TINY PUMP 2X.\nhttps:\/\/youtu.be\/ILgEeIIyxyk\"","short_description":"<span style=\"font-family: Poppins, Arial, Helvetica, sans-serif; font-size: 14px;\">Lampas abra\u017e\u016brs liesmas form\u0101.\u00a0<\/span>","status":"publish","sku":"FLEXTAIL_10","original":53660},"wpml":{"translation_type":1,"has_translations":true,"original":53660,"duplicates":[],"translations":{"lv":53660,"en":67775,"ru":null}},"supplier_id":null,"supplier_sku":"","barcode":null,"atum_controlled":true,"out_stock_date":null,"out_stock_threshold":null,"inheritable":false,"inbound_stock":null,"stock_on_hold":0,"sold_today":0,"sales_last_days":0,"reserved_stock":null,"customer_returns":null,"warehouse_damage":null,"lost_in_post":null,"other_logs":null,"out_stock_days":0,"lost_sales":0,"has_location":null,"update_date":"2025-12-30T14:13:28","atum_locations":[],"atum_stock_status":"instock","restock_status":false,"low_stock_amount":"","sales_update_date":"2025-11-13T14:07:38","calc_backorders":null,"yoast_head":"<!-- This site is optimized with the Yoast SEO plugin v27.3 - https:\/\/yoast.com\/product\/yoast-seo-wordpress\/ -->\n<title>FLEXTAIL - Aba\u017e\u016brs priek\u0161 TINY PUMP 2X pumpim - Liesmas<\/title>\n<meta name=\"description\" content=\"Lampas abra\u017e\u016brs liesmas form\u0101.\u00a0\" \/>\n<meta name=\"robots\" content=\"index, follow, max-snippet:-1, max-image-preview:large, max-video-preview:-1\" \/>\n<link rel=\"canonical\" href=\"https:\/\/gohike.lv\/ru\/produkts\/flextail-abazurs-prieks-tiny-pump-liesmas-2x\/\" \/>\n<meta property=\"og:locale\" content=\"ru_RU\" \/>\n<meta property=\"og:type\" content=\"article\" \/>\n<meta property=\"og:title\" content=\"Elektriskais s\u016bknis Liesmas aba\u017e\u016brs - Liesmas aba\u017e\u016brs priek\u0161 TINY PUMP 2X\" \/>\n<meta property=\"og:description\" content=\"Lampas abra\u017e\u016brs liesmas form\u0101.\u00a0\" \/>\n<meta property=\"og:url\" content=\"https:\/\/gohike.lv\/ru\/produkts\/flextail-abazurs-prieks-tiny-pump-liesmas-2x\/\" \/>\n<meta property=\"og:site_name\" content=\"GoHike\" \/>\n<meta property=\"article:publisher\" content=\"https:\/\/www.facebook.com\/gohike.shop\/\" \/>\n<meta property=\"article:modified_time\" content=\"2025-12-30T14:10:01+00:00\" \/>\n<meta property=\"og:image\" content=\"https:\/\/gohike.lv\/wp-content\/uploads\/2024\/05\/4xnee0ujfnzqhsddvi3ptqt3mvuvgo2f-1.jpg\" \/>\n\t<meta property=\"og:image:width\" content=\"800\" \/>\n\t<meta property=\"og:image:height\" content=\"800\" \/>\n\t<meta property=\"og:image:type\" content=\"image\/jpeg\" \/>\n<meta name=\"twitter:card\" content=\"summary_large_image\" \/>\n<meta name=\"twitter:title\" content=\"Elektriskais s\u016bknis Liesmas aba\u017e\u016brs - Liesmas aba\u017e\u016brs priek\u0161 TINY PUMP 2X\" \/>\n<meta name=\"twitter:label1\" content=\"\u041f\u0440\u0438\u043c\u0435\u0440\u043d\u043e\u0435 \u0432\u0440\u0435\u043c\u044f \u0434\u043b\u044f \u0447\u0442\u0435\u043d\u0438\u044f\" \/>\n\t<meta name=\"twitter:data1\" content=\"1 \u043c\u0438\u043d\u0443\u0442\u0430\" \/>\n<script type=\"application\/ld+json\" class=\"yoast-schema-graph\">{\"@context\":\"https:\\\/\\\/schema.org\",\"@graph\":[{\"@type\":[\"WebPage\",\"ItemPage\"],\"@id\":\"https:\\\/\\\/gohike.lv\\\/ru\\\/produkts\\\/flextail-abazurs-prieks-tiny-pump-liesmas-2x\\\/\",\"url\":\"https:\\\/\\\/gohike.lv\\\/ru\\\/produkts\\\/flextail-abazurs-prieks-tiny-pump-liesmas-2x\\\/\",\"name\":\"FLEXTAIL - Aba\u017e\u016brs priek\u0161 TINY PUMP 2X pumpim - Liesmas\",\"isPartOf\":{\"@id\":\"https:\\\/\\\/gohike.lv\\\/ru\\\/#website\"},\"primaryImageOfPage\":{\"@id\":\"https:\\\/\\\/gohike.lv\\\/ru\\\/produkts\\\/flextail-abazurs-prieks-tiny-pump-liesmas-2x\\\/#primaryimage\"},\"image\":{\"@id\":\"https:\\\/\\\/gohike.lv\\\/ru\\\/produkts\\\/flextail-abazurs-prieks-tiny-pump-liesmas-2x\\\/#primaryimage\"},\"thumbnailUrl\":\"https:\\\/\\\/gohike.lv\\\/wp-content\\\/uploads\\\/2024\\\/05\\\/4xnee0ujfnzqhsddvi3ptqt3mvuvgo2f-1.jpg\",\"datePublished\":\"2024-05-08T11:47:43+00:00\",\"dateModified\":\"2025-12-30T14:10:01+00:00\",\"description\":\"Lampas abra\u017e\u016brs liesmas form\u0101.\u00a0\",\"breadcrumb\":{\"@id\":\"https:\\\/\\\/gohike.lv\\\/ru\\\/produkts\\\/flextail-abazurs-prieks-tiny-pump-liesmas-2x\\\/#breadcrumb\"},\"inLanguage\":\"ru-RU\",\"potentialAction\":[{\"@type\":\"ReadAction\",\"target\":[\"https:\\\/\\\/gohike.lv\\\/ru\\\/produkts\\\/flextail-abazurs-prieks-tiny-pump-liesmas-2x\\\/\"]}]},{\"@type\":\"ImageObject\",\"inLanguage\":\"ru-RU\",\"@id\":\"https:\\\/\\\/gohike.lv\\\/ru\\\/produkts\\\/flextail-abazurs-prieks-tiny-pump-liesmas-2x\\\/#primaryimage\",\"url\":\"https:\\\/\\\/gohike.lv\\\/wp-content\\\/uploads\\\/2024\\\/05\\\/4xnee0ujfnzqhsddvi3ptqt3mvuvgo2f-1.jpg\",\"contentUrl\":\"https:\\\/\\\/gohike.lv\\\/wp-content\\\/uploads\\\/2024\\\/05\\\/4xnee0ujfnzqhsddvi3ptqt3mvuvgo2f-1.jpg\",\"width\":800,\"height\":800},{\"@type\":\"BreadcrumbList\",\"@id\":\"https:\\\/\\\/gohike.lv\\\/ru\\\/produkts\\\/flextail-abazurs-prieks-tiny-pump-liesmas-2x\\\/#breadcrumb\",\"itemListElement\":[{\"@type\":\"ListItem\",\"position\":1,\"name\":\"\u0413\u043b\u0430\u0432\u043d\u0430\u044f\",\"item\":\"https:\\\/\\\/gohike.lv\\\/ru\\\/\"},{\"@type\":\"ListItem\",\"position\":2,\"name\":\"\u041a\u0430\u0442\u0435\u0433\u043e\u0440\u0438\u0438 \u0442\u043e\u0432\u0430\u0440\u043e\u0432\",\"item\":\"https:\\\/\\\/gohike.lv\\\/%d0%ba%d0%b0%d1%82%d0%b5%d0%b3%d0%be%d1%80%d0%b8%d0%b8-%d1%82%d0%be%d0%b2%d0%b0%d1%80%d0%be%d0%b2\\\/\"},{\"@type\":\"ListItem\",\"position\":3,\"name\":\"FLEXTAIL &#8211; Aba\u017e\u016brs priek\u0161 TINY PUMP 2X pumpim &#8211; Liesmas\"}]},{\"@type\":\"WebSite\",\"@id\":\"https:\\\/\\\/gohike.lv\\\/ru\\\/#website\",\"url\":\"https:\\\/\\\/gohike.lv\\\/ru\\\/\",\"name\":\"GoHike\",\"description\":\"\",\"publisher\":{\"@id\":\"https:\\\/\\\/gohike.lv\\\/ru\\\/#organization\"},\"potentialAction\":[{\"@type\":\"SearchAction\",\"target\":{\"@type\":\"EntryPoint\",\"urlTemplate\":\"https:\\\/\\\/gohike.lv\\\/ru\\\/?s={search_term_string}\"},\"query-input\":{\"@type\":\"PropertyValueSpecification\",\"valueRequired\":true,\"valueName\":\"search_term_string\"}}],\"inLanguage\":\"ru-RU\"},{\"@type\":\"Organization\",\"@id\":\"https:\\\/\\\/gohike.lv\\\/ru\\\/#organization\",\"name\":\"GoHike\",\"url\":\"https:\\\/\\\/gohike.lv\\\/ru\\\/\",\"logo\":{\"@type\":\"ImageObject\",\"inLanguage\":\"ru-RU\",\"@id\":\"https:\\\/\\\/gohike.lv\\\/ru\\\/#\\\/schema\\\/logo\\\/image\\\/\",\"url\":\"https:\\\/\\\/gohike.lv\\\/wp-content\\\/uploads\\\/2023\\\/08\\\/Logo_GoHike.webp\",\"contentUrl\":\"https:\\\/\\\/gohike.lv\\\/wp-content\\\/uploads\\\/2023\\\/08\\\/Logo_GoHike.webp\",\"width\":512,\"height\":512,\"caption\":\"GoHike\"},\"image\":{\"@id\":\"https:\\\/\\\/gohike.lv\\\/ru\\\/#\\\/schema\\\/logo\\\/image\\\/\"},\"sameAs\":[\"https:\\\/\\\/www.facebook.com\\\/gohike.shop\\\/\",\"https:\\\/\\\/www.instagram.com\\\/gohike.shop\\\/\"]}]}<\/script>\n<!-- \/ Yoast SEO plugin. -->","yoast_head_json":{"title":"FLEXTAIL - Aba\u017e\u016brs priek\u0161 TINY PUMP 2X pumpim - Liesmas","description":"Lampas abra\u017e\u016brs liesmas form\u0101.\u00a0","robots":{"index":"index","follow":"follow","max-snippet":"max-snippet:-1","max-image-preview":"max-image-preview:large","max-video-preview":"max-video-preview:-1"},"canonical":"https:\/\/gohike.lv\/ru\/produkts\/flextail-abazurs-prieks-tiny-pump-liesmas-2x\/","og_locale":"ru_RU","og_type":"article","og_title":"Elektriskais s\u016bknis Liesmas aba\u017e\u016brs - Liesmas aba\u017e\u016brs priek\u0161 TINY PUMP 2X","og_description":"Lampas abra\u017e\u016brs liesmas form\u0101.\u00a0","og_url":"https:\/\/gohike.lv\/ru\/produkts\/flextail-abazurs-prieks-tiny-pump-liesmas-2x\/","og_site_name":"GoHike","article_publisher":"https:\/\/www.facebook.com\/gohike.shop\/","article_modified_time":"2025-12-30T14:10:01+00:00","og_image":[{"width":800,"height":800,"url":"https:\/\/gohike.lv\/wp-content\/uploads\/2024\/05\/4xnee0ujfnzqhsddvi3ptqt3mvuvgo2f-1.jpg","type":"image\/jpeg"}],"twitter_card":"summary_large_image","twitter_title":"Elektriskais s\u016bknis Liesmas aba\u017e\u016brs - Liesmas aba\u017e\u016brs priek\u0161 TINY PUMP 2X","twitter_misc":{"\u041f\u0440\u0438\u043c\u0435\u0440\u043d\u043e\u0435 \u0432\u0440\u0435\u043c\u044f \u0434\u043b\u044f \u0447\u0442\u0435\u043d\u0438\u044f":"1 \u043c\u0438\u043d\u0443\u0442\u0430"},"schema":{"@context":"https:\/\/schema.org","@graph":[{"@type":["WebPage","ItemPage"],"@id":"https:\/\/gohike.lv\/ru\/produkts\/flextail-abazurs-prieks-tiny-pump-liesmas-2x\/","url":"https:\/\/gohike.lv\/ru\/produkts\/flextail-abazurs-prieks-tiny-pump-liesmas-2x\/","name":"FLEXTAIL - Aba\u017e\u016brs priek\u0161 TINY PUMP 2X pumpim - Liesmas","isPartOf":{"@id":"https:\/\/gohike.lv\/ru\/#website"},"primaryImageOfPage":{"@id":"https:\/\/gohike.lv\/ru\/produkts\/flextail-abazurs-prieks-tiny-pump-liesmas-2x\/#primaryimage"},"image":{"@id":"https:\/\/gohike.lv\/ru\/produkts\/flextail-abazurs-prieks-tiny-pump-liesmas-2x\/#primaryimage"},"thumbnailUrl":"https:\/\/gohike.lv\/wp-content\/uploads\/2024\/05\/4xnee0ujfnzqhsddvi3ptqt3mvuvgo2f-1.jpg","datePublished":"2024-05-08T11:47:43+00:00","dateModified":"2025-12-30T14:10:01+00:00","description":"Lampas abra\u017e\u016brs liesmas form\u0101.\u00a0","breadcrumb":{"@id":"https:\/\/gohike.lv\/ru\/produkts\/flextail-abazurs-prieks-tiny-pump-liesmas-2x\/#breadcrumb"},"inLanguage":"ru-RU","potentialAction":[{"@type":"ReadAction","target":["https:\/\/gohike.lv\/ru\/produkts\/flextail-abazurs-prieks-tiny-pump-liesmas-2x\/"]}]},{"@type":"ImageObject","inLanguage":"ru-RU","@id":"https:\/\/gohike.lv\/ru\/produkts\/flextail-abazurs-prieks-tiny-pump-liesmas-2x\/#primaryimage","url":"https:\/\/gohike.lv\/wp-content\/uploads\/2024\/05\/4xnee0ujfnzqhsddvi3ptqt3mvuvgo2f-1.jpg","contentUrl":"https:\/\/gohike.lv\/wp-content\/uploads\/2024\/05\/4xnee0ujfnzqhsddvi3ptqt3mvuvgo2f-1.jpg","width":800,"height":800},{"@type":"BreadcrumbList","@id":"https:\/\/gohike.lv\/ru\/produkts\/flextail-abazurs-prieks-tiny-pump-liesmas-2x\/#breadcrumb","itemListElement":[{"@type":"ListItem","position":1,"name":"\u0413\u043b\u0430\u0432\u043d\u0430\u044f","item":"https:\/\/gohike.lv\/ru\/"},{"@type":"ListItem","position":2,"name":"\u041a\u0430\u0442\u0435\u0433\u043e\u0440\u0438\u0438 \u0442\u043e\u0432\u0430\u0440\u043e\u0432","item":"https:\/\/gohike.lv\/%d0%ba%d0%b0%d1%82%d0%b5%d0%b3%d0%be%d1%80%d0%b8%d0%b8-%d1%82%d0%be%d0%b2%d0%b0%d1%80%d0%be%d0%b2\/"},{"@type":"ListItem","position":3,"name":"FLEXTAIL &#8211; Aba\u017e\u016brs priek\u0161 TINY PUMP 2X pumpim &#8211; Liesmas"}]},{"@type":"WebSite","@id":"https:\/\/gohike.lv\/ru\/#website","url":"https:\/\/gohike.lv\/ru\/","name":"GoHike","description":"","publisher":{"@id":"https:\/\/gohike.lv\/ru\/#organization"},"potentialAction":[{"@type":"SearchAction","target":{"@type":"EntryPoint","urlTemplate":"https:\/\/gohike.lv\/ru\/?s={search_term_string}"},"query-input":{"@type":"PropertyValueSpecification","valueRequired":true,"valueName":"search_term_string"}}],"inLanguage":"ru-RU"},{"@type":"Organization","@id":"https:\/\/gohike.lv\/ru\/#organization","name":"GoHike","url":"https:\/\/gohike.lv\/ru\/","logo":{"@type":"ImageObject","inLanguage":"ru-RU","@id":"https:\/\/gohike.lv\/ru\/#\/schema\/logo\/image\/","url":"https:\/\/gohike.lv\/wp-content\/uploads\/2023\/08\/Logo_GoHike.webp","contentUrl":"https:\/\/gohike.lv\/wp-content\/uploads\/2023\/08\/Logo_GoHike.webp","width":512,"height":512,"caption":"GoHike"},"image":{"@id":"https:\/\/gohike.lv\/ru\/#\/schema\/logo\/image\/"},"sameAs":["https:\/\/www.facebook.com\/gohike.shop\/","https:\/\/www.instagram.com\/gohike.shop\/"]}]}},"jetpack_sharing_enabled":true,"_links":{"self":[{"href":"https:\/\/gohike.lv\/ru\/wp-json\/wp\/v2\/product\/53660","targetHints":{"allow":["GET"]}}],"collection":[{"href":"https:\/\/gohike.lv\/ru\/wp-json\/wp\/v2\/product"}],"about":[{"href":"https:\/\/gohike.lv\/ru\/wp-json\/wp\/v2\/types\/product"}],"version-history":[{"count":0,"href":"https:\/\/gohike.lv\/ru\/wp-json\/wp\/v2\/product\/53660\/revisions"}],"wp:featuredmedia":[{"embeddable":true,"href":"https:\/\/gohike.lv\/ru\/wp-json\/wp\/v2\/media\/55211"}],"wp:attachment":[{"href":"https:\/\/gohike.lv\/ru\/wp-json\/wp\/v2\/media?parent=53660"}],"wp:term":[{"taxonomy":"product_brand","embeddable":true,"href":"https:\/\/gohike.lv\/ru\/wp-json\/wp\/v2\/product_brand?post=53660"},{"taxonomy":"product_cat","embeddable":true,"href":"https:\/\/gohike.lv\/ru\/wp-json\/wp\/v2\/product_cat?post=53660"},{"taxonomy":"product_tag","embeddable":true,"href":"https:\/\/gohike.lv\/ru\/wp-json\/wp\/v2\/product_tag?post=53660"}],"curies":[{"name":"wp","href":"https:\/\/api.w.org\/{rel}","templated":true}]}}