{"id":53656,"date":"2024-05-08T14:47:43","date_gmt":"2024-05-08T11:47:43","guid":{"rendered":"https:\/\/gohike.lv\/produkts\/flextail-uzglabasanas-kaste-tiny-pump-2x\/"},"modified":"2025-12-30T17:24:42","modified_gmt":"2025-12-30T14:24:42","slug":"flextail-uzglabasanas-kaste-tiny-pump-2x","status":"publish","type":"product","link":"https:\/\/gohike.lv\/ru\/produkts\/flextail-uzglabasanas-kaste-tiny-pump-2x\/","title":{"rendered":"FLEXTAIL &#8212; Uzglab\u0101\u0161anas kaste TINY PUMP 2X pumpim"},"content":{"rendered":"<p>Izgatavots no augstas kvalit\u0101tes EVA \u2013 triecieniztur\u012bga, \u016bdensiztur\u012bga materi\u0101la, aizsarg\u0101 FLEXTAIL gaisa s\u016bkni un piederumus no triecieniem un skr\u0101p\u0113jumiem.<br \/>\nIek\u0161\u0113j\u0101 t\u012bkla kabata, kas piem\u0113rota, lai uzglab\u0101tu uzga\u013cus, uzl\u0101des kabeli un citus piederumus.<br \/>\nKorpusa m\u012bkst\u0101 iek\u0161puse nodro\u0161ina dubultu aizsardz\u012bbu.<br \/>\nKomplekt\u0101 ir rokas siksna.<\/p>\n","protected":false},"excerpt":{"rendered":"<p>\u012apa\u0161i izstr\u0101d\u0101ts, lai uzglab\u0101tu FLEXTAIL Tiny Pump X \/ Tiny Pump 2X \/ Max Pump 2Pro \/ Max Pump 2Plus.<\/p>\n","protected":false},"featured_media":9002,"template":"","meta":[],"product_brand":[1653],"product_cat":[1643,1510],"product_tag":[],"class_list":{"0":"post-53656","1":"product","2":"type-product","3":"status-publish","4":"has-post-thumbnail","6":"product_brand-flextail-lv","7":"product_cat-elektronika","8":"product_cat-paklajini-un-spilveni","9":"pa_materiali-eva","10":"pa_produkta-tips-elektriskie-pumpi","12":"first","13":"instock","14":"taxable","15":"shipping-taxable","16":"purchasable","17":"product-type-simple"},"raw_content":{"name":"FLEXTAIL - Uzglab\u0101\u0161anas kaste TINY PUMP 2X pumpim","description":"Izgatavots no augstas kvalit\u0101tes EVA \u2013 triecieniztur\u012bga, \u016bdensiztur\u012bga materi\u0101la, aizsarg\u0101 FLEXTAIL gaisa s\u016bkni un piederumus no triecieniem un skr\u0101p\u0113jumiem.\nIek\u0161\u0113j\u0101 t\u012bkla kabata, kas piem\u0113rota, lai uzglab\u0101tu uzga\u013cus, uzl\u0101des kabeli un citus piederumus.\nKorpusa m\u012bkst\u0101 iek\u0161puse nodro\u0161ina dubultu aizsardz\u012bbu.\nKomplekt\u0101 ir rokas siksna.","short_description":"\u012apa\u0161i izstr\u0101d\u0101ts, lai uzglab\u0101tu FLEXTAIL Tiny Pump X \/ Tiny Pump 2X \/ Max Pump 2Pro \/ Max Pump 2Plus.","status":"publish","sku":"FLEXTAIL_8","original":53656},"wpml":{"translation_type":1,"has_translations":true,"original":53656,"duplicates":[],"translations":{"lv":53656,"en":67778,"ru":null}},"supplier_id":null,"supplier_sku":"","barcode":null,"atum_controlled":true,"out_stock_date":null,"out_stock_threshold":null,"inheritable":false,"inbound_stock":0,"stock_on_hold":0,"sold_today":0,"sales_last_days":0,"reserved_stock":0,"customer_returns":0,"warehouse_damage":0,"lost_in_post":0,"other_logs":0,"out_stock_days":0,"lost_sales":0,"has_location":false,"update_date":"2025-12-30T14:30:37","atum_locations":[],"atum_stock_status":"instock","restock_status":false,"low_stock_amount":"","sales_update_date":"2025-11-13T14:08:58","calc_backorders":null,"yoast_head":"<!-- This site is optimized with the Yoast SEO plugin v27.3 - https:\/\/yoast.com\/product\/yoast-seo-wordpress\/ -->\n<title>FLEXTAIL - Uzglab\u0101\u0161anas kaste TINY PUMP 2X pumpim<\/title>\n<meta name=\"description\" content=\"\u012apa\u0161i izstr\u0101d\u0101ts, lai uzglab\u0101tu FLEXTAIL Tiny Pump X \/ Tiny Pump 2X \/ Max Pump 2Pro \/ Max Pump 2Plus.\" \/>\n<meta name=\"robots\" content=\"index, follow, max-snippet:-1, max-image-preview:large, max-video-preview:-1\" \/>\n<link rel=\"canonical\" href=\"https:\/\/gohike.lv\/ru\/produkts\/flextail-uzglabasanas-kaste-tiny-pump-2x\/\" \/>\n<meta property=\"og:locale\" content=\"ru_RU\" \/>\n<meta property=\"og:type\" content=\"article\" \/>\n<meta property=\"og:title\" content=\"Elektrisk\u0101 s\u016bk\u0146a uzglab\u0101\u0161anas kaste - Uzglab\u0101\u0161anas kaste TINY PUMP 2X\" \/>\n<meta property=\"og:description\" content=\"\u012apa\u0161i izstr\u0101d\u0101ts, lai uzglab\u0101tu FLEXTAIL Tiny Pump X \/ Tiny Pump 2X \/ Max Pump 2Pro \/ Max Pump 2Plus.\" \/>\n<meta property=\"og:url\" content=\"https:\/\/gohike.lv\/ru\/produkts\/flextail-uzglabasanas-kaste-tiny-pump-2x\/\" \/>\n<meta property=\"og:site_name\" content=\"GoHike\" \/>\n<meta property=\"article:publisher\" content=\"https:\/\/www.facebook.com\/gohike.shop\/\" \/>\n<meta property=\"article:modified_time\" content=\"2025-12-30T14:24:42+00:00\" \/>\n<meta property=\"og:image\" content=\"https:\/\/gohike.lv\/wp-content\/uploads\/2023\/11\/StorageCase2x.webp\" \/>\n\t<meta property=\"og:image:width\" content=\"600\" \/>\n\t<meta property=\"og:image:height\" content=\"600\" \/>\n\t<meta property=\"og:image:type\" content=\"image\/webp\" \/>\n<meta name=\"twitter:card\" content=\"summary_large_image\" \/>\n<meta name=\"twitter:title\" content=\"Elektrisk\u0101 s\u016bk\u0146a uzglab\u0101\u0161anas kaste - Uzglab\u0101\u0161anas kaste TINY PUMP 2X\" \/>\n<meta name=\"twitter:label1\" content=\"\u041f\u0440\u0438\u043c\u0435\u0440\u043d\u043e\u0435 \u0432\u0440\u0435\u043c\u044f \u0434\u043b\u044f \u0447\u0442\u0435\u043d\u0438\u044f\" \/>\n\t<meta name=\"twitter:data1\" content=\"1 \u043c\u0438\u043d\u0443\u0442\u0430\" \/>\n<script type=\"application\/ld+json\" class=\"yoast-schema-graph\">{\"@context\":\"https:\\\/\\\/schema.org\",\"@graph\":[{\"@type\":[\"WebPage\",\"ItemPage\"],\"@id\":\"https:\\\/\\\/gohike.lv\\\/ru\\\/produkts\\\/flextail-uzglabasanas-kaste-tiny-pump-2x\\\/\",\"url\":\"https:\\\/\\\/gohike.lv\\\/ru\\\/produkts\\\/flextail-uzglabasanas-kaste-tiny-pump-2x\\\/\",\"name\":\"FLEXTAIL - Uzglab\u0101\u0161anas kaste TINY PUMP 2X pumpim\",\"isPartOf\":{\"@id\":\"https:\\\/\\\/gohike.lv\\\/ru\\\/#website\"},\"primaryImageOfPage\":{\"@id\":\"https:\\\/\\\/gohike.lv\\\/ru\\\/produkts\\\/flextail-uzglabasanas-kaste-tiny-pump-2x\\\/#primaryimage\"},\"image\":{\"@id\":\"https:\\\/\\\/gohike.lv\\\/ru\\\/produkts\\\/flextail-uzglabasanas-kaste-tiny-pump-2x\\\/#primaryimage\"},\"thumbnailUrl\":\"https:\\\/\\\/gohike.lv\\\/wp-content\\\/uploads\\\/2023\\\/11\\\/StorageCase2x.webp\",\"datePublished\":\"2024-05-08T11:47:43+00:00\",\"dateModified\":\"2025-12-30T14:24:42+00:00\",\"description\":\"\u012apa\u0161i izstr\u0101d\u0101ts, lai uzglab\u0101tu FLEXTAIL Tiny Pump X \\\/ Tiny Pump 2X \\\/ Max Pump 2Pro \\\/ Max Pump 2Plus.\",\"breadcrumb\":{\"@id\":\"https:\\\/\\\/gohike.lv\\\/ru\\\/produkts\\\/flextail-uzglabasanas-kaste-tiny-pump-2x\\\/#breadcrumb\"},\"inLanguage\":\"ru-RU\",\"potentialAction\":[{\"@type\":\"ReadAction\",\"target\":[\"https:\\\/\\\/gohike.lv\\\/ru\\\/produkts\\\/flextail-uzglabasanas-kaste-tiny-pump-2x\\\/\"]}]},{\"@type\":\"ImageObject\",\"inLanguage\":\"ru-RU\",\"@id\":\"https:\\\/\\\/gohike.lv\\\/ru\\\/produkts\\\/flextail-uzglabasanas-kaste-tiny-pump-2x\\\/#primaryimage\",\"url\":\"https:\\\/\\\/gohike.lv\\\/wp-content\\\/uploads\\\/2023\\\/11\\\/StorageCase2x.webp\",\"contentUrl\":\"https:\\\/\\\/gohike.lv\\\/wp-content\\\/uploads\\\/2023\\\/11\\\/StorageCase2x.webp\",\"width\":600,\"height\":600},{\"@type\":\"BreadcrumbList\",\"@id\":\"https:\\\/\\\/gohike.lv\\\/ru\\\/produkts\\\/flextail-uzglabasanas-kaste-tiny-pump-2x\\\/#breadcrumb\",\"itemListElement\":[{\"@type\":\"ListItem\",\"position\":1,\"name\":\"\u0413\u043b\u0430\u0432\u043d\u0430\u044f\",\"item\":\"https:\\\/\\\/gohike.lv\\\/ru\\\/\"},{\"@type\":\"ListItem\",\"position\":2,\"name\":\"\u041a\u0430\u0442\u0435\u0433\u043e\u0440\u0438\u0438 \u0442\u043e\u0432\u0430\u0440\u043e\u0432\",\"item\":\"https:\\\/\\\/gohike.lv\\\/%d0%ba%d0%b0%d1%82%d0%b5%d0%b3%d0%be%d1%80%d0%b8%d0%b8-%d1%82%d0%be%d0%b2%d0%b0%d1%80%d0%be%d0%b2\\\/\"},{\"@type\":\"ListItem\",\"position\":3,\"name\":\"FLEXTAIL &#8211; Uzglab\u0101\u0161anas kaste TINY PUMP 2X pumpim\"}]},{\"@type\":\"WebSite\",\"@id\":\"https:\\\/\\\/gohike.lv\\\/ru\\\/#website\",\"url\":\"https:\\\/\\\/gohike.lv\\\/ru\\\/\",\"name\":\"GoHike\",\"description\":\"\",\"publisher\":{\"@id\":\"https:\\\/\\\/gohike.lv\\\/ru\\\/#organization\"},\"potentialAction\":[{\"@type\":\"SearchAction\",\"target\":{\"@type\":\"EntryPoint\",\"urlTemplate\":\"https:\\\/\\\/gohike.lv\\\/ru\\\/?s={search_term_string}\"},\"query-input\":{\"@type\":\"PropertyValueSpecification\",\"valueRequired\":true,\"valueName\":\"search_term_string\"}}],\"inLanguage\":\"ru-RU\"},{\"@type\":\"Organization\",\"@id\":\"https:\\\/\\\/gohike.lv\\\/ru\\\/#organization\",\"name\":\"GoHike\",\"url\":\"https:\\\/\\\/gohike.lv\\\/ru\\\/\",\"logo\":{\"@type\":\"ImageObject\",\"inLanguage\":\"ru-RU\",\"@id\":\"https:\\\/\\\/gohike.lv\\\/ru\\\/#\\\/schema\\\/logo\\\/image\\\/\",\"url\":\"https:\\\/\\\/gohike.lv\\\/wp-content\\\/uploads\\\/2023\\\/08\\\/Logo_GoHike.webp\",\"contentUrl\":\"https:\\\/\\\/gohike.lv\\\/wp-content\\\/uploads\\\/2023\\\/08\\\/Logo_GoHike.webp\",\"width\":512,\"height\":512,\"caption\":\"GoHike\"},\"image\":{\"@id\":\"https:\\\/\\\/gohike.lv\\\/ru\\\/#\\\/schema\\\/logo\\\/image\\\/\"},\"sameAs\":[\"https:\\\/\\\/www.facebook.com\\\/gohike.shop\\\/\",\"https:\\\/\\\/www.instagram.com\\\/gohike.shop\\\/\"]}]}<\/script>\n<!-- \/ Yoast SEO plugin. -->","yoast_head_json":{"title":"FLEXTAIL - Uzglab\u0101\u0161anas kaste TINY PUMP 2X pumpim","description":"\u012apa\u0161i izstr\u0101d\u0101ts, lai uzglab\u0101tu FLEXTAIL Tiny Pump X \/ Tiny Pump 2X \/ Max Pump 2Pro \/ Max Pump 2Plus.","robots":{"index":"index","follow":"follow","max-snippet":"max-snippet:-1","max-image-preview":"max-image-preview:large","max-video-preview":"max-video-preview:-1"},"canonical":"https:\/\/gohike.lv\/ru\/produkts\/flextail-uzglabasanas-kaste-tiny-pump-2x\/","og_locale":"ru_RU","og_type":"article","og_title":"Elektrisk\u0101 s\u016bk\u0146a uzglab\u0101\u0161anas kaste - Uzglab\u0101\u0161anas kaste TINY PUMP 2X","og_description":"\u012apa\u0161i izstr\u0101d\u0101ts, lai uzglab\u0101tu FLEXTAIL Tiny Pump X \/ Tiny Pump 2X \/ Max Pump 2Pro \/ Max Pump 2Plus.","og_url":"https:\/\/gohike.lv\/ru\/produkts\/flextail-uzglabasanas-kaste-tiny-pump-2x\/","og_site_name":"GoHike","article_publisher":"https:\/\/www.facebook.com\/gohike.shop\/","article_modified_time":"2025-12-30T14:24:42+00:00","og_image":[{"width":600,"height":600,"url":"https:\/\/gohike.lv\/wp-content\/uploads\/2023\/11\/StorageCase2x.webp","type":"image\/webp"}],"twitter_card":"summary_large_image","twitter_title":"Elektrisk\u0101 s\u016bk\u0146a uzglab\u0101\u0161anas kaste - Uzglab\u0101\u0161anas kaste TINY PUMP 2X","twitter_misc":{"\u041f\u0440\u0438\u043c\u0435\u0440\u043d\u043e\u0435 \u0432\u0440\u0435\u043c\u044f \u0434\u043b\u044f \u0447\u0442\u0435\u043d\u0438\u044f":"1 \u043c\u0438\u043d\u0443\u0442\u0430"},"schema":{"@context":"https:\/\/schema.org","@graph":[{"@type":["WebPage","ItemPage"],"@id":"https:\/\/gohike.lv\/ru\/produkts\/flextail-uzglabasanas-kaste-tiny-pump-2x\/","url":"https:\/\/gohike.lv\/ru\/produkts\/flextail-uzglabasanas-kaste-tiny-pump-2x\/","name":"FLEXTAIL - Uzglab\u0101\u0161anas kaste TINY PUMP 2X pumpim","isPartOf":{"@id":"https:\/\/gohike.lv\/ru\/#website"},"primaryImageOfPage":{"@id":"https:\/\/gohike.lv\/ru\/produkts\/flextail-uzglabasanas-kaste-tiny-pump-2x\/#primaryimage"},"image":{"@id":"https:\/\/gohike.lv\/ru\/produkts\/flextail-uzglabasanas-kaste-tiny-pump-2x\/#primaryimage"},"thumbnailUrl":"https:\/\/gohike.lv\/wp-content\/uploads\/2023\/11\/StorageCase2x.webp","datePublished":"2024-05-08T11:47:43+00:00","dateModified":"2025-12-30T14:24:42+00:00","description":"\u012apa\u0161i izstr\u0101d\u0101ts, lai uzglab\u0101tu FLEXTAIL Tiny Pump X \/ Tiny Pump 2X \/ Max Pump 2Pro \/ Max Pump 2Plus.","breadcrumb":{"@id":"https:\/\/gohike.lv\/ru\/produkts\/flextail-uzglabasanas-kaste-tiny-pump-2x\/#breadcrumb"},"inLanguage":"ru-RU","potentialAction":[{"@type":"ReadAction","target":["https:\/\/gohike.lv\/ru\/produkts\/flextail-uzglabasanas-kaste-tiny-pump-2x\/"]}]},{"@type":"ImageObject","inLanguage":"ru-RU","@id":"https:\/\/gohike.lv\/ru\/produkts\/flextail-uzglabasanas-kaste-tiny-pump-2x\/#primaryimage","url":"https:\/\/gohike.lv\/wp-content\/uploads\/2023\/11\/StorageCase2x.webp","contentUrl":"https:\/\/gohike.lv\/wp-content\/uploads\/2023\/11\/StorageCase2x.webp","width":600,"height":600},{"@type":"BreadcrumbList","@id":"https:\/\/gohike.lv\/ru\/produkts\/flextail-uzglabasanas-kaste-tiny-pump-2x\/#breadcrumb","itemListElement":[{"@type":"ListItem","position":1,"name":"\u0413\u043b\u0430\u0432\u043d\u0430\u044f","item":"https:\/\/gohike.lv\/ru\/"},{"@type":"ListItem","position":2,"name":"\u041a\u0430\u0442\u0435\u0433\u043e\u0440\u0438\u0438 \u0442\u043e\u0432\u0430\u0440\u043e\u0432","item":"https:\/\/gohike.lv\/%d0%ba%d0%b0%d1%82%d0%b5%d0%b3%d0%be%d1%80%d0%b8%d0%b8-%d1%82%d0%be%d0%b2%d0%b0%d1%80%d0%be%d0%b2\/"},{"@type":"ListItem","position":3,"name":"FLEXTAIL &#8211; Uzglab\u0101\u0161anas kaste TINY PUMP 2X pumpim"}]},{"@type":"WebSite","@id":"https:\/\/gohike.lv\/ru\/#website","url":"https:\/\/gohike.lv\/ru\/","name":"GoHike","description":"","publisher":{"@id":"https:\/\/gohike.lv\/ru\/#organization"},"potentialAction":[{"@type":"SearchAction","target":{"@type":"EntryPoint","urlTemplate":"https:\/\/gohike.lv\/ru\/?s={search_term_string}"},"query-input":{"@type":"PropertyValueSpecification","valueRequired":true,"valueName":"search_term_string"}}],"inLanguage":"ru-RU"},{"@type":"Organization","@id":"https:\/\/gohike.lv\/ru\/#organization","name":"GoHike","url":"https:\/\/gohike.lv\/ru\/","logo":{"@type":"ImageObject","inLanguage":"ru-RU","@id":"https:\/\/gohike.lv\/ru\/#\/schema\/logo\/image\/","url":"https:\/\/gohike.lv\/wp-content\/uploads\/2023\/08\/Logo_GoHike.webp","contentUrl":"https:\/\/gohike.lv\/wp-content\/uploads\/2023\/08\/Logo_GoHike.webp","width":512,"height":512,"caption":"GoHike"},"image":{"@id":"https:\/\/gohike.lv\/ru\/#\/schema\/logo\/image\/"},"sameAs":["https:\/\/www.facebook.com\/gohike.shop\/","https:\/\/www.instagram.com\/gohike.shop\/"]}]}},"jetpack_sharing_enabled":true,"_links":{"self":[{"href":"https:\/\/gohike.lv\/ru\/wp-json\/wp\/v2\/product\/53656","targetHints":{"allow":["GET"]}}],"collection":[{"href":"https:\/\/gohike.lv\/ru\/wp-json\/wp\/v2\/product"}],"about":[{"href":"https:\/\/gohike.lv\/ru\/wp-json\/wp\/v2\/types\/product"}],"version-history":[{"count":1,"href":"https:\/\/gohike.lv\/ru\/wp-json\/wp\/v2\/product\/53656\/revisions"}],"predecessor-version":[{"id":118971,"href":"https:\/\/gohike.lv\/ru\/wp-json\/wp\/v2\/product\/53656\/revisions\/118971"}],"wp:featuredmedia":[{"embeddable":true,"href":"https:\/\/gohike.lv\/ru\/wp-json\/wp\/v2\/media\/9002"}],"wp:attachment":[{"href":"https:\/\/gohike.lv\/ru\/wp-json\/wp\/v2\/media?parent=53656"}],"wp:term":[{"taxonomy":"product_brand","embeddable":true,"href":"https:\/\/gohike.lv\/ru\/wp-json\/wp\/v2\/product_brand?post=53656"},{"taxonomy":"product_cat","embeddable":true,"href":"https:\/\/gohike.lv\/ru\/wp-json\/wp\/v2\/product_cat?post=53656"},{"taxonomy":"product_tag","embeddable":true,"href":"https:\/\/gohike.lv\/ru\/wp-json\/wp\/v2\/product_tag?post=53656"}],"curies":[{"name":"wp","href":"https:\/\/api.w.org\/{rel}","templated":true}]}}