{"id":53654,"date":"2025-03-08T14:47:43","date_gmt":"2025-03-08T11:47:43","guid":{"rendered":"https:\/\/gohike.lv\/produkts\/flextail-light-repel-odu-atbaiditajs\/"},"modified":"2026-03-23T07:26:48","modified_gmt":"2026-03-23T04:26:48","slug":"flextail-light-repel-odu-atbaiditajs","status":"publish","type":"product","link":"https:\/\/gohike.lv\/ru\/produkts\/flextail-light-repel-odu-atbaiditajs\/","title":{"rendered":"FLEXTAIL &#8212; Light Repeller &#8212; odu atbaid\u012bt\u0101js"},"content":{"rendered":"<p>Light Repel Portable l\u012bdzeklis atbaid\u012b\u0161anai izmanto siltumu.<br \/>\nDivk\u0101r\u0161ie odu atbaid\u012b\u0161anas spilventi\u0146i ab\u0101s pus\u0113s \u013cauj izv\u0113l\u0113ties abpus\u0113ju vai vienpus\u0113ju re\u017e\u012bmu.<br \/>\nLai gan tas ir jaud\u012bgs, tas ir tikai AirPods izm\u0113r\u0101.<br \/>\nTas ir visnepiecie\u0161am\u0101kais r\u012bks ide\u0101lam ce\u013cojumam br\u012bv\u0101 dab\u0101.<br \/>\n(Nepiecie\u0161ams \u0101r\u0113jais baro\u0161anas avots)<\/p>\n","protected":false},"excerpt":{"rendered":"<p>P\u0101rn\u0113s\u0101jams mosk\u012btu atbaid\u012b\u0161anas l\u012bdzeklis.<\/p>\n","protected":false},"featured_media":76090,"template":"","meta":[],"product_brand":[1653],"product_cat":[1643,1389],"product_tag":[],"class_list":{"0":"post-53654","1":"product","2":"type-product","3":"status-publish","4":"has-post-thumbnail","6":"product_brand-flextail-lv","7":"product_cat-elektronika","8":"product_cat-pret-insektiem","9":"pa_ara-rezims-8-15-stundas","10":"pa_izmeriscm-9-74-82-8","11":"pa_izveleties-divus-rezimus-you-cant-stay-in-a-tent-at-all-times-when-youre-outdoors-what-if-the-mosquitos-repellent-range-is-not-wide-enough-when-climbing-the-mountain-light-repel-is-designed-with-2-modes-outdoor-mode","12":"pa_kempinga-rezims-14-28-stundas","13":"pa_produkta-tips-portativie-odu-atbaiditaji-flextail","14":"pa_spalva-armijas-zals","15":"pa_spalva-melns","17":"first","18":"instock","19":"taxable","20":"shipping-taxable","21":"purchasable","22":"product-type-variable"},"raw_content":{"name":"FLEXTAIL - Light Repeller - odu atbaid\u012bt\u0101js","description":"Light Repel Portable l\u012bdzeklis atbaid\u012b\u0161anai izmanto siltumu.\nDivk\u0101r\u0161ie odu atbaid\u012b\u0161anas spilventi\u0146i ab\u0101s pus\u0113s \u013cauj izv\u0113l\u0113ties abpus\u0113ju vai vienpus\u0113ju re\u017e\u012bmu.\nLai gan tas ir jaud\u012bgs, tas ir tikai AirPods izm\u0113r\u0101.\nTas ir visnepiecie\u0161am\u0101kais r\u012bks ide\u0101lam ce\u013cojumam br\u012bv\u0101 dab\u0101.\n(Nepiecie\u0161ams \u0101r\u0113jais baro\u0161anas avots)","short_description":"P\u0101rn\u0113s\u0101jams mosk\u012btu atbaid\u012b\u0161anas l\u012bdzeklis.","status":"publish","sku":"FLEXTAIL_4","original":53654},"wpml":{"translation_type":1,"has_translations":true,"original":53654,"duplicates":[],"translations":{"lv":53654,"en":67783,"ru":null}},"supplier_id":null,"supplier_sku":"","barcode":null,"atum_controlled":true,"out_stock_date":null,"out_stock_threshold":null,"inheritable":true,"inbound_stock":0,"stock_on_hold":0,"sold_today":0,"sales_last_days":0,"reserved_stock":0,"customer_returns":0,"warehouse_damage":0,"lost_in_post":0,"other_logs":0,"out_stock_days":0,"lost_sales":0,"has_location":false,"update_date":"2025-12-30T14:30:29","atum_locations":[],"atum_stock_status":"instock","restock_status":false,"low_stock_amount":"","sales_update_date":"2025-11-13T14:07:31","calc_backorders":null,"yoast_head":"<!-- This site is optimized with the Yoast SEO plugin v27.3 - https:\/\/yoast.com\/product\/yoast-seo-wordpress\/ -->\n<title>FLEXTAIL - Light Repeller - odu atbaid\u012bt\u0101js<\/title>\n<meta name=\"description\" content=\"P\u0101rn\u0113s\u0101jams mosk\u012btu atbaid\u012b\u0161anas l\u012bdzeklis. Visnepiecie\u0161am\u0101kais r\u012bks ide\u0101lam ce\u013cojumam br\u012bv\u0101 dab\u0101.\" \/>\n<meta name=\"robots\" content=\"index, follow, max-snippet:-1, max-image-preview:large, max-video-preview:-1\" \/>\n<link rel=\"canonical\" href=\"https:\/\/gohike.lv\/ru\/produkts\/flextail-light-repel-odu-atbaiditajs\/\" \/>\n<meta property=\"og:locale\" content=\"ru_RU\" \/>\n<meta property=\"og:type\" content=\"article\" \/>\n<meta property=\"og:title\" content=\"Pret mosk\u012btu atbaid\u012b\u0161anas l\u012bdzeklis - Light Repel\" \/>\n<meta property=\"og:description\" content=\"P\u0101rn\u0113s\u0101jams mosk\u012btu atbaid\u012b\u0161anas l\u012bdzeklis. Visnepiecie\u0161am\u0101kais r\u012bks ide\u0101lam ce\u013cojumam br\u012bv\u0101 dab\u0101.\" \/>\n<meta property=\"og:url\" content=\"https:\/\/gohike.lv\/ru\/produkts\/flextail-light-repel-odu-atbaiditajs\/\" \/>\n<meta property=\"og:site_name\" content=\"GoHike\" \/>\n<meta property=\"article:publisher\" content=\"https:\/\/www.facebook.com\/gohike.shop\/\" \/>\n<meta property=\"article:modified_time\" content=\"2026-03-23T04:26:48+00:00\" \/>\n<meta property=\"og:image\" content=\"https:\/\/gohike.lv\/wp-content\/uploads\/2025\/03\/LightRepel_c2df9d5a-8cfa-4709-87b7-1ab0014343a0.webp\" \/>\n\t<meta property=\"og:image:width\" content=\"1000\" \/>\n\t<meta property=\"og:image:height\" content=\"1000\" \/>\n\t<meta property=\"og:image:type\" content=\"image\/webp\" \/>\n<meta name=\"twitter:card\" content=\"summary_large_image\" \/>\n<meta name=\"twitter:title\" content=\"Pret mosk\u012btu atbaid\u012b\u0161anas l\u012bdzeklis - Light Repel\" \/>\n<meta name=\"twitter:label1\" content=\"\u041f\u0440\u0438\u043c\u0435\u0440\u043d\u043e\u0435 \u0432\u0440\u0435\u043c\u044f \u0434\u043b\u044f \u0447\u0442\u0435\u043d\u0438\u044f\" \/>\n\t<meta name=\"twitter:data1\" content=\"1 \u043c\u0438\u043d\u0443\u0442\u0430\" \/>\n<script type=\"application\/ld+json\" class=\"yoast-schema-graph\">{\"@context\":\"https:\\\/\\\/schema.org\",\"@graph\":[{\"@type\":[\"WebPage\",\"ItemPage\"],\"@id\":\"https:\\\/\\\/gohike.lv\\\/ru\\\/produkts\\\/flextail-light-repel-odu-atbaiditajs\\\/\",\"url\":\"https:\\\/\\\/gohike.lv\\\/ru\\\/produkts\\\/flextail-light-repel-odu-atbaiditajs\\\/\",\"name\":\"FLEXTAIL - Light Repeller - odu atbaid\u012bt\u0101js\",\"isPartOf\":{\"@id\":\"https:\\\/\\\/gohike.lv\\\/ru\\\/#website\"},\"primaryImageOfPage\":{\"@id\":\"https:\\\/\\\/gohike.lv\\\/ru\\\/produkts\\\/flextail-light-repel-odu-atbaiditajs\\\/#primaryimage\"},\"image\":{\"@id\":\"https:\\\/\\\/gohike.lv\\\/ru\\\/produkts\\\/flextail-light-repel-odu-atbaiditajs\\\/#primaryimage\"},\"thumbnailUrl\":\"https:\\\/\\\/gohike.lv\\\/wp-content\\\/uploads\\\/2025\\\/03\\\/LightRepel_c2df9d5a-8cfa-4709-87b7-1ab0014343a0.webp\",\"datePublished\":\"2025-03-08T11:47:43+00:00\",\"dateModified\":\"2026-03-23T04:26:48+00:00\",\"description\":\"P\u0101rn\u0113s\u0101jams mosk\u012btu atbaid\u012b\u0161anas l\u012bdzeklis. Visnepiecie\u0161am\u0101kais r\u012bks ide\u0101lam ce\u013cojumam br\u012bv\u0101 dab\u0101.\",\"breadcrumb\":{\"@id\":\"https:\\\/\\\/gohike.lv\\\/ru\\\/produkts\\\/flextail-light-repel-odu-atbaiditajs\\\/#breadcrumb\"},\"inLanguage\":\"ru-RU\",\"potentialAction\":[{\"@type\":\"ReadAction\",\"target\":[\"https:\\\/\\\/gohike.lv\\\/ru\\\/produkts\\\/flextail-light-repel-odu-atbaiditajs\\\/\"]}]},{\"@type\":\"ImageObject\",\"inLanguage\":\"ru-RU\",\"@id\":\"https:\\\/\\\/gohike.lv\\\/ru\\\/produkts\\\/flextail-light-repel-odu-atbaiditajs\\\/#primaryimage\",\"url\":\"https:\\\/\\\/gohike.lv\\\/wp-content\\\/uploads\\\/2025\\\/03\\\/LightRepel_c2df9d5a-8cfa-4709-87b7-1ab0014343a0.webp\",\"contentUrl\":\"https:\\\/\\\/gohike.lv\\\/wp-content\\\/uploads\\\/2025\\\/03\\\/LightRepel_c2df9d5a-8cfa-4709-87b7-1ab0014343a0.webp\",\"width\":1000,\"height\":1000},{\"@type\":\"BreadcrumbList\",\"@id\":\"https:\\\/\\\/gohike.lv\\\/ru\\\/produkts\\\/flextail-light-repel-odu-atbaiditajs\\\/#breadcrumb\",\"itemListElement\":[{\"@type\":\"ListItem\",\"position\":1,\"name\":\"\u0413\u043b\u0430\u0432\u043d\u0430\u044f\",\"item\":\"https:\\\/\\\/gohike.lv\\\/ru\\\/\"},{\"@type\":\"ListItem\",\"position\":2,\"name\":\"\u041a\u0430\u0442\u0435\u0433\u043e\u0440\u0438\u0438 \u0442\u043e\u0432\u0430\u0440\u043e\u0432\",\"item\":\"https:\\\/\\\/gohike.lv\\\/%d0%ba%d0%b0%d1%82%d0%b5%d0%b3%d0%be%d1%80%d0%b8%d0%b8-%d1%82%d0%be%d0%b2%d0%b0%d1%80%d0%be%d0%b2\\\/\"},{\"@type\":\"ListItem\",\"position\":3,\"name\":\"FLEXTAIL &#8211; Light Repeller &#8211; odu atbaid\u012bt\u0101js\"}]},{\"@type\":\"WebSite\",\"@id\":\"https:\\\/\\\/gohike.lv\\\/ru\\\/#website\",\"url\":\"https:\\\/\\\/gohike.lv\\\/ru\\\/\",\"name\":\"GoHike\",\"description\":\"\",\"publisher\":{\"@id\":\"https:\\\/\\\/gohike.lv\\\/ru\\\/#organization\"},\"potentialAction\":[{\"@type\":\"SearchAction\",\"target\":{\"@type\":\"EntryPoint\",\"urlTemplate\":\"https:\\\/\\\/gohike.lv\\\/ru\\\/?s={search_term_string}\"},\"query-input\":{\"@type\":\"PropertyValueSpecification\",\"valueRequired\":true,\"valueName\":\"search_term_string\"}}],\"inLanguage\":\"ru-RU\"},{\"@type\":\"Organization\",\"@id\":\"https:\\\/\\\/gohike.lv\\\/ru\\\/#organization\",\"name\":\"GoHike\",\"url\":\"https:\\\/\\\/gohike.lv\\\/ru\\\/\",\"logo\":{\"@type\":\"ImageObject\",\"inLanguage\":\"ru-RU\",\"@id\":\"https:\\\/\\\/gohike.lv\\\/ru\\\/#\\\/schema\\\/logo\\\/image\\\/\",\"url\":\"https:\\\/\\\/gohike.lv\\\/wp-content\\\/uploads\\\/2023\\\/08\\\/Logo_GoHike.webp\",\"contentUrl\":\"https:\\\/\\\/gohike.lv\\\/wp-content\\\/uploads\\\/2023\\\/08\\\/Logo_GoHike.webp\",\"width\":512,\"height\":512,\"caption\":\"GoHike\"},\"image\":{\"@id\":\"https:\\\/\\\/gohike.lv\\\/ru\\\/#\\\/schema\\\/logo\\\/image\\\/\"},\"sameAs\":[\"https:\\\/\\\/www.facebook.com\\\/gohike.shop\\\/\",\"https:\\\/\\\/www.instagram.com\\\/gohike.shop\\\/\"]}]}<\/script>\n<!-- \/ Yoast SEO plugin. -->","yoast_head_json":{"title":"FLEXTAIL - Light Repeller - odu atbaid\u012bt\u0101js","description":"P\u0101rn\u0113s\u0101jams mosk\u012btu atbaid\u012b\u0161anas l\u012bdzeklis. Visnepiecie\u0161am\u0101kais r\u012bks ide\u0101lam ce\u013cojumam br\u012bv\u0101 dab\u0101.","robots":{"index":"index","follow":"follow","max-snippet":"max-snippet:-1","max-image-preview":"max-image-preview:large","max-video-preview":"max-video-preview:-1"},"canonical":"https:\/\/gohike.lv\/ru\/produkts\/flextail-light-repel-odu-atbaiditajs\/","og_locale":"ru_RU","og_type":"article","og_title":"Pret mosk\u012btu atbaid\u012b\u0161anas l\u012bdzeklis - Light Repel","og_description":"P\u0101rn\u0113s\u0101jams mosk\u012btu atbaid\u012b\u0161anas l\u012bdzeklis. Visnepiecie\u0161am\u0101kais r\u012bks ide\u0101lam ce\u013cojumam br\u012bv\u0101 dab\u0101.","og_url":"https:\/\/gohike.lv\/ru\/produkts\/flextail-light-repel-odu-atbaiditajs\/","og_site_name":"GoHike","article_publisher":"https:\/\/www.facebook.com\/gohike.shop\/","article_modified_time":"2026-03-23T04:26:48+00:00","og_image":[{"width":1000,"height":1000,"url":"https:\/\/gohike.lv\/wp-content\/uploads\/2025\/03\/LightRepel_c2df9d5a-8cfa-4709-87b7-1ab0014343a0.webp","type":"image\/webp"}],"twitter_card":"summary_large_image","twitter_title":"Pret mosk\u012btu atbaid\u012b\u0161anas l\u012bdzeklis - Light Repel","twitter_misc":{"\u041f\u0440\u0438\u043c\u0435\u0440\u043d\u043e\u0435 \u0432\u0440\u0435\u043c\u044f \u0434\u043b\u044f \u0447\u0442\u0435\u043d\u0438\u044f":"1 \u043c\u0438\u043d\u0443\u0442\u0430"},"schema":{"@context":"https:\/\/schema.org","@graph":[{"@type":["WebPage","ItemPage"],"@id":"https:\/\/gohike.lv\/ru\/produkts\/flextail-light-repel-odu-atbaiditajs\/","url":"https:\/\/gohike.lv\/ru\/produkts\/flextail-light-repel-odu-atbaiditajs\/","name":"FLEXTAIL - Light Repeller - odu atbaid\u012bt\u0101js","isPartOf":{"@id":"https:\/\/gohike.lv\/ru\/#website"},"primaryImageOfPage":{"@id":"https:\/\/gohike.lv\/ru\/produkts\/flextail-light-repel-odu-atbaiditajs\/#primaryimage"},"image":{"@id":"https:\/\/gohike.lv\/ru\/produkts\/flextail-light-repel-odu-atbaiditajs\/#primaryimage"},"thumbnailUrl":"https:\/\/gohike.lv\/wp-content\/uploads\/2025\/03\/LightRepel_c2df9d5a-8cfa-4709-87b7-1ab0014343a0.webp","datePublished":"2025-03-08T11:47:43+00:00","dateModified":"2026-03-23T04:26:48+00:00","description":"P\u0101rn\u0113s\u0101jams mosk\u012btu atbaid\u012b\u0161anas l\u012bdzeklis. Visnepiecie\u0161am\u0101kais r\u012bks ide\u0101lam ce\u013cojumam br\u012bv\u0101 dab\u0101.","breadcrumb":{"@id":"https:\/\/gohike.lv\/ru\/produkts\/flextail-light-repel-odu-atbaiditajs\/#breadcrumb"},"inLanguage":"ru-RU","potentialAction":[{"@type":"ReadAction","target":["https:\/\/gohike.lv\/ru\/produkts\/flextail-light-repel-odu-atbaiditajs\/"]}]},{"@type":"ImageObject","inLanguage":"ru-RU","@id":"https:\/\/gohike.lv\/ru\/produkts\/flextail-light-repel-odu-atbaiditajs\/#primaryimage","url":"https:\/\/gohike.lv\/wp-content\/uploads\/2025\/03\/LightRepel_c2df9d5a-8cfa-4709-87b7-1ab0014343a0.webp","contentUrl":"https:\/\/gohike.lv\/wp-content\/uploads\/2025\/03\/LightRepel_c2df9d5a-8cfa-4709-87b7-1ab0014343a0.webp","width":1000,"height":1000},{"@type":"BreadcrumbList","@id":"https:\/\/gohike.lv\/ru\/produkts\/flextail-light-repel-odu-atbaiditajs\/#breadcrumb","itemListElement":[{"@type":"ListItem","position":1,"name":"\u0413\u043b\u0430\u0432\u043d\u0430\u044f","item":"https:\/\/gohike.lv\/ru\/"},{"@type":"ListItem","position":2,"name":"\u041a\u0430\u0442\u0435\u0433\u043e\u0440\u0438\u0438 \u0442\u043e\u0432\u0430\u0440\u043e\u0432","item":"https:\/\/gohike.lv\/%d0%ba%d0%b0%d1%82%d0%b5%d0%b3%d0%be%d1%80%d0%b8%d0%b8-%d1%82%d0%be%d0%b2%d0%b0%d1%80%d0%be%d0%b2\/"},{"@type":"ListItem","position":3,"name":"FLEXTAIL &#8211; Light Repeller &#8211; odu atbaid\u012bt\u0101js"}]},{"@type":"WebSite","@id":"https:\/\/gohike.lv\/ru\/#website","url":"https:\/\/gohike.lv\/ru\/","name":"GoHike","description":"","publisher":{"@id":"https:\/\/gohike.lv\/ru\/#organization"},"potentialAction":[{"@type":"SearchAction","target":{"@type":"EntryPoint","urlTemplate":"https:\/\/gohike.lv\/ru\/?s={search_term_string}"},"query-input":{"@type":"PropertyValueSpecification","valueRequired":true,"valueName":"search_term_string"}}],"inLanguage":"ru-RU"},{"@type":"Organization","@id":"https:\/\/gohike.lv\/ru\/#organization","name":"GoHike","url":"https:\/\/gohike.lv\/ru\/","logo":{"@type":"ImageObject","inLanguage":"ru-RU","@id":"https:\/\/gohike.lv\/ru\/#\/schema\/logo\/image\/","url":"https:\/\/gohike.lv\/wp-content\/uploads\/2023\/08\/Logo_GoHike.webp","contentUrl":"https:\/\/gohike.lv\/wp-content\/uploads\/2023\/08\/Logo_GoHike.webp","width":512,"height":512,"caption":"GoHike"},"image":{"@id":"https:\/\/gohike.lv\/ru\/#\/schema\/logo\/image\/"},"sameAs":["https:\/\/www.facebook.com\/gohike.shop\/","https:\/\/www.instagram.com\/gohike.shop\/"]}]}},"jetpack_sharing_enabled":true,"_links":{"self":[{"href":"https:\/\/gohike.lv\/ru\/wp-json\/wp\/v2\/product\/53654","targetHints":{"allow":["GET"]}}],"collection":[{"href":"https:\/\/gohike.lv\/ru\/wp-json\/wp\/v2\/product"}],"about":[{"href":"https:\/\/gohike.lv\/ru\/wp-json\/wp\/v2\/types\/product"}],"version-history":[{"count":0,"href":"https:\/\/gohike.lv\/ru\/wp-json\/wp\/v2\/product\/53654\/revisions"}],"wp:featuredmedia":[{"embeddable":true,"href":"https:\/\/gohike.lv\/ru\/wp-json\/wp\/v2\/media\/76090"}],"wp:attachment":[{"href":"https:\/\/gohike.lv\/ru\/wp-json\/wp\/v2\/media?parent=53654"}],"wp:term":[{"taxonomy":"product_brand","embeddable":true,"href":"https:\/\/gohike.lv\/ru\/wp-json\/wp\/v2\/product_brand?post=53654"},{"taxonomy":"product_cat","embeddable":true,"href":"https:\/\/gohike.lv\/ru\/wp-json\/wp\/v2\/product_cat?post=53654"},{"taxonomy":"product_tag","embeddable":true,"href":"https:\/\/gohike.lv\/ru\/wp-json\/wp\/v2\/product_tag?post=53654"}],"curies":[{"name":"wp","href":"https:\/\/api.w.org\/{rel}","templated":true}]}}