{"id":53652,"date":"2025-03-06T14:47:43","date_gmt":"2025-03-06T11:47:43","guid":{"rendered":"https:\/\/gohike.lv\/produkts\/flextail-max-repel-odu-atbaiditajs\/"},"modified":"2026-03-31T19:52:34","modified_gmt":"2026-03-31T16:52:34","slug":"flextail-max-repel-odu-atbaiditajs","status":"publish","type":"product","link":"https:\/\/gohike.lv\/ru\/produkts\/flextail-max-repel-odu-atbaiditajs\/","title":{"rendered":"FLEXTAIL &#8212; Max Repelller S &#8212; odu atbaid\u012bt\u0101js"},"content":{"rendered":"<p>P\u0101rn\u0113s\u0101jams un uzl\u0101d\u0113jams mosk\u012btu atbaid\u012bt\u0101js MAX REPELLER S.<br \/>\nIer\u012bci var izmantot ne tikai k\u0101 mosk\u012btu atbaid\u012bt\u0101ju, bet ar\u012b k\u0101 av\u0101rijas baro\u0161anas avotu, pateicoties ieb\u016bv\u0113tai 9600 mAh litija jonu baterijai.<br \/>\nMosk\u012btu atbaid\u012bt\u0101ju ir viegli p\u0101rn\u0113s\u0101t, pateicoties ieb\u016bv\u0113tam \u0101\u0137im ar \u0161tropi.<br \/>\nEkskluz\u012bvs abpus\u0113js dizains ar jaun\u0101ko DUALREPEL\u2122 tehnolo\u0123iju vienm\u0113r\u012bgi sadala siltumu, lai nodro\u0161in\u0101tu vislab\u0101ko aizsardz\u012bbu. MAX REPELLER S sildo\u0161ais efekts ir divreiz liel\u0101ks nek\u0101 citiem z\u012bmoliem. Vienlaic\u012bgi var ievietot ielikn\u012b\u0161us ab\u0101s ier\u012bces pus\u0113s, vai ar\u012b izmantot tikai vienu malu. Atbaid\u012b\u0161anas spilventi\u0146i tiek termiski aktiviz\u0113ti no ab\u0101m pus\u0113m.<br \/>\nKad mosk\u012btu atbaid\u012b\u0161anas ier\u012bces temperat\u016bra sasniedz 165\u00b0C, tai ir vislab\u0101kais atbaid\u012b\u0161anas efekts. MAX REPELLER S nodro\u0161ina 360\u00b0 aizsardz\u012bbu.<br \/>\nMAX REPELLER S ir divi re\u017e\u012bmi &#8212; \u0101ra re\u017e\u012bms un kempinga re\u017e\u012bms. Lai iesl\u0113gtu MAX REPELLER S, veiciet dubultklik\u0161\u0137i uz baro\u0161anas pogas, lai p\u0101rietu uz kempinga re\u017e\u012bmu, un indikators iedegas za\u013c\u0101 kr\u0101s\u0101. V\u0113lreiz nospiediet baro\u0161anas pogu, lai p\u0101rietu uz \u0101ra re\u017e\u012bmu, indikators iedegas sarkan\u0101 kr\u0101s\u0101. V\u0113lreiz nospiediet baro\u0161anas pogu, lai izsl\u0113gtu MAX REPELLER S. Kad ier\u012bce ir piln\u012bb\u0101 uzl\u0101d\u0113t\u0101, kempinga re\u017e\u012bms nodro\u0161ina 3.1 metra zonas aizsardz\u012bbu 19 stundas, savuk\u0101rt \u0101ra re\u017e\u012bms nodro\u0161ina 9.2 metru zonas aizsardz\u012bbu 12 stundas.<\/p>\n","protected":false},"excerpt":{"rendered":"<p>P\u0101rn\u0113s\u0101jams un uzl\u0101d\u0113jams mosk\u012btu atbaid\u012b\u0161anas l\u012bdzeklis MAX REPELLER S. <\/p>\n","protected":false},"featured_media":8950,"template":"","meta":[],"product_brand":[1653],"product_cat":[1643,1389],"product_tag":[],"class_list":{"0":"post-53652","1":"product","2":"type-product","3":"status-publish","4":"has-post-thumbnail","6":"product_brand-flextail-lv","7":"product_cat-elektronika","8":"product_cat-pret-insektiem","9":"pa_izmeriscm-13-44-82-7","10":"pa_produkta-tips-portativie-odu-atbaiditaji-flextail","11":"pa_spalva-armijas-zals","12":"pa_spalva-melns","14":"first","15":"outofstock","16":"taxable","17":"shipping-taxable","18":"purchasable","19":"product-type-variable"},"raw_content":{"name":"FLEXTAIL - Max Repelller S - odu atbaid\u012bt\u0101js","description":"P\u0101rn\u0113s\u0101jams un uzl\u0101d\u0113jams mosk\u012btu atbaid\u012bt\u0101js MAX REPELLER S.\nIer\u012bci var izmantot ne tikai k\u0101 mosk\u012btu atbaid\u012bt\u0101ju, bet ar\u012b k\u0101 av\u0101rijas baro\u0161anas avotu, pateicoties ieb\u016bv\u0113tai 9600 mAh litija jonu baterijai.\nMosk\u012btu atbaid\u012bt\u0101ju ir viegli p\u0101rn\u0113s\u0101t, pateicoties ieb\u016bv\u0113tam \u0101\u0137im ar \u0161tropi.\nEkskluz\u012bvs abpus\u0113js dizains ar jaun\u0101ko DUALREPEL\u2122 tehnolo\u0123iju vienm\u0113r\u012bgi sadala siltumu, lai nodro\u0161in\u0101tu vislab\u0101ko aizsardz\u012bbu. MAX REPELLER S sildo\u0161ais efekts ir divreiz liel\u0101ks nek\u0101 citiem z\u012bmoliem. Vienlaic\u012bgi var ievietot ielikn\u012b\u0161us ab\u0101s ier\u012bces pus\u0113s, vai ar\u012b izmantot tikai vienu malu. Atbaid\u012b\u0161anas spilventi\u0146i tiek termiski aktiviz\u0113ti no ab\u0101m pus\u0113m.\nKad mosk\u012btu atbaid\u012b\u0161anas ier\u012bces temperat\u016bra sasniedz 165\u00b0C, tai ir vislab\u0101kais atbaid\u012b\u0161anas efekts. MAX REPELLER S nodro\u0161ina 360\u00b0 aizsardz\u012bbu.\nMAX REPELLER S ir divi re\u017e\u012bmi - \u0101ra re\u017e\u012bms un kempinga re\u017e\u012bms. Lai iesl\u0113gtu MAX REPELLER S, veiciet dubultklik\u0161\u0137i uz baro\u0161anas pogas, lai p\u0101rietu uz kempinga re\u017e\u012bmu, un indikators iedegas za\u013c\u0101 kr\u0101s\u0101. V\u0113lreiz nospiediet baro\u0161anas pogu, lai p\u0101rietu uz \u0101ra re\u017e\u012bmu, indikators iedegas sarkan\u0101 kr\u0101s\u0101. V\u0113lreiz nospiediet baro\u0161anas pogu, lai izsl\u0113gtu MAX REPELLER S. Kad ier\u012bce ir piln\u012bb\u0101 uzl\u0101d\u0113t\u0101, kempinga re\u017e\u012bms nodro\u0161ina 3.1 metra zonas aizsardz\u012bbu 19 stundas, savuk\u0101rt \u0101ra re\u017e\u012bms nodro\u0161ina 9.2 metru zonas aizsardz\u012bbu 12 stundas.","short_description":"P\u0101rn\u0113s\u0101jams un uzl\u0101d\u0113jams mosk\u012btu atbaid\u012b\u0161anas l\u012bdzeklis MAX REPELLER S. ","status":"publish","sku":"FLEXTAIL_3","original":53652},"wpml":{"translation_type":1,"has_translations":true,"original":53652,"duplicates":[],"translations":{"lv":53652,"en":67785,"ru":null}},"supplier_id":null,"supplier_sku":"","barcode":null,"atum_controlled":true,"out_stock_date":null,"out_stock_threshold":null,"inheritable":true,"inbound_stock":0,"stock_on_hold":0,"sold_today":0,"sales_last_days":1,"reserved_stock":0,"customer_returns":0,"warehouse_damage":0,"lost_in_post":0,"other_logs":0,"out_stock_days":0,"lost_sales":0,"has_location":false,"update_date":"2026-03-24T04:14:31","atum_locations":[],"atum_stock_status":"instock","restock_status":false,"low_stock_amount":"","sales_update_date":"2025-11-13T14:07:31","calc_backorders":null,"yoast_head":"<!-- This site is optimized with the Yoast SEO plugin v27.3 - https:\/\/yoast.com\/product\/yoast-seo-wordpress\/ -->\n<title>FLEXTAIL - Max Repel - odu atbaid\u012bt\u0101js<\/title>\n<meta name=\"description\" content=\"P\u0101rn\u0113s\u0101jams un uzl\u0101d\u0113jams mosk\u012btu atbaid\u012b\u0161anas l\u012bdzeklis. Ieb\u016bv\u0113to 9600 mAh akumulatoru odu atbaid\u012b\u0161anas l\u012bdzekl\u012b var izmantot k\u0101 uzl\u0101des avotu.\" \/>\n<meta name=\"robots\" content=\"index, follow, max-snippet:-1, max-image-preview:large, max-video-preview:-1\" \/>\n<link rel=\"canonical\" href=\"https:\/\/gohike.lv\/ru\/produkts\/flextail-max-repel-odu-atbaiditajs\/\" \/>\n<meta property=\"og:locale\" content=\"ru_RU\" \/>\n<meta property=\"og:type\" content=\"article\" \/>\n<meta property=\"og:title\" content=\"Pret mosk\u012btu atbaid\u012b\u0161anas l\u012bdzeklis - Max Repel\" \/>\n<meta property=\"og:description\" content=\"P\u0101rn\u0113s\u0101jams un uzl\u0101d\u0113jams mosk\u012btu atbaid\u012b\u0161anas l\u012bdzeklis. Ieb\u016bv\u0113to 9600 mAh akumulatoru odu atbaid\u012b\u0161anas l\u012bdzekl\u012b var izmantot k\u0101 uzl\u0101des avotu.\" \/>\n<meta property=\"og:url\" content=\"https:\/\/gohike.lv\/ru\/produkts\/flextail-max-repel-odu-atbaiditajs\/\" \/>\n<meta property=\"og:site_name\" content=\"GoHike\" \/>\n<meta property=\"article:publisher\" content=\"https:\/\/www.facebook.com\/gohike.shop\/\" \/>\n<meta property=\"article:modified_time\" content=\"2026-03-31T16:52:34+00:00\" \/>\n<meta property=\"og:image\" content=\"https:\/\/gohike.lv\/wp-content\/uploads\/2023\/11\/MaxRepel.webp\" \/>\n\t<meta property=\"og:image:width\" content=\"600\" \/>\n\t<meta property=\"og:image:height\" content=\"600\" \/>\n\t<meta property=\"og:image:type\" content=\"image\/webp\" \/>\n<meta name=\"twitter:card\" content=\"summary_large_image\" \/>\n<meta name=\"twitter:title\" content=\"Pret mosk\u012btu atbaid\u012b\u0161anas l\u012bdzeklis - Max Repel\" \/>\n<meta name=\"twitter:label1\" content=\"\u041f\u0440\u0438\u043c\u0435\u0440\u043d\u043e\u0435 \u0432\u0440\u0435\u043c\u044f \u0434\u043b\u044f \u0447\u0442\u0435\u043d\u0438\u044f\" \/>\n\t<meta name=\"twitter:data1\" content=\"2 \u043c\u0438\u043d\u0443\u0442\u0430\" \/>\n<script type=\"application\/ld+json\" class=\"yoast-schema-graph\">{\"@context\":\"https:\\\/\\\/schema.org\",\"@graph\":[{\"@type\":[\"WebPage\",\"ItemPage\"],\"@id\":\"https:\\\/\\\/gohike.lv\\\/ru\\\/produkts\\\/flextail-max-repel-odu-atbaiditajs\\\/\",\"url\":\"https:\\\/\\\/gohike.lv\\\/ru\\\/produkts\\\/flextail-max-repel-odu-atbaiditajs\\\/\",\"name\":\"FLEXTAIL - Max Repel - odu atbaid\u012bt\u0101js\",\"isPartOf\":{\"@id\":\"https:\\\/\\\/gohike.lv\\\/ru\\\/#website\"},\"primaryImageOfPage\":{\"@id\":\"https:\\\/\\\/gohike.lv\\\/ru\\\/produkts\\\/flextail-max-repel-odu-atbaiditajs\\\/#primaryimage\"},\"image\":{\"@id\":\"https:\\\/\\\/gohike.lv\\\/ru\\\/produkts\\\/flextail-max-repel-odu-atbaiditajs\\\/#primaryimage\"},\"thumbnailUrl\":\"https:\\\/\\\/gohike.lv\\\/wp-content\\\/uploads\\\/2023\\\/11\\\/MaxRepel.webp\",\"datePublished\":\"2025-03-06T11:47:43+00:00\",\"dateModified\":\"2026-03-31T16:52:34+00:00\",\"description\":\"P\u0101rn\u0113s\u0101jams un uzl\u0101d\u0113jams mosk\u012btu atbaid\u012b\u0161anas l\u012bdzeklis. Ieb\u016bv\u0113to 9600 mAh akumulatoru odu atbaid\u012b\u0161anas l\u012bdzekl\u012b var izmantot k\u0101 uzl\u0101des avotu.\",\"breadcrumb\":{\"@id\":\"https:\\\/\\\/gohike.lv\\\/ru\\\/produkts\\\/flextail-max-repel-odu-atbaiditajs\\\/#breadcrumb\"},\"inLanguage\":\"ru-RU\",\"potentialAction\":[{\"@type\":\"ReadAction\",\"target\":[\"https:\\\/\\\/gohike.lv\\\/ru\\\/produkts\\\/flextail-max-repel-odu-atbaiditajs\\\/\"]}]},{\"@type\":\"ImageObject\",\"inLanguage\":\"ru-RU\",\"@id\":\"https:\\\/\\\/gohike.lv\\\/ru\\\/produkts\\\/flextail-max-repel-odu-atbaiditajs\\\/#primaryimage\",\"url\":\"https:\\\/\\\/gohike.lv\\\/wp-content\\\/uploads\\\/2023\\\/11\\\/MaxRepel.webp\",\"contentUrl\":\"https:\\\/\\\/gohike.lv\\\/wp-content\\\/uploads\\\/2023\\\/11\\\/MaxRepel.webp\",\"width\":600,\"height\":600},{\"@type\":\"BreadcrumbList\",\"@id\":\"https:\\\/\\\/gohike.lv\\\/ru\\\/produkts\\\/flextail-max-repel-odu-atbaiditajs\\\/#breadcrumb\",\"itemListElement\":[{\"@type\":\"ListItem\",\"position\":1,\"name\":\"\u0413\u043b\u0430\u0432\u043d\u0430\u044f\",\"item\":\"https:\\\/\\\/gohike.lv\\\/ru\\\/\"},{\"@type\":\"ListItem\",\"position\":2,\"name\":\"\u041a\u0430\u0442\u0435\u0433\u043e\u0440\u0438\u0438 \u0442\u043e\u0432\u0430\u0440\u043e\u0432\",\"item\":\"https:\\\/\\\/gohike.lv\\\/%d0%ba%d0%b0%d1%82%d0%b5%d0%b3%d0%be%d1%80%d0%b8%d0%b8-%d1%82%d0%be%d0%b2%d0%b0%d1%80%d0%be%d0%b2\\\/\"},{\"@type\":\"ListItem\",\"position\":3,\"name\":\"FLEXTAIL &#8211; Max Repelller S &#8211; odu atbaid\u012bt\u0101js\"}]},{\"@type\":\"WebSite\",\"@id\":\"https:\\\/\\\/gohike.lv\\\/ru\\\/#website\",\"url\":\"https:\\\/\\\/gohike.lv\\\/ru\\\/\",\"name\":\"GoHike\",\"description\":\"\",\"publisher\":{\"@id\":\"https:\\\/\\\/gohike.lv\\\/ru\\\/#organization\"},\"potentialAction\":[{\"@type\":\"SearchAction\",\"target\":{\"@type\":\"EntryPoint\",\"urlTemplate\":\"https:\\\/\\\/gohike.lv\\\/ru\\\/?s={search_term_string}\"},\"query-input\":{\"@type\":\"PropertyValueSpecification\",\"valueRequired\":true,\"valueName\":\"search_term_string\"}}],\"inLanguage\":\"ru-RU\"},{\"@type\":\"Organization\",\"@id\":\"https:\\\/\\\/gohike.lv\\\/ru\\\/#organization\",\"name\":\"GoHike\",\"url\":\"https:\\\/\\\/gohike.lv\\\/ru\\\/\",\"logo\":{\"@type\":\"ImageObject\",\"inLanguage\":\"ru-RU\",\"@id\":\"https:\\\/\\\/gohike.lv\\\/ru\\\/#\\\/schema\\\/logo\\\/image\\\/\",\"url\":\"https:\\\/\\\/gohike.lv\\\/wp-content\\\/uploads\\\/2023\\\/08\\\/Logo_GoHike.webp\",\"contentUrl\":\"https:\\\/\\\/gohike.lv\\\/wp-content\\\/uploads\\\/2023\\\/08\\\/Logo_GoHike.webp\",\"width\":512,\"height\":512,\"caption\":\"GoHike\"},\"image\":{\"@id\":\"https:\\\/\\\/gohike.lv\\\/ru\\\/#\\\/schema\\\/logo\\\/image\\\/\"},\"sameAs\":[\"https:\\\/\\\/www.facebook.com\\\/gohike.shop\\\/\",\"https:\\\/\\\/www.instagram.com\\\/gohike.shop\\\/\"]}]}<\/script>\n<!-- \/ Yoast SEO plugin. -->","yoast_head_json":{"title":"FLEXTAIL - Max Repel - odu atbaid\u012bt\u0101js","description":"P\u0101rn\u0113s\u0101jams un uzl\u0101d\u0113jams mosk\u012btu atbaid\u012b\u0161anas l\u012bdzeklis. Ieb\u016bv\u0113to 9600 mAh akumulatoru odu atbaid\u012b\u0161anas l\u012bdzekl\u012b var izmantot k\u0101 uzl\u0101des avotu.","robots":{"index":"index","follow":"follow","max-snippet":"max-snippet:-1","max-image-preview":"max-image-preview:large","max-video-preview":"max-video-preview:-1"},"canonical":"https:\/\/gohike.lv\/ru\/produkts\/flextail-max-repel-odu-atbaiditajs\/","og_locale":"ru_RU","og_type":"article","og_title":"Pret mosk\u012btu atbaid\u012b\u0161anas l\u012bdzeklis - Max Repel","og_description":"P\u0101rn\u0113s\u0101jams un uzl\u0101d\u0113jams mosk\u012btu atbaid\u012b\u0161anas l\u012bdzeklis. Ieb\u016bv\u0113to 9600 mAh akumulatoru odu atbaid\u012b\u0161anas l\u012bdzekl\u012b var izmantot k\u0101 uzl\u0101des avotu.","og_url":"https:\/\/gohike.lv\/ru\/produkts\/flextail-max-repel-odu-atbaiditajs\/","og_site_name":"GoHike","article_publisher":"https:\/\/www.facebook.com\/gohike.shop\/","article_modified_time":"2026-03-31T16:52:34+00:00","og_image":[{"width":600,"height":600,"url":"https:\/\/gohike.lv\/wp-content\/uploads\/2023\/11\/MaxRepel.webp","type":"image\/webp"}],"twitter_card":"summary_large_image","twitter_title":"Pret mosk\u012btu atbaid\u012b\u0161anas l\u012bdzeklis - Max Repel","twitter_misc":{"\u041f\u0440\u0438\u043c\u0435\u0440\u043d\u043e\u0435 \u0432\u0440\u0435\u043c\u044f \u0434\u043b\u044f \u0447\u0442\u0435\u043d\u0438\u044f":"2 \u043c\u0438\u043d\u0443\u0442\u0430"},"schema":{"@context":"https:\/\/schema.org","@graph":[{"@type":["WebPage","ItemPage"],"@id":"https:\/\/gohike.lv\/ru\/produkts\/flextail-max-repel-odu-atbaiditajs\/","url":"https:\/\/gohike.lv\/ru\/produkts\/flextail-max-repel-odu-atbaiditajs\/","name":"FLEXTAIL - Max Repel - odu atbaid\u012bt\u0101js","isPartOf":{"@id":"https:\/\/gohike.lv\/ru\/#website"},"primaryImageOfPage":{"@id":"https:\/\/gohike.lv\/ru\/produkts\/flextail-max-repel-odu-atbaiditajs\/#primaryimage"},"image":{"@id":"https:\/\/gohike.lv\/ru\/produkts\/flextail-max-repel-odu-atbaiditajs\/#primaryimage"},"thumbnailUrl":"https:\/\/gohike.lv\/wp-content\/uploads\/2023\/11\/MaxRepel.webp","datePublished":"2025-03-06T11:47:43+00:00","dateModified":"2026-03-31T16:52:34+00:00","description":"P\u0101rn\u0113s\u0101jams un uzl\u0101d\u0113jams mosk\u012btu atbaid\u012b\u0161anas l\u012bdzeklis. Ieb\u016bv\u0113to 9600 mAh akumulatoru odu atbaid\u012b\u0161anas l\u012bdzekl\u012b var izmantot k\u0101 uzl\u0101des avotu.","breadcrumb":{"@id":"https:\/\/gohike.lv\/ru\/produkts\/flextail-max-repel-odu-atbaiditajs\/#breadcrumb"},"inLanguage":"ru-RU","potentialAction":[{"@type":"ReadAction","target":["https:\/\/gohike.lv\/ru\/produkts\/flextail-max-repel-odu-atbaiditajs\/"]}]},{"@type":"ImageObject","inLanguage":"ru-RU","@id":"https:\/\/gohike.lv\/ru\/produkts\/flextail-max-repel-odu-atbaiditajs\/#primaryimage","url":"https:\/\/gohike.lv\/wp-content\/uploads\/2023\/11\/MaxRepel.webp","contentUrl":"https:\/\/gohike.lv\/wp-content\/uploads\/2023\/11\/MaxRepel.webp","width":600,"height":600},{"@type":"BreadcrumbList","@id":"https:\/\/gohike.lv\/ru\/produkts\/flextail-max-repel-odu-atbaiditajs\/#breadcrumb","itemListElement":[{"@type":"ListItem","position":1,"name":"\u0413\u043b\u0430\u0432\u043d\u0430\u044f","item":"https:\/\/gohike.lv\/ru\/"},{"@type":"ListItem","position":2,"name":"\u041a\u0430\u0442\u0435\u0433\u043e\u0440\u0438\u0438 \u0442\u043e\u0432\u0430\u0440\u043e\u0432","item":"https:\/\/gohike.lv\/%d0%ba%d0%b0%d1%82%d0%b5%d0%b3%d0%be%d1%80%d0%b8%d0%b8-%d1%82%d0%be%d0%b2%d0%b0%d1%80%d0%be%d0%b2\/"},{"@type":"ListItem","position":3,"name":"FLEXTAIL &#8211; Max Repelller S &#8211; odu atbaid\u012bt\u0101js"}]},{"@type":"WebSite","@id":"https:\/\/gohike.lv\/ru\/#website","url":"https:\/\/gohike.lv\/ru\/","name":"GoHike","description":"","publisher":{"@id":"https:\/\/gohike.lv\/ru\/#organization"},"potentialAction":[{"@type":"SearchAction","target":{"@type":"EntryPoint","urlTemplate":"https:\/\/gohike.lv\/ru\/?s={search_term_string}"},"query-input":{"@type":"PropertyValueSpecification","valueRequired":true,"valueName":"search_term_string"}}],"inLanguage":"ru-RU"},{"@type":"Organization","@id":"https:\/\/gohike.lv\/ru\/#organization","name":"GoHike","url":"https:\/\/gohike.lv\/ru\/","logo":{"@type":"ImageObject","inLanguage":"ru-RU","@id":"https:\/\/gohike.lv\/ru\/#\/schema\/logo\/image\/","url":"https:\/\/gohike.lv\/wp-content\/uploads\/2023\/08\/Logo_GoHike.webp","contentUrl":"https:\/\/gohike.lv\/wp-content\/uploads\/2023\/08\/Logo_GoHike.webp","width":512,"height":512,"caption":"GoHike"},"image":{"@id":"https:\/\/gohike.lv\/ru\/#\/schema\/logo\/image\/"},"sameAs":["https:\/\/www.facebook.com\/gohike.shop\/","https:\/\/www.instagram.com\/gohike.shop\/"]}]}},"jetpack_sharing_enabled":true,"_links":{"self":[{"href":"https:\/\/gohike.lv\/ru\/wp-json\/wp\/v2\/product\/53652","targetHints":{"allow":["GET"]}}],"collection":[{"href":"https:\/\/gohike.lv\/ru\/wp-json\/wp\/v2\/product"}],"about":[{"href":"https:\/\/gohike.lv\/ru\/wp-json\/wp\/v2\/types\/product"}],"version-history":[{"count":0,"href":"https:\/\/gohike.lv\/ru\/wp-json\/wp\/v2\/product\/53652\/revisions"}],"wp:featuredmedia":[{"embeddable":true,"href":"https:\/\/gohike.lv\/ru\/wp-json\/wp\/v2\/media\/8950"}],"wp:attachment":[{"href":"https:\/\/gohike.lv\/ru\/wp-json\/wp\/v2\/media?parent=53652"}],"wp:term":[{"taxonomy":"product_brand","embeddable":true,"href":"https:\/\/gohike.lv\/ru\/wp-json\/wp\/v2\/product_brand?post=53652"},{"taxonomy":"product_cat","embeddable":true,"href":"https:\/\/gohike.lv\/ru\/wp-json\/wp\/v2\/product_cat?post=53652"},{"taxonomy":"product_tag","embeddable":true,"href":"https:\/\/gohike.lv\/ru\/wp-json\/wp\/v2\/product_tag?post=53652"}],"curies":[{"name":"wp","href":"https:\/\/api.w.org\/{rel}","templated":true}]}}