{"id":53627,"date":"2024-05-08T14:22:51","date_gmt":"2024-05-08T11:22:51","guid":{"rendered":"https:\/\/gohike.lv\/produkts\/miniwell-l800-pargajienu-filtrs-ar-elektrisko-sukni\/"},"modified":"2025-12-30T17:24:42","modified_gmt":"2025-12-30T14:24:42","slug":"miniwell-l800-pargajienu-filtrs-ar-elektrisko-sukni","status":"publish","type":"product","link":"https:\/\/gohike.lv\/ru\/produkts\/miniwell-l800-pargajienu-filtrs-ar-elektrisko-sukni\/","title":{"rendered":"Miniwell &#8212; L800 p\u0101rg\u0101jienu filtrs ar elektrisko s\u016bkni"},"content":{"rendered":"<p>Filtrs no\u0146em 99,999% v\u012brusu, bakt\u0113riju un paraz\u012btu;<br \/>\nSamazina smago met\u0101lu saturu;<br \/>\nNeitraliz\u0113 nepat\u012bkamas gar\u0161as un smakas.<br \/>\nMiniwiell L800 ir 20 reizes efekt\u012bv\u0101ks par konkur\u0113tsp\u0113j\u012bgiem filtriem ar 0,2 mikronu membr\u0101nu, un neviens cits filtrs neno\u0146em tik daudz smago met\u0101lu.<br \/>\nFiltrs ir \u013coti iztur\u012bgs un uzticams. Korpuss ir izgatavots no ABS (materi\u0101ls, ko izmanto automa\u0161\u012bnu bamperu izgatavo\u0161anai), medic\u012bnisk\u0101s kvalit\u0101tes polisulfona Ultra filtra (materi\u0101ls, ko izmanto kosmosa t\u0113rpos), p\u0101rtikas kvalit\u0101tes akt\u012bv\u0101s ogles, un roktura iek\u0161pus\u0113 ir t\u0113rauda stienis, kas nodro\u0161ina liel\u0101ku iztur\u012bbu. Nesatur bisfenolu A.<br \/>\nLiels pl\u016bsmas \u0101trums &#8212; 350-700 mililitri min\u016bt\u0113.<br \/>\nVar izmantot, s\u016bkn\u0113jot \u016bdeni tie\u0161i no avota, ide\u0101li piem\u0113rots liela \u016bdens daudzuma filtr\u0113\u0161anai visai \u0123imenei.<br \/>\nDer\u012bguma termi\u0146\u0161: 5 gadi.<br \/>\nP\u0113c pirm\u0101s lieto\u0161anas reizes &#8212; 3 gadi.<\/p>\n","protected":false},"excerpt":{"rendered":"<p>P\u0101rg\u0101jienu \u016bdens filtrs ar elektronisko s\u016bkni Miniwell L800 ir ide\u0101ls filtrs lieto\u0161anai kempingos un p\u0101rg\u0101jienos.<\/p>\n","protected":false},"featured_media":9142,"template":"","meta":[],"product_brand":[1654],"product_cat":[1375],"product_tag":[],"class_list":{"0":"post-53627","1":"product","2":"type-product","3":"status-publish","4":"has-post-thumbnail","6":"product_brand-miniwell-lv","7":"product_cat-udens-attirisana","8":"pa_energijas-padeve-2-aa-baterijas-noperkamas-atseviski-vai-no-5v-akumulatora","9":"pa_energijas-padeve-izmantojot-microusb-kabeli-ieklauts","10":"pa_filtracijas-poru-izmers-0-1-micron","11":"pa_ieklauti-aksesuari-filtrs-ar-elektronisko-sukni-miniwell-l800-1-gab-iepludes-slutene-ar-skavu-un-pludinu-1-gab-arejais-prieksfiltrs-1-gab-skalosanas-slirce-1-gab-microusb-kabelis-1-gab-korpus","12":"pa_materiali-aktiva-ogle","13":"pa_materiali-doba-skiedra","14":"pa_plusmas-atrums-0-7-l-min","15":"pa_produkta-tips-udens-filtri","17":"first","18":"instock","19":"taxable","20":"shipping-taxable","21":"purchasable","22":"product-type-simple"},"raw_content":{"name":"Miniwell - L800 p\u0101rg\u0101jienu filtrs ar elektrisko s\u016bkni","description":"Filtrs no\u0146em 99,999% v\u012brusu, bakt\u0113riju un paraz\u012btu;\nSamazina smago met\u0101lu saturu;\nNeitraliz\u0113 nepat\u012bkamas gar\u0161as un smakas.\nMiniwiell L800 ir 20 reizes efekt\u012bv\u0101ks par konkur\u0113tsp\u0113j\u012bgiem filtriem ar 0,2 mikronu membr\u0101nu, un neviens cits filtrs neno\u0146em tik daudz smago met\u0101lu.\nFiltrs ir \u013coti iztur\u012bgs un uzticams. Korpuss ir izgatavots no ABS (materi\u0101ls, ko izmanto automa\u0161\u012bnu bamperu izgatavo\u0161anai), medic\u012bnisk\u0101s kvalit\u0101tes polisulfona Ultra filtra (materi\u0101ls, ko izmanto kosmosa t\u0113rpos), p\u0101rtikas kvalit\u0101tes akt\u012bv\u0101s ogles, un roktura iek\u0161pus\u0113 ir t\u0113rauda stienis, kas nodro\u0161ina liel\u0101ku iztur\u012bbu. Nesatur bisfenolu A.\nLiels pl\u016bsmas \u0101trums - 350-700 mililitri min\u016bt\u0113.\nVar izmantot, s\u016bkn\u0113jot \u016bdeni tie\u0161i no avota, ide\u0101li piem\u0113rots liela \u016bdens daudzuma filtr\u0113\u0161anai visai \u0123imenei.\nDer\u012bguma termi\u0146\u0161: 5 gadi.\nP\u0113c pirm\u0101s lieto\u0161anas reizes - 3 gadi.","short_description":"P\u0101rg\u0101jienu \u016bdens filtrs ar elektronisko s\u016bkni Miniwell L800 ir ide\u0101ls filtrs lieto\u0161anai kempingos un p\u0101rg\u0101jienos.","status":"publish","sku":"Miniwell_7","original":53627},"wpml":{"translation_type":1,"has_translations":true,"original":53627,"duplicates":[],"translations":{"lv":53627,"en":67977,"ru":null}},"supplier_id":null,"supplier_sku":"","barcode":null,"atum_controlled":true,"out_stock_date":null,"out_stock_threshold":null,"inheritable":false,"inbound_stock":0,"stock_on_hold":0,"sold_today":0,"sales_last_days":0,"reserved_stock":0,"customer_returns":0,"warehouse_damage":0,"lost_in_post":0,"other_logs":0,"out_stock_days":0,"lost_sales":0,"has_location":false,"update_date":"2026-03-19T16:31:51","atum_locations":[],"atum_stock_status":"instock","restock_status":false,"low_stock_amount":"","sales_update_date":"2026-03-19T16:31:51","calc_backorders":null,"yoast_head":"<!-- This site is optimized with the Yoast SEO plugin v27.3 - https:\/\/yoast.com\/product\/yoast-seo-wordpress\/ -->\n<title>Miniwell \u016adens att\u012br\u012b\u0161ana \u016adens filtri Miniwell<\/title>\n<meta name=\"description\" content=\"P\u0101rg\u0101jienu \u016bdens filtrs ar elektronisko s\u016bkni Miniwell L800 ir ide\u0101ls filtrs lieto\u0161anai \u0101rpus telp\u0101m: p\u0101rg\u0101jieniem, mak\u0161\u0137er\u0113\u0161anai, \u0101rk\u0101rtas situ\u0101cij\u0101s utt.\" \/>\n<meta name=\"robots\" content=\"index, follow, max-snippet:-1, max-image-preview:large, max-video-preview:-1\" \/>\n<link rel=\"canonical\" href=\"https:\/\/gohike.lv\/ru\/produkts\/miniwell-l800-pargajienu-filtrs-ar-elektrisko-sukni\/\" \/>\n<meta property=\"og:locale\" content=\"ru_RU\" \/>\n<meta property=\"og:type\" content=\"article\" \/>\n<meta property=\"og:title\" content=\"Miniwell \u016adens att\u012br\u012b\u0161ana \u016adens filtri Miniwell\" \/>\n<meta property=\"og:description\" content=\"P\u0101rg\u0101jienu \u016bdens filtrs ar elektronisko s\u016bkni Miniwell L800 ir ide\u0101ls filtrs lieto\u0161anai \u0101rpus telp\u0101m: p\u0101rg\u0101jieniem, mak\u0161\u0137er\u0113\u0161anai, \u0101rk\u0101rtas situ\u0101cij\u0101s utt.\" \/>\n<meta property=\"og:url\" content=\"https:\/\/gohike.lv\/ru\/produkts\/miniwell-l800-pargajienu-filtrs-ar-elektrisko-sukni\/\" \/>\n<meta property=\"og:site_name\" content=\"GoHike\" \/>\n<meta property=\"article:publisher\" content=\"https:\/\/www.facebook.com\/gohike.shop\/\" \/>\n<meta property=\"article:modified_time\" content=\"2025-12-30T14:24:42+00:00\" \/>\n<meta property=\"og:image\" content=\"https:\/\/gohike.lv\/wp-content\/uploads\/2023\/11\/L800.jpg\" \/>\n\t<meta property=\"og:image:width\" content=\"520\" \/>\n\t<meta property=\"og:image:height\" content=\"520\" \/>\n\t<meta property=\"og:image:type\" content=\"image\/jpeg\" \/>\n<meta name=\"twitter:card\" content=\"summary_large_image\" \/>\n<meta name=\"twitter:title\" content=\"Miniwell \u016adens att\u012br\u012b\u0161ana \u016adens filtri Miniwell\" \/>\n<meta name=\"twitter:label1\" content=\"\u041f\u0440\u0438\u043c\u0435\u0440\u043d\u043e\u0435 \u0432\u0440\u0435\u043c\u044f \u0434\u043b\u044f \u0447\u0442\u0435\u043d\u0438\u044f\" \/>\n\t<meta name=\"twitter:data1\" content=\"1 \u043c\u0438\u043d\u0443\u0442\u0430\" \/>\n<script type=\"application\/ld+json\" class=\"yoast-schema-graph\">{\"@context\":\"https:\\\/\\\/schema.org\",\"@graph\":[{\"@type\":[\"WebPage\",\"ItemPage\"],\"@id\":\"https:\\\/\\\/gohike.lv\\\/ru\\\/produkts\\\/miniwell-l800-pargajienu-filtrs-ar-elektrisko-sukni\\\/\",\"url\":\"https:\\\/\\\/gohike.lv\\\/ru\\\/produkts\\\/miniwell-l800-pargajienu-filtrs-ar-elektrisko-sukni\\\/\",\"name\":\"Miniwell \u016adens att\u012br\u012b\u0161ana \u016adens filtri Miniwell\",\"isPartOf\":{\"@id\":\"https:\\\/\\\/gohike.lv\\\/ru\\\/#website\"},\"primaryImageOfPage\":{\"@id\":\"https:\\\/\\\/gohike.lv\\\/ru\\\/produkts\\\/miniwell-l800-pargajienu-filtrs-ar-elektrisko-sukni\\\/#primaryimage\"},\"image\":{\"@id\":\"https:\\\/\\\/gohike.lv\\\/ru\\\/produkts\\\/miniwell-l800-pargajienu-filtrs-ar-elektrisko-sukni\\\/#primaryimage\"},\"thumbnailUrl\":\"https:\\\/\\\/gohike.lv\\\/wp-content\\\/uploads\\\/2023\\\/11\\\/L800.jpg\",\"datePublished\":\"2024-05-08T11:22:51+00:00\",\"dateModified\":\"2025-12-30T14:24:42+00:00\",\"description\":\"P\u0101rg\u0101jienu \u016bdens filtrs ar elektronisko s\u016bkni Miniwell L800 ir ide\u0101ls filtrs lieto\u0161anai \u0101rpus telp\u0101m: p\u0101rg\u0101jieniem, mak\u0161\u0137er\u0113\u0161anai, \u0101rk\u0101rtas situ\u0101cij\u0101s utt.\",\"breadcrumb\":{\"@id\":\"https:\\\/\\\/gohike.lv\\\/ru\\\/produkts\\\/miniwell-l800-pargajienu-filtrs-ar-elektrisko-sukni\\\/#breadcrumb\"},\"inLanguage\":\"ru-RU\",\"potentialAction\":[{\"@type\":\"ReadAction\",\"target\":[\"https:\\\/\\\/gohike.lv\\\/ru\\\/produkts\\\/miniwell-l800-pargajienu-filtrs-ar-elektrisko-sukni\\\/\"]}]},{\"@type\":\"ImageObject\",\"inLanguage\":\"ru-RU\",\"@id\":\"https:\\\/\\\/gohike.lv\\\/ru\\\/produkts\\\/miniwell-l800-pargajienu-filtrs-ar-elektrisko-sukni\\\/#primaryimage\",\"url\":\"https:\\\/\\\/gohike.lv\\\/wp-content\\\/uploads\\\/2023\\\/11\\\/L800.jpg\",\"contentUrl\":\"https:\\\/\\\/gohike.lv\\\/wp-content\\\/uploads\\\/2023\\\/11\\\/L800.jpg\",\"width\":520,\"height\":520},{\"@type\":\"BreadcrumbList\",\"@id\":\"https:\\\/\\\/gohike.lv\\\/ru\\\/produkts\\\/miniwell-l800-pargajienu-filtrs-ar-elektrisko-sukni\\\/#breadcrumb\",\"itemListElement\":[{\"@type\":\"ListItem\",\"position\":1,\"name\":\"\u0413\u043b\u0430\u0432\u043d\u0430\u044f\",\"item\":\"https:\\\/\\\/gohike.lv\\\/ru\\\/\"},{\"@type\":\"ListItem\",\"position\":2,\"name\":\"\u041a\u0430\u0442\u0435\u0433\u043e\u0440\u0438\u0438 \u0442\u043e\u0432\u0430\u0440\u043e\u0432\",\"item\":\"https:\\\/\\\/gohike.lv\\\/%d0%ba%d0%b0%d1%82%d0%b5%d0%b3%d0%be%d1%80%d0%b8%d0%b8-%d1%82%d0%be%d0%b2%d0%b0%d1%80%d0%be%d0%b2\\\/\"},{\"@type\":\"ListItem\",\"position\":3,\"name\":\"Miniwell &#8211; L800 p\u0101rg\u0101jienu filtrs ar elektrisko s\u016bkni\"}]},{\"@type\":\"WebSite\",\"@id\":\"https:\\\/\\\/gohike.lv\\\/ru\\\/#website\",\"url\":\"https:\\\/\\\/gohike.lv\\\/ru\\\/\",\"name\":\"GoHike\",\"description\":\"\",\"publisher\":{\"@id\":\"https:\\\/\\\/gohike.lv\\\/ru\\\/#organization\"},\"potentialAction\":[{\"@type\":\"SearchAction\",\"target\":{\"@type\":\"EntryPoint\",\"urlTemplate\":\"https:\\\/\\\/gohike.lv\\\/ru\\\/?s={search_term_string}\"},\"query-input\":{\"@type\":\"PropertyValueSpecification\",\"valueRequired\":true,\"valueName\":\"search_term_string\"}}],\"inLanguage\":\"ru-RU\"},{\"@type\":\"Organization\",\"@id\":\"https:\\\/\\\/gohike.lv\\\/ru\\\/#organization\",\"name\":\"GoHike\",\"url\":\"https:\\\/\\\/gohike.lv\\\/ru\\\/\",\"logo\":{\"@type\":\"ImageObject\",\"inLanguage\":\"ru-RU\",\"@id\":\"https:\\\/\\\/gohike.lv\\\/ru\\\/#\\\/schema\\\/logo\\\/image\\\/\",\"url\":\"https:\\\/\\\/gohike.lv\\\/wp-content\\\/uploads\\\/2023\\\/08\\\/Logo_GoHike.webp\",\"contentUrl\":\"https:\\\/\\\/gohike.lv\\\/wp-content\\\/uploads\\\/2023\\\/08\\\/Logo_GoHike.webp\",\"width\":512,\"height\":512,\"caption\":\"GoHike\"},\"image\":{\"@id\":\"https:\\\/\\\/gohike.lv\\\/ru\\\/#\\\/schema\\\/logo\\\/image\\\/\"},\"sameAs\":[\"https:\\\/\\\/www.facebook.com\\\/gohike.shop\\\/\",\"https:\\\/\\\/www.instagram.com\\\/gohike.shop\\\/\"]}]}<\/script>\n<!-- \/ Yoast SEO plugin. -->","yoast_head_json":{"title":"Miniwell \u016adens att\u012br\u012b\u0161ana \u016adens filtri Miniwell","description":"P\u0101rg\u0101jienu \u016bdens filtrs ar elektronisko s\u016bkni Miniwell L800 ir ide\u0101ls filtrs lieto\u0161anai \u0101rpus telp\u0101m: p\u0101rg\u0101jieniem, mak\u0161\u0137er\u0113\u0161anai, \u0101rk\u0101rtas situ\u0101cij\u0101s utt.","robots":{"index":"index","follow":"follow","max-snippet":"max-snippet:-1","max-image-preview":"max-image-preview:large","max-video-preview":"max-video-preview:-1"},"canonical":"https:\/\/gohike.lv\/ru\/produkts\/miniwell-l800-pargajienu-filtrs-ar-elektrisko-sukni\/","og_locale":"ru_RU","og_type":"article","og_title":"Miniwell \u016adens att\u012br\u012b\u0161ana \u016adens filtri Miniwell","og_description":"P\u0101rg\u0101jienu \u016bdens filtrs ar elektronisko s\u016bkni Miniwell L800 ir ide\u0101ls filtrs lieto\u0161anai \u0101rpus telp\u0101m: p\u0101rg\u0101jieniem, mak\u0161\u0137er\u0113\u0161anai, \u0101rk\u0101rtas situ\u0101cij\u0101s utt.","og_url":"https:\/\/gohike.lv\/ru\/produkts\/miniwell-l800-pargajienu-filtrs-ar-elektrisko-sukni\/","og_site_name":"GoHike","article_publisher":"https:\/\/www.facebook.com\/gohike.shop\/","article_modified_time":"2025-12-30T14:24:42+00:00","og_image":[{"width":520,"height":520,"url":"https:\/\/gohike.lv\/wp-content\/uploads\/2023\/11\/L800.jpg","type":"image\/jpeg"}],"twitter_card":"summary_large_image","twitter_title":"Miniwell \u016adens att\u012br\u012b\u0161ana \u016adens filtri Miniwell","twitter_misc":{"\u041f\u0440\u0438\u043c\u0435\u0440\u043d\u043e\u0435 \u0432\u0440\u0435\u043c\u044f \u0434\u043b\u044f \u0447\u0442\u0435\u043d\u0438\u044f":"1 \u043c\u0438\u043d\u0443\u0442\u0430"},"schema":{"@context":"https:\/\/schema.org","@graph":[{"@type":["WebPage","ItemPage"],"@id":"https:\/\/gohike.lv\/ru\/produkts\/miniwell-l800-pargajienu-filtrs-ar-elektrisko-sukni\/","url":"https:\/\/gohike.lv\/ru\/produkts\/miniwell-l800-pargajienu-filtrs-ar-elektrisko-sukni\/","name":"Miniwell \u016adens att\u012br\u012b\u0161ana \u016adens filtri Miniwell","isPartOf":{"@id":"https:\/\/gohike.lv\/ru\/#website"},"primaryImageOfPage":{"@id":"https:\/\/gohike.lv\/ru\/produkts\/miniwell-l800-pargajienu-filtrs-ar-elektrisko-sukni\/#primaryimage"},"image":{"@id":"https:\/\/gohike.lv\/ru\/produkts\/miniwell-l800-pargajienu-filtrs-ar-elektrisko-sukni\/#primaryimage"},"thumbnailUrl":"https:\/\/gohike.lv\/wp-content\/uploads\/2023\/11\/L800.jpg","datePublished":"2024-05-08T11:22:51+00:00","dateModified":"2025-12-30T14:24:42+00:00","description":"P\u0101rg\u0101jienu \u016bdens filtrs ar elektronisko s\u016bkni Miniwell L800 ir ide\u0101ls filtrs lieto\u0161anai \u0101rpus telp\u0101m: p\u0101rg\u0101jieniem, mak\u0161\u0137er\u0113\u0161anai, \u0101rk\u0101rtas situ\u0101cij\u0101s utt.","breadcrumb":{"@id":"https:\/\/gohike.lv\/ru\/produkts\/miniwell-l800-pargajienu-filtrs-ar-elektrisko-sukni\/#breadcrumb"},"inLanguage":"ru-RU","potentialAction":[{"@type":"ReadAction","target":["https:\/\/gohike.lv\/ru\/produkts\/miniwell-l800-pargajienu-filtrs-ar-elektrisko-sukni\/"]}]},{"@type":"ImageObject","inLanguage":"ru-RU","@id":"https:\/\/gohike.lv\/ru\/produkts\/miniwell-l800-pargajienu-filtrs-ar-elektrisko-sukni\/#primaryimage","url":"https:\/\/gohike.lv\/wp-content\/uploads\/2023\/11\/L800.jpg","contentUrl":"https:\/\/gohike.lv\/wp-content\/uploads\/2023\/11\/L800.jpg","width":520,"height":520},{"@type":"BreadcrumbList","@id":"https:\/\/gohike.lv\/ru\/produkts\/miniwell-l800-pargajienu-filtrs-ar-elektrisko-sukni\/#breadcrumb","itemListElement":[{"@type":"ListItem","position":1,"name":"\u0413\u043b\u0430\u0432\u043d\u0430\u044f","item":"https:\/\/gohike.lv\/ru\/"},{"@type":"ListItem","position":2,"name":"\u041a\u0430\u0442\u0435\u0433\u043e\u0440\u0438\u0438 \u0442\u043e\u0432\u0430\u0440\u043e\u0432","item":"https:\/\/gohike.lv\/%d0%ba%d0%b0%d1%82%d0%b5%d0%b3%d0%be%d1%80%d0%b8%d0%b8-%d1%82%d0%be%d0%b2%d0%b0%d1%80%d0%be%d0%b2\/"},{"@type":"ListItem","position":3,"name":"Miniwell &#8211; L800 p\u0101rg\u0101jienu filtrs ar elektrisko s\u016bkni"}]},{"@type":"WebSite","@id":"https:\/\/gohike.lv\/ru\/#website","url":"https:\/\/gohike.lv\/ru\/","name":"GoHike","description":"","publisher":{"@id":"https:\/\/gohike.lv\/ru\/#organization"},"potentialAction":[{"@type":"SearchAction","target":{"@type":"EntryPoint","urlTemplate":"https:\/\/gohike.lv\/ru\/?s={search_term_string}"},"query-input":{"@type":"PropertyValueSpecification","valueRequired":true,"valueName":"search_term_string"}}],"inLanguage":"ru-RU"},{"@type":"Organization","@id":"https:\/\/gohike.lv\/ru\/#organization","name":"GoHike","url":"https:\/\/gohike.lv\/ru\/","logo":{"@type":"ImageObject","inLanguage":"ru-RU","@id":"https:\/\/gohike.lv\/ru\/#\/schema\/logo\/image\/","url":"https:\/\/gohike.lv\/wp-content\/uploads\/2023\/08\/Logo_GoHike.webp","contentUrl":"https:\/\/gohike.lv\/wp-content\/uploads\/2023\/08\/Logo_GoHike.webp","width":512,"height":512,"caption":"GoHike"},"image":{"@id":"https:\/\/gohike.lv\/ru\/#\/schema\/logo\/image\/"},"sameAs":["https:\/\/www.facebook.com\/gohike.shop\/","https:\/\/www.instagram.com\/gohike.shop\/"]}]}},"jetpack_sharing_enabled":true,"_links":{"self":[{"href":"https:\/\/gohike.lv\/ru\/wp-json\/wp\/v2\/product\/53627","targetHints":{"allow":["GET"]}}],"collection":[{"href":"https:\/\/gohike.lv\/ru\/wp-json\/wp\/v2\/product"}],"about":[{"href":"https:\/\/gohike.lv\/ru\/wp-json\/wp\/v2\/types\/product"}],"version-history":[{"count":0,"href":"https:\/\/gohike.lv\/ru\/wp-json\/wp\/v2\/product\/53627\/revisions"}],"wp:featuredmedia":[{"embeddable":true,"href":"https:\/\/gohike.lv\/ru\/wp-json\/wp\/v2\/media\/9142"}],"wp:attachment":[{"href":"https:\/\/gohike.lv\/ru\/wp-json\/wp\/v2\/media?parent=53627"}],"wp:term":[{"taxonomy":"product_brand","embeddable":true,"href":"https:\/\/gohike.lv\/ru\/wp-json\/wp\/v2\/product_brand?post=53627"},{"taxonomy":"product_cat","embeddable":true,"href":"https:\/\/gohike.lv\/ru\/wp-json\/wp\/v2\/product_cat?post=53627"},{"taxonomy":"product_tag","embeddable":true,"href":"https:\/\/gohike.lv\/ru\/wp-json\/wp\/v2\/product_tag?post=53627"}],"curies":[{"name":"wp","href":"https:\/\/api.w.org\/{rel}","templated":true}]}}