{"id":53625,"date":"2024-05-08T14:22:51","date_gmt":"2024-05-08T11:22:51","guid":{"rendered":"https:\/\/gohike.lv\/produkts\/miniwell-l610-pump-action-kempinga-udens-filtrs\/"},"modified":"2025-12-30T17:24:42","modified_gmt":"2025-12-30T14:24:42","slug":"miniwell-l610-pump-action-kempinga-udens-filtrs","status":"publish","type":"product","link":"https:\/\/gohike.lv\/ru\/produkts\/miniwell-l610-pump-action-kempinga-udens-filtrs\/","title":{"rendered":"Miniwell &#8212; L610 Pump-Action kempinga \u016bdens filtrs"},"content":{"rendered":"<p>Tr\u012bsk\u0101r\u0161\u0101s filtr\u0113\u0161anas sist\u0113ma (priek\u0161filtrs, oglek\u013ca \u0161\u0137iedra, UF filtrs) no\u0146em nogulsnes, t\u0101rpus, bakt\u0113rijas (piem\u0113ram, salmonellu, hol\u0113ru, kampilobakt\u0113riju, \u0161igella, E coli utt.), vien\u0161\u016b\u0146us (piem\u0113ram, Cryptosporidium, Giardia), paraz\u012btus un v\u012brusus. (piem., Enteric, A hepat\u012bts, norov\u012bruss, rotav\u012bruss) no \u016bdens. Tas ar\u012b samazina smago met\u0101lu, piem\u0113ram, svina, dz\u012bvsudraba, kadmija, koncentr\u0101ciju, k\u0101 ar\u012b nepat\u012bkamo gar\u0161u un smakas.<br \/>\nPieejami nomain\u0101mi filtri.<br \/>\n<iframe title=\"Miniwell L610 Portable water filter\" width=\"1200\" height=\"675\" src=\"https:\/\/www.youtube.com\/embed\/eptQqOgBKG4?feature=oembed\" frameborder=\"0\" allow=\"accelerometer; autoplay; clipboard-write; encrypted-media; gyroscope; picture-in-picture; web-share\" referrerpolicy=\"strict-origin-when-cross-origin\" allowfullscreen><\/iframe><\/p>\n","protected":false},"excerpt":{"rendered":"<p>Miniwell L610 rokas s\u016bknis Camping Water Filter ir neliels, t\u0101p\u0113c to ir viegli un \u0113rti p\u0101rn\u0113s\u0101t.<\/p>\n","protected":false},"featured_media":17556,"template":"","meta":[],"product_brand":[1654],"product_cat":[1375],"product_tag":[],"class_list":{"0":"post-53625","1":"product","2":"type-product","3":"status-publish","4":"has-post-thumbnail","6":"product_brand-miniwell-lv","7":"product_cat-udens-attirisana","8":"pa_filtracijas-poru-izmers-0-01-micron","9":"pa_ieklauti-aksesuari-1-miniwell-l610-udens-filtresanas-sistema-2-iepludes-un-izpludes-slutene-3-parnesasanas-soma-4-rokasgramata","10":"pa_materiali-abs","11":"pa_materiali-oglekla-skiedra","12":"pa_materiali-uf-medicinas-pakape","13":"pa_plusmas-atrums-0-5-l-min","14":"pa_produkta-tips-udens-filtri","16":"first","17":"instock","18":"taxable","19":"shipping-taxable","20":"purchasable","21":"product-type-simple"},"raw_content":{"name":"Miniwell - L610 Pump-Action kempinga \u016bdens filtrs","description":"Tr\u012bsk\u0101r\u0161\u0101s filtr\u0113\u0161anas sist\u0113ma (priek\u0161filtrs, oglek\u013ca \u0161\u0137iedra, UF filtrs) no\u0146em nogulsnes, t\u0101rpus, bakt\u0113rijas (piem\u0113ram, salmonellu, hol\u0113ru, kampilobakt\u0113riju, \u0161igella, E coli utt.), vien\u0161\u016b\u0146us (piem\u0113ram, Cryptosporidium, Giardia), paraz\u012btus un v\u012brusus. (piem., Enteric, A hepat\u012bts, norov\u012bruss, rotav\u012bruss) no \u016bdens. Tas ar\u012b samazina smago met\u0101lu, piem\u0113ram, svina, dz\u012bvsudraba, kadmija, koncentr\u0101ciju, k\u0101 ar\u012b nepat\u012bkamo gar\u0161u un smakas.\nPieejami nomain\u0101mi filtri.\nhttps:\/\/youtu.be\/eptQqOgBKG4","short_description":"Miniwell L610 rokas s\u016bknis Camping Water Filter ir neliels, t\u0101p\u0113c to ir viegli un \u0113rti p\u0101rn\u0113s\u0101t.","status":"publish","sku":"Miniwell_6","original":53625},"wpml":{"translation_type":1,"has_translations":true,"original":53625,"duplicates":[],"translations":{"lv":53625,"en":67970,"ru":null}},"supplier_id":null,"supplier_sku":"","barcode":null,"atum_controlled":true,"out_stock_date":null,"out_stock_threshold":null,"inheritable":false,"inbound_stock":0,"stock_on_hold":0,"sold_today":0,"sales_last_days":0,"reserved_stock":0,"customer_returns":0,"warehouse_damage":0,"lost_in_post":0,"other_logs":0,"out_stock_days":0,"lost_sales":0,"has_location":false,"update_date":"2026-03-19T16:31:51","atum_locations":[],"atum_stock_status":"instock","restock_status":false,"low_stock_amount":"","sales_update_date":"2026-03-19T16:31:51","calc_backorders":null,"yoast_head":"<!-- This site is optimized with the Yoast SEO plugin v27.3 - https:\/\/yoast.com\/product\/yoast-seo-wordpress\/ -->\n<title>Miniwell - L610 Pump-Action kempinga \u016bdens filtrs<\/title>\n<meta name=\"description\" content=\"Miniwell L610 rokas s\u016bknis Camping Water Filter ir neliels, t\u0101p\u0113c to ir viegli un \u0113rti p\u0101rn\u0113s\u0101t.\" \/>\n<meta name=\"robots\" content=\"index, follow, max-snippet:-1, max-image-preview:large, max-video-preview:-1\" \/>\n<link rel=\"canonical\" href=\"https:\/\/gohike.lv\/ru\/produkts\/miniwell-l610-pump-action-kempinga-udens-filtrs\/\" \/>\n<meta property=\"og:locale\" content=\"ru_RU\" \/>\n<meta property=\"og:type\" content=\"article\" \/>\n<meta property=\"og:title\" content=\"Miniwell \u016adens att\u012br\u012b\u0161ana \u016adens filtri Miniwell\" \/>\n<meta property=\"og:description\" content=\"Miniwell L610 rokas s\u016bknis Camping Water Filter ir neliels, t\u0101p\u0113c to ir viegli un \u0113rti p\u0101rn\u0113s\u0101t.\" \/>\n<meta property=\"og:url\" content=\"https:\/\/gohike.lv\/ru\/produkts\/miniwell-l610-pump-action-kempinga-udens-filtrs\/\" \/>\n<meta property=\"og:site_name\" content=\"GoHike\" \/>\n<meta property=\"article:publisher\" content=\"https:\/\/www.facebook.com\/gohike.shop\/\" \/>\n<meta property=\"article:modified_time\" content=\"2025-12-30T14:24:42+00:00\" \/>\n<meta property=\"og:image\" content=\"https:\/\/gohike.lv\/wp-content\/uploads\/2024\/03\/L610_.jpg\" \/>\n\t<meta property=\"og:image:width\" content=\"800\" \/>\n\t<meta property=\"og:image:height\" content=\"702\" \/>\n\t<meta property=\"og:image:type\" content=\"image\/jpeg\" \/>\n<meta name=\"twitter:card\" content=\"summary_large_image\" \/>\n<meta name=\"twitter:title\" content=\"Miniwell \u016adens att\u012br\u012b\u0161ana \u016adens filtri Miniwell\" \/>\n<meta name=\"twitter:label1\" content=\"\u041f\u0440\u0438\u043c\u0435\u0440\u043d\u043e\u0435 \u0432\u0440\u0435\u043c\u044f \u0434\u043b\u044f \u0447\u0442\u0435\u043d\u0438\u044f\" \/>\n\t<meta name=\"twitter:data1\" content=\"1 \u043c\u0438\u043d\u0443\u0442\u0430\" \/>\n<script type=\"application\/ld+json\" class=\"yoast-schema-graph\">{\"@context\":\"https:\\\/\\\/schema.org\",\"@graph\":[{\"@type\":[\"WebPage\",\"ItemPage\"],\"@id\":\"https:\\\/\\\/gohike.lv\\\/ru\\\/produkts\\\/miniwell-l610-pump-action-kempinga-udens-filtrs\\\/\",\"url\":\"https:\\\/\\\/gohike.lv\\\/ru\\\/produkts\\\/miniwell-l610-pump-action-kempinga-udens-filtrs\\\/\",\"name\":\"Miniwell - L610 Pump-Action kempinga \u016bdens filtrs\",\"isPartOf\":{\"@id\":\"https:\\\/\\\/gohike.lv\\\/ru\\\/#website\"},\"primaryImageOfPage\":{\"@id\":\"https:\\\/\\\/gohike.lv\\\/ru\\\/produkts\\\/miniwell-l610-pump-action-kempinga-udens-filtrs\\\/#primaryimage\"},\"image\":{\"@id\":\"https:\\\/\\\/gohike.lv\\\/ru\\\/produkts\\\/miniwell-l610-pump-action-kempinga-udens-filtrs\\\/#primaryimage\"},\"thumbnailUrl\":\"https:\\\/\\\/gohike.lv\\\/wp-content\\\/uploads\\\/2024\\\/03\\\/L610_.jpg\",\"datePublished\":\"2024-05-08T11:22:51+00:00\",\"dateModified\":\"2025-12-30T14:24:42+00:00\",\"description\":\"Miniwell L610 rokas s\u016bknis Camping Water Filter ir neliels, t\u0101p\u0113c to ir viegli un \u0113rti p\u0101rn\u0113s\u0101t.\",\"breadcrumb\":{\"@id\":\"https:\\\/\\\/gohike.lv\\\/ru\\\/produkts\\\/miniwell-l610-pump-action-kempinga-udens-filtrs\\\/#breadcrumb\"},\"inLanguage\":\"ru-RU\",\"potentialAction\":[{\"@type\":\"ReadAction\",\"target\":[\"https:\\\/\\\/gohike.lv\\\/ru\\\/produkts\\\/miniwell-l610-pump-action-kempinga-udens-filtrs\\\/\"]}]},{\"@type\":\"ImageObject\",\"inLanguage\":\"ru-RU\",\"@id\":\"https:\\\/\\\/gohike.lv\\\/ru\\\/produkts\\\/miniwell-l610-pump-action-kempinga-udens-filtrs\\\/#primaryimage\",\"url\":\"https:\\\/\\\/gohike.lv\\\/wp-content\\\/uploads\\\/2024\\\/03\\\/L610_.jpg\",\"contentUrl\":\"https:\\\/\\\/gohike.lv\\\/wp-content\\\/uploads\\\/2024\\\/03\\\/L610_.jpg\",\"width\":800,\"height\":702},{\"@type\":\"BreadcrumbList\",\"@id\":\"https:\\\/\\\/gohike.lv\\\/ru\\\/produkts\\\/miniwell-l610-pump-action-kempinga-udens-filtrs\\\/#breadcrumb\",\"itemListElement\":[{\"@type\":\"ListItem\",\"position\":1,\"name\":\"\u0413\u043b\u0430\u0432\u043d\u0430\u044f\",\"item\":\"https:\\\/\\\/gohike.lv\\\/ru\\\/\"},{\"@type\":\"ListItem\",\"position\":2,\"name\":\"\u041a\u0430\u0442\u0435\u0433\u043e\u0440\u0438\u0438 \u0442\u043e\u0432\u0430\u0440\u043e\u0432\",\"item\":\"https:\\\/\\\/gohike.lv\\\/%d0%ba%d0%b0%d1%82%d0%b5%d0%b3%d0%be%d1%80%d0%b8%d0%b8-%d1%82%d0%be%d0%b2%d0%b0%d1%80%d0%be%d0%b2\\\/\"},{\"@type\":\"ListItem\",\"position\":3,\"name\":\"Miniwell &#8211; L610 Pump-Action kempinga \u016bdens filtrs\"}]},{\"@type\":\"WebSite\",\"@id\":\"https:\\\/\\\/gohike.lv\\\/ru\\\/#website\",\"url\":\"https:\\\/\\\/gohike.lv\\\/ru\\\/\",\"name\":\"GoHike\",\"description\":\"\",\"publisher\":{\"@id\":\"https:\\\/\\\/gohike.lv\\\/ru\\\/#organization\"},\"potentialAction\":[{\"@type\":\"SearchAction\",\"target\":{\"@type\":\"EntryPoint\",\"urlTemplate\":\"https:\\\/\\\/gohike.lv\\\/ru\\\/?s={search_term_string}\"},\"query-input\":{\"@type\":\"PropertyValueSpecification\",\"valueRequired\":true,\"valueName\":\"search_term_string\"}}],\"inLanguage\":\"ru-RU\"},{\"@type\":\"Organization\",\"@id\":\"https:\\\/\\\/gohike.lv\\\/ru\\\/#organization\",\"name\":\"GoHike\",\"url\":\"https:\\\/\\\/gohike.lv\\\/ru\\\/\",\"logo\":{\"@type\":\"ImageObject\",\"inLanguage\":\"ru-RU\",\"@id\":\"https:\\\/\\\/gohike.lv\\\/ru\\\/#\\\/schema\\\/logo\\\/image\\\/\",\"url\":\"https:\\\/\\\/gohike.lv\\\/wp-content\\\/uploads\\\/2023\\\/08\\\/Logo_GoHike.webp\",\"contentUrl\":\"https:\\\/\\\/gohike.lv\\\/wp-content\\\/uploads\\\/2023\\\/08\\\/Logo_GoHike.webp\",\"width\":512,\"height\":512,\"caption\":\"GoHike\"},\"image\":{\"@id\":\"https:\\\/\\\/gohike.lv\\\/ru\\\/#\\\/schema\\\/logo\\\/image\\\/\"},\"sameAs\":[\"https:\\\/\\\/www.facebook.com\\\/gohike.shop\\\/\",\"https:\\\/\\\/www.instagram.com\\\/gohike.shop\\\/\"]}]}<\/script>\n<!-- \/ Yoast SEO plugin. -->","yoast_head_json":{"title":"Miniwell - L610 Pump-Action kempinga \u016bdens filtrs","description":"Miniwell L610 rokas s\u016bknis Camping Water Filter ir neliels, t\u0101p\u0113c to ir viegli un \u0113rti p\u0101rn\u0113s\u0101t.","robots":{"index":"index","follow":"follow","max-snippet":"max-snippet:-1","max-image-preview":"max-image-preview:large","max-video-preview":"max-video-preview:-1"},"canonical":"https:\/\/gohike.lv\/ru\/produkts\/miniwell-l610-pump-action-kempinga-udens-filtrs\/","og_locale":"ru_RU","og_type":"article","og_title":"Miniwell \u016adens att\u012br\u012b\u0161ana \u016adens filtri Miniwell","og_description":"Miniwell L610 rokas s\u016bknis Camping Water Filter ir neliels, t\u0101p\u0113c to ir viegli un \u0113rti p\u0101rn\u0113s\u0101t.","og_url":"https:\/\/gohike.lv\/ru\/produkts\/miniwell-l610-pump-action-kempinga-udens-filtrs\/","og_site_name":"GoHike","article_publisher":"https:\/\/www.facebook.com\/gohike.shop\/","article_modified_time":"2025-12-30T14:24:42+00:00","og_image":[{"width":800,"height":702,"url":"https:\/\/gohike.lv\/wp-content\/uploads\/2024\/03\/L610_.jpg","type":"image\/jpeg"}],"twitter_card":"summary_large_image","twitter_title":"Miniwell \u016adens att\u012br\u012b\u0161ana \u016adens filtri Miniwell","twitter_misc":{"\u041f\u0440\u0438\u043c\u0435\u0440\u043d\u043e\u0435 \u0432\u0440\u0435\u043c\u044f \u0434\u043b\u044f \u0447\u0442\u0435\u043d\u0438\u044f":"1 \u043c\u0438\u043d\u0443\u0442\u0430"},"schema":{"@context":"https:\/\/schema.org","@graph":[{"@type":["WebPage","ItemPage"],"@id":"https:\/\/gohike.lv\/ru\/produkts\/miniwell-l610-pump-action-kempinga-udens-filtrs\/","url":"https:\/\/gohike.lv\/ru\/produkts\/miniwell-l610-pump-action-kempinga-udens-filtrs\/","name":"Miniwell - L610 Pump-Action kempinga \u016bdens filtrs","isPartOf":{"@id":"https:\/\/gohike.lv\/ru\/#website"},"primaryImageOfPage":{"@id":"https:\/\/gohike.lv\/ru\/produkts\/miniwell-l610-pump-action-kempinga-udens-filtrs\/#primaryimage"},"image":{"@id":"https:\/\/gohike.lv\/ru\/produkts\/miniwell-l610-pump-action-kempinga-udens-filtrs\/#primaryimage"},"thumbnailUrl":"https:\/\/gohike.lv\/wp-content\/uploads\/2024\/03\/L610_.jpg","datePublished":"2024-05-08T11:22:51+00:00","dateModified":"2025-12-30T14:24:42+00:00","description":"Miniwell L610 rokas s\u016bknis Camping Water Filter ir neliels, t\u0101p\u0113c to ir viegli un \u0113rti p\u0101rn\u0113s\u0101t.","breadcrumb":{"@id":"https:\/\/gohike.lv\/ru\/produkts\/miniwell-l610-pump-action-kempinga-udens-filtrs\/#breadcrumb"},"inLanguage":"ru-RU","potentialAction":[{"@type":"ReadAction","target":["https:\/\/gohike.lv\/ru\/produkts\/miniwell-l610-pump-action-kempinga-udens-filtrs\/"]}]},{"@type":"ImageObject","inLanguage":"ru-RU","@id":"https:\/\/gohike.lv\/ru\/produkts\/miniwell-l610-pump-action-kempinga-udens-filtrs\/#primaryimage","url":"https:\/\/gohike.lv\/wp-content\/uploads\/2024\/03\/L610_.jpg","contentUrl":"https:\/\/gohike.lv\/wp-content\/uploads\/2024\/03\/L610_.jpg","width":800,"height":702},{"@type":"BreadcrumbList","@id":"https:\/\/gohike.lv\/ru\/produkts\/miniwell-l610-pump-action-kempinga-udens-filtrs\/#breadcrumb","itemListElement":[{"@type":"ListItem","position":1,"name":"\u0413\u043b\u0430\u0432\u043d\u0430\u044f","item":"https:\/\/gohike.lv\/ru\/"},{"@type":"ListItem","position":2,"name":"\u041a\u0430\u0442\u0435\u0433\u043e\u0440\u0438\u0438 \u0442\u043e\u0432\u0430\u0440\u043e\u0432","item":"https:\/\/gohike.lv\/%d0%ba%d0%b0%d1%82%d0%b5%d0%b3%d0%be%d1%80%d0%b8%d0%b8-%d1%82%d0%be%d0%b2%d0%b0%d1%80%d0%be%d0%b2\/"},{"@type":"ListItem","position":3,"name":"Miniwell &#8211; L610 Pump-Action kempinga \u016bdens filtrs"}]},{"@type":"WebSite","@id":"https:\/\/gohike.lv\/ru\/#website","url":"https:\/\/gohike.lv\/ru\/","name":"GoHike","description":"","publisher":{"@id":"https:\/\/gohike.lv\/ru\/#organization"},"potentialAction":[{"@type":"SearchAction","target":{"@type":"EntryPoint","urlTemplate":"https:\/\/gohike.lv\/ru\/?s={search_term_string}"},"query-input":{"@type":"PropertyValueSpecification","valueRequired":true,"valueName":"search_term_string"}}],"inLanguage":"ru-RU"},{"@type":"Organization","@id":"https:\/\/gohike.lv\/ru\/#organization","name":"GoHike","url":"https:\/\/gohike.lv\/ru\/","logo":{"@type":"ImageObject","inLanguage":"ru-RU","@id":"https:\/\/gohike.lv\/ru\/#\/schema\/logo\/image\/","url":"https:\/\/gohike.lv\/wp-content\/uploads\/2023\/08\/Logo_GoHike.webp","contentUrl":"https:\/\/gohike.lv\/wp-content\/uploads\/2023\/08\/Logo_GoHike.webp","width":512,"height":512,"caption":"GoHike"},"image":{"@id":"https:\/\/gohike.lv\/ru\/#\/schema\/logo\/image\/"},"sameAs":["https:\/\/www.facebook.com\/gohike.shop\/","https:\/\/www.instagram.com\/gohike.shop\/"]}]}},"jetpack_sharing_enabled":true,"_links":{"self":[{"href":"https:\/\/gohike.lv\/ru\/wp-json\/wp\/v2\/product\/53625","targetHints":{"allow":["GET"]}}],"collection":[{"href":"https:\/\/gohike.lv\/ru\/wp-json\/wp\/v2\/product"}],"about":[{"href":"https:\/\/gohike.lv\/ru\/wp-json\/wp\/v2\/types\/product"}],"version-history":[{"count":0,"href":"https:\/\/gohike.lv\/ru\/wp-json\/wp\/v2\/product\/53625\/revisions"}],"wp:featuredmedia":[{"embeddable":true,"href":"https:\/\/gohike.lv\/ru\/wp-json\/wp\/v2\/media\/17556"}],"wp:attachment":[{"href":"https:\/\/gohike.lv\/ru\/wp-json\/wp\/v2\/media?parent=53625"}],"wp:term":[{"taxonomy":"product_brand","embeddable":true,"href":"https:\/\/gohike.lv\/ru\/wp-json\/wp\/v2\/product_brand?post=53625"},{"taxonomy":"product_cat","embeddable":true,"href":"https:\/\/gohike.lv\/ru\/wp-json\/wp\/v2\/product_cat?post=53625"},{"taxonomy":"product_tag","embeddable":true,"href":"https:\/\/gohike.lv\/ru\/wp-json\/wp\/v2\/product_tag?post=53625"}],"curies":[{"name":"wp","href":"https:\/\/api.w.org\/{rel}","templated":true}]}}