{"id":53621,"date":"2024-05-08T14:22:51","date_gmt":"2024-05-08T11:22:51","guid":{"rendered":"https:\/\/gohike.lv\/produkts\/miniwell-l605-mugursomas-udens-filtrsr\/"},"modified":"2025-12-30T17:24:42","modified_gmt":"2025-12-30T14:24:42","slug":"miniwell-l605-mugursomas-udens-filtrsr","status":"publish","type":"product","link":"https:\/\/gohike.lv\/ru\/produkts\/miniwell-l605-mugursomas-udens-filtrsr\/","title":{"rendered":"Miniwell &#8212; L605 Mugursomas \u016bdens filtrsr"},"content":{"rendered":"<p>\u0160is vieglais Miniwell \u016bdens filtrs, kas sver tikai 90 g, ir lieliski piem\u0113rots kempingiem un p\u0101rg\u0101jieniem.<br \/>\n<iframe title=\"Miniwell L605 backpacking water filter\" width=\"1200\" height=\"675\" src=\"https:\/\/www.youtube.com\/embed\/YwngH9LYaOs?feature=oembed\" frameborder=\"0\" allow=\"accelerometer; autoplay; clipboard-write; encrypted-media; gyroscope; picture-in-picture; web-share\" referrerpolicy=\"strict-origin-when-cross-origin\" allowfullscreen><\/iframe><br \/>\nTo var izmantot k\u0101 salmi\u0146u, iem\u0113rcot jebkur\u0101 \u016bdens tilpn\u0113, pieskr\u016bv\u0113jot vienreiz\u0113j\u0101s lieto\u0161anas pudeles vai saliekamas pudeles, izveidojiet vienk\u0101r\u0161u DIY gravit\u0101cijas filtr\u0113\u0161anas sist\u0113mu utt.<br \/>\nKatrs filtrs nodro\u0161ina 1000 litrus t\u012bra, dzeram\u0101 \u016bdens.<br \/>\nIr pieejami rezerves filtri.<br \/>\nFiltram ir tr\u012bsk\u0101r\u0161a filtr\u0113\u0161anas sist\u0113ma (oglek\u013ca filtrs, UF membr\u0101na un PP ekr\u0101ns), kas efekt\u012bvi no\u0146em nogulsnes, bakt\u0113rijas, vien\u0161\u016b\u0146us, paraz\u012btus un mikroplastmasu.<br \/>\nOglek\u013ca filtrs no\u0146em hloru un smagos met\u0101lus, piem\u0113ram, svinu, dz\u012bvsudrabu, kadmiju un uzlabo \u016bdens gar\u0161u.<\/p>\n","protected":false},"excerpt":{"rendered":"<p>Jauns dizains ar v\u012btni ab\u0101s pus\u0113s.<\/p>\n","protected":false},"featured_media":17543,"template":"","meta":[],"product_brand":[1654],"product_cat":[1375],"product_tag":[],"class_list":{"0":"post-53621","1":"product","2":"type-product","3":"status-publish","4":"has-post-thumbnail","6":"product_brand-miniwell-lv","7":"product_cat-udens-attirisana","8":"pa_filtracijas-poru-izmers-0-1-micron","9":"pa_ieklauti-aksesuari-2-saliekamas-pudeles","10":"pa_ieklauti-aksesuari-pp-ekrans-5gab","11":"pa_materiali-abs-partikas-kvalitate","12":"pa_materiali-oglekla-skiedra","13":"pa_materiali-pe","14":"pa_materiali-uf-auduma","15":"pa_plusmas-atrums-0-1-0-6-l-min","16":"pa_produkta-tips-udens-filtri","18":"first","19":"instock","20":"taxable","21":"shipping-taxable","22":"purchasable","23":"product-type-simple"},"raw_content":{"name":"Miniwell - L605 Mugursomas \u016bdens filtrsr","description":"\u0160is vieglais Miniwell \u016bdens filtrs, kas sver tikai 90 g, ir lieliski piem\u0113rots kempingiem un p\u0101rg\u0101jieniem.\nhttps:\/\/youtu.be\/YwngH9LYaOs\nTo var izmantot k\u0101 salmi\u0146u, iem\u0113rcot jebkur\u0101 \u016bdens tilpn\u0113, pieskr\u016bv\u0113jot vienreiz\u0113j\u0101s lieto\u0161anas pudeles vai saliekamas pudeles, izveidojiet vienk\u0101r\u0161u DIY gravit\u0101cijas filtr\u0113\u0161anas sist\u0113mu utt.\nKatrs filtrs nodro\u0161ina 1000 litrus t\u012bra, dzeram\u0101 \u016bdens.\nIr pieejami rezerves filtri.\nFiltram ir tr\u012bsk\u0101r\u0161a filtr\u0113\u0161anas sist\u0113ma (oglek\u013ca filtrs, UF membr\u0101na un PP ekr\u0101ns), kas efekt\u012bvi no\u0146em nogulsnes, bakt\u0113rijas, vien\u0161\u016b\u0146us, paraz\u012btus un mikroplastmasu.\nOglek\u013ca filtrs no\u0146em hloru un smagos met\u0101lus, piem\u0113ram, svinu, dz\u012bvsudrabu, kadmiju un uzlabo \u016bdens gar\u0161u.","short_description":"Jauns dizains ar v\u012btni ab\u0101s pus\u0113s.","status":"publish","sku":"Miniwell_4","original":53621},"wpml":{"translation_type":1,"has_translations":true,"original":53621,"duplicates":[],"translations":{"lv":53621,"en":67974,"ru":null}},"supplier_id":null,"supplier_sku":"","barcode":null,"atum_controlled":true,"out_stock_date":null,"out_stock_threshold":null,"inheritable":false,"inbound_stock":0,"stock_on_hold":0,"sold_today":0,"sales_last_days":0,"reserved_stock":0,"customer_returns":0,"warehouse_damage":0,"lost_in_post":0,"other_logs":0,"out_stock_days":0,"lost_sales":0,"has_location":false,"update_date":"2026-03-19T16:31:51","atum_locations":[],"atum_stock_status":"instock","restock_status":false,"low_stock_amount":"","sales_update_date":"2026-03-19T16:31:51","calc_backorders":null,"yoast_head":"<!-- This site is optimized with the Yoast SEO plugin v27.3 - https:\/\/yoast.com\/product\/yoast-seo-wordpress\/ -->\n<title>Miniwell \u016adens att\u012br\u012b\u0161ana \u016adens filtri Miniwell<\/title>\n<meta name=\"description\" content=\"Jauns dizains ar v\u012btn\u0113m ab\u0101s pus\u0113s (vienlaic\u012bgi var piestiprin\u0101t 2 pudeles).\" \/>\n<meta name=\"robots\" content=\"index, follow, max-snippet:-1, max-image-preview:large, max-video-preview:-1\" \/>\n<link rel=\"canonical\" href=\"https:\/\/gohike.lv\/ru\/produkts\/miniwell-l605-mugursomas-udens-filtrsr\/\" \/>\n<meta property=\"og:locale\" content=\"ru_RU\" \/>\n<meta property=\"og:type\" content=\"article\" \/>\n<meta property=\"og:title\" content=\"Miniwell \u016adens att\u012br\u012b\u0161ana \u016adens filtri Miniwell\" \/>\n<meta property=\"og:description\" content=\"Jauns dizains ar v\u012btn\u0113m ab\u0101s pus\u0113s (vienlaic\u012bgi var piestiprin\u0101t 2 pudeles).\" \/>\n<meta property=\"og:url\" content=\"https:\/\/gohike.lv\/ru\/produkts\/miniwell-l605-mugursomas-udens-filtrsr\/\" \/>\n<meta property=\"og:site_name\" content=\"GoHike\" \/>\n<meta property=\"article:publisher\" content=\"https:\/\/www.facebook.com\/gohike.shop\/\" \/>\n<meta property=\"article:modified_time\" content=\"2025-12-30T14:24:42+00:00\" \/>\n<meta property=\"og:image\" content=\"https:\/\/gohike.lv\/wp-content\/uploads\/2024\/03\/L605filter_.jpg\" \/>\n\t<meta property=\"og:image:width\" content=\"1455\" \/>\n\t<meta property=\"og:image:height\" content=\"1455\" \/>\n\t<meta property=\"og:image:type\" content=\"image\/jpeg\" \/>\n<meta name=\"twitter:card\" content=\"summary_large_image\" \/>\n<meta name=\"twitter:title\" content=\"Miniwell \u016adens att\u012br\u012b\u0161ana \u016adens filtri Miniwell\" \/>\n<meta name=\"twitter:label1\" content=\"\u041f\u0440\u0438\u043c\u0435\u0440\u043d\u043e\u0435 \u0432\u0440\u0435\u043c\u044f \u0434\u043b\u044f \u0447\u0442\u0435\u043d\u0438\u044f\" \/>\n\t<meta name=\"twitter:data1\" content=\"1 \u043c\u0438\u043d\u0443\u0442\u0430\" \/>\n<script type=\"application\/ld+json\" class=\"yoast-schema-graph\">{\"@context\":\"https:\\\/\\\/schema.org\",\"@graph\":[{\"@type\":[\"WebPage\",\"ItemPage\"],\"@id\":\"https:\\\/\\\/gohike.lv\\\/ru\\\/produkts\\\/miniwell-l605-mugursomas-udens-filtrsr\\\/\",\"url\":\"https:\\\/\\\/gohike.lv\\\/ru\\\/produkts\\\/miniwell-l605-mugursomas-udens-filtrsr\\\/\",\"name\":\"Miniwell \u016adens att\u012br\u012b\u0161ana \u016adens filtri Miniwell\",\"isPartOf\":{\"@id\":\"https:\\\/\\\/gohike.lv\\\/ru\\\/#website\"},\"primaryImageOfPage\":{\"@id\":\"https:\\\/\\\/gohike.lv\\\/ru\\\/produkts\\\/miniwell-l605-mugursomas-udens-filtrsr\\\/#primaryimage\"},\"image\":{\"@id\":\"https:\\\/\\\/gohike.lv\\\/ru\\\/produkts\\\/miniwell-l605-mugursomas-udens-filtrsr\\\/#primaryimage\"},\"thumbnailUrl\":\"https:\\\/\\\/gohike.lv\\\/wp-content\\\/uploads\\\/2024\\\/03\\\/L605filter_.jpg\",\"datePublished\":\"2024-05-08T11:22:51+00:00\",\"dateModified\":\"2025-12-30T14:24:42+00:00\",\"description\":\"Jauns dizains ar v\u012btn\u0113m ab\u0101s pus\u0113s (vienlaic\u012bgi var piestiprin\u0101t 2 pudeles).\",\"breadcrumb\":{\"@id\":\"https:\\\/\\\/gohike.lv\\\/ru\\\/produkts\\\/miniwell-l605-mugursomas-udens-filtrsr\\\/#breadcrumb\"},\"inLanguage\":\"ru-RU\",\"potentialAction\":[{\"@type\":\"ReadAction\",\"target\":[\"https:\\\/\\\/gohike.lv\\\/ru\\\/produkts\\\/miniwell-l605-mugursomas-udens-filtrsr\\\/\"]}]},{\"@type\":\"ImageObject\",\"inLanguage\":\"ru-RU\",\"@id\":\"https:\\\/\\\/gohike.lv\\\/ru\\\/produkts\\\/miniwell-l605-mugursomas-udens-filtrsr\\\/#primaryimage\",\"url\":\"https:\\\/\\\/gohike.lv\\\/wp-content\\\/uploads\\\/2024\\\/03\\\/L605filter_.jpg\",\"contentUrl\":\"https:\\\/\\\/gohike.lv\\\/wp-content\\\/uploads\\\/2024\\\/03\\\/L605filter_.jpg\",\"width\":1455,\"height\":1455},{\"@type\":\"BreadcrumbList\",\"@id\":\"https:\\\/\\\/gohike.lv\\\/ru\\\/produkts\\\/miniwell-l605-mugursomas-udens-filtrsr\\\/#breadcrumb\",\"itemListElement\":[{\"@type\":\"ListItem\",\"position\":1,\"name\":\"\u0413\u043b\u0430\u0432\u043d\u0430\u044f\",\"item\":\"https:\\\/\\\/gohike.lv\\\/ru\\\/\"},{\"@type\":\"ListItem\",\"position\":2,\"name\":\"\u041a\u0430\u0442\u0435\u0433\u043e\u0440\u0438\u0438 \u0442\u043e\u0432\u0430\u0440\u043e\u0432\",\"item\":\"https:\\\/\\\/gohike.lv\\\/%d0%ba%d0%b0%d1%82%d0%b5%d0%b3%d0%be%d1%80%d0%b8%d0%b8-%d1%82%d0%be%d0%b2%d0%b0%d1%80%d0%be%d0%b2\\\/\"},{\"@type\":\"ListItem\",\"position\":3,\"name\":\"Miniwell &#8211; L605 Mugursomas \u016bdens filtrsr\"}]},{\"@type\":\"WebSite\",\"@id\":\"https:\\\/\\\/gohike.lv\\\/ru\\\/#website\",\"url\":\"https:\\\/\\\/gohike.lv\\\/ru\\\/\",\"name\":\"GoHike\",\"description\":\"\",\"publisher\":{\"@id\":\"https:\\\/\\\/gohike.lv\\\/ru\\\/#organization\"},\"potentialAction\":[{\"@type\":\"SearchAction\",\"target\":{\"@type\":\"EntryPoint\",\"urlTemplate\":\"https:\\\/\\\/gohike.lv\\\/ru\\\/?s={search_term_string}\"},\"query-input\":{\"@type\":\"PropertyValueSpecification\",\"valueRequired\":true,\"valueName\":\"search_term_string\"}}],\"inLanguage\":\"ru-RU\"},{\"@type\":\"Organization\",\"@id\":\"https:\\\/\\\/gohike.lv\\\/ru\\\/#organization\",\"name\":\"GoHike\",\"url\":\"https:\\\/\\\/gohike.lv\\\/ru\\\/\",\"logo\":{\"@type\":\"ImageObject\",\"inLanguage\":\"ru-RU\",\"@id\":\"https:\\\/\\\/gohike.lv\\\/ru\\\/#\\\/schema\\\/logo\\\/image\\\/\",\"url\":\"https:\\\/\\\/gohike.lv\\\/wp-content\\\/uploads\\\/2023\\\/08\\\/Logo_GoHike.webp\",\"contentUrl\":\"https:\\\/\\\/gohike.lv\\\/wp-content\\\/uploads\\\/2023\\\/08\\\/Logo_GoHike.webp\",\"width\":512,\"height\":512,\"caption\":\"GoHike\"},\"image\":{\"@id\":\"https:\\\/\\\/gohike.lv\\\/ru\\\/#\\\/schema\\\/logo\\\/image\\\/\"},\"sameAs\":[\"https:\\\/\\\/www.facebook.com\\\/gohike.shop\\\/\",\"https:\\\/\\\/www.instagram.com\\\/gohike.shop\\\/\"]}]}<\/script>\n<!-- \/ Yoast SEO plugin. -->","yoast_head_json":{"title":"Miniwell \u016adens att\u012br\u012b\u0161ana \u016adens filtri Miniwell","description":"Jauns dizains ar v\u012btn\u0113m ab\u0101s pus\u0113s (vienlaic\u012bgi var piestiprin\u0101t 2 pudeles).","robots":{"index":"index","follow":"follow","max-snippet":"max-snippet:-1","max-image-preview":"max-image-preview:large","max-video-preview":"max-video-preview:-1"},"canonical":"https:\/\/gohike.lv\/ru\/produkts\/miniwell-l605-mugursomas-udens-filtrsr\/","og_locale":"ru_RU","og_type":"article","og_title":"Miniwell \u016adens att\u012br\u012b\u0161ana \u016adens filtri Miniwell","og_description":"Jauns dizains ar v\u012btn\u0113m ab\u0101s pus\u0113s (vienlaic\u012bgi var piestiprin\u0101t 2 pudeles).","og_url":"https:\/\/gohike.lv\/ru\/produkts\/miniwell-l605-mugursomas-udens-filtrsr\/","og_site_name":"GoHike","article_publisher":"https:\/\/www.facebook.com\/gohike.shop\/","article_modified_time":"2025-12-30T14:24:42+00:00","og_image":[{"width":1455,"height":1455,"url":"https:\/\/gohike.lv\/wp-content\/uploads\/2024\/03\/L605filter_.jpg","type":"image\/jpeg"}],"twitter_card":"summary_large_image","twitter_title":"Miniwell \u016adens att\u012br\u012b\u0161ana \u016adens filtri Miniwell","twitter_misc":{"\u041f\u0440\u0438\u043c\u0435\u0440\u043d\u043e\u0435 \u0432\u0440\u0435\u043c\u044f \u0434\u043b\u044f \u0447\u0442\u0435\u043d\u0438\u044f":"1 \u043c\u0438\u043d\u0443\u0442\u0430"},"schema":{"@context":"https:\/\/schema.org","@graph":[{"@type":["WebPage","ItemPage"],"@id":"https:\/\/gohike.lv\/ru\/produkts\/miniwell-l605-mugursomas-udens-filtrsr\/","url":"https:\/\/gohike.lv\/ru\/produkts\/miniwell-l605-mugursomas-udens-filtrsr\/","name":"Miniwell \u016adens att\u012br\u012b\u0161ana \u016adens filtri Miniwell","isPartOf":{"@id":"https:\/\/gohike.lv\/ru\/#website"},"primaryImageOfPage":{"@id":"https:\/\/gohike.lv\/ru\/produkts\/miniwell-l605-mugursomas-udens-filtrsr\/#primaryimage"},"image":{"@id":"https:\/\/gohike.lv\/ru\/produkts\/miniwell-l605-mugursomas-udens-filtrsr\/#primaryimage"},"thumbnailUrl":"https:\/\/gohike.lv\/wp-content\/uploads\/2024\/03\/L605filter_.jpg","datePublished":"2024-05-08T11:22:51+00:00","dateModified":"2025-12-30T14:24:42+00:00","description":"Jauns dizains ar v\u012btn\u0113m ab\u0101s pus\u0113s (vienlaic\u012bgi var piestiprin\u0101t 2 pudeles).","breadcrumb":{"@id":"https:\/\/gohike.lv\/ru\/produkts\/miniwell-l605-mugursomas-udens-filtrsr\/#breadcrumb"},"inLanguage":"ru-RU","potentialAction":[{"@type":"ReadAction","target":["https:\/\/gohike.lv\/ru\/produkts\/miniwell-l605-mugursomas-udens-filtrsr\/"]}]},{"@type":"ImageObject","inLanguage":"ru-RU","@id":"https:\/\/gohike.lv\/ru\/produkts\/miniwell-l605-mugursomas-udens-filtrsr\/#primaryimage","url":"https:\/\/gohike.lv\/wp-content\/uploads\/2024\/03\/L605filter_.jpg","contentUrl":"https:\/\/gohike.lv\/wp-content\/uploads\/2024\/03\/L605filter_.jpg","width":1455,"height":1455},{"@type":"BreadcrumbList","@id":"https:\/\/gohike.lv\/ru\/produkts\/miniwell-l605-mugursomas-udens-filtrsr\/#breadcrumb","itemListElement":[{"@type":"ListItem","position":1,"name":"\u0413\u043b\u0430\u0432\u043d\u0430\u044f","item":"https:\/\/gohike.lv\/ru\/"},{"@type":"ListItem","position":2,"name":"\u041a\u0430\u0442\u0435\u0433\u043e\u0440\u0438\u0438 \u0442\u043e\u0432\u0430\u0440\u043e\u0432","item":"https:\/\/gohike.lv\/%d0%ba%d0%b0%d1%82%d0%b5%d0%b3%d0%be%d1%80%d0%b8%d0%b8-%d1%82%d0%be%d0%b2%d0%b0%d1%80%d0%be%d0%b2\/"},{"@type":"ListItem","position":3,"name":"Miniwell &#8211; L605 Mugursomas \u016bdens filtrsr"}]},{"@type":"WebSite","@id":"https:\/\/gohike.lv\/ru\/#website","url":"https:\/\/gohike.lv\/ru\/","name":"GoHike","description":"","publisher":{"@id":"https:\/\/gohike.lv\/ru\/#organization"},"potentialAction":[{"@type":"SearchAction","target":{"@type":"EntryPoint","urlTemplate":"https:\/\/gohike.lv\/ru\/?s={search_term_string}"},"query-input":{"@type":"PropertyValueSpecification","valueRequired":true,"valueName":"search_term_string"}}],"inLanguage":"ru-RU"},{"@type":"Organization","@id":"https:\/\/gohike.lv\/ru\/#organization","name":"GoHike","url":"https:\/\/gohike.lv\/ru\/","logo":{"@type":"ImageObject","inLanguage":"ru-RU","@id":"https:\/\/gohike.lv\/ru\/#\/schema\/logo\/image\/","url":"https:\/\/gohike.lv\/wp-content\/uploads\/2023\/08\/Logo_GoHike.webp","contentUrl":"https:\/\/gohike.lv\/wp-content\/uploads\/2023\/08\/Logo_GoHike.webp","width":512,"height":512,"caption":"GoHike"},"image":{"@id":"https:\/\/gohike.lv\/ru\/#\/schema\/logo\/image\/"},"sameAs":["https:\/\/www.facebook.com\/gohike.shop\/","https:\/\/www.instagram.com\/gohike.shop\/"]}]}},"jetpack_sharing_enabled":true,"_links":{"self":[{"href":"https:\/\/gohike.lv\/ru\/wp-json\/wp\/v2\/product\/53621","targetHints":{"allow":["GET"]}}],"collection":[{"href":"https:\/\/gohike.lv\/ru\/wp-json\/wp\/v2\/product"}],"about":[{"href":"https:\/\/gohike.lv\/ru\/wp-json\/wp\/v2\/types\/product"}],"version-history":[{"count":0,"href":"https:\/\/gohike.lv\/ru\/wp-json\/wp\/v2\/product\/53621\/revisions"}],"wp:featuredmedia":[{"embeddable":true,"href":"https:\/\/gohike.lv\/ru\/wp-json\/wp\/v2\/media\/17543"}],"wp:attachment":[{"href":"https:\/\/gohike.lv\/ru\/wp-json\/wp\/v2\/media?parent=53621"}],"wp:term":[{"taxonomy":"product_brand","embeddable":true,"href":"https:\/\/gohike.lv\/ru\/wp-json\/wp\/v2\/product_brand?post=53621"},{"taxonomy":"product_cat","embeddable":true,"href":"https:\/\/gohike.lv\/ru\/wp-json\/wp\/v2\/product_cat?post=53621"},{"taxonomy":"product_tag","embeddable":true,"href":"https:\/\/gohike.lv\/ru\/wp-json\/wp\/v2\/product_tag?post=53621"}],"curies":[{"name":"wp","href":"https:\/\/api.w.org\/{rel}","templated":true}]}}