{"id":53619,"date":"2024-05-08T14:22:51","date_gmt":"2024-05-08T11:22:51","guid":{"rendered":"https:\/\/gohike.lv\/produkts\/miniwell-l620-saliekama-udens-pudele-ar-filtru\/"},"modified":"2026-01-02T20:17:44","modified_gmt":"2026-01-02T17:17:44","slug":"miniwell-l620-saliekama-udens-pudele-ar-filtru","status":"publish","type":"product","link":"https:\/\/gohike.lv\/ru\/produkts\/miniwell-l620-saliekama-udens-pudele-ar-filtru\/","title":{"rendered":"Miniwell &#8212; L620 saliekama \u016bdens pudele ar filtru"},"content":{"rendered":"<p>Galven\u0101s funkcijas un specifik\u0101cijas:<br \/>\nDivpak\u0101pju UF membr\u0101na (0,1 mikrons) ar oglek\u013ca \u0161\u0137iedru no\u0146em \u016bdens bakt\u0113rijas, samazina smago met\u0101lu daudzumu un uzlabo filtr\u0113t\u0101 \u016bdens gar\u0161u.<br \/>\nL620 oglek\u013ca \u0161\u0137iedra samazina kait\u012bgo pies\u0101r\u0146ojumu, tostarp hloru, fluoru, svinu, dz\u012bvsudrabu un lauksaimniec\u012bbas noteces.<br \/>\nHlora no\u0146em\u0161anas efektivit\u0101tes ilgums ir 6-8 reizes ilg\u0101ks nek\u0101 liel\u0101kajai da\u013cai citu portat\u012bvo filtru.<br \/>\nChemical Free filtr\u0113\u0161anas veids: UF membr\u0101na (0,1 mikronu poru diametrs) sp\u0113j no\u0146emt 99,99% bakt\u0113riju, da\u013ci\u0146u un kolo\u012bdus. \u016adens att\u012br\u012b\u0161anai netiek izmantotas \u0137imik\u0101lijas, piem\u0113ram, hlors, broms vai jods.<br \/>\nUF membr\u0101na neno\u0146em labv\u0113l\u012bgus miner\u0101lus.<br \/>\nUF membr\u0101nu var izskalot, lai pagarin\u0101tu t\u0101s kalpo\u0161anas laiku.<br \/>\nSaliekam\u0101 \u016bdens pudele ir izgatavota no PE plastmasas, kas nesatur BPA.<br \/>\nFiltra salmi\u0146u var atdal\u012bt no pudeles un izmantot k\u0101 filtr\u0113\u0161anas salmi\u0146u.<br \/>\nKvalitat\u012bvs tur\u0113t\u0101js atgr\u016b\u017e \u016bdeni no virsmas un komplekt\u0101 iek\u013caut\u0101 karab\u012bne piestiprina pudeli pie somas.<br \/>\nP\u0101rbaud\u012bts un sertific\u0113jis FDA un SGS.<\/p>\n","protected":false},"excerpt":{"rendered":"<p>Piepildiet Miniwell L620 saliekamo filtr\u0113t\u0101 \u016bdens pudeli ar svaigu \u016bdeni no dab\u012bgiem avotiem (ezeriem, up\u0113m utt.) vai kr\u0101na \u016bdeni un uzreiz p\u0101rv\u0113rtiet to dro\u0161\u0101 dzeramaj\u0101 \u016bden\u012b.<\/p>\n","protected":false},"featured_media":17529,"template":"","meta":[],"product_brand":[1654],"product_cat":[1375],"product_tag":[],"class_list":{"0":"post-53619","1":"product","2":"type-product","3":"status-publish","4":"has-post-thumbnail","6":"product_brand-miniwell-lv","7":"product_cat-udens-attirisana","8":"pa_filtracijas-poru-izmers-0-1-micron","9":"pa_ieklauti-aksesuari-miniwell-l620-udens-filtrs-ar-saliekamu-pudeli-ieklauts-rezerves-spiedes-maisins","10":"pa_materiali-abs-partikas-kvalitate","11":"pa_materiali-oglekla-skiedra","12":"pa_materiali-pe","13":"pa_materiali-uf-membrana","14":"pa_produkta-tips-udens-filtri","15":"pa_udens-rezervuara-ietilpiba-0-7l","17":"first","18":"instock","19":"taxable","20":"shipping-taxable","21":"purchasable","22":"product-type-simple"},"raw_content":{"name":"Miniwell - L620 saliekama \u016bdens pudele ar filtru","description":"Galven\u0101s funkcijas un specifik\u0101cijas:\nDivpak\u0101pju UF membr\u0101na (0,1 mikrons) ar oglek\u013ca \u0161\u0137iedru no\u0146em \u016bdens bakt\u0113rijas, samazina smago met\u0101lu daudzumu un uzlabo filtr\u0113t\u0101 \u016bdens gar\u0161u.\nL620 oglek\u013ca \u0161\u0137iedra samazina kait\u012bgo pies\u0101r\u0146ojumu, tostarp hloru, fluoru, svinu, dz\u012bvsudrabu un lauksaimniec\u012bbas noteces.\nHlora no\u0146em\u0161anas efektivit\u0101tes ilgums ir 6-8 reizes ilg\u0101ks nek\u0101 liel\u0101kajai da\u013cai citu portat\u012bvo filtru.\nChemical Free filtr\u0113\u0161anas veids: UF membr\u0101na (0,1 mikronu poru diametrs) sp\u0113j no\u0146emt 99,99% bakt\u0113riju, da\u013ci\u0146u un kolo\u012bdus. \u016adens att\u012br\u012b\u0161anai netiek izmantotas \u0137imik\u0101lijas, piem\u0113ram, hlors, broms vai jods.\nUF membr\u0101na neno\u0146em labv\u0113l\u012bgus miner\u0101lus.\nUF membr\u0101nu var izskalot, lai pagarin\u0101tu t\u0101s kalpo\u0161anas laiku.\nSaliekam\u0101 \u016bdens pudele ir izgatavota no PE plastmasas, kas nesatur BPA.\nFiltra salmi\u0146u var atdal\u012bt no pudeles un izmantot k\u0101 filtr\u0113\u0161anas salmi\u0146u.\nKvalitat\u012bvs tur\u0113t\u0101js atgr\u016b\u017e \u016bdeni no virsmas un komplekt\u0101 iek\u013caut\u0101 karab\u012bne piestiprina pudeli pie somas.\nP\u0101rbaud\u012bts un sertific\u0113jis FDA un SGS.","short_description":"Piepildiet Miniwell L620 saliekamo filtr\u0113t\u0101 \u016bdens pudeli ar svaigu \u016bdeni no dab\u012bgiem avotiem (ezeriem, up\u0113m utt.) vai kr\u0101na \u016bdeni un uzreiz p\u0101rv\u0113rtiet to dro\u0161\u0101 dzeramaj\u0101 \u016bden\u012b.","status":"publish","sku":"Miniwell_3","original":53619},"wpml":{"translation_type":1,"has_translations":true,"original":53619,"duplicates":[],"translations":{"lv":53619,"en":67976,"ru":null}},"supplier_id":null,"supplier_sku":"","barcode":null,"atum_controlled":true,"out_stock_date":null,"out_stock_threshold":null,"inheritable":false,"inbound_stock":0,"stock_on_hold":0,"sold_today":0,"sales_last_days":0,"reserved_stock":0,"customer_returns":0,"warehouse_damage":0,"lost_in_post":0,"other_logs":0,"out_stock_days":0,"lost_sales":0,"has_location":false,"update_date":"2026-03-19T16:31:51","atum_locations":[],"atum_stock_status":"instock","restock_status":false,"low_stock_amount":"","sales_update_date":"2026-03-19T16:31:51","calc_backorders":null,"yoast_head":"<!-- This site is optimized with the Yoast SEO plugin v27.3 - https:\/\/yoast.com\/product\/yoast-seo-wordpress\/ -->\n<title>Miniwell - L620 saliekama \u016bdens pudele ar filtru<\/title>\n<meta name=\"description\" content=\"Piepildiet Miniwell L620 saliekamo filtr\u0113t\u0101 \u016bdens pudeli ar svaigu \u016bdeni no dab\u012bgiem avotiem (ezeriem, up\u0113m utt.) vai kr\u0101na \u016bdeni un uzreiz p\u0101rv\u0113rtiet to dro\u0161\u0101 dzeramaj\u0101 \u016bden\u012b.\" \/>\n<meta name=\"robots\" content=\"index, follow, max-snippet:-1, max-image-preview:large, max-video-preview:-1\" \/>\n<link rel=\"canonical\" href=\"https:\/\/gohike.lv\/ru\/produkts\/miniwell-l620-saliekama-udens-pudele-ar-filtru\/\" \/>\n<meta property=\"og:locale\" content=\"ru_RU\" \/>\n<meta property=\"og:type\" content=\"article\" \/>\n<meta property=\"og:title\" content=\"Miniwell \u016adens att\u012br\u012b\u0161ana \u016adens filtri Miniwell\" \/>\n<meta property=\"og:description\" content=\"Piepildiet Miniwell L620 saliekamo filtr\u0113t\u0101 \u016bdens pudeli ar svaigu \u016bdeni no dab\u012bgiem avotiem (ezeriem, up\u0113m utt.) vai kr\u0101na \u016bdeni un uzreiz p\u0101rv\u0113rtiet to dro\u0161\u0101 dzeramaj\u0101 \u016bden\u012b.\" \/>\n<meta property=\"og:url\" content=\"https:\/\/gohike.lv\/ru\/produkts\/miniwell-l620-saliekama-udens-pudele-ar-filtru\/\" \/>\n<meta property=\"og:site_name\" content=\"GoHike\" \/>\n<meta property=\"article:publisher\" content=\"https:\/\/www.facebook.com\/gohike.shop\/\" \/>\n<meta property=\"article:modified_time\" content=\"2026-01-02T17:17:44+00:00\" \/>\n<meta property=\"og:image\" content=\"https:\/\/gohike.lv\/wp-content\/uploads\/2024\/03\/L620_.webp\" \/>\n\t<meta property=\"og:image:width\" content=\"1000\" \/>\n\t<meta property=\"og:image:height\" content=\"1000\" \/>\n\t<meta property=\"og:image:type\" content=\"image\/webp\" \/>\n<meta name=\"twitter:card\" content=\"summary_large_image\" \/>\n<meta name=\"twitter:title\" content=\"Miniwell \u016adens att\u012br\u012b\u0161ana \u016adens filtri Miniwell\" \/>\n<meta name=\"twitter:label1\" content=\"\u041f\u0440\u0438\u043c\u0435\u0440\u043d\u043e\u0435 \u0432\u0440\u0435\u043c\u044f \u0434\u043b\u044f \u0447\u0442\u0435\u043d\u0438\u044f\" \/>\n\t<meta name=\"twitter:data1\" content=\"1 \u043c\u0438\u043d\u0443\u0442\u0430\" \/>\n<script type=\"application\/ld+json\" class=\"yoast-schema-graph\">{\"@context\":\"https:\\\/\\\/schema.org\",\"@graph\":[{\"@type\":[\"WebPage\",\"ItemPage\"],\"@id\":\"https:\\\/\\\/gohike.lv\\\/ru\\\/produkts\\\/miniwell-l620-saliekama-udens-pudele-ar-filtru\\\/\",\"url\":\"https:\\\/\\\/gohike.lv\\\/ru\\\/produkts\\\/miniwell-l620-saliekama-udens-pudele-ar-filtru\\\/\",\"name\":\"Miniwell - L620 saliekama \u016bdens pudele ar filtru\",\"isPartOf\":{\"@id\":\"https:\\\/\\\/gohike.lv\\\/ru\\\/#website\"},\"primaryImageOfPage\":{\"@id\":\"https:\\\/\\\/gohike.lv\\\/ru\\\/produkts\\\/miniwell-l620-saliekama-udens-pudele-ar-filtru\\\/#primaryimage\"},\"image\":{\"@id\":\"https:\\\/\\\/gohike.lv\\\/ru\\\/produkts\\\/miniwell-l620-saliekama-udens-pudele-ar-filtru\\\/#primaryimage\"},\"thumbnailUrl\":\"https:\\\/\\\/gohike.lv\\\/wp-content\\\/uploads\\\/2024\\\/03\\\/L620_.webp\",\"datePublished\":\"2024-05-08T11:22:51+00:00\",\"dateModified\":\"2026-01-02T17:17:44+00:00\",\"description\":\"Piepildiet Miniwell L620 saliekamo filtr\u0113t\u0101 \u016bdens pudeli ar svaigu \u016bdeni no dab\u012bgiem avotiem (ezeriem, up\u0113m utt.) vai kr\u0101na \u016bdeni un uzreiz p\u0101rv\u0113rtiet to dro\u0161\u0101 dzeramaj\u0101 \u016bden\u012b.\",\"breadcrumb\":{\"@id\":\"https:\\\/\\\/gohike.lv\\\/ru\\\/produkts\\\/miniwell-l620-saliekama-udens-pudele-ar-filtru\\\/#breadcrumb\"},\"inLanguage\":\"ru-RU\",\"potentialAction\":[{\"@type\":\"ReadAction\",\"target\":[\"https:\\\/\\\/gohike.lv\\\/ru\\\/produkts\\\/miniwell-l620-saliekama-udens-pudele-ar-filtru\\\/\"]}]},{\"@type\":\"ImageObject\",\"inLanguage\":\"ru-RU\",\"@id\":\"https:\\\/\\\/gohike.lv\\\/ru\\\/produkts\\\/miniwell-l620-saliekama-udens-pudele-ar-filtru\\\/#primaryimage\",\"url\":\"https:\\\/\\\/gohike.lv\\\/wp-content\\\/uploads\\\/2024\\\/03\\\/L620_.webp\",\"contentUrl\":\"https:\\\/\\\/gohike.lv\\\/wp-content\\\/uploads\\\/2024\\\/03\\\/L620_.webp\",\"width\":1000,\"height\":1000},{\"@type\":\"BreadcrumbList\",\"@id\":\"https:\\\/\\\/gohike.lv\\\/ru\\\/produkts\\\/miniwell-l620-saliekama-udens-pudele-ar-filtru\\\/#breadcrumb\",\"itemListElement\":[{\"@type\":\"ListItem\",\"position\":1,\"name\":\"\u0413\u043b\u0430\u0432\u043d\u0430\u044f\",\"item\":\"https:\\\/\\\/gohike.lv\\\/ru\\\/\"},{\"@type\":\"ListItem\",\"position\":2,\"name\":\"\u041a\u0430\u0442\u0435\u0433\u043e\u0440\u0438\u0438 \u0442\u043e\u0432\u0430\u0440\u043e\u0432\",\"item\":\"https:\\\/\\\/gohike.lv\\\/%d0%ba%d0%b0%d1%82%d0%b5%d0%b3%d0%be%d1%80%d0%b8%d0%b8-%d1%82%d0%be%d0%b2%d0%b0%d1%80%d0%be%d0%b2\\\/\"},{\"@type\":\"ListItem\",\"position\":3,\"name\":\"Miniwell &#8211; L620 saliekama \u016bdens pudele ar filtru\"}]},{\"@type\":\"WebSite\",\"@id\":\"https:\\\/\\\/gohike.lv\\\/ru\\\/#website\",\"url\":\"https:\\\/\\\/gohike.lv\\\/ru\\\/\",\"name\":\"GoHike\",\"description\":\"\",\"publisher\":{\"@id\":\"https:\\\/\\\/gohike.lv\\\/ru\\\/#organization\"},\"potentialAction\":[{\"@type\":\"SearchAction\",\"target\":{\"@type\":\"EntryPoint\",\"urlTemplate\":\"https:\\\/\\\/gohike.lv\\\/ru\\\/?s={search_term_string}\"},\"query-input\":{\"@type\":\"PropertyValueSpecification\",\"valueRequired\":true,\"valueName\":\"search_term_string\"}}],\"inLanguage\":\"ru-RU\"},{\"@type\":\"Organization\",\"@id\":\"https:\\\/\\\/gohike.lv\\\/ru\\\/#organization\",\"name\":\"GoHike\",\"url\":\"https:\\\/\\\/gohike.lv\\\/ru\\\/\",\"logo\":{\"@type\":\"ImageObject\",\"inLanguage\":\"ru-RU\",\"@id\":\"https:\\\/\\\/gohike.lv\\\/ru\\\/#\\\/schema\\\/logo\\\/image\\\/\",\"url\":\"https:\\\/\\\/gohike.lv\\\/wp-content\\\/uploads\\\/2023\\\/08\\\/Logo_GoHike.webp\",\"contentUrl\":\"https:\\\/\\\/gohike.lv\\\/wp-content\\\/uploads\\\/2023\\\/08\\\/Logo_GoHike.webp\",\"width\":512,\"height\":512,\"caption\":\"GoHike\"},\"image\":{\"@id\":\"https:\\\/\\\/gohike.lv\\\/ru\\\/#\\\/schema\\\/logo\\\/image\\\/\"},\"sameAs\":[\"https:\\\/\\\/www.facebook.com\\\/gohike.shop\\\/\",\"https:\\\/\\\/www.instagram.com\\\/gohike.shop\\\/\"]}]}<\/script>\n<!-- \/ Yoast SEO plugin. -->","yoast_head_json":{"title":"Miniwell - L620 saliekama \u016bdens pudele ar filtru","description":"Piepildiet Miniwell L620 saliekamo filtr\u0113t\u0101 \u016bdens pudeli ar svaigu \u016bdeni no dab\u012bgiem avotiem (ezeriem, up\u0113m utt.) vai kr\u0101na \u016bdeni un uzreiz p\u0101rv\u0113rtiet to dro\u0161\u0101 dzeramaj\u0101 \u016bden\u012b.","robots":{"index":"index","follow":"follow","max-snippet":"max-snippet:-1","max-image-preview":"max-image-preview:large","max-video-preview":"max-video-preview:-1"},"canonical":"https:\/\/gohike.lv\/ru\/produkts\/miniwell-l620-saliekama-udens-pudele-ar-filtru\/","og_locale":"ru_RU","og_type":"article","og_title":"Miniwell \u016adens att\u012br\u012b\u0161ana \u016adens filtri Miniwell","og_description":"Piepildiet Miniwell L620 saliekamo filtr\u0113t\u0101 \u016bdens pudeli ar svaigu \u016bdeni no dab\u012bgiem avotiem (ezeriem, up\u0113m utt.) vai kr\u0101na \u016bdeni un uzreiz p\u0101rv\u0113rtiet to dro\u0161\u0101 dzeramaj\u0101 \u016bden\u012b.","og_url":"https:\/\/gohike.lv\/ru\/produkts\/miniwell-l620-saliekama-udens-pudele-ar-filtru\/","og_site_name":"GoHike","article_publisher":"https:\/\/www.facebook.com\/gohike.shop\/","article_modified_time":"2026-01-02T17:17:44+00:00","og_image":[{"width":1000,"height":1000,"url":"https:\/\/gohike.lv\/wp-content\/uploads\/2024\/03\/L620_.webp","type":"image\/webp"}],"twitter_card":"summary_large_image","twitter_title":"Miniwell \u016adens att\u012br\u012b\u0161ana \u016adens filtri Miniwell","twitter_misc":{"\u041f\u0440\u0438\u043c\u0435\u0440\u043d\u043e\u0435 \u0432\u0440\u0435\u043c\u044f \u0434\u043b\u044f \u0447\u0442\u0435\u043d\u0438\u044f":"1 \u043c\u0438\u043d\u0443\u0442\u0430"},"schema":{"@context":"https:\/\/schema.org","@graph":[{"@type":["WebPage","ItemPage"],"@id":"https:\/\/gohike.lv\/ru\/produkts\/miniwell-l620-saliekama-udens-pudele-ar-filtru\/","url":"https:\/\/gohike.lv\/ru\/produkts\/miniwell-l620-saliekama-udens-pudele-ar-filtru\/","name":"Miniwell - L620 saliekama \u016bdens pudele ar filtru","isPartOf":{"@id":"https:\/\/gohike.lv\/ru\/#website"},"primaryImageOfPage":{"@id":"https:\/\/gohike.lv\/ru\/produkts\/miniwell-l620-saliekama-udens-pudele-ar-filtru\/#primaryimage"},"image":{"@id":"https:\/\/gohike.lv\/ru\/produkts\/miniwell-l620-saliekama-udens-pudele-ar-filtru\/#primaryimage"},"thumbnailUrl":"https:\/\/gohike.lv\/wp-content\/uploads\/2024\/03\/L620_.webp","datePublished":"2024-05-08T11:22:51+00:00","dateModified":"2026-01-02T17:17:44+00:00","description":"Piepildiet Miniwell L620 saliekamo filtr\u0113t\u0101 \u016bdens pudeli ar svaigu \u016bdeni no dab\u012bgiem avotiem (ezeriem, up\u0113m utt.) vai kr\u0101na \u016bdeni un uzreiz p\u0101rv\u0113rtiet to dro\u0161\u0101 dzeramaj\u0101 \u016bden\u012b.","breadcrumb":{"@id":"https:\/\/gohike.lv\/ru\/produkts\/miniwell-l620-saliekama-udens-pudele-ar-filtru\/#breadcrumb"},"inLanguage":"ru-RU","potentialAction":[{"@type":"ReadAction","target":["https:\/\/gohike.lv\/ru\/produkts\/miniwell-l620-saliekama-udens-pudele-ar-filtru\/"]}]},{"@type":"ImageObject","inLanguage":"ru-RU","@id":"https:\/\/gohike.lv\/ru\/produkts\/miniwell-l620-saliekama-udens-pudele-ar-filtru\/#primaryimage","url":"https:\/\/gohike.lv\/wp-content\/uploads\/2024\/03\/L620_.webp","contentUrl":"https:\/\/gohike.lv\/wp-content\/uploads\/2024\/03\/L620_.webp","width":1000,"height":1000},{"@type":"BreadcrumbList","@id":"https:\/\/gohike.lv\/ru\/produkts\/miniwell-l620-saliekama-udens-pudele-ar-filtru\/#breadcrumb","itemListElement":[{"@type":"ListItem","position":1,"name":"\u0413\u043b\u0430\u0432\u043d\u0430\u044f","item":"https:\/\/gohike.lv\/ru\/"},{"@type":"ListItem","position":2,"name":"\u041a\u0430\u0442\u0435\u0433\u043e\u0440\u0438\u0438 \u0442\u043e\u0432\u0430\u0440\u043e\u0432","item":"https:\/\/gohike.lv\/%d0%ba%d0%b0%d1%82%d0%b5%d0%b3%d0%be%d1%80%d0%b8%d0%b8-%d1%82%d0%be%d0%b2%d0%b0%d1%80%d0%be%d0%b2\/"},{"@type":"ListItem","position":3,"name":"Miniwell &#8211; L620 saliekama \u016bdens pudele ar filtru"}]},{"@type":"WebSite","@id":"https:\/\/gohike.lv\/ru\/#website","url":"https:\/\/gohike.lv\/ru\/","name":"GoHike","description":"","publisher":{"@id":"https:\/\/gohike.lv\/ru\/#organization"},"potentialAction":[{"@type":"SearchAction","target":{"@type":"EntryPoint","urlTemplate":"https:\/\/gohike.lv\/ru\/?s={search_term_string}"},"query-input":{"@type":"PropertyValueSpecification","valueRequired":true,"valueName":"search_term_string"}}],"inLanguage":"ru-RU"},{"@type":"Organization","@id":"https:\/\/gohike.lv\/ru\/#organization","name":"GoHike","url":"https:\/\/gohike.lv\/ru\/","logo":{"@type":"ImageObject","inLanguage":"ru-RU","@id":"https:\/\/gohike.lv\/ru\/#\/schema\/logo\/image\/","url":"https:\/\/gohike.lv\/wp-content\/uploads\/2023\/08\/Logo_GoHike.webp","contentUrl":"https:\/\/gohike.lv\/wp-content\/uploads\/2023\/08\/Logo_GoHike.webp","width":512,"height":512,"caption":"GoHike"},"image":{"@id":"https:\/\/gohike.lv\/ru\/#\/schema\/logo\/image\/"},"sameAs":["https:\/\/www.facebook.com\/gohike.shop\/","https:\/\/www.instagram.com\/gohike.shop\/"]}]}},"jetpack_sharing_enabled":true,"_links":{"self":[{"href":"https:\/\/gohike.lv\/ru\/wp-json\/wp\/v2\/product\/53619","targetHints":{"allow":["GET"]}}],"collection":[{"href":"https:\/\/gohike.lv\/ru\/wp-json\/wp\/v2\/product"}],"about":[{"href":"https:\/\/gohike.lv\/ru\/wp-json\/wp\/v2\/types\/product"}],"version-history":[{"count":0,"href":"https:\/\/gohike.lv\/ru\/wp-json\/wp\/v2\/product\/53619\/revisions"}],"wp:featuredmedia":[{"embeddable":true,"href":"https:\/\/gohike.lv\/ru\/wp-json\/wp\/v2\/media\/17529"}],"wp:attachment":[{"href":"https:\/\/gohike.lv\/ru\/wp-json\/wp\/v2\/media?parent=53619"}],"wp:term":[{"taxonomy":"product_brand","embeddable":true,"href":"https:\/\/gohike.lv\/ru\/wp-json\/wp\/v2\/product_brand?post=53619"},{"taxonomy":"product_cat","embeddable":true,"href":"https:\/\/gohike.lv\/ru\/wp-json\/wp\/v2\/product_cat?post=53619"},{"taxonomy":"product_tag","embeddable":true,"href":"https:\/\/gohike.lv\/ru\/wp-json\/wp\/v2\/product_tag?post=53619"}],"curies":[{"name":"wp","href":"https:\/\/api.w.org\/{rel}","templated":true}]}}