{"id":53615,"date":"2024-05-08T14:22:51","date_gmt":"2024-05-08T11:22:51","guid":{"rendered":"https:\/\/gohike.lv\/produkts\/miniwell-l630-parnesajamais-udens-filtra-salmins\/"},"modified":"2026-03-31T08:11:52","modified_gmt":"2026-03-31T05:11:52","slug":"miniwell-l630-parnesajamais-udens-filtra-salmins","status":"publish","type":"product","link":"https:\/\/gohike.lv\/ru\/produkts\/miniwell-l630-parnesajamais-udens-filtra-salmins\/","title":{"rendered":"Miniwell &#8212; L630 p\u0101rn\u0113s\u0101jamais \u016bdens filtra salmi\u0146\u0161"},"content":{"rendered":"<p>Mikrofiltr\u0101cijas membr\u0101na likvid\u0113 99,99% \u016bdens bakt\u0113riju un paraz\u012btu, tas noz\u012bm\u0113, ka \u016bdeni var dzert pat no up\u0113m un ezeriem, neuztraucoties par mikrobiem.<br \/>\n<iframe title=\"Miniwell L630 Portable Water Filter Straw\" width=\"1200\" height=\"675\" src=\"https:\/\/www.youtube.com\/embed\/0vc_ywCwXFs?feature=oembed\" frameborder=\"0\" allow=\"accelerometer; autoplay; clipboard-write; encrypted-media; gyroscope; picture-in-picture; web-share\" referrerpolicy=\"strict-origin-when-cross-origin\" allowfullscreen><\/iframe><br \/>\n\u201cDz\u012bv\u012bbas gl\u0101b\u0113js\u201d izmisuma situ\u0101cij\u0101s vai kemping\u0101.<br \/>\nDarb\u012bbas joma: izdz\u012bvo\u0161ana un gatav\u012bba \u0101rk\u0101rtas situ\u0101cij\u0101m, kas ir ide\u0101li piem\u0113rota \u0101ra aktivit\u0101t\u0113m, piem\u0113ram, kempingiem, p\u0101rg\u0101jieniem, mak\u0161\u0137er\u0113\u0161anai, izl\u016bko\u0161anai, milit\u0101r\u0101m m\u0101c\u012bb\u0101m<\/p>\n","protected":false},"excerpt":{"rendered":"<p>Miniwell p\u0101rn\u0113s\u0101jamais \u016bdens filtra salmi\u0146\u0161 ir kompakts un \u0113rts. Tas p\u0101rv\u0113r\u0161 du\u013c\u0137ainu \u016bdeni t\u012br\u0101, dzeramaj\u0101 \u016bden\u012b.<\/p>\n","protected":false},"featured_media":17516,"template":"","meta":[],"product_brand":[1654],"product_cat":[1375],"product_tag":[],"class_list":{"0":"post-53615","1":"product","2":"type-product","3":"status-publish","4":"has-post-thumbnail","6":"product_brand-miniwell-lv","7":"product_cat-udens-attirisana","8":"pa_filtracijas-poru-izmers-0-1-micron","9":"pa_ieklauti-aksesuari-1-miniwell-personigais-udens-filtrs-l630-ar-uzgala-vacinu-2-kausa-vai-plastmasas-maisina-savienotajs-3-slutenes-klips-4-silikona-slutene","10":"pa_materiali-abs","11":"pa_materiali-silikons","12":"pa_materiali-uf-medicinas-pakape","13":"pa_produkta-tips-udens-filtri","15":"first","16":"instock","17":"taxable","18":"shipping-taxable","19":"purchasable","20":"product-type-simple"},"raw_content":{"name":"Miniwell - L630 p\u0101rn\u0113s\u0101jamais \u016bdens filtra salmi\u0146\u0161","description":"Mikrofiltr\u0101cijas membr\u0101na likvid\u0113 99,99% \u016bdens bakt\u0113riju un paraz\u012btu, tas noz\u012bm\u0113, ka \u016bdeni var dzert pat no up\u0113m un ezeriem, neuztraucoties par mikrobiem.\nhttps:\/\/youtu.be\/0vc_ywCwXFs\n\u201cDz\u012bv\u012bbas gl\u0101b\u0113js\u201d izmisuma situ\u0101cij\u0101s vai kemping\u0101.\nDarb\u012bbas joma: izdz\u012bvo\u0161ana un gatav\u012bba \u0101rk\u0101rtas situ\u0101cij\u0101m, kas ir ide\u0101li piem\u0113rota \u0101ra aktivit\u0101t\u0113m, piem\u0113ram, kempingiem, p\u0101rg\u0101jieniem, mak\u0161\u0137er\u0113\u0161anai, izl\u016bko\u0161anai, milit\u0101r\u0101m m\u0101c\u012bb\u0101m","short_description":"Miniwell p\u0101rn\u0113s\u0101jamais \u016bdens filtra salmi\u0146\u0161 ir kompakts un \u0113rts. Tas p\u0101rv\u0113r\u0161 du\u013c\u0137ainu \u016bdeni t\u012br\u0101, dzeramaj\u0101 \u016bden\u012b.","status":"publish","sku":"Miniwell_1","original":53615},"wpml":{"translation_type":1,"has_translations":true,"original":53615,"duplicates":[],"translations":{"lv":53615,"en":67774,"ru":null}},"supplier_id":null,"supplier_sku":"","barcode":null,"atum_controlled":true,"out_stock_date":null,"out_stock_threshold":null,"inheritable":false,"inbound_stock":0,"stock_on_hold":0,"sold_today":0,"sales_last_days":1,"reserved_stock":0,"customer_returns":0,"warehouse_damage":0,"lost_in_post":0,"other_logs":0,"out_stock_days":0,"lost_sales":0,"has_location":false,"update_date":"2026-04-02T14:15:12","atum_locations":[],"atum_stock_status":"instock","restock_status":false,"low_stock_amount":"","sales_update_date":"2026-04-02T14:15:12","calc_backorders":null,"yoast_head":"<!-- This site is optimized with the Yoast SEO plugin v27.3 - https:\/\/yoast.com\/product\/yoast-seo-wordpress\/ -->\n<title>Miniwell - L630 p\u0101rn\u0113s\u0101jamais \u016bdens filtra salmi\u0146\u0161<\/title>\n<meta name=\"description\" content=\"Miniwell p\u0101rn\u0113s\u0101jamais \u016bdens filtra salmi\u0146\u0161 ir kompakts un \u0113rts. Tas p\u0101rv\u0113r\u0161 du\u013c\u0137ainu \u016bdeni t\u012br\u0101, dzeramaj\u0101 \u016bden\u012b.\" \/>\n<meta name=\"robots\" content=\"index, follow, max-snippet:-1, max-image-preview:large, max-video-preview:-1\" \/>\n<link rel=\"canonical\" href=\"https:\/\/gohike.lv\/ru\/produkts\/miniwell-l630-parnesajamais-udens-filtra-salmins\/\" \/>\n<meta property=\"og:locale\" content=\"ru_RU\" \/>\n<meta property=\"og:type\" content=\"article\" \/>\n<meta property=\"og:title\" content=\"Miniwell \u016adens att\u012br\u012b\u0161ana \u016adens filtri Miniwell\" \/>\n<meta property=\"og:description\" content=\"Miniwell p\u0101rn\u0113s\u0101jamais \u016bdens filtra salmi\u0146\u0161 ir kompakts un \u0113rts. Tas p\u0101rv\u0113r\u0161 du\u013c\u0137ainu \u016bdeni t\u012br\u0101, dzeramaj\u0101 \u016bden\u012b.\" \/>\n<meta property=\"og:url\" content=\"https:\/\/gohike.lv\/ru\/produkts\/miniwell-l630-parnesajamais-udens-filtra-salmins\/\" \/>\n<meta property=\"og:site_name\" content=\"GoHike\" \/>\n<meta property=\"article:publisher\" content=\"https:\/\/www.facebook.com\/gohike.shop\/\" \/>\n<meta property=\"article:modified_time\" content=\"2026-03-31T05:11:52+00:00\" \/>\n<meta property=\"og:image\" content=\"https:\/\/gohike.lv\/wp-content\/uploads\/2024\/03\/L630_straw_.webp\" \/>\n\t<meta property=\"og:image:width\" content=\"1000\" \/>\n\t<meta property=\"og:image:height\" content=\"1000\" \/>\n\t<meta property=\"og:image:type\" content=\"image\/webp\" \/>\n<meta name=\"twitter:card\" content=\"summary_large_image\" \/>\n<meta name=\"twitter:title\" content=\"Miniwell \u016adens att\u012br\u012b\u0161ana \u016adens filtri Miniwell\" \/>\n<meta name=\"twitter:label1\" content=\"\u041f\u0440\u0438\u043c\u0435\u0440\u043d\u043e\u0435 \u0432\u0440\u0435\u043c\u044f \u0434\u043b\u044f \u0447\u0442\u0435\u043d\u0438\u044f\" \/>\n\t<meta name=\"twitter:data1\" content=\"1 \u043c\u0438\u043d\u0443\u0442\u0430\" \/>\n<script type=\"application\/ld+json\" class=\"yoast-schema-graph\">{\"@context\":\"https:\\\/\\\/schema.org\",\"@graph\":[{\"@type\":[\"WebPage\",\"ItemPage\"],\"@id\":\"https:\\\/\\\/gohike.lv\\\/ru\\\/produkts\\\/miniwell-l630-parnesajamais-udens-filtra-salmins\\\/\",\"url\":\"https:\\\/\\\/gohike.lv\\\/ru\\\/produkts\\\/miniwell-l630-parnesajamais-udens-filtra-salmins\\\/\",\"name\":\"Miniwell - L630 p\u0101rn\u0113s\u0101jamais \u016bdens filtra salmi\u0146\u0161\",\"isPartOf\":{\"@id\":\"https:\\\/\\\/gohike.lv\\\/ru\\\/#website\"},\"primaryImageOfPage\":{\"@id\":\"https:\\\/\\\/gohike.lv\\\/ru\\\/produkts\\\/miniwell-l630-parnesajamais-udens-filtra-salmins\\\/#primaryimage\"},\"image\":{\"@id\":\"https:\\\/\\\/gohike.lv\\\/ru\\\/produkts\\\/miniwell-l630-parnesajamais-udens-filtra-salmins\\\/#primaryimage\"},\"thumbnailUrl\":\"https:\\\/\\\/gohike.lv\\\/wp-content\\\/uploads\\\/2024\\\/03\\\/L630_straw_.webp\",\"datePublished\":\"2024-05-08T11:22:51+00:00\",\"dateModified\":\"2026-03-31T05:11:52+00:00\",\"description\":\"Miniwell p\u0101rn\u0113s\u0101jamais \u016bdens filtra salmi\u0146\u0161 ir kompakts un \u0113rts. Tas p\u0101rv\u0113r\u0161 du\u013c\u0137ainu \u016bdeni t\u012br\u0101, dzeramaj\u0101 \u016bden\u012b.\",\"breadcrumb\":{\"@id\":\"https:\\\/\\\/gohike.lv\\\/ru\\\/produkts\\\/miniwell-l630-parnesajamais-udens-filtra-salmins\\\/#breadcrumb\"},\"inLanguage\":\"ru-RU\",\"potentialAction\":[{\"@type\":\"ReadAction\",\"target\":[\"https:\\\/\\\/gohike.lv\\\/ru\\\/produkts\\\/miniwell-l630-parnesajamais-udens-filtra-salmins\\\/\"]}]},{\"@type\":\"ImageObject\",\"inLanguage\":\"ru-RU\",\"@id\":\"https:\\\/\\\/gohike.lv\\\/ru\\\/produkts\\\/miniwell-l630-parnesajamais-udens-filtra-salmins\\\/#primaryimage\",\"url\":\"https:\\\/\\\/gohike.lv\\\/wp-content\\\/uploads\\\/2024\\\/03\\\/L630_straw_.webp\",\"contentUrl\":\"https:\\\/\\\/gohike.lv\\\/wp-content\\\/uploads\\\/2024\\\/03\\\/L630_straw_.webp\",\"width\":1000,\"height\":1000},{\"@type\":\"BreadcrumbList\",\"@id\":\"https:\\\/\\\/gohike.lv\\\/ru\\\/produkts\\\/miniwell-l630-parnesajamais-udens-filtra-salmins\\\/#breadcrumb\",\"itemListElement\":[{\"@type\":\"ListItem\",\"position\":1,\"name\":\"\u0413\u043b\u0430\u0432\u043d\u0430\u044f\",\"item\":\"https:\\\/\\\/gohike.lv\\\/ru\\\/\"},{\"@type\":\"ListItem\",\"position\":2,\"name\":\"\u041a\u0430\u0442\u0435\u0433\u043e\u0440\u0438\u0438 \u0442\u043e\u0432\u0430\u0440\u043e\u0432\",\"item\":\"https:\\\/\\\/gohike.lv\\\/%d0%ba%d0%b0%d1%82%d0%b5%d0%b3%d0%be%d1%80%d0%b8%d0%b8-%d1%82%d0%be%d0%b2%d0%b0%d1%80%d0%be%d0%b2\\\/\"},{\"@type\":\"ListItem\",\"position\":3,\"name\":\"Miniwell &#8211; L630 p\u0101rn\u0113s\u0101jamais \u016bdens filtra salmi\u0146\u0161\"}]},{\"@type\":\"WebSite\",\"@id\":\"https:\\\/\\\/gohike.lv\\\/ru\\\/#website\",\"url\":\"https:\\\/\\\/gohike.lv\\\/ru\\\/\",\"name\":\"GoHike\",\"description\":\"\",\"publisher\":{\"@id\":\"https:\\\/\\\/gohike.lv\\\/ru\\\/#organization\"},\"potentialAction\":[{\"@type\":\"SearchAction\",\"target\":{\"@type\":\"EntryPoint\",\"urlTemplate\":\"https:\\\/\\\/gohike.lv\\\/ru\\\/?s={search_term_string}\"},\"query-input\":{\"@type\":\"PropertyValueSpecification\",\"valueRequired\":true,\"valueName\":\"search_term_string\"}}],\"inLanguage\":\"ru-RU\"},{\"@type\":\"Organization\",\"@id\":\"https:\\\/\\\/gohike.lv\\\/ru\\\/#organization\",\"name\":\"GoHike\",\"url\":\"https:\\\/\\\/gohike.lv\\\/ru\\\/\",\"logo\":{\"@type\":\"ImageObject\",\"inLanguage\":\"ru-RU\",\"@id\":\"https:\\\/\\\/gohike.lv\\\/ru\\\/#\\\/schema\\\/logo\\\/image\\\/\",\"url\":\"https:\\\/\\\/gohike.lv\\\/wp-content\\\/uploads\\\/2023\\\/08\\\/Logo_GoHike.webp\",\"contentUrl\":\"https:\\\/\\\/gohike.lv\\\/wp-content\\\/uploads\\\/2023\\\/08\\\/Logo_GoHike.webp\",\"width\":512,\"height\":512,\"caption\":\"GoHike\"},\"image\":{\"@id\":\"https:\\\/\\\/gohike.lv\\\/ru\\\/#\\\/schema\\\/logo\\\/image\\\/\"},\"sameAs\":[\"https:\\\/\\\/www.facebook.com\\\/gohike.shop\\\/\",\"https:\\\/\\\/www.instagram.com\\\/gohike.shop\\\/\"]}]}<\/script>\n<!-- \/ Yoast SEO plugin. -->","yoast_head_json":{"title":"Miniwell - L630 p\u0101rn\u0113s\u0101jamais \u016bdens filtra salmi\u0146\u0161","description":"Miniwell p\u0101rn\u0113s\u0101jamais \u016bdens filtra salmi\u0146\u0161 ir kompakts un \u0113rts. Tas p\u0101rv\u0113r\u0161 du\u013c\u0137ainu \u016bdeni t\u012br\u0101, dzeramaj\u0101 \u016bden\u012b.","robots":{"index":"index","follow":"follow","max-snippet":"max-snippet:-1","max-image-preview":"max-image-preview:large","max-video-preview":"max-video-preview:-1"},"canonical":"https:\/\/gohike.lv\/ru\/produkts\/miniwell-l630-parnesajamais-udens-filtra-salmins\/","og_locale":"ru_RU","og_type":"article","og_title":"Miniwell \u016adens att\u012br\u012b\u0161ana \u016adens filtri Miniwell","og_description":"Miniwell p\u0101rn\u0113s\u0101jamais \u016bdens filtra salmi\u0146\u0161 ir kompakts un \u0113rts. Tas p\u0101rv\u0113r\u0161 du\u013c\u0137ainu \u016bdeni t\u012br\u0101, dzeramaj\u0101 \u016bden\u012b.","og_url":"https:\/\/gohike.lv\/ru\/produkts\/miniwell-l630-parnesajamais-udens-filtra-salmins\/","og_site_name":"GoHike","article_publisher":"https:\/\/www.facebook.com\/gohike.shop\/","article_modified_time":"2026-03-31T05:11:52+00:00","og_image":[{"width":1000,"height":1000,"url":"https:\/\/gohike.lv\/wp-content\/uploads\/2024\/03\/L630_straw_.webp","type":"image\/webp"}],"twitter_card":"summary_large_image","twitter_title":"Miniwell \u016adens att\u012br\u012b\u0161ana \u016adens filtri Miniwell","twitter_misc":{"\u041f\u0440\u0438\u043c\u0435\u0440\u043d\u043e\u0435 \u0432\u0440\u0435\u043c\u044f \u0434\u043b\u044f \u0447\u0442\u0435\u043d\u0438\u044f":"1 \u043c\u0438\u043d\u0443\u0442\u0430"},"schema":{"@context":"https:\/\/schema.org","@graph":[{"@type":["WebPage","ItemPage"],"@id":"https:\/\/gohike.lv\/ru\/produkts\/miniwell-l630-parnesajamais-udens-filtra-salmins\/","url":"https:\/\/gohike.lv\/ru\/produkts\/miniwell-l630-parnesajamais-udens-filtra-salmins\/","name":"Miniwell - L630 p\u0101rn\u0113s\u0101jamais \u016bdens filtra salmi\u0146\u0161","isPartOf":{"@id":"https:\/\/gohike.lv\/ru\/#website"},"primaryImageOfPage":{"@id":"https:\/\/gohike.lv\/ru\/produkts\/miniwell-l630-parnesajamais-udens-filtra-salmins\/#primaryimage"},"image":{"@id":"https:\/\/gohike.lv\/ru\/produkts\/miniwell-l630-parnesajamais-udens-filtra-salmins\/#primaryimage"},"thumbnailUrl":"https:\/\/gohike.lv\/wp-content\/uploads\/2024\/03\/L630_straw_.webp","datePublished":"2024-05-08T11:22:51+00:00","dateModified":"2026-03-31T05:11:52+00:00","description":"Miniwell p\u0101rn\u0113s\u0101jamais \u016bdens filtra salmi\u0146\u0161 ir kompakts un \u0113rts. Tas p\u0101rv\u0113r\u0161 du\u013c\u0137ainu \u016bdeni t\u012br\u0101, dzeramaj\u0101 \u016bden\u012b.","breadcrumb":{"@id":"https:\/\/gohike.lv\/ru\/produkts\/miniwell-l630-parnesajamais-udens-filtra-salmins\/#breadcrumb"},"inLanguage":"ru-RU","potentialAction":[{"@type":"ReadAction","target":["https:\/\/gohike.lv\/ru\/produkts\/miniwell-l630-parnesajamais-udens-filtra-salmins\/"]}]},{"@type":"ImageObject","inLanguage":"ru-RU","@id":"https:\/\/gohike.lv\/ru\/produkts\/miniwell-l630-parnesajamais-udens-filtra-salmins\/#primaryimage","url":"https:\/\/gohike.lv\/wp-content\/uploads\/2024\/03\/L630_straw_.webp","contentUrl":"https:\/\/gohike.lv\/wp-content\/uploads\/2024\/03\/L630_straw_.webp","width":1000,"height":1000},{"@type":"BreadcrumbList","@id":"https:\/\/gohike.lv\/ru\/produkts\/miniwell-l630-parnesajamais-udens-filtra-salmins\/#breadcrumb","itemListElement":[{"@type":"ListItem","position":1,"name":"\u0413\u043b\u0430\u0432\u043d\u0430\u044f","item":"https:\/\/gohike.lv\/ru\/"},{"@type":"ListItem","position":2,"name":"\u041a\u0430\u0442\u0435\u0433\u043e\u0440\u0438\u0438 \u0442\u043e\u0432\u0430\u0440\u043e\u0432","item":"https:\/\/gohike.lv\/%d0%ba%d0%b0%d1%82%d0%b5%d0%b3%d0%be%d1%80%d0%b8%d0%b8-%d1%82%d0%be%d0%b2%d0%b0%d1%80%d0%be%d0%b2\/"},{"@type":"ListItem","position":3,"name":"Miniwell &#8211; L630 p\u0101rn\u0113s\u0101jamais \u016bdens filtra salmi\u0146\u0161"}]},{"@type":"WebSite","@id":"https:\/\/gohike.lv\/ru\/#website","url":"https:\/\/gohike.lv\/ru\/","name":"GoHike","description":"","publisher":{"@id":"https:\/\/gohike.lv\/ru\/#organization"},"potentialAction":[{"@type":"SearchAction","target":{"@type":"EntryPoint","urlTemplate":"https:\/\/gohike.lv\/ru\/?s={search_term_string}"},"query-input":{"@type":"PropertyValueSpecification","valueRequired":true,"valueName":"search_term_string"}}],"inLanguage":"ru-RU"},{"@type":"Organization","@id":"https:\/\/gohike.lv\/ru\/#organization","name":"GoHike","url":"https:\/\/gohike.lv\/ru\/","logo":{"@type":"ImageObject","inLanguage":"ru-RU","@id":"https:\/\/gohike.lv\/ru\/#\/schema\/logo\/image\/","url":"https:\/\/gohike.lv\/wp-content\/uploads\/2023\/08\/Logo_GoHike.webp","contentUrl":"https:\/\/gohike.lv\/wp-content\/uploads\/2023\/08\/Logo_GoHike.webp","width":512,"height":512,"caption":"GoHike"},"image":{"@id":"https:\/\/gohike.lv\/ru\/#\/schema\/logo\/image\/"},"sameAs":["https:\/\/www.facebook.com\/gohike.shop\/","https:\/\/www.instagram.com\/gohike.shop\/"]}]}},"jetpack_sharing_enabled":true,"_links":{"self":[{"href":"https:\/\/gohike.lv\/ru\/wp-json\/wp\/v2\/product\/53615","targetHints":{"allow":["GET"]}}],"collection":[{"href":"https:\/\/gohike.lv\/ru\/wp-json\/wp\/v2\/product"}],"about":[{"href":"https:\/\/gohike.lv\/ru\/wp-json\/wp\/v2\/types\/product"}],"version-history":[{"count":1,"href":"https:\/\/gohike.lv\/ru\/wp-json\/wp\/v2\/product\/53615\/revisions"}],"predecessor-version":[{"id":118947,"href":"https:\/\/gohike.lv\/ru\/wp-json\/wp\/v2\/product\/53615\/revisions\/118947"}],"wp:featuredmedia":[{"embeddable":true,"href":"https:\/\/gohike.lv\/ru\/wp-json\/wp\/v2\/media\/17516"}],"wp:attachment":[{"href":"https:\/\/gohike.lv\/ru\/wp-json\/wp\/v2\/media?parent=53615"}],"wp:term":[{"taxonomy":"product_brand","embeddable":true,"href":"https:\/\/gohike.lv\/ru\/wp-json\/wp\/v2\/product_brand?post=53615"},{"taxonomy":"product_cat","embeddable":true,"href":"https:\/\/gohike.lv\/ru\/wp-json\/wp\/v2\/product_cat?post=53615"},{"taxonomy":"product_tag","embeddable":true,"href":"https:\/\/gohike.lv\/ru\/wp-json\/wp\/v2\/product_tag?post=53615"}],"curies":[{"name":"wp","href":"https:\/\/api.w.org\/{rel}","templated":true}]}}