{"id":53287,"date":"2024-05-07T11:47:43","date_gmt":"2024-05-07T08:47:43","guid":{"rendered":"https:\/\/gohike.lv\/produkts\/naturehike-xingyue-saliekamais-ara-kresls-1-1\/"},"modified":"2025-12-30T17:24:42","modified_gmt":"2025-12-30T14:24:42","slug":"naturehike-xingyue-saliekams-ara-kresls-1-1","status":"publish","type":"product","link":"https:\/\/gohike.lv\/ru\/produkts\/naturehike-xingyue-saliekams-ara-kresls-1-1\/","title":{"rendered":"Naturehike &#8212; (Xingyue) Saliekams \u0101ra kr\u0113sls 1.1"},"content":{"rendered":"<p>Viegls un iztur\u012bgs t\u0113rauda r\u0101mis ne tikai nodro\u0161ina ilgm\u016b\u017e\u012bbu, bet ar\u012b padara to \u0101rk\u0101rt\u012bgi viegli p\u0101rn\u0113s\u0101jamu, atvieglojot transport\u0113\u0161anu un uzglab\u0101\u0161anu ce\u013cojuma laik\u0101.<br \/>\nPateicoties augstai iztur\u012bbai, \u0161is kr\u0113sls sp\u0113j iztur\u0113t l\u012bdz 120 kg. slodzi, nodro\u0161inot stabilit\u0101ti un dro\u0161\u012bbu atp\u016btas laik\u0101.<br \/>\n\u0112rti izvietotas kabati\u0146as priek\u0161metu glab\u0101\u0161anai.<br \/>\nOksforda auduma izmanto\u0161ana, kas gaum\u012bgi izv\u0113l\u0113ts kr\u0113sla izveidei, ne tikai pie\u0161\u0137ir eleganci t\u0101 dizainam, bet ar\u012b nodro\u0161ina ilgu kalpo\u0161anas laiku.<\/p>\n","protected":false},"excerpt":{"rendered":"<p>Saliekamais kr\u0113sls Naturehike ir izstr\u0101d\u0101ts ar uzman\u012bbu pret deta\u013c\u0101m un nodro\u0161ina komfortu.<\/p>\n","protected":false},"featured_media":35973,"template":"","meta":[],"product_brand":[167],"product_cat":[2493],"product_tag":[],"class_list":{"0":"post-53287","1":"product","2":"type-product","3":"status-publish","4":"has-post-thumbnail","6":"product_brand-naturehike-lv","7":"product_cat-kempinga-mebeles","8":"pa_izmeriscm-10179","9":"pa_izturiba-120kg","10":"pa_materiali-oskfords-audums-600d","11":"pa_produkta-tips-kresli","12":"pa_saliktas-preces-izmerscm-8050","13":"pa_spalva-zals","15":"first","16":"outofstock","17":"taxable","18":"shipping-taxable","19":"purchasable","20":"product-type-simple"},"raw_content":{"name":"Naturehike - (Xingyue) Saliekams \u0101ra kr\u0113sls 1.1","description":"Viegls un iztur\u012bgs t\u0113rauda r\u0101mis ne tikai nodro\u0161ina ilgm\u016b\u017e\u012bbu, bet ar\u012b padara to \u0101rk\u0101rt\u012bgi viegli p\u0101rn\u0113s\u0101jamu, atvieglojot transport\u0113\u0161anu un uzglab\u0101\u0161anu ce\u013cojuma laik\u0101.\nPateicoties augstai iztur\u012bbai, \u0161is kr\u0113sls sp\u0113j iztur\u0113t l\u012bdz 120 kg. slodzi, nodro\u0161inot stabilit\u0101ti un dro\u0161\u012bbu atp\u016btas laik\u0101.\n\u0112rti izvietotas kabati\u0146as priek\u0161metu glab\u0101\u0161anai.\nOksforda auduma izmanto\u0161ana, kas gaum\u012bgi izv\u0113l\u0113ts kr\u0113sla izveidei, ne tikai pie\u0161\u0137ir eleganci t\u0101 dizainam, bet ar\u012b nodro\u0161ina ilgu kalpo\u0161anas laiku.","short_description":"Saliekamais kr\u0113sls Naturehike ir izstr\u0101d\u0101ts ar uzman\u012bbu pret deta\u013c\u0101m un nodro\u0161ina komfortu.","status":"publish","sku":"6976023929724","original":53287},"wpml":{"translation_type":1,"has_translations":true,"original":53287,"duplicates":[],"translations":{"lv":53287,"en":67958,"ru":null}},"supplier_id":null,"supplier_sku":"","barcode":null,"atum_controlled":true,"out_stock_date":null,"out_stock_threshold":null,"inheritable":false,"inbound_stock":null,"stock_on_hold":0,"sold_today":0,"sales_last_days":0,"reserved_stock":null,"customer_returns":null,"warehouse_damage":null,"lost_in_post":null,"other_logs":null,"out_stock_days":0,"lost_sales":0,"has_location":null,"update_date":"2025-12-30T14:30:38","atum_locations":[],"atum_stock_status":"outofstock","restock_status":false,"low_stock_amount":"","sales_update_date":"2025-11-13T14:09:01","calc_backorders":null,"yoast_head":"<!-- This site is optimized with the Yoast SEO plugin v27.3 - https:\/\/yoast.com\/product\/yoast-seo-wordpress\/ -->\n<title>Naturehike - (Xingyue) Saliekams \u0101ra kr\u0113sls 1.1<\/title>\n<meta name=\"description\" content=\"Saliekamais kr\u0113sls Naturehike ir izstr\u0101d\u0101ts ar uzman\u012bbu pret deta\u013c\u0101m un nodro\u0161ina komfortu.\u00a0\" \/>\n<meta name=\"robots\" content=\"index, follow, max-snippet:-1, max-image-preview:large, max-video-preview:-1\" \/>\n<link rel=\"canonical\" href=\"https:\/\/gohike.lv\/ru\/produkts\/naturehike-xingyue-saliekams-ara-kresls-1-1\/\" \/>\n<meta property=\"og:locale\" content=\"ru_RU\" \/>\n<meta property=\"og:type\" content=\"article\" \/>\n<meta property=\"og:title\" content=\"Naturehike - Saliekamais kr\u0113sls\" \/>\n<meta property=\"og:description\" content=\"Saliekamais kr\u0113sls Naturehike ir izstr\u0101d\u0101ts ar uzman\u012bbu pret deta\u013c\u0101m un nodro\u0161ina komfortu.\u00a0\" \/>\n<meta property=\"og:url\" content=\"https:\/\/gohike.lv\/ru\/produkts\/naturehike-xingyue-saliekams-ara-kresls-1-1\/\" \/>\n<meta property=\"og:site_name\" content=\"GoHike\" \/>\n<meta property=\"article:publisher\" content=\"https:\/\/www.facebook.com\/gohike.shop\/\" \/>\n<meta property=\"article:modified_time\" content=\"2025-12-30T14:24:42+00:00\" \/>\n<meta property=\"og:image\" content=\"https:\/\/gohike.lv\/wp-content\/uploads\/2024\/04\/XingyueFoldingChair1_1_green-1.jpeg\" \/>\n\t<meta property=\"og:image:width\" content=\"800\" \/>\n\t<meta property=\"og:image:height\" content=\"800\" \/>\n\t<meta property=\"og:image:type\" content=\"image\/jpeg\" \/>\n<meta name=\"twitter:card\" content=\"summary_large_image\" \/>\n<meta name=\"twitter:title\" content=\"Naturehike - Saliekamais kr\u0113sls\" \/>\n<meta name=\"twitter:label1\" content=\"\u041f\u0440\u0438\u043c\u0435\u0440\u043d\u043e\u0435 \u0432\u0440\u0435\u043c\u044f \u0434\u043b\u044f \u0447\u0442\u0435\u043d\u0438\u044f\" \/>\n\t<meta name=\"twitter:data1\" content=\"1 \u043c\u0438\u043d\u0443\u0442\u0430\" \/>\n<script type=\"application\/ld+json\" class=\"yoast-schema-graph\">{\"@context\":\"https:\\\/\\\/schema.org\",\"@graph\":[{\"@type\":[\"WebPage\",\"ItemPage\"],\"@id\":\"https:\\\/\\\/gohike.lv\\\/ru\\\/produkts\\\/naturehike-xingyue-saliekams-ara-kresls-1-1\\\/\",\"url\":\"https:\\\/\\\/gohike.lv\\\/ru\\\/produkts\\\/naturehike-xingyue-saliekams-ara-kresls-1-1\\\/\",\"name\":\"Naturehike - (Xingyue) Saliekams \u0101ra kr\u0113sls 1.1\",\"isPartOf\":{\"@id\":\"https:\\\/\\\/gohike.lv\\\/ru\\\/#website\"},\"primaryImageOfPage\":{\"@id\":\"https:\\\/\\\/gohike.lv\\\/ru\\\/produkts\\\/naturehike-xingyue-saliekams-ara-kresls-1-1\\\/#primaryimage\"},\"image\":{\"@id\":\"https:\\\/\\\/gohike.lv\\\/ru\\\/produkts\\\/naturehike-xingyue-saliekams-ara-kresls-1-1\\\/#primaryimage\"},\"thumbnailUrl\":\"https:\\\/\\\/gohike.lv\\\/wp-content\\\/uploads\\\/2024\\\/04\\\/XingyueFoldingChair1_1_green-1.jpeg\",\"datePublished\":\"2024-05-07T08:47:43+00:00\",\"dateModified\":\"2025-12-30T14:24:42+00:00\",\"description\":\"Saliekamais kr\u0113sls Naturehike ir izstr\u0101d\u0101ts ar uzman\u012bbu pret deta\u013c\u0101m un nodro\u0161ina komfortu.\u00a0\",\"breadcrumb\":{\"@id\":\"https:\\\/\\\/gohike.lv\\\/ru\\\/produkts\\\/naturehike-xingyue-saliekams-ara-kresls-1-1\\\/#breadcrumb\"},\"inLanguage\":\"ru-RU\",\"potentialAction\":[{\"@type\":\"ReadAction\",\"target\":[\"https:\\\/\\\/gohike.lv\\\/ru\\\/produkts\\\/naturehike-xingyue-saliekams-ara-kresls-1-1\\\/\"]}]},{\"@type\":\"ImageObject\",\"inLanguage\":\"ru-RU\",\"@id\":\"https:\\\/\\\/gohike.lv\\\/ru\\\/produkts\\\/naturehike-xingyue-saliekams-ara-kresls-1-1\\\/#primaryimage\",\"url\":\"https:\\\/\\\/gohike.lv\\\/wp-content\\\/uploads\\\/2024\\\/04\\\/XingyueFoldingChair1_1_green-1.jpeg\",\"contentUrl\":\"https:\\\/\\\/gohike.lv\\\/wp-content\\\/uploads\\\/2024\\\/04\\\/XingyueFoldingChair1_1_green-1.jpeg\",\"width\":800,\"height\":800},{\"@type\":\"BreadcrumbList\",\"@id\":\"https:\\\/\\\/gohike.lv\\\/ru\\\/produkts\\\/naturehike-xingyue-saliekams-ara-kresls-1-1\\\/#breadcrumb\",\"itemListElement\":[{\"@type\":\"ListItem\",\"position\":1,\"name\":\"\u0413\u043b\u0430\u0432\u043d\u0430\u044f\",\"item\":\"https:\\\/\\\/gohike.lv\\\/ru\\\/\"},{\"@type\":\"ListItem\",\"position\":2,\"name\":\"\u041a\u0430\u0442\u0435\u0433\u043e\u0440\u0438\u0438 \u0442\u043e\u0432\u0430\u0440\u043e\u0432\",\"item\":\"https:\\\/\\\/gohike.lv\\\/%d0%ba%d0%b0%d1%82%d0%b5%d0%b3%d0%be%d1%80%d0%b8%d0%b8-%d1%82%d0%be%d0%b2%d0%b0%d1%80%d0%be%d0%b2\\\/\"},{\"@type\":\"ListItem\",\"position\":3,\"name\":\"Naturehike &#8211; (Xingyue) Saliekams \u0101ra kr\u0113sls 1.1\"}]},{\"@type\":\"WebSite\",\"@id\":\"https:\\\/\\\/gohike.lv\\\/ru\\\/#website\",\"url\":\"https:\\\/\\\/gohike.lv\\\/ru\\\/\",\"name\":\"GoHike\",\"description\":\"\",\"publisher\":{\"@id\":\"https:\\\/\\\/gohike.lv\\\/ru\\\/#organization\"},\"potentialAction\":[{\"@type\":\"SearchAction\",\"target\":{\"@type\":\"EntryPoint\",\"urlTemplate\":\"https:\\\/\\\/gohike.lv\\\/ru\\\/?s={search_term_string}\"},\"query-input\":{\"@type\":\"PropertyValueSpecification\",\"valueRequired\":true,\"valueName\":\"search_term_string\"}}],\"inLanguage\":\"ru-RU\"},{\"@type\":\"Organization\",\"@id\":\"https:\\\/\\\/gohike.lv\\\/ru\\\/#organization\",\"name\":\"GoHike\",\"url\":\"https:\\\/\\\/gohike.lv\\\/ru\\\/\",\"logo\":{\"@type\":\"ImageObject\",\"inLanguage\":\"ru-RU\",\"@id\":\"https:\\\/\\\/gohike.lv\\\/ru\\\/#\\\/schema\\\/logo\\\/image\\\/\",\"url\":\"https:\\\/\\\/gohike.lv\\\/wp-content\\\/uploads\\\/2023\\\/08\\\/Logo_GoHike.webp\",\"contentUrl\":\"https:\\\/\\\/gohike.lv\\\/wp-content\\\/uploads\\\/2023\\\/08\\\/Logo_GoHike.webp\",\"width\":512,\"height\":512,\"caption\":\"GoHike\"},\"image\":{\"@id\":\"https:\\\/\\\/gohike.lv\\\/ru\\\/#\\\/schema\\\/logo\\\/image\\\/\"},\"sameAs\":[\"https:\\\/\\\/www.facebook.com\\\/gohike.shop\\\/\",\"https:\\\/\\\/www.instagram.com\\\/gohike.shop\\\/\"]}]}<\/script>\n<!-- \/ Yoast SEO plugin. -->","yoast_head_json":{"title":"Naturehike - (Xingyue) Saliekams \u0101ra kr\u0113sls 1.1","description":"Saliekamais kr\u0113sls Naturehike ir izstr\u0101d\u0101ts ar uzman\u012bbu pret deta\u013c\u0101m un nodro\u0161ina komfortu.\u00a0","robots":{"index":"index","follow":"follow","max-snippet":"max-snippet:-1","max-image-preview":"max-image-preview:large","max-video-preview":"max-video-preview:-1"},"canonical":"https:\/\/gohike.lv\/ru\/produkts\/naturehike-xingyue-saliekams-ara-kresls-1-1\/","og_locale":"ru_RU","og_type":"article","og_title":"Naturehike - Saliekamais kr\u0113sls","og_description":"Saliekamais kr\u0113sls Naturehike ir izstr\u0101d\u0101ts ar uzman\u012bbu pret deta\u013c\u0101m un nodro\u0161ina komfortu.\u00a0","og_url":"https:\/\/gohike.lv\/ru\/produkts\/naturehike-xingyue-saliekams-ara-kresls-1-1\/","og_site_name":"GoHike","article_publisher":"https:\/\/www.facebook.com\/gohike.shop\/","article_modified_time":"2025-12-30T14:24:42+00:00","og_image":[{"width":800,"height":800,"url":"https:\/\/gohike.lv\/wp-content\/uploads\/2024\/04\/XingyueFoldingChair1_1_green-1.jpeg","type":"image\/jpeg"}],"twitter_card":"summary_large_image","twitter_title":"Naturehike - Saliekamais kr\u0113sls","twitter_misc":{"\u041f\u0440\u0438\u043c\u0435\u0440\u043d\u043e\u0435 \u0432\u0440\u0435\u043c\u044f \u0434\u043b\u044f \u0447\u0442\u0435\u043d\u0438\u044f":"1 \u043c\u0438\u043d\u0443\u0442\u0430"},"schema":{"@context":"https:\/\/schema.org","@graph":[{"@type":["WebPage","ItemPage"],"@id":"https:\/\/gohike.lv\/ru\/produkts\/naturehike-xingyue-saliekams-ara-kresls-1-1\/","url":"https:\/\/gohike.lv\/ru\/produkts\/naturehike-xingyue-saliekams-ara-kresls-1-1\/","name":"Naturehike - (Xingyue) Saliekams \u0101ra kr\u0113sls 1.1","isPartOf":{"@id":"https:\/\/gohike.lv\/ru\/#website"},"primaryImageOfPage":{"@id":"https:\/\/gohike.lv\/ru\/produkts\/naturehike-xingyue-saliekams-ara-kresls-1-1\/#primaryimage"},"image":{"@id":"https:\/\/gohike.lv\/ru\/produkts\/naturehike-xingyue-saliekams-ara-kresls-1-1\/#primaryimage"},"thumbnailUrl":"https:\/\/gohike.lv\/wp-content\/uploads\/2024\/04\/XingyueFoldingChair1_1_green-1.jpeg","datePublished":"2024-05-07T08:47:43+00:00","dateModified":"2025-12-30T14:24:42+00:00","description":"Saliekamais kr\u0113sls Naturehike ir izstr\u0101d\u0101ts ar uzman\u012bbu pret deta\u013c\u0101m un nodro\u0161ina komfortu.\u00a0","breadcrumb":{"@id":"https:\/\/gohike.lv\/ru\/produkts\/naturehike-xingyue-saliekams-ara-kresls-1-1\/#breadcrumb"},"inLanguage":"ru-RU","potentialAction":[{"@type":"ReadAction","target":["https:\/\/gohike.lv\/ru\/produkts\/naturehike-xingyue-saliekams-ara-kresls-1-1\/"]}]},{"@type":"ImageObject","inLanguage":"ru-RU","@id":"https:\/\/gohike.lv\/ru\/produkts\/naturehike-xingyue-saliekams-ara-kresls-1-1\/#primaryimage","url":"https:\/\/gohike.lv\/wp-content\/uploads\/2024\/04\/XingyueFoldingChair1_1_green-1.jpeg","contentUrl":"https:\/\/gohike.lv\/wp-content\/uploads\/2024\/04\/XingyueFoldingChair1_1_green-1.jpeg","width":800,"height":800},{"@type":"BreadcrumbList","@id":"https:\/\/gohike.lv\/ru\/produkts\/naturehike-xingyue-saliekams-ara-kresls-1-1\/#breadcrumb","itemListElement":[{"@type":"ListItem","position":1,"name":"\u0413\u043b\u0430\u0432\u043d\u0430\u044f","item":"https:\/\/gohike.lv\/ru\/"},{"@type":"ListItem","position":2,"name":"\u041a\u0430\u0442\u0435\u0433\u043e\u0440\u0438\u0438 \u0442\u043e\u0432\u0430\u0440\u043e\u0432","item":"https:\/\/gohike.lv\/%d0%ba%d0%b0%d1%82%d0%b5%d0%b3%d0%be%d1%80%d0%b8%d0%b8-%d1%82%d0%be%d0%b2%d0%b0%d1%80%d0%be%d0%b2\/"},{"@type":"ListItem","position":3,"name":"Naturehike &#8211; (Xingyue) Saliekams \u0101ra kr\u0113sls 1.1"}]},{"@type":"WebSite","@id":"https:\/\/gohike.lv\/ru\/#website","url":"https:\/\/gohike.lv\/ru\/","name":"GoHike","description":"","publisher":{"@id":"https:\/\/gohike.lv\/ru\/#organization"},"potentialAction":[{"@type":"SearchAction","target":{"@type":"EntryPoint","urlTemplate":"https:\/\/gohike.lv\/ru\/?s={search_term_string}"},"query-input":{"@type":"PropertyValueSpecification","valueRequired":true,"valueName":"search_term_string"}}],"inLanguage":"ru-RU"},{"@type":"Organization","@id":"https:\/\/gohike.lv\/ru\/#organization","name":"GoHike","url":"https:\/\/gohike.lv\/ru\/","logo":{"@type":"ImageObject","inLanguage":"ru-RU","@id":"https:\/\/gohike.lv\/ru\/#\/schema\/logo\/image\/","url":"https:\/\/gohike.lv\/wp-content\/uploads\/2023\/08\/Logo_GoHike.webp","contentUrl":"https:\/\/gohike.lv\/wp-content\/uploads\/2023\/08\/Logo_GoHike.webp","width":512,"height":512,"caption":"GoHike"},"image":{"@id":"https:\/\/gohike.lv\/ru\/#\/schema\/logo\/image\/"},"sameAs":["https:\/\/www.facebook.com\/gohike.shop\/","https:\/\/www.instagram.com\/gohike.shop\/"]}]}},"jetpack_sharing_enabled":true,"_links":{"self":[{"href":"https:\/\/gohike.lv\/ru\/wp-json\/wp\/v2\/product\/53287","targetHints":{"allow":["GET"]}}],"collection":[{"href":"https:\/\/gohike.lv\/ru\/wp-json\/wp\/v2\/product"}],"about":[{"href":"https:\/\/gohike.lv\/ru\/wp-json\/wp\/v2\/types\/product"}],"version-history":[{"count":1,"href":"https:\/\/gohike.lv\/ru\/wp-json\/wp\/v2\/product\/53287\/revisions"}],"predecessor-version":[{"id":118859,"href":"https:\/\/gohike.lv\/ru\/wp-json\/wp\/v2\/product\/53287\/revisions\/118859"}],"wp:featuredmedia":[{"embeddable":true,"href":"https:\/\/gohike.lv\/ru\/wp-json\/wp\/v2\/media\/35973"}],"wp:attachment":[{"href":"https:\/\/gohike.lv\/ru\/wp-json\/wp\/v2\/media?parent=53287"}],"wp:term":[{"taxonomy":"product_brand","embeddable":true,"href":"https:\/\/gohike.lv\/ru\/wp-json\/wp\/v2\/product_brand?post=53287"},{"taxonomy":"product_cat","embeddable":true,"href":"https:\/\/gohike.lv\/ru\/wp-json\/wp\/v2\/product_cat?post=53287"},{"taxonomy":"product_tag","embeddable":true,"href":"https:\/\/gohike.lv\/ru\/wp-json\/wp\/v2\/product_tag?post=53287"}],"curies":[{"name":"wp","href":"https:\/\/api.w.org\/{rel}","templated":true}]}}