{"id":53275,"date":"2024-05-07T11:47:19","date_gmt":"2024-05-07T08:47:19","guid":{"rendered":"https:\/\/gohike.lv\/produkts\/naturehike-saliekama-uzglabasanas-kaste-3\/"},"modified":"2025-11-27T20:11:36","modified_gmt":"2025-11-27T17:11:36","slug":"naturehike-saliekama-uzglabasanas-kaste-3","status":"publish","type":"product","link":"https:\/\/gohike.lv\/ru\/produkts\/naturehike-saliekama-uzglabasanas-kaste-3\/","title":{"rendered":"Naturehike &#8212; Saliekam\u0101 uzglab\u0101\u0161anas kaste 50l"},"content":{"rendered":"<p>Viegli saliekama, ar iesp\u0113ju atv\u0113rt kasti trijos da\u017e\u0101dos veidos.<br \/>\nKastes var saloc\u012bt, lai ietaup\u012btu vietu.<br \/>\nSaliekot vair\u0101kas kastes vienu uz otras un pievienojot m\u016bsu koka paliktni (nop\u0113rkams atsevi\u0161\u0137i), var p\u0101rv\u0113rst uzglab\u0101\u0161anas kastes par daudzfunkcion\u0101lu plauktu.<br \/>\nRaksturlielumi:<br \/>\nModelis: NH20SJ036;<br \/>\nS\u0101nu rokturi \u0113rtai transport\u0113\u0161anai;<br \/>\nMaksim\u0101lais kravas svars: 20 kg;<br \/>\nIzm\u0113ri: 52,5 x 36,5 x 10,5 cm;<br \/>\nSvars: 3 kg;<br \/>\nKr\u0101sas: zila, pel\u0113ka;<br \/>\nTilpums: 50l;<br \/>\nMateri\u0101ls: plastmasa.<\/p>\n","protected":false},"excerpt":{"rendered":"<p>Viegli saliekama uzglab\u0101\u0161anas kaste.<\/p>\n","protected":false},"featured_media":35831,"template":"","meta":[],"product_brand":[167],"product_cat":[9447,2493],"product_tag":[],"class_list":{"0":"post-53275","1":"product","2":"type-product","3":"status-publish","4":"has-post-thumbnail","6":"product_brand-naturehike-lv","7":"product_cat-izpardosana","8":"product_cat-kempinga-mebeles","9":"pa_izmeriscm-52-536-534","10":"pa_materiali-pp","11":"pa_produkta-tips-kempinga-kastes","12":"pa_spalva-zals","14":"first","15":"instock","16":"sale","17":"taxable","18":"shipping-taxable","19":"purchasable","20":"product-type-simple"},"raw_content":{"name":"Naturehike - Saliekam\u0101 uzglab\u0101\u0161anas kaste 50l","description":"Viegli saliekama, ar iesp\u0113ju atv\u0113rt kasti trijos da\u017e\u0101dos veidos.\nKastes var saloc\u012bt, lai ietaup\u012btu vietu.\nSaliekot vair\u0101kas kastes vienu uz otras un pievienojot m\u016bsu koka paliktni (nop\u0113rkams atsevi\u0161\u0137i), var p\u0101rv\u0113rst uzglab\u0101\u0161anas kastes par daudzfunkcion\u0101lu plauktu.\nRaksturlielumi:\nModelis: NH20SJ036;\nS\u0101nu rokturi \u0113rtai transport\u0113\u0161anai;\nMaksim\u0101lais kravas svars: 20 kg;\nIzm\u0113ri: 52,5 x 36,5 x 10,5 cm;\nSvars: 3 kg;\nKr\u0101sas: zila, pel\u0113ka;\nTilpums: 50l;\nMateri\u0101ls: plastmasa.","short_description":"Viegli saliekama uzglab\u0101\u0161anas kaste.","status":"publish","sku":"6927595703724","original":53275},"wpml":{"translation_type":1,"has_translations":true,"original":53275,"duplicates":[],"translations":{"lv":53275,"en":67940,"ru":null}},"supplier_id":null,"supplier_sku":"","barcode":null,"atum_controlled":true,"out_stock_date":null,"out_stock_threshold":null,"inheritable":false,"inbound_stock":0,"stock_on_hold":0,"sold_today":0,"sales_last_days":0,"reserved_stock":0,"customer_returns":0,"warehouse_damage":0,"lost_in_post":0,"other_logs":0,"out_stock_days":0,"lost_sales":0,"has_location":false,"update_date":"2025-11-27T17:11:37","atum_locations":[],"atum_stock_status":"instock","restock_status":false,"low_stock_amount":"","sales_update_date":"2025-11-13T14:08:12","calc_backorders":null,"yoast_head":"<!-- This site is optimized with the Yoast SEO plugin v27.3 - https:\/\/yoast.com\/product\/yoast-seo-wordpress\/ -->\n<title>Naturehike - Saliekam\u0101 uzglab\u0101\u0161anas kaste<\/title>\n<meta name=\"description\" content=\"Viegli saliekama uzglab\u0101\u0161anas kaste. Var atv\u0113rt trijos da\u017e\u0101dos veidos.\" \/>\n<meta name=\"robots\" content=\"index, follow, max-snippet:-1, max-image-preview:large, max-video-preview:-1\" \/>\n<link rel=\"canonical\" href=\"https:\/\/gohike.lv\/ru\/produkts\/naturehike-saliekama-uzglabasanas-kaste-3\/\" \/>\n<meta property=\"og:locale\" content=\"ru_RU\" \/>\n<meta property=\"og:type\" content=\"article\" \/>\n<meta property=\"og:title\" content=\"Naturehike - Saliekam\u0101 uzglab\u0101\u0161anas kaste\" \/>\n<meta property=\"og:description\" content=\"Viegli saliekama uzglab\u0101\u0161anas kaste. Var atv\u0113rt trijos da\u017e\u0101dos veidos.\" \/>\n<meta property=\"og:url\" content=\"https:\/\/gohike.lv\/ru\/produkts\/naturehike-saliekama-uzglabasanas-kaste-3\/\" \/>\n<meta property=\"og:site_name\" content=\"GoHike\" \/>\n<meta property=\"article:publisher\" content=\"https:\/\/www.facebook.com\/gohike.shop\/\" \/>\n<meta property=\"article:modified_time\" content=\"2025-11-27T17:11:36+00:00\" \/>\n<meta property=\"og:image\" content=\"https:\/\/gohike.lv\/wp-content\/uploads\/2024\/04\/PPfoldingBox_50L_green-1.webp\" \/>\n\t<meta property=\"og:image:width\" content=\"800\" \/>\n\t<meta property=\"og:image:height\" content=\"800\" \/>\n\t<meta property=\"og:image:type\" content=\"image\/webp\" \/>\n<meta name=\"twitter:card\" content=\"summary_large_image\" \/>\n<meta name=\"twitter:title\" content=\"Naturehike - Saliekam\u0101 uzglab\u0101\u0161anas kaste\" \/>\n<meta name=\"twitter:label1\" content=\"\u041f\u0440\u0438\u043c\u0435\u0440\u043d\u043e\u0435 \u0432\u0440\u0435\u043c\u044f \u0434\u043b\u044f \u0447\u0442\u0435\u043d\u0438\u044f\" \/>\n\t<meta name=\"twitter:data1\" content=\"1 \u043c\u0438\u043d\u0443\u0442\u0430\" \/>\n<script type=\"application\/ld+json\" class=\"yoast-schema-graph\">{\"@context\":\"https:\\\/\\\/schema.org\",\"@graph\":[{\"@type\":[\"WebPage\",\"ItemPage\"],\"@id\":\"https:\\\/\\\/gohike.lv\\\/ru\\\/produkts\\\/naturehike-saliekama-uzglabasanas-kaste-3\\\/\",\"url\":\"https:\\\/\\\/gohike.lv\\\/ru\\\/produkts\\\/naturehike-saliekama-uzglabasanas-kaste-3\\\/\",\"name\":\"Naturehike - Saliekam\u0101 uzglab\u0101\u0161anas kaste\",\"isPartOf\":{\"@id\":\"https:\\\/\\\/gohike.lv\\\/ru\\\/#website\"},\"primaryImageOfPage\":{\"@id\":\"https:\\\/\\\/gohike.lv\\\/ru\\\/produkts\\\/naturehike-saliekama-uzglabasanas-kaste-3\\\/#primaryimage\"},\"image\":{\"@id\":\"https:\\\/\\\/gohike.lv\\\/ru\\\/produkts\\\/naturehike-saliekama-uzglabasanas-kaste-3\\\/#primaryimage\"},\"thumbnailUrl\":\"https:\\\/\\\/gohike.lv\\\/wp-content\\\/uploads\\\/2024\\\/04\\\/PPfoldingBox_50L_green-1.webp\",\"datePublished\":\"2024-05-07T08:47:19+00:00\",\"dateModified\":\"2025-11-27T17:11:36+00:00\",\"description\":\"Viegli saliekama uzglab\u0101\u0161anas kaste. Var atv\u0113rt trijos da\u017e\u0101dos veidos.\",\"breadcrumb\":{\"@id\":\"https:\\\/\\\/gohike.lv\\\/ru\\\/produkts\\\/naturehike-saliekama-uzglabasanas-kaste-3\\\/#breadcrumb\"},\"inLanguage\":\"ru-RU\",\"potentialAction\":[{\"@type\":\"ReadAction\",\"target\":[\"https:\\\/\\\/gohike.lv\\\/ru\\\/produkts\\\/naturehike-saliekama-uzglabasanas-kaste-3\\\/\"]}]},{\"@type\":\"ImageObject\",\"inLanguage\":\"ru-RU\",\"@id\":\"https:\\\/\\\/gohike.lv\\\/ru\\\/produkts\\\/naturehike-saliekama-uzglabasanas-kaste-3\\\/#primaryimage\",\"url\":\"https:\\\/\\\/gohike.lv\\\/wp-content\\\/uploads\\\/2024\\\/04\\\/PPfoldingBox_50L_green-1.webp\",\"contentUrl\":\"https:\\\/\\\/gohike.lv\\\/wp-content\\\/uploads\\\/2024\\\/04\\\/PPfoldingBox_50L_green-1.webp\",\"width\":800,\"height\":800},{\"@type\":\"BreadcrumbList\",\"@id\":\"https:\\\/\\\/gohike.lv\\\/ru\\\/produkts\\\/naturehike-saliekama-uzglabasanas-kaste-3\\\/#breadcrumb\",\"itemListElement\":[{\"@type\":\"ListItem\",\"position\":1,\"name\":\"\u0413\u043b\u0430\u0432\u043d\u0430\u044f\",\"item\":\"https:\\\/\\\/gohike.lv\\\/ru\\\/\"},{\"@type\":\"ListItem\",\"position\":2,\"name\":\"\u041a\u0430\u0442\u0435\u0433\u043e\u0440\u0438\u0438 \u0442\u043e\u0432\u0430\u0440\u043e\u0432\",\"item\":\"https:\\\/\\\/gohike.lv\\\/%d0%ba%d0%b0%d1%82%d0%b5%d0%b3%d0%be%d1%80%d0%b8%d0%b8-%d1%82%d0%be%d0%b2%d0%b0%d1%80%d0%be%d0%b2\\\/\"},{\"@type\":\"ListItem\",\"position\":3,\"name\":\"Naturehike &#8211; Saliekam\u0101 uzglab\u0101\u0161anas kaste 50l\"}]},{\"@type\":\"WebSite\",\"@id\":\"https:\\\/\\\/gohike.lv\\\/ru\\\/#website\",\"url\":\"https:\\\/\\\/gohike.lv\\\/ru\\\/\",\"name\":\"GoHike\",\"description\":\"\",\"publisher\":{\"@id\":\"https:\\\/\\\/gohike.lv\\\/ru\\\/#organization\"},\"potentialAction\":[{\"@type\":\"SearchAction\",\"target\":{\"@type\":\"EntryPoint\",\"urlTemplate\":\"https:\\\/\\\/gohike.lv\\\/ru\\\/?s={search_term_string}\"},\"query-input\":{\"@type\":\"PropertyValueSpecification\",\"valueRequired\":true,\"valueName\":\"search_term_string\"}}],\"inLanguage\":\"ru-RU\"},{\"@type\":\"Organization\",\"@id\":\"https:\\\/\\\/gohike.lv\\\/ru\\\/#organization\",\"name\":\"GoHike\",\"url\":\"https:\\\/\\\/gohike.lv\\\/ru\\\/\",\"logo\":{\"@type\":\"ImageObject\",\"inLanguage\":\"ru-RU\",\"@id\":\"https:\\\/\\\/gohike.lv\\\/ru\\\/#\\\/schema\\\/logo\\\/image\\\/\",\"url\":\"https:\\\/\\\/gohike.lv\\\/wp-content\\\/uploads\\\/2023\\\/08\\\/Logo_GoHike.webp\",\"contentUrl\":\"https:\\\/\\\/gohike.lv\\\/wp-content\\\/uploads\\\/2023\\\/08\\\/Logo_GoHike.webp\",\"width\":512,\"height\":512,\"caption\":\"GoHike\"},\"image\":{\"@id\":\"https:\\\/\\\/gohike.lv\\\/ru\\\/#\\\/schema\\\/logo\\\/image\\\/\"},\"sameAs\":[\"https:\\\/\\\/www.facebook.com\\\/gohike.shop\\\/\",\"https:\\\/\\\/www.instagram.com\\\/gohike.shop\\\/\"]}]}<\/script>\n<!-- \/ Yoast SEO plugin. -->","yoast_head_json":{"title":"Naturehike - Saliekam\u0101 uzglab\u0101\u0161anas kaste","description":"Viegli saliekama uzglab\u0101\u0161anas kaste. Var atv\u0113rt trijos da\u017e\u0101dos veidos.","robots":{"index":"index","follow":"follow","max-snippet":"max-snippet:-1","max-image-preview":"max-image-preview:large","max-video-preview":"max-video-preview:-1"},"canonical":"https:\/\/gohike.lv\/ru\/produkts\/naturehike-saliekama-uzglabasanas-kaste-3\/","og_locale":"ru_RU","og_type":"article","og_title":"Naturehike - Saliekam\u0101 uzglab\u0101\u0161anas kaste","og_description":"Viegli saliekama uzglab\u0101\u0161anas kaste. Var atv\u0113rt trijos da\u017e\u0101dos veidos.","og_url":"https:\/\/gohike.lv\/ru\/produkts\/naturehike-saliekama-uzglabasanas-kaste-3\/","og_site_name":"GoHike","article_publisher":"https:\/\/www.facebook.com\/gohike.shop\/","article_modified_time":"2025-11-27T17:11:36+00:00","og_image":[{"width":800,"height":800,"url":"https:\/\/gohike.lv\/wp-content\/uploads\/2024\/04\/PPfoldingBox_50L_green-1.webp","type":"image\/webp"}],"twitter_card":"summary_large_image","twitter_title":"Naturehike - Saliekam\u0101 uzglab\u0101\u0161anas kaste","twitter_misc":{"\u041f\u0440\u0438\u043c\u0435\u0440\u043d\u043e\u0435 \u0432\u0440\u0435\u043c\u044f \u0434\u043b\u044f \u0447\u0442\u0435\u043d\u0438\u044f":"1 \u043c\u0438\u043d\u0443\u0442\u0430"},"schema":{"@context":"https:\/\/schema.org","@graph":[{"@type":["WebPage","ItemPage"],"@id":"https:\/\/gohike.lv\/ru\/produkts\/naturehike-saliekama-uzglabasanas-kaste-3\/","url":"https:\/\/gohike.lv\/ru\/produkts\/naturehike-saliekama-uzglabasanas-kaste-3\/","name":"Naturehike - Saliekam\u0101 uzglab\u0101\u0161anas kaste","isPartOf":{"@id":"https:\/\/gohike.lv\/ru\/#website"},"primaryImageOfPage":{"@id":"https:\/\/gohike.lv\/ru\/produkts\/naturehike-saliekama-uzglabasanas-kaste-3\/#primaryimage"},"image":{"@id":"https:\/\/gohike.lv\/ru\/produkts\/naturehike-saliekama-uzglabasanas-kaste-3\/#primaryimage"},"thumbnailUrl":"https:\/\/gohike.lv\/wp-content\/uploads\/2024\/04\/PPfoldingBox_50L_green-1.webp","datePublished":"2024-05-07T08:47:19+00:00","dateModified":"2025-11-27T17:11:36+00:00","description":"Viegli saliekama uzglab\u0101\u0161anas kaste. Var atv\u0113rt trijos da\u017e\u0101dos veidos.","breadcrumb":{"@id":"https:\/\/gohike.lv\/ru\/produkts\/naturehike-saliekama-uzglabasanas-kaste-3\/#breadcrumb"},"inLanguage":"ru-RU","potentialAction":[{"@type":"ReadAction","target":["https:\/\/gohike.lv\/ru\/produkts\/naturehike-saliekama-uzglabasanas-kaste-3\/"]}]},{"@type":"ImageObject","inLanguage":"ru-RU","@id":"https:\/\/gohike.lv\/ru\/produkts\/naturehike-saliekama-uzglabasanas-kaste-3\/#primaryimage","url":"https:\/\/gohike.lv\/wp-content\/uploads\/2024\/04\/PPfoldingBox_50L_green-1.webp","contentUrl":"https:\/\/gohike.lv\/wp-content\/uploads\/2024\/04\/PPfoldingBox_50L_green-1.webp","width":800,"height":800},{"@type":"BreadcrumbList","@id":"https:\/\/gohike.lv\/ru\/produkts\/naturehike-saliekama-uzglabasanas-kaste-3\/#breadcrumb","itemListElement":[{"@type":"ListItem","position":1,"name":"\u0413\u043b\u0430\u0432\u043d\u0430\u044f","item":"https:\/\/gohike.lv\/ru\/"},{"@type":"ListItem","position":2,"name":"\u041a\u0430\u0442\u0435\u0433\u043e\u0440\u0438\u0438 \u0442\u043e\u0432\u0430\u0440\u043e\u0432","item":"https:\/\/gohike.lv\/%d0%ba%d0%b0%d1%82%d0%b5%d0%b3%d0%be%d1%80%d0%b8%d0%b8-%d1%82%d0%be%d0%b2%d0%b0%d1%80%d0%be%d0%b2\/"},{"@type":"ListItem","position":3,"name":"Naturehike &#8211; Saliekam\u0101 uzglab\u0101\u0161anas kaste 50l"}]},{"@type":"WebSite","@id":"https:\/\/gohike.lv\/ru\/#website","url":"https:\/\/gohike.lv\/ru\/","name":"GoHike","description":"","publisher":{"@id":"https:\/\/gohike.lv\/ru\/#organization"},"potentialAction":[{"@type":"SearchAction","target":{"@type":"EntryPoint","urlTemplate":"https:\/\/gohike.lv\/ru\/?s={search_term_string}"},"query-input":{"@type":"PropertyValueSpecification","valueRequired":true,"valueName":"search_term_string"}}],"inLanguage":"ru-RU"},{"@type":"Organization","@id":"https:\/\/gohike.lv\/ru\/#organization","name":"GoHike","url":"https:\/\/gohike.lv\/ru\/","logo":{"@type":"ImageObject","inLanguage":"ru-RU","@id":"https:\/\/gohike.lv\/ru\/#\/schema\/logo\/image\/","url":"https:\/\/gohike.lv\/wp-content\/uploads\/2023\/08\/Logo_GoHike.webp","contentUrl":"https:\/\/gohike.lv\/wp-content\/uploads\/2023\/08\/Logo_GoHike.webp","width":512,"height":512,"caption":"GoHike"},"image":{"@id":"https:\/\/gohike.lv\/ru\/#\/schema\/logo\/image\/"},"sameAs":["https:\/\/www.facebook.com\/gohike.shop\/","https:\/\/www.instagram.com\/gohike.shop\/"]}]}},"jetpack_sharing_enabled":true,"_links":{"self":[{"href":"https:\/\/gohike.lv\/ru\/wp-json\/wp\/v2\/product\/53275","targetHints":{"allow":["GET"]}}],"collection":[{"href":"https:\/\/gohike.lv\/ru\/wp-json\/wp\/v2\/product"}],"about":[{"href":"https:\/\/gohike.lv\/ru\/wp-json\/wp\/v2\/types\/product"}],"version-history":[{"count":0,"href":"https:\/\/gohike.lv\/ru\/wp-json\/wp\/v2\/product\/53275\/revisions"}],"wp:featuredmedia":[{"embeddable":true,"href":"https:\/\/gohike.lv\/ru\/wp-json\/wp\/v2\/media\/35831"}],"wp:attachment":[{"href":"https:\/\/gohike.lv\/ru\/wp-json\/wp\/v2\/media?parent=53275"}],"wp:term":[{"taxonomy":"product_brand","embeddable":true,"href":"https:\/\/gohike.lv\/ru\/wp-json\/wp\/v2\/product_brand?post=53275"},{"taxonomy":"product_cat","embeddable":true,"href":"https:\/\/gohike.lv\/ru\/wp-json\/wp\/v2\/product_cat?post=53275"},{"taxonomy":"product_tag","embeddable":true,"href":"https:\/\/gohike.lv\/ru\/wp-json\/wp\/v2\/product_tag?post=53275"}],"curies":[{"name":"wp","href":"https:\/\/api.w.org\/{rel}","templated":true}]}}