{"id":53263,"date":"2024-05-07T11:46:46","date_gmt":"2024-05-07T08:46:46","guid":{"rendered":"https:\/\/gohike.lv\/produkts\/naturehike-uzglabasanas-soma-2\/"},"modified":"2025-12-30T17:24:42","modified_gmt":"2025-12-30T14:24:42","slug":"naturehike-uzglabasanas-soma-2","status":"publish","type":"product","link":"https:\/\/gohike.lv\/ru\/produkts\/naturehike-uzglabasanas-soma-2\/","title":{"rendered":"Naturehike &#8212; Uzglab\u0101\u0161anas soma"},"content":{"rendered":"<p>Organizators aiztais\u0101ms ar r\u0101v\u0113jsl\u0113dz\u0113ju un apr\u012bkots ar \u012bsu rokturi, kas \u013cauj to \u0113rti p\u0101rn\u0113s\u0101t.<br \/>\nRokturam ir m\u012bksts ieliktnis, kas nov\u0113r\u0161 plaukstas berz\u0161anu.<br \/>\nUzglab\u0101\u0161anas soma ir \u0113rts veids k\u0101 uzglab\u0101t kempinga apr\u012bkojumu, piem\u0113ram, g\u0101zes balonu vai kempinga pl\u012bti, k\u0101 ar\u012b citus piederumus.<br \/>\n8 litru ietilp\u012bba un divi nodal\u012bjumi nodro\u0161ina pietiekami daudz vietas piknika, mak\u0161\u0137er\u0113\u0161anas un ce\u013cojuma laik\u0101 nepiecie\u0161amo lietu uzglab\u0101\u0161anai.<br \/>\nIzstr\u0101d\u0101jums izgatavots no nodilumiztur\u012bga, jaukta auduma, kas ilgsto\u0161as \u200b\u200blieto\u0161anas laik\u0101 nedeform\u0113jas.<br \/>\nKvalitat\u012bvas \u0161uves nodro\u0161ina organizatoram ilgu kalpo\u0161anas laiku.<br \/>\nRaksturlielumi:<br \/>\nKr\u0101sa: sinepju;<br \/>\nTilpums: 8 l;<br \/>\nMateri\u0101ls: 60% poliesters, 40% kokvilna;<br \/>\nIek\u0161\u0113jo nodal\u012bjumu skaits: 2 gab;<br \/>\nRokturis \u0113rtai p\u0101rn\u0113s\u0101\u0161anai;<br \/>\nIzm\u0113ri: 29 x 24 x 13 cm;<br \/>\nSvars: 258 g.<\/p>\n","protected":false},"excerpt":{"rendered":"<p>Soma ar r\u0101v\u0113jsl\u0113dz\u0113ju kempinga apr\u012bkojuma un mak\u0161\u0137er\u0113\u0161anas piederumu uzglab\u0101\u0161anai un transport\u0113\u0161anai.<\/p>\n","protected":false},"featured_media":35613,"template":"","meta":[],"product_brand":[167],"product_cat":[1463],"product_tag":[],"class_list":{"0":"post-53263","1":"product","2":"type-product","3":"status-publish","4":"has-post-thumbnail","6":"product_brand-naturehike-lv","7":"product_cat-somas-un-maki","8":"pa_izmeriscm-10203","9":"pa_materiali-40-kokvilna","10":"pa_materiali-60-poliesters","11":"pa_produkta-tips-kempinga-somas","12":"pa_spalva-sinepju","13":"pa_tilpums-8l","15":"first","16":"instock","17":"taxable","18":"shipping-taxable","19":"purchasable","20":"product-type-simple"},"raw_content":{"name":"Naturehike - Uzglab\u0101\u0161anas soma","description":"Organizators aiztais\u0101ms ar r\u0101v\u0113jsl\u0113dz\u0113ju un apr\u012bkots ar \u012bsu rokturi, kas \u013cauj to \u0113rti p\u0101rn\u0113s\u0101t.\nRokturam ir m\u012bksts ieliktnis, kas nov\u0113r\u0161 plaukstas berz\u0161anu.\nUzglab\u0101\u0161anas soma ir \u0113rts veids k\u0101 uzglab\u0101t kempinga apr\u012bkojumu, piem\u0113ram, g\u0101zes balonu vai kempinga pl\u012bti, k\u0101 ar\u012b citus piederumus.\n8 litru ietilp\u012bba un divi nodal\u012bjumi nodro\u0161ina pietiekami daudz vietas piknika, mak\u0161\u0137er\u0113\u0161anas un ce\u013cojuma laik\u0101 nepiecie\u0161amo lietu uzglab\u0101\u0161anai.\nIzstr\u0101d\u0101jums izgatavots no nodilumiztur\u012bga, jaukta auduma, kas ilgsto\u0161as \u200b\u200blieto\u0161anas laik\u0101 nedeform\u0113jas.\nKvalitat\u012bvas \u0161uves nodro\u0161ina organizatoram ilgu kalpo\u0161anas laiku.\nRaksturlielumi:\nKr\u0101sa: sinepju;\nTilpums: 8 l;\nMateri\u0101ls: 60% poliesters, 40% kokvilna;\nIek\u0161\u0113jo nodal\u012bjumu skaits: 2 gab;\nRokturis \u0113rtai p\u0101rn\u0113s\u0101\u0161anai;\nIzm\u0113ri: 29 x 24 x 13 cm;\nSvars: 258 g.","short_description":"Soma ar r\u0101v\u0113jsl\u0113dz\u0113ju kempinga apr\u012bkojuma un mak\u0161\u0137er\u0113\u0161anas piederumu uzglab\u0101\u0161anai un transport\u0113\u0161anai.","status":"publish","sku":"6975641888604","original":53263},"wpml":{"translation_type":1,"has_translations":true,"original":53263,"duplicates":[],"translations":{"lv":53263,"en":67941,"ru":null}},"supplier_id":null,"supplier_sku":"","barcode":null,"atum_controlled":true,"out_stock_date":null,"out_stock_threshold":null,"inheritable":false,"inbound_stock":0,"stock_on_hold":0,"sold_today":0,"sales_last_days":0,"reserved_stock":0,"customer_returns":0,"warehouse_damage":0,"lost_in_post":0,"other_logs":0,"out_stock_days":0,"lost_sales":0,"has_location":false,"update_date":"2025-12-30T14:30:38","atum_locations":[],"atum_stock_status":"instock","restock_status":false,"low_stock_amount":"","sales_update_date":"2025-11-13T14:08:00","calc_backorders":null,"yoast_head":"<!-- This site is optimized with the Yoast SEO plugin v27.3 - https:\/\/yoast.com\/product\/yoast-seo-wordpress\/ -->\n<title>Naturehike - Uzglab\u0101\u0161anas soma<\/title>\n<meta name=\"description\" content=\"Soma ar r\u0101v\u0113jsl\u0113dz\u0113ju kempinga apr\u012bkojuma un mak\u0161\u0137er\u0113\u0161anas piederumu uzglab\u0101\u0161anai un transport\u0113\u0161anai.\" \/>\n<meta name=\"robots\" content=\"index, follow, max-snippet:-1, max-image-preview:large, max-video-preview:-1\" \/>\n<link rel=\"canonical\" href=\"https:\/\/gohike.lv\/ru\/produkts\/naturehike-uzglabasanas-soma-2\/\" \/>\n<meta property=\"og:locale\" content=\"ru_RU\" \/>\n<meta property=\"og:type\" content=\"article\" \/>\n<meta property=\"og:title\" content=\"Naturehike - Uzglab\u0101\u0161anas soma\" \/>\n<meta property=\"og:description\" content=\"Soma ar r\u0101v\u0113jsl\u0113dz\u0113ju kempinga apr\u012bkojuma un mak\u0161\u0137er\u0113\u0161anas piederumu uzglab\u0101\u0161anai un transport\u0113\u0161anai.\" \/>\n<meta property=\"og:url\" content=\"https:\/\/gohike.lv\/ru\/produkts\/naturehike-uzglabasanas-soma-2\/\" \/>\n<meta property=\"og:site_name\" content=\"GoHike\" \/>\n<meta property=\"article:publisher\" content=\"https:\/\/www.facebook.com\/gohike.shop\/\" \/>\n<meta property=\"article:modified_time\" content=\"2025-12-30T14:24:42+00:00\" \/>\n<meta property=\"og:image\" content=\"https:\/\/gohike.lv\/wp-content\/uploads\/2024\/04\/StoveStorageBag_-1.webp\" \/>\n\t<meta property=\"og:image:width\" content=\"720\" \/>\n\t<meta property=\"og:image:height\" content=\"720\" \/>\n\t<meta property=\"og:image:type\" content=\"image\/webp\" \/>\n<meta name=\"twitter:card\" content=\"summary_large_image\" \/>\n<meta name=\"twitter:title\" content=\"Naturehike - Uzglab\u0101\u0161anas soma\" \/>\n<meta name=\"twitter:label1\" content=\"\u041f\u0440\u0438\u043c\u0435\u0440\u043d\u043e\u0435 \u0432\u0440\u0435\u043c\u044f \u0434\u043b\u044f \u0447\u0442\u0435\u043d\u0438\u044f\" \/>\n\t<meta name=\"twitter:data1\" content=\"1 \u043c\u0438\u043d\u0443\u0442\u0430\" \/>\n<script type=\"application\/ld+json\" class=\"yoast-schema-graph\">{\"@context\":\"https:\\\/\\\/schema.org\",\"@graph\":[{\"@type\":[\"WebPage\",\"ItemPage\"],\"@id\":\"https:\\\/\\\/gohike.lv\\\/ru\\\/produkts\\\/naturehike-uzglabasanas-soma-2\\\/\",\"url\":\"https:\\\/\\\/gohike.lv\\\/ru\\\/produkts\\\/naturehike-uzglabasanas-soma-2\\\/\",\"name\":\"Naturehike - Uzglab\u0101\u0161anas soma\",\"isPartOf\":{\"@id\":\"https:\\\/\\\/gohike.lv\\\/ru\\\/#website\"},\"primaryImageOfPage\":{\"@id\":\"https:\\\/\\\/gohike.lv\\\/ru\\\/produkts\\\/naturehike-uzglabasanas-soma-2\\\/#primaryimage\"},\"image\":{\"@id\":\"https:\\\/\\\/gohike.lv\\\/ru\\\/produkts\\\/naturehike-uzglabasanas-soma-2\\\/#primaryimage\"},\"thumbnailUrl\":\"https:\\\/\\\/gohike.lv\\\/wp-content\\\/uploads\\\/2024\\\/04\\\/StoveStorageBag_-1.webp\",\"datePublished\":\"2024-05-07T08:46:46+00:00\",\"dateModified\":\"2025-12-30T14:24:42+00:00\",\"description\":\"Soma ar r\u0101v\u0113jsl\u0113dz\u0113ju kempinga apr\u012bkojuma un mak\u0161\u0137er\u0113\u0161anas piederumu uzglab\u0101\u0161anai un transport\u0113\u0161anai.\",\"breadcrumb\":{\"@id\":\"https:\\\/\\\/gohike.lv\\\/ru\\\/produkts\\\/naturehike-uzglabasanas-soma-2\\\/#breadcrumb\"},\"inLanguage\":\"ru-RU\",\"potentialAction\":[{\"@type\":\"ReadAction\",\"target\":[\"https:\\\/\\\/gohike.lv\\\/ru\\\/produkts\\\/naturehike-uzglabasanas-soma-2\\\/\"]}]},{\"@type\":\"ImageObject\",\"inLanguage\":\"ru-RU\",\"@id\":\"https:\\\/\\\/gohike.lv\\\/ru\\\/produkts\\\/naturehike-uzglabasanas-soma-2\\\/#primaryimage\",\"url\":\"https:\\\/\\\/gohike.lv\\\/wp-content\\\/uploads\\\/2024\\\/04\\\/StoveStorageBag_-1.webp\",\"contentUrl\":\"https:\\\/\\\/gohike.lv\\\/wp-content\\\/uploads\\\/2024\\\/04\\\/StoveStorageBag_-1.webp\",\"width\":720,\"height\":720},{\"@type\":\"BreadcrumbList\",\"@id\":\"https:\\\/\\\/gohike.lv\\\/ru\\\/produkts\\\/naturehike-uzglabasanas-soma-2\\\/#breadcrumb\",\"itemListElement\":[{\"@type\":\"ListItem\",\"position\":1,\"name\":\"\u0413\u043b\u0430\u0432\u043d\u0430\u044f\",\"item\":\"https:\\\/\\\/gohike.lv\\\/ru\\\/\"},{\"@type\":\"ListItem\",\"position\":2,\"name\":\"\u041a\u0430\u0442\u0435\u0433\u043e\u0440\u0438\u0438 \u0442\u043e\u0432\u0430\u0440\u043e\u0432\",\"item\":\"https:\\\/\\\/gohike.lv\\\/%d0%ba%d0%b0%d1%82%d0%b5%d0%b3%d0%be%d1%80%d0%b8%d0%b8-%d1%82%d0%be%d0%b2%d0%b0%d1%80%d0%be%d0%b2\\\/\"},{\"@type\":\"ListItem\",\"position\":3,\"name\":\"Naturehike &#8211; Uzglab\u0101\u0161anas soma\"}]},{\"@type\":\"WebSite\",\"@id\":\"https:\\\/\\\/gohike.lv\\\/ru\\\/#website\",\"url\":\"https:\\\/\\\/gohike.lv\\\/ru\\\/\",\"name\":\"GoHike\",\"description\":\"\",\"publisher\":{\"@id\":\"https:\\\/\\\/gohike.lv\\\/ru\\\/#organization\"},\"potentialAction\":[{\"@type\":\"SearchAction\",\"target\":{\"@type\":\"EntryPoint\",\"urlTemplate\":\"https:\\\/\\\/gohike.lv\\\/ru\\\/?s={search_term_string}\"},\"query-input\":{\"@type\":\"PropertyValueSpecification\",\"valueRequired\":true,\"valueName\":\"search_term_string\"}}],\"inLanguage\":\"ru-RU\"},{\"@type\":\"Organization\",\"@id\":\"https:\\\/\\\/gohike.lv\\\/ru\\\/#organization\",\"name\":\"GoHike\",\"url\":\"https:\\\/\\\/gohike.lv\\\/ru\\\/\",\"logo\":{\"@type\":\"ImageObject\",\"inLanguage\":\"ru-RU\",\"@id\":\"https:\\\/\\\/gohike.lv\\\/ru\\\/#\\\/schema\\\/logo\\\/image\\\/\",\"url\":\"https:\\\/\\\/gohike.lv\\\/wp-content\\\/uploads\\\/2023\\\/08\\\/Logo_GoHike.webp\",\"contentUrl\":\"https:\\\/\\\/gohike.lv\\\/wp-content\\\/uploads\\\/2023\\\/08\\\/Logo_GoHike.webp\",\"width\":512,\"height\":512,\"caption\":\"GoHike\"},\"image\":{\"@id\":\"https:\\\/\\\/gohike.lv\\\/ru\\\/#\\\/schema\\\/logo\\\/image\\\/\"},\"sameAs\":[\"https:\\\/\\\/www.facebook.com\\\/gohike.shop\\\/\",\"https:\\\/\\\/www.instagram.com\\\/gohike.shop\\\/\"]}]}<\/script>\n<!-- \/ Yoast SEO plugin. -->","yoast_head_json":{"title":"Naturehike - Uzglab\u0101\u0161anas soma","description":"Soma ar r\u0101v\u0113jsl\u0113dz\u0113ju kempinga apr\u012bkojuma un mak\u0161\u0137er\u0113\u0161anas piederumu uzglab\u0101\u0161anai un transport\u0113\u0161anai.","robots":{"index":"index","follow":"follow","max-snippet":"max-snippet:-1","max-image-preview":"max-image-preview:large","max-video-preview":"max-video-preview:-1"},"canonical":"https:\/\/gohike.lv\/ru\/produkts\/naturehike-uzglabasanas-soma-2\/","og_locale":"ru_RU","og_type":"article","og_title":"Naturehike - Uzglab\u0101\u0161anas soma","og_description":"Soma ar r\u0101v\u0113jsl\u0113dz\u0113ju kempinga apr\u012bkojuma un mak\u0161\u0137er\u0113\u0161anas piederumu uzglab\u0101\u0161anai un transport\u0113\u0161anai.","og_url":"https:\/\/gohike.lv\/ru\/produkts\/naturehike-uzglabasanas-soma-2\/","og_site_name":"GoHike","article_publisher":"https:\/\/www.facebook.com\/gohike.shop\/","article_modified_time":"2025-12-30T14:24:42+00:00","og_image":[{"width":720,"height":720,"url":"https:\/\/gohike.lv\/wp-content\/uploads\/2024\/04\/StoveStorageBag_-1.webp","type":"image\/webp"}],"twitter_card":"summary_large_image","twitter_title":"Naturehike - Uzglab\u0101\u0161anas soma","twitter_misc":{"\u041f\u0440\u0438\u043c\u0435\u0440\u043d\u043e\u0435 \u0432\u0440\u0435\u043c\u044f \u0434\u043b\u044f \u0447\u0442\u0435\u043d\u0438\u044f":"1 \u043c\u0438\u043d\u0443\u0442\u0430"},"schema":{"@context":"https:\/\/schema.org","@graph":[{"@type":["WebPage","ItemPage"],"@id":"https:\/\/gohike.lv\/ru\/produkts\/naturehike-uzglabasanas-soma-2\/","url":"https:\/\/gohike.lv\/ru\/produkts\/naturehike-uzglabasanas-soma-2\/","name":"Naturehike - Uzglab\u0101\u0161anas soma","isPartOf":{"@id":"https:\/\/gohike.lv\/ru\/#website"},"primaryImageOfPage":{"@id":"https:\/\/gohike.lv\/ru\/produkts\/naturehike-uzglabasanas-soma-2\/#primaryimage"},"image":{"@id":"https:\/\/gohike.lv\/ru\/produkts\/naturehike-uzglabasanas-soma-2\/#primaryimage"},"thumbnailUrl":"https:\/\/gohike.lv\/wp-content\/uploads\/2024\/04\/StoveStorageBag_-1.webp","datePublished":"2024-05-07T08:46:46+00:00","dateModified":"2025-12-30T14:24:42+00:00","description":"Soma ar r\u0101v\u0113jsl\u0113dz\u0113ju kempinga apr\u012bkojuma un mak\u0161\u0137er\u0113\u0161anas piederumu uzglab\u0101\u0161anai un transport\u0113\u0161anai.","breadcrumb":{"@id":"https:\/\/gohike.lv\/ru\/produkts\/naturehike-uzglabasanas-soma-2\/#breadcrumb"},"inLanguage":"ru-RU","potentialAction":[{"@type":"ReadAction","target":["https:\/\/gohike.lv\/ru\/produkts\/naturehike-uzglabasanas-soma-2\/"]}]},{"@type":"ImageObject","inLanguage":"ru-RU","@id":"https:\/\/gohike.lv\/ru\/produkts\/naturehike-uzglabasanas-soma-2\/#primaryimage","url":"https:\/\/gohike.lv\/wp-content\/uploads\/2024\/04\/StoveStorageBag_-1.webp","contentUrl":"https:\/\/gohike.lv\/wp-content\/uploads\/2024\/04\/StoveStorageBag_-1.webp","width":720,"height":720},{"@type":"BreadcrumbList","@id":"https:\/\/gohike.lv\/ru\/produkts\/naturehike-uzglabasanas-soma-2\/#breadcrumb","itemListElement":[{"@type":"ListItem","position":1,"name":"\u0413\u043b\u0430\u0432\u043d\u0430\u044f","item":"https:\/\/gohike.lv\/ru\/"},{"@type":"ListItem","position":2,"name":"\u041a\u0430\u0442\u0435\u0433\u043e\u0440\u0438\u0438 \u0442\u043e\u0432\u0430\u0440\u043e\u0432","item":"https:\/\/gohike.lv\/%d0%ba%d0%b0%d1%82%d0%b5%d0%b3%d0%be%d1%80%d0%b8%d0%b8-%d1%82%d0%be%d0%b2%d0%b0%d1%80%d0%be%d0%b2\/"},{"@type":"ListItem","position":3,"name":"Naturehike &#8211; Uzglab\u0101\u0161anas soma"}]},{"@type":"WebSite","@id":"https:\/\/gohike.lv\/ru\/#website","url":"https:\/\/gohike.lv\/ru\/","name":"GoHike","description":"","publisher":{"@id":"https:\/\/gohike.lv\/ru\/#organization"},"potentialAction":[{"@type":"SearchAction","target":{"@type":"EntryPoint","urlTemplate":"https:\/\/gohike.lv\/ru\/?s={search_term_string}"},"query-input":{"@type":"PropertyValueSpecification","valueRequired":true,"valueName":"search_term_string"}}],"inLanguage":"ru-RU"},{"@type":"Organization","@id":"https:\/\/gohike.lv\/ru\/#organization","name":"GoHike","url":"https:\/\/gohike.lv\/ru\/","logo":{"@type":"ImageObject","inLanguage":"ru-RU","@id":"https:\/\/gohike.lv\/ru\/#\/schema\/logo\/image\/","url":"https:\/\/gohike.lv\/wp-content\/uploads\/2023\/08\/Logo_GoHike.webp","contentUrl":"https:\/\/gohike.lv\/wp-content\/uploads\/2023\/08\/Logo_GoHike.webp","width":512,"height":512,"caption":"GoHike"},"image":{"@id":"https:\/\/gohike.lv\/ru\/#\/schema\/logo\/image\/"},"sameAs":["https:\/\/www.facebook.com\/gohike.shop\/","https:\/\/www.instagram.com\/gohike.shop\/"]}]}},"jetpack_sharing_enabled":true,"_links":{"self":[{"href":"https:\/\/gohike.lv\/ru\/wp-json\/wp\/v2\/product\/53263","targetHints":{"allow":["GET"]}}],"collection":[{"href":"https:\/\/gohike.lv\/ru\/wp-json\/wp\/v2\/product"}],"about":[{"href":"https:\/\/gohike.lv\/ru\/wp-json\/wp\/v2\/types\/product"}],"version-history":[{"count":0,"href":"https:\/\/gohike.lv\/ru\/wp-json\/wp\/v2\/product\/53263\/revisions"}],"wp:featuredmedia":[{"embeddable":true,"href":"https:\/\/gohike.lv\/ru\/wp-json\/wp\/v2\/media\/35613"}],"wp:attachment":[{"href":"https:\/\/gohike.lv\/ru\/wp-json\/wp\/v2\/media?parent=53263"}],"wp:term":[{"taxonomy":"product_brand","embeddable":true,"href":"https:\/\/gohike.lv\/ru\/wp-json\/wp\/v2\/product_brand?post=53263"},{"taxonomy":"product_cat","embeddable":true,"href":"https:\/\/gohike.lv\/ru\/wp-json\/wp\/v2\/product_cat?post=53263"},{"taxonomy":"product_tag","embeddable":true,"href":"https:\/\/gohike.lv\/ru\/wp-json\/wp\/v2\/product_tag?post=53263"}],"curies":[{"name":"wp","href":"https:\/\/api.w.org\/{rel}","templated":true}]}}