{"id":53261,"date":"2024-05-07T11:46:46","date_gmt":"2024-05-07T08:46:46","guid":{"rendered":"https:\/\/gohike.lv\/produkts\/naturehike-koka-karotes-zupai\/"},"modified":"2025-09-19T06:38:44","modified_gmt":"2025-09-19T03:38:44","slug":"naturehike-koka-karotes-zupai","status":"publish","type":"product","link":"https:\/\/gohike.lv\/ru\/produkts\/naturehike-koka-karotes-zupai\/","title":{"rendered":"Naturehike &#8212; Koka karote zupai"},"content":{"rendered":"<p>\u0160\u012bs koka karotes ir lietojamas karstu un aukstu \u0113dienu pagatavo\u0161anai, t\u0101m ir gluda un eleganta virsma.<br \/>\nKr\u0101sa: Koks;<br \/>\nMateri\u0101ls: ak\u0101cijas koks;<br \/>\nIzm\u0113ri un svars:<br \/>\nKvadr\u0101tveida l\u0101psta = 30,8 x 7 cm (50 g) \u2013 S;<br \/>\nR\u012bsu karote = 22 x 7,5 cm (50 g) \u2013 M;<br \/>\nKarote = 26x7cm (80g) \u2013 L;<br \/>\nProdukta \u012bpa\u0161\u012bbas:<br \/>\nDab\u012bgs, viegls un iztur\u012bgs;<br \/>\nDro\u0161i lietojamas vair\u0101kas reizes;<br \/>\nDro\u0161as karstai un aukstai gatavo\u0161anai;<br \/>\nViegli mazg\u0101jamas un t\u012br\u0101mas;<br \/>\nGluda apdare;<br \/>\nPiem\u0113rotas ikdienas lieto\u0161anai un piknikiem.<\/p>\n","protected":false},"excerpt":{"rendered":"<p>Koka virtuves piederumi no Naturehike ir dro\u0161i lietojami, viegli un iztur\u012bgi.<\/p>\n","protected":false},"featured_media":35895,"template":"","meta":[],"product_brand":[167],"product_cat":[9447,1012],"product_tag":[],"class_list":{"0":"post-53261","1":"product","2":"type-product","3":"status-publish","4":"has-post-thumbnail","6":"product_brand-naturehike-lv","7":"product_cat-izpardosana","8":"product_cat-virtuves-piederumi","9":"pa_izmeriscm-10097","10":"pa_materiali-koksne","11":"pa_produkta-tips-galda-piederumi","13":"first","14":"outofstock","15":"taxable","16":"shipping-taxable","17":"purchasable","18":"product-type-simple"},"raw_content":{"name":"Naturehike - Koka karote zupai","description":"\u0160\u012bs koka karotes ir lietojamas karstu un aukstu \u0113dienu pagatavo\u0161anai, t\u0101m ir gluda un eleganta virsma.\nKr\u0101sa: Koks;\nMateri\u0101ls: ak\u0101cijas koks;\nIzm\u0113ri un svars:\nKvadr\u0101tveida l\u0101psta = 30,8 x 7 cm (50 g) \u2013 S;\nR\u012bsu karote = 22 x 7,5 cm (50 g) \u2013 M;\nKarote = 26x7cm (80g) \u2013 L;\nProdukta \u012bpa\u0161\u012bbas:\nDab\u012bgs, viegls un iztur\u012bgs;\nDro\u0161i lietojamas vair\u0101kas reizes;\nDro\u0161as karstai un aukstai gatavo\u0161anai;\nViegli mazg\u0101jamas un t\u012br\u0101mas;\nGluda apdare;\nPiem\u0113rotas ikdienas lieto\u0161anai un piknikiem.","short_description":"Koka virtuves piederumi no Naturehike ir dro\u0161i lietojami, viegli un iztur\u012bgi.","status":"publish","sku":"6927595763322","original":53261},"wpml":{"translation_type":1,"has_translations":true,"original":53261,"duplicates":[],"translations":{"lv":53261,"en":67944,"ru":null}},"supplier_id":null,"supplier_sku":"","barcode":null,"atum_controlled":true,"out_stock_date":null,"out_stock_threshold":null,"inheritable":false,"inbound_stock":0,"stock_on_hold":0,"sold_today":0,"sales_last_days":0,"reserved_stock":0,"customer_returns":0,"warehouse_damage":0,"lost_in_post":0,"other_logs":0,"out_stock_days":0,"lost_sales":0,"has_location":false,"update_date":"2025-11-13T14:07:21","atum_locations":[],"atum_stock_status":"outofstock","restock_status":false,"low_stock_amount":"","sales_update_date":"2025-11-13T14:07:21","calc_backorders":null,"yoast_head":"<!-- This site is optimized with the Yoast SEO plugin v27.3 - https:\/\/yoast.com\/product\/yoast-seo-wordpress\/ -->\n<title>Naturehike - Koka karote zupai<\/title>\n<meta name=\"description\" content=\"Koka virtuves piederumi no Naturehike ir dro\u0161i lietojami, viegli un iztur\u012bgi.\" \/>\n<meta name=\"robots\" content=\"index, follow, max-snippet:-1, max-image-preview:large, max-video-preview:-1\" \/>\n<link rel=\"canonical\" href=\"https:\/\/gohike.lv\/ru\/produkts\/naturehike-koka-karotes-zupai\/\" \/>\n<meta property=\"og:locale\" content=\"ru_RU\" \/>\n<meta property=\"og:type\" content=\"article\" \/>\n<meta property=\"og:title\" content=\"Naturehike - Koka karotes komplekts\" \/>\n<meta property=\"og:description\" content=\"Koka virtuves piederumi no Naturehike ir dro\u0161i lietojami, viegli un iztur\u012bgi.\" \/>\n<meta property=\"og:url\" content=\"https:\/\/gohike.lv\/ru\/produkts\/naturehike-koka-karotes-zupai\/\" \/>\n<meta property=\"og:site_name\" content=\"GoHike\" \/>\n<meta property=\"article:publisher\" content=\"https:\/\/www.facebook.com\/gohike.shop\/\" \/>\n<meta property=\"article:modified_time\" content=\"2025-09-19T03:38:44+00:00\" \/>\n<meta property=\"og:image\" content=\"https:\/\/gohike.lv\/wp-content\/uploads\/2024\/04\/WoodSpoonSet_soup-1.webp\" \/>\n\t<meta property=\"og:image:width\" content=\"700\" \/>\n\t<meta property=\"og:image:height\" content=\"700\" \/>\n\t<meta property=\"og:image:type\" content=\"image\/webp\" \/>\n<meta name=\"twitter:card\" content=\"summary_large_image\" \/>\n<meta name=\"twitter:title\" content=\"Naturehike - Koka karotes komplekts\" \/>\n<meta name=\"twitter:label1\" content=\"\u041f\u0440\u0438\u043c\u0435\u0440\u043d\u043e\u0435 \u0432\u0440\u0435\u043c\u044f \u0434\u043b\u044f \u0447\u0442\u0435\u043d\u0438\u044f\" \/>\n\t<meta name=\"twitter:data1\" content=\"1 \u043c\u0438\u043d\u0443\u0442\u0430\" \/>\n<script type=\"application\/ld+json\" class=\"yoast-schema-graph\">{\"@context\":\"https:\\\/\\\/schema.org\",\"@graph\":[{\"@type\":[\"WebPage\",\"ItemPage\"],\"@id\":\"https:\\\/\\\/gohike.lv\\\/ru\\\/produkts\\\/naturehike-koka-karotes-zupai\\\/\",\"url\":\"https:\\\/\\\/gohike.lv\\\/ru\\\/produkts\\\/naturehike-koka-karotes-zupai\\\/\",\"name\":\"Naturehike - Koka karote zupai\",\"isPartOf\":{\"@id\":\"https:\\\/\\\/gohike.lv\\\/ru\\\/#website\"},\"primaryImageOfPage\":{\"@id\":\"https:\\\/\\\/gohike.lv\\\/ru\\\/produkts\\\/naturehike-koka-karotes-zupai\\\/#primaryimage\"},\"image\":{\"@id\":\"https:\\\/\\\/gohike.lv\\\/ru\\\/produkts\\\/naturehike-koka-karotes-zupai\\\/#primaryimage\"},\"thumbnailUrl\":\"https:\\\/\\\/gohike.lv\\\/wp-content\\\/uploads\\\/2024\\\/04\\\/WoodSpoonSet_soup-1.webp\",\"datePublished\":\"2024-05-07T08:46:46+00:00\",\"dateModified\":\"2025-09-19T03:38:44+00:00\",\"description\":\"Koka virtuves piederumi no Naturehike ir dro\u0161i lietojami, viegli un iztur\u012bgi.\",\"breadcrumb\":{\"@id\":\"https:\\\/\\\/gohike.lv\\\/ru\\\/produkts\\\/naturehike-koka-karotes-zupai\\\/#breadcrumb\"},\"inLanguage\":\"ru-RU\",\"potentialAction\":[{\"@type\":\"ReadAction\",\"target\":[\"https:\\\/\\\/gohike.lv\\\/ru\\\/produkts\\\/naturehike-koka-karotes-zupai\\\/\"]}]},{\"@type\":\"ImageObject\",\"inLanguage\":\"ru-RU\",\"@id\":\"https:\\\/\\\/gohike.lv\\\/ru\\\/produkts\\\/naturehike-koka-karotes-zupai\\\/#primaryimage\",\"url\":\"https:\\\/\\\/gohike.lv\\\/wp-content\\\/uploads\\\/2024\\\/04\\\/WoodSpoonSet_soup-1.webp\",\"contentUrl\":\"https:\\\/\\\/gohike.lv\\\/wp-content\\\/uploads\\\/2024\\\/04\\\/WoodSpoonSet_soup-1.webp\",\"width\":700,\"height\":700},{\"@type\":\"BreadcrumbList\",\"@id\":\"https:\\\/\\\/gohike.lv\\\/ru\\\/produkts\\\/naturehike-koka-karotes-zupai\\\/#breadcrumb\",\"itemListElement\":[{\"@type\":\"ListItem\",\"position\":1,\"name\":\"\u0413\u043b\u0430\u0432\u043d\u0430\u044f\",\"item\":\"https:\\\/\\\/gohike.lv\\\/ru\\\/\"},{\"@type\":\"ListItem\",\"position\":2,\"name\":\"\u041a\u0430\u0442\u0435\u0433\u043e\u0440\u0438\u0438 \u0442\u043e\u0432\u0430\u0440\u043e\u0432\",\"item\":\"https:\\\/\\\/gohike.lv\\\/%d0%ba%d0%b0%d1%82%d0%b5%d0%b3%d0%be%d1%80%d0%b8%d0%b8-%d1%82%d0%be%d0%b2%d0%b0%d1%80%d0%be%d0%b2\\\/\"},{\"@type\":\"ListItem\",\"position\":3,\"name\":\"Naturehike &#8211; Koka karote zupai\"}]},{\"@type\":\"WebSite\",\"@id\":\"https:\\\/\\\/gohike.lv\\\/ru\\\/#website\",\"url\":\"https:\\\/\\\/gohike.lv\\\/ru\\\/\",\"name\":\"GoHike\",\"description\":\"\",\"publisher\":{\"@id\":\"https:\\\/\\\/gohike.lv\\\/ru\\\/#organization\"},\"potentialAction\":[{\"@type\":\"SearchAction\",\"target\":{\"@type\":\"EntryPoint\",\"urlTemplate\":\"https:\\\/\\\/gohike.lv\\\/ru\\\/?s={search_term_string}\"},\"query-input\":{\"@type\":\"PropertyValueSpecification\",\"valueRequired\":true,\"valueName\":\"search_term_string\"}}],\"inLanguage\":\"ru-RU\"},{\"@type\":\"Organization\",\"@id\":\"https:\\\/\\\/gohike.lv\\\/ru\\\/#organization\",\"name\":\"GoHike\",\"url\":\"https:\\\/\\\/gohike.lv\\\/ru\\\/\",\"logo\":{\"@type\":\"ImageObject\",\"inLanguage\":\"ru-RU\",\"@id\":\"https:\\\/\\\/gohike.lv\\\/ru\\\/#\\\/schema\\\/logo\\\/image\\\/\",\"url\":\"https:\\\/\\\/gohike.lv\\\/wp-content\\\/uploads\\\/2023\\\/08\\\/Logo_GoHike.webp\",\"contentUrl\":\"https:\\\/\\\/gohike.lv\\\/wp-content\\\/uploads\\\/2023\\\/08\\\/Logo_GoHike.webp\",\"width\":512,\"height\":512,\"caption\":\"GoHike\"},\"image\":{\"@id\":\"https:\\\/\\\/gohike.lv\\\/ru\\\/#\\\/schema\\\/logo\\\/image\\\/\"},\"sameAs\":[\"https:\\\/\\\/www.facebook.com\\\/gohike.shop\\\/\",\"https:\\\/\\\/www.instagram.com\\\/gohike.shop\\\/\"]}]}<\/script>\n<!-- \/ Yoast SEO plugin. -->","yoast_head_json":{"title":"Naturehike - Koka karote zupai","description":"Koka virtuves piederumi no Naturehike ir dro\u0161i lietojami, viegli un iztur\u012bgi.","robots":{"index":"index","follow":"follow","max-snippet":"max-snippet:-1","max-image-preview":"max-image-preview:large","max-video-preview":"max-video-preview:-1"},"canonical":"https:\/\/gohike.lv\/ru\/produkts\/naturehike-koka-karotes-zupai\/","og_locale":"ru_RU","og_type":"article","og_title":"Naturehike - Koka karotes komplekts","og_description":"Koka virtuves piederumi no Naturehike ir dro\u0161i lietojami, viegli un iztur\u012bgi.","og_url":"https:\/\/gohike.lv\/ru\/produkts\/naturehike-koka-karotes-zupai\/","og_site_name":"GoHike","article_publisher":"https:\/\/www.facebook.com\/gohike.shop\/","article_modified_time":"2025-09-19T03:38:44+00:00","og_image":[{"width":700,"height":700,"url":"https:\/\/gohike.lv\/wp-content\/uploads\/2024\/04\/WoodSpoonSet_soup-1.webp","type":"image\/webp"}],"twitter_card":"summary_large_image","twitter_title":"Naturehike - Koka karotes komplekts","twitter_misc":{"\u041f\u0440\u0438\u043c\u0435\u0440\u043d\u043e\u0435 \u0432\u0440\u0435\u043c\u044f \u0434\u043b\u044f \u0447\u0442\u0435\u043d\u0438\u044f":"1 \u043c\u0438\u043d\u0443\u0442\u0430"},"schema":{"@context":"https:\/\/schema.org","@graph":[{"@type":["WebPage","ItemPage"],"@id":"https:\/\/gohike.lv\/ru\/produkts\/naturehike-koka-karotes-zupai\/","url":"https:\/\/gohike.lv\/ru\/produkts\/naturehike-koka-karotes-zupai\/","name":"Naturehike - Koka karote zupai","isPartOf":{"@id":"https:\/\/gohike.lv\/ru\/#website"},"primaryImageOfPage":{"@id":"https:\/\/gohike.lv\/ru\/produkts\/naturehike-koka-karotes-zupai\/#primaryimage"},"image":{"@id":"https:\/\/gohike.lv\/ru\/produkts\/naturehike-koka-karotes-zupai\/#primaryimage"},"thumbnailUrl":"https:\/\/gohike.lv\/wp-content\/uploads\/2024\/04\/WoodSpoonSet_soup-1.webp","datePublished":"2024-05-07T08:46:46+00:00","dateModified":"2025-09-19T03:38:44+00:00","description":"Koka virtuves piederumi no Naturehike ir dro\u0161i lietojami, viegli un iztur\u012bgi.","breadcrumb":{"@id":"https:\/\/gohike.lv\/ru\/produkts\/naturehike-koka-karotes-zupai\/#breadcrumb"},"inLanguage":"ru-RU","potentialAction":[{"@type":"ReadAction","target":["https:\/\/gohike.lv\/ru\/produkts\/naturehike-koka-karotes-zupai\/"]}]},{"@type":"ImageObject","inLanguage":"ru-RU","@id":"https:\/\/gohike.lv\/ru\/produkts\/naturehike-koka-karotes-zupai\/#primaryimage","url":"https:\/\/gohike.lv\/wp-content\/uploads\/2024\/04\/WoodSpoonSet_soup-1.webp","contentUrl":"https:\/\/gohike.lv\/wp-content\/uploads\/2024\/04\/WoodSpoonSet_soup-1.webp","width":700,"height":700},{"@type":"BreadcrumbList","@id":"https:\/\/gohike.lv\/ru\/produkts\/naturehike-koka-karotes-zupai\/#breadcrumb","itemListElement":[{"@type":"ListItem","position":1,"name":"\u0413\u043b\u0430\u0432\u043d\u0430\u044f","item":"https:\/\/gohike.lv\/ru\/"},{"@type":"ListItem","position":2,"name":"\u041a\u0430\u0442\u0435\u0433\u043e\u0440\u0438\u0438 \u0442\u043e\u0432\u0430\u0440\u043e\u0432","item":"https:\/\/gohike.lv\/%d0%ba%d0%b0%d1%82%d0%b5%d0%b3%d0%be%d1%80%d0%b8%d0%b8-%d1%82%d0%be%d0%b2%d0%b0%d1%80%d0%be%d0%b2\/"},{"@type":"ListItem","position":3,"name":"Naturehike &#8211; Koka karote zupai"}]},{"@type":"WebSite","@id":"https:\/\/gohike.lv\/ru\/#website","url":"https:\/\/gohike.lv\/ru\/","name":"GoHike","description":"","publisher":{"@id":"https:\/\/gohike.lv\/ru\/#organization"},"potentialAction":[{"@type":"SearchAction","target":{"@type":"EntryPoint","urlTemplate":"https:\/\/gohike.lv\/ru\/?s={search_term_string}"},"query-input":{"@type":"PropertyValueSpecification","valueRequired":true,"valueName":"search_term_string"}}],"inLanguage":"ru-RU"},{"@type":"Organization","@id":"https:\/\/gohike.lv\/ru\/#organization","name":"GoHike","url":"https:\/\/gohike.lv\/ru\/","logo":{"@type":"ImageObject","inLanguage":"ru-RU","@id":"https:\/\/gohike.lv\/ru\/#\/schema\/logo\/image\/","url":"https:\/\/gohike.lv\/wp-content\/uploads\/2023\/08\/Logo_GoHike.webp","contentUrl":"https:\/\/gohike.lv\/wp-content\/uploads\/2023\/08\/Logo_GoHike.webp","width":512,"height":512,"caption":"GoHike"},"image":{"@id":"https:\/\/gohike.lv\/ru\/#\/schema\/logo\/image\/"},"sameAs":["https:\/\/www.facebook.com\/gohike.shop\/","https:\/\/www.instagram.com\/gohike.shop\/"]}]}},"jetpack_sharing_enabled":true,"_links":{"self":[{"href":"https:\/\/gohike.lv\/ru\/wp-json\/wp\/v2\/product\/53261","targetHints":{"allow":["GET"]}}],"collection":[{"href":"https:\/\/gohike.lv\/ru\/wp-json\/wp\/v2\/product"}],"about":[{"href":"https:\/\/gohike.lv\/ru\/wp-json\/wp\/v2\/types\/product"}],"version-history":[{"count":0,"href":"https:\/\/gohike.lv\/ru\/wp-json\/wp\/v2\/product\/53261\/revisions"}],"wp:featuredmedia":[{"embeddable":true,"href":"https:\/\/gohike.lv\/ru\/wp-json\/wp\/v2\/media\/35895"}],"wp:attachment":[{"href":"https:\/\/gohike.lv\/ru\/wp-json\/wp\/v2\/media?parent=53261"}],"wp:term":[{"taxonomy":"product_brand","embeddable":true,"href":"https:\/\/gohike.lv\/ru\/wp-json\/wp\/v2\/product_brand?post=53261"},{"taxonomy":"product_cat","embeddable":true,"href":"https:\/\/gohike.lv\/ru\/wp-json\/wp\/v2\/product_cat?post=53261"},{"taxonomy":"product_tag","embeddable":true,"href":"https:\/\/gohike.lv\/ru\/wp-json\/wp\/v2\/product_tag?post=53261"}],"curies":[{"name":"wp","href":"https:\/\/api.w.org\/{rel}","templated":true}]}}